{"id":326716,"date":"2021-09-13T11:12:01","date_gmt":"2021-09-13T10:12:01","guid":{"rendered":"https:\/\/www.purejewels.com\/?post_type=product&#038;p=326716"},"modified":"2026-01-10T16:14:29","modified_gmt":"2026-01-10T16:14:29","slug":"22-karat-gold-damen-armreif-34152","status":"publish","type":"product","link":"https:\/\/www.purejewels.com\/de\/product\/22ct-gold-ladies-bangle-bracelet-34152\/","title":{"rendered":"22ct Gold Damenarmband | Glow Kollektion"},"content":{"rendered":"<p>Armb\u00e4nder sind Designer und weiterentwickelte Versionen von <a href=\"https:\/\/www.purejewels.com\/de\/how-to-measure-bangle-size-2\/\">Armreifen<\/a> und andere Schmuckst\u00fccke f\u00fcr das Handgelenk, die seit jeher Teil des indischen Kulturerbes und der traditionellen Schmucksammlungen sind. Heute besteht der Handgelenkschmuck aus Armb\u00e4ndern, Armreifen, Kadas, Haath Phools und vielen weiteren komplizierten St\u00fccken. Sie werden in verschiedenen Stilen und Designs hergestellt und haben jeweils ihre eigene Bedeutung und ihren eigenen Stil.<\/p>\n<p>Mit der sich entwickelnden Sensibilit\u00e4t f\u00fcr Design und der t\u00e4glichen Nachfrage nach neuen Designs haben sich Armb\u00e4nder wie dieses weiterentwickelt und einen langen Weg zur\u00fcckgelegt. Dieses 22K <a href=\"https:\/\/www.purejewels.com\/de\/product\/22ct-gold-mens-bracelet\/\">Goldarmband<\/a> ist eine weiterentwickelte Version des ansonsten traditionell gestalteten Armreifs und wurde in Form eines goldenen <a href=\"https:\/\/www.purejewels.com\/de\/product-category\/22ct-gold-jewellery\/gold-bracelet\/\">Armband<\/a> um leichte Tragbarkeit und M\u00fchelosigkeit zu gew\u00e4hrleisten. Das Design dieser antiken Damen <a href=\"https:\/\/www.purejewels.com\/de\/product\/22-carat-gold-single-bangle-34207\/\">Gold-Armreif<\/a> Armb\u00e4nder beginnt mit einem zarten <a href=\"https:\/\/www.purejewels.com\/de\/handmade-gold-jewellery\/\">handgefertigt<\/a> gemei\u00dfelt Gold Akkord, der hypnotisierende gravierte Perle Elemente \u00e4sthetisch in der Mitte platziert hat. Dieser Armreif von Purejewels wurde im Hinblick auf Leichtigkeit und M\u00fchelosigkeit entworfen und hat einen hohen Goldglanz, der ihn immergr\u00fcn macht.<\/p>\n<p>Diese k\u00fchne und aussagekr\u00e4ftige <a href=\"https:\/\/www.purejewels.com\/de\/product\/22-carat-gold-bangle-31151\/\">22K Gold-Armreif<\/a> Armband von Purejewels ist einfach perfekt f\u00fcr das Stapeln, wenn mit einem indischen Kleidung, die Sie w\u00e4hlen, und es kann sogar einzeln mit eleganten formalen oder B\u00fcro tragen, um Sie abheben. Sie k\u00f6nnen sie auch zusammen mit Ihrer Armbanduhr tragen und damit ein Statement setzen. W\u00e4hlen Sie aus unserem breiten Angebot an goldenen Armb\u00e4ndern und Armreifen f\u00fcr Damen und lassen Sie Ihre Juwelen alles andere \u00fcberstrahlen.<\/p>\n<p>&nbsp;<\/p>","protected":false},"excerpt":{"rendered":"<ul>\n<li>22ct Gold Armband<\/li>\n<li>Wt. 4 g<\/li>\n<li>SKU. 45016<\/li>\n<li>Gr\u00f6\u00dfe 2.4<\/li>\n<li>Kann auf Bestellung in allen Gr\u00f6\u00dfen hergestellt werden<\/li>\n<li>Alle Preise inklusive Mehrwertsteuer<\/li>\n<li>Alle unsere Produkte sind vom London Assay Office gestempelt.<\/li>\n<li>Alle Armreifen werden mit Geschenkbox geliefert<\/li>\n<li>Kostenlose Lieferung in ganz Gro\u00dfbritannien<\/li>\n<li>Kontaktieren Sie uns \/ chatten Sie mit uns f\u00fcr ein Live-Video von Jewellery Gifts UK<\/li>\n<\/ul>","protected":false},"featured_media":318329,"comment_status":"closed","ping_status":"closed","template":"","meta":{"_eb_attr":"","_crsspst_to_jayantr4sg-hostcom":false},"product_brand":[],"product_cat":[1791,1559,1794,236,1793,3628,1233,1324,1627,1657,1569,1574],"product_tag":[1430,63],"class_list":{"0":"post-326716","1":"product","2":"type-product","3":"status-publish","4":"has-post-thumbnail","6":"product_cat-anniversary-gifts","7":"product_cat-birthday-gifts","8":"product_cat-christmas-gifts","9":"product_cat-collections","10":"product_cat-diwali-gifts","11":"product_cat-glow-collections","12":"product_cat-gold-bangles","13":"product_cat-gold-bracelet","14":"product_cat-ladies-bracelet","15":"product_cat-single-bangle","16":"product_cat-valentine-day-gifts","17":"product_cat-womens-jewellery","18":"product_tag-diwali-gift","19":"product_tag-gold","21":"first","22":"outofstock","23":"taxable","24":"shipping-taxable","25":"product-type-simple","26":"add-to-wishlist-before_image"},"yoast_head":"<!-- This site is optimized with the Yoast SEO plugin v27.4 - https:\/\/yoast.com\/product\/yoast-seo-wordpress\/ -->\n<title>Shop the beautiful 22ct gold bangle Bracelet at PureJewels UK<\/title>\n<meta name=\"description\" content=\"Shop 22ct Bracelet in London. Just wear them and spread the charm. Perfect for all occasions. Free Delivery across UK.\" \/>\n<meta name=\"robots\" content=\"index, follow, max-snippet:-1, max-image-preview:large, max-video-preview:-1\" \/>\n<link rel=\"canonical\" href=\"https:\/\/www.purejewels.com\/de\/produkt-2\/22-karat-gold-damen-armreif-34152\/\" \/>\n<meta property=\"og:locale\" content=\"de_DE\" \/>\n<meta property=\"og:type\" content=\"article\" \/>\n<meta property=\"og:title\" content=\"Shop the beautiful 22ct gold bangle Bracelet at PureJewels UK\" \/>\n<meta property=\"og:description\" content=\"Shop 22ct Bracelet in London. Just wear them and spread the charm. Perfect for all occasions. Free Delivery across UK.\" \/>\n<meta property=\"og:url\" content=\"https:\/\/www.purejewels.com\/de\/produkt-2\/22-karat-gold-damen-armreif-34152\/\" \/>\n<meta property=\"og:site_name\" content=\"PureJewels UK\" \/>\n<meta property=\"article:modified_time\" content=\"2026-01-10T16:14:29+00:00\" \/>\n<meta property=\"og:image\" content=\"https:\/\/www.purejewels.com\/wp-content\/uploads\/2020\/10\/image187705173.jpg\" \/>\n\t<meta property=\"og:image:width\" content=\"1000\" \/>\n\t<meta property=\"og:image:height\" content=\"1000\" \/>\n\t<meta property=\"og:image:type\" content=\"image\/jpeg\" \/>\n<meta name=\"twitter:card\" content=\"summary_large_image\" \/>\n<meta name=\"twitter:label1\" content=\"Gesch\u00e4tzte Lesezeit\" \/>\n\t<meta name=\"twitter:data1\" content=\"2\u00a0Minuten\" \/>\n<script type=\"application\/ld+json\" class=\"yoast-schema-graph\">{\"@context\":\"https:\\\/\\\/schema.org\",\"@graph\":[{\"@type\":[\"WebPage\",\"ItemPage\"],\"@id\":\"https:\\\/\\\/www.purejewels.com\\\/product\\\/22ct-gold-ladies-bangle-bracelet-34152\\\/\",\"url\":\"https:\\\/\\\/www.purejewels.com\\\/product\\\/22ct-gold-ladies-bangle-bracelet-34152\\\/\",\"name\":\"Shop the beautiful 22ct gold bangle Bracelet at PureJewels UK\",\"isPartOf\":{\"@id\":\"https:\\\/\\\/www.purejewels.com\\\/#website\"},\"primaryImageOfPage\":{\"@id\":\"https:\\\/\\\/www.purejewels.com\\\/product\\\/22ct-gold-ladies-bangle-bracelet-34152\\\/#primaryimage\"},\"image\":{\"@id\":\"https:\\\/\\\/www.purejewels.com\\\/product\\\/22ct-gold-ladies-bangle-bracelet-34152\\\/#primaryimage\"},\"thumbnailUrl\":\"https:\\\/\\\/static.purejewels.com\\\/wp-content\\\/uploads\\\/2020\\\/10\\\/image187705173.jpg\",\"datePublished\":\"2021-09-13T10:12:01+00:00\",\"dateModified\":\"2026-01-10T16:14:29+00:00\",\"description\":\"Shop 22ct Bracelet in London. Just wear them and spread the charm. Perfect for all occasions. Free Delivery across UK.\",\"breadcrumb\":{\"@id\":\"https:\\\/\\\/www.purejewels.com\\\/product\\\/22ct-gold-ladies-bangle-bracelet-34152\\\/#breadcrumb\"},\"inLanguage\":\"de\",\"potentialAction\":[{\"@type\":\"ReadAction\",\"target\":[\"https:\\\/\\\/www.purejewels.com\\\/product\\\/22ct-gold-ladies-bangle-bracelet-34152\\\/\"]}]},{\"@type\":\"ImageObject\",\"inLanguage\":\"de\",\"@id\":\"https:\\\/\\\/www.purejewels.com\\\/product\\\/22ct-gold-ladies-bangle-bracelet-34152\\\/#primaryimage\",\"url\":\"https:\\\/\\\/static.purejewels.com\\\/wp-content\\\/uploads\\\/2020\\\/10\\\/image187705173.jpg\",\"contentUrl\":\"https:\\\/\\\/static.purejewels.com\\\/wp-content\\\/uploads\\\/2020\\\/10\\\/image187705173.jpg\",\"width\":1000,\"height\":1000,\"caption\":\"Glow 22ct Gold Light wired Beads Ladies Bracelet GLBR013\"},{\"@type\":\"BreadcrumbList\",\"@id\":\"https:\\\/\\\/www.purejewels.com\\\/product\\\/22ct-gold-ladies-bangle-bracelet-34152\\\/#breadcrumb\",\"itemListElement\":[{\"@type\":\"ListItem\",\"position\":1,\"name\":\"Home\",\"item\":\"https:\\\/\\\/www.purejewels.com\\\/\"},{\"@type\":\"ListItem\",\"position\":2,\"name\":\"Shop\",\"item\":\"https:\\\/\\\/www.purejewels.com\\\/shop\\\/\"},{\"@type\":\"ListItem\",\"position\":3,\"name\":\"22ct Gold Ladies Bracelet | Glow collection\"}]},{\"@type\":\"WebSite\",\"@id\":\"https:\\\/\\\/www.purejewels.com\\\/#website\",\"url\":\"https:\\\/\\\/www.purejewels.com\\\/\",\"name\":\"PureJewels UK\",\"description\":\"Share the Love\",\"publisher\":{\"@id\":\"https:\\\/\\\/www.purejewels.com\\\/#organization\"},\"potentialAction\":[{\"@type\":\"SearchAction\",\"target\":{\"@type\":\"EntryPoint\",\"urlTemplate\":\"https:\\\/\\\/www.purejewels.com\\\/?s={search_term_string}\"},\"query-input\":{\"@type\":\"PropertyValueSpecification\",\"valueRequired\":true,\"valueName\":\"search_term_string\"}}],\"inLanguage\":\"de\"},{\"@type\":\"Organization\",\"@id\":\"https:\\\/\\\/www.purejewels.com\\\/#organization\",\"name\":\"PureJewels UK\",\"url\":\"https:\\\/\\\/www.purejewels.com\\\/\",\"logo\":{\"@type\":\"ImageObject\",\"inLanguage\":\"de\",\"@id\":\"https:\\\/\\\/www.purejewels.com\\\/#\\\/schema\\\/logo\\\/image\\\/\",\"url\":\"https:\\\/\\\/static.purejewels.com\\\/wp-content\\\/uploads\\\/2020\\\/11\\\/Logo-PJ-New-1.png\",\"contentUrl\":\"https:\\\/\\\/static.purejewels.com\\\/wp-content\\\/uploads\\\/2020\\\/11\\\/Logo-PJ-New-1.png\",\"width\":150,\"height\":80,\"caption\":\"PureJewels UK\"},\"image\":{\"@id\":\"https:\\\/\\\/www.purejewels.com\\\/#\\\/schema\\\/logo\\\/image\\\/\"}}]}<\/script>\n<!-- \/ Yoast SEO plugin. -->","yoast_head_json":{"title":"Shoppen Sie das sch\u00f6ne 22ct gold bangle Bracelet bei PureJewels UK","description":"Shop 22ct Armband in London. Tragen Sie sie einfach und verbreiten Sie den Charme. Perfekt f\u00fcr alle Gelegenheiten. Kostenlose Lieferung in ganz Gro\u00dfbritannien.","robots":{"index":"index","follow":"follow","max-snippet":"max-snippet:-1","max-image-preview":"max-image-preview:large","max-video-preview":"max-video-preview:-1"},"canonical":"https:\/\/www.purejewels.com\/de\/produkt-2\/22-karat-gold-damen-armreif-34152\/","og_locale":"de_DE","og_type":"article","og_title":"Shop the beautiful 22ct gold bangle Bracelet at PureJewels UK","og_description":"Shop 22ct Bracelet in London. Just wear them and spread the charm. Perfect for all occasions. Free Delivery across UK.","og_url":"https:\/\/www.purejewels.com\/de\/produkt-2\/22-karat-gold-damen-armreif-34152\/","og_site_name":"PureJewels UK","article_modified_time":"2026-01-10T16:14:29+00:00","og_image":[{"width":1000,"height":1000,"url":"https:\/\/www.purejewels.com\/wp-content\/uploads\/2020\/10\/image187705173.jpg","type":"image\/jpeg"}],"twitter_card":"summary_large_image","twitter_misc":{"Gesch\u00e4tzte Lesezeit":"2\u00a0Minuten"},"schema":{"@context":"https:\/\/schema.org","@graph":[{"@type":["WebPage","ItemPage"],"@id":"https:\/\/www.purejewels.com\/product\/22ct-gold-ladies-bangle-bracelet-34152\/","url":"https:\/\/www.purejewels.com\/product\/22ct-gold-ladies-bangle-bracelet-34152\/","name":"Shoppen Sie das sch\u00f6ne 22ct gold bangle Bracelet bei PureJewels UK","isPartOf":{"@id":"https:\/\/www.purejewels.com\/#website"},"primaryImageOfPage":{"@id":"https:\/\/www.purejewels.com\/product\/22ct-gold-ladies-bangle-bracelet-34152\/#primaryimage"},"image":{"@id":"https:\/\/www.purejewels.com\/product\/22ct-gold-ladies-bangle-bracelet-34152\/#primaryimage"},"thumbnailUrl":"https:\/\/static.purejewels.com\/wp-content\/uploads\/2020\/10\/image187705173.jpg","datePublished":"2021-09-13T10:12:01+00:00","dateModified":"2026-01-10T16:14:29+00:00","description":"Shop 22ct Armband in London. Tragen Sie sie einfach und verbreiten Sie den Charme. Perfekt f\u00fcr alle Gelegenheiten. Kostenlose Lieferung in ganz Gro\u00dfbritannien.","breadcrumb":{"@id":"https:\/\/www.purejewels.com\/product\/22ct-gold-ladies-bangle-bracelet-34152\/#breadcrumb"},"inLanguage":"de","potentialAction":[{"@type":"ReadAction","target":["https:\/\/www.purejewels.com\/product\/22ct-gold-ladies-bangle-bracelet-34152\/"]}]},{"@type":"ImageObject","inLanguage":"de","@id":"https:\/\/www.purejewels.com\/product\/22ct-gold-ladies-bangle-bracelet-34152\/#primaryimage","url":"https:\/\/static.purejewels.com\/wp-content\/uploads\/2020\/10\/image187705173.jpg","contentUrl":"https:\/\/static.purejewels.com\/wp-content\/uploads\/2020\/10\/image187705173.jpg","width":1000,"height":1000,"caption":"Glow 22ct Gold Light wired Beads Ladies Bracelet GLBR013"},{"@type":"BreadcrumbList","@id":"https:\/\/www.purejewels.com\/product\/22ct-gold-ladies-bangle-bracelet-34152\/#breadcrumb","itemListElement":[{"@type":"ListItem","position":1,"name":"Home","item":"https:\/\/www.purejewels.com\/"},{"@type":"ListItem","position":2,"name":"Shop","item":"https:\/\/www.purejewels.com\/shop\/"},{"@type":"ListItem","position":3,"name":"22ct Gold Ladies Bracelet | Glow collection"}]},{"@type":"WebSite","@id":"https:\/\/www.purejewels.com\/#website","url":"https:\/\/www.purejewels.com\/","name":"PureJewels UK","description":"Teile die Liebe","publisher":{"@id":"https:\/\/www.purejewels.com\/#organization"},"potentialAction":[{"@type":"SearchAction","target":{"@type":"EntryPoint","urlTemplate":"https:\/\/www.purejewels.com\/?s={search_term_string}"},"query-input":{"@type":"PropertyValueSpecification","valueRequired":true,"valueName":"search_term_string"}}],"inLanguage":"de"},{"@type":"Organization","@id":"https:\/\/www.purejewels.com\/#organization","name":"PureJewels UK","url":"https:\/\/www.purejewels.com\/","logo":{"@type":"ImageObject","inLanguage":"de","@id":"https:\/\/www.purejewels.com\/#\/schema\/logo\/image\/","url":"https:\/\/static.purejewels.com\/wp-content\/uploads\/2020\/11\/Logo-PJ-New-1.png","contentUrl":"https:\/\/static.purejewels.com\/wp-content\/uploads\/2020\/11\/Logo-PJ-New-1.png","width":150,"height":80,"caption":"PureJewels UK"},"image":{"@id":"https:\/\/www.purejewels.com\/#\/schema\/logo\/image\/"}}]}},"_links":{"self":[{"href":"https:\/\/www.purejewels.com\/de\/wp-json\/wp\/v2\/product\/326716","targetHints":{"allow":["GET"]}}],"collection":[{"href":"https:\/\/www.purejewels.com\/de\/wp-json\/wp\/v2\/product"}],"about":[{"href":"https:\/\/www.purejewels.com\/de\/wp-json\/wp\/v2\/types\/product"}],"replies":[{"embeddable":true,"href":"https:\/\/www.purejewels.com\/de\/wp-json\/wp\/v2\/comments?post=326716"}],"version-history":[{"count":0,"href":"https:\/\/www.purejewels.com\/de\/wp-json\/wp\/v2\/product\/326716\/revisions"}],"wp:featuredmedia":[{"embeddable":true,"href":"https:\/\/www.purejewels.com\/de\/wp-json\/wp\/v2\/media\/318329"}],"wp:attachment":[{"href":"https:\/\/www.purejewels.com\/de\/wp-json\/wp\/v2\/media?parent=326716"}],"wp:term":[{"taxonomy":"product_brand","embeddable":true,"href":"https:\/\/www.purejewels.com\/de\/wp-json\/wp\/v2\/product_brand?post=326716"},{"taxonomy":"product_cat","embeddable":true,"href":"https:\/\/www.purejewels.com\/de\/wp-json\/wp\/v2\/product_cat?post=326716"},{"taxonomy":"product_tag","embeddable":true,"href":"https:\/\/www.purejewels.com\/de\/wp-json\/wp\/v2\/product_tag?post=326716"}],"curies":[{"name":"wp","href":"https:\/\/api.w.org\/{rel}","templated":true}]}}