{"id":326746,"date":"2021-09-14T05:52:27","date_gmt":"2021-09-14T04:52:27","guid":{"rendered":"https:\/\/www.purejewels.com\/product\/jali-collection-22ct-gold-earring-12-2gm\/"},"modified":"2026-05-07T05:37:32","modified_gmt":"2026-05-07T04:37:32","slug":"22-karat-gold-jhumkha-34294","status":"publish","type":"product","link":"https:\/\/www.purejewels.com\/de\/product\/22-carat-gold-jhumkha-34294\/","title":{"rendered":"22 Karat Gold Jhumkha"},"content":{"rendered":"<h3><b>Inspiration<\/b><\/h3>\n<p><span style=\"font-weight: 400;\">Roh, majest\u00e4tisch und elegant.<\/span><\/p>\n<p><span style=\"font-weight: 400;\">Die klassischen indischen Jhumkas von heute sind eigentlich weiterentwickelte Versionen der alten Kharanpool-Jhumkas. Urspr\u00fcnglich waren Jhumkis ein Teil des s\u00fcdindischen Tempelschmucks. Sie gewannen an Popularit\u00e4t, als Bharatnatyam-T\u00e4nzerinnen diese Sch\u00f6nheiten in ihre Kleidung aufnahmen.<\/span><\/p>\n<p><span style=\"font-weight: 400;\">Diese rohen, majest\u00e4tischen und eleganten Gold-Jhumkas sind von den reichen Kulturen der Vergangenheit inspiriert und gl\u00e4nzen durch den Glanz des Goldes. Sie wurden in Handarbeit aus 22-kar\u00e4tigem Gold mit Techniken wie Jaali-Filigran, Gravur und Pr\u00e4gung hergestellt. Das Design beginnt mit einem stark detaillierten, runden Ohrstecker, der Ihr Ohrl\u00e4ppchen wundersch\u00f6n bedeckt. Er ist mit verschiedenen Techniken wundersch\u00f6n gearbeitet, w\u00e4hrend die R\u00e4nder mit Miniatur-Ravas verziert sind.<\/span><\/p>\n<h3><b>Gestaltung<\/b><\/h3>\n<p><span style=\"font-weight: 400;\">Auf den Ohrstecker folgt eine Miniatur-Jhumki mit gepr\u00e4gten Merkmalen, die in die gew\u00f6lbte Hauptstruktur unserer goldenen Jhumka-Ohrringe \u00fcbergeht. Diese immergr\u00fcne, gew\u00f6lbte Struktur wurde sorgf\u00e4ltig entworfen und gefertigt. Sie hat wundersch\u00f6n gepr\u00e4gte und eingravierte Muster auf ihrer gesamten Oberfl\u00e4che und endet anmutig mit hochglanzpolierten Ravas, die an den R\u00e4ndern baumeln.\u00a0<\/span><\/p>\n<h3><b>Stil<\/b><\/h3>\n<p><span style=\"font-weight: 400;\">Goldene Jhumkas sind ewig und immergr\u00fcn. Sie haben die Herzen der indischen Frauen ber\u00fchrt und fasziniert und werden nun von immer mehr Frauen rund um den Globus geliebt. Diese traditionellen indischen Kugeln, die Sie einmal mit nach Hause genommen haben, werden zu einem Teil Ihrer Sammlung von Familienerbst\u00fccken, w\u00e4hrend Sie sie in bedeutenden und sch\u00f6nen Momenten schm\u00fccken.<\/span><\/p>","protected":false},"excerpt":{"rendered":"<ul>\n<li>22ct Indisches Gold Jhumkha<\/li>\n<li>Wt: 9.40 gms<\/li>\n<li>Sku 34294<\/li>\n<li>Alle Preise inklusive Mehrwertsteuer<\/li>\n<li>Alle unsere Produkte sind vom London Assay Office gestempelt.<\/li>\n<li>Alle Sets werden mit Pr\u00e4sentationsbox geliefert<\/li>\n<li>Lieferung inbegriffen<\/li>\n<li>Live-Chat mit uns f\u00fcr die Verf\u00fcgbarkeit und mehr Bilder von \u00e4hnlichen Designs derzeit auf Lager<\/li>\n<\/ul>","protected":false},"featured_media":326748,"comment_status":"closed","ping_status":"closed","template":"","meta":{"_eb_attr":"","_crsspst_to_jayantr4sg-hostcom":true},"product_brand":[],"product_cat":[236,1790,1254,252,5611,1578,1573,1574,5349],"product_tag":[],"class_list":{"0":"post-326746","1":"product","2":"type-product","3":"status-publish","4":"has-post-thumbnail","6":"product_cat-collections","7":"product_cat-for-whom-when","8":"product_cat-gold-earrings","9":"product_cat-jali-collections","10":"product_cat-jali-earrings","11":"product_cat-jhumkha-earrings","12":"product_cat-wedding-gifts","13":"product_cat-womens-jewellery","14":"product_cat-yellow-gold-jewellery","16":"first","17":"instock","18":"taxable","19":"shipping-taxable","20":"purchasable","21":"product-type-simple","22":"add-to-wishlist-before_image"},"yoast_head":"<!-- This site is optimized with the Yoast SEO plugin v27.5 - https:\/\/yoast.com\/product\/yoast-seo-wordpress\/ -->\n<title>Snap 22ct traditional Gold Jhumkas at PureJewels UK<\/title>\n<meta name=\"description\" content=\"Shop this beautiful 22 CT gold jhumka earrings in London. An elegant earring that will add that final touch to your outfit. Free Delivery across UK.\" \/>\n<meta name=\"robots\" content=\"index, nofollow, max-snippet:-1, max-image-preview:large, max-video-preview:-1\" \/>\n<link rel=\"canonical\" href=\"https:\/\/www.purejewels.com\/de\/produkt-2\/22-karat-gold-jhumkha-34294\/\" \/>\n<meta property=\"og:locale\" content=\"de_DE\" \/>\n<meta property=\"og:type\" content=\"article\" \/>\n<meta property=\"og:title\" content=\"Snap 22ct traditional Gold Jhumkas at PureJewels UK\" \/>\n<meta property=\"og:description\" content=\"Shop this beautiful 22 CT gold jhumka earrings in London. An elegant earring that will add that final touch to your outfit. Free Delivery across UK.\" \/>\n<meta property=\"og:url\" content=\"https:\/\/www.purejewels.com\/de\/produkt-2\/22-karat-gold-jhumkha-34294\/\" \/>\n<meta property=\"og:site_name\" content=\"PureJewels UK\" \/>\n<meta property=\"article:modified_time\" content=\"2026-05-07T04:37:32+00:00\" \/>\n<meta property=\"og:image\" content=\"https:\/\/static.purejewels.com\/wp-content\/uploads\/2021\/09\/34294-1.jpg\" \/>\n\t<meta property=\"og:image:width\" content=\"1000\" \/>\n\t<meta property=\"og:image:height\" content=\"1000\" \/>\n\t<meta property=\"og:image:type\" content=\"image\/jpeg\" \/>\n<meta name=\"twitter:card\" content=\"summary_large_image\" \/>\n<meta name=\"twitter:label1\" content=\"Gesch\u00e4tzte Lesezeit\" \/>\n\t<meta name=\"twitter:data1\" content=\"2\u00a0Minuten\" \/>\n<script type=\"application\/ld+json\" class=\"yoast-schema-graph\">{\"@context\":\"https:\\\/\\\/schema.org\",\"@graph\":[{\"@type\":[\"WebPage\",\"ItemPage\"],\"@id\":\"https:\\\/\\\/www.purejewels.com\\\/product\\\/22-carat-gold-jhumkha-34294\\\/\",\"url\":\"https:\\\/\\\/www.purejewels.com\\\/product\\\/22-carat-gold-jhumkha-34294\\\/\",\"name\":\"Snap 22ct traditional Gold Jhumkas at PureJewels UK\",\"isPartOf\":{\"@id\":\"https:\\\/\\\/www.purejewels.com\\\/#website\"},\"primaryImageOfPage\":{\"@id\":\"https:\\\/\\\/www.purejewels.com\\\/product\\\/22-carat-gold-jhumkha-34294\\\/#primaryimage\"},\"image\":{\"@id\":\"https:\\\/\\\/www.purejewels.com\\\/product\\\/22-carat-gold-jhumkha-34294\\\/#primaryimage\"},\"thumbnailUrl\":\"https:\\\/\\\/static.purejewels.com\\\/wp-content\\\/uploads\\\/2021\\\/09\\\/34294-1.jpg\",\"datePublished\":\"2021-09-14T04:52:27+00:00\",\"dateModified\":\"2026-05-07T04:37:32+00:00\",\"description\":\"Shop this beautiful 22 CT gold jhumka earrings in London. An elegant earring that will add that final touch to your outfit. Free Delivery across UK.\",\"breadcrumb\":{\"@id\":\"https:\\\/\\\/www.purejewels.com\\\/product\\\/22-carat-gold-jhumkha-34294\\\/#breadcrumb\"},\"inLanguage\":\"de\",\"potentialAction\":[{\"@type\":\"ReadAction\",\"target\":[\"https:\\\/\\\/www.purejewels.com\\\/product\\\/22-carat-gold-jhumkha-34294\\\/\"]}]},{\"@type\":\"ImageObject\",\"inLanguage\":\"de\",\"@id\":\"https:\\\/\\\/www.purejewels.com\\\/product\\\/22-carat-gold-jhumkha-34294\\\/#primaryimage\",\"url\":\"https:\\\/\\\/static.purejewels.com\\\/wp-content\\\/uploads\\\/2021\\\/09\\\/34294-1.jpg\",\"contentUrl\":\"https:\\\/\\\/static.purejewels.com\\\/wp-content\\\/uploads\\\/2021\\\/09\\\/34294-1.jpg\",\"width\":1000,\"height\":1000,\"caption\":\"22 carat Gold Filigree Earrings 34294-1\"},{\"@type\":\"BreadcrumbList\",\"@id\":\"https:\\\/\\\/www.purejewels.com\\\/product\\\/22-carat-gold-jhumkha-34294\\\/#breadcrumb\",\"itemListElement\":[{\"@type\":\"ListItem\",\"position\":1,\"name\":\"Home\",\"item\":\"https:\\\/\\\/www.purejewels.com\\\/\"},{\"@type\":\"ListItem\",\"position\":2,\"name\":\"Shop\",\"item\":\"https:\\\/\\\/www.purejewels.com\\\/shop\\\/\"},{\"@type\":\"ListItem\",\"position\":3,\"name\":\"22 carat Gold Jhumkha\"}]},{\"@type\":\"WebSite\",\"@id\":\"https:\\\/\\\/www.purejewels.com\\\/#website\",\"url\":\"https:\\\/\\\/www.purejewels.com\\\/\",\"name\":\"PureJewels UK\",\"description\":\"Share the Love\",\"publisher\":{\"@id\":\"https:\\\/\\\/www.purejewels.com\\\/#organization\"},\"potentialAction\":[{\"@type\":\"SearchAction\",\"target\":{\"@type\":\"EntryPoint\",\"urlTemplate\":\"https:\\\/\\\/www.purejewels.com\\\/?s={search_term_string}\"},\"query-input\":{\"@type\":\"PropertyValueSpecification\",\"valueRequired\":true,\"valueName\":\"search_term_string\"}}],\"inLanguage\":\"de\"},{\"@type\":\"Organization\",\"@id\":\"https:\\\/\\\/www.purejewels.com\\\/#organization\",\"name\":\"PureJewels UK\",\"url\":\"https:\\\/\\\/www.purejewels.com\\\/\",\"logo\":{\"@type\":\"ImageObject\",\"inLanguage\":\"de\",\"@id\":\"https:\\\/\\\/www.purejewels.com\\\/#\\\/schema\\\/logo\\\/image\\\/\",\"url\":\"https:\\\/\\\/static.purejewels.com\\\/wp-content\\\/uploads\\\/2020\\\/11\\\/Logo-PJ-New-1.png\",\"contentUrl\":\"https:\\\/\\\/static.purejewels.com\\\/wp-content\\\/uploads\\\/2020\\\/11\\\/Logo-PJ-New-1.png\",\"width\":150,\"height\":80,\"caption\":\"PureJewels UK\"},\"image\":{\"@id\":\"https:\\\/\\\/www.purejewels.com\\\/#\\\/schema\\\/logo\\\/image\\\/\"}}]}<\/script>\n<!-- \/ Yoast SEO plugin. -->","yoast_head_json":{"title":"Snap 22ct traditionelles Gold Jhumkas bei PureJewels UK","description":"Kaufen Sie diese sch\u00f6nen Jhumka-Ohrringe aus 22 Karat Gold in London. Ein eleganter Ohrring, der Ihrem Outfit den letzten Schliff geben wird. Kostenlose Lieferung in ganz Gro\u00dfbritannien.","robots":{"index":"index","follow":"nofollow","max-snippet":"max-snippet:-1","max-image-preview":"max-image-preview:large","max-video-preview":"max-video-preview:-1"},"canonical":"https:\/\/www.purejewels.com\/de\/produkt-2\/22-karat-gold-jhumkha-34294\/","og_locale":"de_DE","og_type":"article","og_title":"Snap 22ct traditional Gold Jhumkas at PureJewels UK","og_description":"Shop this beautiful 22 CT gold jhumka earrings in London. An elegant earring that will add that final touch to your outfit. Free Delivery across UK.","og_url":"https:\/\/www.purejewels.com\/de\/produkt-2\/22-karat-gold-jhumkha-34294\/","og_site_name":"PureJewels UK","article_modified_time":"2026-05-07T04:37:32+00:00","og_image":[{"width":1000,"height":1000,"url":"https:\/\/static.purejewels.com\/wp-content\/uploads\/2021\/09\/34294-1.jpg","type":"image\/jpeg"}],"twitter_card":"summary_large_image","twitter_misc":{"Gesch\u00e4tzte Lesezeit":"2\u00a0Minuten"},"schema":{"@context":"https:\/\/schema.org","@graph":[{"@type":["WebPage","ItemPage"],"@id":"https:\/\/www.purejewels.com\/product\/22-carat-gold-jhumkha-34294\/","url":"https:\/\/www.purejewels.com\/product\/22-carat-gold-jhumkha-34294\/","name":"Snap 22ct traditionelles Gold Jhumkas bei PureJewels UK","isPartOf":{"@id":"https:\/\/www.purejewels.com\/#website"},"primaryImageOfPage":{"@id":"https:\/\/www.purejewels.com\/product\/22-carat-gold-jhumkha-34294\/#primaryimage"},"image":{"@id":"https:\/\/www.purejewels.com\/product\/22-carat-gold-jhumkha-34294\/#primaryimage"},"thumbnailUrl":"https:\/\/static.purejewels.com\/wp-content\/uploads\/2021\/09\/34294-1.jpg","datePublished":"2021-09-14T04:52:27+00:00","dateModified":"2026-05-07T04:37:32+00:00","description":"Kaufen Sie diese sch\u00f6nen Jhumka-Ohrringe aus 22 Karat Gold in London. Ein eleganter Ohrring, der Ihrem Outfit den letzten Schliff geben wird. Kostenlose Lieferung in ganz Gro\u00dfbritannien.","breadcrumb":{"@id":"https:\/\/www.purejewels.com\/product\/22-carat-gold-jhumkha-34294\/#breadcrumb"},"inLanguage":"de","potentialAction":[{"@type":"ReadAction","target":["https:\/\/www.purejewels.com\/product\/22-carat-gold-jhumkha-34294\/"]}]},{"@type":"ImageObject","inLanguage":"de","@id":"https:\/\/www.purejewels.com\/product\/22-carat-gold-jhumkha-34294\/#primaryimage","url":"https:\/\/static.purejewels.com\/wp-content\/uploads\/2021\/09\/34294-1.jpg","contentUrl":"https:\/\/static.purejewels.com\/wp-content\/uploads\/2021\/09\/34294-1.jpg","width":1000,"height":1000,"caption":"22 carat Gold Filigree Earrings 34294-1"},{"@type":"BreadcrumbList","@id":"https:\/\/www.purejewels.com\/product\/22-carat-gold-jhumkha-34294\/#breadcrumb","itemListElement":[{"@type":"ListItem","position":1,"name":"Home","item":"https:\/\/www.purejewels.com\/"},{"@type":"ListItem","position":2,"name":"Shop","item":"https:\/\/www.purejewels.com\/shop\/"},{"@type":"ListItem","position":3,"name":"22 carat Gold Jhumkha"}]},{"@type":"WebSite","@id":"https:\/\/www.purejewels.com\/#website","url":"https:\/\/www.purejewels.com\/","name":"PureJewels UK","description":"Teile die Liebe","publisher":{"@id":"https:\/\/www.purejewels.com\/#organization"},"potentialAction":[{"@type":"SearchAction","target":{"@type":"EntryPoint","urlTemplate":"https:\/\/www.purejewels.com\/?s={search_term_string}"},"query-input":{"@type":"PropertyValueSpecification","valueRequired":true,"valueName":"search_term_string"}}],"inLanguage":"de"},{"@type":"Organization","@id":"https:\/\/www.purejewels.com\/#organization","name":"PureJewels UK","url":"https:\/\/www.purejewels.com\/","logo":{"@type":"ImageObject","inLanguage":"de","@id":"https:\/\/www.purejewels.com\/#\/schema\/logo\/image\/","url":"https:\/\/static.purejewels.com\/wp-content\/uploads\/2020\/11\/Logo-PJ-New-1.png","contentUrl":"https:\/\/static.purejewels.com\/wp-content\/uploads\/2020\/11\/Logo-PJ-New-1.png","width":150,"height":80,"caption":"PureJewels UK"},"image":{"@id":"https:\/\/www.purejewels.com\/#\/schema\/logo\/image\/"}}]}},"_links":{"self":[{"href":"https:\/\/www.purejewels.com\/de\/wp-json\/wp\/v2\/product\/326746","targetHints":{"allow":["GET"]}}],"collection":[{"href":"https:\/\/www.purejewels.com\/de\/wp-json\/wp\/v2\/product"}],"about":[{"href":"https:\/\/www.purejewels.com\/de\/wp-json\/wp\/v2\/types\/product"}],"replies":[{"embeddable":true,"href":"https:\/\/www.purejewels.com\/de\/wp-json\/wp\/v2\/comments?post=326746"}],"version-history":[{"count":1,"href":"https:\/\/www.purejewels.com\/de\/wp-json\/wp\/v2\/product\/326746\/revisions"}],"predecessor-version":[{"id":429528,"href":"https:\/\/www.purejewels.com\/de\/wp-json\/wp\/v2\/product\/326746\/revisions\/429528"}],"wp:featuredmedia":[{"embeddable":true,"href":"https:\/\/www.purejewels.com\/de\/wp-json\/wp\/v2\/media\/326748"}],"wp:attachment":[{"href":"https:\/\/www.purejewels.com\/de\/wp-json\/wp\/v2\/media?parent=326746"}],"wp:term":[{"taxonomy":"product_brand","embeddable":true,"href":"https:\/\/www.purejewels.com\/de\/wp-json\/wp\/v2\/product_brand?post=326746"},{"taxonomy":"product_cat","embeddable":true,"href":"https:\/\/www.purejewels.com\/de\/wp-json\/wp\/v2\/product_cat?post=326746"},{"taxonomy":"product_tag","embeddable":true,"href":"https:\/\/www.purejewels.com\/de\/wp-json\/wp\/v2\/product_tag?post=326746"}],"curies":[{"name":"wp","href":"https:\/\/api.w.org\/{rel}","templated":true}]}}