{"id":326901,"date":"2021-09-17T11:40:21","date_gmt":"2021-09-17T10:40:21","guid":{"rendered":"https:\/\/www.purejewels.com\/?post_type=product&#038;p=326901"},"modified":"2025-12-24T06:38:55","modified_gmt":"2025-12-24T06:38:55","slug":"22-karat-gold-ohrring-34746","status":"publish","type":"product","link":"https:\/\/www.purejewels.com\/de\/product\/22ct-gold-earring-34746\/","title":{"rendered":"22 Karat Gold Filigran Kreis Ohrstecker"},"content":{"rendered":"<p><strong>Entwurf:<\/strong><br \/>\nDiese Ohrringe zeichnen sich durch ein wundersch\u00f6n detailliertes, kreisf\u00f6rmiges Filigranmuster aus, das die Essenz traditioneller Handwerkskunst einf\u00e4ngt. Die \u00fcbereinanderliegenden konzentrischen Motive strahlen mit symmetrischer Pr\u00e4zision nach au\u00dfen und enden in einer zarten Wellenkante.<\/p>\n<p><strong>Handwerkliches K\u00f6nnen:<\/strong><br \/>\nDie Ohrringe sind aus reinem 22-kar\u00e4tigem Gelbgold handgefertigt und zeichnen sich durch au\u00dfergew\u00f6hnliche Detailtreue und aufwendige Goldschmiedearbeit aus. Die Filigran-Technik, die f\u00fcr ihre spitzenartige Zartheit bekannt ist, verleiht dem Schmuckst\u00fcck Tiefe und Eleganz, ohne es schwerer wirken zu lassen.<\/p>\n<p><strong>Stil:<\/strong><br \/>\nDiese Ohrstecker sind ideal f\u00fcr Hochzeiten, kulturelle Feierlichkeiten und formelle Anl\u00e4sse und setzen ein markantes und dennoch raffiniertes Statement. Durch ihre flache, breite Form sitzen sie elegant am Ohr und bieten eine majest\u00e4tische und zeitlose \u00c4sthetik.<\/p>","protected":false},"excerpt":{"rendered":"<p>Atemberaubende Ohrstecker aus 22 Karat Gold mit filigranen Details in einem kreisf\u00f6rmigen Design \u2013 perfekt f\u00fcr traditionelle oder festliche Kleidung.<\/p>\n<ul>\n<li>22ct Gelbgold Ohrstecker<\/li>\n<li>Ohrring mit sch\u00f6nem filigranen Design<\/li>\n<li>Wt. 13,5 g<\/li>\n<li>SKU. 34746<\/li>\n<li>Alle Preise inklusive Mehrwertsteuer<\/li>\n<li>Alle unsere Produkte sind vom London Assay Office gestempelt.<\/li>\n<li>Mit Pr\u00e4sentationsbox<\/li>\n<li>Lieferung inbegriffen<\/li>\n<li>Kontaktieren Sie uns \/ chatten Sie mit uns f\u00fcr ein Live-Video des Produkts<\/li>\n<\/ul>","protected":false},"featured_media":323202,"comment_status":"closed","ping_status":"closed","template":"","meta":{"_eb_attr":"","_crsspst_to_jayantr4sg-hostcom":true},"product_brand":[],"product_cat":[1254,252,1570,1577,1573,1574],"product_tag":[],"class_list":{"0":"post-326901","1":"product","2":"type-product","3":"status-publish","4":"has-post-thumbnail","6":"product_cat-gold-earrings","7":"product_cat-jali-collections","8":"product_cat-mothers-day-gifts","9":"product_cat-stud-earrings","10":"product_cat-wedding-gifts","11":"product_cat-womens-jewellery","13":"first","14":"outofstock","15":"sale","16":"taxable","17":"shipping-taxable","18":"product-type-simple","19":"add-to-wishlist-before_image"},"yoast_head":"<!-- This site is optimized with the Yoast SEO plugin v27.3 - https:\/\/yoast.com\/product\/yoast-seo-wordpress\/ -->\n<title>22ct Gold Filigree Stud Earrings | Intricate Gold Circle Design<\/title>\n<meta name=\"description\" content=\"Explore the elegance of 22ct yellow gold filigree stud earrings. Intricately crafted with a traditional circular design for timeless beauty.\" \/>\n<meta name=\"robots\" content=\"index, follow, max-snippet:-1, max-image-preview:large, max-video-preview:-1\" \/>\n<link rel=\"canonical\" href=\"https:\/\/www.purejewels.com\/de\/produkt-2\/22-karat-gold-ohrring-34746\/\" \/>\n<meta property=\"og:locale\" content=\"de_DE\" \/>\n<meta property=\"og:type\" content=\"article\" \/>\n<meta property=\"og:title\" content=\"22ct Gold Filigree Stud Earrings | Intricate Gold Circle Design\" \/>\n<meta property=\"og:description\" content=\"Explore the elegance of 22ct yellow gold filigree stud earrings. Intricately crafted with a traditional circular design for timeless beauty.\" \/>\n<meta property=\"og:url\" content=\"https:\/\/www.purejewels.com\/de\/produkt-2\/22-karat-gold-ohrring-34746\/\" \/>\n<meta property=\"og:site_name\" content=\"PureJewels UK\" \/>\n<meta property=\"article:modified_time\" content=\"2025-12-24T06:38:55+00:00\" \/>\n<meta property=\"og:image\" content=\"https:\/\/static.purejewels.com\/wp-content\/uploads\/2021\/04\/image218999795.jpg\" \/>\n\t<meta property=\"og:image:width\" content=\"1000\" \/>\n\t<meta property=\"og:image:height\" content=\"1000\" \/>\n\t<meta property=\"og:image:type\" content=\"image\/jpeg\" \/>\n<meta name=\"twitter:card\" content=\"summary_large_image\" \/>\n<meta name=\"twitter:label1\" content=\"Gesch\u00e4tzte Lesezeit\" \/>\n\t<meta name=\"twitter:data1\" content=\"1\u00a0Minute\" \/>\n<script type=\"application\/ld+json\" class=\"yoast-schema-graph\">{\"@context\":\"https:\\\/\\\/schema.org\",\"@graph\":[{\"@type\":[\"WebPage\",\"ItemPage\"],\"@id\":\"https:\\\/\\\/www.purejewels.com\\\/product\\\/22ct-gold-earring-34746\\\/\",\"url\":\"https:\\\/\\\/www.purejewels.com\\\/product\\\/22ct-gold-earring-34746\\\/\",\"name\":\"22ct Gold Filigree Stud Earrings | Intricate Gold Circle Design\",\"isPartOf\":{\"@id\":\"https:\\\/\\\/www.purejewels.com\\\/#website\"},\"primaryImageOfPage\":{\"@id\":\"https:\\\/\\\/www.purejewels.com\\\/product\\\/22ct-gold-earring-34746\\\/#primaryimage\"},\"image\":{\"@id\":\"https:\\\/\\\/www.purejewels.com\\\/product\\\/22ct-gold-earring-34746\\\/#primaryimage\"},\"thumbnailUrl\":\"https:\\\/\\\/static.purejewels.com\\\/wp-content\\\/uploads\\\/2021\\\/04\\\/image218999795.jpg\",\"datePublished\":\"2021-09-17T10:40:21+00:00\",\"dateModified\":\"2025-12-24T06:38:55+00:00\",\"description\":\"Explore the elegance of 22ct yellow gold filigree stud earrings. Intricately crafted with a traditional circular design for timeless beauty.\",\"breadcrumb\":{\"@id\":\"https:\\\/\\\/www.purejewels.com\\\/product\\\/22ct-gold-earring-34746\\\/#breadcrumb\"},\"inLanguage\":\"de\",\"potentialAction\":[{\"@type\":\"ReadAction\",\"target\":[\"https:\\\/\\\/www.purejewels.com\\\/product\\\/22ct-gold-earring-34746\\\/\"]}]},{\"@type\":\"ImageObject\",\"inLanguage\":\"de\",\"@id\":\"https:\\\/\\\/www.purejewels.com\\\/product\\\/22ct-gold-earring-34746\\\/#primaryimage\",\"url\":\"https:\\\/\\\/static.purejewels.com\\\/wp-content\\\/uploads\\\/2021\\\/04\\\/image218999795.jpg\",\"contentUrl\":\"https:\\\/\\\/static.purejewels.com\\\/wp-content\\\/uploads\\\/2021\\\/04\\\/image218999795.jpg\",\"width\":1000,\"height\":1000,\"caption\":\"22ct Gold Earring 13.4gm\"},{\"@type\":\"BreadcrumbList\",\"@id\":\"https:\\\/\\\/www.purejewels.com\\\/product\\\/22ct-gold-earring-34746\\\/#breadcrumb\",\"itemListElement\":[{\"@type\":\"ListItem\",\"position\":1,\"name\":\"Home\",\"item\":\"https:\\\/\\\/www.purejewels.com\\\/\"},{\"@type\":\"ListItem\",\"position\":2,\"name\":\"Shop\",\"item\":\"https:\\\/\\\/www.purejewels.com\\\/shop\\\/\"},{\"@type\":\"ListItem\",\"position\":3,\"name\":\"22ct Gold Filigree Circle Stud Earrings\"}]},{\"@type\":\"WebSite\",\"@id\":\"https:\\\/\\\/www.purejewels.com\\\/#website\",\"url\":\"https:\\\/\\\/www.purejewels.com\\\/\",\"name\":\"PureJewels UK\",\"description\":\"Share the Love\",\"publisher\":{\"@id\":\"https:\\\/\\\/www.purejewels.com\\\/#organization\"},\"potentialAction\":[{\"@type\":\"SearchAction\",\"target\":{\"@type\":\"EntryPoint\",\"urlTemplate\":\"https:\\\/\\\/www.purejewels.com\\\/?s={search_term_string}\"},\"query-input\":{\"@type\":\"PropertyValueSpecification\",\"valueRequired\":true,\"valueName\":\"search_term_string\"}}],\"inLanguage\":\"de\"},{\"@type\":\"Organization\",\"@id\":\"https:\\\/\\\/www.purejewels.com\\\/#organization\",\"name\":\"PureJewels UK\",\"url\":\"https:\\\/\\\/www.purejewels.com\\\/\",\"logo\":{\"@type\":\"ImageObject\",\"inLanguage\":\"de\",\"@id\":\"https:\\\/\\\/www.purejewels.com\\\/#\\\/schema\\\/logo\\\/image\\\/\",\"url\":\"https:\\\/\\\/static.purejewels.com\\\/wp-content\\\/uploads\\\/2020\\\/11\\\/Logo-PJ-New-1.png\",\"contentUrl\":\"https:\\\/\\\/static.purejewels.com\\\/wp-content\\\/uploads\\\/2020\\\/11\\\/Logo-PJ-New-1.png\",\"width\":150,\"height\":80,\"caption\":\"PureJewels UK\"},\"image\":{\"@id\":\"https:\\\/\\\/www.purejewels.com\\\/#\\\/schema\\\/logo\\\/image\\\/\"}}]}<\/script>\n<!-- \/ Yoast SEO plugin. -->","yoast_head_json":{"title":"22 Karat Gold Filigran Ohrstecker | Aufwendiges Goldkreis-Design","description":"Entdecken Sie die Eleganz dieser filigranen Ohrstecker aus 22 Karat Gelbgold. Mit ihrem aufwendigen, traditionellen Runddesign strahlen sie zeitlose Sch\u00f6nheit aus.","robots":{"index":"index","follow":"follow","max-snippet":"max-snippet:-1","max-image-preview":"max-image-preview:large","max-video-preview":"max-video-preview:-1"},"canonical":"https:\/\/www.purejewels.com\/de\/produkt-2\/22-karat-gold-ohrring-34746\/","og_locale":"de_DE","og_type":"article","og_title":"22ct Gold Filigree Stud Earrings | Intricate Gold Circle Design","og_description":"Explore the elegance of 22ct yellow gold filigree stud earrings. Intricately crafted with a traditional circular design for timeless beauty.","og_url":"https:\/\/www.purejewels.com\/de\/produkt-2\/22-karat-gold-ohrring-34746\/","og_site_name":"PureJewels UK","article_modified_time":"2025-12-24T06:38:55+00:00","og_image":[{"width":1000,"height":1000,"url":"https:\/\/static.purejewels.com\/wp-content\/uploads\/2021\/04\/image218999795.jpg","type":"image\/jpeg"}],"twitter_card":"summary_large_image","twitter_misc":{"Gesch\u00e4tzte Lesezeit":"1\u00a0Minute"},"schema":{"@context":"https:\/\/schema.org","@graph":[{"@type":["WebPage","ItemPage"],"@id":"https:\/\/www.purejewels.com\/product\/22ct-gold-earring-34746\/","url":"https:\/\/www.purejewels.com\/product\/22ct-gold-earring-34746\/","name":"22 Karat Gold Filigran Ohrstecker | Aufwendiges Goldkreis-Design","isPartOf":{"@id":"https:\/\/www.purejewels.com\/#website"},"primaryImageOfPage":{"@id":"https:\/\/www.purejewels.com\/product\/22ct-gold-earring-34746\/#primaryimage"},"image":{"@id":"https:\/\/www.purejewels.com\/product\/22ct-gold-earring-34746\/#primaryimage"},"thumbnailUrl":"https:\/\/static.purejewels.com\/wp-content\/uploads\/2021\/04\/image218999795.jpg","datePublished":"2021-09-17T10:40:21+00:00","dateModified":"2025-12-24T06:38:55+00:00","description":"Entdecken Sie die Eleganz dieser filigranen Ohrstecker aus 22 Karat Gelbgold. Mit ihrem aufwendigen, traditionellen Runddesign strahlen sie zeitlose Sch\u00f6nheit aus.","breadcrumb":{"@id":"https:\/\/www.purejewels.com\/product\/22ct-gold-earring-34746\/#breadcrumb"},"inLanguage":"de","potentialAction":[{"@type":"ReadAction","target":["https:\/\/www.purejewels.com\/product\/22ct-gold-earring-34746\/"]}]},{"@type":"ImageObject","inLanguage":"de","@id":"https:\/\/www.purejewels.com\/product\/22ct-gold-earring-34746\/#primaryimage","url":"https:\/\/static.purejewels.com\/wp-content\/uploads\/2021\/04\/image218999795.jpg","contentUrl":"https:\/\/static.purejewels.com\/wp-content\/uploads\/2021\/04\/image218999795.jpg","width":1000,"height":1000,"caption":"22ct Gold Earring 13.4gm"},{"@type":"BreadcrumbList","@id":"https:\/\/www.purejewels.com\/product\/22ct-gold-earring-34746\/#breadcrumb","itemListElement":[{"@type":"ListItem","position":1,"name":"Home","item":"https:\/\/www.purejewels.com\/"},{"@type":"ListItem","position":2,"name":"Shop","item":"https:\/\/www.purejewels.com\/shop\/"},{"@type":"ListItem","position":3,"name":"22ct Gold Filigree Circle Stud Earrings"}]},{"@type":"WebSite","@id":"https:\/\/www.purejewels.com\/#website","url":"https:\/\/www.purejewels.com\/","name":"PureJewels UK","description":"Teile die Liebe","publisher":{"@id":"https:\/\/www.purejewels.com\/#organization"},"potentialAction":[{"@type":"SearchAction","target":{"@type":"EntryPoint","urlTemplate":"https:\/\/www.purejewels.com\/?s={search_term_string}"},"query-input":{"@type":"PropertyValueSpecification","valueRequired":true,"valueName":"search_term_string"}}],"inLanguage":"de"},{"@type":"Organization","@id":"https:\/\/www.purejewels.com\/#organization","name":"PureJewels UK","url":"https:\/\/www.purejewels.com\/","logo":{"@type":"ImageObject","inLanguage":"de","@id":"https:\/\/www.purejewels.com\/#\/schema\/logo\/image\/","url":"https:\/\/static.purejewels.com\/wp-content\/uploads\/2020\/11\/Logo-PJ-New-1.png","contentUrl":"https:\/\/static.purejewels.com\/wp-content\/uploads\/2020\/11\/Logo-PJ-New-1.png","width":150,"height":80,"caption":"PureJewels UK"},"image":{"@id":"https:\/\/www.purejewels.com\/#\/schema\/logo\/image\/"}}]}},"_links":{"self":[{"href":"https:\/\/www.purejewels.com\/de\/wp-json\/wp\/v2\/product\/326901","targetHints":{"allow":["GET"]}}],"collection":[{"href":"https:\/\/www.purejewels.com\/de\/wp-json\/wp\/v2\/product"}],"about":[{"href":"https:\/\/www.purejewels.com\/de\/wp-json\/wp\/v2\/types\/product"}],"replies":[{"embeddable":true,"href":"https:\/\/www.purejewels.com\/de\/wp-json\/wp\/v2\/comments?post=326901"}],"version-history":[{"count":3,"href":"https:\/\/www.purejewels.com\/de\/wp-json\/wp\/v2\/product\/326901\/revisions"}],"predecessor-version":[{"id":423788,"href":"https:\/\/www.purejewels.com\/de\/wp-json\/wp\/v2\/product\/326901\/revisions\/423788"}],"wp:featuredmedia":[{"embeddable":true,"href":"https:\/\/www.purejewels.com\/de\/wp-json\/wp\/v2\/media\/323202"}],"wp:attachment":[{"href":"https:\/\/www.purejewels.com\/de\/wp-json\/wp\/v2\/media?parent=326901"}],"wp:term":[{"taxonomy":"product_brand","embeddable":true,"href":"https:\/\/www.purejewels.com\/de\/wp-json\/wp\/v2\/product_brand?post=326901"},{"taxonomy":"product_cat","embeddable":true,"href":"https:\/\/www.purejewels.com\/de\/wp-json\/wp\/v2\/product_cat?post=326901"},{"taxonomy":"product_tag","embeddable":true,"href":"https:\/\/www.purejewels.com\/de\/wp-json\/wp\/v2\/product_tag?post=326901"}],"curies":[{"name":"wp","href":"https:\/\/api.w.org\/{rel}","templated":true}]}}