{"id":326946,"date":"2021-09-21T12:51:11","date_gmt":"2021-09-21T11:51:11","guid":{"rendered":"https:\/\/www.purejewels.com\/?post_type=product&#038;p=326946"},"modified":"2026-02-03T08:41:24","modified_gmt":"2026-02-03T08:41:24","slug":"22karat-gold-damenarmband-34149","status":"publish","type":"product","link":"https:\/\/www.purejewels.com\/de\/product\/22carat-gold-women-bracelet-34149\/","title":{"rendered":"Armband mit Perlenkette aus 22 Karat Gold"},"content":{"rendered":"<p>Gestaltung<\/p>\n<p>Dieses elegante Armband besteht aus einer durchgehenden Linie polierter Goldperlen, die rhythmisch miteinander verbunden sind und eine flie\u00dfende und raffinierte Silhouette bilden. Seine minimale Form sitzt leicht am Handgelenk, bietet dezente Bewegung und einen sanften goldenen Schimmer, der modern und doch zeitlos wirkt.<\/p>\n<p>Handwerkliches K\u00f6nnen<\/p>\n<p>Handgefertigt aus massivem 22-kar\u00e4tigem Gold, wird jede Perle einzeln bearbeitet, um glatte Kanten und gleichm\u00e4\u00dfige Abst\u00e4nde zu gew\u00e4hrleisten. Das Armband wird mit einer klassischen Schlie\u00dfe verschlossen und ist in Gro\u00dfbritannien f\u00fcr die Reinheitszertifizierung gestempelt, was das Engagement von PureJewels f\u00fcr Qualit\u00e4t und Pr\u00e4zision widerspiegelt.<\/p>\n<p>Styling &amp; Geschenkartikel<\/p>\n<p>Dieses Armband ist ideal f\u00fcr den t\u00e4glichen Gebrauch, l\u00e4sst sich wunderbar mit Armreifen oder feinen Ketten kombinieren und geht nahtlos vom Tag in den Abend \u00fcber. Ein durchdachtes Geschenk f\u00fcr Geburtstage, Jahrestage oder pers\u00f6nliche Meilensteine. Ein vielseitiges Schmuckst\u00fcck, das man gerne tr\u00e4gt und lange in Ehren h\u00e4lt.<\/p>","protected":false},"excerpt":{"rendered":"<p>Ein leichtes Armband aus 22-kar\u00e4tigem Gold mit feinen Perlengliedern, das sich m\u00fchelos im Alltag tragen l\u00e4sst.<\/p>\n<ul>\n<li>22ct\u00a0<span id=\"urn:enhancement-6b5dda1b\" class=\"textannotation\">Gold Damen<\/span>\u00a0Armb\u00e4nder<\/li>\n<li>Gewicht 4,4 g<\/li>\n<li>Sku 34149<\/li>\n<li>L\u00e4nge 7 Zoll<\/li>\n<li>Dicke der Goldperlen 2,5 mm<\/li>\n<li>Alle Preise inklusive Mehrwertsteuer<\/li>\n<li>Alle 22\u00a0<span id=\"urn:enhancement-96f8acd8\" class=\"textannotation\">Karat<\/span>\u00a0<span id=\"urn:enhancement-475c5677\" class=\"textannotation\">Gold<\/span>\u00a0Armb\u00e4nder sind von London gestempelt\u00a0<span id=\"urn:enhancement-50f6b5fe\" class=\"textannotation\">Pr\u00fcfstelle<\/span><\/li>\n<li>Alle\u00a0<span id=\"urn:enhancement-a52000c\" class=\"textannotation\">Gold<\/span>\u00a0Armband f\u00fcr Damen kommt mit Geschenkbox<\/li>\n<li>Lieferung inbegriffen<\/li>\n<li>Live-Chat mit uns f\u00fcr die Verf\u00fcgbarkeit und mehr Bilder von \u00e4hnlichen\u00a0<span id=\"urn:enhancement-bc77c438\" class=\"textannotation\">Entw\u00fcrfe<\/span>\u00a0derzeit in\u00a0<span id=\"urn:enhancement-973deb93\" class=\"textannotation\">Aktie<\/span><\/li>\n<\/ul>","protected":false},"featured_media":318320,"comment_status":"closed","ping_status":"closed","template":"","meta":{"_eb_attr":"","_crsspst_to_jayantr4sg-hostcom":false},"product_brand":[],"product_cat":[1791,1559,3628,1324,1627,1570,1575,1569,1574],"product_tag":[1554],"class_list":{"0":"post-326946","1":"product","2":"type-product","3":"status-publish","4":"has-post-thumbnail","6":"product_cat-anniversary-gifts","7":"product_cat-birthday-gifts","8":"product_cat-glow-collections","9":"product_cat-gold-bracelet","10":"product_cat-ladies-bracelet","11":"product_cat-mothers-day-gifts","12":"product_cat-teenage-jewellery","13":"product_cat-valentine-day-gifts","14":"product_cat-womens-jewellery","15":"product_tag-beaded-bracelet","17":"first","18":"outofstock","19":"taxable","20":"shipping-taxable","21":"product-type-simple","22":"add-to-wishlist-before_image"},"yoast_head":"<!-- This site is optimized with the Yoast SEO plugin v27.4 - https:\/\/yoast.com\/product\/yoast-seo-wordpress\/ -->\n<title>22ct Gold Beaded Bracelet for Women | Hallmarked | PureJewels<\/title>\n<meta name=\"description\" content=\"Shop the 22ct Gold Beaded Chain Bracelet from PureJewels. Featuring fine gold beads linked in a delicate chain, handcrafted and UK hallmarked.\" \/>\n<meta name=\"robots\" content=\"index, follow, max-snippet:-1, max-image-preview:large, max-video-preview:-1\" \/>\n<link rel=\"canonical\" href=\"https:\/\/www.purejewels.com\/de\/produkt-2\/22karat-gold-damenarmband-34149\/\" \/>\n<meta property=\"og:locale\" content=\"de_DE\" \/>\n<meta property=\"og:type\" content=\"article\" \/>\n<meta property=\"og:title\" content=\"22ct Gold Beaded Bracelet for Women | Hallmarked | PureJewels\" \/>\n<meta property=\"og:description\" content=\"Shop the 22ct Gold Beaded Chain Bracelet from PureJewels. Featuring fine gold beads linked in a delicate chain, handcrafted and UK hallmarked.\" \/>\n<meta property=\"og:url\" content=\"https:\/\/www.purejewels.com\/de\/produkt-2\/22karat-gold-damenarmband-34149\/\" \/>\n<meta property=\"og:site_name\" content=\"PureJewels UK\" \/>\n<meta property=\"article:modified_time\" content=\"2026-02-03T08:41:24+00:00\" \/>\n<meta property=\"og:image\" content=\"https:\/\/static.purejewels.com\/wp-content\/uploads\/2020\/10\/image187704318.jpg\" \/>\n\t<meta property=\"og:image:width\" content=\"1000\" \/>\n\t<meta property=\"og:image:height\" content=\"1000\" \/>\n\t<meta property=\"og:image:type\" content=\"image\/jpeg\" \/>\n<meta name=\"twitter:card\" content=\"summary_large_image\" \/>\n<meta name=\"twitter:label1\" content=\"Gesch\u00e4tzte Lesezeit\" \/>\n\t<meta name=\"twitter:data1\" content=\"1\u00a0Minute\" \/>\n<script type=\"application\/ld+json\" class=\"yoast-schema-graph\">{\"@context\":\"https:\\\/\\\/schema.org\",\"@graph\":[{\"@type\":[\"WebPage\",\"ItemPage\"],\"@id\":\"https:\\\/\\\/www.purejewels.com\\\/product\\\/22carat-gold-women-bracelet-34149\\\/\",\"url\":\"https:\\\/\\\/www.purejewels.com\\\/product\\\/22carat-gold-women-bracelet-34149\\\/\",\"name\":\"22ct Gold Beaded Bracelet for Women | Hallmarked | PureJewels\",\"isPartOf\":{\"@id\":\"https:\\\/\\\/www.purejewels.com\\\/#website\"},\"primaryImageOfPage\":{\"@id\":\"https:\\\/\\\/www.purejewels.com\\\/product\\\/22carat-gold-women-bracelet-34149\\\/#primaryimage\"},\"image\":{\"@id\":\"https:\\\/\\\/www.purejewels.com\\\/product\\\/22carat-gold-women-bracelet-34149\\\/#primaryimage\"},\"thumbnailUrl\":\"https:\\\/\\\/static.purejewels.com\\\/wp-content\\\/uploads\\\/2020\\\/10\\\/image187704318.jpg\",\"datePublished\":\"2021-09-21T11:51:11+00:00\",\"dateModified\":\"2026-02-03T08:41:24+00:00\",\"description\":\"Shop the 22ct Gold Beaded Chain Bracelet from PureJewels. Featuring fine gold beads linked in a delicate chain, handcrafted and UK hallmarked.\",\"breadcrumb\":{\"@id\":\"https:\\\/\\\/www.purejewels.com\\\/product\\\/22carat-gold-women-bracelet-34149\\\/#breadcrumb\"},\"inLanguage\":\"de\",\"potentialAction\":[{\"@type\":\"ReadAction\",\"target\":[\"https:\\\/\\\/www.purejewels.com\\\/product\\\/22carat-gold-women-bracelet-34149\\\/\"]}]},{\"@type\":\"ImageObject\",\"inLanguage\":\"de\",\"@id\":\"https:\\\/\\\/www.purejewels.com\\\/product\\\/22carat-gold-women-bracelet-34149\\\/#primaryimage\",\"url\":\"https:\\\/\\\/static.purejewels.com\\\/wp-content\\\/uploads\\\/2020\\\/10\\\/image187704318.jpg\",\"contentUrl\":\"https:\\\/\\\/static.purejewels.com\\\/wp-content\\\/uploads\\\/2020\\\/10\\\/image187704318.jpg\",\"width\":1000,\"height\":1000,\"caption\":\"Glow 22ct Gold Light Plain polished beads Ladies Bracelet GLBR010\"},{\"@type\":\"BreadcrumbList\",\"@id\":\"https:\\\/\\\/www.purejewels.com\\\/product\\\/22carat-gold-women-bracelet-34149\\\/#breadcrumb\",\"itemListElement\":[{\"@type\":\"ListItem\",\"position\":1,\"name\":\"Home\",\"item\":\"https:\\\/\\\/www.purejewels.com\\\/\"},{\"@type\":\"ListItem\",\"position\":2,\"name\":\"Shop\",\"item\":\"https:\\\/\\\/www.purejewels.com\\\/shop\\\/\"},{\"@type\":\"ListItem\",\"position\":3,\"name\":\"22ct Gold Beaded Chain Bracelet\"}]},{\"@type\":\"WebSite\",\"@id\":\"https:\\\/\\\/www.purejewels.com\\\/#website\",\"url\":\"https:\\\/\\\/www.purejewels.com\\\/\",\"name\":\"PureJewels UK\",\"description\":\"Share the Love\",\"publisher\":{\"@id\":\"https:\\\/\\\/www.purejewels.com\\\/#organization\"},\"potentialAction\":[{\"@type\":\"SearchAction\",\"target\":{\"@type\":\"EntryPoint\",\"urlTemplate\":\"https:\\\/\\\/www.purejewels.com\\\/?s={search_term_string}\"},\"query-input\":{\"@type\":\"PropertyValueSpecification\",\"valueRequired\":true,\"valueName\":\"search_term_string\"}}],\"inLanguage\":\"de\"},{\"@type\":\"Organization\",\"@id\":\"https:\\\/\\\/www.purejewels.com\\\/#organization\",\"name\":\"PureJewels UK\",\"url\":\"https:\\\/\\\/www.purejewels.com\\\/\",\"logo\":{\"@type\":\"ImageObject\",\"inLanguage\":\"de\",\"@id\":\"https:\\\/\\\/www.purejewels.com\\\/#\\\/schema\\\/logo\\\/image\\\/\",\"url\":\"https:\\\/\\\/static.purejewels.com\\\/wp-content\\\/uploads\\\/2020\\\/11\\\/Logo-PJ-New-1.png\",\"contentUrl\":\"https:\\\/\\\/static.purejewels.com\\\/wp-content\\\/uploads\\\/2020\\\/11\\\/Logo-PJ-New-1.png\",\"width\":150,\"height\":80,\"caption\":\"PureJewels UK\"},\"image\":{\"@id\":\"https:\\\/\\\/www.purejewels.com\\\/#\\\/schema\\\/logo\\\/image\\\/\"}}]}<\/script>\n<!-- \/ Yoast SEO plugin. -->","yoast_head_json":{"title":"22ct Gold Perlenarmband f\u00fcr Frauen | gepunzt | PureJewels","description":"Shoppen Sie das 22ct Gold Beaded Chain Bracelet von PureJewels. Mit feinen Goldperlen in einer zarten Kette verbunden, handgefertigt und UK gestempelt.","robots":{"index":"index","follow":"follow","max-snippet":"max-snippet:-1","max-image-preview":"max-image-preview:large","max-video-preview":"max-video-preview:-1"},"canonical":"https:\/\/www.purejewels.com\/de\/produkt-2\/22karat-gold-damenarmband-34149\/","og_locale":"de_DE","og_type":"article","og_title":"22ct Gold Beaded Bracelet for Women | Hallmarked | PureJewels","og_description":"Shop the 22ct Gold Beaded Chain Bracelet from PureJewels. Featuring fine gold beads linked in a delicate chain, handcrafted and UK hallmarked.","og_url":"https:\/\/www.purejewels.com\/de\/produkt-2\/22karat-gold-damenarmband-34149\/","og_site_name":"PureJewels UK","article_modified_time":"2026-02-03T08:41:24+00:00","og_image":[{"width":1000,"height":1000,"url":"https:\/\/static.purejewels.com\/wp-content\/uploads\/2020\/10\/image187704318.jpg","type":"image\/jpeg"}],"twitter_card":"summary_large_image","twitter_misc":{"Gesch\u00e4tzte Lesezeit":"1\u00a0Minute"},"schema":{"@context":"https:\/\/schema.org","@graph":[{"@type":["WebPage","ItemPage"],"@id":"https:\/\/www.purejewels.com\/product\/22carat-gold-women-bracelet-34149\/","url":"https:\/\/www.purejewels.com\/product\/22carat-gold-women-bracelet-34149\/","name":"22ct Gold Perlenarmband f\u00fcr Frauen | gepunzt | PureJewels","isPartOf":{"@id":"https:\/\/www.purejewels.com\/#website"},"primaryImageOfPage":{"@id":"https:\/\/www.purejewels.com\/product\/22carat-gold-women-bracelet-34149\/#primaryimage"},"image":{"@id":"https:\/\/www.purejewels.com\/product\/22carat-gold-women-bracelet-34149\/#primaryimage"},"thumbnailUrl":"https:\/\/static.purejewels.com\/wp-content\/uploads\/2020\/10\/image187704318.jpg","datePublished":"2021-09-21T11:51:11+00:00","dateModified":"2026-02-03T08:41:24+00:00","description":"Shoppen Sie das 22ct Gold Beaded Chain Bracelet von PureJewels. Mit feinen Goldperlen in einer zarten Kette verbunden, handgefertigt und UK gestempelt.","breadcrumb":{"@id":"https:\/\/www.purejewels.com\/product\/22carat-gold-women-bracelet-34149\/#breadcrumb"},"inLanguage":"de","potentialAction":[{"@type":"ReadAction","target":["https:\/\/www.purejewels.com\/product\/22carat-gold-women-bracelet-34149\/"]}]},{"@type":"ImageObject","inLanguage":"de","@id":"https:\/\/www.purejewels.com\/product\/22carat-gold-women-bracelet-34149\/#primaryimage","url":"https:\/\/static.purejewels.com\/wp-content\/uploads\/2020\/10\/image187704318.jpg","contentUrl":"https:\/\/static.purejewels.com\/wp-content\/uploads\/2020\/10\/image187704318.jpg","width":1000,"height":1000,"caption":"Glow 22ct Gold Light Plain polished beads Ladies Bracelet GLBR010"},{"@type":"BreadcrumbList","@id":"https:\/\/www.purejewels.com\/product\/22carat-gold-women-bracelet-34149\/#breadcrumb","itemListElement":[{"@type":"ListItem","position":1,"name":"Home","item":"https:\/\/www.purejewels.com\/"},{"@type":"ListItem","position":2,"name":"Shop","item":"https:\/\/www.purejewels.com\/shop\/"},{"@type":"ListItem","position":3,"name":"22ct Gold Beaded Chain Bracelet"}]},{"@type":"WebSite","@id":"https:\/\/www.purejewels.com\/#website","url":"https:\/\/www.purejewels.com\/","name":"PureJewels UK","description":"Teile die Liebe","publisher":{"@id":"https:\/\/www.purejewels.com\/#organization"},"potentialAction":[{"@type":"SearchAction","target":{"@type":"EntryPoint","urlTemplate":"https:\/\/www.purejewels.com\/?s={search_term_string}"},"query-input":{"@type":"PropertyValueSpecification","valueRequired":true,"valueName":"search_term_string"}}],"inLanguage":"de"},{"@type":"Organization","@id":"https:\/\/www.purejewels.com\/#organization","name":"PureJewels UK","url":"https:\/\/www.purejewels.com\/","logo":{"@type":"ImageObject","inLanguage":"de","@id":"https:\/\/www.purejewels.com\/#\/schema\/logo\/image\/","url":"https:\/\/static.purejewels.com\/wp-content\/uploads\/2020\/11\/Logo-PJ-New-1.png","contentUrl":"https:\/\/static.purejewels.com\/wp-content\/uploads\/2020\/11\/Logo-PJ-New-1.png","width":150,"height":80,"caption":"PureJewels UK"},"image":{"@id":"https:\/\/www.purejewels.com\/#\/schema\/logo\/image\/"}}]}},"_links":{"self":[{"href":"https:\/\/www.purejewels.com\/de\/wp-json\/wp\/v2\/product\/326946","targetHints":{"allow":["GET"]}}],"collection":[{"href":"https:\/\/www.purejewels.com\/de\/wp-json\/wp\/v2\/product"}],"about":[{"href":"https:\/\/www.purejewels.com\/de\/wp-json\/wp\/v2\/types\/product"}],"replies":[{"embeddable":true,"href":"https:\/\/www.purejewels.com\/de\/wp-json\/wp\/v2\/comments?post=326946"}],"version-history":[{"count":2,"href":"https:\/\/www.purejewels.com\/de\/wp-json\/wp\/v2\/product\/326946\/revisions"}],"predecessor-version":[{"id":425570,"href":"https:\/\/www.purejewels.com\/de\/wp-json\/wp\/v2\/product\/326946\/revisions\/425570"}],"wp:featuredmedia":[{"embeddable":true,"href":"https:\/\/www.purejewels.com\/de\/wp-json\/wp\/v2\/media\/318320"}],"wp:attachment":[{"href":"https:\/\/www.purejewels.com\/de\/wp-json\/wp\/v2\/media?parent=326946"}],"wp:term":[{"taxonomy":"product_brand","embeddable":true,"href":"https:\/\/www.purejewels.com\/de\/wp-json\/wp\/v2\/product_brand?post=326946"},{"taxonomy":"product_cat","embeddable":true,"href":"https:\/\/www.purejewels.com\/de\/wp-json\/wp\/v2\/product_cat?post=326946"},{"taxonomy":"product_tag","embeddable":true,"href":"https:\/\/www.purejewels.com\/de\/wp-json\/wp\/v2\/product_tag?post=326946"}],"curies":[{"name":"wp","href":"https:\/\/api.w.org\/{rel}","templated":true}]}}