{"id":326967,"date":"2021-09-21T13:25:23","date_gmt":"2021-09-21T12:25:23","guid":{"rendered":"https:\/\/www.purejewels.com\/?post_type=product&#038;p=326967"},"modified":"2026-01-06T09:44:43","modified_gmt":"2026-01-06T09:44:43","slug":"glow-collection-22-kt-gold-damen-armband","status":"publish","type":"product","link":"https:\/\/www.purejewels.com\/de\/product\/glow-collection-22ct-gold-ladies-bracelet\/","title":{"rendered":"22 Karat Gold Armband mit gedrehtem Knoten f\u00fcr Damen"},"content":{"rendered":"<p>Verleihen Sie Ihrem Alltag mit diesem Damenarmband aus 22 Karat Gold mit gedrehten Knoten einen Hauch von Eleganz. Das Armband ist mit einem feinen Seilstrukturdesign und akzentuierten Knoten kunstvoll gefertigt und verbindet zeitlose Raffinesse mit modernem, minimalistischem Flair. Dieses leichte Armband eignet sich perfekt zum Kombinieren mit anderen Armb\u00e4ndern oder zum alleinigen Tragen. Es ist mit einem stabilen Verschluss und verstellbaren Gliedern versehen, die f\u00fcr einen bequemen Sitz sorgen. Ideal f\u00fcr den Alltag oder als liebevolles Geschenk f\u00fcr einen besonderen Menschen.<\/p>","protected":false},"excerpt":{"rendered":"<ul>\n<li>22ct Gold Damenarmband<\/li>\n<li>Gewicht : 3,2 g<\/li>\n<li>SKU 33509<\/li>\n<li>Gr\u00f6\u00dfe 2.4<\/li>\n<li>Alle Preise inklusive Mehrwertsteuer<\/li>\n<li>22ct Gold gestempelt von London Assay Office<\/li>\n<li>Mit Pr\u00e4sentationsbox<\/li>\n<li>Lieferung inbegriffen<\/li>\n<li>Live-Chat mit uns f\u00fcr die Verf\u00fcgbarkeit und mehr Bilder von \u00e4hnlichen Designs derzeit auf Lager<\/li>\n<\/ul>","protected":false},"featured_media":320205,"comment_status":"closed","ping_status":"closed","template":"","meta":{"_eb_attr":"","_crsspst_to_jayantr4sg-hostcom":false},"product_brand":[],"product_cat":[1791,1559,3628,1324,1627,5344,5439,5349],"product_tag":[],"class_list":{"0":"post-326967","1":"product","2":"type-product","3":"status-publish","4":"has-post-thumbnail","6":"product_cat-anniversary-gifts","7":"product_cat-birthday-gifts","8":"product_cat-glow-collections","9":"product_cat-gold-bracelet","10":"product_cat-ladies-bracelet","11":"product_cat-jewellery-under-750","12":"product_cat-wire-bracelet","13":"product_cat-yellow-gold-jewellery","15":"first","16":"outofstock","17":"taxable","18":"shipping-taxable","19":"product-type-simple","20":"add-to-wishlist-before_image"},"yoast_head":"<!-- This site is optimized with the Yoast SEO plugin v27.4 - https:\/\/yoast.com\/product\/yoast-seo-wordpress\/ -->\n<title>22ct Gold Twisted Knot Ladies Bracelet | Pure Elegance<\/title>\n<meta name=\"description\" content=\"Discover timeless beauty with our 22ct Gold Twisted Knot Bracelet. Lightweight, adjustable &amp; perfect for everyday wear or gifting. Shop online in the UK.\" \/>\n<meta name=\"robots\" content=\"index, follow, max-snippet:-1, max-image-preview:large, max-video-preview:-1\" \/>\n<link rel=\"canonical\" href=\"https:\/\/www.purejewels.com\/de\/produkt-2\/glow-collection-22-kt-gold-damen-armband\/\" \/>\n<meta property=\"og:locale\" content=\"de_DE\" \/>\n<meta property=\"og:type\" content=\"article\" \/>\n<meta property=\"og:title\" content=\"22ct Gold Twisted Knot Ladies Bracelet | Pure Elegance\" \/>\n<meta property=\"og:description\" content=\"Discover timeless beauty with our 22ct Gold Twisted Knot Bracelet. Lightweight, adjustable &amp; perfect for everyday wear or gifting. Shop online in the UK.\" \/>\n<meta property=\"og:url\" content=\"https:\/\/www.purejewels.com\/de\/produkt-2\/glow-collection-22-kt-gold-damen-armband\/\" \/>\n<meta property=\"og:site_name\" content=\"PureJewels UK\" \/>\n<meta property=\"article:modified_time\" content=\"2026-01-06T09:44:43+00:00\" \/>\n<meta property=\"og:image\" content=\"https:\/\/www.purejewels.com\/wp-content\/uploads\/2020\/12\/image199485481-20.jpg\" \/>\n\t<meta property=\"og:image:width\" content=\"1000\" \/>\n\t<meta property=\"og:image:height\" content=\"1000\" \/>\n\t<meta property=\"og:image:type\" content=\"image\/jpeg\" \/>\n<meta name=\"twitter:card\" content=\"summary_large_image\" \/>\n<meta name=\"twitter:label1\" content=\"Gesch\u00e4tzte Lesezeit\" \/>\n\t<meta name=\"twitter:data1\" content=\"1\u00a0Minute\" \/>\n<script type=\"application\/ld+json\" class=\"yoast-schema-graph\">{\"@context\":\"https:\\\/\\\/schema.org\",\"@graph\":[{\"@type\":[\"WebPage\",\"ItemPage\"],\"@id\":\"https:\\\/\\\/www.purejewels.com\\\/product\\\/glow-collection-22ct-gold-ladies-bracelet\\\/\",\"url\":\"https:\\\/\\\/www.purejewels.com\\\/product\\\/glow-collection-22ct-gold-ladies-bracelet\\\/\",\"name\":\"22ct Gold Twisted Knot Ladies Bracelet | Pure Elegance\",\"isPartOf\":{\"@id\":\"https:\\\/\\\/www.purejewels.com\\\/#website\"},\"primaryImageOfPage\":{\"@id\":\"https:\\\/\\\/www.purejewels.com\\\/product\\\/glow-collection-22ct-gold-ladies-bracelet\\\/#primaryimage\"},\"image\":{\"@id\":\"https:\\\/\\\/www.purejewels.com\\\/product\\\/glow-collection-22ct-gold-ladies-bracelet\\\/#primaryimage\"},\"thumbnailUrl\":\"https:\\\/\\\/static.purejewels.com\\\/wp-content\\\/uploads\\\/2020\\\/12\\\/image199485481-20.jpg\",\"datePublished\":\"2021-09-21T12:25:23+00:00\",\"dateModified\":\"2026-01-06T09:44:43+00:00\",\"description\":\"Discover timeless beauty with our 22ct Gold Twisted Knot Bracelet. Lightweight, adjustable & perfect for everyday wear or gifting. Shop online in the UK.\",\"breadcrumb\":{\"@id\":\"https:\\\/\\\/www.purejewels.com\\\/product\\\/glow-collection-22ct-gold-ladies-bracelet\\\/#breadcrumb\"},\"inLanguage\":\"de\",\"potentialAction\":[{\"@type\":\"ReadAction\",\"target\":[\"https:\\\/\\\/www.purejewels.com\\\/product\\\/glow-collection-22ct-gold-ladies-bracelet\\\/\"]}]},{\"@type\":\"ImageObject\",\"inLanguage\":\"de\",\"@id\":\"https:\\\/\\\/www.purejewels.com\\\/product\\\/glow-collection-22ct-gold-ladies-bracelet\\\/#primaryimage\",\"url\":\"https:\\\/\\\/static.purejewels.com\\\/wp-content\\\/uploads\\\/2020\\\/12\\\/image199485481-20.jpg\",\"contentUrl\":\"https:\\\/\\\/static.purejewels.com\\\/wp-content\\\/uploads\\\/2020\\\/12\\\/image199485481-20.jpg\",\"width\":1000,\"height\":1000,\"caption\":\"Women's 22ct Gold Bracelet\"},{\"@type\":\"BreadcrumbList\",\"@id\":\"https:\\\/\\\/www.purejewels.com\\\/product\\\/glow-collection-22ct-gold-ladies-bracelet\\\/#breadcrumb\",\"itemListElement\":[{\"@type\":\"ListItem\",\"position\":1,\"name\":\"Home\",\"item\":\"https:\\\/\\\/www.purejewels.com\\\/\"},{\"@type\":\"ListItem\",\"position\":2,\"name\":\"Shop\",\"item\":\"https:\\\/\\\/www.purejewels.com\\\/shop\\\/\"},{\"@type\":\"ListItem\",\"position\":3,\"name\":\"22ct Gold Twisted Knot Ladies Bracelet\"}]},{\"@type\":\"WebSite\",\"@id\":\"https:\\\/\\\/www.purejewels.com\\\/#website\",\"url\":\"https:\\\/\\\/www.purejewels.com\\\/\",\"name\":\"PureJewels UK\",\"description\":\"Share the Love\",\"publisher\":{\"@id\":\"https:\\\/\\\/www.purejewels.com\\\/#organization\"},\"potentialAction\":[{\"@type\":\"SearchAction\",\"target\":{\"@type\":\"EntryPoint\",\"urlTemplate\":\"https:\\\/\\\/www.purejewels.com\\\/?s={search_term_string}\"},\"query-input\":{\"@type\":\"PropertyValueSpecification\",\"valueRequired\":true,\"valueName\":\"search_term_string\"}}],\"inLanguage\":\"de\"},{\"@type\":\"Organization\",\"@id\":\"https:\\\/\\\/www.purejewels.com\\\/#organization\",\"name\":\"PureJewels UK\",\"url\":\"https:\\\/\\\/www.purejewels.com\\\/\",\"logo\":{\"@type\":\"ImageObject\",\"inLanguage\":\"de\",\"@id\":\"https:\\\/\\\/www.purejewels.com\\\/#\\\/schema\\\/logo\\\/image\\\/\",\"url\":\"https:\\\/\\\/static.purejewels.com\\\/wp-content\\\/uploads\\\/2020\\\/11\\\/Logo-PJ-New-1.png\",\"contentUrl\":\"https:\\\/\\\/static.purejewels.com\\\/wp-content\\\/uploads\\\/2020\\\/11\\\/Logo-PJ-New-1.png\",\"width\":150,\"height\":80,\"caption\":\"PureJewels UK\"},\"image\":{\"@id\":\"https:\\\/\\\/www.purejewels.com\\\/#\\\/schema\\\/logo\\\/image\\\/\"}}]}<\/script>\n<!-- \/ Yoast SEO plugin. -->","yoast_head_json":{"title":"22 Karat Gold Armband mit gedrehtem Knoten f\u00fcr Damen | Pure Eleganz","description":"Entdecken Sie zeitlose Sch\u00f6nheit mit unserem Armband \u201eTwisted Knot\u201d aus 22 Karat Gold. Leicht, verstellbar und perfekt f\u00fcr den Alltag oder als Geschenk. Online in Gro\u00dfbritannien kaufen.","robots":{"index":"index","follow":"follow","max-snippet":"max-snippet:-1","max-image-preview":"max-image-preview:large","max-video-preview":"max-video-preview:-1"},"canonical":"https:\/\/www.purejewels.com\/de\/produkt-2\/glow-collection-22-kt-gold-damen-armband\/","og_locale":"de_DE","og_type":"article","og_title":"22ct Gold Twisted Knot Ladies Bracelet | Pure Elegance","og_description":"Discover timeless beauty with our 22ct Gold Twisted Knot Bracelet. Lightweight, adjustable & perfect for everyday wear or gifting. Shop online in the UK.","og_url":"https:\/\/www.purejewels.com\/de\/produkt-2\/glow-collection-22-kt-gold-damen-armband\/","og_site_name":"PureJewels UK","article_modified_time":"2026-01-06T09:44:43+00:00","og_image":[{"width":1000,"height":1000,"url":"https:\/\/www.purejewels.com\/wp-content\/uploads\/2020\/12\/image199485481-20.jpg","type":"image\/jpeg"}],"twitter_card":"summary_large_image","twitter_misc":{"Gesch\u00e4tzte Lesezeit":"1\u00a0Minute"},"schema":{"@context":"https:\/\/schema.org","@graph":[{"@type":["WebPage","ItemPage"],"@id":"https:\/\/www.purejewels.com\/product\/glow-collection-22ct-gold-ladies-bracelet\/","url":"https:\/\/www.purejewels.com\/product\/glow-collection-22ct-gold-ladies-bracelet\/","name":"22 Karat Gold Armband mit gedrehtem Knoten f\u00fcr Damen | Pure Eleganz","isPartOf":{"@id":"https:\/\/www.purejewels.com\/#website"},"primaryImageOfPage":{"@id":"https:\/\/www.purejewels.com\/product\/glow-collection-22ct-gold-ladies-bracelet\/#primaryimage"},"image":{"@id":"https:\/\/www.purejewels.com\/product\/glow-collection-22ct-gold-ladies-bracelet\/#primaryimage"},"thumbnailUrl":"https:\/\/static.purejewels.com\/wp-content\/uploads\/2020\/12\/image199485481-20.jpg","datePublished":"2021-09-21T12:25:23+00:00","dateModified":"2026-01-06T09:44:43+00:00","description":"Entdecken Sie zeitlose Sch\u00f6nheit mit unserem Armband \u201eTwisted Knot\u201d aus 22 Karat Gold. Leicht, verstellbar und perfekt f\u00fcr den Alltag oder als Geschenk. Online in Gro\u00dfbritannien kaufen.","breadcrumb":{"@id":"https:\/\/www.purejewels.com\/product\/glow-collection-22ct-gold-ladies-bracelet\/#breadcrumb"},"inLanguage":"de","potentialAction":[{"@type":"ReadAction","target":["https:\/\/www.purejewels.com\/product\/glow-collection-22ct-gold-ladies-bracelet\/"]}]},{"@type":"ImageObject","inLanguage":"de","@id":"https:\/\/www.purejewels.com\/product\/glow-collection-22ct-gold-ladies-bracelet\/#primaryimage","url":"https:\/\/static.purejewels.com\/wp-content\/uploads\/2020\/12\/image199485481-20.jpg","contentUrl":"https:\/\/static.purejewels.com\/wp-content\/uploads\/2020\/12\/image199485481-20.jpg","width":1000,"height":1000,"caption":"Women's 22ct Gold Bracelet"},{"@type":"BreadcrumbList","@id":"https:\/\/www.purejewels.com\/product\/glow-collection-22ct-gold-ladies-bracelet\/#breadcrumb","itemListElement":[{"@type":"ListItem","position":1,"name":"Home","item":"https:\/\/www.purejewels.com\/"},{"@type":"ListItem","position":2,"name":"Shop","item":"https:\/\/www.purejewels.com\/shop\/"},{"@type":"ListItem","position":3,"name":"22ct Gold Twisted Knot Ladies Bracelet"}]},{"@type":"WebSite","@id":"https:\/\/www.purejewels.com\/#website","url":"https:\/\/www.purejewels.com\/","name":"PureJewels UK","description":"Teile die Liebe","publisher":{"@id":"https:\/\/www.purejewels.com\/#organization"},"potentialAction":[{"@type":"SearchAction","target":{"@type":"EntryPoint","urlTemplate":"https:\/\/www.purejewels.com\/?s={search_term_string}"},"query-input":{"@type":"PropertyValueSpecification","valueRequired":true,"valueName":"search_term_string"}}],"inLanguage":"de"},{"@type":"Organization","@id":"https:\/\/www.purejewels.com\/#organization","name":"PureJewels UK","url":"https:\/\/www.purejewels.com\/","logo":{"@type":"ImageObject","inLanguage":"de","@id":"https:\/\/www.purejewels.com\/#\/schema\/logo\/image\/","url":"https:\/\/static.purejewels.com\/wp-content\/uploads\/2020\/11\/Logo-PJ-New-1.png","contentUrl":"https:\/\/static.purejewels.com\/wp-content\/uploads\/2020\/11\/Logo-PJ-New-1.png","width":150,"height":80,"caption":"PureJewels UK"},"image":{"@id":"https:\/\/www.purejewels.com\/#\/schema\/logo\/image\/"}}]}},"_links":{"self":[{"href":"https:\/\/www.purejewels.com\/de\/wp-json\/wp\/v2\/product\/326967","targetHints":{"allow":["GET"]}}],"collection":[{"href":"https:\/\/www.purejewels.com\/de\/wp-json\/wp\/v2\/product"}],"about":[{"href":"https:\/\/www.purejewels.com\/de\/wp-json\/wp\/v2\/types\/product"}],"replies":[{"embeddable":true,"href":"https:\/\/www.purejewels.com\/de\/wp-json\/wp\/v2\/comments?post=326967"}],"version-history":[{"count":2,"href":"https:\/\/www.purejewels.com\/de\/wp-json\/wp\/v2\/product\/326967\/revisions"}],"predecessor-version":[{"id":421512,"href":"https:\/\/www.purejewels.com\/de\/wp-json\/wp\/v2\/product\/326967\/revisions\/421512"}],"wp:featuredmedia":[{"embeddable":true,"href":"https:\/\/www.purejewels.com\/de\/wp-json\/wp\/v2\/media\/320205"}],"wp:attachment":[{"href":"https:\/\/www.purejewels.com\/de\/wp-json\/wp\/v2\/media?parent=326967"}],"wp:term":[{"taxonomy":"product_brand","embeddable":true,"href":"https:\/\/www.purejewels.com\/de\/wp-json\/wp\/v2\/product_brand?post=326967"},{"taxonomy":"product_cat","embeddable":true,"href":"https:\/\/www.purejewels.com\/de\/wp-json\/wp\/v2\/product_cat?post=326967"},{"taxonomy":"product_tag","embeddable":true,"href":"https:\/\/www.purejewels.com\/de\/wp-json\/wp\/v2\/product_tag?post=326967"}],"curies":[{"name":"wp","href":"https:\/\/api.w.org\/{rel}","templated":true}]}}