{"id":327162,"date":"2021-09-27T08:41:03","date_gmt":"2021-09-27T07:41:03","guid":{"rendered":"https:\/\/www.purejewels.com\/?post_type=product&#038;p=327162"},"modified":"2026-01-30T09:23:52","modified_gmt":"2026-01-30T09:23:52","slug":"baby-armband-aus-22-karat-gold","status":"publish","type":"product","link":"https:\/\/www.purejewels.com\/de\/product\/22-carat-gold-baby-bracelet\/","title":{"rendered":"22 Karat Gold Babyarmband mit schwarzen Perlen"},"content":{"rendered":"<p><strong>Gestaltung<\/strong><\/p>\n<p>Dieses Babyarmband vereint die ruhige Symbolik traditioneller schwarzer Perlen mit sanft modellierten Goldformen in seinem Zentrum. Der Rhythmus der mattschwarzen Perlen kontrastiert wundersch\u00f6n mit der W\u00e4rme des polierten 22-kar\u00e4tigen Goldes und schafft ein Design, das sowohl bedeutungsvoll als auch raffiniert ist. Das leichte und ausgewogene Design ist f\u00fcr das Handgelenk eines Babys gedacht.<\/p>\n<p><strong>Handwerkliches K\u00f6nnen<\/strong><\/p>\n<p>Die handgefertigten Elemente aus 22-kar\u00e4tigem Gold werden sorgf\u00e4ltig geformt und poliert, um glatte Kanten und dauerhaften Tragekomfort zu gew\u00e4hrleisten. Geschlossen wird das Armband mit einem Verschluss aus Feingold, der f\u00fcr Leichtigkeit und Zuverl\u00e4ssigkeit sorgt. Jedes St\u00fcck wird im Vereinigten K\u00f6nigreich mit einem Feingehaltssiegel versehen, das das Engagement von PureJewels f\u00fcr Handwerkskunst, Sicherheit und Qualit\u00e4t widerspiegelt.<\/p>\n<p><strong>Styling &amp; Geschenkartikel<\/strong><\/p>\n<p>Dieses Armband ist sowohl f\u00fcr den Alltag als auch f\u00fcr feierliche Anl\u00e4sse geeignet und l\u00e4sst sich wunderbar mit anderen Babyarmb\u00e4ndern oder goldenen Accessoires kombinieren. Es ist ein bedeutungsvolles Geschenk f\u00fcr Namensgebungszeremonien, Geburtstage oder famili\u00e4re Meilensteine und bietet ein St\u00fcck, das die Tradition tr\u00e4gt und gleichzeitig sanft und tragbar ist.<\/p>","protected":false},"excerpt":{"rendered":"<p>Ein zartes Babyarmband aus 22-kar\u00e4tigem Gold mit klassischen schwarzen Perlen und sanft geschwungenen Goldelementen, das sich bequem im Alltag tragen l\u00e4sst.<\/p>\n<ul>\n<li>Schmuckarmband 22ct Gold mania.<\/li>\n<li>Geeignet f\u00fcr Kinder, Kinder, Kind, Kleinkind, Neugeborene.<\/li>\n<li>22 Karat Goldschmuck mit Punzierung f\u00fcr Kinder.<\/li>\n<li>\u00a0L\u00e4nge : 5 Zoll<\/li>\n<li>Gewicht: 1,7 Gramm<\/li>\n<li>SKU 34732<\/li>\n<li>Alle Preise inklusive Mehrwertsteuer<\/li>\n<li>22ct Gold gestempelt von London Assay Office<\/li>\n<li>Mit Pr\u00e4sentationsbox<\/li>\n<li>Lieferung inbegriffen<\/li>\n<li>Live-Chat mit uns f\u00fcr die Verf\u00fcgbarkeit und mehr Bilder von \u00e4hnlichen Designs derzeit auf Lager<\/li>\n<\/ul>","protected":false},"featured_media":327163,"comment_status":"closed","ping_status":"closed","template":"","meta":{"_eb_attr":"","_crsspst_to_jayantr4sg-hostcom":false},"product_brand":[],"product_cat":[1576,1324,1436],"product_tag":[],"class_list":{"0":"post-327162","1":"product","2":"type-product","3":"status-publish","4":"has-post-thumbnail","6":"product_cat-childrens-jewellery","7":"product_cat-gold-bracelet","8":"product_cat-kids-bracelet-kada","10":"first","11":"outofstock","12":"taxable","13":"shipping-taxable","14":"product-type-simple","15":"add-to-wishlist-before_image"},"yoast_head":"<!-- This site is optimized with the Yoast SEO plugin v27.3 - https:\/\/yoast.com\/product\/yoast-seo-wordpress\/ -->\n<title>22ct Gold Black Bead Baby Bracelet | Online at PureJewels UK<\/title>\n<meta name=\"description\" content=\"Shop the 22ct Gold Black Bead Baby Bracelet from PureJewels UK. Featuring traditional black beads and sculpted gold accents, hallmarked in the UK.\" \/>\n<meta name=\"robots\" content=\"index, follow, max-snippet:-1, max-image-preview:large, max-video-preview:-1\" \/>\n<link rel=\"canonical\" href=\"https:\/\/www.purejewels.com\/de\/produkt-2\/baby-armband-aus-22-karat-gold\/\" \/>\n<meta property=\"og:locale\" content=\"de_DE\" \/>\n<meta property=\"og:type\" content=\"article\" \/>\n<meta property=\"og:title\" content=\"22ct Gold Black Bead Baby Bracelet | Online at PureJewels UK\" \/>\n<meta property=\"og:description\" content=\"Shop the 22ct Gold Black Bead Baby Bracelet from PureJewels UK. Featuring traditional black beads and sculpted gold accents, hallmarked in the UK.\" \/>\n<meta property=\"og:url\" content=\"https:\/\/www.purejewels.com\/de\/produkt-2\/baby-armband-aus-22-karat-gold\/\" \/>\n<meta property=\"og:site_name\" content=\"PureJewels UK\" \/>\n<meta property=\"article:modified_time\" content=\"2026-01-30T09:23:52+00:00\" \/>\n<meta property=\"og:image\" content=\"https:\/\/static.purejewels.com\/wp-content\/uploads\/2021\/09\/34732-2.jpg\" \/>\n\t<meta property=\"og:image:width\" content=\"1000\" \/>\n\t<meta property=\"og:image:height\" content=\"1000\" \/>\n\t<meta property=\"og:image:type\" content=\"image\/jpeg\" \/>\n<meta name=\"twitter:card\" content=\"summary_large_image\" \/>\n<meta name=\"twitter:label1\" content=\"Gesch\u00e4tzte Lesezeit\" \/>\n\t<meta name=\"twitter:data1\" content=\"1\u00a0Minute\" \/>\n<script type=\"application\/ld+json\" class=\"yoast-schema-graph\">{\"@context\":\"https:\\\/\\\/schema.org\",\"@graph\":[{\"@type\":[\"WebPage\",\"ItemPage\"],\"@id\":\"https:\\\/\\\/www.purejewels.com\\\/product\\\/22-carat-gold-baby-bracelet\\\/\",\"url\":\"https:\\\/\\\/www.purejewels.com\\\/product\\\/22-carat-gold-baby-bracelet\\\/\",\"name\":\"22ct Gold Black Bead Baby Bracelet | Online at PureJewels UK\",\"isPartOf\":{\"@id\":\"https:\\\/\\\/www.purejewels.com\\\/#website\"},\"primaryImageOfPage\":{\"@id\":\"https:\\\/\\\/www.purejewels.com\\\/product\\\/22-carat-gold-baby-bracelet\\\/#primaryimage\"},\"image\":{\"@id\":\"https:\\\/\\\/www.purejewels.com\\\/product\\\/22-carat-gold-baby-bracelet\\\/#primaryimage\"},\"thumbnailUrl\":\"https:\\\/\\\/static.purejewels.com\\\/wp-content\\\/uploads\\\/2021\\\/09\\\/34732-2.jpg\",\"datePublished\":\"2021-09-27T07:41:03+00:00\",\"dateModified\":\"2026-01-30T09:23:52+00:00\",\"description\":\"Shop the 22ct Gold Black Bead Baby Bracelet from PureJewels UK. Featuring traditional black beads and sculpted gold accents, hallmarked in the UK.\",\"breadcrumb\":{\"@id\":\"https:\\\/\\\/www.purejewels.com\\\/product\\\/22-carat-gold-baby-bracelet\\\/#breadcrumb\"},\"inLanguage\":\"de\",\"potentialAction\":[{\"@type\":\"ReadAction\",\"target\":[\"https:\\\/\\\/www.purejewels.com\\\/product\\\/22-carat-gold-baby-bracelet\\\/\"]}]},{\"@type\":\"ImageObject\",\"inLanguage\":\"de\",\"@id\":\"https:\\\/\\\/www.purejewels.com\\\/product\\\/22-carat-gold-baby-bracelet\\\/#primaryimage\",\"url\":\"https:\\\/\\\/static.purejewels.com\\\/wp-content\\\/uploads\\\/2021\\\/09\\\/34732-2.jpg\",\"contentUrl\":\"https:\\\/\\\/static.purejewels.com\\\/wp-content\\\/uploads\\\/2021\\\/09\\\/34732-2.jpg\",\"width\":1000,\"height\":1000,\"caption\":\"22ct Gold Baby Bracelet 34732-2\"},{\"@type\":\"BreadcrumbList\",\"@id\":\"https:\\\/\\\/www.purejewels.com\\\/product\\\/22-carat-gold-baby-bracelet\\\/#breadcrumb\",\"itemListElement\":[{\"@type\":\"ListItem\",\"position\":1,\"name\":\"Home\",\"item\":\"https:\\\/\\\/www.purejewels.com\\\/\"},{\"@type\":\"ListItem\",\"position\":2,\"name\":\"Shop\",\"item\":\"https:\\\/\\\/www.purejewels.com\\\/shop\\\/\"},{\"@type\":\"ListItem\",\"position\":3,\"name\":\"22ct Gold Black Bead Baby Bracelet\"}]},{\"@type\":\"WebSite\",\"@id\":\"https:\\\/\\\/www.purejewels.com\\\/#website\",\"url\":\"https:\\\/\\\/www.purejewels.com\\\/\",\"name\":\"PureJewels UK\",\"description\":\"Share the Love\",\"publisher\":{\"@id\":\"https:\\\/\\\/www.purejewels.com\\\/#organization\"},\"potentialAction\":[{\"@type\":\"SearchAction\",\"target\":{\"@type\":\"EntryPoint\",\"urlTemplate\":\"https:\\\/\\\/www.purejewels.com\\\/?s={search_term_string}\"},\"query-input\":{\"@type\":\"PropertyValueSpecification\",\"valueRequired\":true,\"valueName\":\"search_term_string\"}}],\"inLanguage\":\"de\"},{\"@type\":\"Organization\",\"@id\":\"https:\\\/\\\/www.purejewels.com\\\/#organization\",\"name\":\"PureJewels UK\",\"url\":\"https:\\\/\\\/www.purejewels.com\\\/\",\"logo\":{\"@type\":\"ImageObject\",\"inLanguage\":\"de\",\"@id\":\"https:\\\/\\\/www.purejewels.com\\\/#\\\/schema\\\/logo\\\/image\\\/\",\"url\":\"https:\\\/\\\/static.purejewels.com\\\/wp-content\\\/uploads\\\/2020\\\/11\\\/Logo-PJ-New-1.png\",\"contentUrl\":\"https:\\\/\\\/static.purejewels.com\\\/wp-content\\\/uploads\\\/2020\\\/11\\\/Logo-PJ-New-1.png\",\"width\":150,\"height\":80,\"caption\":\"PureJewels UK\"},\"image\":{\"@id\":\"https:\\\/\\\/www.purejewels.com\\\/#\\\/schema\\\/logo\\\/image\\\/\"}}]}<\/script>\n<!-- \/ Yoast SEO plugin. -->","yoast_head_json":{"title":"22ct Gold Schwarz Perle Baby Armband | Online bei PureJewels UK","description":"Kaufen Sie das 22ct Gold Black Bead Baby Armband von PureJewels UK. Mit traditionellen schwarzen Perlen und gemei\u00dfelten Goldakzenten, gestempelt in Gro\u00dfbritannien.","robots":{"index":"index","follow":"follow","max-snippet":"max-snippet:-1","max-image-preview":"max-image-preview:large","max-video-preview":"max-video-preview:-1"},"canonical":"https:\/\/www.purejewels.com\/de\/produkt-2\/baby-armband-aus-22-karat-gold\/","og_locale":"de_DE","og_type":"article","og_title":"22ct Gold Black Bead Baby Bracelet | Online at PureJewels UK","og_description":"Shop the 22ct Gold Black Bead Baby Bracelet from PureJewels UK. Featuring traditional black beads and sculpted gold accents, hallmarked in the UK.","og_url":"https:\/\/www.purejewels.com\/de\/produkt-2\/baby-armband-aus-22-karat-gold\/","og_site_name":"PureJewels UK","article_modified_time":"2026-01-30T09:23:52+00:00","og_image":[{"width":1000,"height":1000,"url":"https:\/\/static.purejewels.com\/wp-content\/uploads\/2021\/09\/34732-2.jpg","type":"image\/jpeg"}],"twitter_card":"summary_large_image","twitter_misc":{"Gesch\u00e4tzte Lesezeit":"1\u00a0Minute"},"schema":{"@context":"https:\/\/schema.org","@graph":[{"@type":["WebPage","ItemPage"],"@id":"https:\/\/www.purejewels.com\/product\/22-carat-gold-baby-bracelet\/","url":"https:\/\/www.purejewels.com\/product\/22-carat-gold-baby-bracelet\/","name":"22ct Gold Schwarz Perle Baby Armband | Online bei PureJewels UK","isPartOf":{"@id":"https:\/\/www.purejewels.com\/#website"},"primaryImageOfPage":{"@id":"https:\/\/www.purejewels.com\/product\/22-carat-gold-baby-bracelet\/#primaryimage"},"image":{"@id":"https:\/\/www.purejewels.com\/product\/22-carat-gold-baby-bracelet\/#primaryimage"},"thumbnailUrl":"https:\/\/static.purejewels.com\/wp-content\/uploads\/2021\/09\/34732-2.jpg","datePublished":"2021-09-27T07:41:03+00:00","dateModified":"2026-01-30T09:23:52+00:00","description":"Kaufen Sie das 22ct Gold Black Bead Baby Armband von PureJewels UK. Mit traditionellen schwarzen Perlen und gemei\u00dfelten Goldakzenten, gestempelt in Gro\u00dfbritannien.","breadcrumb":{"@id":"https:\/\/www.purejewels.com\/product\/22-carat-gold-baby-bracelet\/#breadcrumb"},"inLanguage":"de","potentialAction":[{"@type":"ReadAction","target":["https:\/\/www.purejewels.com\/product\/22-carat-gold-baby-bracelet\/"]}]},{"@type":"ImageObject","inLanguage":"de","@id":"https:\/\/www.purejewels.com\/product\/22-carat-gold-baby-bracelet\/#primaryimage","url":"https:\/\/static.purejewels.com\/wp-content\/uploads\/2021\/09\/34732-2.jpg","contentUrl":"https:\/\/static.purejewels.com\/wp-content\/uploads\/2021\/09\/34732-2.jpg","width":1000,"height":1000,"caption":"22ct Gold Baby Bracelet 34732-2"},{"@type":"BreadcrumbList","@id":"https:\/\/www.purejewels.com\/product\/22-carat-gold-baby-bracelet\/#breadcrumb","itemListElement":[{"@type":"ListItem","position":1,"name":"Home","item":"https:\/\/www.purejewels.com\/"},{"@type":"ListItem","position":2,"name":"Shop","item":"https:\/\/www.purejewels.com\/shop\/"},{"@type":"ListItem","position":3,"name":"22ct Gold Black Bead Baby Bracelet"}]},{"@type":"WebSite","@id":"https:\/\/www.purejewels.com\/#website","url":"https:\/\/www.purejewels.com\/","name":"PureJewels UK","description":"Teile die Liebe","publisher":{"@id":"https:\/\/www.purejewels.com\/#organization"},"potentialAction":[{"@type":"SearchAction","target":{"@type":"EntryPoint","urlTemplate":"https:\/\/www.purejewels.com\/?s={search_term_string}"},"query-input":{"@type":"PropertyValueSpecification","valueRequired":true,"valueName":"search_term_string"}}],"inLanguage":"de"},{"@type":"Organization","@id":"https:\/\/www.purejewels.com\/#organization","name":"PureJewels UK","url":"https:\/\/www.purejewels.com\/","logo":{"@type":"ImageObject","inLanguage":"de","@id":"https:\/\/www.purejewels.com\/#\/schema\/logo\/image\/","url":"https:\/\/static.purejewels.com\/wp-content\/uploads\/2020\/11\/Logo-PJ-New-1.png","contentUrl":"https:\/\/static.purejewels.com\/wp-content\/uploads\/2020\/11\/Logo-PJ-New-1.png","width":150,"height":80,"caption":"PureJewels UK"},"image":{"@id":"https:\/\/www.purejewels.com\/#\/schema\/logo\/image\/"}}]}},"_links":{"self":[{"href":"https:\/\/www.purejewels.com\/de\/wp-json\/wp\/v2\/product\/327162","targetHints":{"allow":["GET"]}}],"collection":[{"href":"https:\/\/www.purejewels.com\/de\/wp-json\/wp\/v2\/product"}],"about":[{"href":"https:\/\/www.purejewels.com\/de\/wp-json\/wp\/v2\/types\/product"}],"replies":[{"embeddable":true,"href":"https:\/\/www.purejewels.com\/de\/wp-json\/wp\/v2\/comments?post=327162"}],"version-history":[{"count":2,"href":"https:\/\/www.purejewels.com\/de\/wp-json\/wp\/v2\/product\/327162\/revisions"}],"predecessor-version":[{"id":425439,"href":"https:\/\/www.purejewels.com\/de\/wp-json\/wp\/v2\/product\/327162\/revisions\/425439"}],"wp:featuredmedia":[{"embeddable":true,"href":"https:\/\/www.purejewels.com\/de\/wp-json\/wp\/v2\/media\/327163"}],"wp:attachment":[{"href":"https:\/\/www.purejewels.com\/de\/wp-json\/wp\/v2\/media?parent=327162"}],"wp:term":[{"taxonomy":"product_brand","embeddable":true,"href":"https:\/\/www.purejewels.com\/de\/wp-json\/wp\/v2\/product_brand?post=327162"},{"taxonomy":"product_cat","embeddable":true,"href":"https:\/\/www.purejewels.com\/de\/wp-json\/wp\/v2\/product_cat?post=327162"},{"taxonomy":"product_tag","embeddable":true,"href":"https:\/\/www.purejewels.com\/de\/wp-json\/wp\/v2\/product_tag?post=327162"}],"curies":[{"name":"wp","href":"https:\/\/api.w.org\/{rel}","templated":true}]}}