{"id":327235,"date":"2021-09-29T06:54:59","date_gmt":"2021-09-29T05:54:59","guid":{"rendered":"https:\/\/www.purejewels.com\/?post_type=product&#038;p=327235"},"modified":"2025-12-11T05:32:53","modified_gmt":"2025-12-11T05:32:53","slug":"22-karat-gold-ohrstecker-34606","status":"publish","type":"product","link":"https:\/\/www.purejewels.com\/de\/product\/22-carat-gold-stud-earring-34606\/","title":{"rendered":"Moderne Hexa-CZ-Ohrstecker aus 22 Karat Gold"},"content":{"rendered":"<h3 data-start=\"780\" data-end=\"796\"><strong data-start=\"784\" data-end=\"794\">Gestaltung<\/strong><\/h3>\n<p data-start=\"797\" data-end=\"1149\">Diese Ohrringe verbinden moderne Geometrie mit strahlendem Glanz und zeichnen sich durch einen polierten sechseckigen Rahmen aus, der mit einem leuchtenden CZ-Cluster gekr\u00f6nt ist. Das offene Konturdesign schafft eine leichte, zeitgem\u00e4\u00dfe Silhouette und l\u00e4sst die CZ-Steine als Blickfang hervorstechen. Ihre klaren Linien und ihre verspielte Struktur bieten eine frische Interpretation klassischer Ohrstecker.<\/p>\n<h3 data-start=\"1151\" data-end=\"1174\"><strong data-start=\"1155\" data-end=\"1172\">Handwerkliches K\u00f6nnen<\/strong><\/h3>\n<p data-start=\"1175\" data-end=\"1511\">Die Ohrringe sind aus reinem 22-kar\u00e4tigem Gold gefertigt und pr\u00e4zise geformt, um glatte Kanten und eine ausgewogene geometrische Form zu erzielen. Der CZ-Cluster ist sicher gefasst, um Brillanz und Haltbarkeit zu maximieren und einen lang anhaltenden Glanz zu gew\u00e4hrleisten. Jedes Paar ist in Gro\u00dfbritannien punziert, was das Bekenntnis von PureJewels zu Reinheit, Authentizit\u00e4t und feiner Handwerkskunst widerspiegelt.<\/p>\n<h3 data-start=\"1513\" data-end=\"1540\"><strong data-start=\"1517\" data-end=\"1538\">Styling &amp; Geschenkartikel<\/strong><\/h3>\n<p data-start=\"1541\" data-end=\"1918\">Diese modernen Ohrstecker sind perfekt f\u00fcr den eleganten Alltag und lassen sich wunderbar mit minimalistischen Goldketten, geometrischen Armreifen oder mit Zirkonia akzentuierten Schmuckst\u00fccken kombinieren. Ihre klare, zeitgem\u00e4\u00dfe \u00c4sthetik passt sowohl zu legeren als auch zu formellen Looks und macht sie zu einer m\u00fchelosen Erg\u00e4nzung jeder Schmuckkollektion. Ein durchdachtes Geschenk zum Geburtstag, zu Meilensteinen oder f\u00fcr alle, die modernes Design in luxuri\u00f6sem 22-kar\u00e4tigem Gold sch\u00e4tzen.<\/p>","protected":false},"excerpt":{"rendered":"<p>Moderne Ohrstecker aus 22 Karat Gold mit funkelnden Zirkonia-Steinen, die \u00fcber einem eleganten sechseckigen Rahmen angeordnet sind. Eine stilvolle und vielseitige Wahl f\u00fcr den modernen Alltag.<\/p>\n<p>&nbsp;<\/p>\n<ul>\n<li>22ct Gelbgold Ohrstecker<\/li>\n<li>Mit CZ-Steinen<\/li>\n<li>Wt. 1.8 gms<\/li>\n<li>SKU. 34606<\/li>\n<li>Alle Preise inklusive Mehrwertsteuer<\/li>\n<li>Alle unsere Produkte sind vom London Assay Office gestempelt.<\/li>\n<li>Mit Pr\u00e4sentationsbox<\/li>\n<li>Lieferung inbegriffen<\/li>\n<li>Kontaktieren Sie uns \/ chatten Sie mit uns f\u00fcr ein Live-Video des Produkts<\/li>\n<\/ul>","protected":false},"featured_media":327236,"comment_status":"closed","ping_status":"closed","template":"","meta":{"_eb_attr":"","_crsspst_to_jayantr4sg-hostcom":false},"product_brand":[],"product_cat":[1576,1793,1254,1577,1574],"product_tag":[1430,66],"class_list":{"0":"post-327235","1":"product","2":"type-product","3":"status-publish","4":"has-post-thumbnail","6":"product_cat-childrens-jewellery","7":"product_cat-diwali-gifts","8":"product_cat-gold-earrings","9":"product_cat-stud-earrings","10":"product_cat-womens-jewellery","11":"product_tag-diwali-gift","12":"product_tag-earrings","14":"first","15":"outofstock","16":"taxable","17":"shipping-taxable","18":"product-type-simple","19":"add-to-wishlist-before_image"},"yoast_head":"<!-- This site is optimized with the Yoast SEO plugin v27.3 - https:\/\/yoast.com\/product\/yoast-seo-wordpress\/ -->\n<title>Women\u2019s 22ct Gold Geometric CZ Stud Earrings | PureJewels UK<\/title>\n<meta name=\"description\" content=\"22ct gold geometric stud earrings with a CZ cluster and modern hexa frame. A stylish everyday pair hallmarked in the UK for purity.\" \/>\n<meta name=\"robots\" content=\"index, follow, max-snippet:-1, max-image-preview:large, max-video-preview:-1\" \/>\n<link rel=\"canonical\" href=\"https:\/\/www.purejewels.com\/de\/produkt-2\/22-karat-gold-ohrstecker-34606\/\" \/>\n<meta property=\"og:locale\" content=\"de_DE\" \/>\n<meta property=\"og:type\" content=\"article\" \/>\n<meta property=\"og:title\" content=\"Women\u2019s 22ct Gold Geometric CZ Stud Earrings | PureJewels UK\" \/>\n<meta property=\"og:description\" content=\"22ct gold geometric stud earrings with a CZ cluster and modern hexa frame. A stylish everyday pair hallmarked in the UK for purity.\" \/>\n<meta property=\"og:url\" content=\"https:\/\/www.purejewels.com\/de\/produkt-2\/22-karat-gold-ohrstecker-34606\/\" \/>\n<meta property=\"og:site_name\" content=\"PureJewels UK\" \/>\n<meta property=\"article:modified_time\" content=\"2025-12-11T05:32:53+00:00\" \/>\n<meta property=\"og:image\" content=\"https:\/\/static.purejewels.com\/wp-content\/uploads\/2021\/09\/34606-1.jpg\" \/>\n\t<meta property=\"og:image:width\" content=\"1000\" \/>\n\t<meta property=\"og:image:height\" content=\"1000\" \/>\n\t<meta property=\"og:image:type\" content=\"image\/jpeg\" \/>\n<meta name=\"twitter:card\" content=\"summary_large_image\" \/>\n<meta name=\"twitter:label1\" content=\"Gesch\u00e4tzte Lesezeit\" \/>\n\t<meta name=\"twitter:data1\" content=\"1\u00a0Minute\" \/>\n<script type=\"application\/ld+json\" class=\"yoast-schema-graph\">{\"@context\":\"https:\\\/\\\/schema.org\",\"@graph\":[{\"@type\":[\"WebPage\",\"ItemPage\"],\"@id\":\"https:\\\/\\\/www.purejewels.com\\\/product\\\/22-carat-gold-stud-earring-34606\\\/\",\"url\":\"https:\\\/\\\/www.purejewels.com\\\/product\\\/22-carat-gold-stud-earring-34606\\\/\",\"name\":\"Women\u2019s 22ct Gold Geometric CZ Stud Earrings | PureJewels UK\",\"isPartOf\":{\"@id\":\"https:\\\/\\\/www.purejewels.com\\\/#website\"},\"primaryImageOfPage\":{\"@id\":\"https:\\\/\\\/www.purejewels.com\\\/product\\\/22-carat-gold-stud-earring-34606\\\/#primaryimage\"},\"image\":{\"@id\":\"https:\\\/\\\/www.purejewels.com\\\/product\\\/22-carat-gold-stud-earring-34606\\\/#primaryimage\"},\"thumbnailUrl\":\"https:\\\/\\\/static.purejewels.com\\\/wp-content\\\/uploads\\\/2021\\\/09\\\/34606-1.jpg\",\"datePublished\":\"2021-09-29T05:54:59+00:00\",\"dateModified\":\"2025-12-11T05:32:53+00:00\",\"description\":\"22ct gold geometric stud earrings with a CZ cluster and modern hexa frame. A stylish everyday pair hallmarked in the UK for purity.\",\"breadcrumb\":{\"@id\":\"https:\\\/\\\/www.purejewels.com\\\/product\\\/22-carat-gold-stud-earring-34606\\\/#breadcrumb\"},\"inLanguage\":\"de\",\"potentialAction\":[{\"@type\":\"ReadAction\",\"target\":[\"https:\\\/\\\/www.purejewels.com\\\/product\\\/22-carat-gold-stud-earring-34606\\\/\"]}]},{\"@type\":\"ImageObject\",\"inLanguage\":\"de\",\"@id\":\"https:\\\/\\\/www.purejewels.com\\\/product\\\/22-carat-gold-stud-earring-34606\\\/#primaryimage\",\"url\":\"https:\\\/\\\/static.purejewels.com\\\/wp-content\\\/uploads\\\/2021\\\/09\\\/34606-1.jpg\",\"contentUrl\":\"https:\\\/\\\/static.purejewels.com\\\/wp-content\\\/uploads\\\/2021\\\/09\\\/34606-1.jpg\",\"width\":1000,\"height\":1000,\"caption\":\"22ct Gold Stud Earring 34606-1\"},{\"@type\":\"BreadcrumbList\",\"@id\":\"https:\\\/\\\/www.purejewels.com\\\/product\\\/22-carat-gold-stud-earring-34606\\\/#breadcrumb\",\"itemListElement\":[{\"@type\":\"ListItem\",\"position\":1,\"name\":\"Home\",\"item\":\"https:\\\/\\\/www.purejewels.com\\\/\"},{\"@type\":\"ListItem\",\"position\":2,\"name\":\"Shop\",\"item\":\"https:\\\/\\\/www.purejewels.com\\\/shop\\\/\"},{\"@type\":\"ListItem\",\"position\":3,\"name\":\"22ct Gold Modern Hexa CZ Stud Earrings\"}]},{\"@type\":\"WebSite\",\"@id\":\"https:\\\/\\\/www.purejewels.com\\\/#website\",\"url\":\"https:\\\/\\\/www.purejewels.com\\\/\",\"name\":\"PureJewels UK\",\"description\":\"Share the Love\",\"publisher\":{\"@id\":\"https:\\\/\\\/www.purejewels.com\\\/#organization\"},\"potentialAction\":[{\"@type\":\"SearchAction\",\"target\":{\"@type\":\"EntryPoint\",\"urlTemplate\":\"https:\\\/\\\/www.purejewels.com\\\/?s={search_term_string}\"},\"query-input\":{\"@type\":\"PropertyValueSpecification\",\"valueRequired\":true,\"valueName\":\"search_term_string\"}}],\"inLanguage\":\"de\"},{\"@type\":\"Organization\",\"@id\":\"https:\\\/\\\/www.purejewels.com\\\/#organization\",\"name\":\"PureJewels UK\",\"url\":\"https:\\\/\\\/www.purejewels.com\\\/\",\"logo\":{\"@type\":\"ImageObject\",\"inLanguage\":\"de\",\"@id\":\"https:\\\/\\\/www.purejewels.com\\\/#\\\/schema\\\/logo\\\/image\\\/\",\"url\":\"https:\\\/\\\/static.purejewels.com\\\/wp-content\\\/uploads\\\/2020\\\/11\\\/Logo-PJ-New-1.png\",\"contentUrl\":\"https:\\\/\\\/static.purejewels.com\\\/wp-content\\\/uploads\\\/2020\\\/11\\\/Logo-PJ-New-1.png\",\"width\":150,\"height\":80,\"caption\":\"PureJewels UK\"},\"image\":{\"@id\":\"https:\\\/\\\/www.purejewels.com\\\/#\\\/schema\\\/logo\\\/image\\\/\"}}]}<\/script>\n<!-- \/ Yoast SEO plugin. -->","yoast_head_json":{"title":"Geometrische CZ-Ohrstecker aus 22 Karat Gold f\u00fcr Damen | PureJewels UK","description":"Geometrische Ohrstecker aus 22 Karat Gold mit einem CZ-Cluster und modernem Sechseckrahmen. Ein stilvolles Paar f\u00fcr jeden Tag, das in Gro\u00dfbritannien auf Reinheit gepr\u00fcft wurde.","robots":{"index":"index","follow":"follow","max-snippet":"max-snippet:-1","max-image-preview":"max-image-preview:large","max-video-preview":"max-video-preview:-1"},"canonical":"https:\/\/www.purejewels.com\/de\/produkt-2\/22-karat-gold-ohrstecker-34606\/","og_locale":"de_DE","og_type":"article","og_title":"Women\u2019s 22ct Gold Geometric CZ Stud Earrings | PureJewels UK","og_description":"22ct gold geometric stud earrings with a CZ cluster and modern hexa frame. A stylish everyday pair hallmarked in the UK for purity.","og_url":"https:\/\/www.purejewels.com\/de\/produkt-2\/22-karat-gold-ohrstecker-34606\/","og_site_name":"PureJewels UK","article_modified_time":"2025-12-11T05:32:53+00:00","og_image":[{"width":1000,"height":1000,"url":"https:\/\/static.purejewels.com\/wp-content\/uploads\/2021\/09\/34606-1.jpg","type":"image\/jpeg"}],"twitter_card":"summary_large_image","twitter_misc":{"Gesch\u00e4tzte Lesezeit":"1\u00a0Minute"},"schema":{"@context":"https:\/\/schema.org","@graph":[{"@type":["WebPage","ItemPage"],"@id":"https:\/\/www.purejewels.com\/product\/22-carat-gold-stud-earring-34606\/","url":"https:\/\/www.purejewels.com\/product\/22-carat-gold-stud-earring-34606\/","name":"Geometrische CZ-Ohrstecker aus 22 Karat Gold f\u00fcr Damen | PureJewels UK","isPartOf":{"@id":"https:\/\/www.purejewels.com\/#website"},"primaryImageOfPage":{"@id":"https:\/\/www.purejewels.com\/product\/22-carat-gold-stud-earring-34606\/#primaryimage"},"image":{"@id":"https:\/\/www.purejewels.com\/product\/22-carat-gold-stud-earring-34606\/#primaryimage"},"thumbnailUrl":"https:\/\/static.purejewels.com\/wp-content\/uploads\/2021\/09\/34606-1.jpg","datePublished":"2021-09-29T05:54:59+00:00","dateModified":"2025-12-11T05:32:53+00:00","description":"Geometrische Ohrstecker aus 22 Karat Gold mit einem CZ-Cluster und modernem Sechseckrahmen. Ein stilvolles Paar f\u00fcr jeden Tag, das in Gro\u00dfbritannien auf Reinheit gepr\u00fcft wurde.","breadcrumb":{"@id":"https:\/\/www.purejewels.com\/product\/22-carat-gold-stud-earring-34606\/#breadcrumb"},"inLanguage":"de","potentialAction":[{"@type":"ReadAction","target":["https:\/\/www.purejewels.com\/product\/22-carat-gold-stud-earring-34606\/"]}]},{"@type":"ImageObject","inLanguage":"de","@id":"https:\/\/www.purejewels.com\/product\/22-carat-gold-stud-earring-34606\/#primaryimage","url":"https:\/\/static.purejewels.com\/wp-content\/uploads\/2021\/09\/34606-1.jpg","contentUrl":"https:\/\/static.purejewels.com\/wp-content\/uploads\/2021\/09\/34606-1.jpg","width":1000,"height":1000,"caption":"22ct Gold Stud Earring 34606-1"},{"@type":"BreadcrumbList","@id":"https:\/\/www.purejewels.com\/product\/22-carat-gold-stud-earring-34606\/#breadcrumb","itemListElement":[{"@type":"ListItem","position":1,"name":"Home","item":"https:\/\/www.purejewels.com\/"},{"@type":"ListItem","position":2,"name":"Shop","item":"https:\/\/www.purejewels.com\/shop\/"},{"@type":"ListItem","position":3,"name":"22ct Gold Modern Hexa CZ Stud Earrings"}]},{"@type":"WebSite","@id":"https:\/\/www.purejewels.com\/#website","url":"https:\/\/www.purejewels.com\/","name":"PureJewels UK","description":"Teile die Liebe","publisher":{"@id":"https:\/\/www.purejewels.com\/#organization"},"potentialAction":[{"@type":"SearchAction","target":{"@type":"EntryPoint","urlTemplate":"https:\/\/www.purejewels.com\/?s={search_term_string}"},"query-input":{"@type":"PropertyValueSpecification","valueRequired":true,"valueName":"search_term_string"}}],"inLanguage":"de"},{"@type":"Organization","@id":"https:\/\/www.purejewels.com\/#organization","name":"PureJewels UK","url":"https:\/\/www.purejewels.com\/","logo":{"@type":"ImageObject","inLanguage":"de","@id":"https:\/\/www.purejewels.com\/#\/schema\/logo\/image\/","url":"https:\/\/static.purejewels.com\/wp-content\/uploads\/2020\/11\/Logo-PJ-New-1.png","contentUrl":"https:\/\/static.purejewels.com\/wp-content\/uploads\/2020\/11\/Logo-PJ-New-1.png","width":150,"height":80,"caption":"PureJewels UK"},"image":{"@id":"https:\/\/www.purejewels.com\/#\/schema\/logo\/image\/"}}]}},"_links":{"self":[{"href":"https:\/\/www.purejewels.com\/de\/wp-json\/wp\/v2\/product\/327235","targetHints":{"allow":["GET"]}}],"collection":[{"href":"https:\/\/www.purejewels.com\/de\/wp-json\/wp\/v2\/product"}],"about":[{"href":"https:\/\/www.purejewels.com\/de\/wp-json\/wp\/v2\/types\/product"}],"replies":[{"embeddable":true,"href":"https:\/\/www.purejewels.com\/de\/wp-json\/wp\/v2\/comments?post=327235"}],"version-history":[{"count":2,"href":"https:\/\/www.purejewels.com\/de\/wp-json\/wp\/v2\/product\/327235\/revisions"}],"predecessor-version":[{"id":422937,"href":"https:\/\/www.purejewels.com\/de\/wp-json\/wp\/v2\/product\/327235\/revisions\/422937"}],"wp:featuredmedia":[{"embeddable":true,"href":"https:\/\/www.purejewels.com\/de\/wp-json\/wp\/v2\/media\/327236"}],"wp:attachment":[{"href":"https:\/\/www.purejewels.com\/de\/wp-json\/wp\/v2\/media?parent=327235"}],"wp:term":[{"taxonomy":"product_brand","embeddable":true,"href":"https:\/\/www.purejewels.com\/de\/wp-json\/wp\/v2\/product_brand?post=327235"},{"taxonomy":"product_cat","embeddable":true,"href":"https:\/\/www.purejewels.com\/de\/wp-json\/wp\/v2\/product_cat?post=327235"},{"taxonomy":"product_tag","embeddable":true,"href":"https:\/\/www.purejewels.com\/de\/wp-json\/wp\/v2\/product_tag?post=327235"}],"curies":[{"name":"wp","href":"https:\/\/api.w.org\/{rel}","templated":true}]}}