{"id":327250,"date":"2021-09-29T11:18:06","date_gmt":"2021-09-29T10:18:06","guid":{"rendered":"https:\/\/www.purejewels.com\/?post_type=product&#038;p=327250"},"modified":"2026-01-06T09:55:47","modified_gmt":"2026-01-06T09:55:47","slug":"22-karat-gold-herrenarmband-34129","status":"publish","type":"product","link":"https:\/\/www.purejewels.com\/de\/product\/22-carat-gold-gents-bracelet-34129\/","title":{"rendered":"22 Karat Gold Herrenarmband \u2013 Klassischer Panzerstil"},"content":{"rendered":"<p>Dieses Herrenarmband aus 22 Karat Gold verk\u00f6rpert mit seiner ruhigen St\u00e4rke und Tradition die Essenz m\u00e4nnlicher Eleganz.<\/p>\n<p>Das Armband ist aus strahlendem 22-Karat-Gelbgold handgefertigt und besticht durch sein klassisches Panzerketten-Design, das f\u00fcr sein markantes ineinandergreifendes Muster und seine zeitlose Ausstrahlung bekannt ist. Mit einer L\u00e4nge von 20 cm passt es sich bequem und individuell an die meisten Handgelenke an. Die Glieder sind fachm\u00e4nnisch hochglanzpoliert, was dem Armband einen edlen, reflektierenden Glanz verleiht \u2013 w\u00fcrdevoll und doch auff\u00e4llig.<\/p>\n<p>Der Verschluss ist auf sicheren Tragekomfort ausgelegt und verbindet Funktionalit\u00e4t mit einem eleganten, raffinierten Look. Ob als t\u00e4gliches Accessoire oder f\u00fcr besondere Anl\u00e4sse \u2013 dieses Armband verleiht jedem Outfit eine gewisse W\u00fcrde.<\/p>","protected":false},"excerpt":{"rendered":"<p>Dieses Herrenarmband aus massivem 22-kar\u00e4tigem Gold verf\u00fcgt \u00fcber ein traditionelles Panzerkettenmuster mit einem sicheren Verschluss. Eine ausgezeichnete Wahl f\u00fcr den modernen Gentleman.<\/p>\n<ul>\n<li>22ct Gold Armband<\/li>\n<li>Wt. 34.8 gms<\/li>\n<li>L\u00e4nge 8 Zoll<\/li>\n<li>SKU. 34129<\/li>\n<li>Alle Preise inklusive Mehrwertsteuer<\/li>\n<li>22ct Gold gestempelt von London Assay Office<\/li>\n<li>Mit Pr\u00e4sentationsbox<\/li>\n<li>Lieferung inbegriffen<\/li>\n<li>Live-Chat mit uns f\u00fcr die Verf\u00fcgbarkeit und mehr Bilder von Schmuck-Designs derzeit auf Lager<\/li>\n<\/ul>","protected":false},"featured_media":303886,"comment_status":"closed","ping_status":"closed","template":"","meta":{"_eb_attr":"","_crsspst_to_jayantr4sg-hostcom":false},"product_brand":[],"product_cat":[1571,1324,1572,1628],"product_tag":[],"class_list":{"0":"post-327250","1":"product","2":"type-product","3":"status-publish","4":"has-post-thumbnail","6":"product_cat-fathers-day-gifts","7":"product_cat-gold-bracelet","8":"product_cat-mens-jewellery","9":"product_cat-mens-bracelet","11":"first","12":"outofstock","13":"taxable","14":"shipping-taxable","15":"product-type-simple","16":"add-to-wishlist-before_image"},"yoast_head":"<!-- This site is optimized with the Yoast SEO plugin v27.3 - https:\/\/yoast.com\/product\/yoast-seo-wordpress\/ -->\n<title>22ct Gold Gents Bracelet \u2013 8 Inch | PureJewels Men\u2019s Jewellery<\/title>\n<meta name=\"description\" content=\"A bold 22ct gold bracelet for men, handcrafted with a classic curb design and high-polish finish. Crafted to honour strength, legacy, and refined taste.\" \/>\n<meta name=\"robots\" content=\"index, follow, max-snippet:-1, max-image-preview:large, max-video-preview:-1\" \/>\n<link rel=\"canonical\" href=\"https:\/\/www.purejewels.com\/de\/produkt-2\/22-karat-gold-herrenarmband-34129\/\" \/>\n<meta property=\"og:locale\" content=\"de_DE\" \/>\n<meta property=\"og:type\" content=\"article\" \/>\n<meta property=\"og:title\" content=\"22ct Gold Gents Bracelet \u2013 8 Inch | PureJewels Men\u2019s Jewellery\" \/>\n<meta property=\"og:description\" content=\"A bold 22ct gold bracelet for men, handcrafted with a classic curb design and high-polish finish. Crafted to honour strength, legacy, and refined taste.\" \/>\n<meta property=\"og:url\" content=\"https:\/\/www.purejewels.com\/de\/produkt-2\/22-karat-gold-herrenarmband-34129\/\" \/>\n<meta property=\"og:site_name\" content=\"PureJewels UK\" \/>\n<meta property=\"article:modified_time\" content=\"2026-01-06T09:55:47+00:00\" \/>\n<meta property=\"og:image\" content=\"https:\/\/static.purejewels.com\/wp-content\/uploads\/2018\/10\/27913_1.png\" \/>\n\t<meta property=\"og:image:width\" content=\"1000\" \/>\n\t<meta property=\"og:image:height\" content=\"1000\" \/>\n\t<meta property=\"og:image:type\" content=\"image\/png\" \/>\n<meta name=\"twitter:card\" content=\"summary_large_image\" \/>\n<meta name=\"twitter:label1\" content=\"Gesch\u00e4tzte Lesezeit\" \/>\n\t<meta name=\"twitter:data1\" content=\"1\u00a0Minute\" \/>\n<script type=\"application\/ld+json\" class=\"yoast-schema-graph\">{\"@context\":\"https:\\\/\\\/schema.org\",\"@graph\":[{\"@type\":[\"WebPage\",\"ItemPage\"],\"@id\":\"https:\\\/\\\/www.purejewels.com\\\/product\\\/22-carat-gold-gents-bracelet-34129\\\/\",\"url\":\"https:\\\/\\\/www.purejewels.com\\\/product\\\/22-carat-gold-gents-bracelet-34129\\\/\",\"name\":\"22ct Gold Gents Bracelet \u2013 8 Inch | PureJewels Men\u2019s Jewellery\",\"isPartOf\":{\"@id\":\"https:\\\/\\\/www.purejewels.com\\\/#website\"},\"primaryImageOfPage\":{\"@id\":\"https:\\\/\\\/www.purejewels.com\\\/product\\\/22-carat-gold-gents-bracelet-34129\\\/#primaryimage\"},\"image\":{\"@id\":\"https:\\\/\\\/www.purejewels.com\\\/product\\\/22-carat-gold-gents-bracelet-34129\\\/#primaryimage\"},\"thumbnailUrl\":\"https:\\\/\\\/static.purejewels.com\\\/wp-content\\\/uploads\\\/2018\\\/10\\\/27913_1.png\",\"datePublished\":\"2021-09-29T10:18:06+00:00\",\"dateModified\":\"2026-01-06T09:55:47+00:00\",\"description\":\"A bold 22ct gold bracelet for men, handcrafted with a classic curb design and high-polish finish. Crafted to honour strength, legacy, and refined taste.\",\"breadcrumb\":{\"@id\":\"https:\\\/\\\/www.purejewels.com\\\/product\\\/22-carat-gold-gents-bracelet-34129\\\/#breadcrumb\"},\"inLanguage\":\"de\",\"potentialAction\":[{\"@type\":\"ReadAction\",\"target\":[\"https:\\\/\\\/www.purejewels.com\\\/product\\\/22-carat-gold-gents-bracelet-34129\\\/\"]}]},{\"@type\":\"ImageObject\",\"inLanguage\":\"de\",\"@id\":\"https:\\\/\\\/www.purejewels.com\\\/product\\\/22-carat-gold-gents-bracelet-34129\\\/#primaryimage\",\"url\":\"https:\\\/\\\/static.purejewels.com\\\/wp-content\\\/uploads\\\/2018\\\/10\\\/27913_1.png\",\"contentUrl\":\"https:\\\/\\\/static.purejewels.com\\\/wp-content\\\/uploads\\\/2018\\\/10\\\/27913_1.png\",\"width\":1000,\"height\":1000,\"caption\":\"Bracelet in 22ct Gold\"},{\"@type\":\"BreadcrumbList\",\"@id\":\"https:\\\/\\\/www.purejewels.com\\\/product\\\/22-carat-gold-gents-bracelet-34129\\\/#breadcrumb\",\"itemListElement\":[{\"@type\":\"ListItem\",\"position\":1,\"name\":\"Home\",\"item\":\"https:\\\/\\\/www.purejewels.com\\\/\"},{\"@type\":\"ListItem\",\"position\":2,\"name\":\"Shop\",\"item\":\"https:\\\/\\\/www.purejewels.com\\\/shop\\\/\"},{\"@type\":\"ListItem\",\"position\":3,\"name\":\"22ct Gold Gents Bracelet \u2013 Classic Curb Style\"}]},{\"@type\":\"WebSite\",\"@id\":\"https:\\\/\\\/www.purejewels.com\\\/#website\",\"url\":\"https:\\\/\\\/www.purejewels.com\\\/\",\"name\":\"PureJewels UK\",\"description\":\"Share the Love\",\"publisher\":{\"@id\":\"https:\\\/\\\/www.purejewels.com\\\/#organization\"},\"potentialAction\":[{\"@type\":\"SearchAction\",\"target\":{\"@type\":\"EntryPoint\",\"urlTemplate\":\"https:\\\/\\\/www.purejewels.com\\\/?s={search_term_string}\"},\"query-input\":{\"@type\":\"PropertyValueSpecification\",\"valueRequired\":true,\"valueName\":\"search_term_string\"}}],\"inLanguage\":\"de\"},{\"@type\":\"Organization\",\"@id\":\"https:\\\/\\\/www.purejewels.com\\\/#organization\",\"name\":\"PureJewels UK\",\"url\":\"https:\\\/\\\/www.purejewels.com\\\/\",\"logo\":{\"@type\":\"ImageObject\",\"inLanguage\":\"de\",\"@id\":\"https:\\\/\\\/www.purejewels.com\\\/#\\\/schema\\\/logo\\\/image\\\/\",\"url\":\"https:\\\/\\\/static.purejewels.com\\\/wp-content\\\/uploads\\\/2020\\\/11\\\/Logo-PJ-New-1.png\",\"contentUrl\":\"https:\\\/\\\/static.purejewels.com\\\/wp-content\\\/uploads\\\/2020\\\/11\\\/Logo-PJ-New-1.png\",\"width\":150,\"height\":80,\"caption\":\"PureJewels UK\"},\"image\":{\"@id\":\"https:\\\/\\\/www.purejewels.com\\\/#\\\/schema\\\/logo\\\/image\\\/\"}}]}<\/script>\n<!-- \/ Yoast SEO plugin. -->","yoast_head_json":{"title":"22 Karat Gold Herrenarmband \u2013 8 Zoll | PureJewels Herrenschmuck","description":"Ein auff\u00e4lliges Armband aus 22 Karat Gold f\u00fcr Herren, handgefertigt mit klassischem Panzerdesign und hochglanzpolierter Oberfl\u00e4che. Entworfen, um St\u00e4rke, Tradition und raffinierten Geschmack zu w\u00fcrdigen.","robots":{"index":"index","follow":"follow","max-snippet":"max-snippet:-1","max-image-preview":"max-image-preview:large","max-video-preview":"max-video-preview:-1"},"canonical":"https:\/\/www.purejewels.com\/de\/produkt-2\/22-karat-gold-herrenarmband-34129\/","og_locale":"de_DE","og_type":"article","og_title":"22ct Gold Gents Bracelet \u2013 8 Inch | PureJewels Men\u2019s Jewellery","og_description":"A bold 22ct gold bracelet for men, handcrafted with a classic curb design and high-polish finish. Crafted to honour strength, legacy, and refined taste.","og_url":"https:\/\/www.purejewels.com\/de\/produkt-2\/22-karat-gold-herrenarmband-34129\/","og_site_name":"PureJewels UK","article_modified_time":"2026-01-06T09:55:47+00:00","og_image":[{"width":1000,"height":1000,"url":"https:\/\/static.purejewels.com\/wp-content\/uploads\/2018\/10\/27913_1.png","type":"image\/png"}],"twitter_card":"summary_large_image","twitter_misc":{"Gesch\u00e4tzte Lesezeit":"1\u00a0Minute"},"schema":{"@context":"https:\/\/schema.org","@graph":[{"@type":["WebPage","ItemPage"],"@id":"https:\/\/www.purejewels.com\/product\/22-carat-gold-gents-bracelet-34129\/","url":"https:\/\/www.purejewels.com\/product\/22-carat-gold-gents-bracelet-34129\/","name":"22 Karat Gold Herrenarmband \u2013 8 Zoll | PureJewels Herrenschmuck","isPartOf":{"@id":"https:\/\/www.purejewels.com\/#website"},"primaryImageOfPage":{"@id":"https:\/\/www.purejewels.com\/product\/22-carat-gold-gents-bracelet-34129\/#primaryimage"},"image":{"@id":"https:\/\/www.purejewels.com\/product\/22-carat-gold-gents-bracelet-34129\/#primaryimage"},"thumbnailUrl":"https:\/\/static.purejewels.com\/wp-content\/uploads\/2018\/10\/27913_1.png","datePublished":"2021-09-29T10:18:06+00:00","dateModified":"2026-01-06T09:55:47+00:00","description":"Ein auff\u00e4lliges Armband aus 22 Karat Gold f\u00fcr Herren, handgefertigt mit klassischem Panzerdesign und hochglanzpolierter Oberfl\u00e4che. Entworfen, um St\u00e4rke, Tradition und raffinierten Geschmack zu w\u00fcrdigen.","breadcrumb":{"@id":"https:\/\/www.purejewels.com\/product\/22-carat-gold-gents-bracelet-34129\/#breadcrumb"},"inLanguage":"de","potentialAction":[{"@type":"ReadAction","target":["https:\/\/www.purejewels.com\/product\/22-carat-gold-gents-bracelet-34129\/"]}]},{"@type":"ImageObject","inLanguage":"de","@id":"https:\/\/www.purejewels.com\/product\/22-carat-gold-gents-bracelet-34129\/#primaryimage","url":"https:\/\/static.purejewels.com\/wp-content\/uploads\/2018\/10\/27913_1.png","contentUrl":"https:\/\/static.purejewels.com\/wp-content\/uploads\/2018\/10\/27913_1.png","width":1000,"height":1000,"caption":"Bracelet in 22ct Gold"},{"@type":"BreadcrumbList","@id":"https:\/\/www.purejewels.com\/product\/22-carat-gold-gents-bracelet-34129\/#breadcrumb","itemListElement":[{"@type":"ListItem","position":1,"name":"Home","item":"https:\/\/www.purejewels.com\/"},{"@type":"ListItem","position":2,"name":"Shop","item":"https:\/\/www.purejewels.com\/shop\/"},{"@type":"ListItem","position":3,"name":"22ct Gold Gents Bracelet \u2013 Classic Curb Style"}]},{"@type":"WebSite","@id":"https:\/\/www.purejewels.com\/#website","url":"https:\/\/www.purejewels.com\/","name":"PureJewels UK","description":"Teile die Liebe","publisher":{"@id":"https:\/\/www.purejewels.com\/#organization"},"potentialAction":[{"@type":"SearchAction","target":{"@type":"EntryPoint","urlTemplate":"https:\/\/www.purejewels.com\/?s={search_term_string}"},"query-input":{"@type":"PropertyValueSpecification","valueRequired":true,"valueName":"search_term_string"}}],"inLanguage":"de"},{"@type":"Organization","@id":"https:\/\/www.purejewels.com\/#organization","name":"PureJewels UK","url":"https:\/\/www.purejewels.com\/","logo":{"@type":"ImageObject","inLanguage":"de","@id":"https:\/\/www.purejewels.com\/#\/schema\/logo\/image\/","url":"https:\/\/static.purejewels.com\/wp-content\/uploads\/2020\/11\/Logo-PJ-New-1.png","contentUrl":"https:\/\/static.purejewels.com\/wp-content\/uploads\/2020\/11\/Logo-PJ-New-1.png","width":150,"height":80,"caption":"PureJewels UK"},"image":{"@id":"https:\/\/www.purejewels.com\/#\/schema\/logo\/image\/"}}]}},"_links":{"self":[{"href":"https:\/\/www.purejewels.com\/de\/wp-json\/wp\/v2\/product\/327250","targetHints":{"allow":["GET"]}}],"collection":[{"href":"https:\/\/www.purejewels.com\/de\/wp-json\/wp\/v2\/product"}],"about":[{"href":"https:\/\/www.purejewels.com\/de\/wp-json\/wp\/v2\/types\/product"}],"replies":[{"embeddable":true,"href":"https:\/\/www.purejewels.com\/de\/wp-json\/wp\/v2\/comments?post=327250"}],"version-history":[{"count":3,"href":"https:\/\/www.purejewels.com\/de\/wp-json\/wp\/v2\/product\/327250\/revisions"}],"predecessor-version":[{"id":423291,"href":"https:\/\/www.purejewels.com\/de\/wp-json\/wp\/v2\/product\/327250\/revisions\/423291"}],"wp:featuredmedia":[{"embeddable":true,"href":"https:\/\/www.purejewels.com\/de\/wp-json\/wp\/v2\/media\/303886"}],"wp:attachment":[{"href":"https:\/\/www.purejewels.com\/de\/wp-json\/wp\/v2\/media?parent=327250"}],"wp:term":[{"taxonomy":"product_brand","embeddable":true,"href":"https:\/\/www.purejewels.com\/de\/wp-json\/wp\/v2\/product_brand?post=327250"},{"taxonomy":"product_cat","embeddable":true,"href":"https:\/\/www.purejewels.com\/de\/wp-json\/wp\/v2\/product_cat?post=327250"},{"taxonomy":"product_tag","embeddable":true,"href":"https:\/\/www.purejewels.com\/de\/wp-json\/wp\/v2\/product_tag?post=327250"}],"curies":[{"name":"wp","href":"https:\/\/api.w.org\/{rel}","templated":true}]}}