{"id":327317,"date":"2021-10-01T10:58:21","date_gmt":"2021-10-01T09:58:21","guid":{"rendered":"https:\/\/www.purejewels.com\/?post_type=product&#038;p=327317"},"modified":"2026-01-06T09:44:44","modified_gmt":"2026-01-06T09:44:44","slug":"mangalsutra-armband-aus-22-karat-gold-2","status":"publish","type":"product","link":"https:\/\/www.purejewels.com\/de\/product\/22ct-gold-mangalsutra-bracelet\/","title":{"rendered":"22 Karat Gold Mangalsutra Armband f\u00fcr Frauen"},"content":{"rendered":"<p><strong>Entwurf:<\/strong><br \/>\nDieses Mangalsutra-Armband ist eine moderne Interpretation des klassischen Mangalsutra-Designs. Es besteht aus den ikonischen schwarzen Perlen, die Schutz und Harmonie in der Ehe symbolisieren, kombiniert mit drei verzierten goldenen Tonnenperlen als zentralem Blickfang. Durch sein leichtes, minimalistisches Design eignet es sich ideal f\u00fcr den modernen Alltag.<\/p>\n<p><strong>Handwerkliches K\u00f6nnen:<\/strong><br \/>\nJede Perle ist fachm\u00e4nnisch aus 22 Karat Gelbgold gefertigt und mit feinen Gravuren und dezenten Rhodium-Akzenten versehen. Der sichere Karabinerverschluss sorgt f\u00fcr Langlebigkeit und einfache Handhabung, w\u00e4hrend die verstellbare L\u00e4nge einen bequemen Sitz gew\u00e4hrleistet.<\/p>\n<p><strong>Stil:<\/strong><br \/>\nZeitlos und elegant \u2013 dieses Armband ist ein Must-have f\u00fcr verheiratete Frauen, die eine Balance zwischen kultureller Tradition und schickem Minimalismus suchen. Tragen Sie es als t\u00e4gliches Symbol Ihrer Verbundenheit oder kombinieren Sie es mit anderem Goldschmuck f\u00fcr festliche oder formelle Anl\u00e4sse.<\/p>","protected":false},"excerpt":{"rendered":"<p>Ein wundersch\u00f6nes, handgefertigtes Mangalsutra-Armband aus 22 Karat Gold mit schwarzen Perlen und strukturierten Goldakzenten. Perfekt f\u00fcr den Alltag oder als Geschenk.<\/p>\n<ul>\n<li>22ct\u00a0<span id=\"urn:enhancement-6b5dda1b\" class=\"textannotation\">Gold<\/span>\u00a0Mangalsutra-Armband<\/li>\n<li>Mit rhodinierter Oberfl\u00e4che<\/li>\n<li>Gewicht. 4.1 gms<\/li>\n<li>Sku 34682<\/li>\n<li>L\u00e4nge 7 Zoll<\/li>\n<li>Alle Preise inklusive Mehrwertsteuer<\/li>\n<li>Alle 22\u00a0<span id=\"urn:enhancement-96f8acd8\" class=\"textannotation\">Karat<\/span>\u00a0<span id=\"urn:enhancement-475c5677\" class=\"textannotation\">Gold<\/span>\u00a0Armb\u00e4nder sind von London gestempelt\u00a0<span id=\"urn:enhancement-50f6b5fe\" class=\"textannotation\">Pr\u00fcfstelle<\/span><\/li>\n<li>Alle\u00a0<span id=\"urn:enhancement-a52000c\" class=\"textannotation\">Gold<\/span>\u00a0Armband f\u00fcr Frauen kommt mit Geschenkbox<\/li>\n<li>Lieferung inbegriffen<\/li>\n<li>Live-Chat mit uns f\u00fcr die Verf\u00fcgbarkeit und mehr Bilder von \u00e4hnlichen\u00a0<span id=\"urn:enhancement-bc77c438\" class=\"textannotation\">Entw\u00fcrfe<\/span>\u00a0derzeit in\u00a0<span id=\"urn:enhancement-973deb93\" class=\"textannotation\">Aktie<\/span><\/li>\n<\/ul>","protected":false},"featured_media":327318,"comment_status":"closed","ping_status":"closed","template":"","meta":{"_eb_attr":"","_crsspst_to_jayantr4sg-hostcom":false},"product_brand":[],"product_cat":[1791,1559,1324,1627,1573,1574],"product_tag":[],"class_list":{"0":"post-327317","1":"product","2":"type-product","3":"status-publish","4":"has-post-thumbnail","6":"product_cat-anniversary-gifts","7":"product_cat-birthday-gifts","8":"product_cat-gold-bracelet","9":"product_cat-ladies-bracelet","10":"product_cat-wedding-gifts","11":"product_cat-womens-jewellery","13":"first","14":"outofstock","15":"taxable","16":"shipping-taxable","17":"product-type-simple","18":"add-to-wishlist-before_image"},"yoast_head":"<!-- This site is optimized with the Yoast SEO plugin v27.5 - https:\/\/yoast.com\/product\/yoast-seo-wordpress\/ -->\n<title>22ct Gold Mangalsutra Bracelet | Traditional in a Modern Form<\/title>\n<meta name=\"description\" content=\"Celebrate sacred bonds with this 22ct Gold Mangalsutra Bracelet. A perfect blend of tradition and style for modern women.\" \/>\n<meta name=\"robots\" content=\"index, follow, max-snippet:-1, max-image-preview:large, max-video-preview:-1\" \/>\n<link rel=\"canonical\" href=\"https:\/\/www.purejewels.com\/de\/produkt-2\/mangalsutra-armband-aus-22-karat-gold-2\/\" \/>\n<meta property=\"og:locale\" content=\"de_DE\" \/>\n<meta property=\"og:type\" content=\"article\" \/>\n<meta property=\"og:title\" content=\"22ct Gold Mangalsutra Bracelet | Traditional in a Modern Form\" \/>\n<meta property=\"og:description\" content=\"Celebrate sacred bonds with this 22ct Gold Mangalsutra Bracelet. A perfect blend of tradition and style for modern women.\" \/>\n<meta property=\"og:url\" content=\"https:\/\/www.purejewels.com\/de\/produkt-2\/mangalsutra-armband-aus-22-karat-gold-2\/\" \/>\n<meta property=\"og:site_name\" content=\"PureJewels UK\" \/>\n<meta property=\"article:modified_time\" content=\"2026-01-06T09:44:44+00:00\" \/>\n<meta property=\"og:image\" content=\"https:\/\/static.purejewels.com\/wp-content\/uploads\/2021\/10\/34682-2.jpg\" \/>\n\t<meta property=\"og:image:width\" content=\"1000\" \/>\n\t<meta property=\"og:image:height\" content=\"1000\" \/>\n\t<meta property=\"og:image:type\" content=\"image\/jpeg\" \/>\n<meta name=\"twitter:card\" content=\"summary_large_image\" \/>\n<meta name=\"twitter:label1\" content=\"Gesch\u00e4tzte Lesezeit\" \/>\n\t<meta name=\"twitter:data1\" content=\"1\u00a0Minute\" \/>\n<script type=\"application\/ld+json\" class=\"yoast-schema-graph\">{\"@context\":\"https:\\\/\\\/schema.org\",\"@graph\":[{\"@type\":[\"WebPage\",\"ItemPage\"],\"@id\":\"https:\\\/\\\/www.purejewels.com\\\/product\\\/22ct-gold-mangalsutra-bracelet\\\/\",\"url\":\"https:\\\/\\\/www.purejewels.com\\\/product\\\/22ct-gold-mangalsutra-bracelet\\\/\",\"name\":\"22ct Gold Mangalsutra Bracelet | Traditional in a Modern Form\",\"isPartOf\":{\"@id\":\"https:\\\/\\\/www.purejewels.com\\\/#website\"},\"primaryImageOfPage\":{\"@id\":\"https:\\\/\\\/www.purejewels.com\\\/product\\\/22ct-gold-mangalsutra-bracelet\\\/#primaryimage\"},\"image\":{\"@id\":\"https:\\\/\\\/www.purejewels.com\\\/product\\\/22ct-gold-mangalsutra-bracelet\\\/#primaryimage\"},\"thumbnailUrl\":\"https:\\\/\\\/static.purejewels.com\\\/wp-content\\\/uploads\\\/2021\\\/10\\\/34682-2.jpg\",\"datePublished\":\"2021-10-01T09:58:21+00:00\",\"dateModified\":\"2026-01-06T09:44:44+00:00\",\"description\":\"Celebrate sacred bonds with this 22ct Gold Mangalsutra Bracelet. A perfect blend of tradition and style for modern women.\",\"breadcrumb\":{\"@id\":\"https:\\\/\\\/www.purejewels.com\\\/product\\\/22ct-gold-mangalsutra-bracelet\\\/#breadcrumb\"},\"inLanguage\":\"de\",\"potentialAction\":[{\"@type\":\"ReadAction\",\"target\":[\"https:\\\/\\\/www.purejewels.com\\\/product\\\/22ct-gold-mangalsutra-bracelet\\\/\"]}]},{\"@type\":\"ImageObject\",\"inLanguage\":\"de\",\"@id\":\"https:\\\/\\\/www.purejewels.com\\\/product\\\/22ct-gold-mangalsutra-bracelet\\\/#primaryimage\",\"url\":\"https:\\\/\\\/static.purejewels.com\\\/wp-content\\\/uploads\\\/2021\\\/10\\\/34682-2.jpg\",\"contentUrl\":\"https:\\\/\\\/static.purejewels.com\\\/wp-content\\\/uploads\\\/2021\\\/10\\\/34682-2.jpg\",\"width\":1000,\"height\":1000,\"caption\":\"22ct Gold Mangalsutra 34682-2\"},{\"@type\":\"BreadcrumbList\",\"@id\":\"https:\\\/\\\/www.purejewels.com\\\/product\\\/22ct-gold-mangalsutra-bracelet\\\/#breadcrumb\",\"itemListElement\":[{\"@type\":\"ListItem\",\"position\":1,\"name\":\"Home\",\"item\":\"https:\\\/\\\/www.purejewels.com\\\/\"},{\"@type\":\"ListItem\",\"position\":2,\"name\":\"Shop\",\"item\":\"https:\\\/\\\/www.purejewels.com\\\/shop\\\/\"},{\"@type\":\"ListItem\",\"position\":3,\"name\":\"22ct Gold Mangalsutra Bracelet for Women\"}]},{\"@type\":\"WebSite\",\"@id\":\"https:\\\/\\\/www.purejewels.com\\\/#website\",\"url\":\"https:\\\/\\\/www.purejewels.com\\\/\",\"name\":\"PureJewels UK\",\"description\":\"Share the Love\",\"publisher\":{\"@id\":\"https:\\\/\\\/www.purejewels.com\\\/#organization\"},\"potentialAction\":[{\"@type\":\"SearchAction\",\"target\":{\"@type\":\"EntryPoint\",\"urlTemplate\":\"https:\\\/\\\/www.purejewels.com\\\/?s={search_term_string}\"},\"query-input\":{\"@type\":\"PropertyValueSpecification\",\"valueRequired\":true,\"valueName\":\"search_term_string\"}}],\"inLanguage\":\"de\"},{\"@type\":\"Organization\",\"@id\":\"https:\\\/\\\/www.purejewels.com\\\/#organization\",\"name\":\"PureJewels UK\",\"url\":\"https:\\\/\\\/www.purejewels.com\\\/\",\"logo\":{\"@type\":\"ImageObject\",\"inLanguage\":\"de\",\"@id\":\"https:\\\/\\\/www.purejewels.com\\\/#\\\/schema\\\/logo\\\/image\\\/\",\"url\":\"https:\\\/\\\/static.purejewels.com\\\/wp-content\\\/uploads\\\/2020\\\/11\\\/Logo-PJ-New-1.png\",\"contentUrl\":\"https:\\\/\\\/static.purejewels.com\\\/wp-content\\\/uploads\\\/2020\\\/11\\\/Logo-PJ-New-1.png\",\"width\":150,\"height\":80,\"caption\":\"PureJewels UK\"},\"image\":{\"@id\":\"https:\\\/\\\/www.purejewels.com\\\/#\\\/schema\\\/logo\\\/image\\\/\"}}]}<\/script>\n<!-- \/ Yoast SEO plugin. -->","yoast_head_json":{"title":"22 Karat Gold Mangalsutra Armband | Traditionell in moderner Form","description":"Feiern Sie heilige Bindungen mit diesem Mangalsutra-Armband aus 22 Karat Gold. Eine perfekte Mischung aus Tradition und Stil f\u00fcr moderne Frauen.","robots":{"index":"index","follow":"follow","max-snippet":"max-snippet:-1","max-image-preview":"max-image-preview:large","max-video-preview":"max-video-preview:-1"},"canonical":"https:\/\/www.purejewels.com\/de\/produkt-2\/mangalsutra-armband-aus-22-karat-gold-2\/","og_locale":"de_DE","og_type":"article","og_title":"22ct Gold Mangalsutra Bracelet | Traditional in a Modern Form","og_description":"Celebrate sacred bonds with this 22ct Gold Mangalsutra Bracelet. A perfect blend of tradition and style for modern women.","og_url":"https:\/\/www.purejewels.com\/de\/produkt-2\/mangalsutra-armband-aus-22-karat-gold-2\/","og_site_name":"PureJewels UK","article_modified_time":"2026-01-06T09:44:44+00:00","og_image":[{"width":1000,"height":1000,"url":"https:\/\/static.purejewels.com\/wp-content\/uploads\/2021\/10\/34682-2.jpg","type":"image\/jpeg"}],"twitter_card":"summary_large_image","twitter_misc":{"Gesch\u00e4tzte Lesezeit":"1\u00a0Minute"},"schema":{"@context":"https:\/\/schema.org","@graph":[{"@type":["WebPage","ItemPage"],"@id":"https:\/\/www.purejewels.com\/product\/22ct-gold-mangalsutra-bracelet\/","url":"https:\/\/www.purejewels.com\/product\/22ct-gold-mangalsutra-bracelet\/","name":"22 Karat Gold Mangalsutra Armband | Traditionell in moderner Form","isPartOf":{"@id":"https:\/\/www.purejewels.com\/#website"},"primaryImageOfPage":{"@id":"https:\/\/www.purejewels.com\/product\/22ct-gold-mangalsutra-bracelet\/#primaryimage"},"image":{"@id":"https:\/\/www.purejewels.com\/product\/22ct-gold-mangalsutra-bracelet\/#primaryimage"},"thumbnailUrl":"https:\/\/static.purejewels.com\/wp-content\/uploads\/2021\/10\/34682-2.jpg","datePublished":"2021-10-01T09:58:21+00:00","dateModified":"2026-01-06T09:44:44+00:00","description":"Feiern Sie heilige Bindungen mit diesem Mangalsutra-Armband aus 22 Karat Gold. Eine perfekte Mischung aus Tradition und Stil f\u00fcr moderne Frauen.","breadcrumb":{"@id":"https:\/\/www.purejewels.com\/product\/22ct-gold-mangalsutra-bracelet\/#breadcrumb"},"inLanguage":"de","potentialAction":[{"@type":"ReadAction","target":["https:\/\/www.purejewels.com\/product\/22ct-gold-mangalsutra-bracelet\/"]}]},{"@type":"ImageObject","inLanguage":"de","@id":"https:\/\/www.purejewels.com\/product\/22ct-gold-mangalsutra-bracelet\/#primaryimage","url":"https:\/\/static.purejewels.com\/wp-content\/uploads\/2021\/10\/34682-2.jpg","contentUrl":"https:\/\/static.purejewels.com\/wp-content\/uploads\/2021\/10\/34682-2.jpg","width":1000,"height":1000,"caption":"22ct Gold Mangalsutra 34682-2"},{"@type":"BreadcrumbList","@id":"https:\/\/www.purejewels.com\/product\/22ct-gold-mangalsutra-bracelet\/#breadcrumb","itemListElement":[{"@type":"ListItem","position":1,"name":"Home","item":"https:\/\/www.purejewels.com\/"},{"@type":"ListItem","position":2,"name":"Shop","item":"https:\/\/www.purejewels.com\/shop\/"},{"@type":"ListItem","position":3,"name":"22ct Gold Mangalsutra Bracelet for Women"}]},{"@type":"WebSite","@id":"https:\/\/www.purejewels.com\/#website","url":"https:\/\/www.purejewels.com\/","name":"PureJewels UK","description":"Teile die Liebe","publisher":{"@id":"https:\/\/www.purejewels.com\/#organization"},"potentialAction":[{"@type":"SearchAction","target":{"@type":"EntryPoint","urlTemplate":"https:\/\/www.purejewels.com\/?s={search_term_string}"},"query-input":{"@type":"PropertyValueSpecification","valueRequired":true,"valueName":"search_term_string"}}],"inLanguage":"de"},{"@type":"Organization","@id":"https:\/\/www.purejewels.com\/#organization","name":"PureJewels UK","url":"https:\/\/www.purejewels.com\/","logo":{"@type":"ImageObject","inLanguage":"de","@id":"https:\/\/www.purejewels.com\/#\/schema\/logo\/image\/","url":"https:\/\/static.purejewels.com\/wp-content\/uploads\/2020\/11\/Logo-PJ-New-1.png","contentUrl":"https:\/\/static.purejewels.com\/wp-content\/uploads\/2020\/11\/Logo-PJ-New-1.png","width":150,"height":80,"caption":"PureJewels UK"},"image":{"@id":"https:\/\/www.purejewels.com\/#\/schema\/logo\/image\/"}}]}},"_links":{"self":[{"href":"https:\/\/www.purejewels.com\/de\/wp-json\/wp\/v2\/product\/327317","targetHints":{"allow":["GET"]}}],"collection":[{"href":"https:\/\/www.purejewels.com\/de\/wp-json\/wp\/v2\/product"}],"about":[{"href":"https:\/\/www.purejewels.com\/de\/wp-json\/wp\/v2\/types\/product"}],"replies":[{"embeddable":true,"href":"https:\/\/www.purejewels.com\/de\/wp-json\/wp\/v2\/comments?post=327317"}],"version-history":[{"count":2,"href":"https:\/\/www.purejewels.com\/de\/wp-json\/wp\/v2\/product\/327317\/revisions"}],"predecessor-version":[{"id":424034,"href":"https:\/\/www.purejewels.com\/de\/wp-json\/wp\/v2\/product\/327317\/revisions\/424034"}],"wp:featuredmedia":[{"embeddable":true,"href":"https:\/\/www.purejewels.com\/de\/wp-json\/wp\/v2\/media\/327318"}],"wp:attachment":[{"href":"https:\/\/www.purejewels.com\/de\/wp-json\/wp\/v2\/media?parent=327317"}],"wp:term":[{"taxonomy":"product_brand","embeddable":true,"href":"https:\/\/www.purejewels.com\/de\/wp-json\/wp\/v2\/product_brand?post=327317"},{"taxonomy":"product_cat","embeddable":true,"href":"https:\/\/www.purejewels.com\/de\/wp-json\/wp\/v2\/product_cat?post=327317"},{"taxonomy":"product_tag","embeddable":true,"href":"https:\/\/www.purejewels.com\/de\/wp-json\/wp\/v2\/product_tag?post=327317"}],"curies":[{"name":"wp","href":"https:\/\/api.w.org\/{rel}","templated":true}]}}