{"id":327347,"date":"2021-10-04T05:39:48","date_gmt":"2021-10-04T04:39:48","guid":{"rendered":"https:\/\/www.purejewels.com\/?post_type=product&#038;p=327347"},"modified":"2026-03-18T09:16:40","modified_gmt":"2026-03-18T09:16:40","slug":"22-karat-echtgold-armreif-32639","status":"publish","type":"product","link":"https:\/\/www.purejewels.com\/de\/product\/22ct-real-gold-bangle-32639\/","title":{"rendered":"22ct Twisted Pattern Echtgold Armreif"},"content":{"rendered":"<p>Gestaltung<br \/>\nDieser Armreif zeichnet sich durch ein durchgehendes, gedrehtes Muster auf der Oberfl\u00e4che aus, das ein sanftes Gef\u00fchl der Bewegung in einer klassischen runden Form erzeugt. Das Design verleiht ihm eine subtile Tiefe und bewahrt gleichzeitig eine klare und raffinierte Silhouette. Sein schlankes Profil sorgt f\u00fcr eine leichte Pr\u00e4senz am Handgelenk und macht ihn vielseitig und ausdrucksstark.<\/p>\n<p>Handwerkliches K\u00f6nnen<br \/>\nDer aus 22-kar\u00e4tigem Gold gefertigte Armreif wurde sorgf\u00e4ltig geformt, um eine glatte Innenfl\u00e4che f\u00fcr mehr Komfort und ein pr\u00e4zise definiertes Au\u00dfenmuster zu erhalten. Die Details sind gleichm\u00e4\u00dfig ausgef\u00fchrt und unterstreichen den Fluss des Designs. Jedes St\u00fcck ist im Vereinigten K\u00f6nigreich gepunzt und garantiert zertifizierte Goldreinheit und feine Handwerkskunst.<\/p>\n<p>Styling &amp; Geschenkartikel<br \/>\nDieser Armreif ist ideal f\u00fcr den Alltag und kann f\u00fcr einen minimalistischen Look allein getragen oder mit anderen Schmuckst\u00fccken kombiniert werden, um ihm mehr Dimension zu verleihen. Er passt m\u00fchelos sowohl zu traditionellen als auch zu modernen Outfits. Ein durchdachtes Geschenk f\u00fcr Geburtstage oder als zeitlose Erg\u00e4nzung einer Schmucksammlung.<\/p>","protected":false},"excerpt":{"rendered":"<div class=\"woocommerce-product-details__short-description\">\n<ul>\n<li>22ct Daily Wear Gold Armreif<\/li>\n<li>Gewicht 8,1 g<\/li>\n<li>Gr\u00f6\u00dfe 2.4<\/li>\n<li>SKU. 32639<\/li>\n<li>Bitte\u00a0<span id=\"urn:enhancement-a7cd005b\" class=\"textannotation\">Hinweis<\/span>\u00a0<span id=\"urn:enhancement-fad2f3cd\" class=\"textannotation\">Preis<\/span>\u00a0<span id=\"urn:enhancement-945ebc1\" class=\"textannotation\">zitiert<\/span>\u00a0hier ist f\u00fcr eine\u00a0<span id=\"urn:enhancement-cceafd6a\" class=\"textannotation\">Einzeln<\/span>\u00a0Armreif<\/li>\n<li>Alle Preise inklusive Mehrwertsteuer<\/li>\n<li>22ct Gold gestempelt von London Assay Office<\/li>\n<li>Mit Pr\u00e4sentationsbox<\/li>\n<li>Lieferung inbegriffen<\/li>\n<li>Kann auf Bestellung in allen Gr\u00f6\u00dfen hergestellt werden<\/li>\n<li>Live-Chat mit uns f\u00fcr die Verf\u00fcgbarkeit und mehr Bilder von \u00e4hnlichen Designs derzeit auf Lager<\/li>\n<\/ul>\n<\/div>\n<div class=\"btn-atc atc-slide\"><\/div>\n<div class=\"product_meta\"><\/div>","protected":false},"featured_media":326421,"comment_status":"closed","ping_status":"closed","template":"","meta":{"_eb_attr":"","_crsspst_to_jayantr4sg-hostcom":false},"product_brand":[],"product_cat":[1229],"product_tag":[],"class_list":{"0":"post-327347","1":"product","2":"type-product","3":"status-publish","4":"has-post-thumbnail","6":"product_cat-22ct-gold-jewellery","8":"first","9":"outofstock","10":"taxable","11":"shipping-taxable","12":"product-type-simple","13":"add-to-wishlist-before_image"},"yoast_head":"<!-- This site is optimized with the Yoast SEO plugin v27.3 - https:\/\/yoast.com\/product\/yoast-seo-wordpress\/ -->\n<title>22ct Twisted Pattern Real Gold Bangle | Online at PureJewels UK<\/title>\n<meta name=\"description\" content=\"Shop a 22ct gold bangle featuring a twisted pattern design with a polished finish. Handcrafted and UK hallmarked for purity.\" \/>\n<meta name=\"robots\" content=\"index, follow, max-snippet:-1, max-image-preview:large, max-video-preview:-1\" \/>\n<link rel=\"canonical\" href=\"https:\/\/www.purejewels.com\/de\/produkt-2\/22-karat-echtgold-armreif-32639\/\" \/>\n<meta property=\"og:locale\" content=\"de_DE\" \/>\n<meta property=\"og:type\" content=\"article\" \/>\n<meta property=\"og:title\" content=\"22ct Twisted Pattern Real Gold Bangle | Online at PureJewels UK\" \/>\n<meta property=\"og:description\" content=\"Shop a 22ct gold bangle featuring a twisted pattern design with a polished finish. Handcrafted and UK hallmarked for purity.\" \/>\n<meta property=\"og:url\" content=\"https:\/\/www.purejewels.com\/de\/produkt-2\/22-karat-echtgold-armreif-32639\/\" \/>\n<meta property=\"og:site_name\" content=\"PureJewels UK\" \/>\n<meta property=\"article:modified_time\" content=\"2026-03-18T09:16:40+00:00\" \/>\n<meta property=\"og:image\" content=\"https:\/\/static.purejewels.com\/wp-content\/uploads\/2021\/07\/32638_1.jpg\" \/>\n\t<meta property=\"og:image:width\" content=\"1000\" \/>\n\t<meta property=\"og:image:height\" content=\"1000\" \/>\n\t<meta property=\"og:image:type\" content=\"image\/jpeg\" \/>\n<meta name=\"twitter:card\" content=\"summary_large_image\" \/>\n<meta name=\"twitter:label1\" content=\"Gesch\u00e4tzte Lesezeit\" \/>\n\t<meta name=\"twitter:data1\" content=\"1\u00a0Minute\" \/>\n<script type=\"application\/ld+json\" class=\"yoast-schema-graph\">{\"@context\":\"https:\\\/\\\/schema.org\",\"@graph\":[{\"@type\":[\"WebPage\",\"ItemPage\"],\"@id\":\"https:\\\/\\\/www.purejewels.com\\\/product\\\/22ct-real-gold-bangle-32639\\\/\",\"url\":\"https:\\\/\\\/www.purejewels.com\\\/product\\\/22ct-real-gold-bangle-32639\\\/\",\"name\":\"22ct Twisted Pattern Real Gold Bangle | Online at PureJewels UK\",\"isPartOf\":{\"@id\":\"https:\\\/\\\/www.purejewels.com\\\/#website\"},\"primaryImageOfPage\":{\"@id\":\"https:\\\/\\\/www.purejewels.com\\\/product\\\/22ct-real-gold-bangle-32639\\\/#primaryimage\"},\"image\":{\"@id\":\"https:\\\/\\\/www.purejewels.com\\\/product\\\/22ct-real-gold-bangle-32639\\\/#primaryimage\"},\"thumbnailUrl\":\"https:\\\/\\\/static.purejewels.com\\\/wp-content\\\/uploads\\\/2021\\\/07\\\/32638_1.jpg\",\"datePublished\":\"2021-10-04T04:39:48+00:00\",\"dateModified\":\"2026-03-18T09:16:40+00:00\",\"description\":\"Shop a 22ct gold bangle featuring a twisted pattern design with a polished finish. Handcrafted and UK hallmarked for purity.\",\"breadcrumb\":{\"@id\":\"https:\\\/\\\/www.purejewels.com\\\/product\\\/22ct-real-gold-bangle-32639\\\/#breadcrumb\"},\"inLanguage\":\"de\",\"potentialAction\":[{\"@type\":\"ReadAction\",\"target\":[\"https:\\\/\\\/www.purejewels.com\\\/product\\\/22ct-real-gold-bangle-32639\\\/\"]}]},{\"@type\":\"ImageObject\",\"inLanguage\":\"de\",\"@id\":\"https:\\\/\\\/www.purejewels.com\\\/product\\\/22ct-real-gold-bangle-32639\\\/#primaryimage\",\"url\":\"https:\\\/\\\/static.purejewels.com\\\/wp-content\\\/uploads\\\/2021\\\/07\\\/32638_1.jpg\",\"contentUrl\":\"https:\\\/\\\/static.purejewels.com\\\/wp-content\\\/uploads\\\/2021\\\/07\\\/32638_1.jpg\",\"width\":1000,\"height\":1000,\"caption\":\"22ct Gold Bangle 32638_1\"},{\"@type\":\"BreadcrumbList\",\"@id\":\"https:\\\/\\\/www.purejewels.com\\\/product\\\/22ct-real-gold-bangle-32639\\\/#breadcrumb\",\"itemListElement\":[{\"@type\":\"ListItem\",\"position\":1,\"name\":\"Home\",\"item\":\"https:\\\/\\\/www.purejewels.com\\\/\"},{\"@type\":\"ListItem\",\"position\":2,\"name\":\"Shop\",\"item\":\"https:\\\/\\\/www.purejewels.com\\\/shop\\\/\"},{\"@type\":\"ListItem\",\"position\":3,\"name\":\"22ct Twisted Pattern Real Gold Bangle\"}]},{\"@type\":\"WebSite\",\"@id\":\"https:\\\/\\\/www.purejewels.com\\\/#website\",\"url\":\"https:\\\/\\\/www.purejewels.com\\\/\",\"name\":\"PureJewels UK\",\"description\":\"Share the Love\",\"publisher\":{\"@id\":\"https:\\\/\\\/www.purejewels.com\\\/#organization\"},\"potentialAction\":[{\"@type\":\"SearchAction\",\"target\":{\"@type\":\"EntryPoint\",\"urlTemplate\":\"https:\\\/\\\/www.purejewels.com\\\/?s={search_term_string}\"},\"query-input\":{\"@type\":\"PropertyValueSpecification\",\"valueRequired\":true,\"valueName\":\"search_term_string\"}}],\"inLanguage\":\"de\"},{\"@type\":\"Organization\",\"@id\":\"https:\\\/\\\/www.purejewels.com\\\/#organization\",\"name\":\"PureJewels UK\",\"url\":\"https:\\\/\\\/www.purejewels.com\\\/\",\"logo\":{\"@type\":\"ImageObject\",\"inLanguage\":\"de\",\"@id\":\"https:\\\/\\\/www.purejewels.com\\\/#\\\/schema\\\/logo\\\/image\\\/\",\"url\":\"https:\\\/\\\/static.purejewels.com\\\/wp-content\\\/uploads\\\/2020\\\/11\\\/Logo-PJ-New-1.png\",\"contentUrl\":\"https:\\\/\\\/static.purejewels.com\\\/wp-content\\\/uploads\\\/2020\\\/11\\\/Logo-PJ-New-1.png\",\"width\":150,\"height\":80,\"caption\":\"PureJewels UK\"},\"image\":{\"@id\":\"https:\\\/\\\/www.purejewels.com\\\/#\\\/schema\\\/logo\\\/image\\\/\"}}]}<\/script>\n<!-- \/ Yoast SEO plugin. -->","yoast_head_json":{"title":"22ct Twisted Pattern Echtgold Armreif | Online bei PureJewels UK","description":"Shoppen Sie einen Armreif aus 22 Karat Gold mit gedrehtem Muster und polierter Oberfl\u00e4che. Handgefertigt und in Gro\u00dfbritannien f\u00fcr Reinheit gepunzt.","robots":{"index":"index","follow":"follow","max-snippet":"max-snippet:-1","max-image-preview":"max-image-preview:large","max-video-preview":"max-video-preview:-1"},"canonical":"https:\/\/www.purejewels.com\/de\/produkt-2\/22-karat-echtgold-armreif-32639\/","og_locale":"de_DE","og_type":"article","og_title":"22ct Twisted Pattern Real Gold Bangle | Online at PureJewels UK","og_description":"Shop a 22ct gold bangle featuring a twisted pattern design with a polished finish. Handcrafted and UK hallmarked for purity.","og_url":"https:\/\/www.purejewels.com\/de\/produkt-2\/22-karat-echtgold-armreif-32639\/","og_site_name":"PureJewels UK","article_modified_time":"2026-03-18T09:16:40+00:00","og_image":[{"width":1000,"height":1000,"url":"https:\/\/static.purejewels.com\/wp-content\/uploads\/2021\/07\/32638_1.jpg","type":"image\/jpeg"}],"twitter_card":"summary_large_image","twitter_misc":{"Gesch\u00e4tzte Lesezeit":"1\u00a0Minute"},"schema":{"@context":"https:\/\/schema.org","@graph":[{"@type":["WebPage","ItemPage"],"@id":"https:\/\/www.purejewels.com\/product\/22ct-real-gold-bangle-32639\/","url":"https:\/\/www.purejewels.com\/product\/22ct-real-gold-bangle-32639\/","name":"22ct Twisted Pattern Echtgold Armreif | Online bei PureJewels UK","isPartOf":{"@id":"https:\/\/www.purejewels.com\/#website"},"primaryImageOfPage":{"@id":"https:\/\/www.purejewels.com\/product\/22ct-real-gold-bangle-32639\/#primaryimage"},"image":{"@id":"https:\/\/www.purejewels.com\/product\/22ct-real-gold-bangle-32639\/#primaryimage"},"thumbnailUrl":"https:\/\/static.purejewels.com\/wp-content\/uploads\/2021\/07\/32638_1.jpg","datePublished":"2021-10-04T04:39:48+00:00","dateModified":"2026-03-18T09:16:40+00:00","description":"Shoppen Sie einen Armreif aus 22 Karat Gold mit gedrehtem Muster und polierter Oberfl\u00e4che. Handgefertigt und in Gro\u00dfbritannien f\u00fcr Reinheit gepunzt.","breadcrumb":{"@id":"https:\/\/www.purejewels.com\/product\/22ct-real-gold-bangle-32639\/#breadcrumb"},"inLanguage":"de","potentialAction":[{"@type":"ReadAction","target":["https:\/\/www.purejewels.com\/product\/22ct-real-gold-bangle-32639\/"]}]},{"@type":"ImageObject","inLanguage":"de","@id":"https:\/\/www.purejewels.com\/product\/22ct-real-gold-bangle-32639\/#primaryimage","url":"https:\/\/static.purejewels.com\/wp-content\/uploads\/2021\/07\/32638_1.jpg","contentUrl":"https:\/\/static.purejewels.com\/wp-content\/uploads\/2021\/07\/32638_1.jpg","width":1000,"height":1000,"caption":"22ct Gold Bangle 32638_1"},{"@type":"BreadcrumbList","@id":"https:\/\/www.purejewels.com\/product\/22ct-real-gold-bangle-32639\/#breadcrumb","itemListElement":[{"@type":"ListItem","position":1,"name":"Home","item":"https:\/\/www.purejewels.com\/"},{"@type":"ListItem","position":2,"name":"Shop","item":"https:\/\/www.purejewels.com\/shop\/"},{"@type":"ListItem","position":3,"name":"22ct Twisted Pattern Real Gold Bangle"}]},{"@type":"WebSite","@id":"https:\/\/www.purejewels.com\/#website","url":"https:\/\/www.purejewels.com\/","name":"PureJewels UK","description":"Teile die Liebe","publisher":{"@id":"https:\/\/www.purejewels.com\/#organization"},"potentialAction":[{"@type":"SearchAction","target":{"@type":"EntryPoint","urlTemplate":"https:\/\/www.purejewels.com\/?s={search_term_string}"},"query-input":{"@type":"PropertyValueSpecification","valueRequired":true,"valueName":"search_term_string"}}],"inLanguage":"de"},{"@type":"Organization","@id":"https:\/\/www.purejewels.com\/#organization","name":"PureJewels UK","url":"https:\/\/www.purejewels.com\/","logo":{"@type":"ImageObject","inLanguage":"de","@id":"https:\/\/www.purejewels.com\/#\/schema\/logo\/image\/","url":"https:\/\/static.purejewels.com\/wp-content\/uploads\/2020\/11\/Logo-PJ-New-1.png","contentUrl":"https:\/\/static.purejewels.com\/wp-content\/uploads\/2020\/11\/Logo-PJ-New-1.png","width":150,"height":80,"caption":"PureJewels UK"},"image":{"@id":"https:\/\/www.purejewels.com\/#\/schema\/logo\/image\/"}}]}},"_links":{"self":[{"href":"https:\/\/www.purejewels.com\/de\/wp-json\/wp\/v2\/product\/327347","targetHints":{"allow":["GET"]}}],"collection":[{"href":"https:\/\/www.purejewels.com\/de\/wp-json\/wp\/v2\/product"}],"about":[{"href":"https:\/\/www.purejewels.com\/de\/wp-json\/wp\/v2\/types\/product"}],"replies":[{"embeddable":true,"href":"https:\/\/www.purejewels.com\/de\/wp-json\/wp\/v2\/comments?post=327347"}],"version-history":[{"count":2,"href":"https:\/\/www.purejewels.com\/de\/wp-json\/wp\/v2\/product\/327347\/revisions"}],"predecessor-version":[{"id":427295,"href":"https:\/\/www.purejewels.com\/de\/wp-json\/wp\/v2\/product\/327347\/revisions\/427295"}],"wp:featuredmedia":[{"embeddable":true,"href":"https:\/\/www.purejewels.com\/de\/wp-json\/wp\/v2\/media\/326421"}],"wp:attachment":[{"href":"https:\/\/www.purejewels.com\/de\/wp-json\/wp\/v2\/media?parent=327347"}],"wp:term":[{"taxonomy":"product_brand","embeddable":true,"href":"https:\/\/www.purejewels.com\/de\/wp-json\/wp\/v2\/product_brand?post=327347"},{"taxonomy":"product_cat","embeddable":true,"href":"https:\/\/www.purejewels.com\/de\/wp-json\/wp\/v2\/product_cat?post=327347"},{"taxonomy":"product_tag","embeddable":true,"href":"https:\/\/www.purejewels.com\/de\/wp-json\/wp\/v2\/product_tag?post=327347"}],"curies":[{"name":"wp","href":"https:\/\/api.w.org\/{rel}","templated":true}]}}