{"id":327348,"date":"2021-10-04T05:48:51","date_gmt":"2021-10-04T04:48:51","guid":{"rendered":"https:\/\/www.purejewels.com\/?post_type=product&#038;p=327348"},"modified":"2025-12-22T06:35:31","modified_gmt":"2025-12-22T06:35:31","slug":"armreif-aus-22-karat-gold-32640","status":"publish","type":"product","link":"https:\/\/www.purejewels.com\/de\/product\/22ct-gold-bangle-32640\/","title":{"rendered":"Schmaler Armreif aus 22 Karat Gold mit Federgravur"},"content":{"rendered":"<p><strong>Gestaltung<\/strong><\/p>\n<p>Dieser schlanke Armreif aus 22 Karat Gold ist m\u00fchelos und raffiniert und verf\u00fcgt \u00fcber ein sanft eingraviertes, diagonales Federmuster, das Bewegung, Weiblichkeit und zur\u00fcckhaltende Eleganz vermittelt. Die feine Gravur f\u00e4ngt das Licht sanft ein und sorgt f\u00fcr einen dezenten Schimmer, der sowohl zu traditioneller als auch zu moderner Kleidung passt.<\/p>\n<p>Seine schlanke Form eignet sich perfekt f\u00fcr dezentes Solo-Tragen oder Layering-Styling und macht es zu einem unverzichtbaren Kleidungsst\u00fcck.<\/p>\n<p><strong>Handwerkliches K\u00f6nnen<\/strong><\/p>\n<p>Dieser Armreif wurde mit pr\u00e4zisen Stanztechniken gefertigt und von Hand poliert. Er besteht aus reinem 22-kar\u00e4tigem Gold und ist vom London Assay Office punziert. Die Gravur unterstreicht das Engagement von PureJewels, handwerkliche Details zu bewahren und gleichzeitig leichten, langlebigen und raffinierten Schmuck zu kreieren.<\/p>\n<p>Jedes St\u00fcck ist auf Komfort ausgelegt und l\u00e4sst sich leicht am Handgelenk anlegen.<\/p>\n<p><strong>Stil<\/strong><\/p>\n<p>Perfekt als Armreif f\u00fcr den Alltag oder zum Kombinieren mit schwereren Schmuckst\u00fccken f\u00fcr einen festlicheren Look. Sein elegantes Design passt zu allen Altersgruppen und eignet sich als Geschenk zu einem besonderen Anlass oder als Symbol f\u00fcr eine Tradition, die von Generation zu Generation weitergegeben wird.<\/p>","protected":false},"excerpt":{"rendered":"<p>Ein zarter Armreif aus 22 Karat Gold mit sanften, federartigen Gravuren, der sich f\u00fcr den eleganten Alltag oder zum raffinierten Kombinieren eignet. Ein zeitloser Klassiker von PureJewels.<\/p>\n<ul>\n<li>22ct Daily Wear Gold Armreif<\/li>\n<li>Gewicht 8,2 g<\/li>\n<li>Gr\u00f6\u00dfe 2.4<\/li>\n<li>SKU. 32640<\/li>\n<li>Bitte\u00a0<span id=\"urn:enhancement-a7cd005b\" class=\"textannotation\">Hinweis<\/span>\u00a0<span id=\"urn:enhancement-fad2f3cd\" class=\"textannotation\">Preis<\/span>\u00a0<span id=\"urn:enhancement-945ebc1\" class=\"textannotation\">zitiert<\/span>\u00a0hier ist f\u00fcr eine\u00a0<span id=\"urn:enhancement-cceafd6a\" class=\"textannotation\">Einzeln<\/span>\u00a0Armreif<\/li>\n<li>Alle Preise inklusive Mehrwertsteuer<\/li>\n<li>22ct Gold gestempelt von London Assay Office<\/li>\n<li>Mit Pr\u00e4sentationsbox<\/li>\n<li>Lieferung inbegriffen<\/li>\n<li>Kann auf Bestellung in allen Gr\u00f6\u00dfen hergestellt werden<\/li>\n<li>Live-Chat mit uns f\u00fcr die Verf\u00fcgbarkeit und mehr Bilder von \u00e4hnlichen Designs derzeit auf Lager<\/li>\n<\/ul>","protected":false},"featured_media":326421,"comment_status":"closed","ping_status":"closed","template":"","meta":{"_eb_attr":"","_crsspst_to_jayantr4sg-hostcom":false},"product_brand":[],"product_cat":[1229],"product_tag":[],"class_list":{"0":"post-327348","1":"product","2":"type-product","3":"status-publish","4":"has-post-thumbnail","6":"product_cat-22ct-gold-jewellery","8":"first","9":"outofstock","10":"taxable","11":"shipping-taxable","12":"product-type-simple","13":"add-to-wishlist-before_image"},"yoast_head":"<!-- This site is optimized with the Yoast SEO plugin v27.3 - https:\/\/yoast.com\/product\/yoast-seo-wordpress\/ -->\n<title>Slim 22ct Gold Bangle | Feather Engraved | PureJewels London<\/title>\n<meta name=\"description\" content=\"Discover everyday elegance with this slim 22ct gold bangle featuring delicate feather-style engraving. Crafted with heritage detail and hallmarked in London.\" \/>\n<meta name=\"robots\" content=\"index, follow, max-snippet:-1, max-image-preview:large, max-video-preview:-1\" \/>\n<link rel=\"canonical\" href=\"https:\/\/www.purejewels.com\/de\/produkt-2\/armreif-aus-22-karat-gold-32640\/\" \/>\n<meta property=\"og:locale\" content=\"de_DE\" \/>\n<meta property=\"og:type\" content=\"article\" \/>\n<meta property=\"og:title\" content=\"Slim 22ct Gold Bangle | Feather Engraved | PureJewels London\" \/>\n<meta property=\"og:description\" content=\"Discover everyday elegance with this slim 22ct gold bangle featuring delicate feather-style engraving. Crafted with heritage detail and hallmarked in London.\" \/>\n<meta property=\"og:url\" content=\"https:\/\/www.purejewels.com\/de\/produkt-2\/armreif-aus-22-karat-gold-32640\/\" \/>\n<meta property=\"og:site_name\" content=\"PureJewels UK\" \/>\n<meta property=\"article:modified_time\" content=\"2025-12-22T06:35:31+00:00\" \/>\n<meta property=\"og:image\" content=\"https:\/\/static.purejewels.com\/wp-content\/uploads\/2021\/07\/32638_1.jpg\" \/>\n\t<meta property=\"og:image:width\" content=\"1000\" \/>\n\t<meta property=\"og:image:height\" content=\"1000\" \/>\n\t<meta property=\"og:image:type\" content=\"image\/jpeg\" \/>\n<meta name=\"twitter:card\" content=\"summary_large_image\" \/>\n<meta name=\"twitter:label1\" content=\"Gesch\u00e4tzte Lesezeit\" \/>\n\t<meta name=\"twitter:data1\" content=\"1\u00a0Minute\" \/>\n<script type=\"application\/ld+json\" class=\"yoast-schema-graph\">{\"@context\":\"https:\\\/\\\/schema.org\",\"@graph\":[{\"@type\":[\"WebPage\",\"ItemPage\"],\"@id\":\"https:\\\/\\\/www.purejewels.com\\\/product\\\/22ct-gold-bangle-32640\\\/\",\"url\":\"https:\\\/\\\/www.purejewels.com\\\/product\\\/22ct-gold-bangle-32640\\\/\",\"name\":\"Slim 22ct Gold Bangle | Feather Engraved | PureJewels London\",\"isPartOf\":{\"@id\":\"https:\\\/\\\/www.purejewels.com\\\/#website\"},\"primaryImageOfPage\":{\"@id\":\"https:\\\/\\\/www.purejewels.com\\\/product\\\/22ct-gold-bangle-32640\\\/#primaryimage\"},\"image\":{\"@id\":\"https:\\\/\\\/www.purejewels.com\\\/product\\\/22ct-gold-bangle-32640\\\/#primaryimage\"},\"thumbnailUrl\":\"https:\\\/\\\/static.purejewels.com\\\/wp-content\\\/uploads\\\/2021\\\/07\\\/32638_1.jpg\",\"datePublished\":\"2021-10-04T04:48:51+00:00\",\"dateModified\":\"2025-12-22T06:35:31+00:00\",\"description\":\"Discover everyday elegance with this slim 22ct gold bangle featuring delicate feather-style engraving. Crafted with heritage detail and hallmarked in London.\",\"breadcrumb\":{\"@id\":\"https:\\\/\\\/www.purejewels.com\\\/product\\\/22ct-gold-bangle-32640\\\/#breadcrumb\"},\"inLanguage\":\"de\",\"potentialAction\":[{\"@type\":\"ReadAction\",\"target\":[\"https:\\\/\\\/www.purejewels.com\\\/product\\\/22ct-gold-bangle-32640\\\/\"]}]},{\"@type\":\"ImageObject\",\"inLanguage\":\"de\",\"@id\":\"https:\\\/\\\/www.purejewels.com\\\/product\\\/22ct-gold-bangle-32640\\\/#primaryimage\",\"url\":\"https:\\\/\\\/static.purejewels.com\\\/wp-content\\\/uploads\\\/2021\\\/07\\\/32638_1.jpg\",\"contentUrl\":\"https:\\\/\\\/static.purejewels.com\\\/wp-content\\\/uploads\\\/2021\\\/07\\\/32638_1.jpg\",\"width\":1000,\"height\":1000,\"caption\":\"22ct Gold Bangle 32638_1\"},{\"@type\":\"BreadcrumbList\",\"@id\":\"https:\\\/\\\/www.purejewels.com\\\/product\\\/22ct-gold-bangle-32640\\\/#breadcrumb\",\"itemListElement\":[{\"@type\":\"ListItem\",\"position\":1,\"name\":\"Home\",\"item\":\"https:\\\/\\\/www.purejewels.com\\\/\"},{\"@type\":\"ListItem\",\"position\":2,\"name\":\"Shop\",\"item\":\"https:\\\/\\\/www.purejewels.com\\\/shop\\\/\"},{\"@type\":\"ListItem\",\"position\":3,\"name\":\"Slim 22ct Gold Feather-Engraved Bangle\"}]},{\"@type\":\"WebSite\",\"@id\":\"https:\\\/\\\/www.purejewels.com\\\/#website\",\"url\":\"https:\\\/\\\/www.purejewels.com\\\/\",\"name\":\"PureJewels UK\",\"description\":\"Share the Love\",\"publisher\":{\"@id\":\"https:\\\/\\\/www.purejewels.com\\\/#organization\"},\"potentialAction\":[{\"@type\":\"SearchAction\",\"target\":{\"@type\":\"EntryPoint\",\"urlTemplate\":\"https:\\\/\\\/www.purejewels.com\\\/?s={search_term_string}\"},\"query-input\":{\"@type\":\"PropertyValueSpecification\",\"valueRequired\":true,\"valueName\":\"search_term_string\"}}],\"inLanguage\":\"de\"},{\"@type\":\"Organization\",\"@id\":\"https:\\\/\\\/www.purejewels.com\\\/#organization\",\"name\":\"PureJewels UK\",\"url\":\"https:\\\/\\\/www.purejewels.com\\\/\",\"logo\":{\"@type\":\"ImageObject\",\"inLanguage\":\"de\",\"@id\":\"https:\\\/\\\/www.purejewels.com\\\/#\\\/schema\\\/logo\\\/image\\\/\",\"url\":\"https:\\\/\\\/static.purejewels.com\\\/wp-content\\\/uploads\\\/2020\\\/11\\\/Logo-PJ-New-1.png\",\"contentUrl\":\"https:\\\/\\\/static.purejewels.com\\\/wp-content\\\/uploads\\\/2020\\\/11\\\/Logo-PJ-New-1.png\",\"width\":150,\"height\":80,\"caption\":\"PureJewels UK\"},\"image\":{\"@id\":\"https:\\\/\\\/www.purejewels.com\\\/#\\\/schema\\\/logo\\\/image\\\/\"}}]}<\/script>\n<!-- \/ Yoast SEO plugin. -->","yoast_head_json":{"title":"Schmaler Armreif aus 22 Karat Gold | Mit Federgravur | PureJewels London","description":"Entdecken Sie allt\u00e4gliche Eleganz mit diesem schmalen Armreif aus 22 Karat Gold mit zarter Gravur im Federstil. Mit traditionellen Details gefertigt und in London punziert.","robots":{"index":"index","follow":"follow","max-snippet":"max-snippet:-1","max-image-preview":"max-image-preview:large","max-video-preview":"max-video-preview:-1"},"canonical":"https:\/\/www.purejewels.com\/de\/produkt-2\/armreif-aus-22-karat-gold-32640\/","og_locale":"de_DE","og_type":"article","og_title":"Slim 22ct Gold Bangle | Feather Engraved | PureJewels London","og_description":"Discover everyday elegance with this slim 22ct gold bangle featuring delicate feather-style engraving. Crafted with heritage detail and hallmarked in London.","og_url":"https:\/\/www.purejewels.com\/de\/produkt-2\/armreif-aus-22-karat-gold-32640\/","og_site_name":"PureJewels UK","article_modified_time":"2025-12-22T06:35:31+00:00","og_image":[{"width":1000,"height":1000,"url":"https:\/\/static.purejewels.com\/wp-content\/uploads\/2021\/07\/32638_1.jpg","type":"image\/jpeg"}],"twitter_card":"summary_large_image","twitter_misc":{"Gesch\u00e4tzte Lesezeit":"1\u00a0Minute"},"schema":{"@context":"https:\/\/schema.org","@graph":[{"@type":["WebPage","ItemPage"],"@id":"https:\/\/www.purejewels.com\/product\/22ct-gold-bangle-32640\/","url":"https:\/\/www.purejewels.com\/product\/22ct-gold-bangle-32640\/","name":"Schmaler Armreif aus 22 Karat Gold | Mit Federgravur | PureJewels London","isPartOf":{"@id":"https:\/\/www.purejewels.com\/#website"},"primaryImageOfPage":{"@id":"https:\/\/www.purejewels.com\/product\/22ct-gold-bangle-32640\/#primaryimage"},"image":{"@id":"https:\/\/www.purejewels.com\/product\/22ct-gold-bangle-32640\/#primaryimage"},"thumbnailUrl":"https:\/\/static.purejewels.com\/wp-content\/uploads\/2021\/07\/32638_1.jpg","datePublished":"2021-10-04T04:48:51+00:00","dateModified":"2025-12-22T06:35:31+00:00","description":"Entdecken Sie allt\u00e4gliche Eleganz mit diesem schmalen Armreif aus 22 Karat Gold mit zarter Gravur im Federstil. Mit traditionellen Details gefertigt und in London punziert.","breadcrumb":{"@id":"https:\/\/www.purejewels.com\/product\/22ct-gold-bangle-32640\/#breadcrumb"},"inLanguage":"de","potentialAction":[{"@type":"ReadAction","target":["https:\/\/www.purejewels.com\/product\/22ct-gold-bangle-32640\/"]}]},{"@type":"ImageObject","inLanguage":"de","@id":"https:\/\/www.purejewels.com\/product\/22ct-gold-bangle-32640\/#primaryimage","url":"https:\/\/static.purejewels.com\/wp-content\/uploads\/2021\/07\/32638_1.jpg","contentUrl":"https:\/\/static.purejewels.com\/wp-content\/uploads\/2021\/07\/32638_1.jpg","width":1000,"height":1000,"caption":"22ct Gold Bangle 32638_1"},{"@type":"BreadcrumbList","@id":"https:\/\/www.purejewels.com\/product\/22ct-gold-bangle-32640\/#breadcrumb","itemListElement":[{"@type":"ListItem","position":1,"name":"Home","item":"https:\/\/www.purejewels.com\/"},{"@type":"ListItem","position":2,"name":"Shop","item":"https:\/\/www.purejewels.com\/shop\/"},{"@type":"ListItem","position":3,"name":"Slim 22ct Gold Feather-Engraved Bangle"}]},{"@type":"WebSite","@id":"https:\/\/www.purejewels.com\/#website","url":"https:\/\/www.purejewels.com\/","name":"PureJewels UK","description":"Teile die Liebe","publisher":{"@id":"https:\/\/www.purejewels.com\/#organization"},"potentialAction":[{"@type":"SearchAction","target":{"@type":"EntryPoint","urlTemplate":"https:\/\/www.purejewels.com\/?s={search_term_string}"},"query-input":{"@type":"PropertyValueSpecification","valueRequired":true,"valueName":"search_term_string"}}],"inLanguage":"de"},{"@type":"Organization","@id":"https:\/\/www.purejewels.com\/#organization","name":"PureJewels UK","url":"https:\/\/www.purejewels.com\/","logo":{"@type":"ImageObject","inLanguage":"de","@id":"https:\/\/www.purejewels.com\/#\/schema\/logo\/image\/","url":"https:\/\/static.purejewels.com\/wp-content\/uploads\/2020\/11\/Logo-PJ-New-1.png","contentUrl":"https:\/\/static.purejewels.com\/wp-content\/uploads\/2020\/11\/Logo-PJ-New-1.png","width":150,"height":80,"caption":"PureJewels UK"},"image":{"@id":"https:\/\/www.purejewels.com\/#\/schema\/logo\/image\/"}}]}},"_links":{"self":[{"href":"https:\/\/www.purejewels.com\/de\/wp-json\/wp\/v2\/product\/327348","targetHints":{"allow":["GET"]}}],"collection":[{"href":"https:\/\/www.purejewels.com\/de\/wp-json\/wp\/v2\/product"}],"about":[{"href":"https:\/\/www.purejewels.com\/de\/wp-json\/wp\/v2\/types\/product"}],"replies":[{"embeddable":true,"href":"https:\/\/www.purejewels.com\/de\/wp-json\/wp\/v2\/comments?post=327348"}],"version-history":[{"count":2,"href":"https:\/\/www.purejewels.com\/de\/wp-json\/wp\/v2\/product\/327348\/revisions"}],"predecessor-version":[{"id":423610,"href":"https:\/\/www.purejewels.com\/de\/wp-json\/wp\/v2\/product\/327348\/revisions\/423610"}],"wp:featuredmedia":[{"embeddable":true,"href":"https:\/\/www.purejewels.com\/de\/wp-json\/wp\/v2\/media\/326421"}],"wp:attachment":[{"href":"https:\/\/www.purejewels.com\/de\/wp-json\/wp\/v2\/media?parent=327348"}],"wp:term":[{"taxonomy":"product_brand","embeddable":true,"href":"https:\/\/www.purejewels.com\/de\/wp-json\/wp\/v2\/product_brand?post=327348"},{"taxonomy":"product_cat","embeddable":true,"href":"https:\/\/www.purejewels.com\/de\/wp-json\/wp\/v2\/product_cat?post=327348"},{"taxonomy":"product_tag","embeddable":true,"href":"https:\/\/www.purejewels.com\/de\/wp-json\/wp\/v2\/product_tag?post=327348"}],"curies":[{"name":"wp","href":"https:\/\/api.w.org\/{rel}","templated":true}]}}