{"id":327385,"date":"2021-10-20T10:33:11","date_gmt":"2021-10-20T09:33:11","guid":{"rendered":"https:\/\/www.purejewels.com\/?post_type=product&#038;p=327385"},"modified":"2026-01-06T09:44:45","modified_gmt":"2026-01-06T09:44:45","slug":"damen-armband-aus-22-karat-gold-32923","status":"publish","type":"product","link":"https:\/\/www.purejewels.com\/de\/product\/womens-22ct-gold-bracelet-32923\/","title":{"rendered":"Circle Charm 22 Karat Gold Armband f\u00fcr Damen"},"content":{"rendered":"<h4 data-start=\"498\" data-end=\"523\"><strong data-start=\"503\" data-end=\"521\">Designkonzept<\/strong><\/h4>\n<p data-start=\"524\" data-end=\"789\">Der Kreis-Zauber <a href=\"https:\/\/www.purejewels.com\/de\/product-category\/22ct-gold-jewellery\/gold-bracelet\/\">Armb\u00e4nder<\/a> L\u00e4sst sich von der symbolischen Bedeutung von Kreisen inspirieren \u2013 Ewigkeit, Ganzheitlichkeit und zeitlose Sch\u00f6nheit. Die wiederholte Verwendung von Charms mit offenen Kreisen schafft eine rhythmische und zeitgem\u00e4\u00dfe \u00c4sthetik, w\u00e4hrend die feine Kette Feminit\u00e4t und St\u00e4rke in Einklang bringt.<\/p>\n<h4 data-start=\"791\" data-end=\"815\"><strong data-start=\"796\" data-end=\"813\">Handwerkliches K\u00f6nnen<\/strong><\/h4>\n<p data-start=\"816\" data-end=\"1097\">Jeder Anh\u00e4nger ist fachm\u00e4nnisch aus 22 Karat Gelbgold gefertigt und verf\u00fcgt \u00fcber eine geh\u00e4mmerte, strukturierte Oberfl\u00e4che, die das Licht wundersch\u00f6n einf\u00e4ngt und handwerkliche Details hinzuf\u00fcgt. Die Kettenglieder sind pr\u00e4zise verl\u00f6tet, um Haltbarkeit und ein raffiniertes Finish zu gew\u00e4hrleisten. Die Kette ist leicht und dennoch robust genug f\u00fcr den t\u00e4glichen Gebrauch.<\/p>\n<h4 data-start=\"1099\" data-end=\"1123\"><strong data-start=\"1104\" data-end=\"1121\">Styling-Ideen<\/strong><\/h4>\n<ul>\n<li data-start=\"1126\" data-end=\"1169\">Tragen Sie es solo f\u00fcr einen minimalistischen, schicken Look.<\/li>\n<li data-start=\"1172\" data-end=\"1251\">Kombinieren Sie es mit anderen schmalen Goldarmb\u00e4ndern oder <a href=\"https:\/\/www.purejewels.com\/de\/how-to-measure-bangle-size-2\/\">Armreifen<\/a> f\u00fcr einen trendigen Look.<\/li>\n<li data-start=\"1254\" data-end=\"1343\">Kombinieren Sie es mit kurzen \u00c4rmeln oder einer Uhr, um die verspielte Bewegung der Anh\u00e4nger hervorzuheben.<\/li>\n<li data-start=\"1346\" data-end=\"1444\">Ideal f\u00fcr legere und festliche Anl\u00e4sse, wodurch es zu einer vielseitigen Erg\u00e4nzung Ihres Schmuckk\u00e4stchens wird.<\/li>\n<\/ul>","protected":false},"excerpt":{"rendered":"<p>Ein zartes Armband aus 22 Karat Gold, verziert mit strukturierten, runden Anh\u00e4ngern, die ihm eine verspielte Bewegung und Stil verleihen. Leicht und anmutig, eignet es sich perfekt zum Kombinieren oder solo zu tragen. Entworfen f\u00fcr allt\u00e4gliche Eleganz mit einem modernen Touch.<\/p>\n<ul>\n<li>22ct\u00a0<span id=\"urn:enhancement-96f9535d\" class=\"textannotation\">Gold<\/span> Armb\u00e4nder<\/li>\n<li>Geeignet f\u00fcr junge M\u00e4dchen und Frauen<\/li>\n<li>L\u00e4nge der\u00a0<span id=\"urn:enhancement-abca8cb7\" class=\"textannotation\">Armb\u00e4nder<\/span>\u00a0ist 7,25 Zoll<\/li>\n<li>Gewicht des\u00a0<span id=\"urn:enhancement-71141257\" class=\"textannotation\">Armb\u00e4nder<\/span> betr\u00e4gt 3,5 Gramm<\/li>\n<li>SKU 32923<\/li>\n<li>Alle Preise inklusive Mehrwertsteuer<\/li>\n<li>22\u00a0<span id=\"urn:enhancement-bc82c59b\" class=\"textannotation\">Karat<\/span>\u00a0<span id=\"urn:enhancement-9abf3d80\" class=\"textannotation\">Gold<\/span>\u00a0Gepunzt von London\u00a0<span id=\"urn:enhancement-804ade87\" class=\"textannotation\">Pr\u00fcfstelle<\/span><\/li>\n<li>Mit Pr\u00e4sentationsbox<\/li>\n<li>Lieferung inbegriffen<\/li>\n<li>Live-Chat mit uns f\u00fcr die Verf\u00fcgbarkeit und mehr Bilder von \u00e4hnlichen Lovely Daily, Officewear Damen-Armband derzeit auf Lager.<\/li>\n<\/ul>","protected":false},"featured_media":327576,"comment_status":"closed","ping_status":"closed","template":"","meta":{"_eb_attr":"","_crsspst_to_jayantr4sg-hostcom":false},"product_brand":[],"product_cat":[1791,1793,1324,1627,5344,1575,1573,1574],"product_tag":[1430],"class_list":{"0":"post-327385","1":"product","2":"type-product","3":"status-publish","4":"has-post-thumbnail","6":"product_cat-anniversary-gifts","7":"product_cat-diwali-gifts","8":"product_cat-gold-bracelet","9":"product_cat-ladies-bracelet","10":"product_cat-jewellery-under-750","11":"product_cat-teenage-jewellery","12":"product_cat-wedding-gifts","13":"product_cat-womens-jewellery","14":"product_tag-diwali-gift","16":"first","17":"outofstock","18":"taxable","19":"shipping-taxable","20":"product-type-simple","21":"add-to-wishlist-before_image"},"yoast_head":"<!-- This site is optimized with the Yoast SEO plugin v27.3 - https:\/\/yoast.com\/product\/yoast-seo-wordpress\/ -->\n<title>Elegant 22ct Gold Charm Bracelet with Textured Circle Motifs<\/title>\n<meta name=\"description\" content=\"A delicate 22ct gold bracelet adorned with textured circular charms that add playful movement and style. Lightweight and graceful.\" \/>\n<meta name=\"robots\" content=\"index, follow, max-snippet:-1, max-image-preview:large, max-video-preview:-1\" \/>\n<link rel=\"canonical\" href=\"https:\/\/www.purejewels.com\/de\/produkt-2\/damen-armband-aus-22-karat-gold-32923\/\" \/>\n<meta property=\"og:locale\" content=\"de_DE\" \/>\n<meta property=\"og:type\" content=\"article\" \/>\n<meta property=\"og:title\" content=\"Elegant 22ct Gold Charm Bracelet with Textured Circle Motifs\" \/>\n<meta property=\"og:description\" content=\"A delicate 22ct gold bracelet adorned with textured circular charms that add playful movement and style. Lightweight and graceful.\" \/>\n<meta property=\"og:url\" content=\"https:\/\/www.purejewels.com\/de\/produkt-2\/damen-armband-aus-22-karat-gold-32923\/\" \/>\n<meta property=\"og:site_name\" content=\"PureJewels UK\" \/>\n<meta property=\"article:modified_time\" content=\"2026-01-06T09:44:45+00:00\" \/>\n<meta property=\"og:image\" content=\"https:\/\/static.purejewels.com\/wp-content\/uploads\/2021\/10\/32923-2.jpg\" \/>\n\t<meta property=\"og:image:width\" content=\"1000\" \/>\n\t<meta property=\"og:image:height\" content=\"1000\" \/>\n\t<meta property=\"og:image:type\" content=\"image\/jpeg\" \/>\n<meta name=\"twitter:card\" content=\"summary_large_image\" \/>\n<meta name=\"twitter:label1\" content=\"Gesch\u00e4tzte Lesezeit\" \/>\n\t<meta name=\"twitter:data1\" content=\"1\u00a0Minute\" \/>\n<script type=\"application\/ld+json\" class=\"yoast-schema-graph\">{\"@context\":\"https:\\\/\\\/schema.org\",\"@graph\":[{\"@type\":[\"WebPage\",\"ItemPage\"],\"@id\":\"https:\\\/\\\/www.purejewels.com\\\/product\\\/womens-22ct-gold-bracelet-32923\\\/\",\"url\":\"https:\\\/\\\/www.purejewels.com\\\/product\\\/womens-22ct-gold-bracelet-32923\\\/\",\"name\":\"Elegant 22ct Gold Charm Bracelet with Textured Circle Motifs\",\"isPartOf\":{\"@id\":\"https:\\\/\\\/www.purejewels.com\\\/#website\"},\"primaryImageOfPage\":{\"@id\":\"https:\\\/\\\/www.purejewels.com\\\/product\\\/womens-22ct-gold-bracelet-32923\\\/#primaryimage\"},\"image\":{\"@id\":\"https:\\\/\\\/www.purejewels.com\\\/product\\\/womens-22ct-gold-bracelet-32923\\\/#primaryimage\"},\"thumbnailUrl\":\"https:\\\/\\\/static.purejewels.com\\\/wp-content\\\/uploads\\\/2021\\\/10\\\/32923-2.jpg\",\"datePublished\":\"2021-10-20T09:33:11+00:00\",\"dateModified\":\"2026-01-06T09:44:45+00:00\",\"description\":\"A delicate 22ct gold bracelet adorned with textured circular charms that add playful movement and style. Lightweight and graceful.\",\"breadcrumb\":{\"@id\":\"https:\\\/\\\/www.purejewels.com\\\/product\\\/womens-22ct-gold-bracelet-32923\\\/#breadcrumb\"},\"inLanguage\":\"de\",\"potentialAction\":[{\"@type\":\"ReadAction\",\"target\":[\"https:\\\/\\\/www.purejewels.com\\\/product\\\/womens-22ct-gold-bracelet-32923\\\/\"]}]},{\"@type\":\"ImageObject\",\"inLanguage\":\"de\",\"@id\":\"https:\\\/\\\/www.purejewels.com\\\/product\\\/womens-22ct-gold-bracelet-32923\\\/#primaryimage\",\"url\":\"https:\\\/\\\/static.purejewels.com\\\/wp-content\\\/uploads\\\/2021\\\/10\\\/32923-2.jpg\",\"contentUrl\":\"https:\\\/\\\/static.purejewels.com\\\/wp-content\\\/uploads\\\/2021\\\/10\\\/32923-2.jpg\",\"width\":1000,\"height\":1000,\"caption\":\"22ct Gold Bracelet 32923-2\"},{\"@type\":\"BreadcrumbList\",\"@id\":\"https:\\\/\\\/www.purejewels.com\\\/product\\\/womens-22ct-gold-bracelet-32923\\\/#breadcrumb\",\"itemListElement\":[{\"@type\":\"ListItem\",\"position\":1,\"name\":\"Home\",\"item\":\"https:\\\/\\\/www.purejewels.com\\\/\"},{\"@type\":\"ListItem\",\"position\":2,\"name\":\"Shop\",\"item\":\"https:\\\/\\\/www.purejewels.com\\\/shop\\\/\"},{\"@type\":\"ListItem\",\"position\":3,\"name\":\"Circle Charm 22ct Gold Bracelet for Women\"}]},{\"@type\":\"WebSite\",\"@id\":\"https:\\\/\\\/www.purejewels.com\\\/#website\",\"url\":\"https:\\\/\\\/www.purejewels.com\\\/\",\"name\":\"PureJewels UK\",\"description\":\"Share the Love\",\"publisher\":{\"@id\":\"https:\\\/\\\/www.purejewels.com\\\/#organization\"},\"potentialAction\":[{\"@type\":\"SearchAction\",\"target\":{\"@type\":\"EntryPoint\",\"urlTemplate\":\"https:\\\/\\\/www.purejewels.com\\\/?s={search_term_string}\"},\"query-input\":{\"@type\":\"PropertyValueSpecification\",\"valueRequired\":true,\"valueName\":\"search_term_string\"}}],\"inLanguage\":\"de\"},{\"@type\":\"Organization\",\"@id\":\"https:\\\/\\\/www.purejewels.com\\\/#organization\",\"name\":\"PureJewels UK\",\"url\":\"https:\\\/\\\/www.purejewels.com\\\/\",\"logo\":{\"@type\":\"ImageObject\",\"inLanguage\":\"de\",\"@id\":\"https:\\\/\\\/www.purejewels.com\\\/#\\\/schema\\\/logo\\\/image\\\/\",\"url\":\"https:\\\/\\\/static.purejewels.com\\\/wp-content\\\/uploads\\\/2020\\\/11\\\/Logo-PJ-New-1.png\",\"contentUrl\":\"https:\\\/\\\/static.purejewels.com\\\/wp-content\\\/uploads\\\/2020\\\/11\\\/Logo-PJ-New-1.png\",\"width\":150,\"height\":80,\"caption\":\"PureJewels UK\"},\"image\":{\"@id\":\"https:\\\/\\\/www.purejewels.com\\\/#\\\/schema\\\/logo\\\/image\\\/\"}}]}<\/script>\n<!-- \/ Yoast SEO plugin. -->","yoast_head_json":{"title":"Elegantes Armband aus 22 Karat Gold mit strukturierten Kreismotiven","description":"Ein zartes Armband aus 22 Karat Gold, verziert mit strukturierten runden Anh\u00e4ngern, die f\u00fcr verspielte Bewegung und Stil sorgen. Leicht und anmutig.","robots":{"index":"index","follow":"follow","max-snippet":"max-snippet:-1","max-image-preview":"max-image-preview:large","max-video-preview":"max-video-preview:-1"},"canonical":"https:\/\/www.purejewels.com\/de\/produkt-2\/damen-armband-aus-22-karat-gold-32923\/","og_locale":"de_DE","og_type":"article","og_title":"Elegant 22ct Gold Charm Bracelet with Textured Circle Motifs","og_description":"A delicate 22ct gold bracelet adorned with textured circular charms that add playful movement and style. Lightweight and graceful.","og_url":"https:\/\/www.purejewels.com\/de\/produkt-2\/damen-armband-aus-22-karat-gold-32923\/","og_site_name":"PureJewels UK","article_modified_time":"2026-01-06T09:44:45+00:00","og_image":[{"width":1000,"height":1000,"url":"https:\/\/static.purejewels.com\/wp-content\/uploads\/2021\/10\/32923-2.jpg","type":"image\/jpeg"}],"twitter_card":"summary_large_image","twitter_misc":{"Gesch\u00e4tzte Lesezeit":"1\u00a0Minute"},"schema":{"@context":"https:\/\/schema.org","@graph":[{"@type":["WebPage","ItemPage"],"@id":"https:\/\/www.purejewels.com\/product\/womens-22ct-gold-bracelet-32923\/","url":"https:\/\/www.purejewels.com\/product\/womens-22ct-gold-bracelet-32923\/","name":"Elegantes Armband aus 22 Karat Gold mit strukturierten Kreismotiven","isPartOf":{"@id":"https:\/\/www.purejewels.com\/#website"},"primaryImageOfPage":{"@id":"https:\/\/www.purejewels.com\/product\/womens-22ct-gold-bracelet-32923\/#primaryimage"},"image":{"@id":"https:\/\/www.purejewels.com\/product\/womens-22ct-gold-bracelet-32923\/#primaryimage"},"thumbnailUrl":"https:\/\/static.purejewels.com\/wp-content\/uploads\/2021\/10\/32923-2.jpg","datePublished":"2021-10-20T09:33:11+00:00","dateModified":"2026-01-06T09:44:45+00:00","description":"Ein zartes Armband aus 22 Karat Gold, verziert mit strukturierten runden Anh\u00e4ngern, die f\u00fcr verspielte Bewegung und Stil sorgen. Leicht und anmutig.","breadcrumb":{"@id":"https:\/\/www.purejewels.com\/product\/womens-22ct-gold-bracelet-32923\/#breadcrumb"},"inLanguage":"de","potentialAction":[{"@type":"ReadAction","target":["https:\/\/www.purejewels.com\/product\/womens-22ct-gold-bracelet-32923\/"]}]},{"@type":"ImageObject","inLanguage":"de","@id":"https:\/\/www.purejewels.com\/product\/womens-22ct-gold-bracelet-32923\/#primaryimage","url":"https:\/\/static.purejewels.com\/wp-content\/uploads\/2021\/10\/32923-2.jpg","contentUrl":"https:\/\/static.purejewels.com\/wp-content\/uploads\/2021\/10\/32923-2.jpg","width":1000,"height":1000,"caption":"22ct Gold Bracelet 32923-2"},{"@type":"BreadcrumbList","@id":"https:\/\/www.purejewels.com\/product\/womens-22ct-gold-bracelet-32923\/#breadcrumb","itemListElement":[{"@type":"ListItem","position":1,"name":"Home","item":"https:\/\/www.purejewels.com\/"},{"@type":"ListItem","position":2,"name":"Shop","item":"https:\/\/www.purejewels.com\/shop\/"},{"@type":"ListItem","position":3,"name":"Circle Charm 22ct Gold Bracelet for Women"}]},{"@type":"WebSite","@id":"https:\/\/www.purejewels.com\/#website","url":"https:\/\/www.purejewels.com\/","name":"PureJewels UK","description":"Teile die Liebe","publisher":{"@id":"https:\/\/www.purejewels.com\/#organization"},"potentialAction":[{"@type":"SearchAction","target":{"@type":"EntryPoint","urlTemplate":"https:\/\/www.purejewels.com\/?s={search_term_string}"},"query-input":{"@type":"PropertyValueSpecification","valueRequired":true,"valueName":"search_term_string"}}],"inLanguage":"de"},{"@type":"Organization","@id":"https:\/\/www.purejewels.com\/#organization","name":"PureJewels UK","url":"https:\/\/www.purejewels.com\/","logo":{"@type":"ImageObject","inLanguage":"de","@id":"https:\/\/www.purejewels.com\/#\/schema\/logo\/image\/","url":"https:\/\/static.purejewels.com\/wp-content\/uploads\/2020\/11\/Logo-PJ-New-1.png","contentUrl":"https:\/\/static.purejewels.com\/wp-content\/uploads\/2020\/11\/Logo-PJ-New-1.png","width":150,"height":80,"caption":"PureJewels UK"},"image":{"@id":"https:\/\/www.purejewels.com\/#\/schema\/logo\/image\/"}}]}},"_links":{"self":[{"href":"https:\/\/www.purejewels.com\/de\/wp-json\/wp\/v2\/product\/327385","targetHints":{"allow":["GET"]}}],"collection":[{"href":"https:\/\/www.purejewels.com\/de\/wp-json\/wp\/v2\/product"}],"about":[{"href":"https:\/\/www.purejewels.com\/de\/wp-json\/wp\/v2\/types\/product"}],"replies":[{"embeddable":true,"href":"https:\/\/www.purejewels.com\/de\/wp-json\/wp\/v2\/comments?post=327385"}],"version-history":[{"count":3,"href":"https:\/\/www.purejewels.com\/de\/wp-json\/wp\/v2\/product\/327385\/revisions"}],"predecessor-version":[{"id":422875,"href":"https:\/\/www.purejewels.com\/de\/wp-json\/wp\/v2\/product\/327385\/revisions\/422875"}],"wp:featuredmedia":[{"embeddable":true,"href":"https:\/\/www.purejewels.com\/de\/wp-json\/wp\/v2\/media\/327576"}],"wp:attachment":[{"href":"https:\/\/www.purejewels.com\/de\/wp-json\/wp\/v2\/media?parent=327385"}],"wp:term":[{"taxonomy":"product_brand","embeddable":true,"href":"https:\/\/www.purejewels.com\/de\/wp-json\/wp\/v2\/product_brand?post=327385"},{"taxonomy":"product_cat","embeddable":true,"href":"https:\/\/www.purejewels.com\/de\/wp-json\/wp\/v2\/product_cat?post=327385"},{"taxonomy":"product_tag","embeddable":true,"href":"https:\/\/www.purejewels.com\/de\/wp-json\/wp\/v2\/product_tag?post=327385"}],"curies":[{"name":"wp","href":"https:\/\/api.w.org\/{rel}","templated":true}]}}