{"id":327409,"date":"2021-10-08T11:59:09","date_gmt":"2021-10-08T10:59:09","guid":{"rendered":"https:\/\/www.purejewels.com\/?post_type=product&#038;p=327409"},"modified":"2026-01-06T06:59:09","modified_gmt":"2026-01-06T06:59:09","slug":"ohrringe-aus-22-karat-gold-3","status":"publish","type":"product","link":"https:\/\/www.purejewels.com\/de\/product\/22-carat-gold-earrings-3\/","title":{"rendered":"22 Karat Gold-Ohrringe"},"content":{"rendered":"<p><span style=\"font-weight: 400\">Sie sagen, dass <a href=\"https:\/\/www.purejewels.com\/de\/product-category\/22ct-gold-jewellery\/gold-earrings\/\">Ohrringe<\/a> sind die m\u00e4chtigsten Accessoires, die Ihren Look buchst\u00e4blich ausmachen oder zerst\u00f6ren k\u00f6nnen. Nun, diese sind sicherlich hier, um Ihren Look zu machen und ihn auf das n\u00e4chste Level zu bringen. Hier ist also etwas Perfektes, um deinem Look sofortigen Glamour zu verleihen! Dieses Paar Unikate <a href=\"https:\/\/www.purejewels.com\/de\/armari-collection\/\">goldene Ohrringe<\/a> ist alles, was Sie brauchen, um aufzufallen.\u00a0\u00a0<\/span><\/p>\n<p><span style=\"font-weight: 400\">Diese k\u00fchnen und k\u00fcnstlerisch anmutenden St\u00fccke von Purejewels sind alles, was Sie brauchen, um sich wie der Mittelpunkt einer Party zu f\u00fchlen. Unsere wundersch\u00f6nen langen Ohrringe sind von Strukturen und Silhouetten aus der Natur inspiriert und wurden aus reinem 22-kar\u00e4tigem Gold gefertigt. Die Ohrringe beginnen mit einem wundersch\u00f6nen, gew\u00f6lbten Ohrstecker, der in aufw\u00e4ndiger Handarbeit mit Gravur und traditionellem Chillai-Verfahren gefertigt wurde. Diesen Ohrsteckern folgen drei wundersch\u00f6ne Str\u00e4nge aus Box <a href=\"https:\/\/www.purejewels.com\/de\/product-category\/22ct-gold-jewellery\/gold-chains\/\">Ketten<\/a> die mit unabh\u00e4ngigen, gew\u00f6lbten Elementen enden. Jedes gew\u00f6lbte Element wurde von Hand herausgeschnitzt und m\u00fchsam graviert. Das Beste an diesem Paar Goldohrringe ist, dass es vielseitig einsetzbar ist. Unsere Designer haben es so entworfen, dass Sie es so tragen k\u00f6nnen, wie es ist, oder als klobige, gewagte Ohrstecker, indem Sie einfach die Ohrringe abnehmen. Der luxuri\u00f6se, matte Goldton macht diese Ohrringe schon von weitem zu einem Star.<\/span><\/p>\n<p><span style=\"font-weight: 400\">Dieses hinrei\u00dfend aussehende Zwei-in-Eins-Paar sorgt f\u00fcr Gespr\u00e4chsstoff. Perfekt f\u00fcr all Ihre schicken Couture-Ensembles, Seiden-Saris und alle Ihre Party-Ensembles, aber Sie k\u00f6nnen sie auch als Nieten zu Ihren B\u00fcro-Outfits tragen. Erg\u00e4nzen Sie mit diesen <a href=\"https:\/\/www.purejewels.com\/de\/elegance-of-sold-gold\/\">Echtes Gold<\/a> Sie k\u00f6nnen die Ohrringe zu einem besonderen Anlass tragen, wenn Sie mutig aussehen, oder sie f\u00fcr ein spezielles B\u00fcro-Meeting beiseite legen und so f\u00fcr einen Hauch von Raffinesse in Ihrem Look sorgen.<\/span><\/p>","protected":false},"excerpt":{"rendered":"<ul>\n<li>22 Karat Gold-Ohrringe UK<\/li>\n<li>Er kann auf 2 Arten getragen werden (als Ohrstecker und als Tropfenohrring)<\/li>\n<li>Wt: 4.2 gms<\/li>\n<li>SKU. 40587<\/li>\n<li>Alle Preise inklusive Mehrwertsteuer<\/li>\n<li>22ct Gold gestempelt von London Assay Office<\/li>\n<li>Mit Pr\u00e4sentationsbox<\/li>\n<li>Lieferung inbegriffen<\/li>\n<li>Live-Chat mit uns f\u00fcr die Verf\u00fcgbarkeit und mehr Bilder von \u00e4hnlichen Designs derzeit auf Lager<\/li>\n<\/ul>","protected":false},"featured_media":314807,"comment_status":"closed","ping_status":"closed","template":"","meta":{"_eb_attr":"","_crsspst_to_jayantr4sg-hostcom":false},"product_brand":[],"product_cat":[1685,1254,1229,1573,1574],"product_tag":[],"class_list":{"0":"post-327409","1":"product","2":"type-product","3":"status-publish","4":"has-post-thumbnail","6":"product_cat-drop-earrings","7":"product_cat-gold-earrings","8":"product_cat-22ct-gold-jewellery","9":"product_cat-wedding-gifts","10":"product_cat-womens-jewellery","12":"first","13":"outofstock","14":"taxable","15":"shipping-taxable","16":"product-type-simple","17":"add-to-wishlist-before_image"},"yoast_head":"<!-- This site is optimized with the Yoast SEO plugin v27.3 - https:\/\/yoast.com\/product\/yoast-seo-wordpress\/ -->\n<title>Buy these stylish 22ct gold drop earrings at PureJewels UK<\/title>\n<meta name=\"description\" content=\"Explore Elegant designer\u00a0earrings\u00a0for party wear\u00a0in the UK. Shop these classic drop earrings. Pair it with your favorite necklace &amp; flaunt your style.\" \/>\n<meta name=\"robots\" content=\"index, follow, max-snippet:-1, max-image-preview:large, max-video-preview:-1\" \/>\n<link rel=\"canonical\" href=\"https:\/\/www.purejewels.com\/de\/produkt-2\/ohrringe-aus-22-karat-gold-3\/\" \/>\n<meta property=\"og:locale\" content=\"de_DE\" \/>\n<meta property=\"og:type\" content=\"article\" \/>\n<meta property=\"og:title\" content=\"Buy these stylish 22ct gold drop earrings at PureJewels UK\" \/>\n<meta property=\"og:description\" content=\"Explore Elegant designer\u00a0earrings\u00a0for party wear\u00a0in the UK. Shop these classic drop earrings. Pair it with your favorite necklace &amp; flaunt your style.\" \/>\n<meta property=\"og:url\" content=\"https:\/\/www.purejewels.com\/de\/produkt-2\/ohrringe-aus-22-karat-gold-3\/\" \/>\n<meta property=\"og:site_name\" content=\"PureJewels UK\" \/>\n<meta property=\"article:modified_time\" content=\"2026-01-06T06:59:09+00:00\" \/>\n<meta property=\"og:image\" content=\"https:\/\/www.purejewels.com\/wp-content\/uploads\/2020\/06\/152509580.jpg\" \/>\n\t<meta property=\"og:image:width\" content=\"1000\" \/>\n\t<meta property=\"og:image:height\" content=\"1000\" \/>\n\t<meta property=\"og:image:type\" content=\"image\/jpeg\" \/>\n<meta name=\"twitter:card\" content=\"summary_large_image\" \/>\n<meta name=\"twitter:label1\" content=\"Gesch\u00e4tzte Lesezeit\" \/>\n\t<meta name=\"twitter:data1\" content=\"2\u00a0Minuten\" \/>\n<script type=\"application\/ld+json\" class=\"yoast-schema-graph\">{\"@context\":\"https:\\\/\\\/schema.org\",\"@graph\":[{\"@type\":[\"WebPage\",\"ItemPage\"],\"@id\":\"https:\\\/\\\/www.purejewels.com\\\/product\\\/22-carat-gold-earrings-3\\\/\",\"url\":\"https:\\\/\\\/www.purejewels.com\\\/product\\\/22-carat-gold-earrings-3\\\/\",\"name\":\"Buy these stylish 22ct gold drop earrings at PureJewels UK\",\"isPartOf\":{\"@id\":\"https:\\\/\\\/www.purejewels.com\\\/#website\"},\"primaryImageOfPage\":{\"@id\":\"https:\\\/\\\/www.purejewels.com\\\/product\\\/22-carat-gold-earrings-3\\\/#primaryimage\"},\"image\":{\"@id\":\"https:\\\/\\\/www.purejewels.com\\\/product\\\/22-carat-gold-earrings-3\\\/#primaryimage\"},\"thumbnailUrl\":\"https:\\\/\\\/static.purejewels.com\\\/wp-content\\\/uploads\\\/2020\\\/06\\\/152509580.jpg\",\"datePublished\":\"2021-10-08T10:59:09+00:00\",\"dateModified\":\"2026-01-06T06:59:09+00:00\",\"description\":\"Explore Elegant designer\u00a0earrings\u00a0for party wear\u00a0in the UK. Shop these classic drop earrings. Pair it with your favorite necklace & flaunt your style.\",\"breadcrumb\":{\"@id\":\"https:\\\/\\\/www.purejewels.com\\\/product\\\/22-carat-gold-earrings-3\\\/#breadcrumb\"},\"inLanguage\":\"de\",\"potentialAction\":[{\"@type\":\"ReadAction\",\"target\":[\"https:\\\/\\\/www.purejewels.com\\\/product\\\/22-carat-gold-earrings-3\\\/\"]}]},{\"@type\":\"ImageObject\",\"inLanguage\":\"de\",\"@id\":\"https:\\\/\\\/www.purejewels.com\\\/product\\\/22-carat-gold-earrings-3\\\/#primaryimage\",\"url\":\"https:\\\/\\\/static.purejewels.com\\\/wp-content\\\/uploads\\\/2020\\\/06\\\/152509580.jpg\",\"contentUrl\":\"https:\\\/\\\/static.purejewels.com\\\/wp-content\\\/uploads\\\/2020\\\/06\\\/152509580.jpg\",\"width\":1000,\"height\":1000,\"caption\":\"22ct Gold Diamond Cut Earring Flat YGER278\"},{\"@type\":\"BreadcrumbList\",\"@id\":\"https:\\\/\\\/www.purejewels.com\\\/product\\\/22-carat-gold-earrings-3\\\/#breadcrumb\",\"itemListElement\":[{\"@type\":\"ListItem\",\"position\":1,\"name\":\"Home\",\"item\":\"https:\\\/\\\/www.purejewels.com\\\/\"},{\"@type\":\"ListItem\",\"position\":2,\"name\":\"Shop\",\"item\":\"https:\\\/\\\/www.purejewels.com\\\/shop\\\/\"},{\"@type\":\"ListItem\",\"position\":3,\"name\":\"22 Carat Gold Earrings\"}]},{\"@type\":\"WebSite\",\"@id\":\"https:\\\/\\\/www.purejewels.com\\\/#website\",\"url\":\"https:\\\/\\\/www.purejewels.com\\\/\",\"name\":\"PureJewels UK\",\"description\":\"Share the Love\",\"publisher\":{\"@id\":\"https:\\\/\\\/www.purejewels.com\\\/#organization\"},\"potentialAction\":[{\"@type\":\"SearchAction\",\"target\":{\"@type\":\"EntryPoint\",\"urlTemplate\":\"https:\\\/\\\/www.purejewels.com\\\/?s={search_term_string}\"},\"query-input\":{\"@type\":\"PropertyValueSpecification\",\"valueRequired\":true,\"valueName\":\"search_term_string\"}}],\"inLanguage\":\"de\"},{\"@type\":\"Organization\",\"@id\":\"https:\\\/\\\/www.purejewels.com\\\/#organization\",\"name\":\"PureJewels UK\",\"url\":\"https:\\\/\\\/www.purejewels.com\\\/\",\"logo\":{\"@type\":\"ImageObject\",\"inLanguage\":\"de\",\"@id\":\"https:\\\/\\\/www.purejewels.com\\\/#\\\/schema\\\/logo\\\/image\\\/\",\"url\":\"https:\\\/\\\/static.purejewels.com\\\/wp-content\\\/uploads\\\/2020\\\/11\\\/Logo-PJ-New-1.png\",\"contentUrl\":\"https:\\\/\\\/static.purejewels.com\\\/wp-content\\\/uploads\\\/2020\\\/11\\\/Logo-PJ-New-1.png\",\"width\":150,\"height\":80,\"caption\":\"PureJewels UK\"},\"image\":{\"@id\":\"https:\\\/\\\/www.purejewels.com\\\/#\\\/schema\\\/logo\\\/image\\\/\"}}]}<\/script>\n<!-- \/ Yoast SEO plugin. -->","yoast_head_json":{"title":"Kaufen Sie diese stilvollen Ohrringe aus 22 Karat Gold bei PureJewels UK","description":"Entdecken Sie elegante Designer-Ohrringe f\u00fcr Partys in Gro\u00dfbritannien. Kaufen Sie diese klassischen Tropfenohrringe. Kombinieren Sie sie mit Ihrer Lieblingshalskette und zeigen Sie Ihren Stil.","robots":{"index":"index","follow":"follow","max-snippet":"max-snippet:-1","max-image-preview":"max-image-preview:large","max-video-preview":"max-video-preview:-1"},"canonical":"https:\/\/www.purejewels.com\/de\/produkt-2\/ohrringe-aus-22-karat-gold-3\/","og_locale":"de_DE","og_type":"article","og_title":"Buy these stylish 22ct gold drop earrings at PureJewels UK","og_description":"Explore Elegant designer\u00a0earrings\u00a0for party wear\u00a0in the UK. Shop these classic drop earrings. Pair it with your favorite necklace & flaunt your style.","og_url":"https:\/\/www.purejewels.com\/de\/produkt-2\/ohrringe-aus-22-karat-gold-3\/","og_site_name":"PureJewels UK","article_modified_time":"2026-01-06T06:59:09+00:00","og_image":[{"width":1000,"height":1000,"url":"https:\/\/www.purejewels.com\/wp-content\/uploads\/2020\/06\/152509580.jpg","type":"image\/jpeg"}],"twitter_card":"summary_large_image","twitter_misc":{"Gesch\u00e4tzte Lesezeit":"2\u00a0Minuten"},"schema":{"@context":"https:\/\/schema.org","@graph":[{"@type":["WebPage","ItemPage"],"@id":"https:\/\/www.purejewels.com\/product\/22-carat-gold-earrings-3\/","url":"https:\/\/www.purejewels.com\/product\/22-carat-gold-earrings-3\/","name":"Kaufen Sie diese stilvollen Ohrringe aus 22 Karat Gold bei PureJewels UK","isPartOf":{"@id":"https:\/\/www.purejewels.com\/#website"},"primaryImageOfPage":{"@id":"https:\/\/www.purejewels.com\/product\/22-carat-gold-earrings-3\/#primaryimage"},"image":{"@id":"https:\/\/www.purejewels.com\/product\/22-carat-gold-earrings-3\/#primaryimage"},"thumbnailUrl":"https:\/\/static.purejewels.com\/wp-content\/uploads\/2020\/06\/152509580.jpg","datePublished":"2021-10-08T10:59:09+00:00","dateModified":"2026-01-06T06:59:09+00:00","description":"Entdecken Sie elegante Designer-Ohrringe f\u00fcr Partys in Gro\u00dfbritannien. Kaufen Sie diese klassischen Tropfenohrringe. Kombinieren Sie sie mit Ihrer Lieblingshalskette und zeigen Sie Ihren Stil.","breadcrumb":{"@id":"https:\/\/www.purejewels.com\/product\/22-carat-gold-earrings-3\/#breadcrumb"},"inLanguage":"de","potentialAction":[{"@type":"ReadAction","target":["https:\/\/www.purejewels.com\/product\/22-carat-gold-earrings-3\/"]}]},{"@type":"ImageObject","inLanguage":"de","@id":"https:\/\/www.purejewels.com\/product\/22-carat-gold-earrings-3\/#primaryimage","url":"https:\/\/static.purejewels.com\/wp-content\/uploads\/2020\/06\/152509580.jpg","contentUrl":"https:\/\/static.purejewels.com\/wp-content\/uploads\/2020\/06\/152509580.jpg","width":1000,"height":1000,"caption":"22ct Gold Diamond Cut Earring Flat YGER278"},{"@type":"BreadcrumbList","@id":"https:\/\/www.purejewels.com\/product\/22-carat-gold-earrings-3\/#breadcrumb","itemListElement":[{"@type":"ListItem","position":1,"name":"Home","item":"https:\/\/www.purejewels.com\/"},{"@type":"ListItem","position":2,"name":"Shop","item":"https:\/\/www.purejewels.com\/shop\/"},{"@type":"ListItem","position":3,"name":"22 Carat Gold Earrings"}]},{"@type":"WebSite","@id":"https:\/\/www.purejewels.com\/#website","url":"https:\/\/www.purejewels.com\/","name":"PureJewels UK","description":"Teile die Liebe","publisher":{"@id":"https:\/\/www.purejewels.com\/#organization"},"potentialAction":[{"@type":"SearchAction","target":{"@type":"EntryPoint","urlTemplate":"https:\/\/www.purejewels.com\/?s={search_term_string}"},"query-input":{"@type":"PropertyValueSpecification","valueRequired":true,"valueName":"search_term_string"}}],"inLanguage":"de"},{"@type":"Organization","@id":"https:\/\/www.purejewels.com\/#organization","name":"PureJewels UK","url":"https:\/\/www.purejewels.com\/","logo":{"@type":"ImageObject","inLanguage":"de","@id":"https:\/\/www.purejewels.com\/#\/schema\/logo\/image\/","url":"https:\/\/static.purejewels.com\/wp-content\/uploads\/2020\/11\/Logo-PJ-New-1.png","contentUrl":"https:\/\/static.purejewels.com\/wp-content\/uploads\/2020\/11\/Logo-PJ-New-1.png","width":150,"height":80,"caption":"PureJewels UK"},"image":{"@id":"https:\/\/www.purejewels.com\/#\/schema\/logo\/image\/"}}]}},"_links":{"self":[{"href":"https:\/\/www.purejewels.com\/de\/wp-json\/wp\/v2\/product\/327409","targetHints":{"allow":["GET"]}}],"collection":[{"href":"https:\/\/www.purejewels.com\/de\/wp-json\/wp\/v2\/product"}],"about":[{"href":"https:\/\/www.purejewels.com\/de\/wp-json\/wp\/v2\/types\/product"}],"replies":[{"embeddable":true,"href":"https:\/\/www.purejewels.com\/de\/wp-json\/wp\/v2\/comments?post=327409"}],"version-history":[{"count":0,"href":"https:\/\/www.purejewels.com\/de\/wp-json\/wp\/v2\/product\/327409\/revisions"}],"wp:featuredmedia":[{"embeddable":true,"href":"https:\/\/www.purejewels.com\/de\/wp-json\/wp\/v2\/media\/314807"}],"wp:attachment":[{"href":"https:\/\/www.purejewels.com\/de\/wp-json\/wp\/v2\/media?parent=327409"}],"wp:term":[{"taxonomy":"product_brand","embeddable":true,"href":"https:\/\/www.purejewels.com\/de\/wp-json\/wp\/v2\/product_brand?post=327409"},{"taxonomy":"product_cat","embeddable":true,"href":"https:\/\/www.purejewels.com\/de\/wp-json\/wp\/v2\/product_cat?post=327409"},{"taxonomy":"product_tag","embeddable":true,"href":"https:\/\/www.purejewels.com\/de\/wp-json\/wp\/v2\/product_tag?post=327409"}],"curies":[{"name":"wp","href":"https:\/\/api.w.org\/{rel}","templated":true}]}}