{"id":327462,"date":"2021-10-13T09:12:33","date_gmt":"2021-10-13T08:12:33","guid":{"rendered":"https:\/\/www.purejewels.com\/?post_type=product&#038;p=327462"},"modified":"2025-12-24T06:22:32","modified_gmt":"2025-12-24T06:22:32","slug":"22ct-gold-fuchsschwanz-kette-16-zoll-1-4mm-dick","status":"publish","type":"product","link":"https:\/\/www.purejewels.com\/de\/product\/22ct-gold-foxtail-chain-16-inches-1-4mm-thick\/","title":{"rendered":"22ct Gold | Fuchsschwanz Kette | 16 Zoll | 1,8mm dick"},"content":{"rendered":"<ul>\n<li>Gewicht : 8.3 g<\/li>\n<li>SKU 42154<\/li>\n<\/ul>","protected":false},"excerpt":{"rendered":"<table class=\"sh_desc\">\n<tbody>\n<tr>\n<td>Typ der Kette<\/td>\n<td>Ackerfuchsschwanzkette<\/td>\n<\/tr>\n<tr>\n<td>SKU<\/td>\n<td>42154<\/td>\n<\/tr>\n<tr>\n<td>Gewicht<\/td>\n<td>8,3 Gms<\/td>\n<\/tr>\n<tr>\n<td>Metall<\/td>\n<td>22ct Gold<\/td>\n<\/tr>\n<tr>\n<td>Dicke<\/td>\n<td>1,8 mm<\/td>\n<\/tr>\n<tr>\n<td>L\u00e4nge<\/td>\n<td>16 Zoll<\/td>\n<\/tr>\n<tr>\n<td>Wahrzeichen<\/td>\n<td>22ct Gold gestempelt von London Assay Office<\/td>\n<\/tr>\n<tr>\n<td>Entgelte<\/td>\n<td>Lieferung und Mehrwertsteuer inbegriffen<\/td>\n<\/tr>\n<tr>\n<td>Verpackung<\/td>\n<td>Mit Pr\u00e4sentationsbox<\/td>\n<\/tr>\n<tr>\n<td>Mehr Informationen<\/td>\n<td>Live-Chat mit uns f\u00fcr Verf\u00fcgbarkeit und mehr Bilder<\/td>\n<\/tr>\n<\/tbody>\n<\/table>","protected":false},"featured_media":326594,"comment_status":"closed","ping_status":"closed","template":"","meta":{"_eb_attr":"","_crsspst_to_jayantr4sg-hostcom":true},"product_brand":[],"product_cat":[1559,1793,5265,1475,1570,1573,1574],"product_tag":[3990,65,1430],"class_list":{"0":"post-327462","1":"product","2":"type-product","3":"status-publish","4":"has-post-thumbnail","6":"product_cat-birthday-gifts","7":"product_cat-diwali-gifts","8":"product_cat-foxtail-chain","9":"product_cat-gold-chains","10":"product_cat-mothers-day-gifts","11":"product_cat-wedding-gifts","12":"product_cat-womens-jewellery","13":"product_tag-22-carat-gold-chain","14":"product_tag-chains","15":"product_tag-diwali-gift","17":"first","18":"outofstock","19":"taxable","20":"shipping-taxable","21":"product-type-simple","22":"add-to-wishlist-before_image"},"yoast_head":"<!-- This site is optimized with the Yoast SEO plugin v27.3 - https:\/\/yoast.com\/product\/yoast-seo-wordpress\/ -->\n<title>Pure 22ct Gold Foxtail Chain Available Online at PureJewels<\/title>\n<meta name=\"description\" content=\"Check our real gold chain for everyday wear. This foxtail chin is unisex and is made from pure 22ct gold. Order online for free delivery in the UK.\" \/>\n<meta name=\"robots\" content=\"index, follow, max-snippet:-1, max-image-preview:large, max-video-preview:-1\" \/>\n<link rel=\"canonical\" href=\"https:\/\/www.purejewels.com\/de\/produkt-2\/22ct-gold-fuchsschwanz-kette-16-zoll-1-4mm-dick\/\" \/>\n<meta property=\"og:locale\" content=\"de_DE\" \/>\n<meta property=\"og:type\" content=\"article\" \/>\n<meta property=\"og:title\" content=\"Pure 22ct Gold Foxtail Chain Available Online at PureJewels\" \/>\n<meta property=\"og:description\" content=\"Check our real gold chain for everyday wear. This foxtail chin is unisex and is made from pure 22ct gold. Order online for free delivery in the UK.\" \/>\n<meta property=\"og:url\" content=\"https:\/\/www.purejewels.com\/de\/produkt-2\/22ct-gold-fuchsschwanz-kette-16-zoll-1-4mm-dick\/\" \/>\n<meta property=\"og:site_name\" content=\"PureJewels UK\" \/>\n<meta property=\"article:modified_time\" content=\"2025-12-24T06:22:32+00:00\" \/>\n<meta property=\"og:image\" content=\"https:\/\/static.purejewels.com\/wp-content\/uploads\/2018\/05\/30256-2.jpg\" \/>\n\t<meta property=\"og:image:width\" content=\"1000\" \/>\n\t<meta property=\"og:image:height\" content=\"1000\" \/>\n\t<meta property=\"og:image:type\" content=\"image\/jpeg\" \/>\n<meta name=\"twitter:card\" content=\"summary_large_image\" \/>\n<meta name=\"twitter:label1\" content=\"Gesch\u00e4tzte Lesezeit\" \/>\n\t<meta name=\"twitter:data1\" content=\"1\u00a0Minute\" \/>\n<script type=\"application\/ld+json\" class=\"yoast-schema-graph\">{\"@context\":\"https:\\\/\\\/schema.org\",\"@graph\":[{\"@type\":[\"WebPage\",\"ItemPage\"],\"@id\":\"https:\\\/\\\/www.purejewels.com\\\/product\\\/22ct-gold-foxtail-chain-16-inches-1-4mm-thick\\\/\",\"url\":\"https:\\\/\\\/www.purejewels.com\\\/product\\\/22ct-gold-foxtail-chain-16-inches-1-4mm-thick\\\/\",\"name\":\"Pure 22ct Gold Foxtail Chain Available Online at PureJewels\",\"isPartOf\":{\"@id\":\"https:\\\/\\\/www.purejewels.com\\\/#website\"},\"primaryImageOfPage\":{\"@id\":\"https:\\\/\\\/www.purejewels.com\\\/product\\\/22ct-gold-foxtail-chain-16-inches-1-4mm-thick\\\/#primaryimage\"},\"image\":{\"@id\":\"https:\\\/\\\/www.purejewels.com\\\/product\\\/22ct-gold-foxtail-chain-16-inches-1-4mm-thick\\\/#primaryimage\"},\"thumbnailUrl\":\"https:\\\/\\\/static.purejewels.com\\\/wp-content\\\/uploads\\\/2018\\\/05\\\/30256-2.jpg\",\"datePublished\":\"2021-10-13T08:12:33+00:00\",\"dateModified\":\"2025-12-24T06:22:32+00:00\",\"description\":\"Check our real gold chain for everyday wear. This foxtail chin is unisex and is made from pure 22ct gold. Order online for free delivery in the UK.\",\"breadcrumb\":{\"@id\":\"https:\\\/\\\/www.purejewels.com\\\/product\\\/22ct-gold-foxtail-chain-16-inches-1-4mm-thick\\\/#breadcrumb\"},\"inLanguage\":\"de\",\"potentialAction\":[{\"@type\":\"ReadAction\",\"target\":[\"https:\\\/\\\/www.purejewels.com\\\/product\\\/22ct-gold-foxtail-chain-16-inches-1-4mm-thick\\\/\"]}]},{\"@type\":\"ImageObject\",\"inLanguage\":\"de\",\"@id\":\"https:\\\/\\\/www.purejewels.com\\\/product\\\/22ct-gold-foxtail-chain-16-inches-1-4mm-thick\\\/#primaryimage\",\"url\":\"https:\\\/\\\/static.purejewels.com\\\/wp-content\\\/uploads\\\/2018\\\/05\\\/30256-2.jpg\",\"contentUrl\":\"https:\\\/\\\/static.purejewels.com\\\/wp-content\\\/uploads\\\/2018\\\/05\\\/30256-2.jpg\",\"width\":1000,\"height\":1000,\"caption\":\"22ct Gold Chain 30256-2\"},{\"@type\":\"BreadcrumbList\",\"@id\":\"https:\\\/\\\/www.purejewels.com\\\/product\\\/22ct-gold-foxtail-chain-16-inches-1-4mm-thick\\\/#breadcrumb\",\"itemListElement\":[{\"@type\":\"ListItem\",\"position\":1,\"name\":\"Home\",\"item\":\"https:\\\/\\\/www.purejewels.com\\\/\"},{\"@type\":\"ListItem\",\"position\":2,\"name\":\"Shop\",\"item\":\"https:\\\/\\\/www.purejewels.com\\\/shop\\\/\"},{\"@type\":\"ListItem\",\"position\":3,\"name\":\"22ct Gold | Foxtail Chain | 16 Inches | 1.8mm Thick\"}]},{\"@type\":\"WebSite\",\"@id\":\"https:\\\/\\\/www.purejewels.com\\\/#website\",\"url\":\"https:\\\/\\\/www.purejewels.com\\\/\",\"name\":\"PureJewels UK\",\"description\":\"Share the Love\",\"publisher\":{\"@id\":\"https:\\\/\\\/www.purejewels.com\\\/#organization\"},\"potentialAction\":[{\"@type\":\"SearchAction\",\"target\":{\"@type\":\"EntryPoint\",\"urlTemplate\":\"https:\\\/\\\/www.purejewels.com\\\/?s={search_term_string}\"},\"query-input\":{\"@type\":\"PropertyValueSpecification\",\"valueRequired\":true,\"valueName\":\"search_term_string\"}}],\"inLanguage\":\"de\"},{\"@type\":\"Organization\",\"@id\":\"https:\\\/\\\/www.purejewels.com\\\/#organization\",\"name\":\"PureJewels UK\",\"url\":\"https:\\\/\\\/www.purejewels.com\\\/\",\"logo\":{\"@type\":\"ImageObject\",\"inLanguage\":\"de\",\"@id\":\"https:\\\/\\\/www.purejewels.com\\\/#\\\/schema\\\/logo\\\/image\\\/\",\"url\":\"https:\\\/\\\/static.purejewels.com\\\/wp-content\\\/uploads\\\/2020\\\/11\\\/Logo-PJ-New-1.png\",\"contentUrl\":\"https:\\\/\\\/static.purejewels.com\\\/wp-content\\\/uploads\\\/2020\\\/11\\\/Logo-PJ-New-1.png\",\"width\":150,\"height\":80,\"caption\":\"PureJewels UK\"},\"image\":{\"@id\":\"https:\\\/\\\/www.purejewels.com\\\/#\\\/schema\\\/logo\\\/image\\\/\"}}]}<\/script>\n<!-- \/ Yoast SEO plugin. -->","yoast_head_json":{"title":"Pure 22ct Gold Fuchsschwanz Kette Online verf\u00fcgbar bei PureJewels","description":"Pr\u00fcfen Sie unsere Kette aus echtem Gold f\u00fcr den t\u00e4glichen Gebrauch. Dieser Fuchsschwanz Kinn ist unisex und ist aus reinem 22ct Gold gefertigt. Bestellen Sie online f\u00fcr kostenlose Lieferung in Gro\u00dfbritannien.","robots":{"index":"index","follow":"follow","max-snippet":"max-snippet:-1","max-image-preview":"max-image-preview:large","max-video-preview":"max-video-preview:-1"},"canonical":"https:\/\/www.purejewels.com\/de\/produkt-2\/22ct-gold-fuchsschwanz-kette-16-zoll-1-4mm-dick\/","og_locale":"de_DE","og_type":"article","og_title":"Pure 22ct Gold Foxtail Chain Available Online at PureJewels","og_description":"Check our real gold chain for everyday wear. This foxtail chin is unisex and is made from pure 22ct gold. Order online for free delivery in the UK.","og_url":"https:\/\/www.purejewels.com\/de\/produkt-2\/22ct-gold-fuchsschwanz-kette-16-zoll-1-4mm-dick\/","og_site_name":"PureJewels UK","article_modified_time":"2025-12-24T06:22:32+00:00","og_image":[{"width":1000,"height":1000,"url":"https:\/\/static.purejewels.com\/wp-content\/uploads\/2018\/05\/30256-2.jpg","type":"image\/jpeg"}],"twitter_card":"summary_large_image","twitter_misc":{"Gesch\u00e4tzte Lesezeit":"1\u00a0Minute"},"schema":{"@context":"https:\/\/schema.org","@graph":[{"@type":["WebPage","ItemPage"],"@id":"https:\/\/www.purejewels.com\/product\/22ct-gold-foxtail-chain-16-inches-1-4mm-thick\/","url":"https:\/\/www.purejewels.com\/product\/22ct-gold-foxtail-chain-16-inches-1-4mm-thick\/","name":"Pure 22ct Gold Fuchsschwanz Kette Online verf\u00fcgbar bei PureJewels","isPartOf":{"@id":"https:\/\/www.purejewels.com\/#website"},"primaryImageOfPage":{"@id":"https:\/\/www.purejewels.com\/product\/22ct-gold-foxtail-chain-16-inches-1-4mm-thick\/#primaryimage"},"image":{"@id":"https:\/\/www.purejewels.com\/product\/22ct-gold-foxtail-chain-16-inches-1-4mm-thick\/#primaryimage"},"thumbnailUrl":"https:\/\/static.purejewels.com\/wp-content\/uploads\/2018\/05\/30256-2.jpg","datePublished":"2021-10-13T08:12:33+00:00","dateModified":"2025-12-24T06:22:32+00:00","description":"Pr\u00fcfen Sie unsere Kette aus echtem Gold f\u00fcr den t\u00e4glichen Gebrauch. Dieser Fuchsschwanz Kinn ist unisex und ist aus reinem 22ct Gold gefertigt. Bestellen Sie online f\u00fcr kostenlose Lieferung in Gro\u00dfbritannien.","breadcrumb":{"@id":"https:\/\/www.purejewels.com\/product\/22ct-gold-foxtail-chain-16-inches-1-4mm-thick\/#breadcrumb"},"inLanguage":"de","potentialAction":[{"@type":"ReadAction","target":["https:\/\/www.purejewels.com\/product\/22ct-gold-foxtail-chain-16-inches-1-4mm-thick\/"]}]},{"@type":"ImageObject","inLanguage":"de","@id":"https:\/\/www.purejewels.com\/product\/22ct-gold-foxtail-chain-16-inches-1-4mm-thick\/#primaryimage","url":"https:\/\/static.purejewels.com\/wp-content\/uploads\/2018\/05\/30256-2.jpg","contentUrl":"https:\/\/static.purejewels.com\/wp-content\/uploads\/2018\/05\/30256-2.jpg","width":1000,"height":1000,"caption":"22ct Gold Chain 30256-2"},{"@type":"BreadcrumbList","@id":"https:\/\/www.purejewels.com\/product\/22ct-gold-foxtail-chain-16-inches-1-4mm-thick\/#breadcrumb","itemListElement":[{"@type":"ListItem","position":1,"name":"Home","item":"https:\/\/www.purejewels.com\/"},{"@type":"ListItem","position":2,"name":"Shop","item":"https:\/\/www.purejewels.com\/shop\/"},{"@type":"ListItem","position":3,"name":"22ct Gold | Foxtail Chain | 16 Inches | 1.8mm Thick"}]},{"@type":"WebSite","@id":"https:\/\/www.purejewels.com\/#website","url":"https:\/\/www.purejewels.com\/","name":"PureJewels UK","description":"Teile die Liebe","publisher":{"@id":"https:\/\/www.purejewels.com\/#organization"},"potentialAction":[{"@type":"SearchAction","target":{"@type":"EntryPoint","urlTemplate":"https:\/\/www.purejewels.com\/?s={search_term_string}"},"query-input":{"@type":"PropertyValueSpecification","valueRequired":true,"valueName":"search_term_string"}}],"inLanguage":"de"},{"@type":"Organization","@id":"https:\/\/www.purejewels.com\/#organization","name":"PureJewels UK","url":"https:\/\/www.purejewels.com\/","logo":{"@type":"ImageObject","inLanguage":"de","@id":"https:\/\/www.purejewels.com\/#\/schema\/logo\/image\/","url":"https:\/\/static.purejewels.com\/wp-content\/uploads\/2020\/11\/Logo-PJ-New-1.png","contentUrl":"https:\/\/static.purejewels.com\/wp-content\/uploads\/2020\/11\/Logo-PJ-New-1.png","width":150,"height":80,"caption":"PureJewels UK"},"image":{"@id":"https:\/\/www.purejewels.com\/#\/schema\/logo\/image\/"}}]}},"_links":{"self":[{"href":"https:\/\/www.purejewels.com\/de\/wp-json\/wp\/v2\/product\/327462","targetHints":{"allow":["GET"]}}],"collection":[{"href":"https:\/\/www.purejewels.com\/de\/wp-json\/wp\/v2\/product"}],"about":[{"href":"https:\/\/www.purejewels.com\/de\/wp-json\/wp\/v2\/types\/product"}],"replies":[{"embeddable":true,"href":"https:\/\/www.purejewels.com\/de\/wp-json\/wp\/v2\/comments?post=327462"}],"version-history":[{"count":1,"href":"https:\/\/www.purejewels.com\/de\/wp-json\/wp\/v2\/product\/327462\/revisions"}],"predecessor-version":[{"id":371353,"href":"https:\/\/www.purejewels.com\/de\/wp-json\/wp\/v2\/product\/327462\/revisions\/371353"}],"wp:featuredmedia":[{"embeddable":true,"href":"https:\/\/www.purejewels.com\/de\/wp-json\/wp\/v2\/media\/326594"}],"wp:attachment":[{"href":"https:\/\/www.purejewels.com\/de\/wp-json\/wp\/v2\/media?parent=327462"}],"wp:term":[{"taxonomy":"product_brand","embeddable":true,"href":"https:\/\/www.purejewels.com\/de\/wp-json\/wp\/v2\/product_brand?post=327462"},{"taxonomy":"product_cat","embeddable":true,"href":"https:\/\/www.purejewels.com\/de\/wp-json\/wp\/v2\/product_cat?post=327462"},{"taxonomy":"product_tag","embeddable":true,"href":"https:\/\/www.purejewels.com\/de\/wp-json\/wp\/v2\/product_tag?post=327462"}],"curies":[{"name":"wp","href":"https:\/\/api.w.org\/{rel}","templated":true}]}}