{"id":327536,"date":"2021-10-14T08:46:07","date_gmt":"2021-10-14T07:46:07","guid":{"rendered":"https:\/\/www.purejewels.com\/?post_type=product&#038;p=327536"},"modified":"2025-08-08T12:55:23","modified_gmt":"2025-08-08T11:55:23","slug":"22ct-gold-fuchsschwanz-kette-24-zoll-2mm-dick","status":"publish","type":"product","link":"https:\/\/www.purejewels.com\/de\/product\/22ct-gold-foxtail-chain-24-inches-2mm-thick\/","title":{"rendered":"22ct Gold | Fuchsschwanz Kette | 24 Zoll | 2mm dick"},"content":{"rendered":"<h3><b>Inspiration<\/b><\/h3>\n<p><span style=\"font-weight: 400;\">Was ist eine Fuchsschwanzkette? Nun, wie der Name schon sagt, ist die Fuchsschwanzkette vom Aussehen her vom Fuchsschwanz inspiriert. Ihr Ursprung in Italien geht auf Hunderte von Jahren zur\u00fcck. Wie die Geschichte nahelegt, sind diese <a href=\"https:\/\/www.purejewels.com\/de\/product-category\/22ct-gold-jewellery\/gold-chains\/\">Ketten<\/a> waren das Ergebnis der Arbeit von Handwerksmeistern und geschickten Handwerkern, die sie mit Hilfe von antiken Werkzeugen von Hand herstellten. <a href=\"https:\/\/www.purejewels.com\/de\/handmade-gold-jewellery\/\">handgefertigt<\/a> und primitive Werkzeuge.<\/span><\/p>\n<h3><b>Gestaltung<\/b><\/h3>\n<p><span style=\"font-weight: 400;\">Unsere feine 22K Fuchsschwanzkette wurde sorgf\u00e4ltig nach verschiedenen Halsgr\u00f6\u00dfen gefertigt, so dass es immens einfach, die perfekte f\u00fcr Sie und Ihre Lieben zu w\u00e4hlen, und wurde dynamisch in einer Weise, die auf M\u00e4nner und Frauen sieht wundersch\u00f6n gestaltet. Diese Fuchsschwanz-Goldkette wurde sorgf\u00e4ltig auf verschiedene Halsgr\u00f6\u00dfen abgestimmt, so dass es immens einfach ist, die perfekte Kette f\u00fcr Sie und Ihre Lieben auszuw\u00e4hlen. Diese Kette ist 24 Zentimeter lang und wiegt 21,3 Gramm mit einer zarten Dicke von 2 Millimetern.<\/span><\/p>\n<p>&nbsp;<\/p>\n<h3><b>Stil<\/b><\/h3>\n<p><span style=\"font-weight: 400;\">Unsere Kette aus 22-kar\u00e4tigem Fuchsschwanzgold wurde in feinster Handarbeit hergestellt und kann unabh\u00e4ngig getragen werden, w\u00e4hrend sie einen minimalistischen Look kreiert. Stylen Sie sie zu Ihren traditionellen Kurtas, setzen Sie ein Statement, indem Sie sie mit Ihren Hemden kombinieren und kombinieren Sie sie mit sch\u00f6nem 22K Gold <a href=\"https:\/\/www.purejewels.com\/de\/product-category\/22ct-gold-jewellery\/gold-pendants\/\">Anh\u00e4nger<\/a> Sie k\u00f6nnen sie auch mit anderen Ketten aus unserer Kollektion kombinieren, um eine sch\u00f6ne Silhouette zu schaffen.<\/span><\/p>","protected":false},"excerpt":{"rendered":"<ul>\n<li>22ct Gold Fuchsschwanz Kette<\/li>\n<li>Gewicht : 21.3 g<\/li>\n<li><span style=\"font-style: normal; font-variant: normal; font-size: 12pt; line-height: 24.75px; font-family: georgia, palatino, serif; text-align: center; color: #000000; text-indent: 0px; letter-spacing: normal; text-decoration: none; float: none; background-color: transparent;\">L\u00e4nge : 24\u2033 Zoll<\/span><\/li>\n<li>Dicke. 2mm<\/li>\n<li>SKU 40720<\/li>\n<li>Alle Preise inklusive Mehrwertsteuer<\/li>\n<li>22ct Gold gestempelt von London Assay Office<\/li>\n<li>Mit Pr\u00e4sentationsbox<\/li>\n<li>Lieferung inbegriffen<\/li>\n<li>Live-Chat mit uns f\u00fcr die Verf\u00fcgbarkeit und mehr Bilder von \u00e4hnlichen Designs derzeit auf Lager<\/li>\n<\/ul>","protected":false},"featured_media":326594,"comment_status":"closed","ping_status":"closed","template":"","meta":{"_eb_attr":"","_crsspst_to_jayantr4sg-hostcom":false},"product_brand":[],"product_cat":[5016,5019,1791,1559,1475,1229,1773,1572,1774,1574],"product_tag":[3990,65],"class_list":{"0":"post-327536","1":"product","2":"type-product","3":"status-publish","4":"has-post-thumbnail","6":"product_cat-22-inch-ladies-chain","7":"product_cat-22-inch-mens-chain","8":"product_cat-anniversary-gifts","9":"product_cat-birthday-gifts","10":"product_cat-gold-chains","11":"product_cat-22ct-gold-jewellery","12":"product_cat-ladies-chains","13":"product_cat-mens-jewellery","14":"product_cat-mens-chains","15":"product_cat-womens-jewellery","16":"product_tag-22-carat-gold-chain","17":"product_tag-chains","19":"first","20":"onbackorder","21":"taxable","22":"shipping-taxable","23":"product-type-simple","24":"add-to-wishlist-before_image"},"yoast_head":"<!-- This site is optimized with the Yoast SEO plugin v27.6 - https:\/\/yoast.com\/product\/yoast-seo-wordpress\/ -->\n<title>Buy Elegant Chain in 22 ct gold at PureJewels UK<\/title>\n<meta name=\"description\" content=\"Shop stylish 22 ct Gold Foxtail Chains in UK. Our products are Hallmarked by London Assay Office. Explore more on https:\/\/www.purejewels.com\/\" \/>\n<meta name=\"robots\" content=\"index, follow, max-snippet:-1, max-image-preview:large, max-video-preview:-1\" \/>\n<link rel=\"canonical\" href=\"https:\/\/www.purejewels.com\/de\/produkt-2\/22ct-gold-fuchsschwanz-kette-24-zoll-2mm-dick\/\" \/>\n<meta property=\"og:locale\" content=\"de_DE\" \/>\n<meta property=\"og:type\" content=\"article\" \/>\n<meta property=\"og:title\" content=\"Buy Elegant Chain in 22 ct gold at PureJewels UK\" \/>\n<meta property=\"og:description\" content=\"Shop stylish 22 ct Gold Foxtail Chains in UK. Our products are Hallmarked by London Assay Office. Explore more on https:\/\/www.purejewels.com\/\" \/>\n<meta property=\"og:url\" content=\"https:\/\/www.purejewels.com\/de\/produkt-2\/22ct-gold-fuchsschwanz-kette-24-zoll-2mm-dick\/\" \/>\n<meta property=\"og:site_name\" content=\"PureJewels UK\" \/>\n<meta property=\"article:modified_time\" content=\"2025-08-08T11:55:23+00:00\" \/>\n<meta property=\"og:image\" content=\"https:\/\/www.purejewels.com\/wp-content\/uploads\/2018\/05\/30256-2.jpg\" \/>\n\t<meta property=\"og:image:width\" content=\"1000\" \/>\n\t<meta property=\"og:image:height\" content=\"1000\" \/>\n\t<meta property=\"og:image:type\" content=\"image\/jpeg\" \/>\n<meta name=\"twitter:card\" content=\"summary_large_image\" \/>\n<meta name=\"twitter:label1\" content=\"Gesch\u00e4tzte Lesezeit\" \/>\n\t<meta name=\"twitter:data1\" content=\"1\u00a0Minute\" \/>\n<script type=\"application\/ld+json\" class=\"yoast-schema-graph\">{\"@context\":\"https:\\\/\\\/schema.org\",\"@graph\":[{\"@type\":[\"WebPage\",\"ItemPage\"],\"@id\":\"https:\\\/\\\/www.purejewels.com\\\/product\\\/22ct-gold-foxtail-chain-24-inches-2mm-thick\\\/\",\"url\":\"https:\\\/\\\/www.purejewels.com\\\/product\\\/22ct-gold-foxtail-chain-24-inches-2mm-thick\\\/\",\"name\":\"Buy Elegant Chain in 22 ct gold at PureJewels UK\",\"isPartOf\":{\"@id\":\"https:\\\/\\\/www.purejewels.com\\\/#website\"},\"primaryImageOfPage\":{\"@id\":\"https:\\\/\\\/www.purejewels.com\\\/product\\\/22ct-gold-foxtail-chain-24-inches-2mm-thick\\\/#primaryimage\"},\"image\":{\"@id\":\"https:\\\/\\\/www.purejewels.com\\\/product\\\/22ct-gold-foxtail-chain-24-inches-2mm-thick\\\/#primaryimage\"},\"thumbnailUrl\":\"https:\\\/\\\/static.purejewels.com\\\/wp-content\\\/uploads\\\/2018\\\/05\\\/30256-2.jpg\",\"datePublished\":\"2021-10-14T07:46:07+00:00\",\"dateModified\":\"2025-08-08T11:55:23+00:00\",\"description\":\"Shop stylish 22 ct Gold Foxtail Chains in UK. Our products are Hallmarked by London Assay Office. Explore more on https:\\\/\\\/www.purejewels.com\\\/\",\"breadcrumb\":{\"@id\":\"https:\\\/\\\/www.purejewels.com\\\/product\\\/22ct-gold-foxtail-chain-24-inches-2mm-thick\\\/#breadcrumb\"},\"inLanguage\":\"de\",\"potentialAction\":[{\"@type\":\"ReadAction\",\"target\":[\"https:\\\/\\\/www.purejewels.com\\\/product\\\/22ct-gold-foxtail-chain-24-inches-2mm-thick\\\/\"]}]},{\"@type\":\"ImageObject\",\"inLanguage\":\"de\",\"@id\":\"https:\\\/\\\/www.purejewels.com\\\/product\\\/22ct-gold-foxtail-chain-24-inches-2mm-thick\\\/#primaryimage\",\"url\":\"https:\\\/\\\/static.purejewels.com\\\/wp-content\\\/uploads\\\/2018\\\/05\\\/30256-2.jpg\",\"contentUrl\":\"https:\\\/\\\/static.purejewels.com\\\/wp-content\\\/uploads\\\/2018\\\/05\\\/30256-2.jpg\",\"width\":1000,\"height\":1000,\"caption\":\"22ct Gold Chain 30256-2\"},{\"@type\":\"BreadcrumbList\",\"@id\":\"https:\\\/\\\/www.purejewels.com\\\/product\\\/22ct-gold-foxtail-chain-24-inches-2mm-thick\\\/#breadcrumb\",\"itemListElement\":[{\"@type\":\"ListItem\",\"position\":1,\"name\":\"Home\",\"item\":\"https:\\\/\\\/www.purejewels.com\\\/\"},{\"@type\":\"ListItem\",\"position\":2,\"name\":\"Shop\",\"item\":\"https:\\\/\\\/www.purejewels.com\\\/shop\\\/\"},{\"@type\":\"ListItem\",\"position\":3,\"name\":\"22ct Gold | Foxtail Chain | 24 Inches | 2mm Thick\"}]},{\"@type\":\"WebSite\",\"@id\":\"https:\\\/\\\/www.purejewels.com\\\/#website\",\"url\":\"https:\\\/\\\/www.purejewels.com\\\/\",\"name\":\"PureJewels UK\",\"description\":\"Share the Love\",\"publisher\":{\"@id\":\"https:\\\/\\\/www.purejewels.com\\\/#organization\"},\"potentialAction\":[{\"@type\":\"SearchAction\",\"target\":{\"@type\":\"EntryPoint\",\"urlTemplate\":\"https:\\\/\\\/www.purejewels.com\\\/?s={search_term_string}\"},\"query-input\":{\"@type\":\"PropertyValueSpecification\",\"valueRequired\":true,\"valueName\":\"search_term_string\"}}],\"inLanguage\":\"de\"},{\"@type\":\"Organization\",\"@id\":\"https:\\\/\\\/www.purejewels.com\\\/#organization\",\"name\":\"PureJewels UK\",\"url\":\"https:\\\/\\\/www.purejewels.com\\\/\",\"logo\":{\"@type\":\"ImageObject\",\"inLanguage\":\"de\",\"@id\":\"https:\\\/\\\/www.purejewels.com\\\/#\\\/schema\\\/logo\\\/image\\\/\",\"url\":\"https:\\\/\\\/static.purejewels.com\\\/wp-content\\\/uploads\\\/2020\\\/11\\\/Logo-PJ-New-1.png\",\"contentUrl\":\"https:\\\/\\\/static.purejewels.com\\\/wp-content\\\/uploads\\\/2020\\\/11\\\/Logo-PJ-New-1.png\",\"width\":150,\"height\":80,\"caption\":\"PureJewels UK\"},\"image\":{\"@id\":\"https:\\\/\\\/www.purejewels.com\\\/#\\\/schema\\\/logo\\\/image\\\/\"}}]}<\/script>\n<!-- \/ Yoast SEO plugin. -->","yoast_head_json":{"title":"Elegante Kette aus 22 Karat Gold bei PureJewels UK kaufen","description":"Shop stilvolle 22 kt Gold Fuchsschwanz Ketten in Gro\u00dfbritannien. Unsere Produkte sind von London Assay Office gepunzt. Entdecken Sie mehr auf https:\/\/www.purejewels.com\/","robots":{"index":"index","follow":"follow","max-snippet":"max-snippet:-1","max-image-preview":"max-image-preview:large","max-video-preview":"max-video-preview:-1"},"canonical":"https:\/\/www.purejewels.com\/de\/produkt-2\/22ct-gold-fuchsschwanz-kette-24-zoll-2mm-dick\/","og_locale":"de_DE","og_type":"article","og_title":"Buy Elegant Chain in 22 ct gold at PureJewels UK","og_description":"Shop stylish 22 ct Gold Foxtail Chains in UK. Our products are Hallmarked by London Assay Office. Explore more on https:\/\/www.purejewels.com\/","og_url":"https:\/\/www.purejewels.com\/de\/produkt-2\/22ct-gold-fuchsschwanz-kette-24-zoll-2mm-dick\/","og_site_name":"PureJewels UK","article_modified_time":"2025-08-08T11:55:23+00:00","og_image":[{"width":1000,"height":1000,"url":"https:\/\/www.purejewels.com\/wp-content\/uploads\/2018\/05\/30256-2.jpg","type":"image\/jpeg"}],"twitter_card":"summary_large_image","twitter_misc":{"Gesch\u00e4tzte Lesezeit":"1\u00a0Minute"},"schema":{"@context":"https:\/\/schema.org","@graph":[{"@type":["WebPage","ItemPage"],"@id":"https:\/\/www.purejewels.com\/product\/22ct-gold-foxtail-chain-24-inches-2mm-thick\/","url":"https:\/\/www.purejewels.com\/product\/22ct-gold-foxtail-chain-24-inches-2mm-thick\/","name":"Elegante Kette aus 22 Karat Gold bei PureJewels UK kaufen","isPartOf":{"@id":"https:\/\/www.purejewels.com\/#website"},"primaryImageOfPage":{"@id":"https:\/\/www.purejewels.com\/product\/22ct-gold-foxtail-chain-24-inches-2mm-thick\/#primaryimage"},"image":{"@id":"https:\/\/www.purejewels.com\/product\/22ct-gold-foxtail-chain-24-inches-2mm-thick\/#primaryimage"},"thumbnailUrl":"https:\/\/static.purejewels.com\/wp-content\/uploads\/2018\/05\/30256-2.jpg","datePublished":"2021-10-14T07:46:07+00:00","dateModified":"2025-08-08T11:55:23+00:00","description":"Shop stilvolle 22 kt Gold Fuchsschwanz Ketten in Gro\u00dfbritannien. Unsere Produkte sind von London Assay Office gepunzt. Entdecken Sie mehr auf https:\/\/www.purejewels.com\/","breadcrumb":{"@id":"https:\/\/www.purejewels.com\/product\/22ct-gold-foxtail-chain-24-inches-2mm-thick\/#breadcrumb"},"inLanguage":"de","potentialAction":[{"@type":"ReadAction","target":["https:\/\/www.purejewels.com\/product\/22ct-gold-foxtail-chain-24-inches-2mm-thick\/"]}]},{"@type":"ImageObject","inLanguage":"de","@id":"https:\/\/www.purejewels.com\/product\/22ct-gold-foxtail-chain-24-inches-2mm-thick\/#primaryimage","url":"https:\/\/static.purejewels.com\/wp-content\/uploads\/2018\/05\/30256-2.jpg","contentUrl":"https:\/\/static.purejewels.com\/wp-content\/uploads\/2018\/05\/30256-2.jpg","width":1000,"height":1000,"caption":"22ct Gold Chain 30256-2"},{"@type":"BreadcrumbList","@id":"https:\/\/www.purejewels.com\/product\/22ct-gold-foxtail-chain-24-inches-2mm-thick\/#breadcrumb","itemListElement":[{"@type":"ListItem","position":1,"name":"Home","item":"https:\/\/www.purejewels.com\/"},{"@type":"ListItem","position":2,"name":"Shop","item":"https:\/\/www.purejewels.com\/shop\/"},{"@type":"ListItem","position":3,"name":"22ct Gold | Foxtail Chain | 24 Inches | 2mm Thick"}]},{"@type":"WebSite","@id":"https:\/\/www.purejewels.com\/#website","url":"https:\/\/www.purejewels.com\/","name":"PureJewels UK","description":"Teile die Liebe","publisher":{"@id":"https:\/\/www.purejewels.com\/#organization"},"potentialAction":[{"@type":"SearchAction","target":{"@type":"EntryPoint","urlTemplate":"https:\/\/www.purejewels.com\/?s={search_term_string}"},"query-input":{"@type":"PropertyValueSpecification","valueRequired":true,"valueName":"search_term_string"}}],"inLanguage":"de"},{"@type":"Organization","@id":"https:\/\/www.purejewels.com\/#organization","name":"PureJewels UK","url":"https:\/\/www.purejewels.com\/","logo":{"@type":"ImageObject","inLanguage":"de","@id":"https:\/\/www.purejewels.com\/#\/schema\/logo\/image\/","url":"https:\/\/static.purejewels.com\/wp-content\/uploads\/2020\/11\/Logo-PJ-New-1.png","contentUrl":"https:\/\/static.purejewels.com\/wp-content\/uploads\/2020\/11\/Logo-PJ-New-1.png","width":150,"height":80,"caption":"PureJewels UK"},"image":{"@id":"https:\/\/www.purejewels.com\/#\/schema\/logo\/image\/"}}]}},"_links":{"self":[{"href":"https:\/\/www.purejewels.com\/de\/wp-json\/wp\/v2\/product\/327536","targetHints":{"allow":["GET"]}}],"collection":[{"href":"https:\/\/www.purejewels.com\/de\/wp-json\/wp\/v2\/product"}],"about":[{"href":"https:\/\/www.purejewels.com\/de\/wp-json\/wp\/v2\/types\/product"}],"replies":[{"embeddable":true,"href":"https:\/\/www.purejewels.com\/de\/wp-json\/wp\/v2\/comments?post=327536"}],"version-history":[{"count":1,"href":"https:\/\/www.purejewels.com\/de\/wp-json\/wp\/v2\/product\/327536\/revisions"}],"predecessor-version":[{"id":370826,"href":"https:\/\/www.purejewels.com\/de\/wp-json\/wp\/v2\/product\/327536\/revisions\/370826"}],"wp:featuredmedia":[{"embeddable":true,"href":"https:\/\/www.purejewels.com\/de\/wp-json\/wp\/v2\/media\/326594"}],"wp:attachment":[{"href":"https:\/\/www.purejewels.com\/de\/wp-json\/wp\/v2\/media?parent=327536"}],"wp:term":[{"taxonomy":"product_brand","embeddable":true,"href":"https:\/\/www.purejewels.com\/de\/wp-json\/wp\/v2\/product_brand?post=327536"},{"taxonomy":"product_cat","embeddable":true,"href":"https:\/\/www.purejewels.com\/de\/wp-json\/wp\/v2\/product_cat?post=327536"},{"taxonomy":"product_tag","embeddable":true,"href":"https:\/\/www.purejewels.com\/de\/wp-json\/wp\/v2\/product_tag?post=327536"}],"curies":[{"name":"wp","href":"https:\/\/api.w.org\/{rel}","templated":true}]}}