{"id":327733,"date":"2021-10-27T08:23:31","date_gmt":"2021-10-27T07:23:31","guid":{"rendered":"https:\/\/www.purejewels.com\/?post_type=product&#038;p=327733"},"modified":"2026-01-06T09:44:48","modified_gmt":"2026-01-06T09:44:48","slug":"armband-fur-frauen","status":"publish","type":"product","link":"https:\/\/www.purejewels.com\/de\/product\/bracelet-for-women\/","title":{"rendered":"Armb\u00e4nder f\u00fcr Frauen"},"content":{"rendered":"<p>Jede Frau braucht etwas, um ihr Handgelenk aufzupeppen. Worauf warten Sie also noch? Diese trendigen Armb\u00e4nder sind der Inbegriff von Luxus. Man sagt, dass kein Betrag zu klein ist, wenn es darum geht, im Trend zu liegen, und goldene Armb\u00e4nder sind ein perfektes Beispiel daf\u00fcr. Dieses <a href=\"https:\/\/www.purejewels.com\/de\/product-category\/22ct-gold-jewellery\/gold-bracelet\/\">Armband<\/a> ist mit einem strukturierten Herz in der N\u00e4he des Verschlusses versehen. Es ist ein perfekter Begleiter f\u00fcr den Alltag und sogar f\u00fcr Anl\u00e4sse. Der Vintage-Charme dieses Armbands ist eine stilvolle und elegante Erg\u00e4nzung f\u00fcr jedes Outfit.<\/p>","protected":false},"excerpt":{"rendered":"<ul>\n<li>22ct\u00a0<span id=\"urn:enhancement-96f9535d\" class=\"textannotation\">Gold<\/span> Armb\u00e4nder<\/li>\n<li>L\u00e4nge der\u00a0<span id=\"urn:enhancement-abca8cb7\" class=\"textannotation\">Armb\u00e4nder<\/span> ist 7,5 Zoll<\/li>\n<li>Gewicht des\u00a0<span id=\"urn:enhancement-71141257\" class=\"textannotation\">Armb\u00e4nder<\/span> betr\u00e4gt 8,6 Gramm<\/li>\n<li>SKU 40738<\/li>\n<li>Alle Preise inklusive Mehrwertsteuer<\/li>\n<li>22\u00a0<span id=\"urn:enhancement-bc82c59b\" class=\"textannotation\">Karat<\/span>\u00a0<span id=\"urn:enhancement-9abf3d80\" class=\"textannotation\">Gold<\/span>\u00a0Gepunzt von London\u00a0<span id=\"urn:enhancement-804ade87\" class=\"textannotation\">Pr\u00fcfstelle<\/span><\/li>\n<li>Mit Pr\u00e4sentationsbox<\/li>\n<li>Lieferung inbegriffen<\/li>\n<li>Live-Chat mit uns f\u00fcr die Verf\u00fcgbarkeit und mehr Bilder von \u00e4hnlichen Lovely Daily, Officewear Frauen Armband derzeit auf Lager.<\/li>\n<\/ul>","protected":false},"featured_media":327734,"comment_status":"closed","ping_status":"closed","template":"","meta":{"_eb_attr":"","_crsspst_to_jayantr4sg-hostcom":false},"product_brand":[],"product_cat":[1791,1793,1792,1324,1627,1570,1574],"product_tag":[1430],"class_list":{"0":"post-327733","1":"product","2":"type-product","3":"status-publish","4":"has-post-thumbnail","6":"product_cat-anniversary-gifts","7":"product_cat-diwali-gifts","8":"product_cat-festival-gifts","9":"product_cat-gold-bracelet","10":"product_cat-ladies-bracelet","11":"product_cat-mothers-day-gifts","12":"product_cat-womens-jewellery","13":"product_tag-diwali-gift","15":"first","16":"outofstock","17":"taxable","18":"shipping-taxable","19":"product-type-simple","20":"add-to-wishlist-before_image"},"yoast_head":"<!-- This site is optimized with the Yoast SEO plugin v27.4 - https:\/\/yoast.com\/product\/yoast-seo-wordpress\/ -->\n<title>Shop this classic 22ct gold Bracelet at PureJewels UK<\/title>\n<meta name=\"description\" content=\"Shop the latest gold bracelet designs online. Pick this beautiful Bracelet made with 22ct gold. Fast delivery &amp; easy returns.\" \/>\n<meta name=\"robots\" content=\"index, follow, max-snippet:-1, max-image-preview:large, max-video-preview:-1\" \/>\n<link rel=\"canonical\" href=\"https:\/\/www.purejewels.com\/de\/produkt-2\/armband-fur-frauen\/\" \/>\n<meta property=\"og:locale\" content=\"de_DE\" \/>\n<meta property=\"og:type\" content=\"article\" \/>\n<meta property=\"og:title\" content=\"Shop this classic 22ct gold Bracelet at PureJewels UK\" \/>\n<meta property=\"og:description\" content=\"Shop the latest gold bracelet designs online. Pick this beautiful Bracelet made with 22ct gold. Fast delivery &amp; easy returns.\" \/>\n<meta property=\"og:url\" content=\"https:\/\/www.purejewels.com\/de\/produkt-2\/armband-fur-frauen\/\" \/>\n<meta property=\"og:site_name\" content=\"PureJewels UK\" \/>\n<meta property=\"article:modified_time\" content=\"2026-01-06T09:44:48+00:00\" \/>\n<meta property=\"og:image\" content=\"https:\/\/www.purejewels.com\/wp-content\/uploads\/2021\/10\/40738-2.jpg\" \/>\n\t<meta property=\"og:image:width\" content=\"1000\" \/>\n\t<meta property=\"og:image:height\" content=\"1000\" \/>\n\t<meta property=\"og:image:type\" content=\"image\/jpeg\" \/>\n<meta name=\"twitter:card\" content=\"summary_large_image\" \/>\n<meta name=\"twitter:label1\" content=\"Gesch\u00e4tzte Lesezeit\" \/>\n\t<meta name=\"twitter:data1\" content=\"1\u00a0Minute\" \/>\n<script type=\"application\/ld+json\" class=\"yoast-schema-graph\">{\"@context\":\"https:\\\/\\\/schema.org\",\"@graph\":[{\"@type\":[\"WebPage\",\"ItemPage\"],\"@id\":\"https:\\\/\\\/www.purejewels.com\\\/product\\\/bracelet-for-women\\\/\",\"url\":\"https:\\\/\\\/www.purejewels.com\\\/product\\\/bracelet-for-women\\\/\",\"name\":\"Shop this classic 22ct gold Bracelet at PureJewels UK\",\"isPartOf\":{\"@id\":\"https:\\\/\\\/www.purejewels.com\\\/#website\"},\"primaryImageOfPage\":{\"@id\":\"https:\\\/\\\/www.purejewels.com\\\/product\\\/bracelet-for-women\\\/#primaryimage\"},\"image\":{\"@id\":\"https:\\\/\\\/www.purejewels.com\\\/product\\\/bracelet-for-women\\\/#primaryimage\"},\"thumbnailUrl\":\"https:\\\/\\\/static.purejewels.com\\\/wp-content\\\/uploads\\\/2021\\\/10\\\/40738-2.jpg\",\"datePublished\":\"2021-10-27T07:23:31+00:00\",\"dateModified\":\"2026-01-06T09:44:48+00:00\",\"description\":\"Shop the latest gold bracelet designs online. Pick this beautiful Bracelet made with 22ct gold. Fast delivery & easy returns.\",\"breadcrumb\":{\"@id\":\"https:\\\/\\\/www.purejewels.com\\\/product\\\/bracelet-for-women\\\/#breadcrumb\"},\"inLanguage\":\"de\",\"potentialAction\":[{\"@type\":\"ReadAction\",\"target\":[\"https:\\\/\\\/www.purejewels.com\\\/product\\\/bracelet-for-women\\\/\"]}]},{\"@type\":\"ImageObject\",\"inLanguage\":\"de\",\"@id\":\"https:\\\/\\\/www.purejewels.com\\\/product\\\/bracelet-for-women\\\/#primaryimage\",\"url\":\"https:\\\/\\\/static.purejewels.com\\\/wp-content\\\/uploads\\\/2021\\\/10\\\/40738-2.jpg\",\"contentUrl\":\"https:\\\/\\\/static.purejewels.com\\\/wp-content\\\/uploads\\\/2021\\\/10\\\/40738-2.jpg\",\"width\":1000,\"height\":1000,\"caption\":\"22ct Gold Bracelet 40738-2\"},{\"@type\":\"BreadcrumbList\",\"@id\":\"https:\\\/\\\/www.purejewels.com\\\/product\\\/bracelet-for-women\\\/#breadcrumb\",\"itemListElement\":[{\"@type\":\"ListItem\",\"position\":1,\"name\":\"Home\",\"item\":\"https:\\\/\\\/www.purejewels.com\\\/\"},{\"@type\":\"ListItem\",\"position\":2,\"name\":\"Shop\",\"item\":\"https:\\\/\\\/www.purejewels.com\\\/shop\\\/\"},{\"@type\":\"ListItem\",\"position\":3,\"name\":\"Bracelet for Women\"}]},{\"@type\":\"WebSite\",\"@id\":\"https:\\\/\\\/www.purejewels.com\\\/#website\",\"url\":\"https:\\\/\\\/www.purejewels.com\\\/\",\"name\":\"PureJewels UK\",\"description\":\"Share the Love\",\"publisher\":{\"@id\":\"https:\\\/\\\/www.purejewels.com\\\/#organization\"},\"potentialAction\":[{\"@type\":\"SearchAction\",\"target\":{\"@type\":\"EntryPoint\",\"urlTemplate\":\"https:\\\/\\\/www.purejewels.com\\\/?s={search_term_string}\"},\"query-input\":{\"@type\":\"PropertyValueSpecification\",\"valueRequired\":true,\"valueName\":\"search_term_string\"}}],\"inLanguage\":\"de\"},{\"@type\":\"Organization\",\"@id\":\"https:\\\/\\\/www.purejewels.com\\\/#organization\",\"name\":\"PureJewels UK\",\"url\":\"https:\\\/\\\/www.purejewels.com\\\/\",\"logo\":{\"@type\":\"ImageObject\",\"inLanguage\":\"de\",\"@id\":\"https:\\\/\\\/www.purejewels.com\\\/#\\\/schema\\\/logo\\\/image\\\/\",\"url\":\"https:\\\/\\\/static.purejewels.com\\\/wp-content\\\/uploads\\\/2020\\\/11\\\/Logo-PJ-New-1.png\",\"contentUrl\":\"https:\\\/\\\/static.purejewels.com\\\/wp-content\\\/uploads\\\/2020\\\/11\\\/Logo-PJ-New-1.png\",\"width\":150,\"height\":80,\"caption\":\"PureJewels UK\"},\"image\":{\"@id\":\"https:\\\/\\\/www.purejewels.com\\\/#\\\/schema\\\/logo\\\/image\\\/\"}}]}<\/script>\n<!-- \/ Yoast SEO plugin. -->","yoast_head_json":{"title":"Kaufen Sie dieses klassische Armband aus 22 Karat Gold bei PureJewels UK","description":"Kaufen Sie die neuesten Goldarmband-Designs online. W\u00e4hlen Sie dieses sch\u00f6ne Armband aus 22 Karat Gold. Schnelle Lieferung und einfache R\u00fcckgabe.","robots":{"index":"index","follow":"follow","max-snippet":"max-snippet:-1","max-image-preview":"max-image-preview:large","max-video-preview":"max-video-preview:-1"},"canonical":"https:\/\/www.purejewels.com\/de\/produkt-2\/armband-fur-frauen\/","og_locale":"de_DE","og_type":"article","og_title":"Shop this classic 22ct gold Bracelet at PureJewels UK","og_description":"Shop the latest gold bracelet designs online. Pick this beautiful Bracelet made with 22ct gold. Fast delivery & easy returns.","og_url":"https:\/\/www.purejewels.com\/de\/produkt-2\/armband-fur-frauen\/","og_site_name":"PureJewels UK","article_modified_time":"2026-01-06T09:44:48+00:00","og_image":[{"width":1000,"height":1000,"url":"https:\/\/www.purejewels.com\/wp-content\/uploads\/2021\/10\/40738-2.jpg","type":"image\/jpeg"}],"twitter_card":"summary_large_image","twitter_misc":{"Gesch\u00e4tzte Lesezeit":"1\u00a0Minute"},"schema":{"@context":"https:\/\/schema.org","@graph":[{"@type":["WebPage","ItemPage"],"@id":"https:\/\/www.purejewels.com\/product\/bracelet-for-women\/","url":"https:\/\/www.purejewels.com\/product\/bracelet-for-women\/","name":"Kaufen Sie dieses klassische Armband aus 22 Karat Gold bei PureJewels UK","isPartOf":{"@id":"https:\/\/www.purejewels.com\/#website"},"primaryImageOfPage":{"@id":"https:\/\/www.purejewels.com\/product\/bracelet-for-women\/#primaryimage"},"image":{"@id":"https:\/\/www.purejewels.com\/product\/bracelet-for-women\/#primaryimage"},"thumbnailUrl":"https:\/\/static.purejewels.com\/wp-content\/uploads\/2021\/10\/40738-2.jpg","datePublished":"2021-10-27T07:23:31+00:00","dateModified":"2026-01-06T09:44:48+00:00","description":"Kaufen Sie die neuesten Goldarmband-Designs online. W\u00e4hlen Sie dieses sch\u00f6ne Armband aus 22 Karat Gold. Schnelle Lieferung und einfache R\u00fcckgabe.","breadcrumb":{"@id":"https:\/\/www.purejewels.com\/product\/bracelet-for-women\/#breadcrumb"},"inLanguage":"de","potentialAction":[{"@type":"ReadAction","target":["https:\/\/www.purejewels.com\/product\/bracelet-for-women\/"]}]},{"@type":"ImageObject","inLanguage":"de","@id":"https:\/\/www.purejewels.com\/product\/bracelet-for-women\/#primaryimage","url":"https:\/\/static.purejewels.com\/wp-content\/uploads\/2021\/10\/40738-2.jpg","contentUrl":"https:\/\/static.purejewels.com\/wp-content\/uploads\/2021\/10\/40738-2.jpg","width":1000,"height":1000,"caption":"22ct Gold Bracelet 40738-2"},{"@type":"BreadcrumbList","@id":"https:\/\/www.purejewels.com\/product\/bracelet-for-women\/#breadcrumb","itemListElement":[{"@type":"ListItem","position":1,"name":"Home","item":"https:\/\/www.purejewels.com\/"},{"@type":"ListItem","position":2,"name":"Shop","item":"https:\/\/www.purejewels.com\/shop\/"},{"@type":"ListItem","position":3,"name":"Bracelet for Women"}]},{"@type":"WebSite","@id":"https:\/\/www.purejewels.com\/#website","url":"https:\/\/www.purejewels.com\/","name":"PureJewels UK","description":"Teile die Liebe","publisher":{"@id":"https:\/\/www.purejewels.com\/#organization"},"potentialAction":[{"@type":"SearchAction","target":{"@type":"EntryPoint","urlTemplate":"https:\/\/www.purejewels.com\/?s={search_term_string}"},"query-input":{"@type":"PropertyValueSpecification","valueRequired":true,"valueName":"search_term_string"}}],"inLanguage":"de"},{"@type":"Organization","@id":"https:\/\/www.purejewels.com\/#organization","name":"PureJewels UK","url":"https:\/\/www.purejewels.com\/","logo":{"@type":"ImageObject","inLanguage":"de","@id":"https:\/\/www.purejewels.com\/#\/schema\/logo\/image\/","url":"https:\/\/static.purejewels.com\/wp-content\/uploads\/2020\/11\/Logo-PJ-New-1.png","contentUrl":"https:\/\/static.purejewels.com\/wp-content\/uploads\/2020\/11\/Logo-PJ-New-1.png","width":150,"height":80,"caption":"PureJewels UK"},"image":{"@id":"https:\/\/www.purejewels.com\/#\/schema\/logo\/image\/"}}]}},"_links":{"self":[{"href":"https:\/\/www.purejewels.com\/de\/wp-json\/wp\/v2\/product\/327733","targetHints":{"allow":["GET"]}}],"collection":[{"href":"https:\/\/www.purejewels.com\/de\/wp-json\/wp\/v2\/product"}],"about":[{"href":"https:\/\/www.purejewels.com\/de\/wp-json\/wp\/v2\/types\/product"}],"replies":[{"embeddable":true,"href":"https:\/\/www.purejewels.com\/de\/wp-json\/wp\/v2\/comments?post=327733"}],"version-history":[{"count":0,"href":"https:\/\/www.purejewels.com\/de\/wp-json\/wp\/v2\/product\/327733\/revisions"}],"wp:featuredmedia":[{"embeddable":true,"href":"https:\/\/www.purejewels.com\/de\/wp-json\/wp\/v2\/media\/327734"}],"wp:attachment":[{"href":"https:\/\/www.purejewels.com\/de\/wp-json\/wp\/v2\/media?parent=327733"}],"wp:term":[{"taxonomy":"product_brand","embeddable":true,"href":"https:\/\/www.purejewels.com\/de\/wp-json\/wp\/v2\/product_brand?post=327733"},{"taxonomy":"product_cat","embeddable":true,"href":"https:\/\/www.purejewels.com\/de\/wp-json\/wp\/v2\/product_cat?post=327733"},{"taxonomy":"product_tag","embeddable":true,"href":"https:\/\/www.purejewels.com\/de\/wp-json\/wp\/v2\/product_tag?post=327733"}],"curies":[{"name":"wp","href":"https:\/\/api.w.org\/{rel}","templated":true}]}}