{"id":327767,"date":"2021-11-02T11:19:53","date_gmt":"2021-11-02T11:19:53","guid":{"rendered":"https:\/\/www.purejewels.com\/?post_type=product&#038;p=327767"},"modified":"2025-06-28T18:51:05","modified_gmt":"2025-06-28T17:51:05","slug":"goldohrring-fur-frauen","status":"publish","type":"product","link":"https:\/\/www.purejewels.com\/de\/product\/gold-earring-for-women\/","title":{"rendered":"Gold-Ohrring f\u00fcr Frauen"},"content":{"rendered":"<p>Kommen Sie auf den Geschmack des Luxuri\u00f6sen mit diesen <a href=\"https:\/\/www.purejewels.com\/de\/armari-collection\/\">goldene Ohrringe<\/a>. Aus 22 Karat Gold gefertigt, werden Sie sie nie mehr ablegen wollen! Diese hochwertigen Schmuckst\u00fccke sind leicht und einfach an den Ohren zu tragen und sind die perfekte Erg\u00e4nzung f\u00fcr jede Schmucksammlung. Gold ist sehr widerstandsf\u00e4hig gegen Anlaufen und Korrosion, so dass diese sch\u00f6nen St\u00fccke eine Ewigkeit halten, ohne besch\u00e4digt zu werden. Diese Gold <a href=\"https:\/\/www.purejewels.com\/de\/product-category\/22ct-gold-jewellery\/gold-earrings\/\">Ohrringe<\/a> sind aus 22 Karat Gelbgold gefertigt und haben einen antiken Look.<\/p>","protected":false},"excerpt":{"rendered":"<ul>\n<li>22 Karat Gold-Ohrring mit antikem Finish<\/li>\n<li>Kollektion Rosetten<\/li>\n<li>Wt. 3 g<\/li>\n<li>SKU. 40579<\/li>\n<li>Alle Preise inklusive Mehrwertsteuer<\/li>\n<li>Alle unsere Produkte sind vom London Assay Office gestempelt.<\/li>\n<li>Mit Pr\u00e4sentationsbox<\/li>\n<li>Lieferung inbegriffen<\/li>\n<li>Chatten Sie mit uns \/Whats app, um das gesamte neue Ohrring-Sortiment in unserem Gesch\u00e4ft in Forest Gate, London, UK, zu sehen.<\/li>\n<\/ul>","protected":false},"featured_media":327981,"comment_status":"closed","ping_status":"closed","template":"","meta":{"_eb_attr":"","_crsspst_to_jayantr4sg-hostcom":false},"product_brand":[],"product_cat":[1791,1559,236,1793,1254,1570,1656,1577,1573,1574],"product_tag":[1430],"class_list":{"0":"post-327767","1":"product","2":"type-product","3":"status-publish","4":"has-post-thumbnail","6":"product_cat-anniversary-gifts","7":"product_cat-birthday-gifts","8":"product_cat-collections","9":"product_cat-diwali-gifts","10":"product_cat-gold-earrings","11":"product_cat-mothers-day-gifts","12":"product_cat-rosettes-collections","13":"product_cat-stud-earrings","14":"product_cat-wedding-gifts","15":"product_cat-womens-jewellery","16":"product_tag-diwali-gift","18":"first","19":"outofstock","20":"taxable","21":"shipping-taxable","22":"product-type-simple","23":"add-to-wishlist-before_image"},"yoast_head":"<!-- This site is optimized with the Yoast SEO plugin v27.5 - https:\/\/yoast.com\/product\/yoast-seo-wordpress\/ -->\n<title>Buy these stunning 22ct Gold Earring at PureJewels UK<\/title>\n<meta name=\"description\" content=\"Shop these Classic pair of Gold earrings with an antique finish. These can be worn every day, at work, or on special occasions. Free Delivery.\" \/>\n<meta name=\"robots\" content=\"index, follow, max-snippet:-1, max-image-preview:large, max-video-preview:-1\" \/>\n<link rel=\"canonical\" href=\"https:\/\/www.purejewels.com\/de\/produkt-2\/goldohrring-fur-frauen\/\" \/>\n<meta property=\"og:locale\" content=\"de_DE\" \/>\n<meta property=\"og:type\" content=\"article\" \/>\n<meta property=\"og:title\" content=\"Buy these stunning 22ct Gold Earring at PureJewels UK\" \/>\n<meta property=\"og:description\" content=\"Shop these Classic pair of Gold earrings with an antique finish. These can be worn every day, at work, or on special occasions. Free Delivery.\" \/>\n<meta property=\"og:url\" content=\"https:\/\/www.purejewels.com\/de\/produkt-2\/goldohrring-fur-frauen\/\" \/>\n<meta property=\"og:site_name\" content=\"PureJewels UK\" \/>\n<meta property=\"article:modified_time\" content=\"2025-06-28T17:51:05+00:00\" \/>\n<meta property=\"og:image\" content=\"https:\/\/www.purejewels.com\/wp-content\/uploads\/2021\/10\/40579-1.jpg\" \/>\n\t<meta property=\"og:image:width\" content=\"1000\" \/>\n\t<meta property=\"og:image:height\" content=\"1000\" \/>\n\t<meta property=\"og:image:type\" content=\"image\/jpeg\" \/>\n<meta name=\"twitter:card\" content=\"summary_large_image\" \/>\n<meta name=\"twitter:label1\" content=\"Gesch\u00e4tzte Lesezeit\" \/>\n\t<meta name=\"twitter:data1\" content=\"1\u00a0Minute\" \/>\n<script type=\"application\/ld+json\" class=\"yoast-schema-graph\">{\"@context\":\"https:\\\/\\\/schema.org\",\"@graph\":[{\"@type\":[\"WebPage\",\"ItemPage\"],\"@id\":\"https:\\\/\\\/www.purejewels.com\\\/product\\\/gold-earring-for-women\\\/\",\"url\":\"https:\\\/\\\/www.purejewels.com\\\/product\\\/gold-earring-for-women\\\/\",\"name\":\"Buy these stunning 22ct Gold Earring at PureJewels UK\",\"isPartOf\":{\"@id\":\"https:\\\/\\\/www.purejewels.com\\\/#website\"},\"primaryImageOfPage\":{\"@id\":\"https:\\\/\\\/www.purejewels.com\\\/product\\\/gold-earring-for-women\\\/#primaryimage\"},\"image\":{\"@id\":\"https:\\\/\\\/www.purejewels.com\\\/product\\\/gold-earring-for-women\\\/#primaryimage\"},\"thumbnailUrl\":\"https:\\\/\\\/static.purejewels.com\\\/wp-content\\\/uploads\\\/2021\\\/10\\\/40579-1.jpg\",\"datePublished\":\"2021-11-02T11:19:53+00:00\",\"dateModified\":\"2025-06-28T17:51:05+00:00\",\"description\":\"Shop these Classic pair of Gold earrings with an antique finish. These can be worn every day, at work, or on special occasions. Free Delivery.\",\"breadcrumb\":{\"@id\":\"https:\\\/\\\/www.purejewels.com\\\/product\\\/gold-earring-for-women\\\/#breadcrumb\"},\"inLanguage\":\"de\",\"potentialAction\":[{\"@type\":\"ReadAction\",\"target\":[\"https:\\\/\\\/www.purejewels.com\\\/product\\\/gold-earring-for-women\\\/\"]}]},{\"@type\":\"ImageObject\",\"inLanguage\":\"de\",\"@id\":\"https:\\\/\\\/www.purejewels.com\\\/product\\\/gold-earring-for-women\\\/#primaryimage\",\"url\":\"https:\\\/\\\/static.purejewels.com\\\/wp-content\\\/uploads\\\/2021\\\/10\\\/40579-1.jpg\",\"contentUrl\":\"https:\\\/\\\/static.purejewels.com\\\/wp-content\\\/uploads\\\/2021\\\/10\\\/40579-1.jpg\",\"width\":1000,\"height\":1000,\"caption\":\"22ct Gold Stud Earring 40579-1\"},{\"@type\":\"BreadcrumbList\",\"@id\":\"https:\\\/\\\/www.purejewels.com\\\/product\\\/gold-earring-for-women\\\/#breadcrumb\",\"itemListElement\":[{\"@type\":\"ListItem\",\"position\":1,\"name\":\"Home\",\"item\":\"https:\\\/\\\/www.purejewels.com\\\/\"},{\"@type\":\"ListItem\",\"position\":2,\"name\":\"Shop\",\"item\":\"https:\\\/\\\/www.purejewels.com\\\/shop\\\/\"},{\"@type\":\"ListItem\",\"position\":3,\"name\":\"Gold Earring for Women\"}]},{\"@type\":\"WebSite\",\"@id\":\"https:\\\/\\\/www.purejewels.com\\\/#website\",\"url\":\"https:\\\/\\\/www.purejewels.com\\\/\",\"name\":\"PureJewels UK\",\"description\":\"Share the Love\",\"publisher\":{\"@id\":\"https:\\\/\\\/www.purejewels.com\\\/#organization\"},\"potentialAction\":[{\"@type\":\"SearchAction\",\"target\":{\"@type\":\"EntryPoint\",\"urlTemplate\":\"https:\\\/\\\/www.purejewels.com\\\/?s={search_term_string}\"},\"query-input\":{\"@type\":\"PropertyValueSpecification\",\"valueRequired\":true,\"valueName\":\"search_term_string\"}}],\"inLanguage\":\"de\"},{\"@type\":\"Organization\",\"@id\":\"https:\\\/\\\/www.purejewels.com\\\/#organization\",\"name\":\"PureJewels UK\",\"url\":\"https:\\\/\\\/www.purejewels.com\\\/\",\"logo\":{\"@type\":\"ImageObject\",\"inLanguage\":\"de\",\"@id\":\"https:\\\/\\\/www.purejewels.com\\\/#\\\/schema\\\/logo\\\/image\\\/\",\"url\":\"https:\\\/\\\/static.purejewels.com\\\/wp-content\\\/uploads\\\/2020\\\/11\\\/Logo-PJ-New-1.png\",\"contentUrl\":\"https:\\\/\\\/static.purejewels.com\\\/wp-content\\\/uploads\\\/2020\\\/11\\\/Logo-PJ-New-1.png\",\"width\":150,\"height\":80,\"caption\":\"PureJewels UK\"},\"image\":{\"@id\":\"https:\\\/\\\/www.purejewels.com\\\/#\\\/schema\\\/logo\\\/image\\\/\"}}]}<\/script>\n<!-- \/ Yoast SEO plugin. -->","yoast_head_json":{"title":"Kaufen Sie diese atemberaubenden 22ct Gold Ohrringe bei PureJewels UK","description":"Shoppen Sie dieses klassische Paar Goldohrringe mit antikem Finish. Sie k\u00f6nnen jeden Tag, bei der Arbeit oder zu besonderen Anl\u00e4ssen getragen werden. Kostenlose Lieferung.","robots":{"index":"index","follow":"follow","max-snippet":"max-snippet:-1","max-image-preview":"max-image-preview:large","max-video-preview":"max-video-preview:-1"},"canonical":"https:\/\/www.purejewels.com\/de\/produkt-2\/goldohrring-fur-frauen\/","og_locale":"de_DE","og_type":"article","og_title":"Buy these stunning 22ct Gold Earring at PureJewels UK","og_description":"Shop these Classic pair of Gold earrings with an antique finish. These can be worn every day, at work, or on special occasions. Free Delivery.","og_url":"https:\/\/www.purejewels.com\/de\/produkt-2\/goldohrring-fur-frauen\/","og_site_name":"PureJewels UK","article_modified_time":"2025-06-28T17:51:05+00:00","og_image":[{"width":1000,"height":1000,"url":"https:\/\/www.purejewels.com\/wp-content\/uploads\/2021\/10\/40579-1.jpg","type":"image\/jpeg"}],"twitter_card":"summary_large_image","twitter_misc":{"Gesch\u00e4tzte Lesezeit":"1\u00a0Minute"},"schema":{"@context":"https:\/\/schema.org","@graph":[{"@type":["WebPage","ItemPage"],"@id":"https:\/\/www.purejewels.com\/product\/gold-earring-for-women\/","url":"https:\/\/www.purejewels.com\/product\/gold-earring-for-women\/","name":"Kaufen Sie diese atemberaubenden 22ct Gold Ohrringe bei PureJewels UK","isPartOf":{"@id":"https:\/\/www.purejewels.com\/#website"},"primaryImageOfPage":{"@id":"https:\/\/www.purejewels.com\/product\/gold-earring-for-women\/#primaryimage"},"image":{"@id":"https:\/\/www.purejewels.com\/product\/gold-earring-for-women\/#primaryimage"},"thumbnailUrl":"https:\/\/static.purejewels.com\/wp-content\/uploads\/2021\/10\/40579-1.jpg","datePublished":"2021-11-02T11:19:53+00:00","dateModified":"2025-06-28T17:51:05+00:00","description":"Shoppen Sie dieses klassische Paar Goldohrringe mit antikem Finish. Sie k\u00f6nnen jeden Tag, bei der Arbeit oder zu besonderen Anl\u00e4ssen getragen werden. Kostenlose Lieferung.","breadcrumb":{"@id":"https:\/\/www.purejewels.com\/product\/gold-earring-for-women\/#breadcrumb"},"inLanguage":"de","potentialAction":[{"@type":"ReadAction","target":["https:\/\/www.purejewels.com\/product\/gold-earring-for-women\/"]}]},{"@type":"ImageObject","inLanguage":"de","@id":"https:\/\/www.purejewels.com\/product\/gold-earring-for-women\/#primaryimage","url":"https:\/\/static.purejewels.com\/wp-content\/uploads\/2021\/10\/40579-1.jpg","contentUrl":"https:\/\/static.purejewels.com\/wp-content\/uploads\/2021\/10\/40579-1.jpg","width":1000,"height":1000,"caption":"22ct Gold Stud Earring 40579-1"},{"@type":"BreadcrumbList","@id":"https:\/\/www.purejewels.com\/product\/gold-earring-for-women\/#breadcrumb","itemListElement":[{"@type":"ListItem","position":1,"name":"Home","item":"https:\/\/www.purejewels.com\/"},{"@type":"ListItem","position":2,"name":"Shop","item":"https:\/\/www.purejewels.com\/shop\/"},{"@type":"ListItem","position":3,"name":"Gold Earring for Women"}]},{"@type":"WebSite","@id":"https:\/\/www.purejewels.com\/#website","url":"https:\/\/www.purejewels.com\/","name":"PureJewels UK","description":"Teile die Liebe","publisher":{"@id":"https:\/\/www.purejewels.com\/#organization"},"potentialAction":[{"@type":"SearchAction","target":{"@type":"EntryPoint","urlTemplate":"https:\/\/www.purejewels.com\/?s={search_term_string}"},"query-input":{"@type":"PropertyValueSpecification","valueRequired":true,"valueName":"search_term_string"}}],"inLanguage":"de"},{"@type":"Organization","@id":"https:\/\/www.purejewels.com\/#organization","name":"PureJewels UK","url":"https:\/\/www.purejewels.com\/","logo":{"@type":"ImageObject","inLanguage":"de","@id":"https:\/\/www.purejewels.com\/#\/schema\/logo\/image\/","url":"https:\/\/static.purejewels.com\/wp-content\/uploads\/2020\/11\/Logo-PJ-New-1.png","contentUrl":"https:\/\/static.purejewels.com\/wp-content\/uploads\/2020\/11\/Logo-PJ-New-1.png","width":150,"height":80,"caption":"PureJewels UK"},"image":{"@id":"https:\/\/www.purejewels.com\/#\/schema\/logo\/image\/"}}]}},"_links":{"self":[{"href":"https:\/\/www.purejewels.com\/de\/wp-json\/wp\/v2\/product\/327767","targetHints":{"allow":["GET"]}}],"collection":[{"href":"https:\/\/www.purejewels.com\/de\/wp-json\/wp\/v2\/product"}],"about":[{"href":"https:\/\/www.purejewels.com\/de\/wp-json\/wp\/v2\/types\/product"}],"replies":[{"embeddable":true,"href":"https:\/\/www.purejewels.com\/de\/wp-json\/wp\/v2\/comments?post=327767"}],"version-history":[{"count":1,"href":"https:\/\/www.purejewels.com\/de\/wp-json\/wp\/v2\/product\/327767\/revisions"}],"predecessor-version":[{"id":388482,"href":"https:\/\/www.purejewels.com\/de\/wp-json\/wp\/v2\/product\/327767\/revisions\/388482"}],"wp:featuredmedia":[{"embeddable":true,"href":"https:\/\/www.purejewels.com\/de\/wp-json\/wp\/v2\/media\/327981"}],"wp:attachment":[{"href":"https:\/\/www.purejewels.com\/de\/wp-json\/wp\/v2\/media?parent=327767"}],"wp:term":[{"taxonomy":"product_brand","embeddable":true,"href":"https:\/\/www.purejewels.com\/de\/wp-json\/wp\/v2\/product_brand?post=327767"},{"taxonomy":"product_cat","embeddable":true,"href":"https:\/\/www.purejewels.com\/de\/wp-json\/wp\/v2\/product_cat?post=327767"},{"taxonomy":"product_tag","embeddable":true,"href":"https:\/\/www.purejewels.com\/de\/wp-json\/wp\/v2\/product_tag?post=327767"}],"curies":[{"name":"wp","href":"https:\/\/api.w.org\/{rel}","templated":true}]}}