{"id":327772,"date":"2021-11-02T11:44:25","date_gmt":"2021-11-02T11:44:25","guid":{"rendered":"https:\/\/www.purejewels.com\/?post_type=product&#038;p=327772"},"modified":"2025-11-06T05:09:10","modified_gmt":"2025-11-06T05:09:10","slug":"ohrstecker-aus-22-karat-gold-49213","status":"publish","type":"product","link":"https:\/\/www.purejewels.com\/de\/product\/stud-earring-in-22ct-gold\/","title":{"rendered":"Ohrstecker aus 22 Karat Gold"},"content":{"rendered":"<p>Entdecken Sie die zeitlose Eleganz dieser <a href=\"https:\/\/www.purejewels.com\/de\/product-category\/22ct-gold-jewellery\/\">22 Karat<\/a> Gold <a href=\"https:\/\/www.purejewels.com\/de\/product-category\/22ct-gold-jewellery\/gold-earrings\/\">Ohrringe<\/a> Ohrstecker mit antikem Finish. Jeder Ohrstecker wiegt 3,1 Gramm und ist sorgf\u00e4ltig und perfekt verarbeitet. Das Punzierungszeichen des London Assay Office garantiert die Echtheit und Qualit\u00e4t des Goldes, das f\u00fcr diese atemberaubenden Ohrringe verwendet wurde.<\/p>\n<p>Diese exquisiten Ohrstecker werden in einer sch\u00f6nen Pr\u00e4sentationsbox geliefert, die sie zum perfekten Geschenk f\u00fcr jeden besonderen Anlass macht. Bei jedem Kauf ist ein kostenloser, nachverfolgbarer Versand inbegriffen, der sicherstellt, dass Ihre Bestellung sicher ankommt.<\/p>\n<p>Bei PureJewels UK sind wir stolz darauf, eine gro\u00dfe Auswahl an hochwertigem Goldschmuck anzubieten. Chatten Sie mit uns oder per WhatsApp und entdecken Sie unsere neueste Ohrring-Kollektion in unserem Gesch\u00e4ft in Forest Gate, London, UK. Egal, ob Sie ein Geschenk f\u00fcr einen geliebten Menschen suchen oder sich selbst etwas g\u00f6nnen m\u00f6chten, diese 22 Karat Gold-Ohrstecker sind ein echter Hingucker.<\/p>\n<p>Verpassen Sie nicht, diese sch\u00f6nen Ohrringe in Ihre Sammlung aufzunehmen.<\/span><\/p>","protected":false},"excerpt":{"rendered":"<ul>\n<li>22 Karat Gold-Ohrring mit antikem Finish<\/li>\n<li>Wt. 3.1 gms<\/li>\n<li>SKU. 40586<\/li>\n<li>Alle Preise inklusive Mehrwertsteuer<\/li>\n<li>Alle unsere Produkte sind vom London Assay Office gestempelt.<\/li>\n<li>Mit Pr\u00e4sentationsbox<\/li>\n<li>Lieferung inbegriffen<\/li>\n<li>Chatten Sie mit uns \/Whats app, um die gesamte neue Palette von New Ohrring in unserem Gesch\u00e4ft in Forest Gate, London, UK zu sehen<\/li>\n<\/ul>","protected":false},"featured_media":333745,"comment_status":"closed","ping_status":"closed","template":"","meta":{"_eb_attr":"","_crsspst_to_jayantr4sg-hostcom":false},"product_brand":[],"product_cat":[1791,1559,236,1793,1792,1254,1570,1656,5274,1577,1573,1574],"product_tag":[1430],"class_list":{"0":"post-327772","1":"product","2":"type-product","3":"status-publish","4":"has-post-thumbnail","6":"product_cat-anniversary-gifts","7":"product_cat-birthday-gifts","8":"product_cat-collections","9":"product_cat-diwali-gifts","10":"product_cat-festival-gifts","11":"product_cat-gold-earrings","12":"product_cat-mothers-day-gifts","13":"product_cat-rosettes-collections","14":"product_cat-rosettes-earring","15":"product_cat-stud-earrings","16":"product_cat-wedding-gifts","17":"product_cat-womens-jewellery","18":"product_tag-diwali-gift","20":"first","21":"outofstock","22":"taxable","23":"shipping-taxable","24":"product-type-simple","25":"add-to-wishlist-before_image"},"yoast_head":"<!-- This site is optimized with the Yoast SEO plugin v27.5 - https:\/\/yoast.com\/product\/yoast-seo-wordpress\/ -->\n<title>Shop these Beautiful 22ct gold Studs at PureJewels UK<\/title>\n<meta name=\"description\" content=\"Discover 22ct gold studs in the UK. Pick these beautifully crafted gold studs. Perfect for everyday wear. Free &amp; secure Delivery.\" \/>\n<meta name=\"robots\" content=\"index, follow, max-snippet:-1, max-image-preview:large, max-video-preview:-1\" \/>\n<link rel=\"canonical\" href=\"https:\/\/www.purejewels.com\/de\/produkt-2\/ohrstecker-aus-22-karat-gold-49213\/\" \/>\n<meta property=\"og:locale\" content=\"de_DE\" \/>\n<meta property=\"og:type\" content=\"article\" \/>\n<meta property=\"og:title\" content=\"Shop these Beautiful 22ct gold Studs at PureJewels UK\" \/>\n<meta property=\"og:description\" content=\"Discover 22ct gold studs in the UK. Pick these beautifully crafted gold studs. Perfect for everyday wear. Free &amp; secure Delivery.\" \/>\n<meta property=\"og:url\" content=\"https:\/\/www.purejewels.com\/de\/produkt-2\/ohrstecker-aus-22-karat-gold-49213\/\" \/>\n<meta property=\"og:site_name\" content=\"PureJewels UK\" \/>\n<meta property=\"article:modified_time\" content=\"2025-11-06T05:09:10+00:00\" \/>\n<meta property=\"og:image\" content=\"https:\/\/www.purejewels.com\/wp-content\/uploads\/2021\/11\/40586-2.jpg\" \/>\n\t<meta property=\"og:image:width\" content=\"1000\" \/>\n\t<meta property=\"og:image:height\" content=\"1000\" \/>\n\t<meta property=\"og:image:type\" content=\"image\/jpeg\" \/>\n<meta name=\"twitter:card\" content=\"summary_large_image\" \/>\n<meta name=\"twitter:label1\" content=\"Gesch\u00e4tzte Lesezeit\" \/>\n\t<meta name=\"twitter:data1\" content=\"1\u00a0Minute\" \/>\n<script type=\"application\/ld+json\" class=\"yoast-schema-graph\">{\"@context\":\"https:\\\/\\\/schema.org\",\"@graph\":[{\"@type\":[\"WebPage\",\"ItemPage\"],\"@id\":\"https:\\\/\\\/www.purejewels.com\\\/product\\\/stud-earring-in-22ct-gold\\\/\",\"url\":\"https:\\\/\\\/www.purejewels.com\\\/product\\\/stud-earring-in-22ct-gold\\\/\",\"name\":\"Shop these Beautiful 22ct gold Studs at PureJewels UK\",\"isPartOf\":{\"@id\":\"https:\\\/\\\/www.purejewels.com\\\/#website\"},\"primaryImageOfPage\":{\"@id\":\"https:\\\/\\\/www.purejewels.com\\\/product\\\/stud-earring-in-22ct-gold\\\/#primaryimage\"},\"image\":{\"@id\":\"https:\\\/\\\/www.purejewels.com\\\/product\\\/stud-earring-in-22ct-gold\\\/#primaryimage\"},\"thumbnailUrl\":\"https:\\\/\\\/static.purejewels.com\\\/wp-content\\\/uploads\\\/2021\\\/11\\\/40586-2.jpg\",\"datePublished\":\"2021-11-02T11:44:25+00:00\",\"dateModified\":\"2025-11-06T05:09:10+00:00\",\"description\":\"Discover 22ct gold studs in the UK. Pick these beautifully crafted gold studs. Perfect for everyday wear. Free & secure Delivery.\",\"breadcrumb\":{\"@id\":\"https:\\\/\\\/www.purejewels.com\\\/product\\\/stud-earring-in-22ct-gold\\\/#breadcrumb\"},\"inLanguage\":\"de\",\"potentialAction\":[{\"@type\":\"ReadAction\",\"target\":[\"https:\\\/\\\/www.purejewels.com\\\/product\\\/stud-earring-in-22ct-gold\\\/\"]}]},{\"@type\":\"ImageObject\",\"inLanguage\":\"de\",\"@id\":\"https:\\\/\\\/www.purejewels.com\\\/product\\\/stud-earring-in-22ct-gold\\\/#primaryimage\",\"url\":\"https:\\\/\\\/static.purejewels.com\\\/wp-content\\\/uploads\\\/2021\\\/11\\\/40586-2.jpg\",\"contentUrl\":\"https:\\\/\\\/static.purejewels.com\\\/wp-content\\\/uploads\\\/2021\\\/11\\\/40586-2.jpg\",\"width\":1000,\"height\":1000,\"caption\":\"22ct Gold Stud Earring 40586-2\"},{\"@type\":\"BreadcrumbList\",\"@id\":\"https:\\\/\\\/www.purejewels.com\\\/product\\\/stud-earring-in-22ct-gold\\\/#breadcrumb\",\"itemListElement\":[{\"@type\":\"ListItem\",\"position\":1,\"name\":\"Home\",\"item\":\"https:\\\/\\\/www.purejewels.com\\\/\"},{\"@type\":\"ListItem\",\"position\":2,\"name\":\"Shop\",\"item\":\"https:\\\/\\\/www.purejewels.com\\\/shop\\\/\"},{\"@type\":\"ListItem\",\"position\":3,\"name\":\"Stud Earring in 22 carat Gold\"}]},{\"@type\":\"WebSite\",\"@id\":\"https:\\\/\\\/www.purejewels.com\\\/#website\",\"url\":\"https:\\\/\\\/www.purejewels.com\\\/\",\"name\":\"PureJewels UK\",\"description\":\"Share the Love\",\"publisher\":{\"@id\":\"https:\\\/\\\/www.purejewels.com\\\/#organization\"},\"potentialAction\":[{\"@type\":\"SearchAction\",\"target\":{\"@type\":\"EntryPoint\",\"urlTemplate\":\"https:\\\/\\\/www.purejewels.com\\\/?s={search_term_string}\"},\"query-input\":{\"@type\":\"PropertyValueSpecification\",\"valueRequired\":true,\"valueName\":\"search_term_string\"}}],\"inLanguage\":\"de\"},{\"@type\":\"Organization\",\"@id\":\"https:\\\/\\\/www.purejewels.com\\\/#organization\",\"name\":\"PureJewels UK\",\"url\":\"https:\\\/\\\/www.purejewels.com\\\/\",\"logo\":{\"@type\":\"ImageObject\",\"inLanguage\":\"de\",\"@id\":\"https:\\\/\\\/www.purejewels.com\\\/#\\\/schema\\\/logo\\\/image\\\/\",\"url\":\"https:\\\/\\\/static.purejewels.com\\\/wp-content\\\/uploads\\\/2020\\\/11\\\/Logo-PJ-New-1.png\",\"contentUrl\":\"https:\\\/\\\/static.purejewels.com\\\/wp-content\\\/uploads\\\/2020\\\/11\\\/Logo-PJ-New-1.png\",\"width\":150,\"height\":80,\"caption\":\"PureJewels UK\"},\"image\":{\"@id\":\"https:\\\/\\\/www.purejewels.com\\\/#\\\/schema\\\/logo\\\/image\\\/\"}}]}<\/script>\n<!-- \/ Yoast SEO plugin. -->","yoast_head_json":{"title":"Kaufen Sie diese sch\u00f6nen 22ct gold Ohrstecker bei PureJewels UK","description":"Entdecken Sie 22-kar\u00e4tige Goldohrstecker in Gro\u00dfbritannien. Entscheiden Sie sich f\u00fcr diese wundersch\u00f6n gearbeiteten goldenen Ohrstecker. Perfekt f\u00fcr das t\u00e4gliche Tragen. Kostenlose &amp; sichere Lieferung.","robots":{"index":"index","follow":"follow","max-snippet":"max-snippet:-1","max-image-preview":"max-image-preview:large","max-video-preview":"max-video-preview:-1"},"canonical":"https:\/\/www.purejewels.com\/de\/produkt-2\/ohrstecker-aus-22-karat-gold-49213\/","og_locale":"de_DE","og_type":"article","og_title":"Shop these Beautiful 22ct gold Studs at PureJewels UK","og_description":"Discover 22ct gold studs in the UK. Pick these beautifully crafted gold studs. Perfect for everyday wear. Free & secure Delivery.","og_url":"https:\/\/www.purejewels.com\/de\/produkt-2\/ohrstecker-aus-22-karat-gold-49213\/","og_site_name":"PureJewels UK","article_modified_time":"2025-11-06T05:09:10+00:00","og_image":[{"width":1000,"height":1000,"url":"https:\/\/www.purejewels.com\/wp-content\/uploads\/2021\/11\/40586-2.jpg","type":"image\/jpeg"}],"twitter_card":"summary_large_image","twitter_misc":{"Gesch\u00e4tzte Lesezeit":"1\u00a0Minute"},"schema":{"@context":"https:\/\/schema.org","@graph":[{"@type":["WebPage","ItemPage"],"@id":"https:\/\/www.purejewels.com\/product\/stud-earring-in-22ct-gold\/","url":"https:\/\/www.purejewels.com\/product\/stud-earring-in-22ct-gold\/","name":"Kaufen Sie diese sch\u00f6nen 22ct gold Ohrstecker bei PureJewels UK","isPartOf":{"@id":"https:\/\/www.purejewels.com\/#website"},"primaryImageOfPage":{"@id":"https:\/\/www.purejewels.com\/product\/stud-earring-in-22ct-gold\/#primaryimage"},"image":{"@id":"https:\/\/www.purejewels.com\/product\/stud-earring-in-22ct-gold\/#primaryimage"},"thumbnailUrl":"https:\/\/static.purejewels.com\/wp-content\/uploads\/2021\/11\/40586-2.jpg","datePublished":"2021-11-02T11:44:25+00:00","dateModified":"2025-11-06T05:09:10+00:00","description":"Entdecken Sie 22-kar\u00e4tige Goldohrstecker in Gro\u00dfbritannien. Entscheiden Sie sich f\u00fcr diese wundersch\u00f6n gearbeiteten goldenen Ohrstecker. Perfekt f\u00fcr das t\u00e4gliche Tragen. Kostenlose &amp; sichere Lieferung.","breadcrumb":{"@id":"https:\/\/www.purejewels.com\/product\/stud-earring-in-22ct-gold\/#breadcrumb"},"inLanguage":"de","potentialAction":[{"@type":"ReadAction","target":["https:\/\/www.purejewels.com\/product\/stud-earring-in-22ct-gold\/"]}]},{"@type":"ImageObject","inLanguage":"de","@id":"https:\/\/www.purejewels.com\/product\/stud-earring-in-22ct-gold\/#primaryimage","url":"https:\/\/static.purejewels.com\/wp-content\/uploads\/2021\/11\/40586-2.jpg","contentUrl":"https:\/\/static.purejewels.com\/wp-content\/uploads\/2021\/11\/40586-2.jpg","width":1000,"height":1000,"caption":"22ct Gold Stud Earring 40586-2"},{"@type":"BreadcrumbList","@id":"https:\/\/www.purejewels.com\/product\/stud-earring-in-22ct-gold\/#breadcrumb","itemListElement":[{"@type":"ListItem","position":1,"name":"Home","item":"https:\/\/www.purejewels.com\/"},{"@type":"ListItem","position":2,"name":"Shop","item":"https:\/\/www.purejewels.com\/shop\/"},{"@type":"ListItem","position":3,"name":"Stud Earring in 22 carat Gold"}]},{"@type":"WebSite","@id":"https:\/\/www.purejewels.com\/#website","url":"https:\/\/www.purejewels.com\/","name":"PureJewels UK","description":"Teile die Liebe","publisher":{"@id":"https:\/\/www.purejewels.com\/#organization"},"potentialAction":[{"@type":"SearchAction","target":{"@type":"EntryPoint","urlTemplate":"https:\/\/www.purejewels.com\/?s={search_term_string}"},"query-input":{"@type":"PropertyValueSpecification","valueRequired":true,"valueName":"search_term_string"}}],"inLanguage":"de"},{"@type":"Organization","@id":"https:\/\/www.purejewels.com\/#organization","name":"PureJewels UK","url":"https:\/\/www.purejewels.com\/","logo":{"@type":"ImageObject","inLanguage":"de","@id":"https:\/\/www.purejewels.com\/#\/schema\/logo\/image\/","url":"https:\/\/static.purejewels.com\/wp-content\/uploads\/2020\/11\/Logo-PJ-New-1.png","contentUrl":"https:\/\/static.purejewels.com\/wp-content\/uploads\/2020\/11\/Logo-PJ-New-1.png","width":150,"height":80,"caption":"PureJewels UK"},"image":{"@id":"https:\/\/www.purejewels.com\/#\/schema\/logo\/image\/"}}]}},"_links":{"self":[{"href":"https:\/\/www.purejewels.com\/de\/wp-json\/wp\/v2\/product\/327772","targetHints":{"allow":["GET"]}}],"collection":[{"href":"https:\/\/www.purejewels.com\/de\/wp-json\/wp\/v2\/product"}],"about":[{"href":"https:\/\/www.purejewels.com\/de\/wp-json\/wp\/v2\/types\/product"}],"replies":[{"embeddable":true,"href":"https:\/\/www.purejewels.com\/de\/wp-json\/wp\/v2\/comments?post=327772"}],"version-history":[{"count":2,"href":"https:\/\/www.purejewels.com\/de\/wp-json\/wp\/v2\/product\/327772\/revisions"}],"predecessor-version":[{"id":420276,"href":"https:\/\/www.purejewels.com\/de\/wp-json\/wp\/v2\/product\/327772\/revisions\/420276"}],"wp:featuredmedia":[{"embeddable":true,"href":"https:\/\/www.purejewels.com\/de\/wp-json\/wp\/v2\/media\/333745"}],"wp:attachment":[{"href":"https:\/\/www.purejewels.com\/de\/wp-json\/wp\/v2\/media?parent=327772"}],"wp:term":[{"taxonomy":"product_brand","embeddable":true,"href":"https:\/\/www.purejewels.com\/de\/wp-json\/wp\/v2\/product_brand?post=327772"},{"taxonomy":"product_cat","embeddable":true,"href":"https:\/\/www.purejewels.com\/de\/wp-json\/wp\/v2\/product_cat?post=327772"},{"taxonomy":"product_tag","embeddable":true,"href":"https:\/\/www.purejewels.com\/de\/wp-json\/wp\/v2\/product_tag?post=327772"}],"curies":[{"name":"wp","href":"https:\/\/api.w.org\/{rel}","templated":true}]}}