{"id":327779,"date":"2021-10-28T11:50:05","date_gmt":"2021-10-28T10:50:05","guid":{"rendered":"https:\/\/www.purejewels.com\/?post_type=product&#038;p=327779"},"modified":"2025-11-20T05:59:04","modified_gmt":"2025-11-20T05:59:04","slug":"gold-anhanger-fur-frauen-40590","status":"publish","type":"product","link":"https:\/\/www.purejewels.com\/de\/product\/gold-pendant-for-women-40590\/","title":{"rendered":"22 Karat Gold Antik Paisley Anh\u00e4nger f\u00fcr Frauen"},"content":{"rendered":"<p>Verwurzelt in der indischen Tradition, ist die <strong data-start=\"191\" data-end=\"228\">22 Karat Gold Antik Paisley Anh\u00e4nger<\/strong> ist eine atemberaubende Hommage an zeitlose Handwerkskunst. Der Anh\u00e4nger zeichnet sich durch aufwendige Paisley- und Blumenmotive aus, die in einem edlen Antik-Finish gefertigt sind, das an jahrhundertelange Designtradition erinnert. Jede Kurve und jeder Punkt erinnert an klassische Ornamente, wodurch sich dieses Schmuckst\u00fcck ideal f\u00fcr kulturelle Veranstaltungen, Hochzeiten oder als bedeutungsvolles Erbst\u00fcckgeschenk eignet. Aus reinem 22-kar\u00e4tigem Gold gefertigt, verk\u00f6rpert es Eleganz mit tiefer kultureller Resonanz.<\/p>","protected":false},"excerpt":{"rendered":"<ul>\n<li>22ct Gold Anh\u00e4nger mit antikem Finish<\/li>\n<li>Wt. 1,5 g<\/li>\n<li>SKU. 40590<\/li>\n<li>Kette ist nicht im Preis enthalten<\/li>\n<li>Die auf dem Bild gezeigte Kette ist eine\u00a0<strong>Ackerfuchsschwanzkette<\/strong><\/li>\n<li>Alle Preise inklusive Mehrwertsteuer<\/li>\n<li>Alle unsere Produkte sind vom London Assay Office gestempelt.<\/li>\n<li>Alle unsere Gold-Anh\u00e4nger kommt mit Geschenk-Box<\/li>\n<li>Lieferung inbegriffen<\/li>\n<li>Kontaktieren Sie uns \/ chatten Sie mit uns, um unsere Kollektion von indischen Goldanh\u00e4ngern zu sehen<\/li>\n<\/ul>","protected":false},"featured_media":327997,"comment_status":"closed","ping_status":"closed","template":"","meta":{"_eb_attr":"","_crsspst_to_jayantr4sg-hostcom":false},"product_brand":[],"product_cat":[1791,1559,236,1255,1767,1570,1656,1573,1574],"product_tag":[1430],"class_list":{"0":"post-327779","1":"product","2":"type-product","3":"status-publish","4":"has-post-thumbnail","6":"product_cat-anniversary-gifts","7":"product_cat-birthday-gifts","8":"product_cat-collections","9":"product_cat-gold-pendants","10":"product_cat-ladies-pendants","11":"product_cat-mothers-day-gifts","12":"product_cat-rosettes-collections","13":"product_cat-wedding-gifts","14":"product_cat-womens-jewellery","15":"product_tag-diwali-gift","17":"first","18":"onbackorder","19":"taxable","20":"shipping-taxable","21":"product-type-simple","22":"add-to-wishlist-before_image"},"yoast_head":"<!-- This site is optimized with the Yoast SEO plugin v27.5 - https:\/\/yoast.com\/product\/yoast-seo-wordpress\/ -->\n<title>22ct Gold Antique Paisley Pendant for Women | PureJewels<\/title>\n<meta name=\"description\" content=\"Traditional paisley pendant in 22ct antique-finish gold. A timeless design inspired by Indian heritage\u2014perfect for weddings, cultural wear, and gifting.\" \/>\n<meta name=\"robots\" content=\"index, follow, max-snippet:-1, max-image-preview:large, max-video-preview:-1\" \/>\n<link rel=\"canonical\" href=\"https:\/\/www.purejewels.com\/de\/produkt-2\/gold-anhanger-fur-frauen-40590\/\" \/>\n<meta property=\"og:locale\" content=\"de_DE\" \/>\n<meta property=\"og:type\" content=\"article\" \/>\n<meta property=\"og:title\" content=\"22ct Gold Antique Paisley Pendant for Women | PureJewels\" \/>\n<meta property=\"og:description\" content=\"Traditional paisley pendant in 22ct antique-finish gold. A timeless design inspired by Indian heritage\u2014perfect for weddings, cultural wear, and gifting.\" \/>\n<meta property=\"og:url\" content=\"https:\/\/www.purejewels.com\/de\/produkt-2\/gold-anhanger-fur-frauen-40590\/\" \/>\n<meta property=\"og:site_name\" content=\"PureJewels UK\" \/>\n<meta property=\"article:modified_time\" content=\"2025-11-20T05:59:04+00:00\" \/>\n<meta property=\"og:image\" content=\"https:\/\/www.purejewels.com\/wp-content\/uploads\/2021\/10\/40590-1.jpg\" \/>\n\t<meta property=\"og:image:width\" content=\"1000\" \/>\n\t<meta property=\"og:image:height\" content=\"1000\" \/>\n\t<meta property=\"og:image:type\" content=\"image\/jpeg\" \/>\n<meta name=\"twitter:card\" content=\"summary_large_image\" \/>\n<meta name=\"twitter:label1\" content=\"Gesch\u00e4tzte Lesezeit\" \/>\n\t<meta name=\"twitter:data1\" content=\"1\u00a0Minute\" \/>\n<script type=\"application\/ld+json\" class=\"yoast-schema-graph\">{\"@context\":\"https:\\\/\\\/schema.org\",\"@graph\":[{\"@type\":[\"WebPage\",\"ItemPage\"],\"@id\":\"https:\\\/\\\/www.purejewels.com\\\/product\\\/gold-pendant-for-women-40590\\\/\",\"url\":\"https:\\\/\\\/www.purejewels.com\\\/product\\\/gold-pendant-for-women-40590\\\/\",\"name\":\"22ct Gold Antique Paisley Pendant for Women | PureJewels\",\"isPartOf\":{\"@id\":\"https:\\\/\\\/www.purejewels.com\\\/#website\"},\"primaryImageOfPage\":{\"@id\":\"https:\\\/\\\/www.purejewels.com\\\/product\\\/gold-pendant-for-women-40590\\\/#primaryimage\"},\"image\":{\"@id\":\"https:\\\/\\\/www.purejewels.com\\\/product\\\/gold-pendant-for-women-40590\\\/#primaryimage\"},\"thumbnailUrl\":\"https:\\\/\\\/static.purejewels.com\\\/wp-content\\\/uploads\\\/2021\\\/10\\\/40590-1.jpg\",\"datePublished\":\"2021-10-28T10:50:05+00:00\",\"dateModified\":\"2025-11-20T05:59:04+00:00\",\"description\":\"Traditional paisley pendant in 22ct antique-finish gold. A timeless design inspired by Indian heritage\u2014perfect for weddings, cultural wear, and gifting.\",\"breadcrumb\":{\"@id\":\"https:\\\/\\\/www.purejewels.com\\\/product\\\/gold-pendant-for-women-40590\\\/#breadcrumb\"},\"inLanguage\":\"de\",\"potentialAction\":[{\"@type\":\"ReadAction\",\"target\":[\"https:\\\/\\\/www.purejewels.com\\\/product\\\/gold-pendant-for-women-40590\\\/\"]}]},{\"@type\":\"ImageObject\",\"inLanguage\":\"de\",\"@id\":\"https:\\\/\\\/www.purejewels.com\\\/product\\\/gold-pendant-for-women-40590\\\/#primaryimage\",\"url\":\"https:\\\/\\\/static.purejewels.com\\\/wp-content\\\/uploads\\\/2021\\\/10\\\/40590-1.jpg\",\"contentUrl\":\"https:\\\/\\\/static.purejewels.com\\\/wp-content\\\/uploads\\\/2021\\\/10\\\/40590-1.jpg\",\"width\":1000,\"height\":1000,\"caption\":\"Gold Pendant for Women 40590-1\"},{\"@type\":\"BreadcrumbList\",\"@id\":\"https:\\\/\\\/www.purejewels.com\\\/product\\\/gold-pendant-for-women-40590\\\/#breadcrumb\",\"itemListElement\":[{\"@type\":\"ListItem\",\"position\":1,\"name\":\"Home\",\"item\":\"https:\\\/\\\/www.purejewels.com\\\/\"},{\"@type\":\"ListItem\",\"position\":2,\"name\":\"Shop\",\"item\":\"https:\\\/\\\/www.purejewels.com\\\/shop\\\/\"},{\"@type\":\"ListItem\",\"position\":3,\"name\":\"22ct Gold Antique Paisley Pendant for Women\"}]},{\"@type\":\"WebSite\",\"@id\":\"https:\\\/\\\/www.purejewels.com\\\/#website\",\"url\":\"https:\\\/\\\/www.purejewels.com\\\/\",\"name\":\"PureJewels UK\",\"description\":\"Share the Love\",\"publisher\":{\"@id\":\"https:\\\/\\\/www.purejewels.com\\\/#organization\"},\"potentialAction\":[{\"@type\":\"SearchAction\",\"target\":{\"@type\":\"EntryPoint\",\"urlTemplate\":\"https:\\\/\\\/www.purejewels.com\\\/?s={search_term_string}\"},\"query-input\":{\"@type\":\"PropertyValueSpecification\",\"valueRequired\":true,\"valueName\":\"search_term_string\"}}],\"inLanguage\":\"de\"},{\"@type\":\"Organization\",\"@id\":\"https:\\\/\\\/www.purejewels.com\\\/#organization\",\"name\":\"PureJewels UK\",\"url\":\"https:\\\/\\\/www.purejewels.com\\\/\",\"logo\":{\"@type\":\"ImageObject\",\"inLanguage\":\"de\",\"@id\":\"https:\\\/\\\/www.purejewels.com\\\/#\\\/schema\\\/logo\\\/image\\\/\",\"url\":\"https:\\\/\\\/static.purejewels.com\\\/wp-content\\\/uploads\\\/2020\\\/11\\\/Logo-PJ-New-1.png\",\"contentUrl\":\"https:\\\/\\\/static.purejewels.com\\\/wp-content\\\/uploads\\\/2020\\\/11\\\/Logo-PJ-New-1.png\",\"width\":150,\"height\":80,\"caption\":\"PureJewels UK\"},\"image\":{\"@id\":\"https:\\\/\\\/www.purejewels.com\\\/#\\\/schema\\\/logo\\\/image\\\/\"}}]}<\/script>\n<!-- \/ Yoast SEO plugin. -->","yoast_head_json":{"title":"22 Karat Gold Antik Paisley Anh\u00e4nger f\u00fcr Frauen | PureJewels","description":"Traditioneller Paisley-Anh\u00e4nger aus 22 Karat Gold mit Antik-Finish. Ein zeitloses Design, inspiriert vom indischen Erbe \u2013 perfekt f\u00fcr Hochzeiten, kulturelle Anl\u00e4sse und als Geschenk.","robots":{"index":"index","follow":"follow","max-snippet":"max-snippet:-1","max-image-preview":"max-image-preview:large","max-video-preview":"max-video-preview:-1"},"canonical":"https:\/\/www.purejewels.com\/de\/produkt-2\/gold-anhanger-fur-frauen-40590\/","og_locale":"de_DE","og_type":"article","og_title":"22ct Gold Antique Paisley Pendant for Women | PureJewels","og_description":"Traditional paisley pendant in 22ct antique-finish gold. A timeless design inspired by Indian heritage\u2014perfect for weddings, cultural wear, and gifting.","og_url":"https:\/\/www.purejewels.com\/de\/produkt-2\/gold-anhanger-fur-frauen-40590\/","og_site_name":"PureJewels UK","article_modified_time":"2025-11-20T05:59:04+00:00","og_image":[{"width":1000,"height":1000,"url":"https:\/\/www.purejewels.com\/wp-content\/uploads\/2021\/10\/40590-1.jpg","type":"image\/jpeg"}],"twitter_card":"summary_large_image","twitter_misc":{"Gesch\u00e4tzte Lesezeit":"1\u00a0Minute"},"schema":{"@context":"https:\/\/schema.org","@graph":[{"@type":["WebPage","ItemPage"],"@id":"https:\/\/www.purejewels.com\/product\/gold-pendant-for-women-40590\/","url":"https:\/\/www.purejewels.com\/product\/gold-pendant-for-women-40590\/","name":"22 Karat Gold Antik Paisley Anh\u00e4nger f\u00fcr Frauen | PureJewels","isPartOf":{"@id":"https:\/\/www.purejewels.com\/#website"},"primaryImageOfPage":{"@id":"https:\/\/www.purejewels.com\/product\/gold-pendant-for-women-40590\/#primaryimage"},"image":{"@id":"https:\/\/www.purejewels.com\/product\/gold-pendant-for-women-40590\/#primaryimage"},"thumbnailUrl":"https:\/\/static.purejewels.com\/wp-content\/uploads\/2021\/10\/40590-1.jpg","datePublished":"2021-10-28T10:50:05+00:00","dateModified":"2025-11-20T05:59:04+00:00","description":"Traditioneller Paisley-Anh\u00e4nger aus 22 Karat Gold mit Antik-Finish. Ein zeitloses Design, inspiriert vom indischen Erbe \u2013 perfekt f\u00fcr Hochzeiten, kulturelle Anl\u00e4sse und als Geschenk.","breadcrumb":{"@id":"https:\/\/www.purejewels.com\/product\/gold-pendant-for-women-40590\/#breadcrumb"},"inLanguage":"de","potentialAction":[{"@type":"ReadAction","target":["https:\/\/www.purejewels.com\/product\/gold-pendant-for-women-40590\/"]}]},{"@type":"ImageObject","inLanguage":"de","@id":"https:\/\/www.purejewels.com\/product\/gold-pendant-for-women-40590\/#primaryimage","url":"https:\/\/static.purejewels.com\/wp-content\/uploads\/2021\/10\/40590-1.jpg","contentUrl":"https:\/\/static.purejewels.com\/wp-content\/uploads\/2021\/10\/40590-1.jpg","width":1000,"height":1000,"caption":"Gold Pendant for Women 40590-1"},{"@type":"BreadcrumbList","@id":"https:\/\/www.purejewels.com\/product\/gold-pendant-for-women-40590\/#breadcrumb","itemListElement":[{"@type":"ListItem","position":1,"name":"Home","item":"https:\/\/www.purejewels.com\/"},{"@type":"ListItem","position":2,"name":"Shop","item":"https:\/\/www.purejewels.com\/shop\/"},{"@type":"ListItem","position":3,"name":"22ct Gold Antique Paisley Pendant for Women"}]},{"@type":"WebSite","@id":"https:\/\/www.purejewels.com\/#website","url":"https:\/\/www.purejewels.com\/","name":"PureJewels UK","description":"Teile die Liebe","publisher":{"@id":"https:\/\/www.purejewels.com\/#organization"},"potentialAction":[{"@type":"SearchAction","target":{"@type":"EntryPoint","urlTemplate":"https:\/\/www.purejewels.com\/?s={search_term_string}"},"query-input":{"@type":"PropertyValueSpecification","valueRequired":true,"valueName":"search_term_string"}}],"inLanguage":"de"},{"@type":"Organization","@id":"https:\/\/www.purejewels.com\/#organization","name":"PureJewels UK","url":"https:\/\/www.purejewels.com\/","logo":{"@type":"ImageObject","inLanguage":"de","@id":"https:\/\/www.purejewels.com\/#\/schema\/logo\/image\/","url":"https:\/\/static.purejewels.com\/wp-content\/uploads\/2020\/11\/Logo-PJ-New-1.png","contentUrl":"https:\/\/static.purejewels.com\/wp-content\/uploads\/2020\/11\/Logo-PJ-New-1.png","width":150,"height":80,"caption":"PureJewels UK"},"image":{"@id":"https:\/\/www.purejewels.com\/#\/schema\/logo\/image\/"}}]}},"_links":{"self":[{"href":"https:\/\/www.purejewels.com\/de\/wp-json\/wp\/v2\/product\/327779","targetHints":{"allow":["GET"]}}],"collection":[{"href":"https:\/\/www.purejewels.com\/de\/wp-json\/wp\/v2\/product"}],"about":[{"href":"https:\/\/www.purejewels.com\/de\/wp-json\/wp\/v2\/types\/product"}],"replies":[{"embeddable":true,"href":"https:\/\/www.purejewels.com\/de\/wp-json\/wp\/v2\/comments?post=327779"}],"version-history":[{"count":3,"href":"https:\/\/www.purejewels.com\/de\/wp-json\/wp\/v2\/product\/327779\/revisions"}],"predecessor-version":[{"id":421487,"href":"https:\/\/www.purejewels.com\/de\/wp-json\/wp\/v2\/product\/327779\/revisions\/421487"}],"wp:featuredmedia":[{"embeddable":true,"href":"https:\/\/www.purejewels.com\/de\/wp-json\/wp\/v2\/media\/327997"}],"wp:attachment":[{"href":"https:\/\/www.purejewels.com\/de\/wp-json\/wp\/v2\/media?parent=327779"}],"wp:term":[{"taxonomy":"product_brand","embeddable":true,"href":"https:\/\/www.purejewels.com\/de\/wp-json\/wp\/v2\/product_brand?post=327779"},{"taxonomy":"product_cat","embeddable":true,"href":"https:\/\/www.purejewels.com\/de\/wp-json\/wp\/v2\/product_cat?post=327779"},{"taxonomy":"product_tag","embeddable":true,"href":"https:\/\/www.purejewels.com\/de\/wp-json\/wp\/v2\/product_tag?post=327779"}],"curies":[{"name":"wp","href":"https:\/\/api.w.org\/{rel}","templated":true}]}}