{"id":327798,"date":"2021-10-28T12:45:42","date_gmt":"2021-10-28T11:45:42","guid":{"rendered":"https:\/\/www.purejewels.com\/?post_type=product&#038;p=327798"},"modified":"2026-04-29T06:54:14","modified_gmt":"2026-04-29T05:54:14","slug":"22-karat-gold-khanda-anhanger-52061","status":"publish","type":"product","link":"https:\/\/www.purejewels.com\/de\/product\/22-carat-gold-khanda-pendant-52061\/","title":{"rendered":"Khanda-Anh\u00e4nger aus 22 Karat Gold"},"content":{"rendered":"<p>Feiern Sie Ihren Glauben und Ihr Erbe mit unserem Khanda-Anh\u00e4nger aus 22 Karat Gold, der sorgf\u00e4ltig aus reinem Gold gefertigt und f\u00fcr seine Echtheit gepunzt wurde. Mit dem verehrten Sikh Khanda Symbol verk\u00f6rpert dieser Anh\u00e4nger St\u00e4rke, Einheit und spirituelle Hingabe. Ein zeitloses St\u00fcck f\u00fcr den t\u00e4glichen Gebrauch oder zum Verschenken, das von kulturellem Stolz zeugt.<\/p>","protected":false},"excerpt":{"rendered":"<p>Khanda-Anh\u00e4nger aus 22 Karat Gold, der den Glauben, die St\u00e4rke und die Einheit der Sikhs symbolisiert.<br data-start=\"766\" data-end=\"769\" \/>Ein bedeutungsvoller Ausdruck der Hingabe, gefertigt aus strahlend reinem Gold.<\/p>\n<p><strong>Material:<\/strong>\u00a022ct Gold<strong><br \/>\nWahrzeichen:\u00a0<\/strong>Britisches G\u00fctesiegel<strong><br \/>\n<\/strong><strong>Bruttogewicht: <\/strong>3.3 Gms<strong><br \/>\nSKU:\u00a0<\/strong>52061<\/p>\n<p><strong>Preis und Lieferung<\/strong>:Inklusive Mehrwertsteuer und Lieferkosten<br \/>\n<strong>Hinweis<\/strong>: Die Kette ist nicht enthalten<\/p>\n<p><a href=\"https:\/\/www.purejewels.com\/de\/ruckgabepolitik\/\">R\u00fcckgabepolitik<\/a><\/p>","protected":false},"featured_media":402252,"comment_status":"closed","ping_status":"closed","template":"","meta":{"_eb_attr":"","_crsspst_to_jayantr4sg-hostcom":true},"product_brand":[],"product_cat":[1559,1571,1792,1229,1255,1572,1701],"product_tag":[],"class_list":{"0":"post-327798","1":"product","2":"type-product","3":"status-publish","4":"has-post-thumbnail","6":"product_cat-birthday-gifts","7":"product_cat-fathers-day-gifts","8":"product_cat-festival-gifts","9":"product_cat-22ct-gold-jewellery","10":"product_cat-gold-pendants","11":"product_cat-mens-jewellery","12":"product_cat-religious-pendants","14":"first","15":"instock","16":"taxable","17":"shipping-taxable","18":"purchasable","19":"product-type-simple","20":"add-to-wishlist-before_image"},"yoast_head":"<!-- This site is optimized with the Yoast SEO plugin v27.5 - https:\/\/yoast.com\/product\/yoast-seo-wordpress\/ -->\n<title>22ct Gold Khanda Pendant | Sikh Religious Pendant \u2013 PureJewels<\/title>\n<meta name=\"description\" content=\"22ct Yellow Gold Khanda Pendant, a powerful Sikh symbol of strength and faith. Expertly handcrafted, this gold religious pendant is hallmarked and timeless.\" \/>\n<meta name=\"robots\" content=\"index, follow, max-snippet:-1, max-image-preview:large, max-video-preview:-1\" \/>\n<link rel=\"canonical\" href=\"https:\/\/www.purejewels.com\/de\/produkt-2\/22-karat-gold-khanda-anhanger-52061\/\" \/>\n<meta property=\"og:locale\" content=\"de_DE\" \/>\n<meta property=\"og:type\" content=\"article\" \/>\n<meta property=\"og:title\" content=\"22ct Gold Khanda Pendant | Sikh Religious Pendant \u2013 PureJewels\" \/>\n<meta property=\"og:description\" content=\"22ct Yellow Gold Khanda Pendant, a powerful Sikh symbol of strength and faith. Expertly handcrafted, this gold religious pendant is hallmarked and timeless.\" \/>\n<meta property=\"og:url\" content=\"https:\/\/www.purejewels.com\/de\/produkt-2\/22-karat-gold-khanda-anhanger-52061\/\" \/>\n<meta property=\"og:site_name\" content=\"PureJewels UK\" \/>\n<meta property=\"article:modified_time\" content=\"2026-04-29T05:54:14+00:00\" \/>\n<meta property=\"og:image\" content=\"https:\/\/static.purejewels.com\/wp-content\/uploads\/2021\/10\/SKU-52061.png\" \/>\n\t<meta property=\"og:image:width\" content=\"1000\" \/>\n\t<meta property=\"og:image:height\" content=\"1000\" \/>\n\t<meta property=\"og:image:type\" content=\"image\/png\" \/>\n<meta name=\"twitter:card\" content=\"summary_large_image\" \/>\n<meta name=\"twitter:label1\" content=\"Gesch\u00e4tzte Lesezeit\" \/>\n\t<meta name=\"twitter:data1\" content=\"1\u00a0Minute\" \/>\n<script type=\"application\/ld+json\" class=\"yoast-schema-graph\">{\"@context\":\"https:\\\/\\\/schema.org\",\"@graph\":[{\"@type\":[\"WebPage\",\"ItemPage\"],\"@id\":\"https:\\\/\\\/www.purejewels.com\\\/product\\\/22-carat-gold-khanda-pendant-52061\\\/\",\"url\":\"https:\\\/\\\/www.purejewels.com\\\/product\\\/22-carat-gold-khanda-pendant-52061\\\/\",\"name\":\"22ct Gold Khanda Pendant | Sikh Religious Pendant \u2013 PureJewels\",\"isPartOf\":{\"@id\":\"https:\\\/\\\/www.purejewels.com\\\/#website\"},\"primaryImageOfPage\":{\"@id\":\"https:\\\/\\\/www.purejewels.com\\\/product\\\/22-carat-gold-khanda-pendant-52061\\\/#primaryimage\"},\"image\":{\"@id\":\"https:\\\/\\\/www.purejewels.com\\\/product\\\/22-carat-gold-khanda-pendant-52061\\\/#primaryimage\"},\"thumbnailUrl\":\"https:\\\/\\\/static.purejewels.com\\\/wp-content\\\/uploads\\\/2021\\\/10\\\/SKU-52061.png\",\"datePublished\":\"2021-10-28T11:45:42+00:00\",\"dateModified\":\"2026-04-29T05:54:14+00:00\",\"description\":\"22ct Yellow Gold Khanda Pendant, a powerful Sikh symbol of strength and faith. Expertly handcrafted, this gold religious pendant is hallmarked and timeless.\",\"breadcrumb\":{\"@id\":\"https:\\\/\\\/www.purejewels.com\\\/product\\\/22-carat-gold-khanda-pendant-52061\\\/#breadcrumb\"},\"inLanguage\":\"de\",\"potentialAction\":[{\"@type\":\"ReadAction\",\"target\":[\"https:\\\/\\\/www.purejewels.com\\\/product\\\/22-carat-gold-khanda-pendant-52061\\\/\"]}]},{\"@type\":\"ImageObject\",\"inLanguage\":\"de\",\"@id\":\"https:\\\/\\\/www.purejewels.com\\\/product\\\/22-carat-gold-khanda-pendant-52061\\\/#primaryimage\",\"url\":\"https:\\\/\\\/static.purejewels.com\\\/wp-content\\\/uploads\\\/2021\\\/10\\\/SKU-52061.png\",\"contentUrl\":\"https:\\\/\\\/static.purejewels.com\\\/wp-content\\\/uploads\\\/2021\\\/10\\\/SKU-52061.png\",\"width\":1000,\"height\":1000,\"caption\":\"22ct Khanda Pendant\"},{\"@type\":\"BreadcrumbList\",\"@id\":\"https:\\\/\\\/www.purejewels.com\\\/product\\\/22-carat-gold-khanda-pendant-52061\\\/#breadcrumb\",\"itemListElement\":[{\"@type\":\"ListItem\",\"position\":1,\"name\":\"Home\",\"item\":\"https:\\\/\\\/www.purejewels.com\\\/\"},{\"@type\":\"ListItem\",\"position\":2,\"name\":\"Shop\",\"item\":\"https:\\\/\\\/www.purejewels.com\\\/shop\\\/\"},{\"@type\":\"ListItem\",\"position\":3,\"name\":\"22 carat Gold Khanda Pendant\"}]},{\"@type\":\"WebSite\",\"@id\":\"https:\\\/\\\/www.purejewels.com\\\/#website\",\"url\":\"https:\\\/\\\/www.purejewels.com\\\/\",\"name\":\"PureJewels UK\",\"description\":\"Share the Love\",\"publisher\":{\"@id\":\"https:\\\/\\\/www.purejewels.com\\\/#organization\"},\"potentialAction\":[{\"@type\":\"SearchAction\",\"target\":{\"@type\":\"EntryPoint\",\"urlTemplate\":\"https:\\\/\\\/www.purejewels.com\\\/?s={search_term_string}\"},\"query-input\":{\"@type\":\"PropertyValueSpecification\",\"valueRequired\":true,\"valueName\":\"search_term_string\"}}],\"inLanguage\":\"de\"},{\"@type\":\"Organization\",\"@id\":\"https:\\\/\\\/www.purejewels.com\\\/#organization\",\"name\":\"PureJewels UK\",\"url\":\"https:\\\/\\\/www.purejewels.com\\\/\",\"logo\":{\"@type\":\"ImageObject\",\"inLanguage\":\"de\",\"@id\":\"https:\\\/\\\/www.purejewels.com\\\/#\\\/schema\\\/logo\\\/image\\\/\",\"url\":\"https:\\\/\\\/static.purejewels.com\\\/wp-content\\\/uploads\\\/2020\\\/11\\\/Logo-PJ-New-1.png\",\"contentUrl\":\"https:\\\/\\\/static.purejewels.com\\\/wp-content\\\/uploads\\\/2020\\\/11\\\/Logo-PJ-New-1.png\",\"width\":150,\"height\":80,\"caption\":\"PureJewels UK\"},\"image\":{\"@id\":\"https:\\\/\\\/www.purejewels.com\\\/#\\\/schema\\\/logo\\\/image\\\/\"}}]}<\/script>\n<!-- \/ Yoast SEO plugin. -->","yoast_head_json":{"title":"22ct Gold Khanda Anh\u00e4nger | Sikh religi\u00f6sen Anh\u00e4nger - PureJewels","description":"Khanda-Anh\u00e4nger aus 22 Karat Gelbgold, ein kraftvolles Sikh-Symbol f\u00fcr St\u00e4rke und Glauben. Fachm\u00e4nnisch handgefertigt, ist dieser religi\u00f6se Anh\u00e4nger aus Gold gepunzt und zeitlos.","robots":{"index":"index","follow":"follow","max-snippet":"max-snippet:-1","max-image-preview":"max-image-preview:large","max-video-preview":"max-video-preview:-1"},"canonical":"https:\/\/www.purejewels.com\/de\/produkt-2\/22-karat-gold-khanda-anhanger-52061\/","og_locale":"de_DE","og_type":"article","og_title":"22ct Gold Khanda Pendant | Sikh Religious Pendant \u2013 PureJewels","og_description":"22ct Yellow Gold Khanda Pendant, a powerful Sikh symbol of strength and faith. Expertly handcrafted, this gold religious pendant is hallmarked and timeless.","og_url":"https:\/\/www.purejewels.com\/de\/produkt-2\/22-karat-gold-khanda-anhanger-52061\/","og_site_name":"PureJewels UK","article_modified_time":"2026-04-29T05:54:14+00:00","og_image":[{"width":1000,"height":1000,"url":"https:\/\/static.purejewels.com\/wp-content\/uploads\/2021\/10\/SKU-52061.png","type":"image\/png"}],"twitter_card":"summary_large_image","twitter_misc":{"Gesch\u00e4tzte Lesezeit":"1\u00a0Minute"},"schema":{"@context":"https:\/\/schema.org","@graph":[{"@type":["WebPage","ItemPage"],"@id":"https:\/\/www.purejewels.com\/product\/22-carat-gold-khanda-pendant-52061\/","url":"https:\/\/www.purejewels.com\/product\/22-carat-gold-khanda-pendant-52061\/","name":"22ct Gold Khanda Anh\u00e4nger | Sikh religi\u00f6sen Anh\u00e4nger - PureJewels","isPartOf":{"@id":"https:\/\/www.purejewels.com\/#website"},"primaryImageOfPage":{"@id":"https:\/\/www.purejewels.com\/product\/22-carat-gold-khanda-pendant-52061\/#primaryimage"},"image":{"@id":"https:\/\/www.purejewels.com\/product\/22-carat-gold-khanda-pendant-52061\/#primaryimage"},"thumbnailUrl":"https:\/\/static.purejewels.com\/wp-content\/uploads\/2021\/10\/SKU-52061.png","datePublished":"2021-10-28T11:45:42+00:00","dateModified":"2026-04-29T05:54:14+00:00","description":"Khanda-Anh\u00e4nger aus 22 Karat Gelbgold, ein kraftvolles Sikh-Symbol f\u00fcr St\u00e4rke und Glauben. Fachm\u00e4nnisch handgefertigt, ist dieser religi\u00f6se Anh\u00e4nger aus Gold gepunzt und zeitlos.","breadcrumb":{"@id":"https:\/\/www.purejewels.com\/product\/22-carat-gold-khanda-pendant-52061\/#breadcrumb"},"inLanguage":"de","potentialAction":[{"@type":"ReadAction","target":["https:\/\/www.purejewels.com\/product\/22-carat-gold-khanda-pendant-52061\/"]}]},{"@type":"ImageObject","inLanguage":"de","@id":"https:\/\/www.purejewels.com\/product\/22-carat-gold-khanda-pendant-52061\/#primaryimage","url":"https:\/\/static.purejewels.com\/wp-content\/uploads\/2021\/10\/SKU-52061.png","contentUrl":"https:\/\/static.purejewels.com\/wp-content\/uploads\/2021\/10\/SKU-52061.png","width":1000,"height":1000,"caption":"22ct Khanda Pendant"},{"@type":"BreadcrumbList","@id":"https:\/\/www.purejewels.com\/product\/22-carat-gold-khanda-pendant-52061\/#breadcrumb","itemListElement":[{"@type":"ListItem","position":1,"name":"Home","item":"https:\/\/www.purejewels.com\/"},{"@type":"ListItem","position":2,"name":"Shop","item":"https:\/\/www.purejewels.com\/shop\/"},{"@type":"ListItem","position":3,"name":"22 carat Gold Khanda Pendant"}]},{"@type":"WebSite","@id":"https:\/\/www.purejewels.com\/#website","url":"https:\/\/www.purejewels.com\/","name":"PureJewels UK","description":"Teile die Liebe","publisher":{"@id":"https:\/\/www.purejewels.com\/#organization"},"potentialAction":[{"@type":"SearchAction","target":{"@type":"EntryPoint","urlTemplate":"https:\/\/www.purejewels.com\/?s={search_term_string}"},"query-input":{"@type":"PropertyValueSpecification","valueRequired":true,"valueName":"search_term_string"}}],"inLanguage":"de"},{"@type":"Organization","@id":"https:\/\/www.purejewels.com\/#organization","name":"PureJewels UK","url":"https:\/\/www.purejewels.com\/","logo":{"@type":"ImageObject","inLanguage":"de","@id":"https:\/\/www.purejewels.com\/#\/schema\/logo\/image\/","url":"https:\/\/static.purejewels.com\/wp-content\/uploads\/2020\/11\/Logo-PJ-New-1.png","contentUrl":"https:\/\/static.purejewels.com\/wp-content\/uploads\/2020\/11\/Logo-PJ-New-1.png","width":150,"height":80,"caption":"PureJewels UK"},"image":{"@id":"https:\/\/www.purejewels.com\/#\/schema\/logo\/image\/"}}]}},"_links":{"self":[{"href":"https:\/\/www.purejewels.com\/de\/wp-json\/wp\/v2\/product\/327798","targetHints":{"allow":["GET"]}}],"collection":[{"href":"https:\/\/www.purejewels.com\/de\/wp-json\/wp\/v2\/product"}],"about":[{"href":"https:\/\/www.purejewels.com\/de\/wp-json\/wp\/v2\/types\/product"}],"replies":[{"embeddable":true,"href":"https:\/\/www.purejewels.com\/de\/wp-json\/wp\/v2\/comments?post=327798"}],"version-history":[{"count":4,"href":"https:\/\/www.purejewels.com\/de\/wp-json\/wp\/v2\/product\/327798\/revisions"}],"predecessor-version":[{"id":429146,"href":"https:\/\/www.purejewels.com\/de\/wp-json\/wp\/v2\/product\/327798\/revisions\/429146"}],"wp:featuredmedia":[{"embeddable":true,"href":"https:\/\/www.purejewels.com\/de\/wp-json\/wp\/v2\/media\/402252"}],"wp:attachment":[{"href":"https:\/\/www.purejewels.com\/de\/wp-json\/wp\/v2\/media?parent=327798"}],"wp:term":[{"taxonomy":"product_brand","embeddable":true,"href":"https:\/\/www.purejewels.com\/de\/wp-json\/wp\/v2\/product_brand?post=327798"},{"taxonomy":"product_cat","embeddable":true,"href":"https:\/\/www.purejewels.com\/de\/wp-json\/wp\/v2\/product_cat?post=327798"},{"taxonomy":"product_tag","embeddable":true,"href":"https:\/\/www.purejewels.com\/de\/wp-json\/wp\/v2\/product_tag?post=327798"}],"curies":[{"name":"wp","href":"https:\/\/api.w.org\/{rel}","templated":true}]}}