{"id":327820,"date":"2021-10-29T05:07:55","date_gmt":"2021-10-29T04:07:55","guid":{"rendered":"https:\/\/www.purejewels.com\/?post_type=product&#038;p=327820"},"modified":"2026-01-07T10:47:41","modified_gmt":"2026-01-07T10:47:41","slug":"22-kt-gold-mangalsutra","status":"publish","type":"product","link":"https:\/\/www.purejewels.com\/de\/product\/22-kt-gold-mangalsutra\/","title":{"rendered":"22 Kt Gold Mangalsutra"},"content":{"rendered":"<p>Diese <a href=\"https:\/\/www.purejewels.com\/de\/product-category\/22ct-gold-jewellery\/gold-mangalsutras\/\">mangalsutra<\/a> ist ein Zeugnis f\u00fcr das Engagement und die ewige Liebe, die Sie f\u00fcr Ihren Partner empfinden. Das 22-kar\u00e4tige Gold dieses Mangalsutra wird Sie immer an die Tiefe Ihrer Bindung erinnern und gleichzeitig Ihre ewige Liebe symbolisieren. Diese lebendige und verf\u00fchrerische Halskette ist so weich wie Seide und so strahlend wie die Hoffnung selbst, also z\u00f6gern Sie nicht, Ihren Lieben ein Schmuckst\u00fcck zu schenken, das ein Leben lang halten wird! Hergestellt aus <a href=\"https:\/\/www.purejewels.com\/de\/product-category\/22ct-gold-jewellery\/\">22 Karat<\/a> <a href=\"https:\/\/www.purejewels.com\/de\/elegance-of-sold-gold\/\">Massivgold<\/a> Material, es ist eine Feier von <a href=\"https:\/\/www.purejewels.com\/de\/a-guide-to-die-stamping\/\">Handwerkskunst<\/a> und Luxus.<\/p>","protected":false},"excerpt":{"rendered":"<ul>\n<li>22kt <span id=\"urn:enhancement-f3cda60\" class=\"textannotation\">Gold<\/span>\u00a0<span id=\"urn:enhancement-ca833d9f\" class=\"textannotation\">Mangalsutra<\/span><\/li>\n<li><span id=\"urn:enhancement-c29abd9a\" class=\"textannotation\">Gewicht<\/span>: 6.1 gms<\/li>\n<li><span id=\"urn:enhancement-dc1b0cec\" class=\"textannotation\">L\u00e4nge<\/span>\u00a0: 18.5\u00a0<span id=\"urn:enhancement-e813ddff\" class=\"textannotation\">Zoll<\/span><\/li>\n<li><span id=\"urn:enhancement-935c9453\" class=\"textannotation\">SKU<\/span>. 34705<\/li>\n<li>Alle\u00a0<span id=\"urn:enhancement-75b5942b\" class=\"textannotation\">Preise<\/span>\u00a0einschlie\u00dflich Mehrwertsteuer<\/li>\n<li>22ct\u00a0<span id=\"urn:enhancement-71285636\" class=\"textannotation\">Gold<\/span>\u00a0Gepunzt von London\u00a0<span id=\"urn:enhancement-824c7401\" class=\"textannotation\">Pr\u00fcfstelle<\/span><\/li>\n<li>Mit Pr\u00e4sentationsbox<\/li>\n<li><span id=\"urn:enhancement-e06c9b71\" class=\"textannotation\">Lieferung<\/span>\u00a0ist inbegriffen<\/li>\n<li>Live\u00a0<span id=\"urn:enhancement-60df707d\" class=\"textannotation\">Chat<\/span>\u00a0Verf\u00fcgbarkeit und weitere Bilder von \u00e4hnlichen Designs, die derzeit in\u00a0<span id=\"urn:enhancement-973de08f\" class=\"textannotation\">Aktie<\/span><\/li>\n<\/ul>","protected":false},"featured_media":327821,"comment_status":"closed","ping_status":"closed","template":"","meta":{"_eb_attr":"","_crsspst_to_jayantr4sg-hostcom":true},"product_brand":[],"product_cat":[1791,1775,1284,1573,1574],"product_tag":[],"class_list":{"0":"post-327820","1":"product","2":"type-product","3":"status-publish","4":"has-post-thumbnail","6":"product_cat-anniversary-gifts","7":"product_cat-daily-wear-mangalsutras","8":"product_cat-gold-mangalsutras","9":"product_cat-wedding-gifts","10":"product_cat-womens-jewellery","12":"first","13":"outofstock","14":"taxable","15":"shipping-taxable","16":"product-type-simple","17":"add-to-wishlist-before_image"},"yoast_head":"<!-- This site is optimized with the Yoast SEO plugin v27.3 - https:\/\/yoast.com\/product\/yoast-seo-wordpress\/ -->\n<title>Buy this traditional Gold Managalsutra Chain at PureJewels UK.<\/title>\n<meta name=\"description\" content=\"Buy Genuine Gold Mangalsutras Online in the UK, at the Lowest Prices. Purchase this traditional 22ct gold Mangalsutra. Ideal for everyday use\" \/>\n<meta name=\"robots\" content=\"index, follow, max-snippet:-1, max-image-preview:large, max-video-preview:-1\" \/>\n<link rel=\"canonical\" href=\"https:\/\/www.purejewels.com\/de\/produkt-2\/22-kt-gold-mangalsutra\/\" \/>\n<meta property=\"og:locale\" content=\"de_DE\" \/>\n<meta property=\"og:type\" content=\"article\" \/>\n<meta property=\"og:title\" content=\"Buy this traditional Gold Managalsutra Chain at PureJewels UK.\" \/>\n<meta property=\"og:description\" content=\"Buy Genuine Gold Mangalsutras Online in the UK, at the Lowest Prices. Purchase this traditional 22ct gold Mangalsutra. Ideal for everyday use\" \/>\n<meta property=\"og:url\" content=\"https:\/\/www.purejewels.com\/de\/produkt-2\/22-kt-gold-mangalsutra\/\" \/>\n<meta property=\"og:site_name\" content=\"PureJewels UK\" \/>\n<meta property=\"article:modified_time\" content=\"2026-01-07T10:47:41+00:00\" \/>\n<meta property=\"og:image\" content=\"https:\/\/www.purejewels.com\/wp-content\/uploads\/2021\/10\/34705-1.jpg\" \/>\n\t<meta property=\"og:image:width\" content=\"1000\" \/>\n\t<meta property=\"og:image:height\" content=\"1000\" \/>\n\t<meta property=\"og:image:type\" content=\"image\/jpeg\" \/>\n<meta name=\"twitter:card\" content=\"summary_large_image\" \/>\n<meta name=\"twitter:label1\" content=\"Gesch\u00e4tzte Lesezeit\" \/>\n\t<meta name=\"twitter:data1\" content=\"1\u00a0Minute\" \/>\n<script type=\"application\/ld+json\" class=\"yoast-schema-graph\">{\"@context\":\"https:\\\/\\\/schema.org\",\"@graph\":[{\"@type\":[\"WebPage\",\"ItemPage\"],\"@id\":\"https:\\\/\\\/www.purejewels.com\\\/product\\\/22-kt-gold-mangalsutra\\\/\",\"url\":\"https:\\\/\\\/www.purejewels.com\\\/product\\\/22-kt-gold-mangalsutra\\\/\",\"name\":\"Buy this traditional Gold Managalsutra Chain at PureJewels UK.\",\"isPartOf\":{\"@id\":\"https:\\\/\\\/www.purejewels.com\\\/#website\"},\"primaryImageOfPage\":{\"@id\":\"https:\\\/\\\/www.purejewels.com\\\/product\\\/22-kt-gold-mangalsutra\\\/#primaryimage\"},\"image\":{\"@id\":\"https:\\\/\\\/www.purejewels.com\\\/product\\\/22-kt-gold-mangalsutra\\\/#primaryimage\"},\"thumbnailUrl\":\"https:\\\/\\\/static.purejewels.com\\\/wp-content\\\/uploads\\\/2021\\\/10\\\/34705-1.jpg\",\"datePublished\":\"2021-10-29T04:07:55+00:00\",\"dateModified\":\"2026-01-07T10:47:41+00:00\",\"description\":\"Buy Genuine Gold Mangalsutras Online in the UK, at the Lowest Prices. Purchase this traditional 22ct gold Mangalsutra. Ideal for everyday use\",\"breadcrumb\":{\"@id\":\"https:\\\/\\\/www.purejewels.com\\\/product\\\/22-kt-gold-mangalsutra\\\/#breadcrumb\"},\"inLanguage\":\"de\",\"potentialAction\":[{\"@type\":\"ReadAction\",\"target\":[\"https:\\\/\\\/www.purejewels.com\\\/product\\\/22-kt-gold-mangalsutra\\\/\"]}]},{\"@type\":\"ImageObject\",\"inLanguage\":\"de\",\"@id\":\"https:\\\/\\\/www.purejewels.com\\\/product\\\/22-kt-gold-mangalsutra\\\/#primaryimage\",\"url\":\"https:\\\/\\\/static.purejewels.com\\\/wp-content\\\/uploads\\\/2021\\\/10\\\/34705-1.jpg\",\"contentUrl\":\"https:\\\/\\\/static.purejewels.com\\\/wp-content\\\/uploads\\\/2021\\\/10\\\/34705-1.jpg\",\"width\":1000,\"height\":1000,\"caption\":\"22ct Gold Mangalsutra 34705-1\"},{\"@type\":\"BreadcrumbList\",\"@id\":\"https:\\\/\\\/www.purejewels.com\\\/product\\\/22-kt-gold-mangalsutra\\\/#breadcrumb\",\"itemListElement\":[{\"@type\":\"ListItem\",\"position\":1,\"name\":\"Home\",\"item\":\"https:\\\/\\\/www.purejewels.com\\\/\"},{\"@type\":\"ListItem\",\"position\":2,\"name\":\"Shop\",\"item\":\"https:\\\/\\\/www.purejewels.com\\\/shop\\\/\"},{\"@type\":\"ListItem\",\"position\":3,\"name\":\"22 Kt Gold Mangalsutra\"}]},{\"@type\":\"WebSite\",\"@id\":\"https:\\\/\\\/www.purejewels.com\\\/#website\",\"url\":\"https:\\\/\\\/www.purejewels.com\\\/\",\"name\":\"PureJewels UK\",\"description\":\"Share the Love\",\"publisher\":{\"@id\":\"https:\\\/\\\/www.purejewels.com\\\/#organization\"},\"potentialAction\":[{\"@type\":\"SearchAction\",\"target\":{\"@type\":\"EntryPoint\",\"urlTemplate\":\"https:\\\/\\\/www.purejewels.com\\\/?s={search_term_string}\"},\"query-input\":{\"@type\":\"PropertyValueSpecification\",\"valueRequired\":true,\"valueName\":\"search_term_string\"}}],\"inLanguage\":\"de\"},{\"@type\":\"Organization\",\"@id\":\"https:\\\/\\\/www.purejewels.com\\\/#organization\",\"name\":\"PureJewels UK\",\"url\":\"https:\\\/\\\/www.purejewels.com\\\/\",\"logo\":{\"@type\":\"ImageObject\",\"inLanguage\":\"de\",\"@id\":\"https:\\\/\\\/www.purejewels.com\\\/#\\\/schema\\\/logo\\\/image\\\/\",\"url\":\"https:\\\/\\\/static.purejewels.com\\\/wp-content\\\/uploads\\\/2020\\\/11\\\/Logo-PJ-New-1.png\",\"contentUrl\":\"https:\\\/\\\/static.purejewels.com\\\/wp-content\\\/uploads\\\/2020\\\/11\\\/Logo-PJ-New-1.png\",\"width\":150,\"height\":80,\"caption\":\"PureJewels UK\"},\"image\":{\"@id\":\"https:\\\/\\\/www.purejewels.com\\\/#\\\/schema\\\/logo\\\/image\\\/\"}}]}<\/script>\n<!-- \/ Yoast SEO plugin. -->","yoast_head_json":{"title":"Kaufen Sie diese traditionelle Gold Managalsutra Kette bei PureJewels UK.","description":"Kaufen Sie echte Gold-Mangalsutras online in Gro\u00dfbritannien, zu den niedrigsten Preisen. Kaufen Sie diese traditionelle Mangalsutra aus 22 Karat Gold. Ideal f\u00fcr den t\u00e4glichen Gebrauch","robots":{"index":"index","follow":"follow","max-snippet":"max-snippet:-1","max-image-preview":"max-image-preview:large","max-video-preview":"max-video-preview:-1"},"canonical":"https:\/\/www.purejewels.com\/de\/produkt-2\/22-kt-gold-mangalsutra\/","og_locale":"de_DE","og_type":"article","og_title":"Buy this traditional Gold Managalsutra Chain at PureJewels UK.","og_description":"Buy Genuine Gold Mangalsutras Online in the UK, at the Lowest Prices. Purchase this traditional 22ct gold Mangalsutra. Ideal for everyday use","og_url":"https:\/\/www.purejewels.com\/de\/produkt-2\/22-kt-gold-mangalsutra\/","og_site_name":"PureJewels UK","article_modified_time":"2026-01-07T10:47:41+00:00","og_image":[{"width":1000,"height":1000,"url":"https:\/\/www.purejewels.com\/wp-content\/uploads\/2021\/10\/34705-1.jpg","type":"image\/jpeg"}],"twitter_card":"summary_large_image","twitter_misc":{"Gesch\u00e4tzte Lesezeit":"1\u00a0Minute"},"schema":{"@context":"https:\/\/schema.org","@graph":[{"@type":["WebPage","ItemPage"],"@id":"https:\/\/www.purejewels.com\/product\/22-kt-gold-mangalsutra\/","url":"https:\/\/www.purejewels.com\/product\/22-kt-gold-mangalsutra\/","name":"Kaufen Sie diese traditionelle Gold Managalsutra Kette bei PureJewels UK.","isPartOf":{"@id":"https:\/\/www.purejewels.com\/#website"},"primaryImageOfPage":{"@id":"https:\/\/www.purejewels.com\/product\/22-kt-gold-mangalsutra\/#primaryimage"},"image":{"@id":"https:\/\/www.purejewels.com\/product\/22-kt-gold-mangalsutra\/#primaryimage"},"thumbnailUrl":"https:\/\/static.purejewels.com\/wp-content\/uploads\/2021\/10\/34705-1.jpg","datePublished":"2021-10-29T04:07:55+00:00","dateModified":"2026-01-07T10:47:41+00:00","description":"Kaufen Sie echte Gold-Mangalsutras online in Gro\u00dfbritannien, zu den niedrigsten Preisen. Kaufen Sie diese traditionelle Mangalsutra aus 22 Karat Gold. Ideal f\u00fcr den t\u00e4glichen Gebrauch","breadcrumb":{"@id":"https:\/\/www.purejewels.com\/product\/22-kt-gold-mangalsutra\/#breadcrumb"},"inLanguage":"de","potentialAction":[{"@type":"ReadAction","target":["https:\/\/www.purejewels.com\/product\/22-kt-gold-mangalsutra\/"]}]},{"@type":"ImageObject","inLanguage":"de","@id":"https:\/\/www.purejewels.com\/product\/22-kt-gold-mangalsutra\/#primaryimage","url":"https:\/\/static.purejewels.com\/wp-content\/uploads\/2021\/10\/34705-1.jpg","contentUrl":"https:\/\/static.purejewels.com\/wp-content\/uploads\/2021\/10\/34705-1.jpg","width":1000,"height":1000,"caption":"22ct Gold Mangalsutra 34705-1"},{"@type":"BreadcrumbList","@id":"https:\/\/www.purejewels.com\/product\/22-kt-gold-mangalsutra\/#breadcrumb","itemListElement":[{"@type":"ListItem","position":1,"name":"Home","item":"https:\/\/www.purejewels.com\/"},{"@type":"ListItem","position":2,"name":"Shop","item":"https:\/\/www.purejewels.com\/shop\/"},{"@type":"ListItem","position":3,"name":"22 Kt Gold Mangalsutra"}]},{"@type":"WebSite","@id":"https:\/\/www.purejewels.com\/#website","url":"https:\/\/www.purejewels.com\/","name":"PureJewels UK","description":"Teile die Liebe","publisher":{"@id":"https:\/\/www.purejewels.com\/#organization"},"potentialAction":[{"@type":"SearchAction","target":{"@type":"EntryPoint","urlTemplate":"https:\/\/www.purejewels.com\/?s={search_term_string}"},"query-input":{"@type":"PropertyValueSpecification","valueRequired":true,"valueName":"search_term_string"}}],"inLanguage":"de"},{"@type":"Organization","@id":"https:\/\/www.purejewels.com\/#organization","name":"PureJewels UK","url":"https:\/\/www.purejewels.com\/","logo":{"@type":"ImageObject","inLanguage":"de","@id":"https:\/\/www.purejewels.com\/#\/schema\/logo\/image\/","url":"https:\/\/static.purejewels.com\/wp-content\/uploads\/2020\/11\/Logo-PJ-New-1.png","contentUrl":"https:\/\/static.purejewels.com\/wp-content\/uploads\/2020\/11\/Logo-PJ-New-1.png","width":150,"height":80,"caption":"PureJewels UK"},"image":{"@id":"https:\/\/www.purejewels.com\/#\/schema\/logo\/image\/"}}]}},"_links":{"self":[{"href":"https:\/\/www.purejewels.com\/de\/wp-json\/wp\/v2\/product\/327820","targetHints":{"allow":["GET"]}}],"collection":[{"href":"https:\/\/www.purejewels.com\/de\/wp-json\/wp\/v2\/product"}],"about":[{"href":"https:\/\/www.purejewels.com\/de\/wp-json\/wp\/v2\/types\/product"}],"replies":[{"embeddable":true,"href":"https:\/\/www.purejewels.com\/de\/wp-json\/wp\/v2\/comments?post=327820"}],"version-history":[{"count":1,"href":"https:\/\/www.purejewels.com\/de\/wp-json\/wp\/v2\/product\/327820\/revisions"}],"predecessor-version":[{"id":392647,"href":"https:\/\/www.purejewels.com\/de\/wp-json\/wp\/v2\/product\/327820\/revisions\/392647"}],"wp:featuredmedia":[{"embeddable":true,"href":"https:\/\/www.purejewels.com\/de\/wp-json\/wp\/v2\/media\/327821"}],"wp:attachment":[{"href":"https:\/\/www.purejewels.com\/de\/wp-json\/wp\/v2\/media?parent=327820"}],"wp:term":[{"taxonomy":"product_brand","embeddable":true,"href":"https:\/\/www.purejewels.com\/de\/wp-json\/wp\/v2\/product_brand?post=327820"},{"taxonomy":"product_cat","embeddable":true,"href":"https:\/\/www.purejewels.com\/de\/wp-json\/wp\/v2\/product_cat?post=327820"},{"taxonomy":"product_tag","embeddable":true,"href":"https:\/\/www.purejewels.com\/de\/wp-json\/wp\/v2\/product_tag?post=327820"}],"curies":[{"name":"wp","href":"https:\/\/api.w.org\/{rel}","templated":true}]}}