{"id":327823,"date":"2023-06-14T05:26:53","date_gmt":"2023-06-14T04:26:53","guid":{"rendered":"https:\/\/www.purejewels.com\/?post_type=product&#038;p=327823"},"modified":"2026-01-07T10:47:41","modified_gmt":"2026-01-07T10:47:41","slug":"mangalsutra-aus-22-karat-gold-2","status":"publish","type":"product","link":"https:\/\/www.purejewels.com\/de\/product\/22-carat-gold-mangalsutra\/","title":{"rendered":"22 Karat Gold Mangalsutra | 18,5 Zentimeter"},"content":{"rendered":"<p>Das Wort mangal bedeutet \"Wunsch\" und sutra ist ein Faden oder eine Schnur. Es wird von verheirateten Frauen in Indien als Symbol der Vereinigung zwischen Mann und Frau getragen. Diese Mangalsutra aus 22 Karat Gold ist die perfekte Mischung aus Eleganz und Raffinesse. Es ist ein wundersch\u00f6nes Kunstwerk, das jeden in Ehrfurcht versetzen wird! Warten Sie nicht, kaufen Sie es f\u00fcr Ihre Liebste noch heute! Bei PureJewels haben wir eine gro\u00dfe Auswahl an Mangalsutras aus 22 Karat Gold. Die Palette der Designs umfasst Mangalsutras f\u00fcr den t\u00e4glichen Verschlei\u00df als auch Anlass tragen.<\/p>","protected":false},"excerpt":{"rendered":"<ul>\n<li>22 Kara <span id=\"urn:enhancement-f3cda60\" class=\"textannotation\">Gold<\/span>\u00a0<span id=\"urn:enhancement-ca833d9f\" class=\"textannotation\">Mangalsutra<\/span><\/li>\n<li><span id=\"urn:enhancement-c29abd9a\" class=\"textannotation\">Gewicht<\/span>: 11.8 gms<\/li>\n<li><span id=\"urn:enhancement-dc1b0cec\" class=\"textannotation\">L\u00e4nge<\/span>\u00a0: 18.5\u00a0<span id=\"urn:enhancement-e813ddff\" class=\"textannotation\">Zoll<\/span><\/li>\n<li><span id=\"urn:enhancement-935c9453\" class=\"textannotation\">SKU<\/span>. 34708<\/li>\n<li>Alle\u00a0<span id=\"urn:enhancement-75b5942b\" class=\"textannotation\">Preise<\/span>\u00a0einschlie\u00dflich Mehrwertsteuer<\/li>\n<li>22ct\u00a0<span id=\"urn:enhancement-71285636\" class=\"textannotation\">Gold<\/span>\u00a0Gepunzt von London\u00a0<span id=\"urn:enhancement-824c7401\" class=\"textannotation\">Pr\u00fcfstelle<\/span><\/li>\n<li>Mit Pr\u00e4sentationsbox<\/li>\n<li><span id=\"urn:enhancement-e06c9b71\" class=\"textannotation\">Lieferung<\/span>\u00a0ist inbegriffen<\/li>\n<li>Live\u00a0<span id=\"urn:enhancement-60df707d\" class=\"textannotation\">Chat<\/span>\u00a0Verf\u00fcgbarkeit und weitere Bilder von \u00e4hnlichen Designs, die derzeit in\u00a0<span id=\"urn:enhancement-973de08f\" class=\"textannotation\">Aktie<\/span><\/li>\n<\/ul>","protected":false},"featured_media":353176,"comment_status":"closed","ping_status":"closed","template":"","meta":{"_eb_attr":"","_crsspst_to_jayantr4sg-hostcom":true},"product_brand":[],"product_cat":[1791,1559,1775,1793,1284,1573,1574],"product_tag":[1430],"class_list":{"0":"post-327823","1":"product","2":"type-product","3":"status-publish","4":"has-post-thumbnail","6":"product_cat-anniversary-gifts","7":"product_cat-birthday-gifts","8":"product_cat-daily-wear-mangalsutras","9":"product_cat-diwali-gifts","10":"product_cat-gold-mangalsutras","11":"product_cat-wedding-gifts","12":"product_cat-womens-jewellery","13":"product_tag-diwali-gift","15":"first","16":"outofstock","17":"taxable","18":"shipping-taxable","19":"product-type-simple","20":"add-to-wishlist-before_image"},"yoast_head":"<!-- This site is optimized with the Yoast SEO plugin v27.3 - https:\/\/yoast.com\/product\/yoast-seo-wordpress\/ -->\n<title>Buy this Classic Gold Managalsutra Chain at PureJewels UK.<\/title>\n<meta name=\"description\" content=\"Shop traditional mangalsutra at PureJewels. Buy this 22ct gold pretty Mangalsutra. Ideal for everyday use. Free Shipping with easy returns.\" \/>\n<meta name=\"robots\" content=\"index, follow, max-snippet:-1, max-image-preview:large, max-video-preview:-1\" \/>\n<link rel=\"canonical\" href=\"https:\/\/www.purejewels.com\/de\/produkt-2\/mangalsutra-aus-22-karat-gold-2\/\" \/>\n<meta property=\"og:locale\" content=\"de_DE\" \/>\n<meta property=\"og:type\" content=\"article\" \/>\n<meta property=\"og:title\" content=\"Buy this Classic Gold Managalsutra Chain at PureJewels UK.\" \/>\n<meta property=\"og:description\" content=\"Shop traditional mangalsutra at PureJewels. Buy this 22ct gold pretty Mangalsutra. Ideal for everyday use. Free Shipping with easy returns.\" \/>\n<meta property=\"og:url\" content=\"https:\/\/www.purejewels.com\/de\/produkt-2\/mangalsutra-aus-22-karat-gold-2\/\" \/>\n<meta property=\"og:site_name\" content=\"PureJewels UK\" \/>\n<meta property=\"article:modified_time\" content=\"2026-01-07T10:47:41+00:00\" \/>\n<meta property=\"og:image\" content=\"https:\/\/www.purejewels.com\/wp-content\/uploads\/2023\/06\/586.jpg\" \/>\n\t<meta property=\"og:image:width\" content=\"1000\" \/>\n\t<meta property=\"og:image:height\" content=\"1000\" \/>\n\t<meta property=\"og:image:type\" content=\"image\/jpeg\" \/>\n<meta name=\"twitter:card\" content=\"summary_large_image\" \/>\n<meta name=\"twitter:label1\" content=\"Gesch\u00e4tzte Lesezeit\" \/>\n\t<meta name=\"twitter:data1\" content=\"1\u00a0Minute\" \/>\n<script type=\"application\/ld+json\" class=\"yoast-schema-graph\">{\"@context\":\"https:\\\/\\\/schema.org\",\"@graph\":[{\"@type\":[\"WebPage\",\"ItemPage\"],\"@id\":\"https:\\\/\\\/www.purejewels.com\\\/product\\\/22-carat-gold-mangalsutra\\\/\",\"url\":\"https:\\\/\\\/www.purejewels.com\\\/product\\\/22-carat-gold-mangalsutra\\\/\",\"name\":\"Buy this Classic Gold Managalsutra Chain at PureJewels UK.\",\"isPartOf\":{\"@id\":\"https:\\\/\\\/www.purejewels.com\\\/#website\"},\"primaryImageOfPage\":{\"@id\":\"https:\\\/\\\/www.purejewels.com\\\/product\\\/22-carat-gold-mangalsutra\\\/#primaryimage\"},\"image\":{\"@id\":\"https:\\\/\\\/www.purejewels.com\\\/product\\\/22-carat-gold-mangalsutra\\\/#primaryimage\"},\"thumbnailUrl\":\"https:\\\/\\\/static.purejewels.com\\\/wp-content\\\/uploads\\\/2023\\\/06\\\/586.jpg\",\"datePublished\":\"2023-06-14T04:26:53+00:00\",\"dateModified\":\"2026-01-07T10:47:41+00:00\",\"description\":\"Shop traditional mangalsutra at PureJewels. Buy this 22ct gold pretty Mangalsutra. Ideal for everyday use. Free Shipping with easy returns.\",\"breadcrumb\":{\"@id\":\"https:\\\/\\\/www.purejewels.com\\\/product\\\/22-carat-gold-mangalsutra\\\/#breadcrumb\"},\"inLanguage\":\"de\",\"potentialAction\":[{\"@type\":\"ReadAction\",\"target\":[\"https:\\\/\\\/www.purejewels.com\\\/product\\\/22-carat-gold-mangalsutra\\\/\"]}]},{\"@type\":\"ImageObject\",\"inLanguage\":\"de\",\"@id\":\"https:\\\/\\\/www.purejewels.com\\\/product\\\/22-carat-gold-mangalsutra\\\/#primaryimage\",\"url\":\"https:\\\/\\\/static.purejewels.com\\\/wp-content\\\/uploads\\\/2023\\\/06\\\/586.jpg\",\"contentUrl\":\"https:\\\/\\\/static.purejewels.com\\\/wp-content\\\/uploads\\\/2023\\\/06\\\/586.jpg\",\"width\":1000,\"height\":1000,\"caption\":\"22ct Gold Mangalsutra\"},{\"@type\":\"BreadcrumbList\",\"@id\":\"https:\\\/\\\/www.purejewels.com\\\/product\\\/22-carat-gold-mangalsutra\\\/#breadcrumb\",\"itemListElement\":[{\"@type\":\"ListItem\",\"position\":1,\"name\":\"Home\",\"item\":\"https:\\\/\\\/www.purejewels.com\\\/\"},{\"@type\":\"ListItem\",\"position\":2,\"name\":\"Shop\",\"item\":\"https:\\\/\\\/www.purejewels.com\\\/shop\\\/\"},{\"@type\":\"ListItem\",\"position\":3,\"name\":\"22 Carat Gold Mangalsutra | 18.5 Inches\"}]},{\"@type\":\"WebSite\",\"@id\":\"https:\\\/\\\/www.purejewels.com\\\/#website\",\"url\":\"https:\\\/\\\/www.purejewels.com\\\/\",\"name\":\"PureJewels UK\",\"description\":\"Share the Love\",\"publisher\":{\"@id\":\"https:\\\/\\\/www.purejewels.com\\\/#organization\"},\"potentialAction\":[{\"@type\":\"SearchAction\",\"target\":{\"@type\":\"EntryPoint\",\"urlTemplate\":\"https:\\\/\\\/www.purejewels.com\\\/?s={search_term_string}\"},\"query-input\":{\"@type\":\"PropertyValueSpecification\",\"valueRequired\":true,\"valueName\":\"search_term_string\"}}],\"inLanguage\":\"de\"},{\"@type\":\"Organization\",\"@id\":\"https:\\\/\\\/www.purejewels.com\\\/#organization\",\"name\":\"PureJewels UK\",\"url\":\"https:\\\/\\\/www.purejewels.com\\\/\",\"logo\":{\"@type\":\"ImageObject\",\"inLanguage\":\"de\",\"@id\":\"https:\\\/\\\/www.purejewels.com\\\/#\\\/schema\\\/logo\\\/image\\\/\",\"url\":\"https:\\\/\\\/static.purejewels.com\\\/wp-content\\\/uploads\\\/2020\\\/11\\\/Logo-PJ-New-1.png\",\"contentUrl\":\"https:\\\/\\\/static.purejewels.com\\\/wp-content\\\/uploads\\\/2020\\\/11\\\/Logo-PJ-New-1.png\",\"width\":150,\"height\":80,\"caption\":\"PureJewels UK\"},\"image\":{\"@id\":\"https:\\\/\\\/www.purejewels.com\\\/#\\\/schema\\\/logo\\\/image\\\/\"}}]}<\/script>\n<!-- \/ Yoast SEO plugin. -->","yoast_head_json":{"title":"Kaufen Sie diese klassische Gold Managalsutra Kette bei PureJewels UK.","description":"Kaufen Sie traditionelle Mangalsutra bei PureJewels. Kaufen Sie diese 22ct Gold h\u00fcbsche Mangalsutra. Ideal f\u00fcr den t\u00e4glichen Gebrauch. Kostenloser Versand mit einfachen R\u00fccksendungen.","robots":{"index":"index","follow":"follow","max-snippet":"max-snippet:-1","max-image-preview":"max-image-preview:large","max-video-preview":"max-video-preview:-1"},"canonical":"https:\/\/www.purejewels.com\/de\/produkt-2\/mangalsutra-aus-22-karat-gold-2\/","og_locale":"de_DE","og_type":"article","og_title":"Buy this Classic Gold Managalsutra Chain at PureJewels UK.","og_description":"Shop traditional mangalsutra at PureJewels. Buy this 22ct gold pretty Mangalsutra. Ideal for everyday use. Free Shipping with easy returns.","og_url":"https:\/\/www.purejewels.com\/de\/produkt-2\/mangalsutra-aus-22-karat-gold-2\/","og_site_name":"PureJewels UK","article_modified_time":"2026-01-07T10:47:41+00:00","og_image":[{"width":1000,"height":1000,"url":"https:\/\/www.purejewels.com\/wp-content\/uploads\/2023\/06\/586.jpg","type":"image\/jpeg"}],"twitter_card":"summary_large_image","twitter_misc":{"Gesch\u00e4tzte Lesezeit":"1\u00a0Minute"},"schema":{"@context":"https:\/\/schema.org","@graph":[{"@type":["WebPage","ItemPage"],"@id":"https:\/\/www.purejewels.com\/product\/22-carat-gold-mangalsutra\/","url":"https:\/\/www.purejewels.com\/product\/22-carat-gold-mangalsutra\/","name":"Kaufen Sie diese klassische Gold Managalsutra Kette bei PureJewels UK.","isPartOf":{"@id":"https:\/\/www.purejewels.com\/#website"},"primaryImageOfPage":{"@id":"https:\/\/www.purejewels.com\/product\/22-carat-gold-mangalsutra\/#primaryimage"},"image":{"@id":"https:\/\/www.purejewels.com\/product\/22-carat-gold-mangalsutra\/#primaryimage"},"thumbnailUrl":"https:\/\/static.purejewels.com\/wp-content\/uploads\/2023\/06\/586.jpg","datePublished":"2023-06-14T04:26:53+00:00","dateModified":"2026-01-07T10:47:41+00:00","description":"Kaufen Sie traditionelle Mangalsutra bei PureJewels. Kaufen Sie diese 22ct Gold h\u00fcbsche Mangalsutra. Ideal f\u00fcr den t\u00e4glichen Gebrauch. Kostenloser Versand mit einfachen R\u00fccksendungen.","breadcrumb":{"@id":"https:\/\/www.purejewels.com\/product\/22-carat-gold-mangalsutra\/#breadcrumb"},"inLanguage":"de","potentialAction":[{"@type":"ReadAction","target":["https:\/\/www.purejewels.com\/product\/22-carat-gold-mangalsutra\/"]}]},{"@type":"ImageObject","inLanguage":"de","@id":"https:\/\/www.purejewels.com\/product\/22-carat-gold-mangalsutra\/#primaryimage","url":"https:\/\/static.purejewels.com\/wp-content\/uploads\/2023\/06\/586.jpg","contentUrl":"https:\/\/static.purejewels.com\/wp-content\/uploads\/2023\/06\/586.jpg","width":1000,"height":1000,"caption":"22ct Gold Mangalsutra"},{"@type":"BreadcrumbList","@id":"https:\/\/www.purejewels.com\/product\/22-carat-gold-mangalsutra\/#breadcrumb","itemListElement":[{"@type":"ListItem","position":1,"name":"Home","item":"https:\/\/www.purejewels.com\/"},{"@type":"ListItem","position":2,"name":"Shop","item":"https:\/\/www.purejewels.com\/shop\/"},{"@type":"ListItem","position":3,"name":"22 Carat Gold Mangalsutra | 18.5 Inches"}]},{"@type":"WebSite","@id":"https:\/\/www.purejewels.com\/#website","url":"https:\/\/www.purejewels.com\/","name":"PureJewels UK","description":"Teile die Liebe","publisher":{"@id":"https:\/\/www.purejewels.com\/#organization"},"potentialAction":[{"@type":"SearchAction","target":{"@type":"EntryPoint","urlTemplate":"https:\/\/www.purejewels.com\/?s={search_term_string}"},"query-input":{"@type":"PropertyValueSpecification","valueRequired":true,"valueName":"search_term_string"}}],"inLanguage":"de"},{"@type":"Organization","@id":"https:\/\/www.purejewels.com\/#organization","name":"PureJewels UK","url":"https:\/\/www.purejewels.com\/","logo":{"@type":"ImageObject","inLanguage":"de","@id":"https:\/\/www.purejewels.com\/#\/schema\/logo\/image\/","url":"https:\/\/static.purejewels.com\/wp-content\/uploads\/2020\/11\/Logo-PJ-New-1.png","contentUrl":"https:\/\/static.purejewels.com\/wp-content\/uploads\/2020\/11\/Logo-PJ-New-1.png","width":150,"height":80,"caption":"PureJewels UK"},"image":{"@id":"https:\/\/www.purejewels.com\/#\/schema\/logo\/image\/"}}]}},"_links":{"self":[{"href":"https:\/\/www.purejewels.com\/de\/wp-json\/wp\/v2\/product\/327823","targetHints":{"allow":["GET"]}}],"collection":[{"href":"https:\/\/www.purejewels.com\/de\/wp-json\/wp\/v2\/product"}],"about":[{"href":"https:\/\/www.purejewels.com\/de\/wp-json\/wp\/v2\/types\/product"}],"replies":[{"embeddable":true,"href":"https:\/\/www.purejewels.com\/de\/wp-json\/wp\/v2\/comments?post=327823"}],"version-history":[{"count":1,"href":"https:\/\/www.purejewels.com\/de\/wp-json\/wp\/v2\/product\/327823\/revisions"}],"predecessor-version":[{"id":392619,"href":"https:\/\/www.purejewels.com\/de\/wp-json\/wp\/v2\/product\/327823\/revisions\/392619"}],"wp:featuredmedia":[{"embeddable":true,"href":"https:\/\/www.purejewels.com\/de\/wp-json\/wp\/v2\/media\/353176"}],"wp:attachment":[{"href":"https:\/\/www.purejewels.com\/de\/wp-json\/wp\/v2\/media?parent=327823"}],"wp:term":[{"taxonomy":"product_brand","embeddable":true,"href":"https:\/\/www.purejewels.com\/de\/wp-json\/wp\/v2\/product_brand?post=327823"},{"taxonomy":"product_cat","embeddable":true,"href":"https:\/\/www.purejewels.com\/de\/wp-json\/wp\/v2\/product_cat?post=327823"},{"taxonomy":"product_tag","embeddable":true,"href":"https:\/\/www.purejewels.com\/de\/wp-json\/wp\/v2\/product_tag?post=327823"}],"curies":[{"name":"wp","href":"https:\/\/api.w.org\/{rel}","templated":true}]}}