{"id":327827,"date":"2025-01-15T07:43:24","date_gmt":"2025-01-15T07:43:24","guid":{"rendered":"https:\/\/www.purejewels.com\/?post_type=product&#038;p=327827"},"modified":"2026-01-06T08:07:50","modified_gmt":"2026-01-06T08:07:50","slug":"anhanger-aus-18-karat-gold","status":"publish","type":"product","link":"https:\/\/www.purejewels.com\/de\/product\/18-carat-gold-pendant\/","title":{"rendered":"18 Karat Gold-Anh\u00e4nger"},"content":{"rendered":"<h4 data-start=\"315\" data-end=\"340\"><strong data-start=\"320\" data-end=\"338\">Designkonzept<\/strong><\/h4>\n<p data-start=\"341\" data-end=\"726\">In Anlehnung an die PureJewels Designphilosophie der gehobenen Schlichtheit f\u00e4ngt dieser Anh\u00e4nger die delikate Balance zwischen zeitloser Sch\u00f6nheit und moderner Raffinesse ein. Das Herzst\u00fcck - ein brillanter 0,33-kar\u00e4tiger Diamant - ist in einen <a href=\"https:\/\/www.purejewels.com\/de\/product\/18ct-white-gold-khanda-sikh-religious-pendant-6226\/\">18ct<\/a> Goldfassung, die ruhige Raffinesse ausstrahlt. Ob geschenkt oder selbst ausgesucht, dieses Schmuckst\u00fcck wird ein Teil Ihrer Reise - als Symbol f\u00fcr Liebe, Licht und Verm\u00e4chtnis.<\/p>\n<h4 data-start=\"728\" data-end=\"752\"><strong data-start=\"733\" data-end=\"750\">Handwerkliches K\u00f6nnen<\/strong><\/h4>\n<p data-start=\"753\" data-end=\"1152\">Dieser Anh\u00e4nger wurde fachm\u00e4nnisch aus 18-kar\u00e4tigem Gold gefertigt und vom London Assay Office gestempelt. Er ist ein Zeugnis unserer Tradition in der Schmuckherstellung. Der Diamant ist sicher gefasst, um seine Brillanz zu maximieren, und jede Kante wird von Hand poliert, um ein glattes, luxuri\u00f6ses Finish zu erzielen. Hinter jeder Kreation stehen mehr als 50 Jahre Handwerkskunst. Dieses Schmuckst\u00fcck ist daf\u00fcr gemacht, getragen zu werden, gesch\u00e4tzt zu werden und in Erinnerung zu bleiben.<\/p>\n<h4 data-start=\"1154\" data-end=\"1178\"><strong data-start=\"1159\" data-end=\"1176\">Styling-Ideen<\/strong><\/h4>\n<ul>\n<li data-start=\"1181\" data-end=\"1298\">F\u00fcr allt\u00e4gliche Eleganz: Kombinieren Sie es mit einem feinen 18-kar\u00e4tigen <a href=\"https:\/\/www.purejewels.com\/de\/product\/22ct-gold-foxtail-chain-43297\/\">Goldkette<\/a> und tragen Sie es zu einem knackigen wei\u00dfen Hemd oder Strickwaren.<\/li>\n<li data-start=\"1301\" data-end=\"1421\">F\u00fcr besondere Momente: Mit einem tiefen Ausschnitt oder einem Seidensaree f\u00fcr dezenten Glamour auf der nackten Haut.<\/li>\n<li data-start=\"1424\" data-end=\"1540\">Mehrschichtiger Luxus: Kombinieren Sie ihn mit mehreren Anh\u00e4ngern oder Charms in verschiedenen L\u00e4ngen f\u00fcr einen modernen, kuratierten Look.<\/li>\n<\/ul>\n<p data-start=\"1542\" data-end=\"1763\">Dieser Anh\u00e4nger wird in unserer charakteristischen Schachtel pr\u00e4sentiert und ist eine exquisite Wahl f\u00fcr Geburtstage, Jahrestage oder festliche Anl\u00e4sse.<\/p>","protected":false},"excerpt":{"rendered":"<table class=\"sh_desc\">\n<tbody>\n<tr>\n<td>Typ des Anh\u00e4ngers<\/td>\n<td>Fancy Anh\u00e4nger<\/td>\n<\/tr>\n<tr>\n<td>SKU<\/td>\n<td>49779<\/td>\n<\/tr>\n<tr>\n<td>Diamant Wt.<\/td>\n<td>0,33ct<\/td>\n<\/tr>\n<tr>\n<td>Wahrzeichen<\/td>\n<td>18ct Gold gestempelt von London Assay Office<\/td>\n<\/tr>\n<tr>\n<td>Entgelte<\/td>\n<td>Lieferung und Mehrwertsteuer inbegriffen<\/td>\n<\/tr>\n<tr>\n<td>Verpackung<\/td>\n<td>Mit Pr\u00e4sentationsbox<\/td>\n<\/tr>\n<tr>\n<td>Mehr Informationen<\/td>\n<td>\n<ul>\n<li>Kette ist nicht enthalten<\/li>\n<li>Erkunden Sie unser<strong>\u00a0Kette<\/strong>\u00a0Sammlung<\/li>\n<li>Live-Chat mit uns f\u00fcr Verf\u00fcgbarkeit und mehr Bilder<\/li>\n<\/ul>\n<\/td>\n<\/tr>\n<\/tbody>\n<\/table>","protected":false},"featured_media":383967,"comment_status":"closed","ping_status":"closed","template":"","meta":{"_eb_attr":"","_crsspst_to_jayantr4sg-hostcom":false},"product_brand":[],"product_cat":[5679,5951,1791,1559,1794,5457,5459,1770,1570,1573,1574,5349],"product_tag":[5612],"class_list":{"0":"post-327827","1":"product","2":"type-product","3":"status-publish","4":"has-post-thumbnail","6":"product_cat-18ct-gold-jewellery","7":"product_cat-18ct-gold-pendant","8":"product_cat-anniversary-gifts","9":"product_cat-birthday-gifts","10":"product_cat-christmas-gifts","11":"product_cat-diamond-jewellery","12":"product_cat-diamond-pendant","13":"product_cat-fancy-pendants","14":"product_cat-mothers-day-gifts","15":"product_cat-wedding-gifts","16":"product_cat-womens-jewellery","17":"product_cat-yellow-gold-jewellery","18":"product_tag-diamond-pendant","20":"first","21":"instock","22":"taxable","23":"shipping-taxable","24":"purchasable","25":"product-type-simple","26":"add-to-wishlist-before_image"},"yoast_head":"<!-- This site is optimized with the Yoast SEO plugin v27.6 - https:\/\/yoast.com\/product\/yoast-seo-wordpress\/ -->\n<title>Order online Pendant In 18ct Gold | PureJewels UK<\/title>\n<meta name=\"description\" content=\"Shop exquisite 18ct Gold pendants online. Elevate your style with our stunning collection. Order now for timeless elegance and unmatched craftsmanship.\" \/>\n<meta name=\"robots\" content=\"index, follow, max-snippet:-1, max-image-preview:large, max-video-preview:-1\" \/>\n<link rel=\"canonical\" href=\"https:\/\/www.purejewels.com\/de\/produkt-2\/anhanger-aus-18-karat-gold\/\" \/>\n<meta property=\"og:locale\" content=\"de_DE\" \/>\n<meta property=\"og:type\" content=\"article\" \/>\n<meta property=\"og:title\" content=\"Order online Pendant In 18ct Gold | PureJewels UK\" \/>\n<meta property=\"og:description\" content=\"Shop exquisite 18ct Gold pendants online. Elevate your style with our stunning collection. Order now for timeless elegance and unmatched craftsmanship.\" \/>\n<meta property=\"og:url\" content=\"https:\/\/www.purejewels.com\/de\/produkt-2\/anhanger-aus-18-karat-gold\/\" \/>\n<meta property=\"og:site_name\" content=\"PureJewels UK\" \/>\n<meta property=\"article:modified_time\" content=\"2026-01-06T08:07:50+00:00\" \/>\n<meta property=\"og:image\" content=\"https:\/\/www.purejewels.com\/wp-content\/uploads\/2021\/10\/49779.png\" \/>\n\t<meta property=\"og:image:width\" content=\"1000\" \/>\n\t<meta property=\"og:image:height\" content=\"1000\" \/>\n\t<meta property=\"og:image:type\" content=\"image\/png\" \/>\n<meta name=\"twitter:card\" content=\"summary_large_image\" \/>\n<meta name=\"twitter:label1\" content=\"Gesch\u00e4tzte Lesezeit\" \/>\n\t<meta name=\"twitter:data1\" content=\"2\u00a0Minuten\" \/>\n<script type=\"application\/ld+json\" class=\"yoast-schema-graph\">{\"@context\":\"https:\\\/\\\/schema.org\",\"@graph\":[{\"@type\":[\"WebPage\",\"ItemPage\"],\"@id\":\"https:\\\/\\\/www.purejewels.com\\\/product\\\/18-carat-gold-pendant\\\/\",\"url\":\"https:\\\/\\\/www.purejewels.com\\\/product\\\/18-carat-gold-pendant\\\/\",\"name\":\"Order online Pendant In 18ct Gold | PureJewels UK\",\"isPartOf\":{\"@id\":\"https:\\\/\\\/www.purejewels.com\\\/#website\"},\"primaryImageOfPage\":{\"@id\":\"https:\\\/\\\/www.purejewels.com\\\/product\\\/18-carat-gold-pendant\\\/#primaryimage\"},\"image\":{\"@id\":\"https:\\\/\\\/www.purejewels.com\\\/product\\\/18-carat-gold-pendant\\\/#primaryimage\"},\"thumbnailUrl\":\"https:\\\/\\\/static.purejewels.com\\\/wp-content\\\/uploads\\\/2021\\\/10\\\/49779.png\",\"datePublished\":\"2025-01-15T07:43:24+00:00\",\"dateModified\":\"2026-01-06T08:07:50+00:00\",\"description\":\"Shop exquisite 18ct Gold pendants online. Elevate your style with our stunning collection. Order now for timeless elegance and unmatched craftsmanship.\",\"breadcrumb\":{\"@id\":\"https:\\\/\\\/www.purejewels.com\\\/product\\\/18-carat-gold-pendant\\\/#breadcrumb\"},\"inLanguage\":\"de\",\"potentialAction\":[{\"@type\":\"ReadAction\",\"target\":[\"https:\\\/\\\/www.purejewels.com\\\/product\\\/18-carat-gold-pendant\\\/\"]}]},{\"@type\":\"ImageObject\",\"inLanguage\":\"de\",\"@id\":\"https:\\\/\\\/www.purejewels.com\\\/product\\\/18-carat-gold-pendant\\\/#primaryimage\",\"url\":\"https:\\\/\\\/static.purejewels.com\\\/wp-content\\\/uploads\\\/2021\\\/10\\\/49779.png\",\"contentUrl\":\"https:\\\/\\\/static.purejewels.com\\\/wp-content\\\/uploads\\\/2021\\\/10\\\/49779.png\",\"width\":1000,\"height\":1000,\"caption\":\"18 Carat Gold Pendant\"},{\"@type\":\"BreadcrumbList\",\"@id\":\"https:\\\/\\\/www.purejewels.com\\\/product\\\/18-carat-gold-pendant\\\/#breadcrumb\",\"itemListElement\":[{\"@type\":\"ListItem\",\"position\":1,\"name\":\"Home\",\"item\":\"https:\\\/\\\/www.purejewels.com\\\/\"},{\"@type\":\"ListItem\",\"position\":2,\"name\":\"Shop\",\"item\":\"https:\\\/\\\/www.purejewels.com\\\/shop\\\/\"},{\"@type\":\"ListItem\",\"position\":3,\"name\":\"18 Carat Gold Pendant\"}]},{\"@type\":\"WebSite\",\"@id\":\"https:\\\/\\\/www.purejewels.com\\\/#website\",\"url\":\"https:\\\/\\\/www.purejewels.com\\\/\",\"name\":\"PureJewels UK\",\"description\":\"Share the Love\",\"publisher\":{\"@id\":\"https:\\\/\\\/www.purejewels.com\\\/#organization\"},\"potentialAction\":[{\"@type\":\"SearchAction\",\"target\":{\"@type\":\"EntryPoint\",\"urlTemplate\":\"https:\\\/\\\/www.purejewels.com\\\/?s={search_term_string}\"},\"query-input\":{\"@type\":\"PropertyValueSpecification\",\"valueRequired\":true,\"valueName\":\"search_term_string\"}}],\"inLanguage\":\"de\"},{\"@type\":\"Organization\",\"@id\":\"https:\\\/\\\/www.purejewels.com\\\/#organization\",\"name\":\"PureJewels UK\",\"url\":\"https:\\\/\\\/www.purejewels.com\\\/\",\"logo\":{\"@type\":\"ImageObject\",\"inLanguage\":\"de\",\"@id\":\"https:\\\/\\\/www.purejewels.com\\\/#\\\/schema\\\/logo\\\/image\\\/\",\"url\":\"https:\\\/\\\/static.purejewels.com\\\/wp-content\\\/uploads\\\/2020\\\/11\\\/Logo-PJ-New-1.png\",\"contentUrl\":\"https:\\\/\\\/static.purejewels.com\\\/wp-content\\\/uploads\\\/2020\\\/11\\\/Logo-PJ-New-1.png\",\"width\":150,\"height\":80,\"caption\":\"PureJewels UK\"},\"image\":{\"@id\":\"https:\\\/\\\/www.purejewels.com\\\/#\\\/schema\\\/logo\\\/image\\\/\"}}]}<\/script>\n<!-- \/ Yoast SEO plugin. -->","yoast_head_json":{"title":"Online bestellen Anh\u00e4nger in 18ct Gold | PureJewels UK","description":"Kaufen Sie exquisite Anh\u00e4nger aus 18 Karat Gold online. Erh\u00f6hen Sie Ihren Stil mit unserer atemberaubenden Kollektion. Bestellen Sie jetzt f\u00fcr zeitlose Eleganz und un\u00fcbertroffene Handwerkskunst.","robots":{"index":"index","follow":"follow","max-snippet":"max-snippet:-1","max-image-preview":"max-image-preview:large","max-video-preview":"max-video-preview:-1"},"canonical":"https:\/\/www.purejewels.com\/de\/produkt-2\/anhanger-aus-18-karat-gold\/","og_locale":"de_DE","og_type":"article","og_title":"Order online Pendant In 18ct Gold | PureJewels UK","og_description":"Shop exquisite 18ct Gold pendants online. Elevate your style with our stunning collection. Order now for timeless elegance and unmatched craftsmanship.","og_url":"https:\/\/www.purejewels.com\/de\/produkt-2\/anhanger-aus-18-karat-gold\/","og_site_name":"PureJewels UK","article_modified_time":"2026-01-06T08:07:50+00:00","og_image":[{"width":1000,"height":1000,"url":"https:\/\/www.purejewels.com\/wp-content\/uploads\/2021\/10\/49779.png","type":"image\/png"}],"twitter_card":"summary_large_image","twitter_misc":{"Gesch\u00e4tzte Lesezeit":"2\u00a0Minuten"},"schema":{"@context":"https:\/\/schema.org","@graph":[{"@type":["WebPage","ItemPage"],"@id":"https:\/\/www.purejewels.com\/product\/18-carat-gold-pendant\/","url":"https:\/\/www.purejewels.com\/product\/18-carat-gold-pendant\/","name":"Online bestellen Anh\u00e4nger in 18ct Gold | PureJewels UK","isPartOf":{"@id":"https:\/\/www.purejewels.com\/#website"},"primaryImageOfPage":{"@id":"https:\/\/www.purejewels.com\/product\/18-carat-gold-pendant\/#primaryimage"},"image":{"@id":"https:\/\/www.purejewels.com\/product\/18-carat-gold-pendant\/#primaryimage"},"thumbnailUrl":"https:\/\/static.purejewels.com\/wp-content\/uploads\/2021\/10\/49779.png","datePublished":"2025-01-15T07:43:24+00:00","dateModified":"2026-01-06T08:07:50+00:00","description":"Kaufen Sie exquisite Anh\u00e4nger aus 18 Karat Gold online. Erh\u00f6hen Sie Ihren Stil mit unserer atemberaubenden Kollektion. Bestellen Sie jetzt f\u00fcr zeitlose Eleganz und un\u00fcbertroffene Handwerkskunst.","breadcrumb":{"@id":"https:\/\/www.purejewels.com\/product\/18-carat-gold-pendant\/#breadcrumb"},"inLanguage":"de","potentialAction":[{"@type":"ReadAction","target":["https:\/\/www.purejewels.com\/product\/18-carat-gold-pendant\/"]}]},{"@type":"ImageObject","inLanguage":"de","@id":"https:\/\/www.purejewels.com\/product\/18-carat-gold-pendant\/#primaryimage","url":"https:\/\/static.purejewels.com\/wp-content\/uploads\/2021\/10\/49779.png","contentUrl":"https:\/\/static.purejewels.com\/wp-content\/uploads\/2021\/10\/49779.png","width":1000,"height":1000,"caption":"18 Carat Gold Pendant"},{"@type":"BreadcrumbList","@id":"https:\/\/www.purejewels.com\/product\/18-carat-gold-pendant\/#breadcrumb","itemListElement":[{"@type":"ListItem","position":1,"name":"Home","item":"https:\/\/www.purejewels.com\/"},{"@type":"ListItem","position":2,"name":"Shop","item":"https:\/\/www.purejewels.com\/shop\/"},{"@type":"ListItem","position":3,"name":"18 Carat Gold Pendant"}]},{"@type":"WebSite","@id":"https:\/\/www.purejewels.com\/#website","url":"https:\/\/www.purejewels.com\/","name":"PureJewels UK","description":"Teile die Liebe","publisher":{"@id":"https:\/\/www.purejewels.com\/#organization"},"potentialAction":[{"@type":"SearchAction","target":{"@type":"EntryPoint","urlTemplate":"https:\/\/www.purejewels.com\/?s={search_term_string}"},"query-input":{"@type":"PropertyValueSpecification","valueRequired":true,"valueName":"search_term_string"}}],"inLanguage":"de"},{"@type":"Organization","@id":"https:\/\/www.purejewels.com\/#organization","name":"PureJewels UK","url":"https:\/\/www.purejewels.com\/","logo":{"@type":"ImageObject","inLanguage":"de","@id":"https:\/\/www.purejewels.com\/#\/schema\/logo\/image\/","url":"https:\/\/static.purejewels.com\/wp-content\/uploads\/2020\/11\/Logo-PJ-New-1.png","contentUrl":"https:\/\/static.purejewels.com\/wp-content\/uploads\/2020\/11\/Logo-PJ-New-1.png","width":150,"height":80,"caption":"PureJewels UK"},"image":{"@id":"https:\/\/www.purejewels.com\/#\/schema\/logo\/image\/"}}]}},"_links":{"self":[{"href":"https:\/\/www.purejewels.com\/de\/wp-json\/wp\/v2\/product\/327827","targetHints":{"allow":["GET"]}}],"collection":[{"href":"https:\/\/www.purejewels.com\/de\/wp-json\/wp\/v2\/product"}],"about":[{"href":"https:\/\/www.purejewels.com\/de\/wp-json\/wp\/v2\/types\/product"}],"replies":[{"embeddable":true,"href":"https:\/\/www.purejewels.com\/de\/wp-json\/wp\/v2\/comments?post=327827"}],"version-history":[{"count":4,"href":"https:\/\/www.purejewels.com\/de\/wp-json\/wp\/v2\/product\/327827\/revisions"}],"predecessor-version":[{"id":420712,"href":"https:\/\/www.purejewels.com\/de\/wp-json\/wp\/v2\/product\/327827\/revisions\/420712"}],"wp:featuredmedia":[{"embeddable":true,"href":"https:\/\/www.purejewels.com\/de\/wp-json\/wp\/v2\/media\/383967"}],"wp:attachment":[{"href":"https:\/\/www.purejewels.com\/de\/wp-json\/wp\/v2\/media?parent=327827"}],"wp:term":[{"taxonomy":"product_brand","embeddable":true,"href":"https:\/\/www.purejewels.com\/de\/wp-json\/wp\/v2\/product_brand?post=327827"},{"taxonomy":"product_cat","embeddable":true,"href":"https:\/\/www.purejewels.com\/de\/wp-json\/wp\/v2\/product_cat?post=327827"},{"taxonomy":"product_tag","embeddable":true,"href":"https:\/\/www.purejewels.com\/de\/wp-json\/wp\/v2\/product_tag?post=327827"}],"curies":[{"name":"wp","href":"https:\/\/api.w.org\/{rel}","templated":true}]}}