{"id":328207,"date":"2021-11-09T06:03:47","date_gmt":"2021-11-09T06:03:47","guid":{"rendered":"https:\/\/www.purejewels.com\/?post_type=product&#038;p=328207"},"modified":"2026-01-10T16:14:35","modified_gmt":"2026-01-10T16:14:35","slug":"22-karat-gold-einfaches-kada-40561","status":"publish","type":"product","link":"https:\/\/www.purejewels.com\/de\/product\/22ct-gold-single-kada-40561\/","title":{"rendered":"22ct Gold Single Kada | Jali Collection | 2.4 | Mittelgewicht"},"content":{"rendered":"<p>Der Name Bangle leitet sich von dem Wort \"Bungri\" ab, was Glas bedeutet. Es wird angenommen, dass Glas <a href=\"https:\/\/www.purejewels.com\/de\/how-to-measure-bangle-size-2\/\">Armreifen<\/a> neigen dazu, Sicherheit und Gl\u00fcck in das Leben zu bringen. Armreifen werden in einer Vielzahl von Designs und Stilen hergestellt, von denen jeder eine eigene Bedeutung und traditionelle Wichtigkeit hat. W\u00e4hrend der alten Zeiten <a href=\"https:\/\/www.purejewels.com\/de\/product\/gold-mens-kada-48928\/\">Goldkadaver f\u00fcr M\u00e4nner<\/a> wurde auch zusammen mit <a href=\"https:\/\/www.purejewels.com\/de\/product\/indian-gold-bangles-uk\/\">Goldkadaver f\u00fcr Frauen<\/a>. Je nach Anlass werden sie manchmal \u00fcbereinander gelegt und manchmal unabh\u00e4ngig voneinander in beiden H\u00e4nden getragen.<\/p>\n<p>Diese Gold <a href=\"https:\/\/www.purejewels.com\/de\/product\/22ct-gold-bangles-27134\/\">Kadaver-Armreifen<\/a> sind gewagt, sch\u00f6n und perfekt f\u00fcr die Hochzeitssaison. Diese Aussage <a href=\"https:\/\/www.purejewels.com\/de\/product-category\/22ct-gold-jewellery\/\">22 Karat<\/a> Die Armreifen sind sehr detailliert und beginnen mit gepr\u00e4gten Texturen, die mit handgefertigten Miniatur-Rawas erzielt werden, die in floralen Mustern auf der gesamten Oberfl\u00e4che platziert wurden. Die <strong>Gold-Armreif<\/strong> wird durch etwas gr\u00f6\u00dfere Kugeln erg\u00e4nzt, die mit feinen Miniaturkugeln detailliert wurden, wodurch sie majest\u00e4tisch wirken.<\/p>\n<p>Perfekt f\u00fcr die Braut, um sie zusammen mit dem Rest ihres Brautschmucks zu stylen und aufgrund ihrer Vielseitigkeit k\u00f6nnen sie sogar nach den Hochzeitstagen getragen werden, indem man sie unabh\u00e4ngig mit seiner indischen Kleidung stylt und die Festlichkeiten weitergehen l\u00e4sst. Nicht nur diese k\u00f6nnen Sie mehr von solchen Stilen zu schm\u00fccken und Stil selbst mit auf unserer Website zu finden.<\/p>","protected":false},"excerpt":{"rendered":"<table class=\"sh_desc\">\n<tbody>\n<tr>\n<td>Art des Armreifs<\/td>\n<td>Brautmode Kada<\/td>\n<\/tr>\n<tr>\n<td>SKU<\/td>\n<td>40561<\/td>\n<\/tr>\n<tr>\n<td>Gewicht<\/td>\n<td>13,7 Gramm<\/td>\n<\/tr>\n<tr>\n<td>Metall<\/td>\n<td>22ct Gold<\/td>\n<\/tr>\n<tr>\n<td>Armreif Gr\u00f6\u00dfe<\/td>\n<td>2.4 (Weitere Gr\u00f6\u00dfen bitte anfragen)<\/td>\n<\/tr>\n<tr>\n<td>Wahrzeichen<\/td>\n<td>22ct Gold gestempelt von London Assay Office<\/td>\n<\/tr>\n<tr>\n<td>Entgelte<\/td>\n<td>Lieferung und Mehrwertsteuer inbegriffen<\/td>\n<\/tr>\n<tr>\n<td>Verpackung<\/td>\n<td>Mit Pr\u00e4sentationsbox<\/td>\n<\/tr>\n<tr>\n<td>Mehr Informationen<\/td>\n<td>\n<ul>\n<li>Hinweis: Der hier angegebene Preis gilt f\u00fcr eine einzelne Kada<\/li>\n<li>Live-Chat mit uns f\u00fcr Verf\u00fcgbarkeit und mehr Bilder<\/li>\n<\/ul>\n<\/td>\n<\/tr>\n<\/tbody>\n<\/table>","protected":false},"featured_media":312468,"comment_status":"closed","ping_status":"closed","template":"","meta":{"_eb_attr":"","_crsspst_to_jayantr4sg-hostcom":true},"product_brand":[],"product_cat":[1791,236,1233,1229,252,1657,1573,1574],"product_tag":[],"class_list":{"0":"post-328207","1":"product","2":"type-product","3":"status-publish","4":"has-post-thumbnail","6":"product_cat-anniversary-gifts","7":"product_cat-collections","8":"product_cat-gold-bangles","9":"product_cat-22ct-gold-jewellery","10":"product_cat-jali-collections","11":"product_cat-single-bangle","12":"product_cat-wedding-gifts","13":"product_cat-womens-jewellery","15":"first","16":"outofstock","17":"taxable","18":"shipping-taxable","19":"product-type-simple","20":"add-to-wishlist-before_image"},"yoast_head":"<!-- This site is optimized with the Yoast SEO plugin v27.3 - https:\/\/yoast.com\/product\/yoast-seo-wordpress\/ -->\n<title>Bridal wear Bangle | Gold Bangles | PureJewels<\/title>\n<meta name=\"description\" content=\"Explore wide range of Gold Bangles at PureJewles UK. Free delivery across UK. Easy returns. Explore more on https:\/\/www.purejewels.com\/\" \/>\n<meta name=\"robots\" content=\"index, follow, max-snippet:-1, max-image-preview:large, max-video-preview:-1\" \/>\n<link rel=\"canonical\" href=\"https:\/\/www.purejewels.com\/de\/produkt-2\/22-karat-gold-einfaches-kada-40561\/\" \/>\n<meta property=\"og:locale\" content=\"de_DE\" \/>\n<meta property=\"og:type\" content=\"article\" \/>\n<meta property=\"og:title\" content=\"Bridal wear Bangle | Gold Bangles | PureJewels\" \/>\n<meta property=\"og:description\" content=\"Explore wide range of Gold Bangles at PureJewles UK. Free delivery across UK. Easy returns. Explore more on https:\/\/www.purejewels.com\/\" \/>\n<meta property=\"og:url\" content=\"https:\/\/www.purejewels.com\/de\/produkt-2\/22-karat-gold-einfaches-kada-40561\/\" \/>\n<meta property=\"og:site_name\" content=\"PureJewels UK\" \/>\n<meta property=\"article:modified_time\" content=\"2026-01-10T16:14:35+00:00\" \/>\n<meta property=\"og:image\" content=\"https:\/\/www.purejewels.com\/wp-content\/uploads\/2020\/01\/32346_32348.jpg\" \/>\n\t<meta property=\"og:image:width\" content=\"1000\" \/>\n\t<meta property=\"og:image:height\" content=\"1000\" \/>\n\t<meta property=\"og:image:type\" content=\"image\/jpeg\" \/>\n<meta name=\"twitter:card\" content=\"summary_large_image\" \/>\n<meta name=\"twitter:label1\" content=\"Gesch\u00e4tzte Lesezeit\" \/>\n\t<meta name=\"twitter:data1\" content=\"1\u00a0Minute\" \/>\n<script type=\"application\/ld+json\" class=\"yoast-schema-graph\">{\"@context\":\"https:\\\/\\\/schema.org\",\"@graph\":[{\"@type\":[\"WebPage\",\"ItemPage\"],\"@id\":\"https:\\\/\\\/www.purejewels.com\\\/product\\\/22ct-gold-single-kada-40561\\\/\",\"url\":\"https:\\\/\\\/www.purejewels.com\\\/product\\\/22ct-gold-single-kada-40561\\\/\",\"name\":\"Bridal wear Bangle | Gold Bangles | PureJewels\",\"isPartOf\":{\"@id\":\"https:\\\/\\\/www.purejewels.com\\\/#website\"},\"primaryImageOfPage\":{\"@id\":\"https:\\\/\\\/www.purejewels.com\\\/product\\\/22ct-gold-single-kada-40561\\\/#primaryimage\"},\"image\":{\"@id\":\"https:\\\/\\\/www.purejewels.com\\\/product\\\/22ct-gold-single-kada-40561\\\/#primaryimage\"},\"thumbnailUrl\":\"https:\\\/\\\/static.purejewels.com\\\/wp-content\\\/uploads\\\/2020\\\/01\\\/32346_32348.jpg\",\"datePublished\":\"2021-11-09T06:03:47+00:00\",\"dateModified\":\"2026-01-10T16:14:35+00:00\",\"description\":\"Explore wide range of Gold Bangles at PureJewles UK. Free delivery across UK. Easy returns. Explore more on https:\\\/\\\/www.purejewels.com\\\/\",\"breadcrumb\":{\"@id\":\"https:\\\/\\\/www.purejewels.com\\\/product\\\/22ct-gold-single-kada-40561\\\/#breadcrumb\"},\"inLanguage\":\"de\",\"potentialAction\":[{\"@type\":\"ReadAction\",\"target\":[\"https:\\\/\\\/www.purejewels.com\\\/product\\\/22ct-gold-single-kada-40561\\\/\"]}]},{\"@type\":\"ImageObject\",\"inLanguage\":\"de\",\"@id\":\"https:\\\/\\\/www.purejewels.com\\\/product\\\/22ct-gold-single-kada-40561\\\/#primaryimage\",\"url\":\"https:\\\/\\\/static.purejewels.com\\\/wp-content\\\/uploads\\\/2020\\\/01\\\/32346_32348.jpg\",\"contentUrl\":\"https:\\\/\\\/static.purejewels.com\\\/wp-content\\\/uploads\\\/2020\\\/01\\\/32346_32348.jpg\",\"width\":1000,\"height\":1000,\"caption\":\"32346_32348\"},{\"@type\":\"BreadcrumbList\",\"@id\":\"https:\\\/\\\/www.purejewels.com\\\/product\\\/22ct-gold-single-kada-40561\\\/#breadcrumb\",\"itemListElement\":[{\"@type\":\"ListItem\",\"position\":1,\"name\":\"Home\",\"item\":\"https:\\\/\\\/www.purejewels.com\\\/\"},{\"@type\":\"ListItem\",\"position\":2,\"name\":\"Shop\",\"item\":\"https:\\\/\\\/www.purejewels.com\\\/shop\\\/\"},{\"@type\":\"ListItem\",\"position\":3,\"name\":\"22ct Gold Single Kada | Jali Collection | 2.4 | Mediumweight\"}]},{\"@type\":\"WebSite\",\"@id\":\"https:\\\/\\\/www.purejewels.com\\\/#website\",\"url\":\"https:\\\/\\\/www.purejewels.com\\\/\",\"name\":\"PureJewels UK\",\"description\":\"Share the Love\",\"publisher\":{\"@id\":\"https:\\\/\\\/www.purejewels.com\\\/#organization\"},\"potentialAction\":[{\"@type\":\"SearchAction\",\"target\":{\"@type\":\"EntryPoint\",\"urlTemplate\":\"https:\\\/\\\/www.purejewels.com\\\/?s={search_term_string}\"},\"query-input\":{\"@type\":\"PropertyValueSpecification\",\"valueRequired\":true,\"valueName\":\"search_term_string\"}}],\"inLanguage\":\"de\"},{\"@type\":\"Organization\",\"@id\":\"https:\\\/\\\/www.purejewels.com\\\/#organization\",\"name\":\"PureJewels UK\",\"url\":\"https:\\\/\\\/www.purejewels.com\\\/\",\"logo\":{\"@type\":\"ImageObject\",\"inLanguage\":\"de\",\"@id\":\"https:\\\/\\\/www.purejewels.com\\\/#\\\/schema\\\/logo\\\/image\\\/\",\"url\":\"https:\\\/\\\/static.purejewels.com\\\/wp-content\\\/uploads\\\/2020\\\/11\\\/Logo-PJ-New-1.png\",\"contentUrl\":\"https:\\\/\\\/static.purejewels.com\\\/wp-content\\\/uploads\\\/2020\\\/11\\\/Logo-PJ-New-1.png\",\"width\":150,\"height\":80,\"caption\":\"PureJewels UK\"},\"image\":{\"@id\":\"https:\\\/\\\/www.purejewels.com\\\/#\\\/schema\\\/logo\\\/image\\\/\"}}]}<\/script>\n<!-- \/ Yoast SEO plugin. -->","yoast_head_json":{"title":"Brautmode Armreif | Gold Armreifen | PureJewels","description":"Entdecken Sie eine gro\u00dfe Auswahl an Gold Bangles bei PureJewles UK. Kostenlose Lieferung in ganz Gro\u00dfbritannien. Einfache R\u00fcckgabe. Entdecken Sie mehr auf https:\/\/www.purejewels.com\/","robots":{"index":"index","follow":"follow","max-snippet":"max-snippet:-1","max-image-preview":"max-image-preview:large","max-video-preview":"max-video-preview:-1"},"canonical":"https:\/\/www.purejewels.com\/de\/produkt-2\/22-karat-gold-einfaches-kada-40561\/","og_locale":"de_DE","og_type":"article","og_title":"Bridal wear Bangle | Gold Bangles | PureJewels","og_description":"Explore wide range of Gold Bangles at PureJewles UK. Free delivery across UK. Easy returns. Explore more on https:\/\/www.purejewels.com\/","og_url":"https:\/\/www.purejewels.com\/de\/produkt-2\/22-karat-gold-einfaches-kada-40561\/","og_site_name":"PureJewels UK","article_modified_time":"2026-01-10T16:14:35+00:00","og_image":[{"width":1000,"height":1000,"url":"https:\/\/www.purejewels.com\/wp-content\/uploads\/2020\/01\/32346_32348.jpg","type":"image\/jpeg"}],"twitter_card":"summary_large_image","twitter_misc":{"Gesch\u00e4tzte Lesezeit":"1\u00a0Minute"},"schema":{"@context":"https:\/\/schema.org","@graph":[{"@type":["WebPage","ItemPage"],"@id":"https:\/\/www.purejewels.com\/product\/22ct-gold-single-kada-40561\/","url":"https:\/\/www.purejewels.com\/product\/22ct-gold-single-kada-40561\/","name":"Brautmode Armreif | Gold Armreifen | PureJewels","isPartOf":{"@id":"https:\/\/www.purejewels.com\/#website"},"primaryImageOfPage":{"@id":"https:\/\/www.purejewels.com\/product\/22ct-gold-single-kada-40561\/#primaryimage"},"image":{"@id":"https:\/\/www.purejewels.com\/product\/22ct-gold-single-kada-40561\/#primaryimage"},"thumbnailUrl":"https:\/\/static.purejewels.com\/wp-content\/uploads\/2020\/01\/32346_32348.jpg","datePublished":"2021-11-09T06:03:47+00:00","dateModified":"2026-01-10T16:14:35+00:00","description":"Entdecken Sie eine gro\u00dfe Auswahl an Gold Bangles bei PureJewles UK. Kostenlose Lieferung in ganz Gro\u00dfbritannien. Einfache R\u00fcckgabe. Entdecken Sie mehr auf https:\/\/www.purejewels.com\/","breadcrumb":{"@id":"https:\/\/www.purejewels.com\/product\/22ct-gold-single-kada-40561\/#breadcrumb"},"inLanguage":"de","potentialAction":[{"@type":"ReadAction","target":["https:\/\/www.purejewels.com\/product\/22ct-gold-single-kada-40561\/"]}]},{"@type":"ImageObject","inLanguage":"de","@id":"https:\/\/www.purejewels.com\/product\/22ct-gold-single-kada-40561\/#primaryimage","url":"https:\/\/static.purejewels.com\/wp-content\/uploads\/2020\/01\/32346_32348.jpg","contentUrl":"https:\/\/static.purejewels.com\/wp-content\/uploads\/2020\/01\/32346_32348.jpg","width":1000,"height":1000,"caption":"32346_32348"},{"@type":"BreadcrumbList","@id":"https:\/\/www.purejewels.com\/product\/22ct-gold-single-kada-40561\/#breadcrumb","itemListElement":[{"@type":"ListItem","position":1,"name":"Home","item":"https:\/\/www.purejewels.com\/"},{"@type":"ListItem","position":2,"name":"Shop","item":"https:\/\/www.purejewels.com\/shop\/"},{"@type":"ListItem","position":3,"name":"22ct Gold Single Kada | Jali Collection | 2.4 | Mediumweight"}]},{"@type":"WebSite","@id":"https:\/\/www.purejewels.com\/#website","url":"https:\/\/www.purejewels.com\/","name":"PureJewels UK","description":"Teile die Liebe","publisher":{"@id":"https:\/\/www.purejewels.com\/#organization"},"potentialAction":[{"@type":"SearchAction","target":{"@type":"EntryPoint","urlTemplate":"https:\/\/www.purejewels.com\/?s={search_term_string}"},"query-input":{"@type":"PropertyValueSpecification","valueRequired":true,"valueName":"search_term_string"}}],"inLanguage":"de"},{"@type":"Organization","@id":"https:\/\/www.purejewels.com\/#organization","name":"PureJewels UK","url":"https:\/\/www.purejewels.com\/","logo":{"@type":"ImageObject","inLanguage":"de","@id":"https:\/\/www.purejewels.com\/#\/schema\/logo\/image\/","url":"https:\/\/static.purejewels.com\/wp-content\/uploads\/2020\/11\/Logo-PJ-New-1.png","contentUrl":"https:\/\/static.purejewels.com\/wp-content\/uploads\/2020\/11\/Logo-PJ-New-1.png","width":150,"height":80,"caption":"PureJewels UK"},"image":{"@id":"https:\/\/www.purejewels.com\/#\/schema\/logo\/image\/"}}]}},"_links":{"self":[{"href":"https:\/\/www.purejewels.com\/de\/wp-json\/wp\/v2\/product\/328207","targetHints":{"allow":["GET"]}}],"collection":[{"href":"https:\/\/www.purejewels.com\/de\/wp-json\/wp\/v2\/product"}],"about":[{"href":"https:\/\/www.purejewels.com\/de\/wp-json\/wp\/v2\/types\/product"}],"replies":[{"embeddable":true,"href":"https:\/\/www.purejewels.com\/de\/wp-json\/wp\/v2\/comments?post=328207"}],"version-history":[{"count":1,"href":"https:\/\/www.purejewels.com\/de\/wp-json\/wp\/v2\/product\/328207\/revisions"}],"predecessor-version":[{"id":385647,"href":"https:\/\/www.purejewels.com\/de\/wp-json\/wp\/v2\/product\/328207\/revisions\/385647"}],"wp:featuredmedia":[{"embeddable":true,"href":"https:\/\/www.purejewels.com\/de\/wp-json\/wp\/v2\/media\/312468"}],"wp:attachment":[{"href":"https:\/\/www.purejewels.com\/de\/wp-json\/wp\/v2\/media?parent=328207"}],"wp:term":[{"taxonomy":"product_brand","embeddable":true,"href":"https:\/\/www.purejewels.com\/de\/wp-json\/wp\/v2\/product_brand?post=328207"},{"taxonomy":"product_cat","embeddable":true,"href":"https:\/\/www.purejewels.com\/de\/wp-json\/wp\/v2\/product_cat?post=328207"},{"taxonomy":"product_tag","embeddable":true,"href":"https:\/\/www.purejewels.com\/de\/wp-json\/wp\/v2\/product_tag?post=328207"}],"curies":[{"name":"wp","href":"https:\/\/api.w.org\/{rel}","templated":true}]}}