{"id":328348,"date":"2021-11-11T06:30:12","date_gmt":"2021-11-11T06:30:12","guid":{"rendered":"https:\/\/www.purejewels.com\/?post_type=product&#038;p=328348"},"modified":"2026-01-06T07:29:56","modified_gmt":"2026-01-06T07:29:56","slug":"gold-krishna-anhanger","status":"publish","type":"product","link":"https:\/\/www.purejewels.com\/de\/product\/gold-krishna-pendant\/","title":{"rendered":"Gold-Krishna-Anh\u00e4nger"},"content":{"rendered":"<p>Radha und Krishna sind Gottheiten aus der hinduistischen Mythologie und werden seit Jahrhunderten von Millionen Menschen verehrt. Lord Krishna wird als der Gott der Liebe, der Z\u00e4rtlichkeit und des Mitgef\u00fchls verehrt. Lord Krishna wird von Millionen geliebt, und seine Verehrer nennen ihn mit vielen Namen wie Govinda, Govind, Hari Gopal, Grahil, Gwala und mehr. Diese Liebe und dieser Glaube sind nicht nur auf Menschen beschr\u00e4nkt, die in Indien leben oder insbesondere auf Hindus, die ausgewandert sind, sondern auch auf Menschen mit verschiedenen Glaubensrichtungen und Nationalit\u00e4ten rund um den Globus.<\/p>\n<p>Diese <a href=\"https:\/\/www.purejewels.com\/de\/product\/lord-sri-krishna-gold-pendant-2\/\">Krishna Gold-Anh\u00e4nger<\/a> Design von Purejewels ist daher eine Hommage an ihre Anh\u00e4nger und wurde in wundersch\u00f6ner Handarbeit aus 22K Gelbgold gefertigt. Der Anh\u00e4nger wurde von Hand in das Gold mit Miniatur-Details alle durchweg geschnitzt. Dieser aufwendig gearbeitete Anh\u00e4nger wurde mit einem handgemalten und emaillierten Mittelst\u00fcck veredelt. Das Mittelst\u00fcck hat ein Portr\u00e4t von Lord Krishna, die heiter aussieht.<\/p>\n<p>Dieser Anh\u00e4nger ist eine Ode an die Verehrer von Lord Krishna. Er wurde in \u00e4sthetischer Handarbeit gefertigt, ohne seine religi\u00f6se Originalit\u00e4t zu verlieren, und eignet sich perfekt, um ein Zeichen zu setzen und gleichzeitig Ihren Glauben im Herzen zu bewahren.<\/p>","protected":false},"excerpt":{"rendered":"<ul>\n<li>Lord Sri Krishna Gold-Anh\u00e4nger<\/li>\n<li>Aus 22 kt indischem Gelbgold<\/li>\n<li>Gewicht. 6,3 Gramm<\/li>\n<li>SKU. 9660<\/li>\n<li>Kette nicht enthalten<\/li>\n<li>Die auf dem Bild gezeigte Kette ist eine <strong>Box-Kette<\/strong><\/li>\n<li>Alle unsere Produkte sind vom London Assay Office gestempelt.<\/li>\n<li>Mit Pr\u00e4sentationsbox<\/li>\n<li>Lieferung inbegriffen<\/li>\n<li>Alle Preise inklusive Mehrwertsteuer<\/li>\n<li>Live-Chat mit uns f\u00fcr die Verf\u00fcgbarkeit und mehr Bilder von Hindu Religi\u00f6se Anh\u00e4nger derzeit auf Lager<\/li>\n<\/ul>","protected":false},"featured_media":328349,"comment_status":"closed","ping_status":"closed","template":"","meta":{"_eb_attr":"","_crsspst_to_jayantr4sg-hostcom":true},"product_brand":[],"product_cat":[1571,1255,1767,1572,1768,1570,1701,1574],"product_tag":[],"class_list":{"0":"post-328348","1":"product","2":"type-product","3":"status-publish","4":"has-post-thumbnail","6":"product_cat-fathers-day-gifts","7":"product_cat-gold-pendants","8":"product_cat-ladies-pendants","9":"product_cat-mens-jewellery","10":"product_cat-mens-pendants","11":"product_cat-mothers-day-gifts","12":"product_cat-religious-pendants","13":"product_cat-womens-jewellery","15":"first","16":"outofstock","17":"taxable","18":"shipping-taxable","19":"product-type-simple","20":"add-to-wishlist-before_image"},"yoast_head":"<!-- This site is optimized with the Yoast SEO plugin v27.5 - https:\/\/yoast.com\/product\/yoast-seo-wordpress\/ -->\n<title>Gold Krishna Pendant - PureJewels UK<\/title>\n<meta name=\"robots\" content=\"index, follow, max-snippet:-1, max-image-preview:large, max-video-preview:-1\" \/>\n<link rel=\"canonical\" href=\"https:\/\/www.purejewels.com\/de\/produkt-2\/gold-krishna-anhanger\/\" \/>\n<meta property=\"og:locale\" content=\"de_DE\" \/>\n<meta property=\"og:type\" content=\"article\" \/>\n<meta property=\"og:title\" content=\"Gold Krishna Pendant - PureJewels UK\" \/>\n<meta property=\"og:description\" content=\"Lord Sri Krishna Gold Pendant  In 22 kt yellow Indian gold  Weight. 6.3 gms  SKU. 9660  Chain not included  The Chain shown in the picture is a Box Chain  All our products are hallmarked by London Assay Office  Comes With Presentation Box  Delivery Included  All prices include VAT  Live chat with us for availability and more images of Hindu Religious Pendants currently in stock\" \/>\n<meta property=\"og:url\" content=\"https:\/\/www.purejewels.com\/de\/produkt-2\/gold-krishna-anhanger\/\" \/>\n<meta property=\"og:site_name\" content=\"PureJewels UK\" \/>\n<meta property=\"article:modified_time\" content=\"2026-01-06T07:29:56+00:00\" \/>\n<meta property=\"og:image\" content=\"https:\/\/www.purejewels.com\/wp-content\/uploads\/2021\/11\/9660-2.jpg\" \/>\n\t<meta property=\"og:image:width\" content=\"1000\" \/>\n\t<meta property=\"og:image:height\" content=\"1000\" \/>\n\t<meta property=\"og:image:type\" content=\"image\/jpeg\" \/>\n<meta name=\"twitter:card\" content=\"summary_large_image\" \/>\n<meta name=\"twitter:label1\" content=\"Gesch\u00e4tzte Lesezeit\" \/>\n\t<meta name=\"twitter:data1\" content=\"1\u00a0Minute\" \/>\n<script type=\"application\/ld+json\" class=\"yoast-schema-graph\">{\"@context\":\"https:\\\/\\\/schema.org\",\"@graph\":[{\"@type\":[\"WebPage\",\"ItemPage\"],\"@id\":\"https:\\\/\\\/www.purejewels.com\\\/product\\\/gold-krishna-pendant\\\/\",\"url\":\"https:\\\/\\\/www.purejewels.com\\\/product\\\/gold-krishna-pendant\\\/\",\"name\":\"Gold Krishna Pendant - PureJewels UK\",\"isPartOf\":{\"@id\":\"https:\\\/\\\/www.purejewels.com\\\/#website\"},\"primaryImageOfPage\":{\"@id\":\"https:\\\/\\\/www.purejewels.com\\\/product\\\/gold-krishna-pendant\\\/#primaryimage\"},\"image\":{\"@id\":\"https:\\\/\\\/www.purejewels.com\\\/product\\\/gold-krishna-pendant\\\/#primaryimage\"},\"thumbnailUrl\":\"https:\\\/\\\/static.purejewels.com\\\/wp-content\\\/uploads\\\/2021\\\/11\\\/9660-2.jpg\",\"datePublished\":\"2021-11-11T06:30:12+00:00\",\"dateModified\":\"2026-01-06T07:29:56+00:00\",\"breadcrumb\":{\"@id\":\"https:\\\/\\\/www.purejewels.com\\\/product\\\/gold-krishna-pendant\\\/#breadcrumb\"},\"inLanguage\":\"de\",\"potentialAction\":[{\"@type\":\"ReadAction\",\"target\":[\"https:\\\/\\\/www.purejewels.com\\\/product\\\/gold-krishna-pendant\\\/\"]}]},{\"@type\":\"ImageObject\",\"inLanguage\":\"de\",\"@id\":\"https:\\\/\\\/www.purejewels.com\\\/product\\\/gold-krishna-pendant\\\/#primaryimage\",\"url\":\"https:\\\/\\\/static.purejewels.com\\\/wp-content\\\/uploads\\\/2021\\\/11\\\/9660-2.jpg\",\"contentUrl\":\"https:\\\/\\\/static.purejewels.com\\\/wp-content\\\/uploads\\\/2021\\\/11\\\/9660-2.jpg\",\"width\":1000,\"height\":1000,\"caption\":\"22ct Gold Krishna Pendant 9660-2\"},{\"@type\":\"BreadcrumbList\",\"@id\":\"https:\\\/\\\/www.purejewels.com\\\/product\\\/gold-krishna-pendant\\\/#breadcrumb\",\"itemListElement\":[{\"@type\":\"ListItem\",\"position\":1,\"name\":\"Home\",\"item\":\"https:\\\/\\\/www.purejewels.com\\\/\"},{\"@type\":\"ListItem\",\"position\":2,\"name\":\"Shop\",\"item\":\"https:\\\/\\\/www.purejewels.com\\\/shop\\\/\"},{\"@type\":\"ListItem\",\"position\":3,\"name\":\"Gold Krishna Pendant\"}]},{\"@type\":\"WebSite\",\"@id\":\"https:\\\/\\\/www.purejewels.com\\\/#website\",\"url\":\"https:\\\/\\\/www.purejewels.com\\\/\",\"name\":\"PureJewels UK\",\"description\":\"Share the Love\",\"publisher\":{\"@id\":\"https:\\\/\\\/www.purejewels.com\\\/#organization\"},\"potentialAction\":[{\"@type\":\"SearchAction\",\"target\":{\"@type\":\"EntryPoint\",\"urlTemplate\":\"https:\\\/\\\/www.purejewels.com\\\/?s={search_term_string}\"},\"query-input\":{\"@type\":\"PropertyValueSpecification\",\"valueRequired\":true,\"valueName\":\"search_term_string\"}}],\"inLanguage\":\"de\"},{\"@type\":\"Organization\",\"@id\":\"https:\\\/\\\/www.purejewels.com\\\/#organization\",\"name\":\"PureJewels UK\",\"url\":\"https:\\\/\\\/www.purejewels.com\\\/\",\"logo\":{\"@type\":\"ImageObject\",\"inLanguage\":\"de\",\"@id\":\"https:\\\/\\\/www.purejewels.com\\\/#\\\/schema\\\/logo\\\/image\\\/\",\"url\":\"https:\\\/\\\/static.purejewels.com\\\/wp-content\\\/uploads\\\/2020\\\/11\\\/Logo-PJ-New-1.png\",\"contentUrl\":\"https:\\\/\\\/static.purejewels.com\\\/wp-content\\\/uploads\\\/2020\\\/11\\\/Logo-PJ-New-1.png\",\"width\":150,\"height\":80,\"caption\":\"PureJewels UK\"},\"image\":{\"@id\":\"https:\\\/\\\/www.purejewels.com\\\/#\\\/schema\\\/logo\\\/image\\\/\"}}]}<\/script>\n<!-- \/ Yoast SEO plugin. -->","yoast_head_json":{"title":"Gold-Krishna-Anh\u00e4nger - PureJewels UK","robots":{"index":"index","follow":"follow","max-snippet":"max-snippet:-1","max-image-preview":"max-image-preview:large","max-video-preview":"max-video-preview:-1"},"canonical":"https:\/\/www.purejewels.com\/de\/produkt-2\/gold-krishna-anhanger\/","og_locale":"de_DE","og_type":"article","og_title":"Gold Krishna Pendant - PureJewels UK","og_description":"Lord Sri Krishna Gold Pendant  In 22 kt yellow Indian gold  Weight. 6.3 gms  SKU. 9660  Chain not included  The Chain shown in the picture is a Box Chain  All our products are hallmarked by London Assay Office  Comes With Presentation Box  Delivery Included  All prices include VAT  Live chat with us for availability and more images of Hindu Religious Pendants currently in stock","og_url":"https:\/\/www.purejewels.com\/de\/produkt-2\/gold-krishna-anhanger\/","og_site_name":"PureJewels UK","article_modified_time":"2026-01-06T07:29:56+00:00","og_image":[{"width":1000,"height":1000,"url":"https:\/\/www.purejewels.com\/wp-content\/uploads\/2021\/11\/9660-2.jpg","type":"image\/jpeg"}],"twitter_card":"summary_large_image","twitter_misc":{"Gesch\u00e4tzte Lesezeit":"1\u00a0Minute"},"schema":{"@context":"https:\/\/schema.org","@graph":[{"@type":["WebPage","ItemPage"],"@id":"https:\/\/www.purejewels.com\/product\/gold-krishna-pendant\/","url":"https:\/\/www.purejewels.com\/product\/gold-krishna-pendant\/","name":"Gold-Krishna-Anh\u00e4nger - PureJewels UK","isPartOf":{"@id":"https:\/\/www.purejewels.com\/#website"},"primaryImageOfPage":{"@id":"https:\/\/www.purejewels.com\/product\/gold-krishna-pendant\/#primaryimage"},"image":{"@id":"https:\/\/www.purejewels.com\/product\/gold-krishna-pendant\/#primaryimage"},"thumbnailUrl":"https:\/\/static.purejewels.com\/wp-content\/uploads\/2021\/11\/9660-2.jpg","datePublished":"2021-11-11T06:30:12+00:00","dateModified":"2026-01-06T07:29:56+00:00","breadcrumb":{"@id":"https:\/\/www.purejewels.com\/product\/gold-krishna-pendant\/#breadcrumb"},"inLanguage":"de","potentialAction":[{"@type":"ReadAction","target":["https:\/\/www.purejewels.com\/product\/gold-krishna-pendant\/"]}]},{"@type":"ImageObject","inLanguage":"de","@id":"https:\/\/www.purejewels.com\/product\/gold-krishna-pendant\/#primaryimage","url":"https:\/\/static.purejewels.com\/wp-content\/uploads\/2021\/11\/9660-2.jpg","contentUrl":"https:\/\/static.purejewels.com\/wp-content\/uploads\/2021\/11\/9660-2.jpg","width":1000,"height":1000,"caption":"22ct Gold Krishna Pendant 9660-2"},{"@type":"BreadcrumbList","@id":"https:\/\/www.purejewels.com\/product\/gold-krishna-pendant\/#breadcrumb","itemListElement":[{"@type":"ListItem","position":1,"name":"Home","item":"https:\/\/www.purejewels.com\/"},{"@type":"ListItem","position":2,"name":"Shop","item":"https:\/\/www.purejewels.com\/shop\/"},{"@type":"ListItem","position":3,"name":"Gold Krishna Pendant"}]},{"@type":"WebSite","@id":"https:\/\/www.purejewels.com\/#website","url":"https:\/\/www.purejewels.com\/","name":"PureJewels UK","description":"Teile die Liebe","publisher":{"@id":"https:\/\/www.purejewels.com\/#organization"},"potentialAction":[{"@type":"SearchAction","target":{"@type":"EntryPoint","urlTemplate":"https:\/\/www.purejewels.com\/?s={search_term_string}"},"query-input":{"@type":"PropertyValueSpecification","valueRequired":true,"valueName":"search_term_string"}}],"inLanguage":"de"},{"@type":"Organization","@id":"https:\/\/www.purejewels.com\/#organization","name":"PureJewels UK","url":"https:\/\/www.purejewels.com\/","logo":{"@type":"ImageObject","inLanguage":"de","@id":"https:\/\/www.purejewels.com\/#\/schema\/logo\/image\/","url":"https:\/\/static.purejewels.com\/wp-content\/uploads\/2020\/11\/Logo-PJ-New-1.png","contentUrl":"https:\/\/static.purejewels.com\/wp-content\/uploads\/2020\/11\/Logo-PJ-New-1.png","width":150,"height":80,"caption":"PureJewels UK"},"image":{"@id":"https:\/\/www.purejewels.com\/#\/schema\/logo\/image\/"}}]}},"_links":{"self":[{"href":"https:\/\/www.purejewels.com\/de\/wp-json\/wp\/v2\/product\/328348","targetHints":{"allow":["GET"]}}],"collection":[{"href":"https:\/\/www.purejewels.com\/de\/wp-json\/wp\/v2\/product"}],"about":[{"href":"https:\/\/www.purejewels.com\/de\/wp-json\/wp\/v2\/types\/product"}],"replies":[{"embeddable":true,"href":"https:\/\/www.purejewels.com\/de\/wp-json\/wp\/v2\/comments?post=328348"}],"version-history":[{"count":1,"href":"https:\/\/www.purejewels.com\/de\/wp-json\/wp\/v2\/product\/328348\/revisions"}],"predecessor-version":[{"id":387123,"href":"https:\/\/www.purejewels.com\/de\/wp-json\/wp\/v2\/product\/328348\/revisions\/387123"}],"wp:featuredmedia":[{"embeddable":true,"href":"https:\/\/www.purejewels.com\/de\/wp-json\/wp\/v2\/media\/328349"}],"wp:attachment":[{"href":"https:\/\/www.purejewels.com\/de\/wp-json\/wp\/v2\/media?parent=328348"}],"wp:term":[{"taxonomy":"product_brand","embeddable":true,"href":"https:\/\/www.purejewels.com\/de\/wp-json\/wp\/v2\/product_brand?post=328348"},{"taxonomy":"product_cat","embeddable":true,"href":"https:\/\/www.purejewels.com\/de\/wp-json\/wp\/v2\/product_cat?post=328348"},{"taxonomy":"product_tag","embeddable":true,"href":"https:\/\/www.purejewels.com\/de\/wp-json\/wp\/v2\/product_tag?post=328348"}],"curies":[{"name":"wp","href":"https:\/\/api.w.org\/{rel}","templated":true}]}}