{"id":328560,"date":"2021-11-24T09:36:41","date_gmt":"2021-11-24T09:36:41","guid":{"rendered":"https:\/\/www.purejewels.com\/?post_type=product&#038;p=328560"},"modified":"2025-12-09T06:39:52","modified_gmt":"2025-12-09T06:39:52","slug":"22-karat-gold-ohrringe-de-40856","status":"publish","type":"product","link":"https:\/\/www.purejewels.com\/de\/product\/22-carat-gold-earrings-uk-40856\/","title":{"rendered":"22 Karat Gold Doppel-Charm-Curve-Ohrstecker"},"content":{"rendered":"<p>In Indien wird traditionell die Miniatur <a href=\"https:\/\/www.purejewels.com\/de\/product-category\/22ct-gold-jewellery\/gold-earrings\/\">Ohrringe<\/a> mit reifen\u00e4hnlichen Strukturen werden Balis genannt. Diese kleinen Ohrringe werden hergestellt, um das Ohrl\u00e4ppchen \u00e4sthetisch zu bedecken und zu versch\u00f6nern und dem Gesicht genau das richtige Ma\u00df an \"Bling\" zu verleihen. Sie k\u00f6nnen in verschiedenen Stilen, Gr\u00f6\u00dfen und Formen entworfen und hergestellt werden. Sie k\u00f6nnen minimalistisch oder mit Steinen besetzt sein und k\u00f6nnen je nach Wunsch getragen werden.<\/p>\n<p>Diese 22-kar\u00e4tigen <a href=\"https:\/\/www.purejewels.com\/de\/product\/timeless-classics-gold-hoop-earring-41672\/\">goldene Reif-Ohrringe<\/a> sind eine perfekte Mischung aus Creolen und Ohrsteckern. Diese Halb-Reifen-Ohrringe im Bali-Stil sind aus reinem 22-kar\u00e4tigem Gold gefertigt. Das Design beginnt mit kreisf\u00f6rmig angeordneten Miniatur-Spannreifen, die \u00fcber und \u00fcber mit Kristallzirkonen besetzt sind. Auf diese goldfarbene Spannzange folgt eine V-f\u00f6rmige Rankenstruktur, und dann wird dieses Muster noch einmal wiederholt. Das gesamte Element ist sanft nach innen gebogen, so dass der Ohrstecker wie ein geschwungener Reifen aussieht, der nicht rundherum verl\u00e4uft.<\/p>\n<p>Diese goldenen Hoop-Bali-Ohrringe von Purejewels haben ein minimalistisches, aber dennoch verspieltes Design.<\/p>\n<p>Das Paar kann jeden Tag gestylt und getragen werden, da man keinen Anlass braucht, um diese Sch\u00f6nheiten zur Schau zu stellen. Diese goldenen Balis sind perfekt, wenn du Besorgungen machst, zu einem Arbeitstreffen gehst oder sogar mit deinen M\u00e4dels ausgehst - sie entt\u00e4uschen nie. Sie haben das richtige Ma\u00df an Glitzer und sehen umwerfend aus, w\u00e4hrend sie deinem Look einen besonderen Touch verleihen.<\/p>","protected":false},"excerpt":{"rendered":"<ul>\n<li>22 Karat Gold-Ohrringe UK<\/li>\n<li>Wt. 3.3 gms<\/li>\n<li>SKU. 40856<\/li>\n<li>Alle Preise inklusive Mehrwertsteuer<\/li>\n<li>22ct Gold gestempelt von London Assay Office<\/li>\n<li>Mit Pr\u00e4sentationsbox<\/li>\n<li>Lieferung inbegriffen<\/li>\n<li>Live-Chat mit uns f\u00fcr die Verf\u00fcgbarkeit und mehr Bilder von \u00e4hnlichen Designs derzeit auf Lager<\/li>\n<\/ul>","protected":false},"featured_media":328996,"comment_status":"closed","ping_status":"closed","template":"","meta":{"_eb_attr":"","_crsspst_to_jayantr4sg-hostcom":false},"product_brand":[],"product_cat":[1791,1559,1790,1254,5344,1577,1575,1573],"product_tag":[66],"class_list":{"0":"post-328560","1":"product","2":"type-product","3":"status-publish","4":"has-post-thumbnail","6":"product_cat-anniversary-gifts","7":"product_cat-birthday-gifts","8":"product_cat-for-whom-when","9":"product_cat-gold-earrings","10":"product_cat-jewellery-under-750","11":"product_cat-stud-earrings","12":"product_cat-teenage-jewellery","13":"product_cat-wedding-gifts","14":"product_tag-earrings","16":"first","17":"outofstock","18":"taxable","19":"shipping-taxable","20":"product-type-simple","21":"add-to-wishlist-before_image"},"yoast_head":"<!-- This site is optimized with the Yoast SEO plugin v27.4 - https:\/\/yoast.com\/product\/yoast-seo-wordpress\/ -->\n<title>Cluster Curve Stud Earrings in 22ct Gold | PureJewels UK<\/title>\n<meta name=\"description\" content=\"Elegant 22ct gold curve stud earrings with twin cluster charms for added sparkle. UK hallmarked. A versatile choice for gifting and day-to-evening styling.\" \/>\n<meta name=\"robots\" content=\"index, follow, max-snippet:-1, max-image-preview:large, max-video-preview:-1\" \/>\n<link rel=\"canonical\" href=\"https:\/\/www.purejewels.com\/de\/produkt-2\/22-karat-gold-ohrringe-de-40856\/\" \/>\n<meta property=\"og:locale\" content=\"de_DE\" \/>\n<meta property=\"og:type\" content=\"article\" \/>\n<meta property=\"og:title\" content=\"Cluster Curve Stud Earrings in 22ct Gold | PureJewels UK\" \/>\n<meta property=\"og:description\" content=\"Elegant 22ct gold curve stud earrings with twin cluster charms for added sparkle. UK hallmarked. A versatile choice for gifting and day-to-evening styling.\" \/>\n<meta property=\"og:url\" content=\"https:\/\/www.purejewels.com\/de\/produkt-2\/22-karat-gold-ohrringe-de-40856\/\" \/>\n<meta property=\"og:site_name\" content=\"PureJewels UK\" \/>\n<meta property=\"article:modified_time\" content=\"2025-12-09T06:39:52+00:00\" \/>\n<meta property=\"og:image\" content=\"https:\/\/static.purejewels.com\/wp-content\/uploads\/2021\/11\/40856-1.jpg\" \/>\n\t<meta property=\"og:image:width\" content=\"1000\" \/>\n\t<meta property=\"og:image:height\" content=\"1000\" \/>\n\t<meta property=\"og:image:type\" content=\"image\/jpeg\" \/>\n<meta name=\"twitter:card\" content=\"summary_large_image\" \/>\n<meta name=\"twitter:label1\" content=\"Gesch\u00e4tzte Lesezeit\" \/>\n\t<meta name=\"twitter:data1\" content=\"2\u00a0Minuten\" \/>\n<script type=\"application\/ld+json\" class=\"yoast-schema-graph\">{\"@context\":\"https:\\\/\\\/schema.org\",\"@graph\":[{\"@type\":[\"WebPage\",\"ItemPage\"],\"@id\":\"https:\\\/\\\/www.purejewels.com\\\/product\\\/22-carat-gold-earrings-uk-40856\\\/\",\"url\":\"https:\\\/\\\/www.purejewels.com\\\/product\\\/22-carat-gold-earrings-uk-40856\\\/\",\"name\":\"Cluster Curve Stud Earrings in 22ct Gold | PureJewels UK\",\"isPartOf\":{\"@id\":\"https:\\\/\\\/www.purejewels.com\\\/#website\"},\"primaryImageOfPage\":{\"@id\":\"https:\\\/\\\/www.purejewels.com\\\/product\\\/22-carat-gold-earrings-uk-40856\\\/#primaryimage\"},\"image\":{\"@id\":\"https:\\\/\\\/www.purejewels.com\\\/product\\\/22-carat-gold-earrings-uk-40856\\\/#primaryimage\"},\"thumbnailUrl\":\"https:\\\/\\\/static.purejewels.com\\\/wp-content\\\/uploads\\\/2021\\\/11\\\/40856-1.jpg\",\"datePublished\":\"2021-11-24T09:36:41+00:00\",\"dateModified\":\"2025-12-09T06:39:52+00:00\",\"description\":\"Elegant 22ct gold curve stud earrings with twin cluster charms for added sparkle. UK hallmarked. A versatile choice for gifting and day-to-evening styling.\",\"breadcrumb\":{\"@id\":\"https:\\\/\\\/www.purejewels.com\\\/product\\\/22-carat-gold-earrings-uk-40856\\\/#breadcrumb\"},\"inLanguage\":\"de\",\"potentialAction\":[{\"@type\":\"ReadAction\",\"target\":[\"https:\\\/\\\/www.purejewels.com\\\/product\\\/22-carat-gold-earrings-uk-40856\\\/\"]}]},{\"@type\":\"ImageObject\",\"inLanguage\":\"de\",\"@id\":\"https:\\\/\\\/www.purejewels.com\\\/product\\\/22-carat-gold-earrings-uk-40856\\\/#primaryimage\",\"url\":\"https:\\\/\\\/static.purejewels.com\\\/wp-content\\\/uploads\\\/2021\\\/11\\\/40856-1.jpg\",\"contentUrl\":\"https:\\\/\\\/static.purejewels.com\\\/wp-content\\\/uploads\\\/2021\\\/11\\\/40856-1.jpg\",\"width\":1000,\"height\":1000,\"caption\":\"22 Carat Gold Earrings UK 40856 -1\"},{\"@type\":\"BreadcrumbList\",\"@id\":\"https:\\\/\\\/www.purejewels.com\\\/product\\\/22-carat-gold-earrings-uk-40856\\\/#breadcrumb\",\"itemListElement\":[{\"@type\":\"ListItem\",\"position\":1,\"name\":\"Home\",\"item\":\"https:\\\/\\\/www.purejewels.com\\\/\"},{\"@type\":\"ListItem\",\"position\":2,\"name\":\"Shop\",\"item\":\"https:\\\/\\\/www.purejewels.com\\\/shop\\\/\"},{\"@type\":\"ListItem\",\"position\":3,\"name\":\"22ct Gold Double Charm Curve Studs\"}]},{\"@type\":\"WebSite\",\"@id\":\"https:\\\/\\\/www.purejewels.com\\\/#website\",\"url\":\"https:\\\/\\\/www.purejewels.com\\\/\",\"name\":\"PureJewels UK\",\"description\":\"Share the Love\",\"publisher\":{\"@id\":\"https:\\\/\\\/www.purejewels.com\\\/#organization\"},\"potentialAction\":[{\"@type\":\"SearchAction\",\"target\":{\"@type\":\"EntryPoint\",\"urlTemplate\":\"https:\\\/\\\/www.purejewels.com\\\/?s={search_term_string}\"},\"query-input\":{\"@type\":\"PropertyValueSpecification\",\"valueRequired\":true,\"valueName\":\"search_term_string\"}}],\"inLanguage\":\"de\"},{\"@type\":\"Organization\",\"@id\":\"https:\\\/\\\/www.purejewels.com\\\/#organization\",\"name\":\"PureJewels UK\",\"url\":\"https:\\\/\\\/www.purejewels.com\\\/\",\"logo\":{\"@type\":\"ImageObject\",\"inLanguage\":\"de\",\"@id\":\"https:\\\/\\\/www.purejewels.com\\\/#\\\/schema\\\/logo\\\/image\\\/\",\"url\":\"https:\\\/\\\/static.purejewels.com\\\/wp-content\\\/uploads\\\/2020\\\/11\\\/Logo-PJ-New-1.png\",\"contentUrl\":\"https:\\\/\\\/static.purejewels.com\\\/wp-content\\\/uploads\\\/2020\\\/11\\\/Logo-PJ-New-1.png\",\"width\":150,\"height\":80,\"caption\":\"PureJewels UK\"},\"image\":{\"@id\":\"https:\\\/\\\/www.purejewels.com\\\/#\\\/schema\\\/logo\\\/image\\\/\"}}]}<\/script>\n<!-- \/ Yoast SEO plugin. -->","yoast_head_json":{"title":"Cluster Curve Ohrstecker aus 22 Karat Gold | PureJewels UK","description":"Elegante Ohrstecker aus 22 Karat Gold mit zwei Cluster-Anh\u00e4ngern f\u00fcr zus\u00e4tzlichen Glanz. Mit britischer Punzierung. Eine vielseitige Wahl als Geschenk und f\u00fcr Outfits vom Tag bis zum Abend.","robots":{"index":"index","follow":"follow","max-snippet":"max-snippet:-1","max-image-preview":"max-image-preview:large","max-video-preview":"max-video-preview:-1"},"canonical":"https:\/\/www.purejewels.com\/de\/produkt-2\/22-karat-gold-ohrringe-de-40856\/","og_locale":"de_DE","og_type":"article","og_title":"Cluster Curve Stud Earrings in 22ct Gold | PureJewels UK","og_description":"Elegant 22ct gold curve stud earrings with twin cluster charms for added sparkle. UK hallmarked. A versatile choice for gifting and day-to-evening styling.","og_url":"https:\/\/www.purejewels.com\/de\/produkt-2\/22-karat-gold-ohrringe-de-40856\/","og_site_name":"PureJewels UK","article_modified_time":"2025-12-09T06:39:52+00:00","og_image":[{"width":1000,"height":1000,"url":"https:\/\/static.purejewels.com\/wp-content\/uploads\/2021\/11\/40856-1.jpg","type":"image\/jpeg"}],"twitter_card":"summary_large_image","twitter_misc":{"Gesch\u00e4tzte Lesezeit":"2\u00a0Minuten"},"schema":{"@context":"https:\/\/schema.org","@graph":[{"@type":["WebPage","ItemPage"],"@id":"https:\/\/www.purejewels.com\/product\/22-carat-gold-earrings-uk-40856\/","url":"https:\/\/www.purejewels.com\/product\/22-carat-gold-earrings-uk-40856\/","name":"Cluster Curve Ohrstecker aus 22 Karat Gold | PureJewels UK","isPartOf":{"@id":"https:\/\/www.purejewels.com\/#website"},"primaryImageOfPage":{"@id":"https:\/\/www.purejewels.com\/product\/22-carat-gold-earrings-uk-40856\/#primaryimage"},"image":{"@id":"https:\/\/www.purejewels.com\/product\/22-carat-gold-earrings-uk-40856\/#primaryimage"},"thumbnailUrl":"https:\/\/static.purejewels.com\/wp-content\/uploads\/2021\/11\/40856-1.jpg","datePublished":"2021-11-24T09:36:41+00:00","dateModified":"2025-12-09T06:39:52+00:00","description":"Elegante Ohrstecker aus 22 Karat Gold mit zwei Cluster-Anh\u00e4ngern f\u00fcr zus\u00e4tzlichen Glanz. Mit britischer Punzierung. Eine vielseitige Wahl als Geschenk und f\u00fcr Outfits vom Tag bis zum Abend.","breadcrumb":{"@id":"https:\/\/www.purejewels.com\/product\/22-carat-gold-earrings-uk-40856\/#breadcrumb"},"inLanguage":"de","potentialAction":[{"@type":"ReadAction","target":["https:\/\/www.purejewels.com\/product\/22-carat-gold-earrings-uk-40856\/"]}]},{"@type":"ImageObject","inLanguage":"de","@id":"https:\/\/www.purejewels.com\/product\/22-carat-gold-earrings-uk-40856\/#primaryimage","url":"https:\/\/static.purejewels.com\/wp-content\/uploads\/2021\/11\/40856-1.jpg","contentUrl":"https:\/\/static.purejewels.com\/wp-content\/uploads\/2021\/11\/40856-1.jpg","width":1000,"height":1000,"caption":"22 Carat Gold Earrings UK 40856 -1"},{"@type":"BreadcrumbList","@id":"https:\/\/www.purejewels.com\/product\/22-carat-gold-earrings-uk-40856\/#breadcrumb","itemListElement":[{"@type":"ListItem","position":1,"name":"Home","item":"https:\/\/www.purejewels.com\/"},{"@type":"ListItem","position":2,"name":"Shop","item":"https:\/\/www.purejewels.com\/shop\/"},{"@type":"ListItem","position":3,"name":"22ct Gold Double Charm Curve Studs"}]},{"@type":"WebSite","@id":"https:\/\/www.purejewels.com\/#website","url":"https:\/\/www.purejewels.com\/","name":"PureJewels UK","description":"Teile die Liebe","publisher":{"@id":"https:\/\/www.purejewels.com\/#organization"},"potentialAction":[{"@type":"SearchAction","target":{"@type":"EntryPoint","urlTemplate":"https:\/\/www.purejewels.com\/?s={search_term_string}"},"query-input":{"@type":"PropertyValueSpecification","valueRequired":true,"valueName":"search_term_string"}}],"inLanguage":"de"},{"@type":"Organization","@id":"https:\/\/www.purejewels.com\/#organization","name":"PureJewels UK","url":"https:\/\/www.purejewels.com\/","logo":{"@type":"ImageObject","inLanguage":"de","@id":"https:\/\/www.purejewels.com\/#\/schema\/logo\/image\/","url":"https:\/\/static.purejewels.com\/wp-content\/uploads\/2020\/11\/Logo-PJ-New-1.png","contentUrl":"https:\/\/static.purejewels.com\/wp-content\/uploads\/2020\/11\/Logo-PJ-New-1.png","width":150,"height":80,"caption":"PureJewels UK"},"image":{"@id":"https:\/\/www.purejewels.com\/#\/schema\/logo\/image\/"}}]}},"_links":{"self":[{"href":"https:\/\/www.purejewels.com\/de\/wp-json\/wp\/v2\/product\/328560","targetHints":{"allow":["GET"]}}],"collection":[{"href":"https:\/\/www.purejewels.com\/de\/wp-json\/wp\/v2\/product"}],"about":[{"href":"https:\/\/www.purejewels.com\/de\/wp-json\/wp\/v2\/types\/product"}],"replies":[{"embeddable":true,"href":"https:\/\/www.purejewels.com\/de\/wp-json\/wp\/v2\/comments?post=328560"}],"version-history":[{"count":2,"href":"https:\/\/www.purejewels.com\/de\/wp-json\/wp\/v2\/product\/328560\/revisions"}],"predecessor-version":[{"id":422710,"href":"https:\/\/www.purejewels.com\/de\/wp-json\/wp\/v2\/product\/328560\/revisions\/422710"}],"wp:featuredmedia":[{"embeddable":true,"href":"https:\/\/www.purejewels.com\/de\/wp-json\/wp\/v2\/media\/328996"}],"wp:attachment":[{"href":"https:\/\/www.purejewels.com\/de\/wp-json\/wp\/v2\/media?parent=328560"}],"wp:term":[{"taxonomy":"product_brand","embeddable":true,"href":"https:\/\/www.purejewels.com\/de\/wp-json\/wp\/v2\/product_brand?post=328560"},{"taxonomy":"product_cat","embeddable":true,"href":"https:\/\/www.purejewels.com\/de\/wp-json\/wp\/v2\/product_cat?post=328560"},{"taxonomy":"product_tag","embeddable":true,"href":"https:\/\/www.purejewels.com\/de\/wp-json\/wp\/v2\/product_tag?post=328560"}],"curies":[{"name":"wp","href":"https:\/\/api.w.org\/{rel}","templated":true}]}}