{"id":328719,"date":"2024-10-22T01:13:20","date_gmt":"2024-10-22T00:13:20","guid":{"rendered":"https:\/\/www.purejewels.com\/?post_type=product&#038;p=328719"},"modified":"2026-02-02T08:23:36","modified_gmt":"2026-02-02T08:23:36","slug":"armspange-aus-22-karat-gold-40827","status":"publish","type":"product","link":"https:\/\/www.purejewels.com\/de\/product\/22-carat-gold-bangle-40827\/","title":{"rendered":"22ct Gold Armreif | Daily Wear"},"content":{"rendered":"<p data-start=\"0\" data-end=\"348\"><strong data-start=\"0\" data-end=\"10\">Gestaltung<\/strong><br data-start=\"10\" data-end=\"13\" \/>In Form eines schlanken 22ct <a href=\"https:\/\/www.purejewels.com\/de\/product\/22-carat-gold-single-bangle-34207\/\">Gold-Armreif<\/a>, Dieses Schmuckst\u00fcck verleiht sowohl im Alltag als auch bei besonderen Anl\u00e4ssen eine leichte Note von Glanz. Feine Facetten im Diamantschliff tanzen um den Umfang und fangen bei jeder Bewegung das Licht ein und reflektieren es. Seine schlichte Silhouette macht ihn zu einem anmutigen Begleiter sowohl f\u00fcr moderne als auch f\u00fcr traditionelle Looks.<\/p>\n<p data-start=\"350\" data-end=\"728\"><strong data-start=\"350\" data-end=\"367\">Handwerkliches K\u00f6nnen<\/strong><br data-start=\"367\" data-end=\"370\" \/>Der mit Pr\u00e4zision aus massivem 22-kar\u00e4tigem Gold gefertigte Armreif schmiegt sich sanft und bequem an das Handgelenk. Das diamantgeschliffene Muster wurde mit Sorgfalt angebracht, um eine klare, dauerhafte Struktur zu schaffen, ohne die Festigkeit zu beeintr\u00e4chtigen. Mit einem Gewicht von 10,7 Gramm und der Punzierung durch das London Assay Office zur Zertifizierung der Reinheit bietet er sowohl Sch\u00f6nheit als auch Qualit\u00e4tsgarantie.<\/p>\n<p data-start=\"730\" data-end=\"1138\" data-is-last-node=\"\" data-is-only-node=\"\"><strong data-start=\"730\" data-end=\"751\">Styling &amp; Geschenkartikel<\/strong><br data-start=\"751\" data-end=\"754\" \/>Tragen Sie es solo f\u00fcr einen ruhigen Goldschimmer oder kombinieren Sie es mit anderen <a href=\"https:\/\/www.purejewels.com\/de\/how-to-measure-bangle-size-2\/\">Armreifen<\/a> und Kadas f\u00fcr ein ausdrucksstarkes Handgelenk. Sein vielseitiges Design passt zu allem, von allt\u00e4glichen Kurtas und Hemden bis hin zu Freizeitkleidung und Saris. In einer PureJewels-Schatulle pr\u00e4sentiert, ist er ein sch\u00f6nes Geschenk f\u00fcr Geburtstage, Jubil\u00e4en oder pers\u00f6nliche Meilensteine und eine raffinierte Erg\u00e4nzung f\u00fcr jede Goldschmuckkollektion.<\/p>","protected":false},"excerpt":{"rendered":"<table class=\"sh_desc\">\n<tbody>\n<tr>\n<td>Art des Armreifs<\/td>\n<td>Daily Wear Armreif<\/td>\n<\/tr>\n<tr>\n<td>SKU<\/td>\n<td>\u00a043593, 43594, 43595<\/td>\n<\/tr>\n<tr>\n<td>Gewicht<\/td>\n<td>10,7 Gramm<\/td>\n<\/tr>\n<tr>\n<td>Metall<\/td>\n<td>22ct Gold<\/td>\n<\/tr>\n<tr>\n<td>Armreif Gr\u00f6\u00dfe<\/td>\n<td>2.4(Bitte fragen Sie nach weiteren Gr\u00f6\u00dfen)<\/td>\n<\/tr>\n<tr>\n<td>Wahrzeichen<\/td>\n<td>22ct Gold gestempelt von London Assay Office<\/td>\n<\/tr>\n<tr>\n<td>Entgelte<\/td>\n<td>Lieferung und Mehrwertsteuer inbegriffen<\/td>\n<\/tr>\n<tr>\n<td>Verpackung<\/td>\n<td>Mit Pr\u00e4sentationsbox<\/td>\n<\/tr>\n<tr>\n<td>Mehr Informationen<\/td>\n<td>\n<ul>\n<li>Hinweis: Der hier angegebene Preis gilt f\u00fcr einen einzelnen Armreif.<\/li>\n<li>Live-Chat mit uns f\u00fcr Verf\u00fcgbarkeit und mehr Bilder<\/li>\n<li>Klicken Sie hier zur \u00dcberpr\u00fcfung Ihrer <strong>Armreif Gr\u00f6\u00dfe<\/strong><\/li>\n<\/ul>\n<\/td>\n<\/tr>\n<\/tbody>\n<\/table>","protected":false},"featured_media":326428,"comment_status":"closed","ping_status":"closed","template":"","meta":{"_eb_attr":"","_crsspst_to_jayantr4sg-hostcom":true},"product_brand":[],"product_cat":[1791,5270,1233,1229,1573,1574],"product_tag":[5310,1514],"class_list":{"0":"post-328719","1":"product","2":"type-product","3":"status-publish","4":"has-post-thumbnail","6":"product_cat-anniversary-gifts","7":"product_cat-daily-wear-bangles","8":"product_cat-gold-bangles","9":"product_cat-22ct-gold-jewellery","10":"product_cat-wedding-gifts","11":"product_cat-womens-jewellery","12":"product_tag-22k-gold-bangles","13":"product_tag-bangles","15":"first","16":"instock","17":"taxable","18":"shipping-taxable","19":"purchasable","20":"product-type-simple","21":"add-to-wishlist-before_image"},"yoast_head":"<!-- This site is optimized with the Yoast SEO plugin v27.5 - https:\/\/yoast.com\/product\/yoast-seo-wordpress\/ -->\n<title>Daily wear Diamond cut Bangle in 22ct Gold UK<\/title>\n<meta name=\"description\" content=\"Looking for daily wear bangles in 22ct gold? We offer a wide selection of beautiful and affordable bangles to choose from. Visit PureJewels today.\" \/>\n<meta name=\"robots\" content=\"index, follow, max-snippet:-1, max-image-preview:large, max-video-preview:-1\" \/>\n<link rel=\"canonical\" href=\"https:\/\/www.purejewels.com\/de\/produkt-2\/armspange-aus-22-karat-gold-40827\/\" \/>\n<meta property=\"og:locale\" content=\"de_DE\" \/>\n<meta property=\"og:type\" content=\"article\" \/>\n<meta property=\"og:title\" content=\"Daily wear Diamond cut Bangle in 22ct Gold UK\" \/>\n<meta property=\"og:description\" content=\"Looking for daily wear bangles in 22ct gold? We offer a wide selection of beautiful and affordable bangles to choose from. Visit PureJewels today.\" \/>\n<meta property=\"og:url\" content=\"https:\/\/www.purejewels.com\/de\/produkt-2\/armspange-aus-22-karat-gold-40827\/\" \/>\n<meta property=\"og:site_name\" content=\"PureJewels UK\" \/>\n<meta property=\"article:modified_time\" content=\"2026-02-02T08:23:36+00:00\" \/>\n<meta property=\"og:image\" content=\"https:\/\/static.purejewels.com\/wp-content\/uploads\/2021\/07\/34123_4.jpg\" \/>\n\t<meta property=\"og:image:width\" content=\"1000\" \/>\n\t<meta property=\"og:image:height\" content=\"1000\" \/>\n\t<meta property=\"og:image:type\" content=\"image\/jpeg\" \/>\n<meta name=\"twitter:card\" content=\"summary_large_image\" \/>\n<meta name=\"twitter:label1\" content=\"Gesch\u00e4tzte Lesezeit\" \/>\n\t<meta name=\"twitter:data1\" content=\"1\u00a0Minute\" \/>\n<script type=\"application\/ld+json\" class=\"yoast-schema-graph\">{\"@context\":\"https:\\\/\\\/schema.org\",\"@graph\":[{\"@type\":[\"WebPage\",\"ItemPage\"],\"@id\":\"https:\\\/\\\/www.purejewels.com\\\/product\\\/22-carat-gold-bangle-40827\\\/\",\"url\":\"https:\\\/\\\/www.purejewels.com\\\/product\\\/22-carat-gold-bangle-40827\\\/\",\"name\":\"Daily wear Diamond cut Bangle in 22ct Gold UK\",\"isPartOf\":{\"@id\":\"https:\\\/\\\/www.purejewels.com\\\/#website\"},\"primaryImageOfPage\":{\"@id\":\"https:\\\/\\\/www.purejewels.com\\\/product\\\/22-carat-gold-bangle-40827\\\/#primaryimage\"},\"image\":{\"@id\":\"https:\\\/\\\/www.purejewels.com\\\/product\\\/22-carat-gold-bangle-40827\\\/#primaryimage\"},\"thumbnailUrl\":\"https:\\\/\\\/static.purejewels.com\\\/wp-content\\\/uploads\\\/2021\\\/07\\\/34123_4.jpg\",\"datePublished\":\"2024-10-22T00:13:20+00:00\",\"dateModified\":\"2026-02-02T08:23:36+00:00\",\"description\":\"Looking for daily wear bangles in 22ct gold? We offer a wide selection of beautiful and affordable bangles to choose from. Visit PureJewels today.\",\"breadcrumb\":{\"@id\":\"https:\\\/\\\/www.purejewels.com\\\/product\\\/22-carat-gold-bangle-40827\\\/#breadcrumb\"},\"inLanguage\":\"de\",\"potentialAction\":[{\"@type\":\"ReadAction\",\"target\":[\"https:\\\/\\\/www.purejewels.com\\\/product\\\/22-carat-gold-bangle-40827\\\/\"]}]},{\"@type\":\"ImageObject\",\"inLanguage\":\"de\",\"@id\":\"https:\\\/\\\/www.purejewels.com\\\/product\\\/22-carat-gold-bangle-40827\\\/#primaryimage\",\"url\":\"https:\\\/\\\/static.purejewels.com\\\/wp-content\\\/uploads\\\/2021\\\/07\\\/34123_4.jpg\",\"contentUrl\":\"https:\\\/\\\/static.purejewels.com\\\/wp-content\\\/uploads\\\/2021\\\/07\\\/34123_4.jpg\",\"width\":1000,\"height\":1000,\"caption\":\"22ct Gold Single Bangle 34123_4\"},{\"@type\":\"BreadcrumbList\",\"@id\":\"https:\\\/\\\/www.purejewels.com\\\/product\\\/22-carat-gold-bangle-40827\\\/#breadcrumb\",\"itemListElement\":[{\"@type\":\"ListItem\",\"position\":1,\"name\":\"Home\",\"item\":\"https:\\\/\\\/www.purejewels.com\\\/\"},{\"@type\":\"ListItem\",\"position\":2,\"name\":\"Shop\",\"item\":\"https:\\\/\\\/www.purejewels.com\\\/shop\\\/\"},{\"@type\":\"ListItem\",\"position\":3,\"name\":\"22ct Gold Bangle | Daily Wear\"}]},{\"@type\":\"WebSite\",\"@id\":\"https:\\\/\\\/www.purejewels.com\\\/#website\",\"url\":\"https:\\\/\\\/www.purejewels.com\\\/\",\"name\":\"PureJewels UK\",\"description\":\"Share the Love\",\"publisher\":{\"@id\":\"https:\\\/\\\/www.purejewels.com\\\/#organization\"},\"potentialAction\":[{\"@type\":\"SearchAction\",\"target\":{\"@type\":\"EntryPoint\",\"urlTemplate\":\"https:\\\/\\\/www.purejewels.com\\\/?s={search_term_string}\"},\"query-input\":{\"@type\":\"PropertyValueSpecification\",\"valueRequired\":true,\"valueName\":\"search_term_string\"}}],\"inLanguage\":\"de\"},{\"@type\":\"Organization\",\"@id\":\"https:\\\/\\\/www.purejewels.com\\\/#organization\",\"name\":\"PureJewels UK\",\"url\":\"https:\\\/\\\/www.purejewels.com\\\/\",\"logo\":{\"@type\":\"ImageObject\",\"inLanguage\":\"de\",\"@id\":\"https:\\\/\\\/www.purejewels.com\\\/#\\\/schema\\\/logo\\\/image\\\/\",\"url\":\"https:\\\/\\\/static.purejewels.com\\\/wp-content\\\/uploads\\\/2020\\\/11\\\/Logo-PJ-New-1.png\",\"contentUrl\":\"https:\\\/\\\/static.purejewels.com\\\/wp-content\\\/uploads\\\/2020\\\/11\\\/Logo-PJ-New-1.png\",\"width\":150,\"height\":80,\"caption\":\"PureJewels UK\"},\"image\":{\"@id\":\"https:\\\/\\\/www.purejewels.com\\\/#\\\/schema\\\/logo\\\/image\\\/\"}}]}<\/script>\n<!-- \/ Yoast SEO plugin. -->","yoast_head_json":{"title":"T\u00e4gliches Tragen Diamantschliff Armreif in 22ct Gold UK","description":"Suchen Sie Armreifen aus 22 Karat Gold f\u00fcr den t\u00e4glichen Gebrauch? Wir bieten eine gro\u00dfe Auswahl an sch\u00f6nen und erschwinglichen Armreifen zur Auswahl an. Besuchen Sie PureJewels heute.","robots":{"index":"index","follow":"follow","max-snippet":"max-snippet:-1","max-image-preview":"max-image-preview:large","max-video-preview":"max-video-preview:-1"},"canonical":"https:\/\/www.purejewels.com\/de\/produkt-2\/armspange-aus-22-karat-gold-40827\/","og_locale":"de_DE","og_type":"article","og_title":"Daily wear Diamond cut Bangle in 22ct Gold UK","og_description":"Looking for daily wear bangles in 22ct gold? We offer a wide selection of beautiful and affordable bangles to choose from. Visit PureJewels today.","og_url":"https:\/\/www.purejewels.com\/de\/produkt-2\/armspange-aus-22-karat-gold-40827\/","og_site_name":"PureJewels UK","article_modified_time":"2026-02-02T08:23:36+00:00","og_image":[{"width":1000,"height":1000,"url":"https:\/\/static.purejewels.com\/wp-content\/uploads\/2021\/07\/34123_4.jpg","type":"image\/jpeg"}],"twitter_card":"summary_large_image","twitter_misc":{"Gesch\u00e4tzte Lesezeit":"1\u00a0Minute"},"schema":{"@context":"https:\/\/schema.org","@graph":[{"@type":["WebPage","ItemPage"],"@id":"https:\/\/www.purejewels.com\/product\/22-carat-gold-bangle-40827\/","url":"https:\/\/www.purejewels.com\/product\/22-carat-gold-bangle-40827\/","name":"T\u00e4gliches Tragen Diamantschliff Armreif in 22ct Gold UK","isPartOf":{"@id":"https:\/\/www.purejewels.com\/#website"},"primaryImageOfPage":{"@id":"https:\/\/www.purejewels.com\/product\/22-carat-gold-bangle-40827\/#primaryimage"},"image":{"@id":"https:\/\/www.purejewels.com\/product\/22-carat-gold-bangle-40827\/#primaryimage"},"thumbnailUrl":"https:\/\/static.purejewels.com\/wp-content\/uploads\/2021\/07\/34123_4.jpg","datePublished":"2024-10-22T00:13:20+00:00","dateModified":"2026-02-02T08:23:36+00:00","description":"Suchen Sie Armreifen aus 22 Karat Gold f\u00fcr den t\u00e4glichen Gebrauch? Wir bieten eine gro\u00dfe Auswahl an sch\u00f6nen und erschwinglichen Armreifen zur Auswahl an. Besuchen Sie PureJewels heute.","breadcrumb":{"@id":"https:\/\/www.purejewels.com\/product\/22-carat-gold-bangle-40827\/#breadcrumb"},"inLanguage":"de","potentialAction":[{"@type":"ReadAction","target":["https:\/\/www.purejewels.com\/product\/22-carat-gold-bangle-40827\/"]}]},{"@type":"ImageObject","inLanguage":"de","@id":"https:\/\/www.purejewels.com\/product\/22-carat-gold-bangle-40827\/#primaryimage","url":"https:\/\/static.purejewels.com\/wp-content\/uploads\/2021\/07\/34123_4.jpg","contentUrl":"https:\/\/static.purejewels.com\/wp-content\/uploads\/2021\/07\/34123_4.jpg","width":1000,"height":1000,"caption":"22ct Gold Single Bangle 34123_4"},{"@type":"BreadcrumbList","@id":"https:\/\/www.purejewels.com\/product\/22-carat-gold-bangle-40827\/#breadcrumb","itemListElement":[{"@type":"ListItem","position":1,"name":"Home","item":"https:\/\/www.purejewels.com\/"},{"@type":"ListItem","position":2,"name":"Shop","item":"https:\/\/www.purejewels.com\/shop\/"},{"@type":"ListItem","position":3,"name":"22ct Gold Bangle | Daily Wear"}]},{"@type":"WebSite","@id":"https:\/\/www.purejewels.com\/#website","url":"https:\/\/www.purejewels.com\/","name":"PureJewels UK","description":"Teile die Liebe","publisher":{"@id":"https:\/\/www.purejewels.com\/#organization"},"potentialAction":[{"@type":"SearchAction","target":{"@type":"EntryPoint","urlTemplate":"https:\/\/www.purejewels.com\/?s={search_term_string}"},"query-input":{"@type":"PropertyValueSpecification","valueRequired":true,"valueName":"search_term_string"}}],"inLanguage":"de"},{"@type":"Organization","@id":"https:\/\/www.purejewels.com\/#organization","name":"PureJewels UK","url":"https:\/\/www.purejewels.com\/","logo":{"@type":"ImageObject","inLanguage":"de","@id":"https:\/\/www.purejewels.com\/#\/schema\/logo\/image\/","url":"https:\/\/static.purejewels.com\/wp-content\/uploads\/2020\/11\/Logo-PJ-New-1.png","contentUrl":"https:\/\/static.purejewels.com\/wp-content\/uploads\/2020\/11\/Logo-PJ-New-1.png","width":150,"height":80,"caption":"PureJewels UK"},"image":{"@id":"https:\/\/www.purejewels.com\/#\/schema\/logo\/image\/"}}]}},"_links":{"self":[{"href":"https:\/\/www.purejewels.com\/de\/wp-json\/wp\/v2\/product\/328719","targetHints":{"allow":["GET"]}}],"collection":[{"href":"https:\/\/www.purejewels.com\/de\/wp-json\/wp\/v2\/product"}],"about":[{"href":"https:\/\/www.purejewels.com\/de\/wp-json\/wp\/v2\/types\/product"}],"replies":[{"embeddable":true,"href":"https:\/\/www.purejewels.com\/de\/wp-json\/wp\/v2\/comments?post=328719"}],"version-history":[{"count":3,"href":"https:\/\/www.purejewels.com\/de\/wp-json\/wp\/v2\/product\/328719\/revisions"}],"predecessor-version":[{"id":420831,"href":"https:\/\/www.purejewels.com\/de\/wp-json\/wp\/v2\/product\/328719\/revisions\/420831"}],"wp:featuredmedia":[{"embeddable":true,"href":"https:\/\/www.purejewels.com\/de\/wp-json\/wp\/v2\/media\/326428"}],"wp:attachment":[{"href":"https:\/\/www.purejewels.com\/de\/wp-json\/wp\/v2\/media?parent=328719"}],"wp:term":[{"taxonomy":"product_brand","embeddable":true,"href":"https:\/\/www.purejewels.com\/de\/wp-json\/wp\/v2\/product_brand?post=328719"},{"taxonomy":"product_cat","embeddable":true,"href":"https:\/\/www.purejewels.com\/de\/wp-json\/wp\/v2\/product_cat?post=328719"},{"taxonomy":"product_tag","embeddable":true,"href":"https:\/\/www.purejewels.com\/de\/wp-json\/wp\/v2\/product_tag?post=328719"}],"curies":[{"name":"wp","href":"https:\/\/api.w.org\/{rel}","templated":true}]}}