{"id":329143,"date":"2023-12-01T10:56:52","date_gmt":"2023-12-01T10:56:52","guid":{"rendered":"https:\/\/www.purejewels.com\/?post_type=product&#038;p=329143"},"modified":"2024-10-17T09:40:41","modified_gmt":"2024-10-17T08:40:41","slug":"22-kt-indisches-gold-reifen-ohrringe-41121","status":"publish","type":"product","link":"https:\/\/www.purejewels.com\/de\/product\/22ct-indian-gold-hoop-earrings-41121\/","title":{"rendered":"22 Karat Indisches Gold Huggies-Ohrringe"},"content":{"rendered":"<p>In Indien wird traditionell die Miniatur <a href=\"https:\/\/www.purejewels.com\/de\/product-category\/22ct-gold-jewellery\/gold-earrings\/\">Ohrringe<\/a> mit reifen\u00e4hnlichen Strukturen werden Balis genannt. Diese kleinen Ohrringe werden hergestellt, um das Ohrl\u00e4ppchen \u00e4sthetisch zu bedecken und zu versch\u00f6nern und dem Gesicht genau das richtige Ma\u00df an \"Bling\" zu verleihen. Sie k\u00f6nnen in verschiedenen Stilen, Gr\u00f6\u00dfen und Formen entworfen und hergestellt werden. Sie k\u00f6nnen minimalistisch oder mit Steinen besetzt sein und k\u00f6nnen je nach Wunsch getragen werden.<\/p>\n<p>Diese indischen 22-Karat-Gold <a href=\"https:\/\/www.purejewels.com\/de\/product\/22kt-gold-daily-wear-hoop-earring-41670\/\">Reif-Ohrringe<\/a> wurden mit der Idee entworfen, ihnen ein minimalistisches Aussehen und Gef\u00fchl zu geben und gleichzeitig die traditionellen indischen Muster und die Kunst am Leben zu erhalten. Diese Goldbalis wurden von Anfang an von unseren Karigars in Indien handgefertigt. Das Design wurde aus reinem 22-kar\u00e4tigem Gold geschnitzt und die Struktur sieht aus wie eine Seitenansicht eines traditionellen indischen Turbans, der von M\u00e4nnern getragen wird.<\/p>\n<p>Diese indischen Goldohrringe von Purejewels haben ein minimalistisches, aber dennoch verspieltes Design.<\/p>\n<p>Das Paar kann jeden Tag gestylt und getragen werden, da man keinen Anlass braucht, um diese Sch\u00f6nheiten zur Schau zu stellen. Diese goldenen Balis sind perfekt, wenn du Besorgungen machst, zu einem Arbeitstreffen gehst oder sogar mit deinen M\u00e4dels ausgehst - sie entt\u00e4uschen nie. Sie haben das richtige Ma\u00df an Glitzer und sehen umwerfend aus, w\u00e4hrend sie deinem Look einen besonderen Touch verleihen.<\/p>","protected":false},"excerpt":{"rendered":"<ul>\n<li><span data-sheets-value=\"{&quot;1&quot;:2,&quot;2&quot;:&quot;22ct indian gold hoop earrings&quot;}\" data-sheets-userformat=\"{&quot;2&quot;:13185,&quot;3&quot;:{&quot;1&quot;:0},&quot;10&quot;:2,&quot;11&quot;:0,&quot;12&quot;:0,&quot;15&quot;:&quot;Arial, serif&quot;,&quot;16&quot;:12}\">22 Karat indisches Gold Ohrringe mit Reifen<\/span><\/li>\n<li>Gewicht. 2,8 Gramm<\/li>\n<li>SKUs: 41121<\/li>\n<li>Alle Preise inklusive Mehrwertsteuer<\/li>\n<li>Alle unsere Produkte sind vom London Assay Office gestempelt.<\/li>\n<li>Alle unsere Bali-Ohrringe werden in einer Geschenkbox geliefert.<\/li>\n<li>Lieferung inbegriffen<\/li>\n<li>Kontaktieren Sie uns \/ chatten Sie mit uns, um ein Live-Video des Produkts zu sehen<\/li>\n<\/ul>","protected":false},"featured_media":318305,"comment_status":"closed","ping_status":"closed","template":"","meta":{"_eb_attr":"","_crsspst_to_jayantr4sg-hostcom":false},"product_brand":[],"product_cat":[1791,1559,1794,1579,5344,1575,1573,1574],"product_tag":[66],"class_list":{"0":"post-329143","1":"product","2":"type-product","3":"status-publish","4":"has-post-thumbnail","6":"product_cat-anniversary-gifts","7":"product_cat-birthday-gifts","8":"product_cat-christmas-gifts","9":"product_cat-hoop-earrings","10":"product_cat-jewellery-under-750","11":"product_cat-teenage-jewellery","12":"product_cat-wedding-gifts","13":"product_cat-womens-jewellery","14":"product_tag-earrings","16":"first","17":"outofstock","18":"taxable","19":"shipping-taxable","20":"product-type-simple","21":"add-to-wishlist-before_image"},"yoast_head":"<!-- This site is optimized with the Yoast SEO plugin v27.3 - https:\/\/yoast.com\/product\/yoast-seo-wordpress\/ -->\n<title>22ct Gold Dailywear Hoop Earrings Hallmarked in UK<\/title>\n<meta name=\"description\" content=\"Browse the modern Hoop earrings collection at PureJewels. Suitable for everyday use and free delivery in the UK. Order Online\" \/>\n<meta name=\"robots\" content=\"index, follow, max-snippet:-1, max-image-preview:large, max-video-preview:-1\" \/>\n<link rel=\"canonical\" href=\"https:\/\/www.purejewels.com\/de\/produkt-2\/22-kt-indisches-gold-reifen-ohrringe-41121\/\" \/>\n<meta property=\"og:locale\" content=\"de_DE\" \/>\n<meta property=\"og:type\" content=\"article\" \/>\n<meta property=\"og:title\" content=\"22ct Gold Dailywear Hoop Earrings Hallmarked in UK\" \/>\n<meta property=\"og:description\" content=\"Browse the modern Hoop earrings collection at PureJewels. Suitable for everyday use and free delivery in the UK. Order Online\" \/>\n<meta property=\"og:url\" content=\"https:\/\/www.purejewels.com\/de\/produkt-2\/22-kt-indisches-gold-reifen-ohrringe-41121\/\" \/>\n<meta property=\"og:site_name\" content=\"PureJewels UK\" \/>\n<meta property=\"article:modified_time\" content=\"2024-10-17T08:40:41+00:00\" \/>\n<meta property=\"og:image\" content=\"https:\/\/www.purejewels.com\/wp-content\/uploads\/2020\/10\/image187691656.jpg\" \/>\n\t<meta property=\"og:image:width\" content=\"1000\" \/>\n\t<meta property=\"og:image:height\" content=\"1000\" \/>\n\t<meta property=\"og:image:type\" content=\"image\/jpeg\" \/>\n<meta name=\"twitter:card\" content=\"summary_large_image\" \/>\n<meta name=\"twitter:label1\" content=\"Gesch\u00e4tzte Lesezeit\" \/>\n\t<meta name=\"twitter:data1\" content=\"1\u00a0Minute\" \/>\n<script type=\"application\/ld+json\" class=\"yoast-schema-graph\">{\"@context\":\"https:\\\/\\\/schema.org\",\"@graph\":[{\"@type\":[\"WebPage\",\"ItemPage\"],\"@id\":\"https:\\\/\\\/www.purejewels.com\\\/product\\\/22ct-indian-gold-hoop-earrings-41121\\\/\",\"url\":\"https:\\\/\\\/www.purejewels.com\\\/product\\\/22ct-indian-gold-hoop-earrings-41121\\\/\",\"name\":\"22ct Gold Dailywear Hoop Earrings Hallmarked in UK\",\"isPartOf\":{\"@id\":\"https:\\\/\\\/www.purejewels.com\\\/#website\"},\"primaryImageOfPage\":{\"@id\":\"https:\\\/\\\/www.purejewels.com\\\/product\\\/22ct-indian-gold-hoop-earrings-41121\\\/#primaryimage\"},\"image\":{\"@id\":\"https:\\\/\\\/www.purejewels.com\\\/product\\\/22ct-indian-gold-hoop-earrings-41121\\\/#primaryimage\"},\"thumbnailUrl\":\"https:\\\/\\\/static.purejewels.com\\\/wp-content\\\/uploads\\\/2020\\\/10\\\/image187691656.jpg\",\"datePublished\":\"2023-12-01T10:56:52+00:00\",\"dateModified\":\"2024-10-17T08:40:41+00:00\",\"description\":\"Browse the modern Hoop earrings collection at PureJewels. Suitable for everyday use and free delivery in the UK. Order Online\",\"breadcrumb\":{\"@id\":\"https:\\\/\\\/www.purejewels.com\\\/product\\\/22ct-indian-gold-hoop-earrings-41121\\\/#breadcrumb\"},\"inLanguage\":\"de\",\"potentialAction\":[{\"@type\":\"ReadAction\",\"target\":[\"https:\\\/\\\/www.purejewels.com\\\/product\\\/22ct-indian-gold-hoop-earrings-41121\\\/\"]}]},{\"@type\":\"ImageObject\",\"inLanguage\":\"de\",\"@id\":\"https:\\\/\\\/www.purejewels.com\\\/product\\\/22ct-indian-gold-hoop-earrings-41121\\\/#primaryimage\",\"url\":\"https:\\\/\\\/static.purejewels.com\\\/wp-content\\\/uploads\\\/2020\\\/10\\\/image187691656.jpg\",\"contentUrl\":\"https:\\\/\\\/static.purejewels.com\\\/wp-content\\\/uploads\\\/2020\\\/10\\\/image187691656.jpg\",\"width\":1000,\"height\":1000,\"caption\":\"22ct Gold Hoop Earrings\"},{\"@type\":\"BreadcrumbList\",\"@id\":\"https:\\\/\\\/www.purejewels.com\\\/product\\\/22ct-indian-gold-hoop-earrings-41121\\\/#breadcrumb\",\"itemListElement\":[{\"@type\":\"ListItem\",\"position\":1,\"name\":\"Home\",\"item\":\"https:\\\/\\\/www.purejewels.com\\\/\"},{\"@type\":\"ListItem\",\"position\":2,\"name\":\"Shop\",\"item\":\"https:\\\/\\\/www.purejewels.com\\\/shop\\\/\"},{\"@type\":\"ListItem\",\"position\":3,\"name\":\"22ct Indian Gold Huggies Earrings\"}]},{\"@type\":\"WebSite\",\"@id\":\"https:\\\/\\\/www.purejewels.com\\\/#website\",\"url\":\"https:\\\/\\\/www.purejewels.com\\\/\",\"name\":\"PureJewels UK\",\"description\":\"Share the Love\",\"publisher\":{\"@id\":\"https:\\\/\\\/www.purejewels.com\\\/#organization\"},\"potentialAction\":[{\"@type\":\"SearchAction\",\"target\":{\"@type\":\"EntryPoint\",\"urlTemplate\":\"https:\\\/\\\/www.purejewels.com\\\/?s={search_term_string}\"},\"query-input\":{\"@type\":\"PropertyValueSpecification\",\"valueRequired\":true,\"valueName\":\"search_term_string\"}}],\"inLanguage\":\"de\"},{\"@type\":\"Organization\",\"@id\":\"https:\\\/\\\/www.purejewels.com\\\/#organization\",\"name\":\"PureJewels UK\",\"url\":\"https:\\\/\\\/www.purejewels.com\\\/\",\"logo\":{\"@type\":\"ImageObject\",\"inLanguage\":\"de\",\"@id\":\"https:\\\/\\\/www.purejewels.com\\\/#\\\/schema\\\/logo\\\/image\\\/\",\"url\":\"https:\\\/\\\/static.purejewels.com\\\/wp-content\\\/uploads\\\/2020\\\/11\\\/Logo-PJ-New-1.png\",\"contentUrl\":\"https:\\\/\\\/static.purejewels.com\\\/wp-content\\\/uploads\\\/2020\\\/11\\\/Logo-PJ-New-1.png\",\"width\":150,\"height\":80,\"caption\":\"PureJewels UK\"},\"image\":{\"@id\":\"https:\\\/\\\/www.purejewels.com\\\/#\\\/schema\\\/logo\\\/image\\\/\"}}]}<\/script>\n<!-- \/ Yoast SEO plugin. -->","yoast_head_json":{"title":"22ct Gold Dailywear Hoop Ohrringe gestempelt in UK","description":"St\u00f6bern Sie in der modernen Hoop-Ohrring-Kollektion bei PureJewels. Geeignet f\u00fcr den t\u00e4glichen Gebrauch und kostenlose Lieferung in Gro\u00dfbritannien. Online bestellen","robots":{"index":"index","follow":"follow","max-snippet":"max-snippet:-1","max-image-preview":"max-image-preview:large","max-video-preview":"max-video-preview:-1"},"canonical":"https:\/\/www.purejewels.com\/de\/produkt-2\/22-kt-indisches-gold-reifen-ohrringe-41121\/","og_locale":"de_DE","og_type":"article","og_title":"22ct Gold Dailywear Hoop Earrings Hallmarked in UK","og_description":"Browse the modern Hoop earrings collection at PureJewels. Suitable for everyday use and free delivery in the UK. Order Online","og_url":"https:\/\/www.purejewels.com\/de\/produkt-2\/22-kt-indisches-gold-reifen-ohrringe-41121\/","og_site_name":"PureJewels UK","article_modified_time":"2024-10-17T08:40:41+00:00","og_image":[{"width":1000,"height":1000,"url":"https:\/\/www.purejewels.com\/wp-content\/uploads\/2020\/10\/image187691656.jpg","type":"image\/jpeg"}],"twitter_card":"summary_large_image","twitter_misc":{"Gesch\u00e4tzte Lesezeit":"1\u00a0Minute"},"schema":{"@context":"https:\/\/schema.org","@graph":[{"@type":["WebPage","ItemPage"],"@id":"https:\/\/www.purejewels.com\/product\/22ct-indian-gold-hoop-earrings-41121\/","url":"https:\/\/www.purejewels.com\/product\/22ct-indian-gold-hoop-earrings-41121\/","name":"22ct Gold Dailywear Hoop Ohrringe gestempelt in UK","isPartOf":{"@id":"https:\/\/www.purejewels.com\/#website"},"primaryImageOfPage":{"@id":"https:\/\/www.purejewels.com\/product\/22ct-indian-gold-hoop-earrings-41121\/#primaryimage"},"image":{"@id":"https:\/\/www.purejewels.com\/product\/22ct-indian-gold-hoop-earrings-41121\/#primaryimage"},"thumbnailUrl":"https:\/\/static.purejewels.com\/wp-content\/uploads\/2020\/10\/image187691656.jpg","datePublished":"2023-12-01T10:56:52+00:00","dateModified":"2024-10-17T08:40:41+00:00","description":"St\u00f6bern Sie in der modernen Hoop-Ohrring-Kollektion bei PureJewels. Geeignet f\u00fcr den t\u00e4glichen Gebrauch und kostenlose Lieferung in Gro\u00dfbritannien. Online bestellen","breadcrumb":{"@id":"https:\/\/www.purejewels.com\/product\/22ct-indian-gold-hoop-earrings-41121\/#breadcrumb"},"inLanguage":"de","potentialAction":[{"@type":"ReadAction","target":["https:\/\/www.purejewels.com\/product\/22ct-indian-gold-hoop-earrings-41121\/"]}]},{"@type":"ImageObject","inLanguage":"de","@id":"https:\/\/www.purejewels.com\/product\/22ct-indian-gold-hoop-earrings-41121\/#primaryimage","url":"https:\/\/static.purejewels.com\/wp-content\/uploads\/2020\/10\/image187691656.jpg","contentUrl":"https:\/\/static.purejewels.com\/wp-content\/uploads\/2020\/10\/image187691656.jpg","width":1000,"height":1000,"caption":"22ct Gold Hoop Earrings"},{"@type":"BreadcrumbList","@id":"https:\/\/www.purejewels.com\/product\/22ct-indian-gold-hoop-earrings-41121\/#breadcrumb","itemListElement":[{"@type":"ListItem","position":1,"name":"Home","item":"https:\/\/www.purejewels.com\/"},{"@type":"ListItem","position":2,"name":"Shop","item":"https:\/\/www.purejewels.com\/shop\/"},{"@type":"ListItem","position":3,"name":"22ct Indian Gold Huggies Earrings"}]},{"@type":"WebSite","@id":"https:\/\/www.purejewels.com\/#website","url":"https:\/\/www.purejewels.com\/","name":"PureJewels UK","description":"Teile die Liebe","publisher":{"@id":"https:\/\/www.purejewels.com\/#organization"},"potentialAction":[{"@type":"SearchAction","target":{"@type":"EntryPoint","urlTemplate":"https:\/\/www.purejewels.com\/?s={search_term_string}"},"query-input":{"@type":"PropertyValueSpecification","valueRequired":true,"valueName":"search_term_string"}}],"inLanguage":"de"},{"@type":"Organization","@id":"https:\/\/www.purejewels.com\/#organization","name":"PureJewels UK","url":"https:\/\/www.purejewels.com\/","logo":{"@type":"ImageObject","inLanguage":"de","@id":"https:\/\/www.purejewels.com\/#\/schema\/logo\/image\/","url":"https:\/\/static.purejewels.com\/wp-content\/uploads\/2020\/11\/Logo-PJ-New-1.png","contentUrl":"https:\/\/static.purejewels.com\/wp-content\/uploads\/2020\/11\/Logo-PJ-New-1.png","width":150,"height":80,"caption":"PureJewels UK"},"image":{"@id":"https:\/\/www.purejewels.com\/#\/schema\/logo\/image\/"}}]}},"_links":{"self":[{"href":"https:\/\/www.purejewels.com\/de\/wp-json\/wp\/v2\/product\/329143","targetHints":{"allow":["GET"]}}],"collection":[{"href":"https:\/\/www.purejewels.com\/de\/wp-json\/wp\/v2\/product"}],"about":[{"href":"https:\/\/www.purejewels.com\/de\/wp-json\/wp\/v2\/types\/product"}],"replies":[{"embeddable":true,"href":"https:\/\/www.purejewels.com\/de\/wp-json\/wp\/v2\/comments?post=329143"}],"version-history":[{"count":1,"href":"https:\/\/www.purejewels.com\/de\/wp-json\/wp\/v2\/product\/329143\/revisions"}],"predecessor-version":[{"id":363690,"href":"https:\/\/www.purejewels.com\/de\/wp-json\/wp\/v2\/product\/329143\/revisions\/363690"}],"wp:featuredmedia":[{"embeddable":true,"href":"https:\/\/www.purejewels.com\/de\/wp-json\/wp\/v2\/media\/318305"}],"wp:attachment":[{"href":"https:\/\/www.purejewels.com\/de\/wp-json\/wp\/v2\/media?parent=329143"}],"wp:term":[{"taxonomy":"product_brand","embeddable":true,"href":"https:\/\/www.purejewels.com\/de\/wp-json\/wp\/v2\/product_brand?post=329143"},{"taxonomy":"product_cat","embeddable":true,"href":"https:\/\/www.purejewels.com\/de\/wp-json\/wp\/v2\/product_cat?post=329143"},{"taxonomy":"product_tag","embeddable":true,"href":"https:\/\/www.purejewels.com\/de\/wp-json\/wp\/v2\/product_tag?post=329143"}],"curies":[{"name":"wp","href":"https:\/\/api.w.org\/{rel}","templated":true}]}}