{"id":329201,"date":"2021-11-26T10:34:36","date_gmt":"2021-11-26T10:34:36","guid":{"rendered":"https:\/\/www.purejewels.com\/?post_type=product&#038;p=329201"},"modified":"2026-01-06T09:45:04","modified_gmt":"2026-01-06T09:45:04","slug":"echtes-goldarmband-fur-frauen-41093","status":"publish","type":"product","link":"https:\/\/www.purejewels.com\/de\/product\/real-gold-bracelet-for-women-41093\/","title":{"rendered":"Echtes Goldarmband f\u00fcr Frauen"},"content":{"rendered":"<p>Sind Sie auf der Suche nach einem atemberaubenden Schmuckst\u00fcck, das den Test der Zeit bestehen wird? Dann ist unser Armband aus 22 Karat Echtgold f\u00fcr Damen genau das Richtige f\u00fcr Sie. Aus reinem Gold gefertigt, ist dieses Armband nicht nur ein sch\u00f6nes Accessoire, sondern auch eine wertvolle Investition. Mit einem Gewicht von 13,6 Gramm und einer Gr\u00f6\u00dfe von 2,4 ist dieses Armband perfekt f\u00fcr jeden Anlass.<\/p>\n<p>Alle unsere Produkte sind vom London Assay Office gestempelt, was ihre Echtheit und Qualit\u00e4t garantiert. Jedes Goldarmband wird mit einer Pr\u00e4sentationsbox geliefert und ist somit das perfekte Geschenk f\u00fcr einen geliebten Menschen oder eine besondere Freude f\u00fcr Sie selbst. Au\u00dferdem ist die Lieferung bei jedem Kauf inbegriffen.<\/p>\n<p>Wenn Sie Fragen haben oder eine schnellere Lieferung ben\u00f6tigen, steht Ihnen unser Kundendienstteam gerne zur Verf\u00fcgung. Kaufen Sie mit dem Wissen ein, dass Ihr Kauf sicher ist. Bestellen Sie Ihr Echtgold-Armband f\u00fcr Frauen noch heute und verleihen Sie Ihrer Schmucksammlung einen Hauch von Luxus.<\/p>","protected":false},"excerpt":{"rendered":"<ul>\n<li>\u00a022ct Echtgold-Armband f\u00fcr Frauen<\/li>\n<li>Wt. 13.6 gms<\/li>\n<li>Gr\u00f6\u00dfe. 2.4<\/li>\n<li>SKU. 41093<\/li>\n<li>Alle Preise inklusive Mehrwertsteuer<\/li>\n<li>Alle unsere Produkte sind von London Assay Office gestempelt.<\/li>\n<li>Alle goldenen Armb\u00e4nder werden in einer Geschenkbox geliefert<\/li>\n<li>Lieferung inbegriffen<\/li>\n<li>Kontaktieren Sie uns \/ Live-Chat mit uns zu erkunden unsere Sammlung von <span data-sheets-value=\"{&quot;1&quot;:2,&quot;2&quot;:&quot;22 carat gold jewellery uk&quot;}\" data-sheets-userformat=\"{&quot;2&quot;:13185,&quot;3&quot;:{&quot;1&quot;:0},&quot;10&quot;:2,&quot;11&quot;:0,&quot;12&quot;:0,&quot;15&quot;:&quot;Arial, serif&quot;,&quot;16&quot;:12}\">22 Karat Goldschmuck UK<\/span><\/li>\n<\/ul>","protected":false},"featured_media":312092,"comment_status":"closed","ping_status":"closed","template":"","meta":{"_eb_attr":"","_crsspst_to_jayantr4sg-hostcom":false},"product_brand":[],"product_cat":[1791,1559,1324,1627,1570,1573,1574],"product_tag":[],"class_list":{"0":"post-329201","1":"product","2":"type-product","3":"status-publish","4":"has-post-thumbnail","6":"product_cat-anniversary-gifts","7":"product_cat-birthday-gifts","8":"product_cat-gold-bracelet","9":"product_cat-ladies-bracelet","10":"product_cat-mothers-day-gifts","11":"product_cat-wedding-gifts","12":"product_cat-womens-jewellery","14":"first","15":"outofstock","16":"taxable","17":"shipping-taxable","18":"product-type-simple","19":"add-to-wishlist-before_image"},"yoast_head":"<!-- This site is optimized with the Yoast SEO plugin v27.3 - https:\/\/yoast.com\/product\/yoast-seo-wordpress\/ -->\n<title>Real Gold Bracelet for Women - (SKU:41093) - Purejewels<\/title>\n<meta name=\"description\" content=\"Real Gold Bracelet for Women .Purejewels specialist in contemporary asian jewellery in white, yellow and rose gold, as well as the traditional favourites\" \/>\n<meta name=\"robots\" content=\"index, follow, max-snippet:-1, max-image-preview:large, max-video-preview:-1\" \/>\n<link rel=\"canonical\" href=\"https:\/\/www.purejewels.com\/de\/produkt-2\/echtes-goldarmband-fur-frauen-41093\/\" \/>\n<meta property=\"og:locale\" content=\"de_DE\" \/>\n<meta property=\"og:type\" content=\"article\" \/>\n<meta property=\"og:title\" content=\"Real Gold Bracelet for Women - (SKU:41093) - Purejewels\" \/>\n<meta property=\"og:description\" content=\"Real Gold Bracelet for Women .Purejewels specialist in contemporary asian jewellery in white, yellow and rose gold, as well as the traditional favourites\" \/>\n<meta property=\"og:url\" content=\"https:\/\/www.purejewels.com\/de\/produkt-2\/echtes-goldarmband-fur-frauen-41093\/\" \/>\n<meta property=\"og:site_name\" content=\"PureJewels UK\" \/>\n<meta property=\"article:modified_time\" content=\"2026-01-06T09:45:04+00:00\" \/>\n<meta property=\"og:image\" content=\"https:\/\/www.purejewels.com\/wp-content\/uploads\/2019\/12\/31940.jpg\" \/>\n\t<meta property=\"og:image:width\" content=\"1000\" \/>\n\t<meta property=\"og:image:height\" content=\"1000\" \/>\n\t<meta property=\"og:image:type\" content=\"image\/jpeg\" \/>\n<meta name=\"twitter:card\" content=\"summary_large_image\" \/>\n<meta name=\"twitter:label1\" content=\"Gesch\u00e4tzte Lesezeit\" \/>\n\t<meta name=\"twitter:data1\" content=\"1\u00a0Minute\" \/>\n<script type=\"application\/ld+json\" class=\"yoast-schema-graph\">{\"@context\":\"https:\\\/\\\/schema.org\",\"@graph\":[{\"@type\":[\"WebPage\",\"ItemPage\"],\"@id\":\"https:\\\/\\\/www.purejewels.com\\\/product\\\/real-gold-bracelet-for-women-41093\\\/\",\"url\":\"https:\\\/\\\/www.purejewels.com\\\/product\\\/real-gold-bracelet-for-women-41093\\\/\",\"name\":\"Real Gold Bracelet for Women - (SKU:41093) - Purejewels\",\"isPartOf\":{\"@id\":\"https:\\\/\\\/www.purejewels.com\\\/#website\"},\"primaryImageOfPage\":{\"@id\":\"https:\\\/\\\/www.purejewels.com\\\/product\\\/real-gold-bracelet-for-women-41093\\\/#primaryimage\"},\"image\":{\"@id\":\"https:\\\/\\\/www.purejewels.com\\\/product\\\/real-gold-bracelet-for-women-41093\\\/#primaryimage\"},\"thumbnailUrl\":\"https:\\\/\\\/static.purejewels.com\\\/wp-content\\\/uploads\\\/2019\\\/12\\\/31940.jpg\",\"datePublished\":\"2021-11-26T10:34:36+00:00\",\"dateModified\":\"2026-01-06T09:45:04+00:00\",\"description\":\"Real Gold Bracelet for Women .Purejewels specialist in contemporary asian jewellery in white, yellow and rose gold, as well as the traditional favourites\",\"breadcrumb\":{\"@id\":\"https:\\\/\\\/www.purejewels.com\\\/product\\\/real-gold-bracelet-for-women-41093\\\/#breadcrumb\"},\"inLanguage\":\"de\",\"potentialAction\":[{\"@type\":\"ReadAction\",\"target\":[\"https:\\\/\\\/www.purejewels.com\\\/product\\\/real-gold-bracelet-for-women-41093\\\/\"]}]},{\"@type\":\"ImageObject\",\"inLanguage\":\"de\",\"@id\":\"https:\\\/\\\/www.purejewels.com\\\/product\\\/real-gold-bracelet-for-women-41093\\\/#primaryimage\",\"url\":\"https:\\\/\\\/static.purejewels.com\\\/wp-content\\\/uploads\\\/2019\\\/12\\\/31940.jpg\",\"contentUrl\":\"https:\\\/\\\/static.purejewels.com\\\/wp-content\\\/uploads\\\/2019\\\/12\\\/31940.jpg\",\"width\":1000,\"height\":1000,\"caption\":\"31940\"},{\"@type\":\"BreadcrumbList\",\"@id\":\"https:\\\/\\\/www.purejewels.com\\\/product\\\/real-gold-bracelet-for-women-41093\\\/#breadcrumb\",\"itemListElement\":[{\"@type\":\"ListItem\",\"position\":1,\"name\":\"Home\",\"item\":\"https:\\\/\\\/www.purejewels.com\\\/\"},{\"@type\":\"ListItem\",\"position\":2,\"name\":\"Shop\",\"item\":\"https:\\\/\\\/www.purejewels.com\\\/shop\\\/\"},{\"@type\":\"ListItem\",\"position\":3,\"name\":\"Real Gold Bracelet for Women\"}]},{\"@type\":\"WebSite\",\"@id\":\"https:\\\/\\\/www.purejewels.com\\\/#website\",\"url\":\"https:\\\/\\\/www.purejewels.com\\\/\",\"name\":\"PureJewels UK\",\"description\":\"Share the Love\",\"publisher\":{\"@id\":\"https:\\\/\\\/www.purejewels.com\\\/#organization\"},\"potentialAction\":[{\"@type\":\"SearchAction\",\"target\":{\"@type\":\"EntryPoint\",\"urlTemplate\":\"https:\\\/\\\/www.purejewels.com\\\/?s={search_term_string}\"},\"query-input\":{\"@type\":\"PropertyValueSpecification\",\"valueRequired\":true,\"valueName\":\"search_term_string\"}}],\"inLanguage\":\"de\"},{\"@type\":\"Organization\",\"@id\":\"https:\\\/\\\/www.purejewels.com\\\/#organization\",\"name\":\"PureJewels UK\",\"url\":\"https:\\\/\\\/www.purejewels.com\\\/\",\"logo\":{\"@type\":\"ImageObject\",\"inLanguage\":\"de\",\"@id\":\"https:\\\/\\\/www.purejewels.com\\\/#\\\/schema\\\/logo\\\/image\\\/\",\"url\":\"https:\\\/\\\/static.purejewels.com\\\/wp-content\\\/uploads\\\/2020\\\/11\\\/Logo-PJ-New-1.png\",\"contentUrl\":\"https:\\\/\\\/static.purejewels.com\\\/wp-content\\\/uploads\\\/2020\\\/11\\\/Logo-PJ-New-1.png\",\"width\":150,\"height\":80,\"caption\":\"PureJewels UK\"},\"image\":{\"@id\":\"https:\\\/\\\/www.purejewels.com\\\/#\\\/schema\\\/logo\\\/image\\\/\"}}]}<\/script>\n<!-- \/ Yoast SEO plugin. -->","yoast_head_json":{"title":"Echtes Gold-Armband f\u00fcr Frauen - (SKU:41093) - Purejewels","description":"Purejewels ist Spezialist f\u00fcr zeitgen\u00f6ssischen asiatischen Schmuck aus Wei\u00df-, Gelb- und Ros\u00e9gold sowie f\u00fcr die traditionellen Favoriten","robots":{"index":"index","follow":"follow","max-snippet":"max-snippet:-1","max-image-preview":"max-image-preview:large","max-video-preview":"max-video-preview:-1"},"canonical":"https:\/\/www.purejewels.com\/de\/produkt-2\/echtes-goldarmband-fur-frauen-41093\/","og_locale":"de_DE","og_type":"article","og_title":"Real Gold Bracelet for Women - (SKU:41093) - Purejewels","og_description":"Real Gold Bracelet for Women .Purejewels specialist in contemporary asian jewellery in white, yellow and rose gold, as well as the traditional favourites","og_url":"https:\/\/www.purejewels.com\/de\/produkt-2\/echtes-goldarmband-fur-frauen-41093\/","og_site_name":"PureJewels UK","article_modified_time":"2026-01-06T09:45:04+00:00","og_image":[{"width":1000,"height":1000,"url":"https:\/\/www.purejewels.com\/wp-content\/uploads\/2019\/12\/31940.jpg","type":"image\/jpeg"}],"twitter_card":"summary_large_image","twitter_misc":{"Gesch\u00e4tzte Lesezeit":"1\u00a0Minute"},"schema":{"@context":"https:\/\/schema.org","@graph":[{"@type":["WebPage","ItemPage"],"@id":"https:\/\/www.purejewels.com\/product\/real-gold-bracelet-for-women-41093\/","url":"https:\/\/www.purejewels.com\/product\/real-gold-bracelet-for-women-41093\/","name":"Echtes Gold-Armband f\u00fcr Frauen - (SKU:41093) - Purejewels","isPartOf":{"@id":"https:\/\/www.purejewels.com\/#website"},"primaryImageOfPage":{"@id":"https:\/\/www.purejewels.com\/product\/real-gold-bracelet-for-women-41093\/#primaryimage"},"image":{"@id":"https:\/\/www.purejewels.com\/product\/real-gold-bracelet-for-women-41093\/#primaryimage"},"thumbnailUrl":"https:\/\/static.purejewels.com\/wp-content\/uploads\/2019\/12\/31940.jpg","datePublished":"2021-11-26T10:34:36+00:00","dateModified":"2026-01-06T09:45:04+00:00","description":"Purejewels ist Spezialist f\u00fcr zeitgen\u00f6ssischen asiatischen Schmuck aus Wei\u00df-, Gelb- und Ros\u00e9gold sowie f\u00fcr die traditionellen Favoriten","breadcrumb":{"@id":"https:\/\/www.purejewels.com\/product\/real-gold-bracelet-for-women-41093\/#breadcrumb"},"inLanguage":"de","potentialAction":[{"@type":"ReadAction","target":["https:\/\/www.purejewels.com\/product\/real-gold-bracelet-for-women-41093\/"]}]},{"@type":"ImageObject","inLanguage":"de","@id":"https:\/\/www.purejewels.com\/product\/real-gold-bracelet-for-women-41093\/#primaryimage","url":"https:\/\/static.purejewels.com\/wp-content\/uploads\/2019\/12\/31940.jpg","contentUrl":"https:\/\/static.purejewels.com\/wp-content\/uploads\/2019\/12\/31940.jpg","width":1000,"height":1000,"caption":"31940"},{"@type":"BreadcrumbList","@id":"https:\/\/www.purejewels.com\/product\/real-gold-bracelet-for-women-41093\/#breadcrumb","itemListElement":[{"@type":"ListItem","position":1,"name":"Home","item":"https:\/\/www.purejewels.com\/"},{"@type":"ListItem","position":2,"name":"Shop","item":"https:\/\/www.purejewels.com\/shop\/"},{"@type":"ListItem","position":3,"name":"Real Gold Bracelet for Women"}]},{"@type":"WebSite","@id":"https:\/\/www.purejewels.com\/#website","url":"https:\/\/www.purejewels.com\/","name":"PureJewels UK","description":"Teile die Liebe","publisher":{"@id":"https:\/\/www.purejewels.com\/#organization"},"potentialAction":[{"@type":"SearchAction","target":{"@type":"EntryPoint","urlTemplate":"https:\/\/www.purejewels.com\/?s={search_term_string}"},"query-input":{"@type":"PropertyValueSpecification","valueRequired":true,"valueName":"search_term_string"}}],"inLanguage":"de"},{"@type":"Organization","@id":"https:\/\/www.purejewels.com\/#organization","name":"PureJewels UK","url":"https:\/\/www.purejewels.com\/","logo":{"@type":"ImageObject","inLanguage":"de","@id":"https:\/\/www.purejewels.com\/#\/schema\/logo\/image\/","url":"https:\/\/static.purejewels.com\/wp-content\/uploads\/2020\/11\/Logo-PJ-New-1.png","contentUrl":"https:\/\/static.purejewels.com\/wp-content\/uploads\/2020\/11\/Logo-PJ-New-1.png","width":150,"height":80,"caption":"PureJewels UK"},"image":{"@id":"https:\/\/www.purejewels.com\/#\/schema\/logo\/image\/"}}]}},"_links":{"self":[{"href":"https:\/\/www.purejewels.com\/de\/wp-json\/wp\/v2\/product\/329201","targetHints":{"allow":["GET"]}}],"collection":[{"href":"https:\/\/www.purejewels.com\/de\/wp-json\/wp\/v2\/product"}],"about":[{"href":"https:\/\/www.purejewels.com\/de\/wp-json\/wp\/v2\/types\/product"}],"replies":[{"embeddable":true,"href":"https:\/\/www.purejewels.com\/de\/wp-json\/wp\/v2\/comments?post=329201"}],"version-history":[{"count":1,"href":"https:\/\/www.purejewels.com\/de\/wp-json\/wp\/v2\/product\/329201\/revisions"}],"predecessor-version":[{"id":420495,"href":"https:\/\/www.purejewels.com\/de\/wp-json\/wp\/v2\/product\/329201\/revisions\/420495"}],"wp:featuredmedia":[{"embeddable":true,"href":"https:\/\/www.purejewels.com\/de\/wp-json\/wp\/v2\/media\/312092"}],"wp:attachment":[{"href":"https:\/\/www.purejewels.com\/de\/wp-json\/wp\/v2\/media?parent=329201"}],"wp:term":[{"taxonomy":"product_brand","embeddable":true,"href":"https:\/\/www.purejewels.com\/de\/wp-json\/wp\/v2\/product_brand?post=329201"},{"taxonomy":"product_cat","embeddable":true,"href":"https:\/\/www.purejewels.com\/de\/wp-json\/wp\/v2\/product_cat?post=329201"},{"taxonomy":"product_tag","embeddable":true,"href":"https:\/\/www.purejewels.com\/de\/wp-json\/wp\/v2\/product_tag?post=329201"}],"curies":[{"name":"wp","href":"https:\/\/api.w.org\/{rel}","templated":true}]}}