{"id":329777,"date":"2021-12-10T10:27:32","date_gmt":"2021-12-10T10:27:32","guid":{"rendered":"https:\/\/www.purejewels.com\/?post_type=product&#038;p=329777"},"modified":"2026-01-07T05:58:12","modified_gmt":"2026-01-07T05:58:12","slug":"22-kt-gold-ring-antik-ring-41034","status":"publish","type":"product","link":"https:\/\/www.purejewels.com\/de\/product\/22ct-gold-ring-antique-ring-41034\/","title":{"rendered":"22 Karat Gold Antik Finish Ring | Gr\u00f6\u00dfe K"},"content":{"rendered":"<p>Wir lieben Gold <a href=\"https:\/\/www.purejewels.com\/de\/product-category\/22ct-gold-jewellery\/gold-rings\/\">Ringe<\/a> und insbesondere <a href=\"https:\/\/www.purejewels.com\/de\/rosette-collection\/\">antikes Gold<\/a> Bandringe. Ringe aus Antikgold haben eine nostalgische und zugleich \u00e4therische Ausstrahlung. Es ist eine Erinnerung daran, wie Dinge mit Anmut altern.<\/p>\n<p>Unser 22-Karat <a href=\"https:\/\/www.purejewels.com\/de\/product\/22ct-gold-ladies-ring-size-k1-2-46827\/\">Goldring<\/a> hat elegant gearbeitete Blumen, die den Ring umgeben, mit geometrisch geschnittenen Akzenten an der Seite. Die zarte Blumendarstellung auf einem Ring aus antikem Gold ist mit Komfort f\u00fcr die Tr\u00e4gerin gebaut. Der Antikgoldring kann auch mit anderen 22-Karat-Goldringen gestapelt werden, um eine dramatische Angelegenheit zu schaffen. Die sechsbl\u00e4ttrige Blume auf dem Ring aus antikem Gold besticht durch ihre gekonnte <a href=\"https:\/\/www.purejewels.com\/de\/a-guide-to-die-stamping\/\">Handwerkskunst<\/a>.<\/p>\n<p><span data-sheets-root=\"1\">Dieser exquisite Ring aus antikem Gold ist ein wahres Zeugnis zeitloser Sch\u00f6nheit und Eleganz. Der aus 22 Karat Gold gefertigte Ring verf\u00fcgt \u00fcber ein atemberaubendes Antik-Finish, das ihm einen Hauch von Vintage-Charme verleiht. Das aufwendige Design und die Details machen diesen Ring zu einem einzigartigen und auff\u00e4lligen Schmuckst\u00fcck, an dem Sie sicher noch lange Freude haben werden.<\/p>\n<p>Der Ring hat die Gr\u00f6\u00dfe K und ist damit perfekt f\u00fcr Damen, die zarten und filigranen Schmuck sch\u00e4tzen. Er wird in einer sch\u00f6nen Pr\u00e4sentationsbox geliefert und ist somit ein ideales Geschenk f\u00fcr einen geliebten Menschen oder eine besondere Freude f\u00fcr Sie selbst.<br \/>\n<\/span><\/p>","protected":false},"excerpt":{"rendered":"<table>\n<tbody>\n<tr>\n<td>Typ des Rings<\/td>\n<td>Antiker Goldring<\/td>\n<\/tr>\n<tr>\n<td>SKU<\/td>\n<td>41034<\/td>\n<\/tr>\n<tr>\n<td>Gewicht<\/td>\n<td>4,5 Gramm<\/td>\n<\/tr>\n<tr>\n<td>Ringgr\u00f6\u00dfe<\/td>\n<td>K<\/td>\n<\/tr>\n<tr>\n<td>Geschlecht<\/td>\n<td>Damen<\/td>\n<\/tr>\n<tr>\n<td>Entgelte<\/td>\n<td>Lieferung und Mehrwertsteuer inbegriffen<\/td>\n<\/tr>\n<tr>\n<td>Verpackung<\/td>\n<td>Mit Pr\u00e4sentationsbox<\/td>\n<\/tr>\n<tr>\n<td>Mehr Informationen<\/td>\n<td>Live-Chat mit uns f\u00fcr Verf\u00fcgbarkeit und mehr Bilder<\/td>\n<\/tr>\n<\/tbody>\n<\/table>","protected":false},"featured_media":343032,"comment_status":"closed","ping_status":"closed","template":"","meta":{"_eb_attr":"","_crsspst_to_jayantr4sg-hostcom":false},"product_brand":[],"product_cat":[1791,1559,1235,1783,6156,1656,5276,1573],"product_tag":[64],"class_list":{"0":"post-329777","1":"product","2":"type-product","3":"status-publish","4":"has-post-thumbnail","6":"product_cat-anniversary-gifts","7":"product_cat-birthday-gifts","8":"product_cat-gold-rings","9":"product_cat-ladies-rings","10":"product_cat-rosette-bands","11":"product_cat-rosettes-collections","12":"product_cat-rosettes-ring","13":"product_cat-wedding-gifts","14":"product_tag-rings","16":"first","17":"outofstock","18":"taxable","19":"shipping-taxable","20":"product-type-simple","21":"add-to-wishlist-before_image"},"yoast_head":"<!-- This site is optimized with the Yoast SEO plugin v27.6 - https:\/\/yoast.com\/product\/yoast-seo-wordpress\/ -->\n<title>22ct Gold Ring Antique Ring | PureJewels UK<\/title>\n<meta name=\"description\" content=\"Antique Gold Ring 916 | Explore our large collection of Antique Gold Band Rings and Jewellery, from the PureJewels UK. Free delivery across UK.\" \/>\n<meta name=\"robots\" content=\"index, follow, max-snippet:-1, max-image-preview:large, max-video-preview:-1\" \/>\n<link rel=\"canonical\" href=\"https:\/\/www.purejewels.com\/de\/produkt-2\/22-kt-gold-ring-antik-ring-41034\/\" \/>\n<meta property=\"og:locale\" content=\"de_DE\" \/>\n<meta property=\"og:type\" content=\"article\" \/>\n<meta property=\"og:title\" content=\"22ct Gold Ring Antique Ring | PureJewels UK\" \/>\n<meta property=\"og:description\" content=\"Antique Gold Ring 916 | Explore our large collection of Antique Gold Band Rings and Jewellery, from the PureJewels UK. Free delivery across UK.\" \/>\n<meta property=\"og:url\" content=\"https:\/\/www.purejewels.com\/de\/produkt-2\/22-kt-gold-ring-antik-ring-41034\/\" \/>\n<meta property=\"og:site_name\" content=\"PureJewels UK\" \/>\n<meta property=\"article:modified_time\" content=\"2026-01-07T05:58:12+00:00\" \/>\n<meta property=\"og:image\" content=\"https:\/\/www.purejewels.com\/wp-content\/uploads\/2021\/12\/WhatsApp-Image-2023-01-25-at-1.11.19-PM.jpeg\" \/>\n\t<meta property=\"og:image:width\" content=\"1000\" \/>\n\t<meta property=\"og:image:height\" content=\"1000\" \/>\n\t<meta property=\"og:image:type\" content=\"image\/jpeg\" \/>\n<meta name=\"twitter:card\" content=\"summary_large_image\" \/>\n<meta name=\"twitter:label1\" content=\"Gesch\u00e4tzte Lesezeit\" \/>\n\t<meta name=\"twitter:data1\" content=\"2\u00a0Minuten\" \/>\n<script type=\"application\/ld+json\" class=\"yoast-schema-graph\">{\"@context\":\"https:\\\/\\\/schema.org\",\"@graph\":[{\"@type\":[\"WebPage\",\"ItemPage\"],\"@id\":\"https:\\\/\\\/www.purejewels.com\\\/product\\\/22ct-gold-ring-antique-ring-41034\\\/\",\"url\":\"https:\\\/\\\/www.purejewels.com\\\/product\\\/22ct-gold-ring-antique-ring-41034\\\/\",\"name\":\"22ct Gold Ring Antique Ring | PureJewels UK\",\"isPartOf\":{\"@id\":\"https:\\\/\\\/www.purejewels.com\\\/#website\"},\"primaryImageOfPage\":{\"@id\":\"https:\\\/\\\/www.purejewels.com\\\/product\\\/22ct-gold-ring-antique-ring-41034\\\/#primaryimage\"},\"image\":{\"@id\":\"https:\\\/\\\/www.purejewels.com\\\/product\\\/22ct-gold-ring-antique-ring-41034\\\/#primaryimage\"},\"thumbnailUrl\":\"https:\\\/\\\/static.purejewels.com\\\/wp-content\\\/uploads\\\/2021\\\/12\\\/WhatsApp-Image-2023-01-25-at-1.11.19-PM.jpeg\",\"datePublished\":\"2021-12-10T10:27:32+00:00\",\"dateModified\":\"2026-01-07T05:58:12+00:00\",\"description\":\"Antique Gold Ring 916 | Explore our large collection of Antique Gold Band Rings and Jewellery, from the PureJewels UK. Free delivery across UK.\",\"breadcrumb\":{\"@id\":\"https:\\\/\\\/www.purejewels.com\\\/product\\\/22ct-gold-ring-antique-ring-41034\\\/#breadcrumb\"},\"inLanguage\":\"de\",\"potentialAction\":[{\"@type\":\"ReadAction\",\"target\":[\"https:\\\/\\\/www.purejewels.com\\\/product\\\/22ct-gold-ring-antique-ring-41034\\\/\"]}]},{\"@type\":\"ImageObject\",\"inLanguage\":\"de\",\"@id\":\"https:\\\/\\\/www.purejewels.com\\\/product\\\/22ct-gold-ring-antique-ring-41034\\\/#primaryimage\",\"url\":\"https:\\\/\\\/static.purejewels.com\\\/wp-content\\\/uploads\\\/2021\\\/12\\\/WhatsApp-Image-2023-01-25-at-1.11.19-PM.jpeg\",\"contentUrl\":\"https:\\\/\\\/static.purejewels.com\\\/wp-content\\\/uploads\\\/2021\\\/12\\\/WhatsApp-Image-2023-01-25-at-1.11.19-PM.jpeg\",\"width\":1000,\"height\":1000},{\"@type\":\"BreadcrumbList\",\"@id\":\"https:\\\/\\\/www.purejewels.com\\\/product\\\/22ct-gold-ring-antique-ring-41034\\\/#breadcrumb\",\"itemListElement\":[{\"@type\":\"ListItem\",\"position\":1,\"name\":\"Home\",\"item\":\"https:\\\/\\\/www.purejewels.com\\\/\"},{\"@type\":\"ListItem\",\"position\":2,\"name\":\"Shop\",\"item\":\"https:\\\/\\\/www.purejewels.com\\\/shop\\\/\"},{\"@type\":\"ListItem\",\"position\":3,\"name\":\"22 carat Gold Antique Finish Ring | Size K\"}]},{\"@type\":\"WebSite\",\"@id\":\"https:\\\/\\\/www.purejewels.com\\\/#website\",\"url\":\"https:\\\/\\\/www.purejewels.com\\\/\",\"name\":\"PureJewels UK\",\"description\":\"Share the Love\",\"publisher\":{\"@id\":\"https:\\\/\\\/www.purejewels.com\\\/#organization\"},\"potentialAction\":[{\"@type\":\"SearchAction\",\"target\":{\"@type\":\"EntryPoint\",\"urlTemplate\":\"https:\\\/\\\/www.purejewels.com\\\/?s={search_term_string}\"},\"query-input\":{\"@type\":\"PropertyValueSpecification\",\"valueRequired\":true,\"valueName\":\"search_term_string\"}}],\"inLanguage\":\"de\"},{\"@type\":\"Organization\",\"@id\":\"https:\\\/\\\/www.purejewels.com\\\/#organization\",\"name\":\"PureJewels UK\",\"url\":\"https:\\\/\\\/www.purejewels.com\\\/\",\"logo\":{\"@type\":\"ImageObject\",\"inLanguage\":\"de\",\"@id\":\"https:\\\/\\\/www.purejewels.com\\\/#\\\/schema\\\/logo\\\/image\\\/\",\"url\":\"https:\\\/\\\/static.purejewels.com\\\/wp-content\\\/uploads\\\/2020\\\/11\\\/Logo-PJ-New-1.png\",\"contentUrl\":\"https:\\\/\\\/static.purejewels.com\\\/wp-content\\\/uploads\\\/2020\\\/11\\\/Logo-PJ-New-1.png\",\"width\":150,\"height\":80,\"caption\":\"PureJewels UK\"},\"image\":{\"@id\":\"https:\\\/\\\/www.purejewels.com\\\/#\\\/schema\\\/logo\\\/image\\\/\"}}]}<\/script>\n<!-- \/ Yoast SEO plugin. -->","yoast_head_json":{"title":"22ct Gold Ring Antiker Ring | PureJewels UK","description":"Antique Gold Ring 916 | Entdecken Sie unsere gro\u00dfe Sammlung von Antique Gold Band Ringe und Schmuck, von der PureJewels UK. Kostenlose Lieferung in ganz Gro\u00dfbritannien.","robots":{"index":"index","follow":"follow","max-snippet":"max-snippet:-1","max-image-preview":"max-image-preview:large","max-video-preview":"max-video-preview:-1"},"canonical":"https:\/\/www.purejewels.com\/de\/produkt-2\/22-kt-gold-ring-antik-ring-41034\/","og_locale":"de_DE","og_type":"article","og_title":"22ct Gold Ring Antique Ring | PureJewels UK","og_description":"Antique Gold Ring 916 | Explore our large collection of Antique Gold Band Rings and Jewellery, from the PureJewels UK. Free delivery across UK.","og_url":"https:\/\/www.purejewels.com\/de\/produkt-2\/22-kt-gold-ring-antik-ring-41034\/","og_site_name":"PureJewels UK","article_modified_time":"2026-01-07T05:58:12+00:00","og_image":[{"width":1000,"height":1000,"url":"https:\/\/www.purejewels.com\/wp-content\/uploads\/2021\/12\/WhatsApp-Image-2023-01-25-at-1.11.19-PM.jpeg","type":"image\/jpeg"}],"twitter_card":"summary_large_image","twitter_misc":{"Gesch\u00e4tzte Lesezeit":"2\u00a0Minuten"},"schema":{"@context":"https:\/\/schema.org","@graph":[{"@type":["WebPage","ItemPage"],"@id":"https:\/\/www.purejewels.com\/product\/22ct-gold-ring-antique-ring-41034\/","url":"https:\/\/www.purejewels.com\/product\/22ct-gold-ring-antique-ring-41034\/","name":"22ct Gold Ring Antiker Ring | PureJewels UK","isPartOf":{"@id":"https:\/\/www.purejewels.com\/#website"},"primaryImageOfPage":{"@id":"https:\/\/www.purejewels.com\/product\/22ct-gold-ring-antique-ring-41034\/#primaryimage"},"image":{"@id":"https:\/\/www.purejewels.com\/product\/22ct-gold-ring-antique-ring-41034\/#primaryimage"},"thumbnailUrl":"https:\/\/static.purejewels.com\/wp-content\/uploads\/2021\/12\/WhatsApp-Image-2023-01-25-at-1.11.19-PM.jpeg","datePublished":"2021-12-10T10:27:32+00:00","dateModified":"2026-01-07T05:58:12+00:00","description":"Antique Gold Ring 916 | Entdecken Sie unsere gro\u00dfe Sammlung von Antique Gold Band Ringe und Schmuck, von der PureJewels UK. Kostenlose Lieferung in ganz Gro\u00dfbritannien.","breadcrumb":{"@id":"https:\/\/www.purejewels.com\/product\/22ct-gold-ring-antique-ring-41034\/#breadcrumb"},"inLanguage":"de","potentialAction":[{"@type":"ReadAction","target":["https:\/\/www.purejewels.com\/product\/22ct-gold-ring-antique-ring-41034\/"]}]},{"@type":"ImageObject","inLanguage":"de","@id":"https:\/\/www.purejewels.com\/product\/22ct-gold-ring-antique-ring-41034\/#primaryimage","url":"https:\/\/static.purejewels.com\/wp-content\/uploads\/2021\/12\/WhatsApp-Image-2023-01-25-at-1.11.19-PM.jpeg","contentUrl":"https:\/\/static.purejewels.com\/wp-content\/uploads\/2021\/12\/WhatsApp-Image-2023-01-25-at-1.11.19-PM.jpeg","width":1000,"height":1000},{"@type":"BreadcrumbList","@id":"https:\/\/www.purejewels.com\/product\/22ct-gold-ring-antique-ring-41034\/#breadcrumb","itemListElement":[{"@type":"ListItem","position":1,"name":"Home","item":"https:\/\/www.purejewels.com\/"},{"@type":"ListItem","position":2,"name":"Shop","item":"https:\/\/www.purejewels.com\/shop\/"},{"@type":"ListItem","position":3,"name":"22 carat Gold Antique Finish Ring | Size K"}]},{"@type":"WebSite","@id":"https:\/\/www.purejewels.com\/#website","url":"https:\/\/www.purejewels.com\/","name":"PureJewels UK","description":"Teile die Liebe","publisher":{"@id":"https:\/\/www.purejewels.com\/#organization"},"potentialAction":[{"@type":"SearchAction","target":{"@type":"EntryPoint","urlTemplate":"https:\/\/www.purejewels.com\/?s={search_term_string}"},"query-input":{"@type":"PropertyValueSpecification","valueRequired":true,"valueName":"search_term_string"}}],"inLanguage":"de"},{"@type":"Organization","@id":"https:\/\/www.purejewels.com\/#organization","name":"PureJewels UK","url":"https:\/\/www.purejewels.com\/","logo":{"@type":"ImageObject","inLanguage":"de","@id":"https:\/\/www.purejewels.com\/#\/schema\/logo\/image\/","url":"https:\/\/static.purejewels.com\/wp-content\/uploads\/2020\/11\/Logo-PJ-New-1.png","contentUrl":"https:\/\/static.purejewels.com\/wp-content\/uploads\/2020\/11\/Logo-PJ-New-1.png","width":150,"height":80,"caption":"PureJewels UK"},"image":{"@id":"https:\/\/www.purejewels.com\/#\/schema\/logo\/image\/"}}]}},"_links":{"self":[{"href":"https:\/\/www.purejewels.com\/de\/wp-json\/wp\/v2\/product\/329777","targetHints":{"allow":["GET"]}}],"collection":[{"href":"https:\/\/www.purejewels.com\/de\/wp-json\/wp\/v2\/product"}],"about":[{"href":"https:\/\/www.purejewels.com\/de\/wp-json\/wp\/v2\/types\/product"}],"replies":[{"embeddable":true,"href":"https:\/\/www.purejewels.com\/de\/wp-json\/wp\/v2\/comments?post=329777"}],"version-history":[{"count":3,"href":"https:\/\/www.purejewels.com\/de\/wp-json\/wp\/v2\/product\/329777\/revisions"}],"predecessor-version":[{"id":420243,"href":"https:\/\/www.purejewels.com\/de\/wp-json\/wp\/v2\/product\/329777\/revisions\/420243"}],"wp:featuredmedia":[{"embeddable":true,"href":"https:\/\/www.purejewels.com\/de\/wp-json\/wp\/v2\/media\/343032"}],"wp:attachment":[{"href":"https:\/\/www.purejewels.com\/de\/wp-json\/wp\/v2\/media?parent=329777"}],"wp:term":[{"taxonomy":"product_brand","embeddable":true,"href":"https:\/\/www.purejewels.com\/de\/wp-json\/wp\/v2\/product_brand?post=329777"},{"taxonomy":"product_cat","embeddable":true,"href":"https:\/\/www.purejewels.com\/de\/wp-json\/wp\/v2\/product_cat?post=329777"},{"taxonomy":"product_tag","embeddable":true,"href":"https:\/\/www.purejewels.com\/de\/wp-json\/wp\/v2\/product_tag?post=329777"}],"curies":[{"name":"wp","href":"https:\/\/api.w.org\/{rel}","templated":true}]}}