{"id":329792,"date":"2021-12-10T10:53:40","date_gmt":"2021-12-10T10:53:40","guid":{"rendered":"https:\/\/www.purejewels.com\/?post_type=product&#038;p=329792"},"modified":"2026-01-07T05:58:12","modified_gmt":"2026-01-07T05:58:12","slug":"22-karat-gold-asiatischer-ring-fur-frauen","status":"publish","type":"product","link":"https:\/\/www.purejewels.com\/de\/product\/22ct-gold-asian-ring-for-women\/","title":{"rendered":"22ct Gold asiatischen Ring f\u00fcr Frauen | Gr\u00f6\u00dfe L"},"content":{"rendered":"<h4 data-start=\"361\" data-end=\"386\"><strong data-start=\"366\" data-end=\"384\">Designkonzept<\/strong><\/h4>\n<p data-start=\"387\" data-end=\"799\">Dieser elegante Ring aus 22-kar\u00e4tigem asiatischem Gold, der zu unserer charakteristischen Rosetten-Kollektion geh\u00f6rt, ist mehr als nur ein Schmuckst\u00fcck - er ist ein Symbol f\u00fcr Hingabe, Kunstfertigkeit und Verm\u00e4chtnis. Inspiriert von floralen Rosetten, die pers\u00f6nliche Meilensteine und das Familienerbe markieren, strahlt das Design zeitlose Anmut aus. Die 7-mm-Breite und die skulpturalen Details dr\u00fccken sowohl St\u00e4rke als auch Sanftheit aus und ehren die Essenz der Frau, die sie tr\u00e4gt.<\/p>\n<h4 data-start=\"801\" data-end=\"825\"><strong data-start=\"806\" data-end=\"823\">Handwerkliches K\u00f6nnen<\/strong><\/h4>\n<p data-start=\"826\" data-end=\"1115\">Dieser handgefertigte Ring aus gl\u00e4nzendem 22-kar\u00e4tigem Gold ist ein Statement feiner \u00f6stlicher Handwerkskunst, interpretiert durch die moderne britische Linse von PureJewels. Jedes Detail wird von unseren geschickten Kunsthandwerkern geformt und poliert, um subtile Verzierungen hervorzuheben, die unser Erbe der Exzellenz widerspiegeln.<\/p>\n<h4 data-start=\"1338\" data-end=\"1368\"><strong data-start=\"1343\" data-end=\"1366\">Styling-Inspiration<\/strong><\/h4>\n<ul>\n<li data-start=\"1371\" data-end=\"1500\"><strong data-start=\"1371\" data-end=\"1390\">Brautliche Eleganz<\/strong>: Ein luxuri\u00f6ser Ehering oder Statement-Ring, der sich wunderbar mit goldenen Armreifen oder einem klassischen Mangalsutra kombinieren l\u00e4sst.<\/li>\n<li data-start=\"1503\" data-end=\"1609\"><strong data-start=\"1503\" data-end=\"1530\">Zeitgen\u00f6ssisches Vertrauen<\/strong>: Kombinieren Sie es mit minimalem Schmuck und neutralen T\u00f6nen f\u00fcr einen raffinierten Alltagslook.<\/li>\n<li data-start=\"1612\" data-end=\"1739\"><strong data-start=\"1612\" data-end=\"1630\">Gesch\u00e4tztes Geschenk<\/strong>: Markieren Sie ein Jubil\u00e4um, einen Geburtstag oder einen wichtigen Moment mit diesem bedeutungsvollen St\u00fcck - ein Schatz f\u00fcr Generationen.<\/li>\n<\/ul>","protected":false},"excerpt":{"rendered":"<table>\n<tbody>\n<tr>\n<td>Typ des Rings<\/td>\n<td>22ct Gold Ring<\/td>\n<\/tr>\n<tr>\n<td>SKU<\/td>\n<td>44301<\/td>\n<\/tr>\n<tr>\n<td>Gewicht<\/td>\n<td>6,4 Gramm<\/td>\n<\/tr>\n<tr>\n<td>Ringgr\u00f6\u00dfe<\/td>\n<td>L<\/td>\n<\/tr>\n<tr>\n<td>Breite<\/td>\n<td>7 mm<\/td>\n<\/tr>\n<tr>\n<td>Sammlung<\/td>\n<td>Kollektion Rosetten<\/td>\n<\/tr>\n<tr>\n<td>Geschlecht<\/td>\n<td>Damen<\/td>\n<\/tr>\n<tr>\n<td>Entgelte<\/td>\n<td>Lieferung und Mehrwertsteuer inbegriffen<\/td>\n<\/tr>\n<tr>\n<td>Verpackung<\/td>\n<td>Mit Pr\u00e4sentationsbox<\/td>\n<\/tr>\n<tr>\n<td>Mehr Informationen<\/td>\n<td>\n<ul>\n<li>Live-Chat mit uns f\u00fcr Verf\u00fcgbarkeit und mehr Bilder<\/li>\n<li>Entdecken Sie unsere Goldring-Kollektion<\/li>\n<\/ul>\n<\/td>\n<\/tr>\n<\/tbody>\n<\/table>","protected":false},"featured_media":343985,"comment_status":"closed","ping_status":"closed","template":"","meta":{"_eb_attr":"","_crsspst_to_jayantr4sg-hostcom":false},"product_brand":[],"product_cat":[1235,1783,6156,1656,5276],"product_tag":[64],"class_list":{"0":"post-329792","1":"product","2":"type-product","3":"status-publish","4":"has-post-thumbnail","6":"product_cat-gold-rings","7":"product_cat-ladies-rings","8":"product_cat-rosette-bands","9":"product_cat-rosettes-collections","10":"product_cat-rosettes-ring","11":"product_tag-rings","13":"first","14":"outofstock","15":"taxable","16":"shipping-taxable","17":"product-type-simple","18":"add-to-wishlist-before_image"},"yoast_head":"<!-- This site is optimized with the Yoast SEO plugin v27.3 - https:\/\/yoast.com\/product\/yoast-seo-wordpress\/ -->\n<title>Asian gold wedding rings at PureJewels UK<\/title>\n<meta name=\"robots\" content=\"index, follow, max-snippet:-1, max-image-preview:large, max-video-preview:-1\" \/>\n<link rel=\"canonical\" href=\"https:\/\/www.purejewels.com\/de\/produkt-2\/22-karat-gold-asiatischer-ring-fur-frauen\/\" \/>\n<meta property=\"og:locale\" content=\"de_DE\" \/>\n<meta property=\"og:type\" content=\"article\" \/>\n<meta property=\"og:title\" content=\"Asian gold wedding rings at PureJewels UK\" \/>\n<meta property=\"og:description\" content=\"Type of Ring 22ct Gold Ring   SKU 44301   Weight 6.4 gms   Ring Size L   Width 7 mm   Collection Rosettes Collection   Gender Ladies   Charges Delivery\u00a0and\u00a0VAT\u00a0Included   Packaging Comes\u00a0With\u00a0Presentation\u00a0Box   More\u00a0Information    Live chat with us for availability\u00a0and\u00a0more\u00a0images  Explore our\u00a0Gold Rings\u00a0Collection\" \/>\n<meta property=\"og:url\" content=\"https:\/\/www.purejewels.com\/de\/produkt-2\/22-karat-gold-asiatischer-ring-fur-frauen\/\" \/>\n<meta property=\"og:site_name\" content=\"PureJewels UK\" \/>\n<meta property=\"article:modified_time\" content=\"2026-01-07T05:58:12+00:00\" \/>\n<meta property=\"og:image\" content=\"https:\/\/www.purejewels.com\/wp-content\/uploads\/2023\/02\/43363-3-1.jpg\" \/>\n\t<meta property=\"og:image:width\" content=\"1000\" \/>\n\t<meta property=\"og:image:height\" content=\"1000\" \/>\n\t<meta property=\"og:image:type\" content=\"image\/jpeg\" \/>\n<meta name=\"twitter:card\" content=\"summary_large_image\" \/>\n<meta name=\"twitter:label1\" content=\"Gesch\u00e4tzte Lesezeit\" \/>\n\t<meta name=\"twitter:data1\" content=\"1\u00a0Minute\" \/>\n<script type=\"application\/ld+json\" class=\"yoast-schema-graph\">{\"@context\":\"https:\\\/\\\/schema.org\",\"@graph\":[{\"@type\":[\"WebPage\",\"ItemPage\"],\"@id\":\"https:\\\/\\\/www.purejewels.com\\\/product\\\/22ct-gold-asian-ring-for-women\\\/\",\"url\":\"https:\\\/\\\/www.purejewels.com\\\/product\\\/22ct-gold-asian-ring-for-women\\\/\",\"name\":\"Asian gold wedding rings at PureJewels UK\",\"isPartOf\":{\"@id\":\"https:\\\/\\\/www.purejewels.com\\\/#website\"},\"primaryImageOfPage\":{\"@id\":\"https:\\\/\\\/www.purejewels.com\\\/product\\\/22ct-gold-asian-ring-for-women\\\/#primaryimage\"},\"image\":{\"@id\":\"https:\\\/\\\/www.purejewels.com\\\/product\\\/22ct-gold-asian-ring-for-women\\\/#primaryimage\"},\"thumbnailUrl\":\"https:\\\/\\\/static.purejewels.com\\\/wp-content\\\/uploads\\\/2023\\\/02\\\/43363-3-1.jpg\",\"datePublished\":\"2021-12-10T10:53:40+00:00\",\"dateModified\":\"2026-01-07T05:58:12+00:00\",\"breadcrumb\":{\"@id\":\"https:\\\/\\\/www.purejewels.com\\\/product\\\/22ct-gold-asian-ring-for-women\\\/#breadcrumb\"},\"inLanguage\":\"de\",\"potentialAction\":[{\"@type\":\"ReadAction\",\"target\":[\"https:\\\/\\\/www.purejewels.com\\\/product\\\/22ct-gold-asian-ring-for-women\\\/\"]}]},{\"@type\":\"ImageObject\",\"inLanguage\":\"de\",\"@id\":\"https:\\\/\\\/www.purejewels.com\\\/product\\\/22ct-gold-asian-ring-for-women\\\/#primaryimage\",\"url\":\"https:\\\/\\\/static.purejewels.com\\\/wp-content\\\/uploads\\\/2023\\\/02\\\/43363-3-1.jpg\",\"contentUrl\":\"https:\\\/\\\/static.purejewels.com\\\/wp-content\\\/uploads\\\/2023\\\/02\\\/43363-3-1.jpg\",\"width\":1000,\"height\":1000},{\"@type\":\"BreadcrumbList\",\"@id\":\"https:\\\/\\\/www.purejewels.com\\\/product\\\/22ct-gold-asian-ring-for-women\\\/#breadcrumb\",\"itemListElement\":[{\"@type\":\"ListItem\",\"position\":1,\"name\":\"Home\",\"item\":\"https:\\\/\\\/www.purejewels.com\\\/\"},{\"@type\":\"ListItem\",\"position\":2,\"name\":\"Shop\",\"item\":\"https:\\\/\\\/www.purejewels.com\\\/shop\\\/\"},{\"@type\":\"ListItem\",\"position\":3,\"name\":\"22ct Gold Asian Ring For Women | Size L\"}]},{\"@type\":\"WebSite\",\"@id\":\"https:\\\/\\\/www.purejewels.com\\\/#website\",\"url\":\"https:\\\/\\\/www.purejewels.com\\\/\",\"name\":\"PureJewels UK\",\"description\":\"Share the Love\",\"publisher\":{\"@id\":\"https:\\\/\\\/www.purejewels.com\\\/#organization\"},\"potentialAction\":[{\"@type\":\"SearchAction\",\"target\":{\"@type\":\"EntryPoint\",\"urlTemplate\":\"https:\\\/\\\/www.purejewels.com\\\/?s={search_term_string}\"},\"query-input\":{\"@type\":\"PropertyValueSpecification\",\"valueRequired\":true,\"valueName\":\"search_term_string\"}}],\"inLanguage\":\"de\"},{\"@type\":\"Organization\",\"@id\":\"https:\\\/\\\/www.purejewels.com\\\/#organization\",\"name\":\"PureJewels UK\",\"url\":\"https:\\\/\\\/www.purejewels.com\\\/\",\"logo\":{\"@type\":\"ImageObject\",\"inLanguage\":\"de\",\"@id\":\"https:\\\/\\\/www.purejewels.com\\\/#\\\/schema\\\/logo\\\/image\\\/\",\"url\":\"https:\\\/\\\/static.purejewels.com\\\/wp-content\\\/uploads\\\/2020\\\/11\\\/Logo-PJ-New-1.png\",\"contentUrl\":\"https:\\\/\\\/static.purejewels.com\\\/wp-content\\\/uploads\\\/2020\\\/11\\\/Logo-PJ-New-1.png\",\"width\":150,\"height\":80,\"caption\":\"PureJewels UK\"},\"image\":{\"@id\":\"https:\\\/\\\/www.purejewels.com\\\/#\\\/schema\\\/logo\\\/image\\\/\"}}]}<\/script>\n<!-- \/ Yoast SEO plugin. -->","yoast_head_json":{"title":"Asiatische Eheringe aus Gold bei PureJewels UK","robots":{"index":"index","follow":"follow","max-snippet":"max-snippet:-1","max-image-preview":"max-image-preview:large","max-video-preview":"max-video-preview:-1"},"canonical":"https:\/\/www.purejewels.com\/de\/produkt-2\/22-karat-gold-asiatischer-ring-fur-frauen\/","og_locale":"de_DE","og_type":"article","og_title":"Asian gold wedding rings at PureJewels UK","og_description":"Type of Ring 22ct Gold Ring   SKU 44301   Weight 6.4 gms   Ring Size L   Width 7 mm   Collection Rosettes Collection   Gender Ladies   Charges Delivery\u00a0and\u00a0VAT\u00a0Included   Packaging Comes\u00a0With\u00a0Presentation\u00a0Box   More\u00a0Information    Live chat with us for availability\u00a0and\u00a0more\u00a0images  Explore our\u00a0Gold Rings\u00a0Collection","og_url":"https:\/\/www.purejewels.com\/de\/produkt-2\/22-karat-gold-asiatischer-ring-fur-frauen\/","og_site_name":"PureJewels UK","article_modified_time":"2026-01-07T05:58:12+00:00","og_image":[{"width":1000,"height":1000,"url":"https:\/\/www.purejewels.com\/wp-content\/uploads\/2023\/02\/43363-3-1.jpg","type":"image\/jpeg"}],"twitter_card":"summary_large_image","twitter_misc":{"Gesch\u00e4tzte Lesezeit":"1\u00a0Minute"},"schema":{"@context":"https:\/\/schema.org","@graph":[{"@type":["WebPage","ItemPage"],"@id":"https:\/\/www.purejewels.com\/product\/22ct-gold-asian-ring-for-women\/","url":"https:\/\/www.purejewels.com\/product\/22ct-gold-asian-ring-for-women\/","name":"Asiatische Eheringe aus Gold bei PureJewels UK","isPartOf":{"@id":"https:\/\/www.purejewels.com\/#website"},"primaryImageOfPage":{"@id":"https:\/\/www.purejewels.com\/product\/22ct-gold-asian-ring-for-women\/#primaryimage"},"image":{"@id":"https:\/\/www.purejewels.com\/product\/22ct-gold-asian-ring-for-women\/#primaryimage"},"thumbnailUrl":"https:\/\/static.purejewels.com\/wp-content\/uploads\/2023\/02\/43363-3-1.jpg","datePublished":"2021-12-10T10:53:40+00:00","dateModified":"2026-01-07T05:58:12+00:00","breadcrumb":{"@id":"https:\/\/www.purejewels.com\/product\/22ct-gold-asian-ring-for-women\/#breadcrumb"},"inLanguage":"de","potentialAction":[{"@type":"ReadAction","target":["https:\/\/www.purejewels.com\/product\/22ct-gold-asian-ring-for-women\/"]}]},{"@type":"ImageObject","inLanguage":"de","@id":"https:\/\/www.purejewels.com\/product\/22ct-gold-asian-ring-for-women\/#primaryimage","url":"https:\/\/static.purejewels.com\/wp-content\/uploads\/2023\/02\/43363-3-1.jpg","contentUrl":"https:\/\/static.purejewels.com\/wp-content\/uploads\/2023\/02\/43363-3-1.jpg","width":1000,"height":1000},{"@type":"BreadcrumbList","@id":"https:\/\/www.purejewels.com\/product\/22ct-gold-asian-ring-for-women\/#breadcrumb","itemListElement":[{"@type":"ListItem","position":1,"name":"Home","item":"https:\/\/www.purejewels.com\/"},{"@type":"ListItem","position":2,"name":"Shop","item":"https:\/\/www.purejewels.com\/shop\/"},{"@type":"ListItem","position":3,"name":"22ct Gold Asian Ring For Women | Size L"}]},{"@type":"WebSite","@id":"https:\/\/www.purejewels.com\/#website","url":"https:\/\/www.purejewels.com\/","name":"PureJewels UK","description":"Teile die Liebe","publisher":{"@id":"https:\/\/www.purejewels.com\/#organization"},"potentialAction":[{"@type":"SearchAction","target":{"@type":"EntryPoint","urlTemplate":"https:\/\/www.purejewels.com\/?s={search_term_string}"},"query-input":{"@type":"PropertyValueSpecification","valueRequired":true,"valueName":"search_term_string"}}],"inLanguage":"de"},{"@type":"Organization","@id":"https:\/\/www.purejewels.com\/#organization","name":"PureJewels UK","url":"https:\/\/www.purejewels.com\/","logo":{"@type":"ImageObject","inLanguage":"de","@id":"https:\/\/www.purejewels.com\/#\/schema\/logo\/image\/","url":"https:\/\/static.purejewels.com\/wp-content\/uploads\/2020\/11\/Logo-PJ-New-1.png","contentUrl":"https:\/\/static.purejewels.com\/wp-content\/uploads\/2020\/11\/Logo-PJ-New-1.png","width":150,"height":80,"caption":"PureJewels UK"},"image":{"@id":"https:\/\/www.purejewels.com\/#\/schema\/logo\/image\/"}}]}},"_links":{"self":[{"href":"https:\/\/www.purejewels.com\/de\/wp-json\/wp\/v2\/product\/329792","targetHints":{"allow":["GET"]}}],"collection":[{"href":"https:\/\/www.purejewels.com\/de\/wp-json\/wp\/v2\/product"}],"about":[{"href":"https:\/\/www.purejewels.com\/de\/wp-json\/wp\/v2\/types\/product"}],"replies":[{"embeddable":true,"href":"https:\/\/www.purejewels.com\/de\/wp-json\/wp\/v2\/comments?post=329792"}],"version-history":[{"count":4,"href":"https:\/\/www.purejewels.com\/de\/wp-json\/wp\/v2\/product\/329792\/revisions"}],"predecessor-version":[{"id":420724,"href":"https:\/\/www.purejewels.com\/de\/wp-json\/wp\/v2\/product\/329792\/revisions\/420724"}],"wp:featuredmedia":[{"embeddable":true,"href":"https:\/\/www.purejewels.com\/de\/wp-json\/wp\/v2\/media\/343985"}],"wp:attachment":[{"href":"https:\/\/www.purejewels.com\/de\/wp-json\/wp\/v2\/media?parent=329792"}],"wp:term":[{"taxonomy":"product_brand","embeddable":true,"href":"https:\/\/www.purejewels.com\/de\/wp-json\/wp\/v2\/product_brand?post=329792"},{"taxonomy":"product_cat","embeddable":true,"href":"https:\/\/www.purejewels.com\/de\/wp-json\/wp\/v2\/product_cat?post=329792"},{"taxonomy":"product_tag","embeddable":true,"href":"https:\/\/www.purejewels.com\/de\/wp-json\/wp\/v2\/product_tag?post=329792"}],"curies":[{"name":"wp","href":"https:\/\/api.w.org\/{rel}","templated":true}]}}