{"id":329834,"date":"2021-12-16T12:24:44","date_gmt":"2021-12-16T12:24:44","guid":{"rendered":"https:\/\/www.purejewels.com\/?post_type=product&#038;p=329834"},"modified":"2026-01-07T05:58:13","modified_gmt":"2026-01-07T05:58:13","slug":"22ct-gold-cz-stein-ring-fur-frauen-40895","status":"publish","type":"product","link":"https:\/\/www.purejewels.com\/de\/product\/22ct-gold-cz-stone-ring-for-women-40895\/","title":{"rendered":"22k Gold Hochzeit Band"},"content":{"rendered":"<h3>Inspiration<\/h3>\n<p>Inspiriert von Ihrer sch\u00f6nen Verbindung, ist dieser Ehering wie ein begehrter Schatz, der selten und luxuri\u00f6s ist und somit das perfekte Schmuckst\u00fcck f\u00fcr Ihren Partner darstellt. Er wurde von unseren Meisterkarig\u00e4ren in kostbarer Handarbeit gefertigt und bis ins Detail ausgearbeitet, damit er so sch\u00f6n und ekstatisch ist wie sein Tr\u00e4ger.<\/p>\n<h3>Gestaltung<\/h3>\n<p>Der klassische Verlobungsring ist aus reinem Stahl gefertigt. <strong>22K Gold<\/strong>. Dieser ewige Ring von Purejewels ist einer der wertvollsten aus unserer 22k Gelb- und Wei\u00dfgold Trauring Kollektion. Unser <a href=\"https:\/\/www.purejewels.com\/de\/product\/22k-gold-wedding-band-48691\/\">22k Gold Ehering<\/a> hat eine halbrunde Struktur und wiegt 9,9 g. Die Oberfl\u00e4che des Rings ist pr\u00e4zise poliert und hat ein luxuri\u00f6ses Hochglanz-Finish zusammen mit sch\u00f6nen Details auf der gesamten Oberfl\u00e4che. Die Mitte des Rings wurde von Hand gemei\u00dfelt, um drei B\u00e4nder horizontal weiter zu bilden, gibt es Textur Details auf beiden Seiten dieser Bands und eine Reihe von gepr\u00e4gten Strukturen entlang der Kanten auf beiden Seiten, um seine K\u00fchnheit hinzuzuf\u00fcgen.<\/p>\n<h3>Stil<\/h3>\n<p>Diese <strong>Verlobungsring<\/strong> von Purejewels mit einer satinierten Oberfl\u00e4che hat einen klassischen und immergr\u00fcnen Touch, einmal geschm\u00fcckt ist es sicher, die Sch\u00f6nheit Ihrer Bindung zu verbessern und Ihre reine, wahre und ewige Liebe zu signalisieren. Diese kostbare Kugel ist ein Schmuckst\u00fcck, das f\u00fcr eine warme Geste machen w\u00fcrde und die Liebe heute und immer bedeuten.<\/p>\n<p>&nbsp;<\/p>","protected":false},"excerpt":{"rendered":"<ul>\n<li>22k Gold Hochzeit Band<\/li>\n<li>Wt. 9.9 gms<\/li>\n<li>Ringgr\u00f6\u00dfe. P<\/li>\n<li><span id=\"urn:enhancement-b80a25bb\" class=\"textannotation\">SKU: 40895<\/span><\/li>\n<li>Kann sein\u00a0<span id=\"urn:enhancement-c1b7fb96\" class=\"textannotation\">auf Bestellung gefertigt<\/span>\u00a0auf Ihre Fingergr\u00f6\u00dfe<\/li>\n<li>Alle unsere\u00a0<span id=\"urn:enhancement-48edcf47\" class=\"textannotation\">Produkte<\/span>\u00a0werden von London gestempelt\u00a0<span id=\"urn:enhancement-452a3ce\" class=\"textannotation\">Pr\u00fcfstelle<\/span><\/li>\n<li>Kommt mit Pr\u00e4sentation\u00a0<span id=\"urn:enhancement-ac5abee4\" class=\"textannotation\">Box<\/span><\/li>\n<li>Lieferung inbegriffen<\/li>\n<li>Alle Preise inklusive Mehrwertsteuer<\/li>\n<li>Kontaktieren Sie uns, um \u00c4hnliches zu erkunden <span id=\"urn:enhancement-1162a1de\" class=\"textannotation\">Ringe<\/span><\/li>\n<\/ul>","protected":false},"featured_media":330289,"comment_status":"closed","ping_status":"closed","template":"","meta":{"_eb_attr":"","_crsspst_to_jayantr4sg-hostcom":false},"product_brand":[],"product_cat":[1640,1784,1235,1572,229,226],"product_tag":[64],"class_list":{"0":"post-329834","1":"product","2":"type-product","3":"status-publish","4":"has-post-thumbnail","6":"product_cat-22ct-gold-bands","7":"product_cat-gents-rings","8":"product_cat-gold-rings","9":"product_cat-mens-jewellery","10":"product_cat-wedding-bands","11":"product_cat-wedding-rings-bands","12":"product_tag-rings","14":"first","15":"outofstock","16":"taxable","17":"shipping-taxable","18":"product-type-simple","19":"add-to-wishlist-before_image"},"yoast_head":"<!-- This site is optimized with the Yoast SEO plugin v27.6 - https:\/\/yoast.com\/product\/yoast-seo-wordpress\/ -->\n<title>22ct gold Wedding Bands online in UK | PureJewels.com<\/title>\n<meta name=\"description\" content=\"Gold Wedding Bands | Simple Gold Bands for Engagement online | PureJewels.com | Save more | Certified Jewelry\" \/>\n<meta name=\"robots\" content=\"index, follow, max-snippet:-1, max-image-preview:large, max-video-preview:-1\" \/>\n<link rel=\"canonical\" href=\"https:\/\/www.purejewels.com\/de\/produkt-2\/22ct-gold-cz-stein-ring-fur-frauen-40895\/\" \/>\n<meta property=\"og:locale\" content=\"de_DE\" \/>\n<meta property=\"og:type\" content=\"article\" \/>\n<meta property=\"og:title\" content=\"22ct gold Wedding Bands online in UK | PureJewels.com\" \/>\n<meta property=\"og:description\" content=\"Gold Wedding Bands | Simple Gold Bands for Engagement online | PureJewels.com | Save more | Certified Jewelry\" \/>\n<meta property=\"og:url\" content=\"https:\/\/www.purejewels.com\/de\/produkt-2\/22ct-gold-cz-stein-ring-fur-frauen-40895\/\" \/>\n<meta property=\"og:site_name\" content=\"PureJewels UK\" \/>\n<meta property=\"article:modified_time\" content=\"2026-01-07T05:58:13+00:00\" \/>\n<meta property=\"og:image\" content=\"https:\/\/www.purejewels.com\/wp-content\/uploads\/2021\/12\/40895-1.jpg\" \/>\n\t<meta property=\"og:image:width\" content=\"1000\" \/>\n\t<meta property=\"og:image:height\" content=\"1000\" \/>\n\t<meta property=\"og:image:type\" content=\"image\/jpeg\" \/>\n<meta name=\"twitter:card\" content=\"summary_large_image\" \/>\n<meta name=\"twitter:label1\" content=\"Gesch\u00e4tzte Lesezeit\" \/>\n\t<meta name=\"twitter:data1\" content=\"1\u00a0Minute\" \/>\n<script type=\"application\/ld+json\" class=\"yoast-schema-graph\">{\"@context\":\"https:\\\/\\\/schema.org\",\"@graph\":[{\"@type\":[\"WebPage\",\"ItemPage\"],\"@id\":\"https:\\\/\\\/www.purejewels.com\\\/product\\\/22ct-gold-cz-stone-ring-for-women-40895\\\/\",\"url\":\"https:\\\/\\\/www.purejewels.com\\\/product\\\/22ct-gold-cz-stone-ring-for-women-40895\\\/\",\"name\":\"22ct gold Wedding Bands online in UK | PureJewels.com\",\"isPartOf\":{\"@id\":\"https:\\\/\\\/www.purejewels.com\\\/#website\"},\"primaryImageOfPage\":{\"@id\":\"https:\\\/\\\/www.purejewels.com\\\/product\\\/22ct-gold-cz-stone-ring-for-women-40895\\\/#primaryimage\"},\"image\":{\"@id\":\"https:\\\/\\\/www.purejewels.com\\\/product\\\/22ct-gold-cz-stone-ring-for-women-40895\\\/#primaryimage\"},\"thumbnailUrl\":\"https:\\\/\\\/static.purejewels.com\\\/wp-content\\\/uploads\\\/2021\\\/12\\\/40895-1.jpg\",\"datePublished\":\"2021-12-16T12:24:44+00:00\",\"dateModified\":\"2026-01-07T05:58:13+00:00\",\"description\":\"Gold Wedding Bands | Simple Gold Bands for Engagement online | PureJewels.com | Save more | Certified Jewelry\",\"breadcrumb\":{\"@id\":\"https:\\\/\\\/www.purejewels.com\\\/product\\\/22ct-gold-cz-stone-ring-for-women-40895\\\/#breadcrumb\"},\"inLanguage\":\"de\",\"potentialAction\":[{\"@type\":\"ReadAction\",\"target\":[\"https:\\\/\\\/www.purejewels.com\\\/product\\\/22ct-gold-cz-stone-ring-for-women-40895\\\/\"]}]},{\"@type\":\"ImageObject\",\"inLanguage\":\"de\",\"@id\":\"https:\\\/\\\/www.purejewels.com\\\/product\\\/22ct-gold-cz-stone-ring-for-women-40895\\\/#primaryimage\",\"url\":\"https:\\\/\\\/static.purejewels.com\\\/wp-content\\\/uploads\\\/2021\\\/12\\\/40895-1.jpg\",\"contentUrl\":\"https:\\\/\\\/static.purejewels.com\\\/wp-content\\\/uploads\\\/2021\\\/12\\\/40895-1.jpg\",\"width\":1000,\"height\":1000,\"caption\":\"22k Gold Wedding Band 40895-1\"},{\"@type\":\"BreadcrumbList\",\"@id\":\"https:\\\/\\\/www.purejewels.com\\\/product\\\/22ct-gold-cz-stone-ring-for-women-40895\\\/#breadcrumb\",\"itemListElement\":[{\"@type\":\"ListItem\",\"position\":1,\"name\":\"Home\",\"item\":\"https:\\\/\\\/www.purejewels.com\\\/\"},{\"@type\":\"ListItem\",\"position\":2,\"name\":\"Shop\",\"item\":\"https:\\\/\\\/www.purejewels.com\\\/shop\\\/\"},{\"@type\":\"ListItem\",\"position\":3,\"name\":\"22k Gold Wedding Band\"}]},{\"@type\":\"WebSite\",\"@id\":\"https:\\\/\\\/www.purejewels.com\\\/#website\",\"url\":\"https:\\\/\\\/www.purejewels.com\\\/\",\"name\":\"PureJewels UK\",\"description\":\"Share the Love\",\"publisher\":{\"@id\":\"https:\\\/\\\/www.purejewels.com\\\/#organization\"},\"potentialAction\":[{\"@type\":\"SearchAction\",\"target\":{\"@type\":\"EntryPoint\",\"urlTemplate\":\"https:\\\/\\\/www.purejewels.com\\\/?s={search_term_string}\"},\"query-input\":{\"@type\":\"PropertyValueSpecification\",\"valueRequired\":true,\"valueName\":\"search_term_string\"}}],\"inLanguage\":\"de\"},{\"@type\":\"Organization\",\"@id\":\"https:\\\/\\\/www.purejewels.com\\\/#organization\",\"name\":\"PureJewels UK\",\"url\":\"https:\\\/\\\/www.purejewels.com\\\/\",\"logo\":{\"@type\":\"ImageObject\",\"inLanguage\":\"de\",\"@id\":\"https:\\\/\\\/www.purejewels.com\\\/#\\\/schema\\\/logo\\\/image\\\/\",\"url\":\"https:\\\/\\\/static.purejewels.com\\\/wp-content\\\/uploads\\\/2020\\\/11\\\/Logo-PJ-New-1.png\",\"contentUrl\":\"https:\\\/\\\/static.purejewels.com\\\/wp-content\\\/uploads\\\/2020\\\/11\\\/Logo-PJ-New-1.png\",\"width\":150,\"height\":80,\"caption\":\"PureJewels UK\"},\"image\":{\"@id\":\"https:\\\/\\\/www.purejewels.com\\\/#\\\/schema\\\/logo\\\/image\\\/\"}}]}<\/script>\n<!-- \/ Yoast SEO plugin. -->","yoast_head_json":{"title":"22ct gold Eheringe online in UK | PureJewels.com","description":"Gold-Eheringe | Einfache Goldb\u00e4nder zur Verlobung online | PureJewels.com | Mehr sparen | Zertifizierter Schmuck","robots":{"index":"index","follow":"follow","max-snippet":"max-snippet:-1","max-image-preview":"max-image-preview:large","max-video-preview":"max-video-preview:-1"},"canonical":"https:\/\/www.purejewels.com\/de\/produkt-2\/22ct-gold-cz-stein-ring-fur-frauen-40895\/","og_locale":"de_DE","og_type":"article","og_title":"22ct gold Wedding Bands online in UK | PureJewels.com","og_description":"Gold Wedding Bands | Simple Gold Bands for Engagement online | PureJewels.com | Save more | Certified Jewelry","og_url":"https:\/\/www.purejewels.com\/de\/produkt-2\/22ct-gold-cz-stein-ring-fur-frauen-40895\/","og_site_name":"PureJewels UK","article_modified_time":"2026-01-07T05:58:13+00:00","og_image":[{"width":1000,"height":1000,"url":"https:\/\/www.purejewels.com\/wp-content\/uploads\/2021\/12\/40895-1.jpg","type":"image\/jpeg"}],"twitter_card":"summary_large_image","twitter_misc":{"Gesch\u00e4tzte Lesezeit":"1\u00a0Minute"},"schema":{"@context":"https:\/\/schema.org","@graph":[{"@type":["WebPage","ItemPage"],"@id":"https:\/\/www.purejewels.com\/product\/22ct-gold-cz-stone-ring-for-women-40895\/","url":"https:\/\/www.purejewels.com\/product\/22ct-gold-cz-stone-ring-for-women-40895\/","name":"22ct gold Eheringe online in UK | PureJewels.com","isPartOf":{"@id":"https:\/\/www.purejewels.com\/#website"},"primaryImageOfPage":{"@id":"https:\/\/www.purejewels.com\/product\/22ct-gold-cz-stone-ring-for-women-40895\/#primaryimage"},"image":{"@id":"https:\/\/www.purejewels.com\/product\/22ct-gold-cz-stone-ring-for-women-40895\/#primaryimage"},"thumbnailUrl":"https:\/\/static.purejewels.com\/wp-content\/uploads\/2021\/12\/40895-1.jpg","datePublished":"2021-12-16T12:24:44+00:00","dateModified":"2026-01-07T05:58:13+00:00","description":"Gold-Eheringe | Einfache Goldb\u00e4nder zur Verlobung online | PureJewels.com | Mehr sparen | Zertifizierter Schmuck","breadcrumb":{"@id":"https:\/\/www.purejewels.com\/product\/22ct-gold-cz-stone-ring-for-women-40895\/#breadcrumb"},"inLanguage":"de","potentialAction":[{"@type":"ReadAction","target":["https:\/\/www.purejewels.com\/product\/22ct-gold-cz-stone-ring-for-women-40895\/"]}]},{"@type":"ImageObject","inLanguage":"de","@id":"https:\/\/www.purejewels.com\/product\/22ct-gold-cz-stone-ring-for-women-40895\/#primaryimage","url":"https:\/\/static.purejewels.com\/wp-content\/uploads\/2021\/12\/40895-1.jpg","contentUrl":"https:\/\/static.purejewels.com\/wp-content\/uploads\/2021\/12\/40895-1.jpg","width":1000,"height":1000,"caption":"22k Gold Wedding Band 40895-1"},{"@type":"BreadcrumbList","@id":"https:\/\/www.purejewels.com\/product\/22ct-gold-cz-stone-ring-for-women-40895\/#breadcrumb","itemListElement":[{"@type":"ListItem","position":1,"name":"Home","item":"https:\/\/www.purejewels.com\/"},{"@type":"ListItem","position":2,"name":"Shop","item":"https:\/\/www.purejewels.com\/shop\/"},{"@type":"ListItem","position":3,"name":"22k Gold Wedding Band"}]},{"@type":"WebSite","@id":"https:\/\/www.purejewels.com\/#website","url":"https:\/\/www.purejewels.com\/","name":"PureJewels UK","description":"Teile die Liebe","publisher":{"@id":"https:\/\/www.purejewels.com\/#organization"},"potentialAction":[{"@type":"SearchAction","target":{"@type":"EntryPoint","urlTemplate":"https:\/\/www.purejewels.com\/?s={search_term_string}"},"query-input":{"@type":"PropertyValueSpecification","valueRequired":true,"valueName":"search_term_string"}}],"inLanguage":"de"},{"@type":"Organization","@id":"https:\/\/www.purejewels.com\/#organization","name":"PureJewels UK","url":"https:\/\/www.purejewels.com\/","logo":{"@type":"ImageObject","inLanguage":"de","@id":"https:\/\/www.purejewels.com\/#\/schema\/logo\/image\/","url":"https:\/\/static.purejewels.com\/wp-content\/uploads\/2020\/11\/Logo-PJ-New-1.png","contentUrl":"https:\/\/static.purejewels.com\/wp-content\/uploads\/2020\/11\/Logo-PJ-New-1.png","width":150,"height":80,"caption":"PureJewels UK"},"image":{"@id":"https:\/\/www.purejewels.com\/#\/schema\/logo\/image\/"}}]}},"_links":{"self":[{"href":"https:\/\/www.purejewels.com\/de\/wp-json\/wp\/v2\/product\/329834","targetHints":{"allow":["GET"]}}],"collection":[{"href":"https:\/\/www.purejewels.com\/de\/wp-json\/wp\/v2\/product"}],"about":[{"href":"https:\/\/www.purejewels.com\/de\/wp-json\/wp\/v2\/types\/product"}],"replies":[{"embeddable":true,"href":"https:\/\/www.purejewels.com\/de\/wp-json\/wp\/v2\/comments?post=329834"}],"version-history":[{"count":0,"href":"https:\/\/www.purejewels.com\/de\/wp-json\/wp\/v2\/product\/329834\/revisions"}],"wp:featuredmedia":[{"embeddable":true,"href":"https:\/\/www.purejewels.com\/de\/wp-json\/wp\/v2\/media\/330289"}],"wp:attachment":[{"href":"https:\/\/www.purejewels.com\/de\/wp-json\/wp\/v2\/media?parent=329834"}],"wp:term":[{"taxonomy":"product_brand","embeddable":true,"href":"https:\/\/www.purejewels.com\/de\/wp-json\/wp\/v2\/product_brand?post=329834"},{"taxonomy":"product_cat","embeddable":true,"href":"https:\/\/www.purejewels.com\/de\/wp-json\/wp\/v2\/product_cat?post=329834"},{"taxonomy":"product_tag","embeddable":true,"href":"https:\/\/www.purejewels.com\/de\/wp-json\/wp\/v2\/product_tag?post=329834"}],"curies":[{"name":"wp","href":"https:\/\/api.w.org\/{rel}","templated":true}]}}