{"id":329836,"date":"2021-12-17T10:44:14","date_gmt":"2021-12-17T10:44:14","guid":{"rendered":"https:\/\/www.purejewels.com\/?post_type=product&#038;p=329836"},"modified":"2026-03-30T10:41:05","modified_gmt":"2026-03-30T09:41:05","slug":"22k-gold-ehering-48691","status":"publish","type":"product","link":"https:\/\/www.purejewels.com\/de\/product\/22k-gold-wedding-band-48691\/","title":{"rendered":"22k Gold Hochzeit Band | 5.5mm"},"content":{"rendered":"<h3>Inspiration<\/h3>\n<p>Inspiriert von Ihrer sch\u00f6nen Verbindung, ist dieser Ehering wie ein begehrter Schatz, der selten und luxuri\u00f6s ist und somit das perfekte Schmuckst\u00fcck f\u00fcr Ihren Partner darstellt. Er wurde von unseren Meisterkarig\u00e4ren in kostbarer Handarbeit gefertigt und bis ins Detail ausgearbeitet, damit er so sch\u00f6n und ekstatisch ist wie sein Tr\u00e4ger.<\/p>\n<h3>Gestaltung<\/h3>\n<p>Die <a href=\"https:\/\/www.purejewels.com\/de\/produkt-kategorie\/eheringe-ringe\/verlobungsringe\/\">klassischer Verlobungsring<\/a> wurde aus reinem Holz geschnitzt <strong>22K Gold<\/strong>. Dieser ewige Ring von Purejewels ist einer der wertvollsten aus unserer 22k Gelb- und Wei\u00dfgold Ehering Kollektion. Unser 22k Gold Ehering hat eine halbrunde Struktur und wiegt 5,9g. Die Oberfl\u00e4che des Rings ist pr\u00e4zise poliert und hat ein luxuri\u00f6ses Hochglanz-Finish, w\u00e4hrend drei B\u00e4nder horizontal durch den Ring von Hand eingraviert wurden, um seine K\u00fchnheit zu verst\u00e4rken.<\/p>\n<h3>Stil<\/h3>\n<p>Diese <strong>Verlobungsring<\/strong> von Purejewels mit einer satinierten Oberfl\u00e4che hat einen klassischen und immergr\u00fcnen Touch, einmal geschm\u00fcckt ist es sicher, die Sch\u00f6nheit Ihrer Bindung zu verbessern und Ihre reine, wahre und ewige Liebe zu signalisieren. Diese kostbare Kugel ist ein Schmuckst\u00fcck, das f\u00fcr eine warme Geste machen w\u00fcrde und die Liebe heute und immer bedeuten.<\/p>","protected":false},"excerpt":{"rendered":"<ul>\n<li>22k Gold Hochzeit Band<\/li>\n<li>Wt. 5.9 gms<\/li>\n<li>Ring Gr\u00f6\u00dfe. P 1\/2<\/li>\n<li>Breite. 5,5 mm<\/li>\n<li><span id=\"urn:enhancement-b80a25bb\" class=\"textannotation\">SKU: 48691<\/span><\/li>\n<li>Kann sein\u00a0<span id=\"urn:enhancement-c1b7fb96\" class=\"textannotation\">auf Bestellung gefertigt<\/span>\u00a0auf Ihre Fingergr\u00f6\u00dfe<\/li>\n<li>Alle unsere\u00a0<span id=\"urn:enhancement-48edcf47\" class=\"textannotation\">Produkte<\/span>\u00a0werden von London gestempelt\u00a0<span id=\"urn:enhancement-452a3ce\" class=\"textannotation\">Pr\u00fcfstelle<\/span><\/li>\n<li>Kommt mit Pr\u00e4sentation\u00a0<span id=\"urn:enhancement-ac5abee4\" class=\"textannotation\">Box<\/span><\/li>\n<li>Lieferung inbegriffen<\/li>\n<li>Alle Preise inklusive Mehrwertsteuer<\/li>\n<li>Kontaktieren Sie uns, um \u00c4hnliches zu erkunden <span id=\"urn:enhancement-1162a1de\" class=\"textannotation\">Ringe<\/span><\/li>\n<\/ul>","protected":false},"featured_media":364583,"comment_status":"closed","ping_status":"closed","template":"","meta":{"_eb_attr":"","_crsspst_to_jayantr4sg-hostcom":true},"product_brand":[],"product_cat":[1640,1791,1559,1785,1229,1235,1783,229,1573,226,1574,5349],"product_tag":[64],"class_list":{"0":"post-329836","1":"product","2":"type-product","3":"status-publish","4":"has-post-thumbnail","6":"product_cat-22ct-gold-bands","7":"product_cat-anniversary-gifts","8":"product_cat-birthday-gifts","9":"product_cat-daily-wear-rings","10":"product_cat-22ct-gold-jewellery","11":"product_cat-gold-rings","12":"product_cat-ladies-rings","13":"product_cat-wedding-bands","14":"product_cat-wedding-gifts","15":"product_cat-wedding-rings-bands","16":"product_cat-womens-jewellery","17":"product_cat-yellow-gold-jewellery","18":"product_tag-rings","20":"first","21":"instock","22":"taxable","23":"shipping-taxable","24":"purchasable","25":"product-type-simple","26":"add-to-wishlist-before_image"},"yoast_head":"<!-- This site is optimized with the Yoast SEO plugin v27.5 - https:\/\/yoast.com\/product\/yoast-seo-wordpress\/ -->\n<title>indian engagement rings in 22ct Gold | PureJewels UK<\/title>\n<meta name=\"description\" content=\"22ct Gold Band in UK | Shop wedding bands | Purejewels.com | Certified Hallmarked Jewellery | Quick delivery\" \/>\n<meta name=\"robots\" content=\"index, follow, max-snippet:-1, max-image-preview:large, max-video-preview:-1\" \/>\n<link rel=\"canonical\" href=\"https:\/\/www.purejewels.com\/de\/produkt-2\/22k-gold-ehering-48691\/\" \/>\n<meta property=\"og:locale\" content=\"de_DE\" \/>\n<meta property=\"og:type\" content=\"article\" \/>\n<meta property=\"og:title\" content=\"indian engagement rings in 22ct Gold | PureJewels UK\" \/>\n<meta property=\"og:description\" content=\"22ct Gold Band in UK | Shop wedding bands | Purejewels.com | Certified Hallmarked Jewellery | Quick delivery\" \/>\n<meta property=\"og:url\" content=\"https:\/\/www.purejewels.com\/de\/produkt-2\/22k-gold-ehering-48691\/\" \/>\n<meta property=\"og:site_name\" content=\"PureJewels UK\" \/>\n<meta property=\"article:modified_time\" content=\"2026-03-30T09:41:05+00:00\" \/>\n<meta property=\"og:image\" content=\"https:\/\/static.purejewels.com\/wp-content\/uploads\/2021\/12\/48691.png\" \/>\n\t<meta property=\"og:image:width\" content=\"1000\" \/>\n\t<meta property=\"og:image:height\" content=\"1000\" \/>\n\t<meta property=\"og:image:type\" content=\"image\/png\" \/>\n<meta name=\"twitter:card\" content=\"summary_large_image\" \/>\n<meta name=\"twitter:label1\" content=\"Gesch\u00e4tzte Lesezeit\" \/>\n\t<meta name=\"twitter:data1\" content=\"2\u00a0Minuten\" \/>\n<script type=\"application\/ld+json\" class=\"yoast-schema-graph\">{\"@context\":\"https:\\\/\\\/schema.org\",\"@graph\":[{\"@type\":[\"WebPage\",\"ItemPage\"],\"@id\":\"https:\\\/\\\/www.purejewels.com\\\/product\\\/22k-gold-wedding-band-48691\\\/\",\"url\":\"https:\\\/\\\/www.purejewels.com\\\/product\\\/22k-gold-wedding-band-48691\\\/\",\"name\":\"indian engagement rings in 22ct Gold | PureJewels UK\",\"isPartOf\":{\"@id\":\"https:\\\/\\\/www.purejewels.com\\\/#website\"},\"primaryImageOfPage\":{\"@id\":\"https:\\\/\\\/www.purejewels.com\\\/product\\\/22k-gold-wedding-band-48691\\\/#primaryimage\"},\"image\":{\"@id\":\"https:\\\/\\\/www.purejewels.com\\\/product\\\/22k-gold-wedding-band-48691\\\/#primaryimage\"},\"thumbnailUrl\":\"https:\\\/\\\/static.purejewels.com\\\/wp-content\\\/uploads\\\/2021\\\/12\\\/48691.png\",\"datePublished\":\"2021-12-17T10:44:14+00:00\",\"dateModified\":\"2026-03-30T09:41:05+00:00\",\"description\":\"22ct Gold Band in UK | Shop wedding bands | Purejewels.com | Certified Hallmarked Jewellery | Quick delivery\",\"breadcrumb\":{\"@id\":\"https:\\\/\\\/www.purejewels.com\\\/product\\\/22k-gold-wedding-band-48691\\\/#breadcrumb\"},\"inLanguage\":\"de\",\"potentialAction\":[{\"@type\":\"ReadAction\",\"target\":[\"https:\\\/\\\/www.purejewels.com\\\/product\\\/22k-gold-wedding-band-48691\\\/\"]}]},{\"@type\":\"ImageObject\",\"inLanguage\":\"de\",\"@id\":\"https:\\\/\\\/www.purejewels.com\\\/product\\\/22k-gold-wedding-band-48691\\\/#primaryimage\",\"url\":\"https:\\\/\\\/static.purejewels.com\\\/wp-content\\\/uploads\\\/2021\\\/12\\\/48691.png\",\"contentUrl\":\"https:\\\/\\\/static.purejewels.com\\\/wp-content\\\/uploads\\\/2021\\\/12\\\/48691.png\",\"width\":1000,\"height\":1000,\"caption\":\"22ct Gold Band\"},{\"@type\":\"BreadcrumbList\",\"@id\":\"https:\\\/\\\/www.purejewels.com\\\/product\\\/22k-gold-wedding-band-48691\\\/#breadcrumb\",\"itemListElement\":[{\"@type\":\"ListItem\",\"position\":1,\"name\":\"Home\",\"item\":\"https:\\\/\\\/www.purejewels.com\\\/\"},{\"@type\":\"ListItem\",\"position\":2,\"name\":\"Shop\",\"item\":\"https:\\\/\\\/www.purejewels.com\\\/shop\\\/\"},{\"@type\":\"ListItem\",\"position\":3,\"name\":\"22k Gold Wedding Band | 5.5mm\"}]},{\"@type\":\"WebSite\",\"@id\":\"https:\\\/\\\/www.purejewels.com\\\/#website\",\"url\":\"https:\\\/\\\/www.purejewels.com\\\/\",\"name\":\"PureJewels UK\",\"description\":\"Share the Love\",\"publisher\":{\"@id\":\"https:\\\/\\\/www.purejewels.com\\\/#organization\"},\"potentialAction\":[{\"@type\":\"SearchAction\",\"target\":{\"@type\":\"EntryPoint\",\"urlTemplate\":\"https:\\\/\\\/www.purejewels.com\\\/?s={search_term_string}\"},\"query-input\":{\"@type\":\"PropertyValueSpecification\",\"valueRequired\":true,\"valueName\":\"search_term_string\"}}],\"inLanguage\":\"de\"},{\"@type\":\"Organization\",\"@id\":\"https:\\\/\\\/www.purejewels.com\\\/#organization\",\"name\":\"PureJewels UK\",\"url\":\"https:\\\/\\\/www.purejewels.com\\\/\",\"logo\":{\"@type\":\"ImageObject\",\"inLanguage\":\"de\",\"@id\":\"https:\\\/\\\/www.purejewels.com\\\/#\\\/schema\\\/logo\\\/image\\\/\",\"url\":\"https:\\\/\\\/static.purejewels.com\\\/wp-content\\\/uploads\\\/2020\\\/11\\\/Logo-PJ-New-1.png\",\"contentUrl\":\"https:\\\/\\\/static.purejewels.com\\\/wp-content\\\/uploads\\\/2020\\\/11\\\/Logo-PJ-New-1.png\",\"width\":150,\"height\":80,\"caption\":\"PureJewels UK\"},\"image\":{\"@id\":\"https:\\\/\\\/www.purejewels.com\\\/#\\\/schema\\\/logo\\\/image\\\/\"}}]}<\/script>\n<!-- \/ Yoast SEO plugin. -->","yoast_head_json":{"title":"Indische Verlobungsringe in 22ct Gold | PureJewels UK","description":"22ct Gold Band in UK | Shop Eheringe | Purejewels.com | Certified Hallmarked Jewellery | Schnelle Lieferung","robots":{"index":"index","follow":"follow","max-snippet":"max-snippet:-1","max-image-preview":"max-image-preview:large","max-video-preview":"max-video-preview:-1"},"canonical":"https:\/\/www.purejewels.com\/de\/produkt-2\/22k-gold-ehering-48691\/","og_locale":"de_DE","og_type":"article","og_title":"indian engagement rings in 22ct Gold | PureJewels UK","og_description":"22ct Gold Band in UK | Shop wedding bands | Purejewels.com | Certified Hallmarked Jewellery | Quick delivery","og_url":"https:\/\/www.purejewels.com\/de\/produkt-2\/22k-gold-ehering-48691\/","og_site_name":"PureJewels UK","article_modified_time":"2026-03-30T09:41:05+00:00","og_image":[{"width":1000,"height":1000,"url":"https:\/\/static.purejewels.com\/wp-content\/uploads\/2021\/12\/48691.png","type":"image\/png"}],"twitter_card":"summary_large_image","twitter_misc":{"Gesch\u00e4tzte Lesezeit":"2\u00a0Minuten"},"schema":{"@context":"https:\/\/schema.org","@graph":[{"@type":["WebPage","ItemPage"],"@id":"https:\/\/www.purejewels.com\/product\/22k-gold-wedding-band-48691\/","url":"https:\/\/www.purejewels.com\/product\/22k-gold-wedding-band-48691\/","name":"Indische Verlobungsringe in 22ct Gold | PureJewels UK","isPartOf":{"@id":"https:\/\/www.purejewels.com\/#website"},"primaryImageOfPage":{"@id":"https:\/\/www.purejewels.com\/product\/22k-gold-wedding-band-48691\/#primaryimage"},"image":{"@id":"https:\/\/www.purejewels.com\/product\/22k-gold-wedding-band-48691\/#primaryimage"},"thumbnailUrl":"https:\/\/static.purejewels.com\/wp-content\/uploads\/2021\/12\/48691.png","datePublished":"2021-12-17T10:44:14+00:00","dateModified":"2026-03-30T09:41:05+00:00","description":"22ct Gold Band in UK | Shop Eheringe | Purejewels.com | Certified Hallmarked Jewellery | Schnelle Lieferung","breadcrumb":{"@id":"https:\/\/www.purejewels.com\/product\/22k-gold-wedding-band-48691\/#breadcrumb"},"inLanguage":"de","potentialAction":[{"@type":"ReadAction","target":["https:\/\/www.purejewels.com\/product\/22k-gold-wedding-band-48691\/"]}]},{"@type":"ImageObject","inLanguage":"de","@id":"https:\/\/www.purejewels.com\/product\/22k-gold-wedding-band-48691\/#primaryimage","url":"https:\/\/static.purejewels.com\/wp-content\/uploads\/2021\/12\/48691.png","contentUrl":"https:\/\/static.purejewels.com\/wp-content\/uploads\/2021\/12\/48691.png","width":1000,"height":1000,"caption":"22ct Gold Band"},{"@type":"BreadcrumbList","@id":"https:\/\/www.purejewels.com\/product\/22k-gold-wedding-band-48691\/#breadcrumb","itemListElement":[{"@type":"ListItem","position":1,"name":"Home","item":"https:\/\/www.purejewels.com\/"},{"@type":"ListItem","position":2,"name":"Shop","item":"https:\/\/www.purejewels.com\/shop\/"},{"@type":"ListItem","position":3,"name":"22k Gold Wedding Band | 5.5mm"}]},{"@type":"WebSite","@id":"https:\/\/www.purejewels.com\/#website","url":"https:\/\/www.purejewels.com\/","name":"PureJewels UK","description":"Teile die Liebe","publisher":{"@id":"https:\/\/www.purejewels.com\/#organization"},"potentialAction":[{"@type":"SearchAction","target":{"@type":"EntryPoint","urlTemplate":"https:\/\/www.purejewels.com\/?s={search_term_string}"},"query-input":{"@type":"PropertyValueSpecification","valueRequired":true,"valueName":"search_term_string"}}],"inLanguage":"de"},{"@type":"Organization","@id":"https:\/\/www.purejewels.com\/#organization","name":"PureJewels UK","url":"https:\/\/www.purejewels.com\/","logo":{"@type":"ImageObject","inLanguage":"de","@id":"https:\/\/www.purejewels.com\/#\/schema\/logo\/image\/","url":"https:\/\/static.purejewels.com\/wp-content\/uploads\/2020\/11\/Logo-PJ-New-1.png","contentUrl":"https:\/\/static.purejewels.com\/wp-content\/uploads\/2020\/11\/Logo-PJ-New-1.png","width":150,"height":80,"caption":"PureJewels UK"},"image":{"@id":"https:\/\/www.purejewels.com\/#\/schema\/logo\/image\/"}}]}},"_links":{"self":[{"href":"https:\/\/www.purejewels.com\/de\/wp-json\/wp\/v2\/product\/329836","targetHints":{"allow":["GET"]}}],"collection":[{"href":"https:\/\/www.purejewels.com\/de\/wp-json\/wp\/v2\/product"}],"about":[{"href":"https:\/\/www.purejewels.com\/de\/wp-json\/wp\/v2\/types\/product"}],"replies":[{"embeddable":true,"href":"https:\/\/www.purejewels.com\/de\/wp-json\/wp\/v2\/comments?post=329836"}],"version-history":[{"count":3,"href":"https:\/\/www.purejewels.com\/de\/wp-json\/wp\/v2\/product\/329836\/revisions"}],"predecessor-version":[{"id":427803,"href":"https:\/\/www.purejewels.com\/de\/wp-json\/wp\/v2\/product\/329836\/revisions\/427803"}],"wp:featuredmedia":[{"embeddable":true,"href":"https:\/\/www.purejewels.com\/de\/wp-json\/wp\/v2\/media\/364583"}],"wp:attachment":[{"href":"https:\/\/www.purejewels.com\/de\/wp-json\/wp\/v2\/media?parent=329836"}],"wp:term":[{"taxonomy":"product_brand","embeddable":true,"href":"https:\/\/www.purejewels.com\/de\/wp-json\/wp\/v2\/product_brand?post=329836"},{"taxonomy":"product_cat","embeddable":true,"href":"https:\/\/www.purejewels.com\/de\/wp-json\/wp\/v2\/product_cat?post=329836"},{"taxonomy":"product_tag","embeddable":true,"href":"https:\/\/www.purejewels.com\/de\/wp-json\/wp\/v2\/product_tag?post=329836"}],"curies":[{"name":"wp","href":"https:\/\/api.w.org\/{rel}","templated":true}]}}