{"id":330175,"date":"2021-12-15T09:39:01","date_gmt":"2021-12-15T09:39:01","guid":{"rendered":"https:\/\/www.purejewels.com\/?post_type=product&#038;p=330175"},"modified":"2022-01-20T07:49:11","modified_gmt":"2022-01-20T07:49:11","slug":"22-karat-gold-ohrringe-de-41202","status":"publish","type":"product","link":"https:\/\/www.purejewels.com\/de\/product\/22-carat-gold-earrings-uk-41202\/","title":{"rendered":"22 Karat Gold-Ohrringe UK"},"content":{"rendered":"<h3>Inspiration<\/h3>\n<p>Inspiriert von antiken und immergr\u00fcnen Juwelen, die in Gold und pr\u00e4chtigen Steinen gefasst sind, die mit einem dramatischen Flair feiner und komplizierter Techniken gefertigt wurden, sind diese pr\u00e4chtig aussehenden 22 Karat <a href=\"https:\/\/www.purejewels.com\/de\/armari-collection\/\">goldene Ohrringe<\/a> UK sind <a href=\"https:\/\/www.purejewels.com\/de\/handmade-gold-jewellery\/\">handgefertigt<\/a> von Meisterhandwerkern aus Indien. Das Design dieser sch\u00f6nen Ohrstecker ist so, dass es sie vielseitig und m\u00fchelos beim Styling macht, daher auch das Paar ein erstaunliches Geschenk f\u00fcr Sie oder Ihre Lieben.<\/p>\n<h3>Gestaltung<\/h3>\n<p>Unser 22K <strong><a href=\"https:\/\/www.purejewels.com\/de\/product-category\/22ct-gold-jewellery\/gold-earrings\/\">Ohrringe<\/a><\/strong> haben einen K\u00f6der, der Ihren Look verbl\u00fcfft, ein starkes Statement setzt und Ihnen hilft, die perfekte Harmonie zu finden. Diese 22-kar\u00e4tigen Ohrstecker von Purejewels beginnen mit einer organischen und doch geometrischen Struktur, die an den R\u00e4ndern sch\u00f6n geschliffen ist. Zur Mitte hin entwickelt sich das Design zu einer rhythmischen Kombination aus einzigartigen wei\u00dfen und <a href=\"https:\/\/www.purejewels.com\/de\/rendezvous-with-rubies\/\">Rubinrot<\/a> farbige Zirkoniasteine, die in einem \u00e4sthetischen Muster fein verkrustet sind. Die kubischen Zirkoniasteine haben eine Ausstrahlung, die der von echten Diamanten und kostbaren Rubinen in nichts nachsteht.<\/p>\n<h3>Stil<\/h3>\n<p>Diese immergr\u00fcnen und klassischen Goldohrringe k\u00f6nnen mit dem dazu passenden Anh\u00e4nger kombiniert werden. Wenn sie gut gestylt sind, wird dieses wundersch\u00f6ne Paar alle Blicke auf sich ziehen, wenn Sie den Raum betreten und diese Sch\u00f6nheit tragen. Sie k\u00f6nnen aus unserer Kollektion von 22-Karat-Ohrringen w\u00e4hlen. <a href=\"https:\/\/www.purejewels.com\/de\/product\/timeless-classics-22ct-gold-earring-25878\/\">goldene Reif-Ohrringe UK<\/a> auch zusammen mit diesen sch\u00f6nen Ohrsteckern durch weitere Erkundung.<\/p>","protected":false},"excerpt":{"rendered":"<ul>\n<li>22ct Gold Ohrring mit Cubic-Zirconia Stein<\/li>\n<li>Wt. 2.2 gms<\/li>\n<li>SKU. 41202<\/li>\n<li>Alle Preise inklusive Mehrwertsteuer<\/li>\n<li>Alle unsere Produkte sind vom London Assay Office gestempelt.<\/li>\n<li>Alle Sets kommen mit Pr\u00e4sentationsbox<\/li>\n<li>Lieferung inbegriffen<\/li>\n<li>Kontaktieren Sie uns \/ Live-Chat mit uns f\u00fcr das Video von diesem Produkt<\/li>\n<\/ul>","protected":false},"featured_media":311839,"comment_status":"closed","ping_status":"closed","template":"","meta":{"_eb_attr":"","_crsspst_to_jayantr4sg-hostcom":false},"product_brand":[],"product_cat":[1559,1794,1254,1577,1574],"product_tag":[],"class_list":{"0":"post-330175","1":"product","2":"type-product","3":"status-publish","4":"has-post-thumbnail","6":"product_cat-birthday-gifts","7":"product_cat-christmas-gifts","8":"product_cat-gold-earrings","9":"product_cat-stud-earrings","10":"product_cat-womens-jewellery","12":"first","13":"outofstock","14":"taxable","15":"shipping-taxable","16":"product-type-simple","17":"add-to-wishlist-before_image"},"yoast_head":"<!-- This site is optimized with the Yoast SEO plugin v27.6 - https:\/\/yoast.com\/product\/yoast-seo-wordpress\/ -->\n<title>CZ Stone Gold Earrings | Gold Studs in UK | PureJewels.com<\/title>\n<meta name=\"description\" content=\"22ct Gold Studs | Shop Gold Stud earrings in the UK | Get the best Deal | Free Delivery &amp; Easy Returns.\" \/>\n<meta name=\"robots\" content=\"index, follow, max-snippet:-1, max-image-preview:large, max-video-preview:-1\" \/>\n<link rel=\"canonical\" href=\"https:\/\/www.purejewels.com\/de\/produkt-2\/22-karat-gold-ohrringe-de-41202\/\" \/>\n<meta property=\"og:locale\" content=\"de_DE\" \/>\n<meta property=\"og:type\" content=\"article\" \/>\n<meta property=\"og:title\" content=\"CZ Stone Gold Earrings | Gold Studs in UK | PureJewels.com\" \/>\n<meta property=\"og:description\" content=\"22ct Gold Studs | Shop Gold Stud earrings in the UK | Get the best Deal | Free Delivery &amp; Easy Returns.\" \/>\n<meta property=\"og:url\" content=\"https:\/\/www.purejewels.com\/de\/produkt-2\/22-karat-gold-ohrringe-de-41202\/\" \/>\n<meta property=\"og:site_name\" content=\"PureJewels UK\" \/>\n<meta property=\"article:modified_time\" content=\"2022-01-20T07:49:11+00:00\" \/>\n<meta property=\"og:image\" content=\"https:\/\/www.purejewels.com\/wp-content\/uploads\/2019\/11\/31419.jpg\" \/>\n\t<meta property=\"og:image:width\" content=\"1000\" \/>\n\t<meta property=\"og:image:height\" content=\"1000\" \/>\n\t<meta property=\"og:image:type\" content=\"image\/jpeg\" \/>\n<meta name=\"twitter:card\" content=\"summary_large_image\" \/>\n<meta name=\"twitter:label1\" content=\"Gesch\u00e4tzte Lesezeit\" \/>\n\t<meta name=\"twitter:data1\" content=\"2\u00a0Minuten\" \/>\n<script type=\"application\/ld+json\" class=\"yoast-schema-graph\">{\"@context\":\"https:\\\/\\\/schema.org\",\"@graph\":[{\"@type\":[\"WebPage\",\"ItemPage\"],\"@id\":\"https:\\\/\\\/www.purejewels.com\\\/product\\\/22-carat-gold-earrings-uk-41202\\\/\",\"url\":\"https:\\\/\\\/www.purejewels.com\\\/product\\\/22-carat-gold-earrings-uk-41202\\\/\",\"name\":\"CZ Stone Gold Earrings | Gold Studs in UK | PureJewels.com\",\"isPartOf\":{\"@id\":\"https:\\\/\\\/www.purejewels.com\\\/#website\"},\"primaryImageOfPage\":{\"@id\":\"https:\\\/\\\/www.purejewels.com\\\/product\\\/22-carat-gold-earrings-uk-41202\\\/#primaryimage\"},\"image\":{\"@id\":\"https:\\\/\\\/www.purejewels.com\\\/product\\\/22-carat-gold-earrings-uk-41202\\\/#primaryimage\"},\"thumbnailUrl\":\"https:\\\/\\\/static.purejewels.com\\\/wp-content\\\/uploads\\\/2019\\\/11\\\/31419.jpg\",\"datePublished\":\"2021-12-15T09:39:01+00:00\",\"dateModified\":\"2022-01-20T07:49:11+00:00\",\"description\":\"22ct Gold Studs | Shop Gold Stud earrings in the UK | Get the best Deal | Free Delivery & Easy Returns.\",\"breadcrumb\":{\"@id\":\"https:\\\/\\\/www.purejewels.com\\\/product\\\/22-carat-gold-earrings-uk-41202\\\/#breadcrumb\"},\"inLanguage\":\"de\",\"potentialAction\":[{\"@type\":\"ReadAction\",\"target\":[\"https:\\\/\\\/www.purejewels.com\\\/product\\\/22-carat-gold-earrings-uk-41202\\\/\"]}]},{\"@type\":\"ImageObject\",\"inLanguage\":\"de\",\"@id\":\"https:\\\/\\\/www.purejewels.com\\\/product\\\/22-carat-gold-earrings-uk-41202\\\/#primaryimage\",\"url\":\"https:\\\/\\\/static.purejewels.com\\\/wp-content\\\/uploads\\\/2019\\\/11\\\/31419.jpg\",\"contentUrl\":\"https:\\\/\\\/static.purejewels.com\\\/wp-content\\\/uploads\\\/2019\\\/11\\\/31419.jpg\",\"width\":1000,\"height\":1000,\"caption\":\"31419\"},{\"@type\":\"BreadcrumbList\",\"@id\":\"https:\\\/\\\/www.purejewels.com\\\/product\\\/22-carat-gold-earrings-uk-41202\\\/#breadcrumb\",\"itemListElement\":[{\"@type\":\"ListItem\",\"position\":1,\"name\":\"Home\",\"item\":\"https:\\\/\\\/www.purejewels.com\\\/\"},{\"@type\":\"ListItem\",\"position\":2,\"name\":\"Shop\",\"item\":\"https:\\\/\\\/www.purejewels.com\\\/shop\\\/\"},{\"@type\":\"ListItem\",\"position\":3,\"name\":\"22 Carat Gold Earrings UK\"}]},{\"@type\":\"WebSite\",\"@id\":\"https:\\\/\\\/www.purejewels.com\\\/#website\",\"url\":\"https:\\\/\\\/www.purejewels.com\\\/\",\"name\":\"PureJewels UK\",\"description\":\"Share the Love\",\"publisher\":{\"@id\":\"https:\\\/\\\/www.purejewels.com\\\/#organization\"},\"potentialAction\":[{\"@type\":\"SearchAction\",\"target\":{\"@type\":\"EntryPoint\",\"urlTemplate\":\"https:\\\/\\\/www.purejewels.com\\\/?s={search_term_string}\"},\"query-input\":{\"@type\":\"PropertyValueSpecification\",\"valueRequired\":true,\"valueName\":\"search_term_string\"}}],\"inLanguage\":\"de\"},{\"@type\":\"Organization\",\"@id\":\"https:\\\/\\\/www.purejewels.com\\\/#organization\",\"name\":\"PureJewels UK\",\"url\":\"https:\\\/\\\/www.purejewels.com\\\/\",\"logo\":{\"@type\":\"ImageObject\",\"inLanguage\":\"de\",\"@id\":\"https:\\\/\\\/www.purejewels.com\\\/#\\\/schema\\\/logo\\\/image\\\/\",\"url\":\"https:\\\/\\\/static.purejewels.com\\\/wp-content\\\/uploads\\\/2020\\\/11\\\/Logo-PJ-New-1.png\",\"contentUrl\":\"https:\\\/\\\/static.purejewels.com\\\/wp-content\\\/uploads\\\/2020\\\/11\\\/Logo-PJ-New-1.png\",\"width\":150,\"height\":80,\"caption\":\"PureJewels UK\"},\"image\":{\"@id\":\"https:\\\/\\\/www.purejewels.com\\\/#\\\/schema\\\/logo\\\/image\\\/\"}}]}<\/script>\n<!-- \/ Yoast SEO plugin. -->","yoast_head_json":{"title":"CZ Stein Gold Ohrringe | Gold Ohrstecker in UK | PureJewels.com","description":"22ct Gold Studs | Shop Gold Stud earrings in the UK | Get the best Deal | Free Delivery &amp; Easy Returns.","robots":{"index":"index","follow":"follow","max-snippet":"max-snippet:-1","max-image-preview":"max-image-preview:large","max-video-preview":"max-video-preview:-1"},"canonical":"https:\/\/www.purejewels.com\/de\/produkt-2\/22-karat-gold-ohrringe-de-41202\/","og_locale":"de_DE","og_type":"article","og_title":"CZ Stone Gold Earrings | Gold Studs in UK | PureJewels.com","og_description":"22ct Gold Studs | Shop Gold Stud earrings in the UK | Get the best Deal | Free Delivery & Easy Returns.","og_url":"https:\/\/www.purejewels.com\/de\/produkt-2\/22-karat-gold-ohrringe-de-41202\/","og_site_name":"PureJewels UK","article_modified_time":"2022-01-20T07:49:11+00:00","og_image":[{"width":1000,"height":1000,"url":"https:\/\/www.purejewels.com\/wp-content\/uploads\/2019\/11\/31419.jpg","type":"image\/jpeg"}],"twitter_card":"summary_large_image","twitter_misc":{"Gesch\u00e4tzte Lesezeit":"2\u00a0Minuten"},"schema":{"@context":"https:\/\/schema.org","@graph":[{"@type":["WebPage","ItemPage"],"@id":"https:\/\/www.purejewels.com\/product\/22-carat-gold-earrings-uk-41202\/","url":"https:\/\/www.purejewels.com\/product\/22-carat-gold-earrings-uk-41202\/","name":"CZ Stein Gold Ohrringe | Gold Ohrstecker in UK | PureJewels.com","isPartOf":{"@id":"https:\/\/www.purejewels.com\/#website"},"primaryImageOfPage":{"@id":"https:\/\/www.purejewels.com\/product\/22-carat-gold-earrings-uk-41202\/#primaryimage"},"image":{"@id":"https:\/\/www.purejewels.com\/product\/22-carat-gold-earrings-uk-41202\/#primaryimage"},"thumbnailUrl":"https:\/\/static.purejewels.com\/wp-content\/uploads\/2019\/11\/31419.jpg","datePublished":"2021-12-15T09:39:01+00:00","dateModified":"2022-01-20T07:49:11+00:00","description":"22ct Gold Studs | Shop Gold Stud earrings in the UK | Get the best Deal | Free Delivery &amp; Easy Returns.","breadcrumb":{"@id":"https:\/\/www.purejewels.com\/product\/22-carat-gold-earrings-uk-41202\/#breadcrumb"},"inLanguage":"de","potentialAction":[{"@type":"ReadAction","target":["https:\/\/www.purejewels.com\/product\/22-carat-gold-earrings-uk-41202\/"]}]},{"@type":"ImageObject","inLanguage":"de","@id":"https:\/\/www.purejewels.com\/product\/22-carat-gold-earrings-uk-41202\/#primaryimage","url":"https:\/\/static.purejewels.com\/wp-content\/uploads\/2019\/11\/31419.jpg","contentUrl":"https:\/\/static.purejewels.com\/wp-content\/uploads\/2019\/11\/31419.jpg","width":1000,"height":1000,"caption":"31419"},{"@type":"BreadcrumbList","@id":"https:\/\/www.purejewels.com\/product\/22-carat-gold-earrings-uk-41202\/#breadcrumb","itemListElement":[{"@type":"ListItem","position":1,"name":"Home","item":"https:\/\/www.purejewels.com\/"},{"@type":"ListItem","position":2,"name":"Shop","item":"https:\/\/www.purejewels.com\/shop\/"},{"@type":"ListItem","position":3,"name":"22 Carat Gold Earrings UK"}]},{"@type":"WebSite","@id":"https:\/\/www.purejewels.com\/#website","url":"https:\/\/www.purejewels.com\/","name":"PureJewels UK","description":"Teile die Liebe","publisher":{"@id":"https:\/\/www.purejewels.com\/#organization"},"potentialAction":[{"@type":"SearchAction","target":{"@type":"EntryPoint","urlTemplate":"https:\/\/www.purejewels.com\/?s={search_term_string}"},"query-input":{"@type":"PropertyValueSpecification","valueRequired":true,"valueName":"search_term_string"}}],"inLanguage":"de"},{"@type":"Organization","@id":"https:\/\/www.purejewels.com\/#organization","name":"PureJewels UK","url":"https:\/\/www.purejewels.com\/","logo":{"@type":"ImageObject","inLanguage":"de","@id":"https:\/\/www.purejewels.com\/#\/schema\/logo\/image\/","url":"https:\/\/static.purejewels.com\/wp-content\/uploads\/2020\/11\/Logo-PJ-New-1.png","contentUrl":"https:\/\/static.purejewels.com\/wp-content\/uploads\/2020\/11\/Logo-PJ-New-1.png","width":150,"height":80,"caption":"PureJewels UK"},"image":{"@id":"https:\/\/www.purejewels.com\/#\/schema\/logo\/image\/"}}]}},"_links":{"self":[{"href":"https:\/\/www.purejewels.com\/de\/wp-json\/wp\/v2\/product\/330175","targetHints":{"allow":["GET"]}}],"collection":[{"href":"https:\/\/www.purejewels.com\/de\/wp-json\/wp\/v2\/product"}],"about":[{"href":"https:\/\/www.purejewels.com\/de\/wp-json\/wp\/v2\/types\/product"}],"replies":[{"embeddable":true,"href":"https:\/\/www.purejewels.com\/de\/wp-json\/wp\/v2\/comments?post=330175"}],"version-history":[{"count":0,"href":"https:\/\/www.purejewels.com\/de\/wp-json\/wp\/v2\/product\/330175\/revisions"}],"wp:featuredmedia":[{"embeddable":true,"href":"https:\/\/www.purejewels.com\/de\/wp-json\/wp\/v2\/media\/311839"}],"wp:attachment":[{"href":"https:\/\/www.purejewels.com\/de\/wp-json\/wp\/v2\/media?parent=330175"}],"wp:term":[{"taxonomy":"product_brand","embeddable":true,"href":"https:\/\/www.purejewels.com\/de\/wp-json\/wp\/v2\/product_brand?post=330175"},{"taxonomy":"product_cat","embeddable":true,"href":"https:\/\/www.purejewels.com\/de\/wp-json\/wp\/v2\/product_cat?post=330175"},{"taxonomy":"product_tag","embeddable":true,"href":"https:\/\/www.purejewels.com\/de\/wp-json\/wp\/v2\/product_tag?post=330175"}],"curies":[{"name":"wp","href":"https:\/\/api.w.org\/{rel}","templated":true}]}}