{"id":330276,"date":"2021-12-16T11:31:11","date_gmt":"2021-12-16T11:31:11","guid":{"rendered":"https:\/\/www.purejewels.com\/?post_type=product&#038;p=330276"},"modified":"2026-01-07T06:01:14","modified_gmt":"2026-01-07T06:01:14","slug":"eheringe-aus-indischem-gold-40875","status":"publish","type":"product","link":"https:\/\/www.purejewels.com\/de\/product\/indian-gold-wedding-rings-40875\/","title":{"rendered":"Indische Gold Eheringe UK"},"content":{"rendered":"<h3>Gestaltung<\/h3>\n<p>Dieser Ehering ist ein seltener und luxuri\u00f6ser Schatz, der Ihre Verbundenheit symbolisiert und somit das perfekte Schmuckst\u00fcck f\u00fcr Ihren Liebsten ist. Er wurde in pr\u00e4ziser Handarbeit von unserem Meister gefertigt und bis ins kleinste Detail ausgearbeitet, damit er so sch\u00f6n und ekstatisch ist wie sein Tr\u00e4ger.<\/p>\n<p>Der klassische Verlobungsring ist aus unserer Kollektion von indischem Gold <strong>Eheringe<\/strong> die aus reinem 22-kar\u00e4tigem Gold geschnitzt und mit Diamanten besetzt sind, die ewige Liebe symbolisieren. Die Mitte unseres klassischen Verlobungsrings wurde so gestaltet und gefertigt, dass sie wie eine bl\u00fchende Blumenknospe aussieht, die in der Mitte mit einem Brillanten besetzt ist. Das Funkeln in der Mitte des Rings setzt sich zu beiden Seiten des Schafts fort, wo kleine, \u00fcppige Diamanten nebeneinander in diesem m\u00fchelos geformten Schaft gefasst sind, der sich wundersch\u00f6n um Ihren Finger legen w\u00fcrde.<\/p>\n<h3>Stil<\/h3>\n<p>Diese <strong>Verlobungsring<\/strong> von Purejewels hat eine satinierte Oberfl\u00e4che und einen klassischen und immergr\u00fcnen Touch erhalten. Sobald sie geschm\u00fcckt ist, wird sie die Sch\u00f6nheit ihrer zarten H\u00e4nde unterstreichen und ein Zeichen Ihrer reinen, wahren und ewigen Liebe sein. Diese kostbare Kugel ist ein Schmuckst\u00fcck, das ihr heute und immer das Gef\u00fchl von W\u00e4rme und Liebe gibt. Bl\u00e4ttern Sie weiter durch unsere Website, um weitere indische Eheringe aus Gold zu finden.<\/p>","protected":false},"excerpt":{"rendered":"<ul>\n<li>22-Karat <span id=\"urn:enhancement-f69766c1\" class=\"textannotation\">Gold<\/span>\u00a0Ring mit\u00a0<span id=\"urn:enhancement-ef0fa8f8\" class=\"textannotation\">Kubischer Zirkoniumdioxid<\/span>\u00a0Stein<\/li>\n<li>Wt. 2.2 gms<\/li>\n<li>Ring Gr\u00f6\u00dfe: J 1\/2<\/li>\n<li><span id=\"urn:enhancement-b80a25bb\" class=\"textannotation\">SKU: 40875<\/span><\/li>\n<li>Kann sein\u00a0<span id=\"urn:enhancement-c1b7fb96\" class=\"textannotation\">auf Bestellung gefertigt<\/span>\u00a0auf Ihre Fingergr\u00f6\u00dfe<\/li>\n<li>Alle unsere\u00a0<span id=\"urn:enhancement-48edcf47\" class=\"textannotation\">Produkte<\/span> werden von der Londoner\u00a0<span id=\"urn:enhancement-452a3ce\" class=\"textannotation\">Pr\u00fcfstelle<\/span><\/li>\n<li>Es wird mit einer Pr\u00e4sentationsbox geliefert.<\/li>\n<li>Lieferung inbegriffen<\/li>\n<li>Alle Preise inklusive Mehrwertsteuer<\/li>\n<li>Kontaktieren Sie uns, um \u00e4hnliche asiatische Hochzeiten zu entdecken\u00a0<span id=\"urn:enhancement-1162a1de\" class=\"textannotation\">Ringe<\/span><\/li>\n<\/ul>","protected":false},"featured_media":330278,"comment_status":"closed","ping_status":"closed","template":"","meta":{"_eb_attr":"","_crsspst_to_jayantr4sg-hostcom":false},"product_brand":[],"product_cat":[231,1235,5344,1783,1786,5338,226],"product_tag":[64],"class_list":{"0":"post-330276","1":"product","2":"type-product","3":"status-publish","4":"has-post-thumbnail","6":"product_cat-engagement-rings","7":"product_cat-gold-rings","8":"product_cat-jewellery-under-750","9":"product_cat-ladies-rings","10":"product_cat-occasional-wear-rings","11":"product_cat-shop-by-price","12":"product_cat-wedding-rings-bands","13":"product_tag-rings","15":"first","16":"outofstock","17":"sale","18":"taxable","19":"shipping-taxable","20":"product-type-simple","21":"add-to-wishlist-before_image"},"yoast_head":"<!-- This site is optimized with the Yoast SEO plugin v27.5 - https:\/\/yoast.com\/product\/yoast-seo-wordpress\/ -->\n<title>Gold Wedding Rings in UK | Latest Gold Rings | PureJewels.com<\/title>\n<meta name=\"description\" content=\"Wedding Rings Online in the UK | Latest Rings &amp; Wedding Bands at the Best Price in the UK | Free Delivery &amp; Hassle-Free Returns\" \/>\n<meta name=\"robots\" content=\"index, follow, max-snippet:-1, max-image-preview:large, max-video-preview:-1\" \/>\n<link rel=\"canonical\" href=\"https:\/\/www.purejewels.com\/de\/produkt-2\/eheringe-aus-indischem-gold-40875\/\" \/>\n<meta property=\"og:locale\" content=\"de_DE\" \/>\n<meta property=\"og:type\" content=\"article\" \/>\n<meta property=\"og:title\" content=\"Gold Wedding Rings in UK | Latest Gold Rings | PureJewels.com\" \/>\n<meta property=\"og:description\" content=\"Wedding Rings Online in the UK | Latest Rings &amp; Wedding Bands at the Best Price in the UK | Free Delivery &amp; Hassle-Free Returns\" \/>\n<meta property=\"og:url\" content=\"https:\/\/www.purejewels.com\/de\/produkt-2\/eheringe-aus-indischem-gold-40875\/\" \/>\n<meta property=\"og:site_name\" content=\"PureJewels UK\" \/>\n<meta property=\"article:modified_time\" content=\"2026-01-07T06:01:14+00:00\" \/>\n<meta property=\"og:image\" content=\"https:\/\/www.purejewels.com\/wp-content\/uploads\/2021\/12\/40875.jpg\" \/>\n\t<meta property=\"og:image:width\" content=\"1000\" \/>\n\t<meta property=\"og:image:height\" content=\"1000\" \/>\n\t<meta property=\"og:image:type\" content=\"image\/jpeg\" \/>\n<meta name=\"twitter:card\" content=\"summary_large_image\" \/>\n<meta name=\"twitter:label1\" content=\"Gesch\u00e4tzte Lesezeit\" \/>\n\t<meta name=\"twitter:data1\" content=\"1\u00a0Minute\" \/>\n<script type=\"application\/ld+json\" class=\"yoast-schema-graph\">{\"@context\":\"https:\\\/\\\/schema.org\",\"@graph\":[{\"@type\":[\"WebPage\",\"ItemPage\"],\"@id\":\"https:\\\/\\\/www.purejewels.com\\\/product\\\/indian-gold-wedding-rings-40875\\\/\",\"url\":\"https:\\\/\\\/www.purejewels.com\\\/product\\\/indian-gold-wedding-rings-40875\\\/\",\"name\":\"Gold Wedding Rings in UK | Latest Gold Rings | PureJewels.com\",\"isPartOf\":{\"@id\":\"https:\\\/\\\/www.purejewels.com\\\/#website\"},\"primaryImageOfPage\":{\"@id\":\"https:\\\/\\\/www.purejewels.com\\\/product\\\/indian-gold-wedding-rings-40875\\\/#primaryimage\"},\"image\":{\"@id\":\"https:\\\/\\\/www.purejewels.com\\\/product\\\/indian-gold-wedding-rings-40875\\\/#primaryimage\"},\"thumbnailUrl\":\"https:\\\/\\\/static.purejewels.com\\\/wp-content\\\/uploads\\\/2021\\\/12\\\/40875.jpg\",\"datePublished\":\"2021-12-16T11:31:11+00:00\",\"dateModified\":\"2026-01-07T06:01:14+00:00\",\"description\":\"Wedding Rings Online in the UK | Latest Rings & Wedding Bands at the Best Price in the UK | Free Delivery & Hassle-Free Returns\",\"breadcrumb\":{\"@id\":\"https:\\\/\\\/www.purejewels.com\\\/product\\\/indian-gold-wedding-rings-40875\\\/#breadcrumb\"},\"inLanguage\":\"de\",\"potentialAction\":[{\"@type\":\"ReadAction\",\"target\":[\"https:\\\/\\\/www.purejewels.com\\\/product\\\/indian-gold-wedding-rings-40875\\\/\"]}]},{\"@type\":\"ImageObject\",\"inLanguage\":\"de\",\"@id\":\"https:\\\/\\\/www.purejewels.com\\\/product\\\/indian-gold-wedding-rings-40875\\\/#primaryimage\",\"url\":\"https:\\\/\\\/static.purejewels.com\\\/wp-content\\\/uploads\\\/2021\\\/12\\\/40875.jpg\",\"contentUrl\":\"https:\\\/\\\/static.purejewels.com\\\/wp-content\\\/uploads\\\/2021\\\/12\\\/40875.jpg\",\"width\":1000,\"height\":1000,\"caption\":\"22ct Gold Ring 40875\"},{\"@type\":\"BreadcrumbList\",\"@id\":\"https:\\\/\\\/www.purejewels.com\\\/product\\\/indian-gold-wedding-rings-40875\\\/#breadcrumb\",\"itemListElement\":[{\"@type\":\"ListItem\",\"position\":1,\"name\":\"Home\",\"item\":\"https:\\\/\\\/www.purejewels.com\\\/\"},{\"@type\":\"ListItem\",\"position\":2,\"name\":\"Shop\",\"item\":\"https:\\\/\\\/www.purejewels.com\\\/shop\\\/\"},{\"@type\":\"ListItem\",\"position\":3,\"name\":\"Indian Gold Wedding Rings UK\"}]},{\"@type\":\"WebSite\",\"@id\":\"https:\\\/\\\/www.purejewels.com\\\/#website\",\"url\":\"https:\\\/\\\/www.purejewels.com\\\/\",\"name\":\"PureJewels UK\",\"description\":\"Share the Love\",\"publisher\":{\"@id\":\"https:\\\/\\\/www.purejewels.com\\\/#organization\"},\"potentialAction\":[{\"@type\":\"SearchAction\",\"target\":{\"@type\":\"EntryPoint\",\"urlTemplate\":\"https:\\\/\\\/www.purejewels.com\\\/?s={search_term_string}\"},\"query-input\":{\"@type\":\"PropertyValueSpecification\",\"valueRequired\":true,\"valueName\":\"search_term_string\"}}],\"inLanguage\":\"de\"},{\"@type\":\"Organization\",\"@id\":\"https:\\\/\\\/www.purejewels.com\\\/#organization\",\"name\":\"PureJewels UK\",\"url\":\"https:\\\/\\\/www.purejewels.com\\\/\",\"logo\":{\"@type\":\"ImageObject\",\"inLanguage\":\"de\",\"@id\":\"https:\\\/\\\/www.purejewels.com\\\/#\\\/schema\\\/logo\\\/image\\\/\",\"url\":\"https:\\\/\\\/static.purejewels.com\\\/wp-content\\\/uploads\\\/2020\\\/11\\\/Logo-PJ-New-1.png\",\"contentUrl\":\"https:\\\/\\\/static.purejewels.com\\\/wp-content\\\/uploads\\\/2020\\\/11\\\/Logo-PJ-New-1.png\",\"width\":150,\"height\":80,\"caption\":\"PureJewels UK\"},\"image\":{\"@id\":\"https:\\\/\\\/www.purejewels.com\\\/#\\\/schema\\\/logo\\\/image\\\/\"}}]}<\/script>\n<!-- \/ Yoast SEO plugin. -->","yoast_head_json":{"title":"Gold Eheringe in UK | Neueste Goldringe | PureJewels.com","description":"Eheringe online in Gro\u00dfbritannien | Neueste Ringe &amp; Eheringe zum besten Preis in Gro\u00dfbritannien | Kostenlose Lieferung &amp; problemlose R\u00fcckgabe","robots":{"index":"index","follow":"follow","max-snippet":"max-snippet:-1","max-image-preview":"max-image-preview:large","max-video-preview":"max-video-preview:-1"},"canonical":"https:\/\/www.purejewels.com\/de\/produkt-2\/eheringe-aus-indischem-gold-40875\/","og_locale":"de_DE","og_type":"article","og_title":"Gold Wedding Rings in UK | Latest Gold Rings | PureJewels.com","og_description":"Wedding Rings Online in the UK | Latest Rings & Wedding Bands at the Best Price in the UK | Free Delivery & Hassle-Free Returns","og_url":"https:\/\/www.purejewels.com\/de\/produkt-2\/eheringe-aus-indischem-gold-40875\/","og_site_name":"PureJewels UK","article_modified_time":"2026-01-07T06:01:14+00:00","og_image":[{"width":1000,"height":1000,"url":"https:\/\/www.purejewels.com\/wp-content\/uploads\/2021\/12\/40875.jpg","type":"image\/jpeg"}],"twitter_card":"summary_large_image","twitter_misc":{"Gesch\u00e4tzte Lesezeit":"1\u00a0Minute"},"schema":{"@context":"https:\/\/schema.org","@graph":[{"@type":["WebPage","ItemPage"],"@id":"https:\/\/www.purejewels.com\/product\/indian-gold-wedding-rings-40875\/","url":"https:\/\/www.purejewels.com\/product\/indian-gold-wedding-rings-40875\/","name":"Gold Eheringe in UK | Neueste Goldringe | PureJewels.com","isPartOf":{"@id":"https:\/\/www.purejewels.com\/#website"},"primaryImageOfPage":{"@id":"https:\/\/www.purejewels.com\/product\/indian-gold-wedding-rings-40875\/#primaryimage"},"image":{"@id":"https:\/\/www.purejewels.com\/product\/indian-gold-wedding-rings-40875\/#primaryimage"},"thumbnailUrl":"https:\/\/static.purejewels.com\/wp-content\/uploads\/2021\/12\/40875.jpg","datePublished":"2021-12-16T11:31:11+00:00","dateModified":"2026-01-07T06:01:14+00:00","description":"Eheringe online in Gro\u00dfbritannien | Neueste Ringe &amp; Eheringe zum besten Preis in Gro\u00dfbritannien | Kostenlose Lieferung &amp; problemlose R\u00fcckgabe","breadcrumb":{"@id":"https:\/\/www.purejewels.com\/product\/indian-gold-wedding-rings-40875\/#breadcrumb"},"inLanguage":"de","potentialAction":[{"@type":"ReadAction","target":["https:\/\/www.purejewels.com\/product\/indian-gold-wedding-rings-40875\/"]}]},{"@type":"ImageObject","inLanguage":"de","@id":"https:\/\/www.purejewels.com\/product\/indian-gold-wedding-rings-40875\/#primaryimage","url":"https:\/\/static.purejewels.com\/wp-content\/uploads\/2021\/12\/40875.jpg","contentUrl":"https:\/\/static.purejewels.com\/wp-content\/uploads\/2021\/12\/40875.jpg","width":1000,"height":1000,"caption":"22ct Gold Ring 40875"},{"@type":"BreadcrumbList","@id":"https:\/\/www.purejewels.com\/product\/indian-gold-wedding-rings-40875\/#breadcrumb","itemListElement":[{"@type":"ListItem","position":1,"name":"Home","item":"https:\/\/www.purejewels.com\/"},{"@type":"ListItem","position":2,"name":"Shop","item":"https:\/\/www.purejewels.com\/shop\/"},{"@type":"ListItem","position":3,"name":"Indian Gold Wedding Rings UK"}]},{"@type":"WebSite","@id":"https:\/\/www.purejewels.com\/#website","url":"https:\/\/www.purejewels.com\/","name":"PureJewels UK","description":"Teile die Liebe","publisher":{"@id":"https:\/\/www.purejewels.com\/#organization"},"potentialAction":[{"@type":"SearchAction","target":{"@type":"EntryPoint","urlTemplate":"https:\/\/www.purejewels.com\/?s={search_term_string}"},"query-input":{"@type":"PropertyValueSpecification","valueRequired":true,"valueName":"search_term_string"}}],"inLanguage":"de"},{"@type":"Organization","@id":"https:\/\/www.purejewels.com\/#organization","name":"PureJewels UK","url":"https:\/\/www.purejewels.com\/","logo":{"@type":"ImageObject","inLanguage":"de","@id":"https:\/\/www.purejewels.com\/#\/schema\/logo\/image\/","url":"https:\/\/static.purejewels.com\/wp-content\/uploads\/2020\/11\/Logo-PJ-New-1.png","contentUrl":"https:\/\/static.purejewels.com\/wp-content\/uploads\/2020\/11\/Logo-PJ-New-1.png","width":150,"height":80,"caption":"PureJewels UK"},"image":{"@id":"https:\/\/www.purejewels.com\/#\/schema\/logo\/image\/"}}]}},"_links":{"self":[{"href":"https:\/\/www.purejewels.com\/de\/wp-json\/wp\/v2\/product\/330276","targetHints":{"allow":["GET"]}}],"collection":[{"href":"https:\/\/www.purejewels.com\/de\/wp-json\/wp\/v2\/product"}],"about":[{"href":"https:\/\/www.purejewels.com\/de\/wp-json\/wp\/v2\/types\/product"}],"replies":[{"embeddable":true,"href":"https:\/\/www.purejewels.com\/de\/wp-json\/wp\/v2\/comments?post=330276"}],"version-history":[{"count":0,"href":"https:\/\/www.purejewels.com\/de\/wp-json\/wp\/v2\/product\/330276\/revisions"}],"wp:featuredmedia":[{"embeddable":true,"href":"https:\/\/www.purejewels.com\/de\/wp-json\/wp\/v2\/media\/330278"}],"wp:attachment":[{"href":"https:\/\/www.purejewels.com\/de\/wp-json\/wp\/v2\/media?parent=330276"}],"wp:term":[{"taxonomy":"product_brand","embeddable":true,"href":"https:\/\/www.purejewels.com\/de\/wp-json\/wp\/v2\/product_brand?post=330276"},{"taxonomy":"product_cat","embeddable":true,"href":"https:\/\/www.purejewels.com\/de\/wp-json\/wp\/v2\/product_cat?post=330276"},{"taxonomy":"product_tag","embeddable":true,"href":"https:\/\/www.purejewels.com\/de\/wp-json\/wp\/v2\/product_tag?post=330276"}],"curies":[{"name":"wp","href":"https:\/\/api.w.org\/{rel}","templated":true}]}}