{"id":330381,"date":"2021-12-17T07:42:23","date_gmt":"2021-12-17T07:42:23","guid":{"rendered":"https:\/\/www.purejewels.com\/?post_type=product&#038;p=330381"},"modified":"2026-01-06T06:59:12","modified_gmt":"2026-01-06T06:59:12","slug":"asiatische-gold-ohrringe-de-41235","status":"publish","type":"product","link":"https:\/\/www.purejewels.com\/de\/product\/asian-gold-earrings-uk-41235\/","title":{"rendered":"Asiatische Gold-Ohrringe UK"},"content":{"rendered":"<h3>Inspiration<\/h3>\n<p><a href=\"https:\/\/www.purejewels.com\/de\/product-category\/22ct-gold-jewellery\/gold-earrings\/\">Ohrringe<\/a> sind die unentbehrlichsten Accessoires, denn im Gegensatz zu anderen Schmuckst\u00fccken haben sie die Kraft, alle Ihre Looks aufzuwerten. Sie brauchen nicht wirklich einen <strong>Halskette<\/strong> oder jedes andere Schmuckst\u00fcck, wenn die Ohrringe, die Sie w\u00e4hlen, um zu tragen sind auf Punkt und herrlich. Einige Ohrringe k\u00f6nnen Ihrem Look eine besondere Note verleihen, andere k\u00f6nnen ein subtiles Bild von Ihnen zeichnen, w\u00e4hrend andere ein Statement wie nie zuvor setzen k\u00f6nnen.<\/p>\n<h3>Gestaltung<\/h3>\n<p>Diese glamour\u00f6sen <a href=\"https:\/\/www.purejewels.com\/de\/product\/22ct-gold-jali-filigree-ring-jali-collection-31926\/\">22ct<\/a> Asiatisch <a href=\"https:\/\/www.purejewels.com\/de\/armari-collection\/\">goldene Ohrringe<\/a> sind hier, um Ihnen das Gef\u00fchl, schick und dennoch die dringend ben\u00f6tigte Subtilit\u00e4t, die ist, damit die perfekte Balance, die Sie suchen k\u00f6nnten. Diese pr\u00e4zise gefertigten zweifarbigen Ohrringe aus asiatischem Gold in Gro\u00dfbritannien sind in reinem Gold gefasst. <strong>22K Gold<\/strong>. Das Design dieser Sch\u00f6nheit beginnt mit komplexen wirbelnden Strukturen, die zusammenkommen und bis zum Ende gehen. Jedes gewirbelte Element ist minuti\u00f6s mit Miniatur-Rawas detailliert, die sich in einem fortlaufenden Muster zusammenrollen. Au\u00dferdem sind diese Elemente in zwei Farbt\u00f6nen fein veredelt und plattiert, um ein luxuri\u00f6ses Aussehen zu erzielen. Die R\u00e4nder sind von Hand bearbeitet, w\u00e4hrend der innere Teil rhodiniert ist. Unsere kostbaren Kugeln enden mit satinierten horizontalen St\u00e4ben, die dem Paar einen Hauch von Dramatik verleihen und es von allen anderen abheben.<\/p>\n<p>Sie k\u00f6nnen weiter bl\u00e4ttern, um die passenden <strong>Halskette<\/strong> und <strong>Armband <\/strong>zusammen mit diesem Paar asiatischer Goldohrringe zu tragen, um ein komplettes Set zu bilden. Kombinieren Sie sie mit extravaganten indischen Ensembles, westlichen Kleidern oder sogar mit formellen B\u00fcro-Ensembles.<\/p>","protected":false},"excerpt":{"rendered":"<ul>\n<li>22 Karat Gold-Ohrring<\/li>\n<li>Mit Rhodium-Politur<\/li>\n<li>Wt. 4.8 gms<\/li>\n<li>SKU. 42785<\/li>\n<li>Alle Preise inklusive Mehrwertsteuer<\/li>\n<li>Gold gestempelt von London Assay Office<\/li>\n<li>22 Karat Gold Ohrring kommt mit Geschenkbox<\/li>\n<li>Lieferung inbegriffen<\/li>\n<li>Live-Chat mit uns f\u00fcr Verf\u00fcgbarkeit und weitere Bilder von Schmuck-Geschenksets<\/li>\n<\/ul>","protected":false},"featured_media":314277,"comment_status":"closed","ping_status":"closed","template":"","meta":{"_eb_attr":"","_crsspst_to_jayantr4sg-hostcom":false},"product_brand":[],"product_cat":[1791,1559,1794,1685,1254,1573,1574],"product_tag":[66],"class_list":{"0":"post-330381","1":"product","2":"type-product","3":"status-publish","4":"has-post-thumbnail","6":"product_cat-anniversary-gifts","7":"product_cat-birthday-gifts","8":"product_cat-christmas-gifts","9":"product_cat-drop-earrings","10":"product_cat-gold-earrings","11":"product_cat-wedding-gifts","12":"product_cat-womens-jewellery","13":"product_tag-earrings","15":"first","16":"outofstock","17":"taxable","18":"shipping-taxable","19":"product-type-simple","20":"add-to-wishlist-before_image"},"yoast_head":"<!-- This site is optimized with the Yoast SEO plugin v27.6 - https:\/\/yoast.com\/product\/yoast-seo-wordpress\/ -->\n<title>Gold Earring with Rhodium Polish | PureJewels.com<\/title>\n<meta name=\"description\" content=\"Fancy Gold Earrings online in the UK | Shop latest gold Jewelry at PureJewels UK | QUick delivery | Hassle-free returns.\" \/>\n<meta name=\"robots\" content=\"index, follow, max-snippet:-1, max-image-preview:large, max-video-preview:-1\" \/>\n<link rel=\"canonical\" href=\"https:\/\/www.purejewels.com\/de\/produkt-2\/asiatische-gold-ohrringe-de-41235\/\" \/>\n<meta property=\"og:locale\" content=\"de_DE\" \/>\n<meta property=\"og:type\" content=\"article\" \/>\n<meta property=\"og:title\" content=\"Gold Earring with Rhodium Polish | PureJewels.com\" \/>\n<meta property=\"og:description\" content=\"Fancy Gold Earrings online in the UK | Shop latest gold Jewelry at PureJewels UK | QUick delivery | Hassle-free returns.\" \/>\n<meta property=\"og:url\" content=\"https:\/\/www.purejewels.com\/de\/produkt-2\/asiatische-gold-ohrringe-de-41235\/\" \/>\n<meta property=\"og:site_name\" content=\"PureJewels UK\" \/>\n<meta property=\"article:modified_time\" content=\"2026-01-06T06:59:12+00:00\" \/>\n<meta property=\"og:image\" content=\"https:\/\/www.purejewels.com\/wp-content\/uploads\/2020\/05\/171228304.jpg\" \/>\n\t<meta property=\"og:image:width\" content=\"1000\" \/>\n\t<meta property=\"og:image:height\" content=\"1000\" \/>\n\t<meta property=\"og:image:type\" content=\"image\/jpeg\" \/>\n<meta name=\"twitter:card\" content=\"summary_large_image\" \/>\n<meta name=\"twitter:label1\" content=\"Gesch\u00e4tzte Lesezeit\" \/>\n\t<meta name=\"twitter:data1\" content=\"2\u00a0Minuten\" \/>\n<script type=\"application\/ld+json\" class=\"yoast-schema-graph\">{\"@context\":\"https:\\\/\\\/schema.org\",\"@graph\":[{\"@type\":[\"WebPage\",\"ItemPage\"],\"@id\":\"https:\\\/\\\/www.purejewels.com\\\/product\\\/asian-gold-earrings-uk-41235\\\/\",\"url\":\"https:\\\/\\\/www.purejewels.com\\\/product\\\/asian-gold-earrings-uk-41235\\\/\",\"name\":\"Gold Earring with Rhodium Polish | PureJewels.com\",\"isPartOf\":{\"@id\":\"https:\\\/\\\/www.purejewels.com\\\/#website\"},\"primaryImageOfPage\":{\"@id\":\"https:\\\/\\\/www.purejewels.com\\\/product\\\/asian-gold-earrings-uk-41235\\\/#primaryimage\"},\"image\":{\"@id\":\"https:\\\/\\\/www.purejewels.com\\\/product\\\/asian-gold-earrings-uk-41235\\\/#primaryimage\"},\"thumbnailUrl\":\"https:\\\/\\\/static.purejewels.com\\\/wp-content\\\/uploads\\\/2020\\\/05\\\/171228304.jpg\",\"datePublished\":\"2021-12-17T07:42:23+00:00\",\"dateModified\":\"2026-01-06T06:59:12+00:00\",\"description\":\"Fancy Gold Earrings online in the UK | Shop latest gold Jewelry at PureJewels UK | QUick delivery | Hassle-free returns.\",\"breadcrumb\":{\"@id\":\"https:\\\/\\\/www.purejewels.com\\\/product\\\/asian-gold-earrings-uk-41235\\\/#breadcrumb\"},\"inLanguage\":\"de\",\"potentialAction\":[{\"@type\":\"ReadAction\",\"target\":[\"https:\\\/\\\/www.purejewels.com\\\/product\\\/asian-gold-earrings-uk-41235\\\/\"]}]},{\"@type\":\"ImageObject\",\"inLanguage\":\"de\",\"@id\":\"https:\\\/\\\/www.purejewels.com\\\/product\\\/asian-gold-earrings-uk-41235\\\/#primaryimage\",\"url\":\"https:\\\/\\\/static.purejewels.com\\\/wp-content\\\/uploads\\\/2020\\\/05\\\/171228304.jpg\",\"contentUrl\":\"https:\\\/\\\/static.purejewels.com\\\/wp-content\\\/uploads\\\/2020\\\/05\\\/171228304.jpg\",\"width\":1000,\"height\":1000,\"caption\":\"32593\"},{\"@type\":\"BreadcrumbList\",\"@id\":\"https:\\\/\\\/www.purejewels.com\\\/product\\\/asian-gold-earrings-uk-41235\\\/#breadcrumb\",\"itemListElement\":[{\"@type\":\"ListItem\",\"position\":1,\"name\":\"Home\",\"item\":\"https:\\\/\\\/www.purejewels.com\\\/\"},{\"@type\":\"ListItem\",\"position\":2,\"name\":\"Shop\",\"item\":\"https:\\\/\\\/www.purejewels.com\\\/shop\\\/\"},{\"@type\":\"ListItem\",\"position\":3,\"name\":\"Asian Gold Earrings UK\"}]},{\"@type\":\"WebSite\",\"@id\":\"https:\\\/\\\/www.purejewels.com\\\/#website\",\"url\":\"https:\\\/\\\/www.purejewels.com\\\/\",\"name\":\"PureJewels UK\",\"description\":\"Share the Love\",\"publisher\":{\"@id\":\"https:\\\/\\\/www.purejewels.com\\\/#organization\"},\"potentialAction\":[{\"@type\":\"SearchAction\",\"target\":{\"@type\":\"EntryPoint\",\"urlTemplate\":\"https:\\\/\\\/www.purejewels.com\\\/?s={search_term_string}\"},\"query-input\":{\"@type\":\"PropertyValueSpecification\",\"valueRequired\":true,\"valueName\":\"search_term_string\"}}],\"inLanguage\":\"de\"},{\"@type\":\"Organization\",\"@id\":\"https:\\\/\\\/www.purejewels.com\\\/#organization\",\"name\":\"PureJewels UK\",\"url\":\"https:\\\/\\\/www.purejewels.com\\\/\",\"logo\":{\"@type\":\"ImageObject\",\"inLanguage\":\"de\",\"@id\":\"https:\\\/\\\/www.purejewels.com\\\/#\\\/schema\\\/logo\\\/image\\\/\",\"url\":\"https:\\\/\\\/static.purejewels.com\\\/wp-content\\\/uploads\\\/2020\\\/11\\\/Logo-PJ-New-1.png\",\"contentUrl\":\"https:\\\/\\\/static.purejewels.com\\\/wp-content\\\/uploads\\\/2020\\\/11\\\/Logo-PJ-New-1.png\",\"width\":150,\"height\":80,\"caption\":\"PureJewels UK\"},\"image\":{\"@id\":\"https:\\\/\\\/www.purejewels.com\\\/#\\\/schema\\\/logo\\\/image\\\/\"}}]}<\/script>\n<!-- \/ Yoast SEO plugin. -->","yoast_head_json":{"title":"Gold-Ohrring mit Rhodium-Politur | PureJewels.com","description":"Fancy Gold Ohrringe online in Gro\u00dfbritannien | Shop neuesten Goldschmuck bei PureJewels UK | QUick Lieferung | Hassle-free zur\u00fcck.","robots":{"index":"index","follow":"follow","max-snippet":"max-snippet:-1","max-image-preview":"max-image-preview:large","max-video-preview":"max-video-preview:-1"},"canonical":"https:\/\/www.purejewels.com\/de\/produkt-2\/asiatische-gold-ohrringe-de-41235\/","og_locale":"de_DE","og_type":"article","og_title":"Gold Earring with Rhodium Polish | PureJewels.com","og_description":"Fancy Gold Earrings online in the UK | Shop latest gold Jewelry at PureJewels UK | QUick delivery | Hassle-free returns.","og_url":"https:\/\/www.purejewels.com\/de\/produkt-2\/asiatische-gold-ohrringe-de-41235\/","og_site_name":"PureJewels UK","article_modified_time":"2026-01-06T06:59:12+00:00","og_image":[{"width":1000,"height":1000,"url":"https:\/\/www.purejewels.com\/wp-content\/uploads\/2020\/05\/171228304.jpg","type":"image\/jpeg"}],"twitter_card":"summary_large_image","twitter_misc":{"Gesch\u00e4tzte Lesezeit":"2\u00a0Minuten"},"schema":{"@context":"https:\/\/schema.org","@graph":[{"@type":["WebPage","ItemPage"],"@id":"https:\/\/www.purejewels.com\/product\/asian-gold-earrings-uk-41235\/","url":"https:\/\/www.purejewels.com\/product\/asian-gold-earrings-uk-41235\/","name":"Gold-Ohrring mit Rhodium-Politur | PureJewels.com","isPartOf":{"@id":"https:\/\/www.purejewels.com\/#website"},"primaryImageOfPage":{"@id":"https:\/\/www.purejewels.com\/product\/asian-gold-earrings-uk-41235\/#primaryimage"},"image":{"@id":"https:\/\/www.purejewels.com\/product\/asian-gold-earrings-uk-41235\/#primaryimage"},"thumbnailUrl":"https:\/\/static.purejewels.com\/wp-content\/uploads\/2020\/05\/171228304.jpg","datePublished":"2021-12-17T07:42:23+00:00","dateModified":"2026-01-06T06:59:12+00:00","description":"Fancy Gold Ohrringe online in Gro\u00dfbritannien | Shop neuesten Goldschmuck bei PureJewels UK | QUick Lieferung | Hassle-free zur\u00fcck.","breadcrumb":{"@id":"https:\/\/www.purejewels.com\/product\/asian-gold-earrings-uk-41235\/#breadcrumb"},"inLanguage":"de","potentialAction":[{"@type":"ReadAction","target":["https:\/\/www.purejewels.com\/product\/asian-gold-earrings-uk-41235\/"]}]},{"@type":"ImageObject","inLanguage":"de","@id":"https:\/\/www.purejewels.com\/product\/asian-gold-earrings-uk-41235\/#primaryimage","url":"https:\/\/static.purejewels.com\/wp-content\/uploads\/2020\/05\/171228304.jpg","contentUrl":"https:\/\/static.purejewels.com\/wp-content\/uploads\/2020\/05\/171228304.jpg","width":1000,"height":1000,"caption":"32593"},{"@type":"BreadcrumbList","@id":"https:\/\/www.purejewels.com\/product\/asian-gold-earrings-uk-41235\/#breadcrumb","itemListElement":[{"@type":"ListItem","position":1,"name":"Home","item":"https:\/\/www.purejewels.com\/"},{"@type":"ListItem","position":2,"name":"Shop","item":"https:\/\/www.purejewels.com\/shop\/"},{"@type":"ListItem","position":3,"name":"Asian Gold Earrings UK"}]},{"@type":"WebSite","@id":"https:\/\/www.purejewels.com\/#website","url":"https:\/\/www.purejewels.com\/","name":"PureJewels UK","description":"Teile die Liebe","publisher":{"@id":"https:\/\/www.purejewels.com\/#organization"},"potentialAction":[{"@type":"SearchAction","target":{"@type":"EntryPoint","urlTemplate":"https:\/\/www.purejewels.com\/?s={search_term_string}"},"query-input":{"@type":"PropertyValueSpecification","valueRequired":true,"valueName":"search_term_string"}}],"inLanguage":"de"},{"@type":"Organization","@id":"https:\/\/www.purejewels.com\/#organization","name":"PureJewels UK","url":"https:\/\/www.purejewels.com\/","logo":{"@type":"ImageObject","inLanguage":"de","@id":"https:\/\/www.purejewels.com\/#\/schema\/logo\/image\/","url":"https:\/\/static.purejewels.com\/wp-content\/uploads\/2020\/11\/Logo-PJ-New-1.png","contentUrl":"https:\/\/static.purejewels.com\/wp-content\/uploads\/2020\/11\/Logo-PJ-New-1.png","width":150,"height":80,"caption":"PureJewels UK"},"image":{"@id":"https:\/\/www.purejewels.com\/#\/schema\/logo\/image\/"}}]}},"_links":{"self":[{"href":"https:\/\/www.purejewels.com\/de\/wp-json\/wp\/v2\/product\/330381","targetHints":{"allow":["GET"]}}],"collection":[{"href":"https:\/\/www.purejewels.com\/de\/wp-json\/wp\/v2\/product"}],"about":[{"href":"https:\/\/www.purejewels.com\/de\/wp-json\/wp\/v2\/types\/product"}],"replies":[{"embeddable":true,"href":"https:\/\/www.purejewels.com\/de\/wp-json\/wp\/v2\/comments?post=330381"}],"version-history":[{"count":0,"href":"https:\/\/www.purejewels.com\/de\/wp-json\/wp\/v2\/product\/330381\/revisions"}],"wp:featuredmedia":[{"embeddable":true,"href":"https:\/\/www.purejewels.com\/de\/wp-json\/wp\/v2\/media\/314277"}],"wp:attachment":[{"href":"https:\/\/www.purejewels.com\/de\/wp-json\/wp\/v2\/media?parent=330381"}],"wp:term":[{"taxonomy":"product_brand","embeddable":true,"href":"https:\/\/www.purejewels.com\/de\/wp-json\/wp\/v2\/product_brand?post=330381"},{"taxonomy":"product_cat","embeddable":true,"href":"https:\/\/www.purejewels.com\/de\/wp-json\/wp\/v2\/product_cat?post=330381"},{"taxonomy":"product_tag","embeddable":true,"href":"https:\/\/www.purejewels.com\/de\/wp-json\/wp\/v2\/product_tag?post=330381"}],"curies":[{"name":"wp","href":"https:\/\/api.w.org\/{rel}","templated":true}]}}