{"id":330383,"date":"2022-06-22T01:47:53","date_gmt":"2022-06-22T00:47:53","guid":{"rendered":"https:\/\/www.purejewels.com\/?post_type=product&#038;p=330383"},"modified":"2026-01-06T09:45:07","modified_gmt":"2026-01-06T09:45:07","slug":"22-karat-goldarmband-fur-damen-42733","status":"publish","type":"product","link":"https:\/\/www.purejewels.com\/de\/product\/22-carat-gold-bracelet-for-ladies-42733\/","title":{"rendered":"22ct Gold-Armband f\u00fcr Damen | Rhodium-Finish | 6,5 Zentimeter"},"content":{"rendered":"<p>Diese wundersch\u00f6ne zweifarbige 22-Karat <strong><a href=\"https:\/\/www.purejewels.com\/de\/product\/22ct-gold-mens-bracelet\/\">Goldarmband<\/a><\/strong> ist genau das Richtige f\u00fcr Sie, wenn Sie es \u00fcbertreiben und trotzdem dezent bleiben wollen. Dieses 22-kar\u00e4tige Gold <a href=\"https:\/\/www.purejewels.com\/de\/product-category\/22ct-gold-jewellery\/gold-bracelet\/\">Armband<\/a> im Vereinigten K\u00f6nigreich hat perfekte, elegante Locken und gl\u00e4nzt wie keine andere.<\/p>\n<h3><strong>Gestaltung<\/strong><\/h3>\n<p>Dieses glamour\u00f6se Goldarmband sorgt daf\u00fcr, dass Sie sich schick f\u00fchlen, aber dennoch die n\u00f6tige Subtilit\u00e4t bewahren, um die perfekte Balance zu finden. Dieses pr\u00e4zise gefertigte, zweifarbige Armband ist in reinem 22-kar\u00e4tigem Gold gefasst. Das Design dieser Sch\u00f6nheit beginnt mit komplexen, wirbelnden Strukturen, die sich bis zum Ende fortsetzen. Jedes gewirbelte Element ist bis ins kleinste Detail mit Miniatur-Rawas versehen, die sich zu einem fortlaufenden Muster zusammenf\u00fcgen. Au\u00dferdem sind diese Elemente in zwei Farbt\u00f6nen fein veredelt und plattiert, um ein luxuri\u00f6ses Aussehen zu erzielen. Die R\u00e4nder sind von Hand ausgearbeitet, w\u00e4hrend der innere Teil rhodiniert ist. Dieses Armband aus 22-kar\u00e4tigem Gold f\u00fcr Frauen von Purejewels hat einen minimalen und doch dramatischen Touch, der es von allen anderen abhebt.<\/p>\n<h3>Stil<\/h3>\n<p>Sie k\u00f6nnen dieses ausgefallene, handgefertigte Armband von Purejewls mit Ihren extravaganten indischen Ensembles, westlichen Kleidern oder sogar mit formellen B\u00fcro-Ensembles tragen, w\u00e4hrend es Ihre Sch\u00f6nheit und Ihr mutiges Selbst umarmt. Tragen Sie es unabh\u00e4ngig oder stapeln Sie es zusammen mit anderen Handgelenk Sch\u00f6nheiten aus unserer Kollektion, es ist sicher, einen Eindruck zu hinterlassen, die dauern w\u00fcrde. Sie k\u00f6nnen weiter scrollen, um die passende Halskette zu finden und <a href=\"https:\/\/www.purejewels.com\/de\/product-category\/22ct-gold-jewellery\/gold-earrings\/\">Ohrringe<\/a> um sie als komplettes Set zu tragen.<\/p>\n<p>&nbsp;<\/p>\n<p><b>Bereichs-ID <\/b>YGBR022<\/p>","protected":false},"excerpt":{"rendered":"<div class=\"woocommerce-product-details__short-description\">\n<table class=\"sh_desc\">\n<tbody>\n<tr>\n<td>Typ des Armbands<\/td>\n<td>Twist-Armband<\/td>\n<\/tr>\n<tr>\n<td>SKU<\/td>\n<td>44306<\/td>\n<\/tr>\n<tr>\n<td>Gewicht<\/td>\n<td>7.4 Gms<\/td>\n<\/tr>\n<tr>\n<td>Metall<\/td>\n<td>22ct Gold<\/td>\n<\/tr>\n<tr>\n<td>L\u00e4nge<\/td>\n<td>6,5 Zoll<\/td>\n<\/tr>\n<tr>\n<td>Entgelte<\/td>\n<td>Lieferung und Mehrwertsteuer inbegriffen<\/td>\n<\/tr>\n<tr>\n<td>Verpackung<\/td>\n<td>Mit Pr\u00e4sentationsbox<\/td>\n<\/tr>\n<tr>\n<td>Mehr Informationen<\/td>\n<td>Live-Chat mit uns f\u00fcr Verf\u00fcgbarkeit und mehr Bilder<\/td>\n<\/tr>\n<\/tbody>\n<\/table>\n<\/div>","protected":false},"featured_media":338823,"comment_status":"closed","ping_status":"closed","template":"","meta":{"_eb_attr":"","_crsspst_to_jayantr4sg-hostcom":false},"product_brand":[],"product_cat":[1791,1559,1794,1793,1792,1324,1627,1229,1570,1575,1569,1573,1574],"product_tag":[],"class_list":{"0":"post-330383","1":"product","2":"type-product","3":"status-publish","4":"has-post-thumbnail","6":"product_cat-anniversary-gifts","7":"product_cat-birthday-gifts","8":"product_cat-christmas-gifts","9":"product_cat-diwali-gifts","10":"product_cat-festival-gifts","11":"product_cat-gold-bracelet","12":"product_cat-ladies-bracelet","13":"product_cat-22ct-gold-jewellery","14":"product_cat-mothers-day-gifts","15":"product_cat-teenage-jewellery","16":"product_cat-valentine-day-gifts","17":"product_cat-wedding-gifts","18":"product_cat-womens-jewellery","20":"first","21":"outofstock","22":"taxable","23":"shipping-taxable","24":"product-type-simple","25":"add-to-wishlist-before_image"},"yoast_head":"<!-- This site is optimized with the Yoast SEO plugin v27.3 - https:\/\/yoast.com\/product\/yoast-seo-wordpress\/ -->\n<title>Rhodium Polish Bracelet Online in UK | Gold Bracelet<\/title>\n<meta name=\"description\" content=\"Gold Bracelets in UK | Twisted rhodium polish bracelet is perfect for everyday wear | Shop More collection at PureJewels.com\" \/>\n<meta name=\"robots\" content=\"index, follow, max-snippet:-1, max-image-preview:large, max-video-preview:-1\" \/>\n<link rel=\"canonical\" href=\"https:\/\/www.purejewels.com\/de\/produkt-2\/22-karat-goldarmband-fur-damen-42733\/\" \/>\n<meta property=\"og:locale\" content=\"de_DE\" \/>\n<meta property=\"og:type\" content=\"article\" \/>\n<meta property=\"og:title\" content=\"Rhodium Polish Bracelet Online in UK | Gold Bracelet\" \/>\n<meta property=\"og:description\" content=\"Gold Bracelets in UK | Twisted rhodium polish bracelet is perfect for everyday wear | Shop More collection at PureJewels.com\" \/>\n<meta property=\"og:url\" content=\"https:\/\/www.purejewels.com\/de\/produkt-2\/22-karat-goldarmband-fur-damen-42733\/\" \/>\n<meta property=\"og:site_name\" content=\"PureJewels UK\" \/>\n<meta property=\"article:modified_time\" content=\"2026-01-06T09:45:07+00:00\" \/>\n<meta property=\"og:image\" content=\"https:\/\/www.purejewels.com\/wp-content\/uploads\/2021\/12\/30886-1.png\" \/>\n\t<meta property=\"og:image:width\" content=\"1000\" \/>\n\t<meta property=\"og:image:height\" content=\"1000\" \/>\n\t<meta property=\"og:image:type\" content=\"image\/png\" \/>\n<meta name=\"twitter:card\" content=\"summary_large_image\" \/>\n<meta name=\"twitter:label1\" content=\"Gesch\u00e4tzte Lesezeit\" \/>\n\t<meta name=\"twitter:data1\" content=\"2\u00a0Minuten\" \/>\n<script type=\"application\/ld+json\" class=\"yoast-schema-graph\">{\"@context\":\"https:\\\/\\\/schema.org\",\"@graph\":[{\"@type\":[\"WebPage\",\"ItemPage\"],\"@id\":\"https:\\\/\\\/www.purejewels.com\\\/product\\\/22-carat-gold-bracelet-for-ladies-42733\\\/\",\"url\":\"https:\\\/\\\/www.purejewels.com\\\/product\\\/22-carat-gold-bracelet-for-ladies-42733\\\/\",\"name\":\"Rhodium Polish Bracelet Online in UK | Gold Bracelet\",\"isPartOf\":{\"@id\":\"https:\\\/\\\/www.purejewels.com\\\/#website\"},\"primaryImageOfPage\":{\"@id\":\"https:\\\/\\\/www.purejewels.com\\\/product\\\/22-carat-gold-bracelet-for-ladies-42733\\\/#primaryimage\"},\"image\":{\"@id\":\"https:\\\/\\\/www.purejewels.com\\\/product\\\/22-carat-gold-bracelet-for-ladies-42733\\\/#primaryimage\"},\"thumbnailUrl\":\"https:\\\/\\\/static.purejewels.com\\\/wp-content\\\/uploads\\\/2021\\\/12\\\/30886-1.png\",\"datePublished\":\"2022-06-22T00:47:53+00:00\",\"dateModified\":\"2026-01-06T09:45:07+00:00\",\"description\":\"Gold Bracelets in UK | Twisted rhodium polish bracelet is perfect for everyday wear | Shop More collection at PureJewels.com\",\"breadcrumb\":{\"@id\":\"https:\\\/\\\/www.purejewels.com\\\/product\\\/22-carat-gold-bracelet-for-ladies-42733\\\/#breadcrumb\"},\"inLanguage\":\"de\",\"potentialAction\":[{\"@type\":\"ReadAction\",\"target\":[\"https:\\\/\\\/www.purejewels.com\\\/product\\\/22-carat-gold-bracelet-for-ladies-42733\\\/\"]}]},{\"@type\":\"ImageObject\",\"inLanguage\":\"de\",\"@id\":\"https:\\\/\\\/www.purejewels.com\\\/product\\\/22-carat-gold-bracelet-for-ladies-42733\\\/#primaryimage\",\"url\":\"https:\\\/\\\/static.purejewels.com\\\/wp-content\\\/uploads\\\/2021\\\/12\\\/30886-1.png\",\"contentUrl\":\"https:\\\/\\\/static.purejewels.com\\\/wp-content\\\/uploads\\\/2021\\\/12\\\/30886-1.png\",\"width\":1000,\"height\":1000,\"caption\":\"22ct Gold Twist Ladies Bracelet | Rhodium Finish | 8 Inches\"},{\"@type\":\"BreadcrumbList\",\"@id\":\"https:\\\/\\\/www.purejewels.com\\\/product\\\/22-carat-gold-bracelet-for-ladies-42733\\\/#breadcrumb\",\"itemListElement\":[{\"@type\":\"ListItem\",\"position\":1,\"name\":\"Home\",\"item\":\"https:\\\/\\\/www.purejewels.com\\\/\"},{\"@type\":\"ListItem\",\"position\":2,\"name\":\"Shop\",\"item\":\"https:\\\/\\\/www.purejewels.com\\\/shop\\\/\"},{\"@type\":\"ListItem\",\"position\":3,\"name\":\"22ct Gold Bracelet For Ladies | Rhodium Finish | 6.5 Inches\"}]},{\"@type\":\"WebSite\",\"@id\":\"https:\\\/\\\/www.purejewels.com\\\/#website\",\"url\":\"https:\\\/\\\/www.purejewels.com\\\/\",\"name\":\"PureJewels UK\",\"description\":\"Share the Love\",\"publisher\":{\"@id\":\"https:\\\/\\\/www.purejewels.com\\\/#organization\"},\"potentialAction\":[{\"@type\":\"SearchAction\",\"target\":{\"@type\":\"EntryPoint\",\"urlTemplate\":\"https:\\\/\\\/www.purejewels.com\\\/?s={search_term_string}\"},\"query-input\":{\"@type\":\"PropertyValueSpecification\",\"valueRequired\":true,\"valueName\":\"search_term_string\"}}],\"inLanguage\":\"de\"},{\"@type\":\"Organization\",\"@id\":\"https:\\\/\\\/www.purejewels.com\\\/#organization\",\"name\":\"PureJewels UK\",\"url\":\"https:\\\/\\\/www.purejewels.com\\\/\",\"logo\":{\"@type\":\"ImageObject\",\"inLanguage\":\"de\",\"@id\":\"https:\\\/\\\/www.purejewels.com\\\/#\\\/schema\\\/logo\\\/image\\\/\",\"url\":\"https:\\\/\\\/static.purejewels.com\\\/wp-content\\\/uploads\\\/2020\\\/11\\\/Logo-PJ-New-1.png\",\"contentUrl\":\"https:\\\/\\\/static.purejewels.com\\\/wp-content\\\/uploads\\\/2020\\\/11\\\/Logo-PJ-New-1.png\",\"width\":150,\"height\":80,\"caption\":\"PureJewels UK\"},\"image\":{\"@id\":\"https:\\\/\\\/www.purejewels.com\\\/#\\\/schema\\\/logo\\\/image\\\/\"}}]}<\/script>\n<!-- \/ Yoast SEO plugin. -->","yoast_head_json":{"title":"Rhodium poliertes Armband Online in UK | Goldarmband","description":"Gold Armb\u00e4nder in UK | Gedrehtes Rhodium polieren Armband ist perfekt f\u00fcr den Alltag | Shop More Sammlung auf PureJewels.com","robots":{"index":"index","follow":"follow","max-snippet":"max-snippet:-1","max-image-preview":"max-image-preview:large","max-video-preview":"max-video-preview:-1"},"canonical":"https:\/\/www.purejewels.com\/de\/produkt-2\/22-karat-goldarmband-fur-damen-42733\/","og_locale":"de_DE","og_type":"article","og_title":"Rhodium Polish Bracelet Online in UK | Gold Bracelet","og_description":"Gold Bracelets in UK | Twisted rhodium polish bracelet is perfect for everyday wear | Shop More collection at PureJewels.com","og_url":"https:\/\/www.purejewels.com\/de\/produkt-2\/22-karat-goldarmband-fur-damen-42733\/","og_site_name":"PureJewels UK","article_modified_time":"2026-01-06T09:45:07+00:00","og_image":[{"width":1000,"height":1000,"url":"https:\/\/www.purejewels.com\/wp-content\/uploads\/2021\/12\/30886-1.png","type":"image\/png"}],"twitter_card":"summary_large_image","twitter_misc":{"Gesch\u00e4tzte Lesezeit":"2\u00a0Minuten"},"schema":{"@context":"https:\/\/schema.org","@graph":[{"@type":["WebPage","ItemPage"],"@id":"https:\/\/www.purejewels.com\/product\/22-carat-gold-bracelet-for-ladies-42733\/","url":"https:\/\/www.purejewels.com\/product\/22-carat-gold-bracelet-for-ladies-42733\/","name":"Rhodium poliertes Armband Online in UK | Goldarmband","isPartOf":{"@id":"https:\/\/www.purejewels.com\/#website"},"primaryImageOfPage":{"@id":"https:\/\/www.purejewels.com\/product\/22-carat-gold-bracelet-for-ladies-42733\/#primaryimage"},"image":{"@id":"https:\/\/www.purejewels.com\/product\/22-carat-gold-bracelet-for-ladies-42733\/#primaryimage"},"thumbnailUrl":"https:\/\/static.purejewels.com\/wp-content\/uploads\/2021\/12\/30886-1.png","datePublished":"2022-06-22T00:47:53+00:00","dateModified":"2026-01-06T09:45:07+00:00","description":"Gold Armb\u00e4nder in UK | Gedrehtes Rhodium polieren Armband ist perfekt f\u00fcr den Alltag | Shop More Sammlung auf PureJewels.com","breadcrumb":{"@id":"https:\/\/www.purejewels.com\/product\/22-carat-gold-bracelet-for-ladies-42733\/#breadcrumb"},"inLanguage":"de","potentialAction":[{"@type":"ReadAction","target":["https:\/\/www.purejewels.com\/product\/22-carat-gold-bracelet-for-ladies-42733\/"]}]},{"@type":"ImageObject","inLanguage":"de","@id":"https:\/\/www.purejewels.com\/product\/22-carat-gold-bracelet-for-ladies-42733\/#primaryimage","url":"https:\/\/static.purejewels.com\/wp-content\/uploads\/2021\/12\/30886-1.png","contentUrl":"https:\/\/static.purejewels.com\/wp-content\/uploads\/2021\/12\/30886-1.png","width":1000,"height":1000,"caption":"22ct Gold Twist Ladies Bracelet | Rhodium Finish | 8 Inches"},{"@type":"BreadcrumbList","@id":"https:\/\/www.purejewels.com\/product\/22-carat-gold-bracelet-for-ladies-42733\/#breadcrumb","itemListElement":[{"@type":"ListItem","position":1,"name":"Home","item":"https:\/\/www.purejewels.com\/"},{"@type":"ListItem","position":2,"name":"Shop","item":"https:\/\/www.purejewels.com\/shop\/"},{"@type":"ListItem","position":3,"name":"22ct Gold Bracelet For Ladies | Rhodium Finish | 6.5 Inches"}]},{"@type":"WebSite","@id":"https:\/\/www.purejewels.com\/#website","url":"https:\/\/www.purejewels.com\/","name":"PureJewels UK","description":"Teile die Liebe","publisher":{"@id":"https:\/\/www.purejewels.com\/#organization"},"potentialAction":[{"@type":"SearchAction","target":{"@type":"EntryPoint","urlTemplate":"https:\/\/www.purejewels.com\/?s={search_term_string}"},"query-input":{"@type":"PropertyValueSpecification","valueRequired":true,"valueName":"search_term_string"}}],"inLanguage":"de"},{"@type":"Organization","@id":"https:\/\/www.purejewels.com\/#organization","name":"PureJewels UK","url":"https:\/\/www.purejewels.com\/","logo":{"@type":"ImageObject","inLanguage":"de","@id":"https:\/\/www.purejewels.com\/#\/schema\/logo\/image\/","url":"https:\/\/static.purejewels.com\/wp-content\/uploads\/2020\/11\/Logo-PJ-New-1.png","contentUrl":"https:\/\/static.purejewels.com\/wp-content\/uploads\/2020\/11\/Logo-PJ-New-1.png","width":150,"height":80,"caption":"PureJewels UK"},"image":{"@id":"https:\/\/www.purejewels.com\/#\/schema\/logo\/image\/"}}]}},"_links":{"self":[{"href":"https:\/\/www.purejewels.com\/de\/wp-json\/wp\/v2\/product\/330383","targetHints":{"allow":["GET"]}}],"collection":[{"href":"https:\/\/www.purejewels.com\/de\/wp-json\/wp\/v2\/product"}],"about":[{"href":"https:\/\/www.purejewels.com\/de\/wp-json\/wp\/v2\/types\/product"}],"replies":[{"embeddable":true,"href":"https:\/\/www.purejewels.com\/de\/wp-json\/wp\/v2\/comments?post=330383"}],"version-history":[{"count":1,"href":"https:\/\/www.purejewels.com\/de\/wp-json\/wp\/v2\/product\/330383\/revisions"}],"predecessor-version":[{"id":363135,"href":"https:\/\/www.purejewels.com\/de\/wp-json\/wp\/v2\/product\/330383\/revisions\/363135"}],"wp:featuredmedia":[{"embeddable":true,"href":"https:\/\/www.purejewels.com\/de\/wp-json\/wp\/v2\/media\/338823"}],"wp:attachment":[{"href":"https:\/\/www.purejewels.com\/de\/wp-json\/wp\/v2\/media?parent=330383"}],"wp:term":[{"taxonomy":"product_brand","embeddable":true,"href":"https:\/\/www.purejewels.com\/de\/wp-json\/wp\/v2\/product_brand?post=330383"},{"taxonomy":"product_cat","embeddable":true,"href":"https:\/\/www.purejewels.com\/de\/wp-json\/wp\/v2\/product_cat?post=330383"},{"taxonomy":"product_tag","embeddable":true,"href":"https:\/\/www.purejewels.com\/de\/wp-json\/wp\/v2\/product_tag?post=330383"}],"curies":[{"name":"wp","href":"https:\/\/api.w.org\/{rel}","templated":true}]}}