{"id":330523,"date":"2021-12-21T06:50:29","date_gmt":"2021-12-21T06:50:29","guid":{"rendered":"https:\/\/www.purejewels.com\/?post_type=product&#038;p=330523"},"modified":"2026-01-06T09:45:07","modified_gmt":"2026-01-06T09:45:07","slug":"22-karat-gold-gedrehtes-armband-41219","status":"publish","type":"product","link":"https:\/\/www.purejewels.com\/de\/product\/22-carat-gold-twisted-bracelet-41219\/","title":{"rendered":"22 Karat Gold Twisted Armband | 7,5 Zoll | 4,5 mm dick"},"content":{"rendered":"<div id=\"chat-history\" class=\"chat-history-scroll-container ng-tns-c1017015721-1\">\n<div class=\"conversation-container ng-tns-c1017015721-1 ng-star-inserted\">\n<div>\n<div class=\"response-container ng-tns-c2453973856-71 ng-star-inserted response-container-has-multiple-responses\">\n<div class=\"presented-response-container ng-tns-c2453973856-71\">\n<div class=\"response-container-content ng-tns-c2453973856-71 tunable-selection-with-avatar\">\n<div class=\"response-content ng-tns-c2453973856-71\">\n<div class=\"markdown markdown-main-panel\" dir=\"ltr\">\n<p data-sourcepos=\"3:1-3:59\"><strong>Setzen Sie ein Zeichen mit dieser atemberaubenden 22 Karat Gold <a href=\"https:\/\/www.purejewels.com\/de\/product\/22ct-gold-twisted-bracelet-47482\/\">gedrehtes Armband<\/a>Ein fesselndes St\u00fcck, das modernen Chic mit zeitloser Eleganz verbindet.<\/strong><\/p>\n<ul data-sourcepos=\"5:1-5:77\">\n<li data-sourcepos=\"5:1-5:77\">\n<p class=\"\" data-sourcepos=\"5:3-5:183\"><strong class=\"\">Unvergessliches Design:<\/strong> Das fesselnde Design besteht aus einem 4,5 mm breiten Band mit einer dynamischen Drehung, die diesem Armband einen Hauch von Pers\u00f6nlichkeit verleiht und es von klassischen Modellen abhebt.<\/p>\n<\/li>\n<li data-sourcepos=\"7:1-7:55\">\n<p data-sourcepos=\"7:3-7:55\"><strong>Luxuri\u00f6ses Material:<\/strong> Erleben Sie die satte Farbe und den unvergleichlichen Glanz von echtem 22-Karat-Gold. Die Punze des Londoner Assay Office garantiert die Reinheit und Qualit\u00e4t des Goldes, damit Sie ein St\u00fcck von bleibendem Wert erhalten.<\/p>\n<\/li>\n<li data-sourcepos=\"9:1-10:0\">\n<p data-sourcepos=\"9:3-9:236\"><strong>Bequeme Eleganz:<\/strong> Dieses Armband ist sowohl f\u00fcr Stil als auch f\u00fcr Komfort gemacht. Die L\u00e4nge von 7,5 Zoll gew\u00e4hrleistet eine bequeme Passform f\u00fcr die meisten Handgelenke, w\u00e4hrend das Gewicht von 4,6 Gramm ein luxuri\u00f6ses Gef\u00fchl vermittelt, ohne sperrig zu sein.<\/p>\n<\/li>\n<li data-sourcepos=\"11:1-11:172\">\n<p data-sourcepos=\"11:3-11:172\"><strong>F\u00fcr die Echtheit gepunzt:<\/strong> Jedes Armband tr\u00e4gt das Punzierungszeichen des London Assay Office, das bescheinigt, dass der Goldgehalt von 22 Karat den strengen Normen entspricht. Diese prestigetr\u00e4chtige Punzierung steht f\u00fcr eine echte Investition in Qualit\u00e4t.<\/p>\n<\/li>\n<\/ul>\n<p data-sourcepos=\"13:1-13:283\">Wenden Sie sich an unseren Live-Chat-Support, um Informationen \u00fcber die Verf\u00fcgbarkeit in Echtzeit zu erhalten und um zus\u00e4tzliche Bilder des Armbands anzufordern.<\/p>\n<p data-sourcepos=\"15:1-15:33\"><strong>Dieses Armband ist perfekt f\u00fcr:<\/strong><\/p>\n<ul data-sourcepos=\"17:1-20:0\">\n<li data-sourcepos=\"17:1-17:54\">Frauen, die mutiges und modernes Schmuckdesign sch\u00e4tzen<\/li>\n<li data-sourcepos=\"18:1-18:44\">Ein Hauch von Luxus f\u00fcr die t\u00e4gliche Kleidung<\/li>\n<li data-sourcepos=\"19:1-20:0\">Ein Geschenk, das mit Sicherheit bewundert wird<\/li>\n<\/ul>\n<p data-sourcepos=\"21:1-21:146\"><strong>Verpassen Sie nicht Ihre Chance, dieses fesselnde St\u00fcck zu besitzen. Kontaktieren Sie noch heute unseren Live-Chat-Support, um die Verf\u00fcgbarkeit zu pr\u00fcfen und weitere Bilder anzufordern!<\/strong><\/p>\n<\/div>\n<\/div>\n<\/div>\n<\/div>\n<\/div>\n<\/div>\n<\/div>\n<\/div>\n<div class=\"bottom-container ng-tns-c1017015721-1 ng-star-inserted\">\n<div class=\"input-area-container ng-tns-c1017015721-1 ng-star-inserted\">\n<div class=\"input-area ng-tns-c625990796-3 ng-trigger ng-trigger-inputAreaRevealAnimation\" data-node-type=\"input-area\">\n<div class=\"text-input-field ng-tns-c625990796-3\">\n<div class=\"text-input-field_textarea-wrapper ng-tns-c625990796-3\">\n<div class=\"text-input-field-main-area ng-tns-c625990796-3\">\n<div class=\"text-input-field_textarea-inner ng-tns-c625990796-3\">\n<div class=\"ql-editor textarea ql-blank\" role=\"textbox\" contenteditable=\"true\" data-gramm=\"false\" aria-multiline=\"true\" aria-label=\"Geben Sie hier eine Aufforderung ein\" data-placeholder=\"Enter a prompt here\"><\/div>\n<\/div>\n<\/div>\n<\/div>\n<\/div>\n<\/div>\n<\/div>\n<\/div>","protected":false},"excerpt":{"rendered":"<table class=\"sh_desc\">\n<tbody>\n<tr>\n<td>Typ des Armbands<\/td>\n<td>Damen-Armband<\/td>\n<\/tr>\n<tr>\n<td>SKU<\/td>\n<td>43977<\/td>\n<\/tr>\n<tr>\n<td>Gewicht<\/td>\n<td>4.6 Gms<\/td>\n<\/tr>\n<tr>\n<td>Metall<\/td>\n<td>22ct Gold<\/td>\n<\/tr>\n<tr>\n<td>Wahrzeichen<\/td>\n<td>22ct Gold gestempelt von London Assay Office<\/td>\n<\/tr>\n<tr>\n<td>Entgelte<\/td>\n<td>Lieferung und Mehrwertsteuer inbegriffen<\/td>\n<\/tr>\n<tr>\n<td>Verpackung<\/td>\n<td>Mit Pr\u00e4sentationsbox<\/td>\n<\/tr>\n<tr>\n<td>Mehr Informationen<\/td>\n<td>\n<ul>\n<li>Live-Chat mit uns f\u00fcr Verf\u00fcgbarkeit und mehr Bilder<\/li>\n<\/ul>\n<\/td>\n<\/tr>\n<\/tbody>\n<\/table>","protected":false},"featured_media":349730,"comment_status":"closed","ping_status":"closed","template":"","meta":{"_eb_attr":"","_crsspst_to_jayantr4sg-hostcom":false},"product_brand":[],"product_cat":[1791,1559,5676,1794,1793,1324,1627,1229,5344,1570,1575,1574,5349],"product_tag":[],"class_list":{"0":"post-330523","1":"product","2":"type-product","3":"status-publish","4":"has-post-thumbnail","6":"product_cat-anniversary-gifts","7":"product_cat-birthday-gifts","8":"product_cat-chain-bracelets-for-ladies","9":"product_cat-christmas-gifts","10":"product_cat-diwali-gifts","11":"product_cat-gold-bracelet","12":"product_cat-ladies-bracelet","13":"product_cat-22ct-gold-jewellery","14":"product_cat-jewellery-under-750","15":"product_cat-mothers-day-gifts","16":"product_cat-teenage-jewellery","17":"product_cat-womens-jewellery","18":"product_cat-yellow-gold-jewellery","20":"first","21":"outofstock","22":"taxable","23":"shipping-taxable","24":"product-type-simple","25":"add-to-wishlist-before_image"},"yoast_head":"<!-- This site is optimized with the Yoast SEO plugin v27.5 - https:\/\/yoast.com\/product\/yoast-seo-wordpress\/ -->\n<title>Twisted Gold Bracelet | 22ct Gold Jewellery \u2013 Purejewels UK<\/title>\n<meta name=\"description\" content=\"Shop a stunning twisted gold bracelet in London, UK at Purejewels UK. Crafted in 22ct gold, perfect for any occasion. Explore elegant jewellery today.\" \/>\n<meta name=\"robots\" content=\"index, follow, max-snippet:-1, max-image-preview:large, max-video-preview:-1\" \/>\n<link rel=\"canonical\" href=\"https:\/\/www.purejewels.com\/de\/produkt-2\/22-karat-gold-gedrehtes-armband-41219\/\" \/>\n<meta property=\"og:locale\" content=\"de_DE\" \/>\n<meta property=\"og:type\" content=\"article\" \/>\n<meta property=\"og:title\" content=\"Twisted Gold Bracelet | 22ct Gold Jewellery \u2013 Purejewels UK\" \/>\n<meta property=\"og:description\" content=\"Shop a stunning twisted gold bracelet in London, UK at Purejewels UK. Crafted in 22ct gold, perfect for any occasion. Explore elegant jewellery today.\" \/>\n<meta property=\"og:url\" content=\"https:\/\/www.purejewels.com\/de\/produkt-2\/22-karat-gold-gedrehtes-armband-41219\/\" \/>\n<meta property=\"og:site_name\" content=\"PureJewels UK\" \/>\n<meta property=\"article:modified_time\" content=\"2026-01-06T09:45:07+00:00\" \/>\n<meta property=\"og:image\" content=\"https:\/\/www.purejewels.com\/wp-content\/uploads\/2021\/12\/43977.jpg\" \/>\n\t<meta property=\"og:image:width\" content=\"1000\" \/>\n\t<meta property=\"og:image:height\" content=\"1000\" \/>\n\t<meta property=\"og:image:type\" content=\"image\/jpeg\" \/>\n<meta name=\"twitter:card\" content=\"summary_large_image\" \/>\n<meta name=\"twitter:label1\" content=\"Gesch\u00e4tzte Lesezeit\" \/>\n\t<meta name=\"twitter:data1\" content=\"1\u00a0Minute\" \/>\n<script type=\"application\/ld+json\" class=\"yoast-schema-graph\">{\"@context\":\"https:\\\/\\\/schema.org\",\"@graph\":[{\"@type\":[\"WebPage\",\"ItemPage\"],\"@id\":\"https:\\\/\\\/www.purejewels.com\\\/product\\\/22-carat-gold-twisted-bracelet-41219\\\/\",\"url\":\"https:\\\/\\\/www.purejewels.com\\\/product\\\/22-carat-gold-twisted-bracelet-41219\\\/\",\"name\":\"Twisted Gold Bracelet | 22ct Gold Jewellery \u2013 Purejewels UK\",\"isPartOf\":{\"@id\":\"https:\\\/\\\/www.purejewels.com\\\/#website\"},\"primaryImageOfPage\":{\"@id\":\"https:\\\/\\\/www.purejewels.com\\\/product\\\/22-carat-gold-twisted-bracelet-41219\\\/#primaryimage\"},\"image\":{\"@id\":\"https:\\\/\\\/www.purejewels.com\\\/product\\\/22-carat-gold-twisted-bracelet-41219\\\/#primaryimage\"},\"thumbnailUrl\":\"https:\\\/\\\/static.purejewels.com\\\/wp-content\\\/uploads\\\/2021\\\/12\\\/43977.jpg\",\"datePublished\":\"2021-12-21T06:50:29+00:00\",\"dateModified\":\"2026-01-06T09:45:07+00:00\",\"description\":\"Shop a stunning twisted gold bracelet in London, UK at Purejewels UK. Crafted in 22ct gold, perfect for any occasion. Explore elegant jewellery today.\",\"breadcrumb\":{\"@id\":\"https:\\\/\\\/www.purejewels.com\\\/product\\\/22-carat-gold-twisted-bracelet-41219\\\/#breadcrumb\"},\"inLanguage\":\"de\",\"potentialAction\":[{\"@type\":\"ReadAction\",\"target\":[\"https:\\\/\\\/www.purejewels.com\\\/product\\\/22-carat-gold-twisted-bracelet-41219\\\/\"]}]},{\"@type\":\"ImageObject\",\"inLanguage\":\"de\",\"@id\":\"https:\\\/\\\/www.purejewels.com\\\/product\\\/22-carat-gold-twisted-bracelet-41219\\\/#primaryimage\",\"url\":\"https:\\\/\\\/static.purejewels.com\\\/wp-content\\\/uploads\\\/2021\\\/12\\\/43977.jpg\",\"contentUrl\":\"https:\\\/\\\/static.purejewels.com\\\/wp-content\\\/uploads\\\/2021\\\/12\\\/43977.jpg\",\"width\":1000,\"height\":1000,\"caption\":\"22 Carat Gold Twisted Bracelet\"},{\"@type\":\"BreadcrumbList\",\"@id\":\"https:\\\/\\\/www.purejewels.com\\\/product\\\/22-carat-gold-twisted-bracelet-41219\\\/#breadcrumb\",\"itemListElement\":[{\"@type\":\"ListItem\",\"position\":1,\"name\":\"Home\",\"item\":\"https:\\\/\\\/www.purejewels.com\\\/\"},{\"@type\":\"ListItem\",\"position\":2,\"name\":\"Shop\",\"item\":\"https:\\\/\\\/www.purejewels.com\\\/shop\\\/\"},{\"@type\":\"ListItem\",\"position\":3,\"name\":\"22 Carat Gold Twisted Bracelet | 7.5 Inches | 4.5mm Thick\"}]},{\"@type\":\"WebSite\",\"@id\":\"https:\\\/\\\/www.purejewels.com\\\/#website\",\"url\":\"https:\\\/\\\/www.purejewels.com\\\/\",\"name\":\"PureJewels UK\",\"description\":\"Share the Love\",\"publisher\":{\"@id\":\"https:\\\/\\\/www.purejewels.com\\\/#organization\"},\"potentialAction\":[{\"@type\":\"SearchAction\",\"target\":{\"@type\":\"EntryPoint\",\"urlTemplate\":\"https:\\\/\\\/www.purejewels.com\\\/?s={search_term_string}\"},\"query-input\":{\"@type\":\"PropertyValueSpecification\",\"valueRequired\":true,\"valueName\":\"search_term_string\"}}],\"inLanguage\":\"de\"},{\"@type\":\"Organization\",\"@id\":\"https:\\\/\\\/www.purejewels.com\\\/#organization\",\"name\":\"PureJewels UK\",\"url\":\"https:\\\/\\\/www.purejewels.com\\\/\",\"logo\":{\"@type\":\"ImageObject\",\"inLanguage\":\"de\",\"@id\":\"https:\\\/\\\/www.purejewels.com\\\/#\\\/schema\\\/logo\\\/image\\\/\",\"url\":\"https:\\\/\\\/static.purejewels.com\\\/wp-content\\\/uploads\\\/2020\\\/11\\\/Logo-PJ-New-1.png\",\"contentUrl\":\"https:\\\/\\\/static.purejewels.com\\\/wp-content\\\/uploads\\\/2020\\\/11\\\/Logo-PJ-New-1.png\",\"width\":150,\"height\":80,\"caption\":\"PureJewels UK\"},\"image\":{\"@id\":\"https:\\\/\\\/www.purejewels.com\\\/#\\\/schema\\\/logo\\\/image\\\/\"}}]}<\/script>\n<!-- \/ Yoast SEO plugin. -->","yoast_head_json":{"title":"Gedrehtes Goldarmband | 22ct Gold Schmuck - Purejewels UK","description":"Kaufen Sie ein atemberaubendes gedrehtes Goldarmband in London, UK bei Purejewels UK. Gefertigt aus 22 Karat Gold, perfekt f\u00fcr jeden Anlass. Entdecken Sie eleganten Schmuck noch heute.","robots":{"index":"index","follow":"follow","max-snippet":"max-snippet:-1","max-image-preview":"max-image-preview:large","max-video-preview":"max-video-preview:-1"},"canonical":"https:\/\/www.purejewels.com\/de\/produkt-2\/22-karat-gold-gedrehtes-armband-41219\/","og_locale":"de_DE","og_type":"article","og_title":"Twisted Gold Bracelet | 22ct Gold Jewellery \u2013 Purejewels UK","og_description":"Shop a stunning twisted gold bracelet in London, UK at Purejewels UK. Crafted in 22ct gold, perfect for any occasion. Explore elegant jewellery today.","og_url":"https:\/\/www.purejewels.com\/de\/produkt-2\/22-karat-gold-gedrehtes-armband-41219\/","og_site_name":"PureJewels UK","article_modified_time":"2026-01-06T09:45:07+00:00","og_image":[{"width":1000,"height":1000,"url":"https:\/\/www.purejewels.com\/wp-content\/uploads\/2021\/12\/43977.jpg","type":"image\/jpeg"}],"twitter_card":"summary_large_image","twitter_misc":{"Gesch\u00e4tzte Lesezeit":"1\u00a0Minute"},"schema":{"@context":"https:\/\/schema.org","@graph":[{"@type":["WebPage","ItemPage"],"@id":"https:\/\/www.purejewels.com\/product\/22-carat-gold-twisted-bracelet-41219\/","url":"https:\/\/www.purejewels.com\/product\/22-carat-gold-twisted-bracelet-41219\/","name":"Gedrehtes Goldarmband | 22ct Gold Schmuck - Purejewels UK","isPartOf":{"@id":"https:\/\/www.purejewels.com\/#website"},"primaryImageOfPage":{"@id":"https:\/\/www.purejewels.com\/product\/22-carat-gold-twisted-bracelet-41219\/#primaryimage"},"image":{"@id":"https:\/\/www.purejewels.com\/product\/22-carat-gold-twisted-bracelet-41219\/#primaryimage"},"thumbnailUrl":"https:\/\/static.purejewels.com\/wp-content\/uploads\/2021\/12\/43977.jpg","datePublished":"2021-12-21T06:50:29+00:00","dateModified":"2026-01-06T09:45:07+00:00","description":"Kaufen Sie ein atemberaubendes gedrehtes Goldarmband in London, UK bei Purejewels UK. Gefertigt aus 22 Karat Gold, perfekt f\u00fcr jeden Anlass. Entdecken Sie eleganten Schmuck noch heute.","breadcrumb":{"@id":"https:\/\/www.purejewels.com\/product\/22-carat-gold-twisted-bracelet-41219\/#breadcrumb"},"inLanguage":"de","potentialAction":[{"@type":"ReadAction","target":["https:\/\/www.purejewels.com\/product\/22-carat-gold-twisted-bracelet-41219\/"]}]},{"@type":"ImageObject","inLanguage":"de","@id":"https:\/\/www.purejewels.com\/product\/22-carat-gold-twisted-bracelet-41219\/#primaryimage","url":"https:\/\/static.purejewels.com\/wp-content\/uploads\/2021\/12\/43977.jpg","contentUrl":"https:\/\/static.purejewels.com\/wp-content\/uploads\/2021\/12\/43977.jpg","width":1000,"height":1000,"caption":"22 Carat Gold Twisted Bracelet"},{"@type":"BreadcrumbList","@id":"https:\/\/www.purejewels.com\/product\/22-carat-gold-twisted-bracelet-41219\/#breadcrumb","itemListElement":[{"@type":"ListItem","position":1,"name":"Home","item":"https:\/\/www.purejewels.com\/"},{"@type":"ListItem","position":2,"name":"Shop","item":"https:\/\/www.purejewels.com\/shop\/"},{"@type":"ListItem","position":3,"name":"22 Carat Gold Twisted Bracelet | 7.5 Inches | 4.5mm Thick"}]},{"@type":"WebSite","@id":"https:\/\/www.purejewels.com\/#website","url":"https:\/\/www.purejewels.com\/","name":"PureJewels UK","description":"Teile die Liebe","publisher":{"@id":"https:\/\/www.purejewels.com\/#organization"},"potentialAction":[{"@type":"SearchAction","target":{"@type":"EntryPoint","urlTemplate":"https:\/\/www.purejewels.com\/?s={search_term_string}"},"query-input":{"@type":"PropertyValueSpecification","valueRequired":true,"valueName":"search_term_string"}}],"inLanguage":"de"},{"@type":"Organization","@id":"https:\/\/www.purejewels.com\/#organization","name":"PureJewels UK","url":"https:\/\/www.purejewels.com\/","logo":{"@type":"ImageObject","inLanguage":"de","@id":"https:\/\/www.purejewels.com\/#\/schema\/logo\/image\/","url":"https:\/\/static.purejewels.com\/wp-content\/uploads\/2020\/11\/Logo-PJ-New-1.png","contentUrl":"https:\/\/static.purejewels.com\/wp-content\/uploads\/2020\/11\/Logo-PJ-New-1.png","width":150,"height":80,"caption":"PureJewels UK"},"image":{"@id":"https:\/\/www.purejewels.com\/#\/schema\/logo\/image\/"}}]}},"_links":{"self":[{"href":"https:\/\/www.purejewels.com\/de\/wp-json\/wp\/v2\/product\/330523","targetHints":{"allow":["GET"]}}],"collection":[{"href":"https:\/\/www.purejewels.com\/de\/wp-json\/wp\/v2\/product"}],"about":[{"href":"https:\/\/www.purejewels.com\/de\/wp-json\/wp\/v2\/types\/product"}],"replies":[{"embeddable":true,"href":"https:\/\/www.purejewels.com\/de\/wp-json\/wp\/v2\/comments?post=330523"}],"version-history":[{"count":3,"href":"https:\/\/www.purejewels.com\/de\/wp-json\/wp\/v2\/product\/330523\/revisions"}],"predecessor-version":[{"id":364483,"href":"https:\/\/www.purejewels.com\/de\/wp-json\/wp\/v2\/product\/330523\/revisions\/364483"}],"wp:featuredmedia":[{"embeddable":true,"href":"https:\/\/www.purejewels.com\/de\/wp-json\/wp\/v2\/media\/349730"}],"wp:attachment":[{"href":"https:\/\/www.purejewels.com\/de\/wp-json\/wp\/v2\/media?parent=330523"}],"wp:term":[{"taxonomy":"product_brand","embeddable":true,"href":"https:\/\/www.purejewels.com\/de\/wp-json\/wp\/v2\/product_brand?post=330523"},{"taxonomy":"product_cat","embeddable":true,"href":"https:\/\/www.purejewels.com\/de\/wp-json\/wp\/v2\/product_cat?post=330523"},{"taxonomy":"product_tag","embeddable":true,"href":"https:\/\/www.purejewels.com\/de\/wp-json\/wp\/v2\/product_tag?post=330523"}],"curies":[{"name":"wp","href":"https:\/\/api.w.org\/{rel}","templated":true}]}}