{"id":330661,"date":"2025-07-21T09:36:24","date_gmt":"2025-07-21T08:36:24","guid":{"rendered":"https:\/\/www.purejewels.com\/?post_type=product&#038;p=330661"},"modified":"2026-01-07T05:58:13","modified_gmt":"2026-01-07T05:58:13","slug":"22ct-gelbgold-ring-fur-frauen-grose-o-51635","status":"publish","type":"product","link":"https:\/\/www.purejewels.com\/de\/product\/22ct-yellow-gold-ring-for-women-size-o-51635\/","title":{"rendered":"22ct Gold CZ Herz Ring | Gr\u00f6\u00dfe O"},"content":{"rendered":"<p>Dieser mit Gef\u00fchl und Stil gefertigte Ring aus 22 Karat Gelbgold f\u00e4ngt die Essenz der Liebe in einem anmutigen Herzmotiv ein. Eine Gruppe funkelnder Cubic-Zirkonia-Steine schl\u00e4ngelt sich sanft an einem Rand des Herzens entlang und verleiht seiner weichen, polierten Form Glanz.<\/p>\n<p>Ob als Geste der Zuneigung verschenkt oder als pers\u00f6nliches Andenken gew\u00e4hlt, dieser Ring spricht in stiller Sch\u00f6nheit. Er l\u00e4sst sich perfekt stapeln und ist dennoch stark genug, um allein zu stehen. Er vereint W\u00e4rme, Emotionen und minimalistisches Design.<\/p>\n<p>Jeder Ring ist vom London Assay Office gepunzt, ein Zeichen f\u00fcr Echtheit und hochwertige Handwerkskunst, dem Sie vertrauen k\u00f6nnen.<\/p>","protected":false},"excerpt":{"rendered":"<p>Ein zarter Ring aus 22-kar\u00e4tigem Gold mit einem modellierten Herz und schimmernden CZ-Akzenten. Ein zeitloses Symbol der Zuneigung, raffiniert f\u00fcr die t\u00e4gliche Eleganz.<\/p>\n<p data-start=\"653\" data-end=\"831\"><strong>Material:<\/strong>\u00a022ct Gold<strong><br \/>\nWahrzeichen:\u00a0<\/strong>Britisches G\u00fctesiegel<strong><br \/>\n<\/strong><strong>Bruttogewicht: <\/strong>0,98 Gramm<br \/>\n<strong>Gr\u00f6\u00dfe:<\/strong> O<br \/>\n<strong>SKU<\/strong>: 51635 ,50978<\/p>\n<p><strong>Preis und Lieferung<\/strong>: Inklusive Mehrwertsteuer und Lieferkosten<br \/>\n<a href=\"https:\/\/www.purejewels.com\/de\/ruckgabepolitik\/\">R\u00fcckgabepolitik<\/a><\/p>","protected":false},"featured_media":408466,"comment_status":"closed","ping_status":"closed","template":"","meta":{"_eb_attr":"","_crsspst_to_jayantr4sg-hostcom":true},"product_brand":[],"product_cat":[1791,1559,1785,1229,1235,5684,5342,1783,5347,5338,5353,1569,1573,1574,5349],"product_tag":[64],"class_list":{"0":"post-330661","1":"product","2":"type-product","3":"status-publish","4":"has-post-thumbnail","6":"product_cat-anniversary-gifts","7":"product_cat-birthday-gifts","8":"product_cat-daily-wear-rings","9":"product_cat-22ct-gold-jewellery","10":"product_cat-gold-rings","11":"product_cat-heart-ring","12":"product_cat-jewellery-under-250","13":"product_cat-ladies-rings","14":"product_cat-shop-by-metal","15":"product_cat-shop-by-price","16":"product_cat-shop-by","17":"product_cat-valentine-day-gifts","18":"product_cat-wedding-gifts","19":"product_cat-womens-jewellery","20":"product_cat-yellow-gold-jewellery","21":"product_tag-rings","23":"first","24":"outofstock","25":"taxable","26":"shipping-taxable","27":"product-type-simple","28":"add-to-wishlist-before_image"},"yoast_head":"<!-- This site is optimized with the Yoast SEO plugin v27.6 - https:\/\/yoast.com\/product\/yoast-seo-wordpress\/ -->\n<title>22ct Gold Heart Ring with CZ | Symbolic Love Ring | PureJewels<\/title>\n<meta name=\"description\" content=\"Discover PureJewels\u2019 22ct Yellow Gold Heart Ring, accented with CZ stones. A heartfelt gold ring crafted for everyday love and timeless elegance.\" \/>\n<meta name=\"robots\" content=\"index, follow, max-snippet:-1, max-image-preview:large, max-video-preview:-1\" \/>\n<link rel=\"canonical\" href=\"https:\/\/www.purejewels.com\/de\/produkt-2\/22ct-gelbgold-ring-fur-frauen-grose-o-51635\/\" \/>\n<meta property=\"og:locale\" content=\"de_DE\" \/>\n<meta property=\"og:type\" content=\"article\" \/>\n<meta property=\"og:title\" content=\"22ct Gold Heart Ring with CZ | Symbolic Love Ring | PureJewels\" \/>\n<meta property=\"og:description\" content=\"Discover PureJewels\u2019 22ct Yellow Gold Heart Ring, accented with CZ stones. A heartfelt gold ring crafted for everyday love and timeless elegance.\" \/>\n<meta property=\"og:url\" content=\"https:\/\/www.purejewels.com\/de\/produkt-2\/22ct-gelbgold-ring-fur-frauen-grose-o-51635\/\" \/>\n<meta property=\"og:site_name\" content=\"PureJewels UK\" \/>\n<meta property=\"article:modified_time\" content=\"2026-01-07T05:58:13+00:00\" \/>\n<meta property=\"og:image\" content=\"https:\/\/www.purejewels.com\/wp-content\/uploads\/2024\/01\/SKU-51635.1.jpg\" \/>\n\t<meta property=\"og:image:width\" content=\"1000\" \/>\n\t<meta property=\"og:image:height\" content=\"1000\" \/>\n\t<meta property=\"og:image:type\" content=\"image\/jpeg\" \/>\n<meta name=\"twitter:card\" content=\"summary_large_image\" \/>\n<meta name=\"twitter:label1\" content=\"Gesch\u00e4tzte Lesezeit\" \/>\n\t<meta name=\"twitter:data1\" content=\"1\u00a0Minute\" \/>\n<script type=\"application\/ld+json\" class=\"yoast-schema-graph\">{\"@context\":\"https:\\\/\\\/schema.org\",\"@graph\":[{\"@type\":[\"WebPage\",\"ItemPage\"],\"@id\":\"https:\\\/\\\/www.purejewels.com\\\/product\\\/22ct-yellow-gold-ring-for-women-size-o-51635\\\/\",\"url\":\"https:\\\/\\\/www.purejewels.com\\\/product\\\/22ct-yellow-gold-ring-for-women-size-o-51635\\\/\",\"name\":\"22ct Gold Heart Ring with CZ | Symbolic Love Ring | PureJewels\",\"isPartOf\":{\"@id\":\"https:\\\/\\\/www.purejewels.com\\\/#website\"},\"primaryImageOfPage\":{\"@id\":\"https:\\\/\\\/www.purejewels.com\\\/product\\\/22ct-yellow-gold-ring-for-women-size-o-51635\\\/#primaryimage\"},\"image\":{\"@id\":\"https:\\\/\\\/www.purejewels.com\\\/product\\\/22ct-yellow-gold-ring-for-women-size-o-51635\\\/#primaryimage\"},\"thumbnailUrl\":\"https:\\\/\\\/static.purejewels.com\\\/wp-content\\\/uploads\\\/2024\\\/01\\\/SKU-51635.1.jpg\",\"datePublished\":\"2025-07-21T08:36:24+00:00\",\"dateModified\":\"2026-01-07T05:58:13+00:00\",\"description\":\"Discover PureJewels\u2019 22ct Yellow Gold Heart Ring, accented with CZ stones. A heartfelt gold ring crafted for everyday love and timeless elegance.\",\"breadcrumb\":{\"@id\":\"https:\\\/\\\/www.purejewels.com\\\/product\\\/22ct-yellow-gold-ring-for-women-size-o-51635\\\/#breadcrumb\"},\"inLanguage\":\"de\",\"potentialAction\":[{\"@type\":\"ReadAction\",\"target\":[\"https:\\\/\\\/www.purejewels.com\\\/product\\\/22ct-yellow-gold-ring-for-women-size-o-51635\\\/\"]}]},{\"@type\":\"ImageObject\",\"inLanguage\":\"de\",\"@id\":\"https:\\\/\\\/www.purejewels.com\\\/product\\\/22ct-yellow-gold-ring-for-women-size-o-51635\\\/#primaryimage\",\"url\":\"https:\\\/\\\/static.purejewels.com\\\/wp-content\\\/uploads\\\/2024\\\/01\\\/SKU-51635.1.jpg\",\"contentUrl\":\"https:\\\/\\\/static.purejewels.com\\\/wp-content\\\/uploads\\\/2024\\\/01\\\/SKU-51635.1.jpg\",\"width\":1000,\"height\":1000,\"caption\":\"Stacked from 11 images. Method=B (R=8,S=4)\"},{\"@type\":\"BreadcrumbList\",\"@id\":\"https:\\\/\\\/www.purejewels.com\\\/product\\\/22ct-yellow-gold-ring-for-women-size-o-51635\\\/#breadcrumb\",\"itemListElement\":[{\"@type\":\"ListItem\",\"position\":1,\"name\":\"Home\",\"item\":\"https:\\\/\\\/www.purejewels.com\\\/\"},{\"@type\":\"ListItem\",\"position\":2,\"name\":\"Shop\",\"item\":\"https:\\\/\\\/www.purejewels.com\\\/shop\\\/\"},{\"@type\":\"ListItem\",\"position\":3,\"name\":\"22ct Gold CZ Heart Ring | Size O\"}]},{\"@type\":\"WebSite\",\"@id\":\"https:\\\/\\\/www.purejewels.com\\\/#website\",\"url\":\"https:\\\/\\\/www.purejewels.com\\\/\",\"name\":\"PureJewels UK\",\"description\":\"Share the Love\",\"publisher\":{\"@id\":\"https:\\\/\\\/www.purejewels.com\\\/#organization\"},\"potentialAction\":[{\"@type\":\"SearchAction\",\"target\":{\"@type\":\"EntryPoint\",\"urlTemplate\":\"https:\\\/\\\/www.purejewels.com\\\/?s={search_term_string}\"},\"query-input\":{\"@type\":\"PropertyValueSpecification\",\"valueRequired\":true,\"valueName\":\"search_term_string\"}}],\"inLanguage\":\"de\"},{\"@type\":\"Organization\",\"@id\":\"https:\\\/\\\/www.purejewels.com\\\/#organization\",\"name\":\"PureJewels UK\",\"url\":\"https:\\\/\\\/www.purejewels.com\\\/\",\"logo\":{\"@type\":\"ImageObject\",\"inLanguage\":\"de\",\"@id\":\"https:\\\/\\\/www.purejewels.com\\\/#\\\/schema\\\/logo\\\/image\\\/\",\"url\":\"https:\\\/\\\/static.purejewels.com\\\/wp-content\\\/uploads\\\/2020\\\/11\\\/Logo-PJ-New-1.png\",\"contentUrl\":\"https:\\\/\\\/static.purejewels.com\\\/wp-content\\\/uploads\\\/2020\\\/11\\\/Logo-PJ-New-1.png\",\"width\":150,\"height\":80,\"caption\":\"PureJewels UK\"},\"image\":{\"@id\":\"https:\\\/\\\/www.purejewels.com\\\/#\\\/schema\\\/logo\\\/image\\\/\"}}]}<\/script>\n<!-- \/ Yoast SEO plugin. -->","yoast_head_json":{"title":"22ct Gold Herz Ring mit CZ | Symbolische Liebe Ring | PureJewels","description":"Entdecken Sie den Herzring aus 22-kar\u00e4tigem Gelbgold von PureJewels, der mit CZ-Steinen verziert ist. Ein von Herzen kommender Goldring, der f\u00fcr die t\u00e4gliche Liebe und zeitlose Eleganz geschaffen wurde.","robots":{"index":"index","follow":"follow","max-snippet":"max-snippet:-1","max-image-preview":"max-image-preview:large","max-video-preview":"max-video-preview:-1"},"canonical":"https:\/\/www.purejewels.com\/de\/produkt-2\/22ct-gelbgold-ring-fur-frauen-grose-o-51635\/","og_locale":"de_DE","og_type":"article","og_title":"22ct Gold Heart Ring with CZ | Symbolic Love Ring | PureJewels","og_description":"Discover PureJewels\u2019 22ct Yellow Gold Heart Ring, accented with CZ stones. A heartfelt gold ring crafted for everyday love and timeless elegance.","og_url":"https:\/\/www.purejewels.com\/de\/produkt-2\/22ct-gelbgold-ring-fur-frauen-grose-o-51635\/","og_site_name":"PureJewels UK","article_modified_time":"2026-01-07T05:58:13+00:00","og_image":[{"width":1000,"height":1000,"url":"https:\/\/www.purejewels.com\/wp-content\/uploads\/2024\/01\/SKU-51635.1.jpg","type":"image\/jpeg"}],"twitter_card":"summary_large_image","twitter_misc":{"Gesch\u00e4tzte Lesezeit":"1\u00a0Minute"},"schema":{"@context":"https:\/\/schema.org","@graph":[{"@type":["WebPage","ItemPage"],"@id":"https:\/\/www.purejewels.com\/product\/22ct-yellow-gold-ring-for-women-size-o-51635\/","url":"https:\/\/www.purejewels.com\/product\/22ct-yellow-gold-ring-for-women-size-o-51635\/","name":"22ct Gold Herz Ring mit CZ | Symbolische Liebe Ring | PureJewels","isPartOf":{"@id":"https:\/\/www.purejewels.com\/#website"},"primaryImageOfPage":{"@id":"https:\/\/www.purejewels.com\/product\/22ct-yellow-gold-ring-for-women-size-o-51635\/#primaryimage"},"image":{"@id":"https:\/\/www.purejewels.com\/product\/22ct-yellow-gold-ring-for-women-size-o-51635\/#primaryimage"},"thumbnailUrl":"https:\/\/static.purejewels.com\/wp-content\/uploads\/2024\/01\/SKU-51635.1.jpg","datePublished":"2025-07-21T08:36:24+00:00","dateModified":"2026-01-07T05:58:13+00:00","description":"Entdecken Sie den Herzring aus 22-kar\u00e4tigem Gelbgold von PureJewels, der mit CZ-Steinen verziert ist. Ein von Herzen kommender Goldring, der f\u00fcr die t\u00e4gliche Liebe und zeitlose Eleganz geschaffen wurde.","breadcrumb":{"@id":"https:\/\/www.purejewels.com\/product\/22ct-yellow-gold-ring-for-women-size-o-51635\/#breadcrumb"},"inLanguage":"de","potentialAction":[{"@type":"ReadAction","target":["https:\/\/www.purejewels.com\/product\/22ct-yellow-gold-ring-for-women-size-o-51635\/"]}]},{"@type":"ImageObject","inLanguage":"de","@id":"https:\/\/www.purejewels.com\/product\/22ct-yellow-gold-ring-for-women-size-o-51635\/#primaryimage","url":"https:\/\/static.purejewels.com\/wp-content\/uploads\/2024\/01\/SKU-51635.1.jpg","contentUrl":"https:\/\/static.purejewels.com\/wp-content\/uploads\/2024\/01\/SKU-51635.1.jpg","width":1000,"height":1000,"caption":"Stacked from 11 images. Method=B (R=8,S=4)"},{"@type":"BreadcrumbList","@id":"https:\/\/www.purejewels.com\/product\/22ct-yellow-gold-ring-for-women-size-o-51635\/#breadcrumb","itemListElement":[{"@type":"ListItem","position":1,"name":"Home","item":"https:\/\/www.purejewels.com\/"},{"@type":"ListItem","position":2,"name":"Shop","item":"https:\/\/www.purejewels.com\/shop\/"},{"@type":"ListItem","position":3,"name":"22ct Gold CZ Heart Ring | Size O"}]},{"@type":"WebSite","@id":"https:\/\/www.purejewels.com\/#website","url":"https:\/\/www.purejewels.com\/","name":"PureJewels UK","description":"Teile die Liebe","publisher":{"@id":"https:\/\/www.purejewels.com\/#organization"},"potentialAction":[{"@type":"SearchAction","target":{"@type":"EntryPoint","urlTemplate":"https:\/\/www.purejewels.com\/?s={search_term_string}"},"query-input":{"@type":"PropertyValueSpecification","valueRequired":true,"valueName":"search_term_string"}}],"inLanguage":"de"},{"@type":"Organization","@id":"https:\/\/www.purejewels.com\/#organization","name":"PureJewels UK","url":"https:\/\/www.purejewels.com\/","logo":{"@type":"ImageObject","inLanguage":"de","@id":"https:\/\/www.purejewels.com\/#\/schema\/logo\/image\/","url":"https:\/\/static.purejewels.com\/wp-content\/uploads\/2020\/11\/Logo-PJ-New-1.png","contentUrl":"https:\/\/static.purejewels.com\/wp-content\/uploads\/2020\/11\/Logo-PJ-New-1.png","width":150,"height":80,"caption":"PureJewels UK"},"image":{"@id":"https:\/\/www.purejewels.com\/#\/schema\/logo\/image\/"}}]}},"_links":{"self":[{"href":"https:\/\/www.purejewels.com\/de\/wp-json\/wp\/v2\/product\/330661","targetHints":{"allow":["GET"]}}],"collection":[{"href":"https:\/\/www.purejewels.com\/de\/wp-json\/wp\/v2\/product"}],"about":[{"href":"https:\/\/www.purejewels.com\/de\/wp-json\/wp\/v2\/types\/product"}],"replies":[{"embeddable":true,"href":"https:\/\/www.purejewels.com\/de\/wp-json\/wp\/v2\/comments?post=330661"}],"version-history":[{"count":5,"href":"https:\/\/www.purejewels.com\/de\/wp-json\/wp\/v2\/product\/330661\/revisions"}],"predecessor-version":[{"id":408479,"href":"https:\/\/www.purejewels.com\/de\/wp-json\/wp\/v2\/product\/330661\/revisions\/408479"}],"wp:featuredmedia":[{"embeddable":true,"href":"https:\/\/www.purejewels.com\/de\/wp-json\/wp\/v2\/media\/408466"}],"wp:attachment":[{"href":"https:\/\/www.purejewels.com\/de\/wp-json\/wp\/v2\/media?parent=330661"}],"wp:term":[{"taxonomy":"product_brand","embeddable":true,"href":"https:\/\/www.purejewels.com\/de\/wp-json\/wp\/v2\/product_brand?post=330661"},{"taxonomy":"product_cat","embeddable":true,"href":"https:\/\/www.purejewels.com\/de\/wp-json\/wp\/v2\/product_cat?post=330661"},{"taxonomy":"product_tag","embeddable":true,"href":"https:\/\/www.purejewels.com\/de\/wp-json\/wp\/v2\/product_tag?post=330661"}],"curies":[{"name":"wp","href":"https:\/\/api.w.org\/{rel}","templated":true}]}}