{"id":330743,"date":"2022-10-15T01:22:26","date_gmt":"2022-10-15T00:22:26","guid":{"rendered":"https:\/\/www.purejewels.com\/?post_type=product&#038;p=330743"},"modified":"2025-09-23T05:10:04","modified_gmt":"2025-09-23T04:10:04","slug":"22-kt-gold-milan-kette-47251","status":"publish","type":"product","link":"https:\/\/www.purejewels.com\/de\/product\/22ct-gold-milan-chain-47251\/","title":{"rendered":"22ct Gold | Milan Kette | 18 Zoll | 0,5mm dick"},"content":{"rendered":"<p data-start=\"452\" data-end=\"734\"><strong data-start=\"452\" data-end=\"471\">Designkonzept<\/strong><\/p>\n<p data-start=\"452\" data-end=\"734\">Inspiriert von der klaren Geometrie des Mail\u00e4nder Designs, ist diese Kette eine moderne Interpretation des klassischen italienischen Minimalismus. Die engen, gleichm\u00e4\u00dfigen Glieder erzeugen einen sanften, schlangenf\u00f6rmigen Fluss, der sanft am Dekollet\u00e9 entlang gleitet und sowohl St\u00e4rke als auch subtile Ausstrahlung bietet.<\/p>\n<p data-start=\"736\" data-end=\"835\">Dieses St\u00fcck folgt dem Grundsatz, dass weniger mehr ist, und zelebriert Gold in seiner reinsten, fl\u00fcssigsten Form.<\/p>\n<hr data-start=\"837\" data-end=\"840\" \/>\n<p data-start=\"842\" data-end=\"1168\"><strong data-start=\"842\" data-end=\"860\">Handwerkliches K\u00f6nnen<\/strong><\/p>\n<p data-start=\"842\" data-end=\"1168\">Jedes einzelne Glied wird von erfahrenen Kunsthandwerkern von Hand zusammengesetzt und ist f\u00fcr Langlebigkeit und Finesse pr\u00e4zise verarbeitet. Die St\u00e4rke von 0,5 mm sorgt f\u00fcr Flexibilit\u00e4t und Widerstandsf\u00e4higkeit und bleibt dabei federleicht. Gepunzt vom London Assay Office, erf\u00fcllt es die h\u00f6chsten Standards f\u00fcr Reinheit und Authentizit\u00e4t in <a href=\"https:\/\/www.purejewels.com\/de\/product\/22ct-gold-jali-filigree-ring-jali-collection-31926\/\">22ct<\/a> Goldschmuck.<\/p>\n<hr data-start=\"1170\" data-end=\"1173\" \/>\n<p data-start=\"1175\" data-end=\"1195\"><strong data-start=\"1175\" data-end=\"1193\">Styling-Ideen<\/strong><\/p>\n<ul data-start=\"1196\" data-end=\"1476\">\n<li data-start=\"1196\" data-end=\"1304\">\n<p data-start=\"1198\" data-end=\"1304\">Tragen Sie ihn solo f\u00fcr ein minimalistisches, elegantes Finish - ideal f\u00fcr die Arbeit, den Alltag oder dezente Abendlooks.<\/p>\n<\/li>\n<li data-start=\"1305\" data-end=\"1392\">\n<p data-start=\"1307\" data-end=\"1392\">Mit einem Medaillon-Anh\u00e4nger oder einem spirituellen Charme verleihen Sie ihm eine pers\u00f6nliche Note.<\/p>\n<\/li>\n<li data-start=\"1393\" data-end=\"1476\">\n<p data-start=\"1395\" data-end=\"1476\">Kombinieren Sie dazu eine l\u00e4ngere strukturierte Kette oder ein Medaillon, um Kontrast und Dimension zu schaffen.<\/p>\n<\/li>\n<\/ul>\n<p data-start=\"1478\" data-end=\"1625\">Ob als Grundlage f\u00fcr Ihre Goldsammlung oder als durchdachtes Geschenk - die Milan-Kette ist ein zeitloser Klassiker, der mit moderner Eleganz neu interpretiert wurde.<\/p>","protected":false},"excerpt":{"rendered":"<table class=\"sh_desc\">\n<tbody>\n<tr>\n<td>Typ der Kette<\/td>\n<td>Mail\u00e4nder Kette<\/td>\n<\/tr>\n<tr>\n<td>SKU<\/td>\n<td>47251<\/td>\n<\/tr>\n<tr>\n<td>Gewicht<\/td>\n<td>3,5 Gramm<\/td>\n<\/tr>\n<tr>\n<td>Metall<\/td>\n<td>22ct Gold<\/td>\n<\/tr>\n<tr>\n<td>L\u00e4nge<\/td>\n<td>18 Zoll<\/td>\n<\/tr>\n<tr>\n<td>Dicke<\/td>\n<td>0,5 mm dick<\/td>\n<\/tr>\n<tr>\n<td>Wahrzeichen<\/td>\n<td>22ct Gold gestempelt von London Assay Office<\/td>\n<\/tr>\n<tr>\n<td>Entgelte<\/td>\n<td>Lieferung und Mehrwertsteuer inbegriffen<\/td>\n<\/tr>\n<tr>\n<td>Verpackung<\/td>\n<td>Mit Pr\u00e4sentationsbox<\/td>\n<\/tr>\n<tr>\n<td>Mehr Informationen<\/td>\n<td>Live-Chat mit uns f\u00fcr Verf\u00fcgbarkeit und mehr Bilder<\/td>\n<\/tr>\n<\/tbody>\n<\/table>","protected":false},"featured_media":326602,"comment_status":"closed","ping_status":"closed","template":"","meta":{"_eb_attr":"","_crsspst_to_jayantr4sg-hostcom":false},"product_brand":[],"product_cat":[5017,5014,1475,1773,1572,1774,5596,1570,5349],"product_tag":[65],"class_list":{"0":"post-330743","1":"product","2":"type-product","3":"status-publish","4":"has-post-thumbnail","6":"product_cat-18-inch-mens-chain","7":"product_cat-18-inch-ladies-chain","8":"product_cat-gold-chains","9":"product_cat-ladies-chains","10":"product_cat-mens-jewellery","11":"product_cat-mens-chains","12":"product_cat-milan-chains","13":"product_cat-mothers-day-gifts","14":"product_cat-yellow-gold-jewellery","15":"product_tag-chains","17":"first","18":"onbackorder","19":"taxable","20":"shipping-taxable","21":"product-type-simple","22":"add-to-wishlist-before_image"},"yoast_head":"<!-- This site is optimized with the Yoast SEO plugin v27.6 - https:\/\/yoast.com\/product\/yoast-seo-wordpress\/ -->\n<title>22 Carat Yellow Gold Milan Chain in 22 inches at PureJewels UK<\/title>\n<meta name=\"description\" content=\"This exquisitely assembled 22ct Gold Milan Chain is the perfect gift for your loved ones. Order online for free delivery and returns\" \/>\n<meta name=\"robots\" content=\"index, follow, max-snippet:-1, max-image-preview:large, max-video-preview:-1\" \/>\n<link rel=\"canonical\" href=\"https:\/\/www.purejewels.com\/de\/produkt-2\/22-kt-gold-milan-kette-47251\/\" \/>\n<meta property=\"og:locale\" content=\"de_DE\" \/>\n<meta property=\"og:type\" content=\"article\" \/>\n<meta property=\"og:title\" content=\"22 Carat Yellow Gold Milan Chain in 22 inches at PureJewels UK\" \/>\n<meta property=\"og:description\" content=\"This exquisitely assembled 22ct Gold Milan Chain is the perfect gift for your loved ones. Order online for free delivery and returns\" \/>\n<meta property=\"og:url\" content=\"https:\/\/www.purejewels.com\/de\/produkt-2\/22-kt-gold-milan-kette-47251\/\" \/>\n<meta property=\"og:site_name\" content=\"PureJewels UK\" \/>\n<meta property=\"article:modified_time\" content=\"2025-09-23T04:10:04+00:00\" \/>\n<meta property=\"og:image\" content=\"https:\/\/www.purejewels.com\/wp-content\/uploads\/2021\/09\/33414-1.jpg\" \/>\n\t<meta property=\"og:image:width\" content=\"1000\" \/>\n\t<meta property=\"og:image:height\" content=\"1000\" \/>\n\t<meta property=\"og:image:type\" content=\"image\/jpeg\" \/>\n<meta name=\"twitter:card\" content=\"summary_large_image\" \/>\n<meta name=\"twitter:label1\" content=\"Gesch\u00e4tzte Lesezeit\" \/>\n\t<meta name=\"twitter:data1\" content=\"1\u00a0Minute\" \/>\n<script type=\"application\/ld+json\" class=\"yoast-schema-graph\">{\"@context\":\"https:\\\/\\\/schema.org\",\"@graph\":[{\"@type\":[\"WebPage\",\"ItemPage\"],\"@id\":\"https:\\\/\\\/www.purejewels.com\\\/product\\\/22ct-gold-milan-chain-47251\\\/\",\"url\":\"https:\\\/\\\/www.purejewels.com\\\/product\\\/22ct-gold-milan-chain-47251\\\/\",\"name\":\"22 Carat Yellow Gold Milan Chain in 22 inches at PureJewels UK\",\"isPartOf\":{\"@id\":\"https:\\\/\\\/www.purejewels.com\\\/#website\"},\"primaryImageOfPage\":{\"@id\":\"https:\\\/\\\/www.purejewels.com\\\/product\\\/22ct-gold-milan-chain-47251\\\/#primaryimage\"},\"image\":{\"@id\":\"https:\\\/\\\/www.purejewels.com\\\/product\\\/22ct-gold-milan-chain-47251\\\/#primaryimage\"},\"thumbnailUrl\":\"https:\\\/\\\/static.purejewels.com\\\/wp-content\\\/uploads\\\/2021\\\/09\\\/33414-1.jpg\",\"datePublished\":\"2022-10-15T00:22:26+00:00\",\"dateModified\":\"2025-09-23T04:10:04+00:00\",\"description\":\"This exquisitely assembled 22ct Gold Milan Chain is the perfect gift for your loved ones. Order online for free delivery and returns\",\"breadcrumb\":{\"@id\":\"https:\\\/\\\/www.purejewels.com\\\/product\\\/22ct-gold-milan-chain-47251\\\/#breadcrumb\"},\"inLanguage\":\"de\",\"potentialAction\":[{\"@type\":\"ReadAction\",\"target\":[\"https:\\\/\\\/www.purejewels.com\\\/product\\\/22ct-gold-milan-chain-47251\\\/\"]}]},{\"@type\":\"ImageObject\",\"inLanguage\":\"de\",\"@id\":\"https:\\\/\\\/www.purejewels.com\\\/product\\\/22ct-gold-milan-chain-47251\\\/#primaryimage\",\"url\":\"https:\\\/\\\/static.purejewels.com\\\/wp-content\\\/uploads\\\/2021\\\/09\\\/33414-1.jpg\",\"contentUrl\":\"https:\\\/\\\/static.purejewels.com\\\/wp-content\\\/uploads\\\/2021\\\/09\\\/33414-1.jpg\",\"width\":1000,\"height\":1000,\"caption\":\"22ct Gold Milan Chain 33414-1\"},{\"@type\":\"BreadcrumbList\",\"@id\":\"https:\\\/\\\/www.purejewels.com\\\/product\\\/22ct-gold-milan-chain-47251\\\/#breadcrumb\",\"itemListElement\":[{\"@type\":\"ListItem\",\"position\":1,\"name\":\"Home\",\"item\":\"https:\\\/\\\/www.purejewels.com\\\/\"},{\"@type\":\"ListItem\",\"position\":2,\"name\":\"Shop\",\"item\":\"https:\\\/\\\/www.purejewels.com\\\/shop\\\/\"},{\"@type\":\"ListItem\",\"position\":3,\"name\":\"22ct Gold | Milan Chain | 18 Inches | 0.5mm Thick\"}]},{\"@type\":\"WebSite\",\"@id\":\"https:\\\/\\\/www.purejewels.com\\\/#website\",\"url\":\"https:\\\/\\\/www.purejewels.com\\\/\",\"name\":\"PureJewels UK\",\"description\":\"Share the Love\",\"publisher\":{\"@id\":\"https:\\\/\\\/www.purejewels.com\\\/#organization\"},\"potentialAction\":[{\"@type\":\"SearchAction\",\"target\":{\"@type\":\"EntryPoint\",\"urlTemplate\":\"https:\\\/\\\/www.purejewels.com\\\/?s={search_term_string}\"},\"query-input\":{\"@type\":\"PropertyValueSpecification\",\"valueRequired\":true,\"valueName\":\"search_term_string\"}}],\"inLanguage\":\"de\"},{\"@type\":\"Organization\",\"@id\":\"https:\\\/\\\/www.purejewels.com\\\/#organization\",\"name\":\"PureJewels UK\",\"url\":\"https:\\\/\\\/www.purejewels.com\\\/\",\"logo\":{\"@type\":\"ImageObject\",\"inLanguage\":\"de\",\"@id\":\"https:\\\/\\\/www.purejewels.com\\\/#\\\/schema\\\/logo\\\/image\\\/\",\"url\":\"https:\\\/\\\/static.purejewels.com\\\/wp-content\\\/uploads\\\/2020\\\/11\\\/Logo-PJ-New-1.png\",\"contentUrl\":\"https:\\\/\\\/static.purejewels.com\\\/wp-content\\\/uploads\\\/2020\\\/11\\\/Logo-PJ-New-1.png\",\"width\":150,\"height\":80,\"caption\":\"PureJewels UK\"},\"image\":{\"@id\":\"https:\\\/\\\/www.purejewels.com\\\/#\\\/schema\\\/logo\\\/image\\\/\"}}]}<\/script>\n<!-- \/ Yoast SEO plugin. -->","yoast_head_json":{"title":"22 Karat Gelbgold Milan Kette in 22 Zoll bei PureJewels UK","description":"Diese exquisit zusammengestellte Milan-Kette aus 22 Karat Gold ist das perfekte Geschenk f\u00fcr Ihre Lieben. Bestellen Sie online f\u00fcr kostenlose Lieferung und R\u00fccksendung","robots":{"index":"index","follow":"follow","max-snippet":"max-snippet:-1","max-image-preview":"max-image-preview:large","max-video-preview":"max-video-preview:-1"},"canonical":"https:\/\/www.purejewels.com\/de\/produkt-2\/22-kt-gold-milan-kette-47251\/","og_locale":"de_DE","og_type":"article","og_title":"22 Carat Yellow Gold Milan Chain in 22 inches at PureJewels UK","og_description":"This exquisitely assembled 22ct Gold Milan Chain is the perfect gift for your loved ones. Order online for free delivery and returns","og_url":"https:\/\/www.purejewels.com\/de\/produkt-2\/22-kt-gold-milan-kette-47251\/","og_site_name":"PureJewels UK","article_modified_time":"2025-09-23T04:10:04+00:00","og_image":[{"width":1000,"height":1000,"url":"https:\/\/www.purejewels.com\/wp-content\/uploads\/2021\/09\/33414-1.jpg","type":"image\/jpeg"}],"twitter_card":"summary_large_image","twitter_misc":{"Gesch\u00e4tzte Lesezeit":"1\u00a0Minute"},"schema":{"@context":"https:\/\/schema.org","@graph":[{"@type":["WebPage","ItemPage"],"@id":"https:\/\/www.purejewels.com\/product\/22ct-gold-milan-chain-47251\/","url":"https:\/\/www.purejewels.com\/product\/22ct-gold-milan-chain-47251\/","name":"22 Karat Gelbgold Milan Kette in 22 Zoll bei PureJewels UK","isPartOf":{"@id":"https:\/\/www.purejewels.com\/#website"},"primaryImageOfPage":{"@id":"https:\/\/www.purejewels.com\/product\/22ct-gold-milan-chain-47251\/#primaryimage"},"image":{"@id":"https:\/\/www.purejewels.com\/product\/22ct-gold-milan-chain-47251\/#primaryimage"},"thumbnailUrl":"https:\/\/static.purejewels.com\/wp-content\/uploads\/2021\/09\/33414-1.jpg","datePublished":"2022-10-15T00:22:26+00:00","dateModified":"2025-09-23T04:10:04+00:00","description":"Diese exquisit zusammengestellte Milan-Kette aus 22 Karat Gold ist das perfekte Geschenk f\u00fcr Ihre Lieben. Bestellen Sie online f\u00fcr kostenlose Lieferung und R\u00fccksendung","breadcrumb":{"@id":"https:\/\/www.purejewels.com\/product\/22ct-gold-milan-chain-47251\/#breadcrumb"},"inLanguage":"de","potentialAction":[{"@type":"ReadAction","target":["https:\/\/www.purejewels.com\/product\/22ct-gold-milan-chain-47251\/"]}]},{"@type":"ImageObject","inLanguage":"de","@id":"https:\/\/www.purejewels.com\/product\/22ct-gold-milan-chain-47251\/#primaryimage","url":"https:\/\/static.purejewels.com\/wp-content\/uploads\/2021\/09\/33414-1.jpg","contentUrl":"https:\/\/static.purejewels.com\/wp-content\/uploads\/2021\/09\/33414-1.jpg","width":1000,"height":1000,"caption":"22ct Gold Milan Chain 33414-1"},{"@type":"BreadcrumbList","@id":"https:\/\/www.purejewels.com\/product\/22ct-gold-milan-chain-47251\/#breadcrumb","itemListElement":[{"@type":"ListItem","position":1,"name":"Home","item":"https:\/\/www.purejewels.com\/"},{"@type":"ListItem","position":2,"name":"Shop","item":"https:\/\/www.purejewels.com\/shop\/"},{"@type":"ListItem","position":3,"name":"22ct Gold | Milan Chain | 18 Inches | 0.5mm Thick"}]},{"@type":"WebSite","@id":"https:\/\/www.purejewels.com\/#website","url":"https:\/\/www.purejewels.com\/","name":"PureJewels UK","description":"Teile die Liebe","publisher":{"@id":"https:\/\/www.purejewels.com\/#organization"},"potentialAction":[{"@type":"SearchAction","target":{"@type":"EntryPoint","urlTemplate":"https:\/\/www.purejewels.com\/?s={search_term_string}"},"query-input":{"@type":"PropertyValueSpecification","valueRequired":true,"valueName":"search_term_string"}}],"inLanguage":"de"},{"@type":"Organization","@id":"https:\/\/www.purejewels.com\/#organization","name":"PureJewels UK","url":"https:\/\/www.purejewels.com\/","logo":{"@type":"ImageObject","inLanguage":"de","@id":"https:\/\/www.purejewels.com\/#\/schema\/logo\/image\/","url":"https:\/\/static.purejewels.com\/wp-content\/uploads\/2020\/11\/Logo-PJ-New-1.png","contentUrl":"https:\/\/static.purejewels.com\/wp-content\/uploads\/2020\/11\/Logo-PJ-New-1.png","width":150,"height":80,"caption":"PureJewels UK"},"image":{"@id":"https:\/\/www.purejewels.com\/#\/schema\/logo\/image\/"}}]}},"_links":{"self":[{"href":"https:\/\/www.purejewels.com\/de\/wp-json\/wp\/v2\/product\/330743","targetHints":{"allow":["GET"]}}],"collection":[{"href":"https:\/\/www.purejewels.com\/de\/wp-json\/wp\/v2\/product"}],"about":[{"href":"https:\/\/www.purejewels.com\/de\/wp-json\/wp\/v2\/types\/product"}],"replies":[{"embeddable":true,"href":"https:\/\/www.purejewels.com\/de\/wp-json\/wp\/v2\/comments?post=330743"}],"version-history":[{"count":4,"href":"https:\/\/www.purejewels.com\/de\/wp-json\/wp\/v2\/product\/330743\/revisions"}],"predecessor-version":[{"id":416400,"href":"https:\/\/www.purejewels.com\/de\/wp-json\/wp\/v2\/product\/330743\/revisions\/416400"}],"wp:featuredmedia":[{"embeddable":true,"href":"https:\/\/www.purejewels.com\/de\/wp-json\/wp\/v2\/media\/326602"}],"wp:attachment":[{"href":"https:\/\/www.purejewels.com\/de\/wp-json\/wp\/v2\/media?parent=330743"}],"wp:term":[{"taxonomy":"product_brand","embeddable":true,"href":"https:\/\/www.purejewels.com\/de\/wp-json\/wp\/v2\/product_brand?post=330743"},{"taxonomy":"product_cat","embeddable":true,"href":"https:\/\/www.purejewels.com\/de\/wp-json\/wp\/v2\/product_cat?post=330743"},{"taxonomy":"product_tag","embeddable":true,"href":"https:\/\/www.purejewels.com\/de\/wp-json\/wp\/v2\/product_tag?post=330743"}],"curies":[{"name":"wp","href":"https:\/\/api.w.org\/{rel}","templated":true}]}}