{"id":330753,"date":"2021-12-28T06:10:31","date_gmt":"2021-12-28T06:10:31","guid":{"rendered":"https:\/\/www.purejewels.com\/?post_type=product&#038;p=330753"},"modified":"2026-02-05T13:36:20","modified_gmt":"2026-02-05T13:36:20","slug":"22ct-gold-spiga-kette-40665","status":"publish","type":"product","link":"https:\/\/www.purejewels.com\/de\/product\/22ct-gold-spiga-chain-40665\/","title":{"rendered":"22ct Gold | Spiga Kette | 16 Zoll | 1,4mm dick"},"content":{"rendered":"<h3><b>Inspiration<\/b><\/h3>\n<p><strong>Spiga Goldkette<\/strong> ist im Volksmund auch als Weizenkette bekannt. Diese kompliziert gewebten <a href=\"https:\/\/www.purejewels.com\/de\/product-category\/22ct-gold-jewellery\/gold-chains\/\">Ketten<\/a> sind nicht sehr h\u00e4ufig zu finden und k\u00f6nnen nur von den erfahrensten Karigars hergestellt werden. Sie sind sehr vielseitig und lassen sich daher leicht mit fast allem kombinieren, was man tr\u00e4gt, und sind sowohl f\u00fcr M\u00e4nner als auch f\u00fcr Frauen gedacht.<\/p>\n<h3><b>Gestaltung<\/b><\/h3>\n<p>Diese goldene Spiga-Kette von Purejewels hat ein kompliziertes Design und einen eleganten Look. Sie wird von Hand gefertigt, indem vier Glieder aus verdrehten ovalen Ketten miteinander verbunden werden. <a href=\"https:\/\/www.purejewels.com\/de\/product-category\/22ct-gold-jewellery\/gold-rings\/\">Ringe<\/a>. Die Glieder sind mit \u00e4u\u00dferster Pr\u00e4zision miteinander verwoben, um die elegante Struktur, die Silhouette und den geflochtenen Look zu erreichen. Diese 16 Zoll lange Spiga Kette wurde in 22K Gold gefertigt und sitzt wundersch\u00f6n an Ihrem Hals mit einer zarten Dicke von 1,4 mm und wiegt etwa 6,4 Gramm.<\/p>\n<h3><b>Stil<\/b><\/h3>\n<p>Unsere Spiga-Goldkette braucht nicht unbedingt einen Anh\u00e4nger oder andere Ketten, um sie zu tragen, denn sie sieht kraftvoll aus und gl\u00e4nzt hell, aber Sie k\u00f6nnen Ihren Look immer aufwerten, indem Sie eine Spiga-Kette aus Wei\u00dfgold dazu tragen. Sie passt perfekt zu Rollkragenpullovern, Blazern, hochgeschlossenen Wollpullovern und sogar zu indischen Kleidern wie Sarees und Kurtas, denn sie ist so vielseitig, zart und einfach zu stylen.<\/p>","protected":false},"excerpt":{"rendered":"<p>Eine zeitlose Spiga-Kette aus 22 Karat Gold mit einer L\u00e4nge von 16 Zoll, einer Breite von 1,4 mm und einem Gewicht von 5,6 g. Mit einer komplizierten Seil-\u00e4hnliche weben, ist diese gepunzte Kette sowohl langlebig und elegant-perfekt, um allein oder mit einem Anh\u00e4nger zu tragen.<\/p>\n<p><strong>SKU:<\/strong> 40665<br \/>\n<strong>Metall:<\/strong>\u00a022ct Gold (91,6% rein)<br \/>\n<strong>Gewicht<\/strong>: 5,60 Gramm<br \/>\n<strong>Die Dicke:<\/strong> 1,4 mm<br \/>\n<strong>L\u00e4nge:<\/strong> 16 Zoll<br \/>\n<strong>Wahrzeichen:<\/strong>\u00a022ct Gold gestempelt von UK Assay Office<br \/>\n<strong>Anklagen:<\/strong>\u00a0Lieferung und Mehrwertsteuer inbegriffen<br \/>\n<strong>Weitere Informationen:<\/strong>\u00a0Live-Chat mit uns f\u00fcr Verf\u00fcgbarkeit und zus\u00e4tzliche Bilder<\/p>","protected":false},"featured_media":327527,"comment_status":"closed","ping_status":"closed","template":"","meta":{"_eb_attr":"","_crsspst_to_jayantr4sg-hostcom":true},"product_brand":[],"product_cat":[5013,1791,1559,1475,1773,1570,5266,1574,5349],"product_tag":[3990,63],"class_list":{"0":"post-330753","1":"product","2":"type-product","3":"status-publish","4":"has-post-thumbnail","6":"product_cat-16-inch-ladies-chain","7":"product_cat-anniversary-gifts","8":"product_cat-birthday-gifts","9":"product_cat-gold-chains","10":"product_cat-ladies-chains","11":"product_cat-mothers-day-gifts","12":"product_cat-spiga-chain","13":"product_cat-womens-jewellery","14":"product_cat-yellow-gold-jewellery","15":"product_tag-22-carat-gold-chain","16":"product_tag-gold","18":"first","19":"instock","20":"taxable","21":"shipping-taxable","22":"purchasable","23":"product-type-simple","24":"add-to-wishlist-before_image"},"yoast_head":"<!-- This site is optimized with the Yoast SEO plugin v27.3 - https:\/\/yoast.com\/product\/yoast-seo-wordpress\/ -->\n<title>22ct Gold Spiga Chain in 16 Inches | purejewels.com<\/title>\n<meta name=\"description\" content=\"This chain measures 16 inches in length, and is perfect for everyday wear or special occasions. Buy this Spiga Gold Chain online today!\" \/>\n<meta name=\"robots\" content=\"index, follow, max-snippet:-1, max-image-preview:large, max-video-preview:-1\" \/>\n<link rel=\"canonical\" href=\"https:\/\/www.purejewels.com\/de\/produkt-2\/22ct-gold-spiga-kette-40665\/\" \/>\n<meta property=\"og:locale\" content=\"de_DE\" \/>\n<meta property=\"og:type\" content=\"article\" \/>\n<meta property=\"og:title\" content=\"22ct Gold Spiga Chain in 16 Inches | purejewels.com\" \/>\n<meta property=\"og:description\" content=\"This chain measures 16 inches in length, and is perfect for everyday wear or special occasions. Buy this Spiga Gold Chain online today!\" \/>\n<meta property=\"og:url\" content=\"https:\/\/www.purejewels.com\/de\/produkt-2\/22ct-gold-spiga-kette-40665\/\" \/>\n<meta property=\"og:site_name\" content=\"PureJewels UK\" \/>\n<meta property=\"article:modified_time\" content=\"2026-02-05T13:36:20+00:00\" \/>\n<meta property=\"og:image\" content=\"https:\/\/static.purejewels.com\/wp-content\/uploads\/2020\/02\/31814-1.jpg\" \/>\n\t<meta property=\"og:image:width\" content=\"1000\" \/>\n\t<meta property=\"og:image:height\" content=\"1000\" \/>\n\t<meta property=\"og:image:type\" content=\"image\/jpeg\" \/>\n<meta name=\"twitter:card\" content=\"summary_large_image\" \/>\n<meta name=\"twitter:label1\" content=\"Gesch\u00e4tzte Lesezeit\" \/>\n\t<meta name=\"twitter:data1\" content=\"2\u00a0Minuten\" \/>\n<script type=\"application\/ld+json\" class=\"yoast-schema-graph\">{\"@context\":\"https:\\\/\\\/schema.org\",\"@graph\":[{\"@type\":[\"WebPage\",\"ItemPage\"],\"@id\":\"https:\\\/\\\/www.purejewels.com\\\/product\\\/22ct-gold-spiga-chain-40665\\\/\",\"url\":\"https:\\\/\\\/www.purejewels.com\\\/product\\\/22ct-gold-spiga-chain-40665\\\/\",\"name\":\"22ct Gold Spiga Chain in 16 Inches | purejewels.com\",\"isPartOf\":{\"@id\":\"https:\\\/\\\/www.purejewels.com\\\/#website\"},\"primaryImageOfPage\":{\"@id\":\"https:\\\/\\\/www.purejewels.com\\\/product\\\/22ct-gold-spiga-chain-40665\\\/#primaryimage\"},\"image\":{\"@id\":\"https:\\\/\\\/www.purejewels.com\\\/product\\\/22ct-gold-spiga-chain-40665\\\/#primaryimage\"},\"thumbnailUrl\":\"https:\\\/\\\/static.purejewels.com\\\/wp-content\\\/uploads\\\/2020\\\/02\\\/31814-1.jpg\",\"datePublished\":\"2021-12-28T06:10:31+00:00\",\"dateModified\":\"2026-02-05T13:36:20+00:00\",\"description\":\"This chain measures 16 inches in length, and is perfect for everyday wear or special occasions. Buy this Spiga Gold Chain online today!\",\"breadcrumb\":{\"@id\":\"https:\\\/\\\/www.purejewels.com\\\/product\\\/22ct-gold-spiga-chain-40665\\\/#breadcrumb\"},\"inLanguage\":\"de\",\"potentialAction\":[{\"@type\":\"ReadAction\",\"target\":[\"https:\\\/\\\/www.purejewels.com\\\/product\\\/22ct-gold-spiga-chain-40665\\\/\"]}]},{\"@type\":\"ImageObject\",\"inLanguage\":\"de\",\"@id\":\"https:\\\/\\\/www.purejewels.com\\\/product\\\/22ct-gold-spiga-chain-40665\\\/#primaryimage\",\"url\":\"https:\\\/\\\/static.purejewels.com\\\/wp-content\\\/uploads\\\/2020\\\/02\\\/31814-1.jpg\",\"contentUrl\":\"https:\\\/\\\/static.purejewels.com\\\/wp-content\\\/uploads\\\/2020\\\/02\\\/31814-1.jpg\",\"width\":1000,\"height\":1000,\"caption\":\"22ct Gold Spiga Chain 31814-1\"},{\"@type\":\"BreadcrumbList\",\"@id\":\"https:\\\/\\\/www.purejewels.com\\\/product\\\/22ct-gold-spiga-chain-40665\\\/#breadcrumb\",\"itemListElement\":[{\"@type\":\"ListItem\",\"position\":1,\"name\":\"Home\",\"item\":\"https:\\\/\\\/www.purejewels.com\\\/\"},{\"@type\":\"ListItem\",\"position\":2,\"name\":\"Shop\",\"item\":\"https:\\\/\\\/www.purejewels.com\\\/shop\\\/\"},{\"@type\":\"ListItem\",\"position\":3,\"name\":\"22ct Gold | Spiga Chain | 16 Inches | 1.4mm Thick\"}]},{\"@type\":\"WebSite\",\"@id\":\"https:\\\/\\\/www.purejewels.com\\\/#website\",\"url\":\"https:\\\/\\\/www.purejewels.com\\\/\",\"name\":\"PureJewels UK\",\"description\":\"Share the Love\",\"publisher\":{\"@id\":\"https:\\\/\\\/www.purejewels.com\\\/#organization\"},\"potentialAction\":[{\"@type\":\"SearchAction\",\"target\":{\"@type\":\"EntryPoint\",\"urlTemplate\":\"https:\\\/\\\/www.purejewels.com\\\/?s={search_term_string}\"},\"query-input\":{\"@type\":\"PropertyValueSpecification\",\"valueRequired\":true,\"valueName\":\"search_term_string\"}}],\"inLanguage\":\"de\"},{\"@type\":\"Organization\",\"@id\":\"https:\\\/\\\/www.purejewels.com\\\/#organization\",\"name\":\"PureJewels UK\",\"url\":\"https:\\\/\\\/www.purejewels.com\\\/\",\"logo\":{\"@type\":\"ImageObject\",\"inLanguage\":\"de\",\"@id\":\"https:\\\/\\\/www.purejewels.com\\\/#\\\/schema\\\/logo\\\/image\\\/\",\"url\":\"https:\\\/\\\/static.purejewels.com\\\/wp-content\\\/uploads\\\/2020\\\/11\\\/Logo-PJ-New-1.png\",\"contentUrl\":\"https:\\\/\\\/static.purejewels.com\\\/wp-content\\\/uploads\\\/2020\\\/11\\\/Logo-PJ-New-1.png\",\"width\":150,\"height\":80,\"caption\":\"PureJewels UK\"},\"image\":{\"@id\":\"https:\\\/\\\/www.purejewels.com\\\/#\\\/schema\\\/logo\\\/image\\\/\"}}]}<\/script>\n<!-- \/ Yoast SEO plugin. -->","yoast_head_json":{"title":"22ct Gold Spiga Kette in 16 Zoll | purejewels.com","description":"Diese Kette misst 16 Zoll in der L\u00e4nge, und ist perfekt f\u00fcr den Alltag oder besondere Anl\u00e4sse tragen. Kaufen Sie diese Spiga Goldkette noch heute online!","robots":{"index":"index","follow":"follow","max-snippet":"max-snippet:-1","max-image-preview":"max-image-preview:large","max-video-preview":"max-video-preview:-1"},"canonical":"https:\/\/www.purejewels.com\/de\/produkt-2\/22ct-gold-spiga-kette-40665\/","og_locale":"de_DE","og_type":"article","og_title":"22ct Gold Spiga Chain in 16 Inches | purejewels.com","og_description":"This chain measures 16 inches in length, and is perfect for everyday wear or special occasions. Buy this Spiga Gold Chain online today!","og_url":"https:\/\/www.purejewels.com\/de\/produkt-2\/22ct-gold-spiga-kette-40665\/","og_site_name":"PureJewels UK","article_modified_time":"2026-02-05T13:36:20+00:00","og_image":[{"width":1000,"height":1000,"url":"https:\/\/static.purejewels.com\/wp-content\/uploads\/2020\/02\/31814-1.jpg","type":"image\/jpeg"}],"twitter_card":"summary_large_image","twitter_misc":{"Gesch\u00e4tzte Lesezeit":"2\u00a0Minuten"},"schema":{"@context":"https:\/\/schema.org","@graph":[{"@type":["WebPage","ItemPage"],"@id":"https:\/\/www.purejewels.com\/product\/22ct-gold-spiga-chain-40665\/","url":"https:\/\/www.purejewels.com\/product\/22ct-gold-spiga-chain-40665\/","name":"22ct Gold Spiga Kette in 16 Zoll | purejewels.com","isPartOf":{"@id":"https:\/\/www.purejewels.com\/#website"},"primaryImageOfPage":{"@id":"https:\/\/www.purejewels.com\/product\/22ct-gold-spiga-chain-40665\/#primaryimage"},"image":{"@id":"https:\/\/www.purejewels.com\/product\/22ct-gold-spiga-chain-40665\/#primaryimage"},"thumbnailUrl":"https:\/\/static.purejewels.com\/wp-content\/uploads\/2020\/02\/31814-1.jpg","datePublished":"2021-12-28T06:10:31+00:00","dateModified":"2026-02-05T13:36:20+00:00","description":"Diese Kette misst 16 Zoll in der L\u00e4nge, und ist perfekt f\u00fcr den Alltag oder besondere Anl\u00e4sse tragen. Kaufen Sie diese Spiga Goldkette noch heute online!","breadcrumb":{"@id":"https:\/\/www.purejewels.com\/product\/22ct-gold-spiga-chain-40665\/#breadcrumb"},"inLanguage":"de","potentialAction":[{"@type":"ReadAction","target":["https:\/\/www.purejewels.com\/product\/22ct-gold-spiga-chain-40665\/"]}]},{"@type":"ImageObject","inLanguage":"de","@id":"https:\/\/www.purejewels.com\/product\/22ct-gold-spiga-chain-40665\/#primaryimage","url":"https:\/\/static.purejewels.com\/wp-content\/uploads\/2020\/02\/31814-1.jpg","contentUrl":"https:\/\/static.purejewels.com\/wp-content\/uploads\/2020\/02\/31814-1.jpg","width":1000,"height":1000,"caption":"22ct Gold Spiga Chain 31814-1"},{"@type":"BreadcrumbList","@id":"https:\/\/www.purejewels.com\/product\/22ct-gold-spiga-chain-40665\/#breadcrumb","itemListElement":[{"@type":"ListItem","position":1,"name":"Home","item":"https:\/\/www.purejewels.com\/"},{"@type":"ListItem","position":2,"name":"Shop","item":"https:\/\/www.purejewels.com\/shop\/"},{"@type":"ListItem","position":3,"name":"22ct Gold | Spiga Chain | 16 Inches | 1.4mm Thick"}]},{"@type":"WebSite","@id":"https:\/\/www.purejewels.com\/#website","url":"https:\/\/www.purejewels.com\/","name":"PureJewels UK","description":"Teile die Liebe","publisher":{"@id":"https:\/\/www.purejewels.com\/#organization"},"potentialAction":[{"@type":"SearchAction","target":{"@type":"EntryPoint","urlTemplate":"https:\/\/www.purejewels.com\/?s={search_term_string}"},"query-input":{"@type":"PropertyValueSpecification","valueRequired":true,"valueName":"search_term_string"}}],"inLanguage":"de"},{"@type":"Organization","@id":"https:\/\/www.purejewels.com\/#organization","name":"PureJewels UK","url":"https:\/\/www.purejewels.com\/","logo":{"@type":"ImageObject","inLanguage":"de","@id":"https:\/\/www.purejewels.com\/#\/schema\/logo\/image\/","url":"https:\/\/static.purejewels.com\/wp-content\/uploads\/2020\/11\/Logo-PJ-New-1.png","contentUrl":"https:\/\/static.purejewels.com\/wp-content\/uploads\/2020\/11\/Logo-PJ-New-1.png","width":150,"height":80,"caption":"PureJewels UK"},"image":{"@id":"https:\/\/www.purejewels.com\/#\/schema\/logo\/image\/"}}]}},"_links":{"self":[{"href":"https:\/\/www.purejewels.com\/de\/wp-json\/wp\/v2\/product\/330753","targetHints":{"allow":["GET"]}}],"collection":[{"href":"https:\/\/www.purejewels.com\/de\/wp-json\/wp\/v2\/product"}],"about":[{"href":"https:\/\/www.purejewels.com\/de\/wp-json\/wp\/v2\/types\/product"}],"replies":[{"embeddable":true,"href":"https:\/\/www.purejewels.com\/de\/wp-json\/wp\/v2\/comments?post=330753"}],"version-history":[{"count":4,"href":"https:\/\/www.purejewels.com\/de\/wp-json\/wp\/v2\/product\/330753\/revisions"}],"predecessor-version":[{"id":419176,"href":"https:\/\/www.purejewels.com\/de\/wp-json\/wp\/v2\/product\/330753\/revisions\/419176"}],"wp:featuredmedia":[{"embeddable":true,"href":"https:\/\/www.purejewels.com\/de\/wp-json\/wp\/v2\/media\/327527"}],"wp:attachment":[{"href":"https:\/\/www.purejewels.com\/de\/wp-json\/wp\/v2\/media?parent=330753"}],"wp:term":[{"taxonomy":"product_brand","embeddable":true,"href":"https:\/\/www.purejewels.com\/de\/wp-json\/wp\/v2\/product_brand?post=330753"},{"taxonomy":"product_cat","embeddable":true,"href":"https:\/\/www.purejewels.com\/de\/wp-json\/wp\/v2\/product_cat?post=330753"},{"taxonomy":"product_tag","embeddable":true,"href":"https:\/\/www.purejewels.com\/de\/wp-json\/wp\/v2\/product_tag?post=330753"}],"curies":[{"name":"wp","href":"https:\/\/api.w.org\/{rel}","templated":true}]}}