{"id":330922,"date":"2022-01-21T13:05:24","date_gmt":"2022-01-21T13:05:24","guid":{"rendered":"https:\/\/www.purejewels.com\/?post_type=product&#038;p=330922"},"modified":"2022-06-06T08:20:27","modified_gmt":"2022-06-06T07:20:27","slug":"22-kt-gold-anhanger-mit-cz-steinen-41302","status":"publish","type":"product","link":"https:\/\/www.purejewels.com\/de\/product\/22ct-gold-pendant-with-cz-stones-41302\/","title":{"rendered":"22ct Gold Anh\u00e4nger mit CZ Steinen"},"content":{"rendered":"<h3>Inspiration<\/h3>\n<p>In den alten Zivilisationen galten Anh\u00e4nger als unverzichtbarer Schmuck. <strong>Anh\u00e4nger<\/strong> wurden verwendet, um die nat\u00fcrliche Sch\u00f6nheit der Tr\u00e4gerinnen hervorzuheben. Verschiedene Arten und Designs von Anh\u00e4ngern stehen f\u00fcr unterschiedliche \u00dcberzeugungen und Werte wie Sicherheit, Weisheit, Eleganz, Wohlstand und mehr. Diese primitiven Praktiken reichen bis in die Steinzeit zur\u00fcck, als die Menschen sich l\u00e4ssig Anh\u00e4nger um den Hals warfen, die aus Gegenst\u00e4nden wie Z\u00e4hnen, Steinen und Muscheln gefertigt waren.<\/p>\n<h3>Gestaltung<\/h3>\n<p>Diese <a href=\"https:\/\/www.purejewels.com\/de\/product-category\/22ct-gold-jewellery\/gold-necklaces\/\">goldene Halskette<\/a> mit Steinanh\u00e4nger wurde aus reinem Holz geschnitzt <a href=\"https:\/\/www.purejewels.com\/de\/product-category\/22ct-gold-jewellery\/\">22 Karat Gold<\/a>. Unser Anh\u00e4nger besteht aus drei bedeutenden und sch\u00f6nen Elementen wie zwei Herzen und einem Unendlichkeitssymbol, die miteinander verbunden sind. Das Design beginnt mit einem wundersch\u00f6nen steinbesetzten Herz, das von einem Unendlichkeitssymbol \u00fcberlagert wird, das ein kleines steinbesetztes Herz im Inneren einschlie\u00dft. Das Herz und das Unendlichkeitssymbol symbolisieren die ewige Liebe und sind somit das perfekte Geschenk f\u00fcr deine Liebste.<\/p>\n<h3>Stil<\/h3>\n<p>Anh\u00e4nger sind sehr dynamische Accessoires. Die gleiche Goldkette mit Steinanh\u00e4nger kann fast jeden Tag getragen werden. Kombinieren Sie diesen Herzanh\u00e4nger nach Belieben mit anderen Anh\u00e4ngern oder Ketten zu l\u00e4ssigen oder auch schwereren Outfits.<\/p>","protected":false},"excerpt":{"rendered":"<ul>\n<li>22\u00a0<span id=\"urn:enhancement-89deda8d\" class=\"textannotation\">Karat<\/span>\u00a0<span id=\"urn:enhancement-445855e2\" class=\"textannotation\">Gold<\/span>\u00a0Indianer-Anh\u00e4nger<\/li>\n<li>Geeignet f\u00fcr Alltagskleidung<\/li>\n<li>Wt. 2.1 gms<\/li>\n<li>SKU. 41302<\/li>\n<li>Kette nicht im Preis enthalten<\/li>\n<li>Unsere Ketten-Kollektion ansehen\u00a0 <strong>Ackerfuchsschwanzkette<\/strong><\/li>\n<li>Alle Preise inklusive Mehrwertsteuer<\/li>\n<li>Alle unsere Produkte sind von London gestempelt\u00a0<span id=\"urn:enhancement-7d2af146\" class=\"textannotation\">Pr\u00fcfstelle<\/span><\/li>\n<li>Alle Sets werden mit Pr\u00e4sentationsbox geliefert<\/li>\n<li>Kostenlose Lieferung in ganz Europa\u00a0<span id=\"urn:enhancement-bbb162f2\" class=\"textannotation\">UK<\/span><\/li>\n<li>Kontaktieren Sie uns \/ chatten Sie mit uns und entdecken Sie unser\u00a0<span id=\"urn:enhancement-32269751\" class=\"textannotation\">Gold<\/span>\u00a0Anh\u00e4nger Halskette Indische Kollektion<\/li>\n<\/ul>","protected":false},"featured_media":335452,"comment_status":"closed","ping_status":"closed","template":"","meta":{"_eb_attr":"","_crsspst_to_jayantr4sg-hostcom":false},"product_brand":[],"product_cat":[1791,1559,1255,5344,1767,1575,1569,1573,1574],"product_tag":[],"class_list":{"0":"post-330922","1":"product","2":"type-product","3":"status-publish","4":"has-post-thumbnail","6":"product_cat-anniversary-gifts","7":"product_cat-birthday-gifts","8":"product_cat-gold-pendants","9":"product_cat-jewellery-under-750","10":"product_cat-ladies-pendants","11":"product_cat-teenage-jewellery","12":"product_cat-valentine-day-gifts","13":"product_cat-wedding-gifts","14":"product_cat-womens-jewellery","16":"first","17":"outofstock","18":"taxable","19":"shipping-taxable","20":"product-type-simple","21":"add-to-wishlist-before_image"},"yoast_head":"<!-- This site is optimized with the Yoast SEO plugin v27.5 - https:\/\/yoast.com\/product\/yoast-seo-wordpress\/ -->\n<title>22 Carat Gold Pendant | Explore Pendants | PureJewels UK<\/title>\n<meta name=\"description\" content=\"Indian Gold Pendants in UK | Explore a wide range of 22ct gold pendants. Made of best quality &amp; Hallmarked\" \/>\n<meta name=\"robots\" content=\"index, follow, max-snippet:-1, max-image-preview:large, max-video-preview:-1\" \/>\n<link rel=\"canonical\" href=\"https:\/\/www.purejewels.com\/de\/produkt-2\/22-kt-gold-anhanger-mit-cz-steinen-41302\/\" \/>\n<meta property=\"og:locale\" content=\"de_DE\" \/>\n<meta property=\"og:type\" content=\"article\" \/>\n<meta property=\"og:title\" content=\"22 Carat Gold Pendant | Explore Pendants | PureJewels UK\" \/>\n<meta property=\"og:description\" content=\"Indian Gold Pendants in UK | Explore a wide range of 22ct gold pendants. Made of best quality &amp; Hallmarked\" \/>\n<meta property=\"og:url\" content=\"https:\/\/www.purejewels.com\/de\/produkt-2\/22-kt-gold-anhanger-mit-cz-steinen-41302\/\" \/>\n<meta property=\"og:site_name\" content=\"PureJewels UK\" \/>\n<meta property=\"article:modified_time\" content=\"2022-06-06T07:20:27+00:00\" \/>\n<meta property=\"og:image\" content=\"https:\/\/www.purejewels.com\/wp-content\/uploads\/2022\/01\/41302-1.jpg\" \/>\n\t<meta property=\"og:image:width\" content=\"1000\" \/>\n\t<meta property=\"og:image:height\" content=\"1000\" \/>\n\t<meta property=\"og:image:type\" content=\"image\/jpeg\" \/>\n<meta name=\"twitter:card\" content=\"summary_large_image\" \/>\n<meta name=\"twitter:label1\" content=\"Gesch\u00e4tzte Lesezeit\" \/>\n\t<meta name=\"twitter:data1\" content=\"1\u00a0Minute\" \/>\n<script type=\"application\/ld+json\" class=\"yoast-schema-graph\">{\"@context\":\"https:\\\/\\\/schema.org\",\"@graph\":[{\"@type\":[\"WebPage\",\"ItemPage\"],\"@id\":\"https:\\\/\\\/www.purejewels.com\\\/product\\\/22ct-gold-pendant-with-cz-stones-41302\\\/\",\"url\":\"https:\\\/\\\/www.purejewels.com\\\/product\\\/22ct-gold-pendant-with-cz-stones-41302\\\/\",\"name\":\"22 Carat Gold Pendant | Explore Pendants | PureJewels UK\",\"isPartOf\":{\"@id\":\"https:\\\/\\\/www.purejewels.com\\\/#website\"},\"primaryImageOfPage\":{\"@id\":\"https:\\\/\\\/www.purejewels.com\\\/product\\\/22ct-gold-pendant-with-cz-stones-41302\\\/#primaryimage\"},\"image\":{\"@id\":\"https:\\\/\\\/www.purejewels.com\\\/product\\\/22ct-gold-pendant-with-cz-stones-41302\\\/#primaryimage\"},\"thumbnailUrl\":\"https:\\\/\\\/static.purejewels.com\\\/wp-content\\\/uploads\\\/2022\\\/01\\\/41302-1.jpg\",\"datePublished\":\"2022-01-21T13:05:24+00:00\",\"dateModified\":\"2022-06-06T07:20:27+00:00\",\"description\":\"Indian Gold Pendants in UK | Explore a wide range of 22ct gold pendants. Made of best quality & Hallmarked\",\"breadcrumb\":{\"@id\":\"https:\\\/\\\/www.purejewels.com\\\/product\\\/22ct-gold-pendant-with-cz-stones-41302\\\/#breadcrumb\"},\"inLanguage\":\"de\",\"potentialAction\":[{\"@type\":\"ReadAction\",\"target\":[\"https:\\\/\\\/www.purejewels.com\\\/product\\\/22ct-gold-pendant-with-cz-stones-41302\\\/\"]}]},{\"@type\":\"ImageObject\",\"inLanguage\":\"de\",\"@id\":\"https:\\\/\\\/www.purejewels.com\\\/product\\\/22ct-gold-pendant-with-cz-stones-41302\\\/#primaryimage\",\"url\":\"https:\\\/\\\/static.purejewels.com\\\/wp-content\\\/uploads\\\/2022\\\/01\\\/41302-1.jpg\",\"contentUrl\":\"https:\\\/\\\/static.purejewels.com\\\/wp-content\\\/uploads\\\/2022\\\/01\\\/41302-1.jpg\",\"width\":1000,\"height\":1000,\"caption\":\"22ct Gold Pendant with CZ Stones\"},{\"@type\":\"BreadcrumbList\",\"@id\":\"https:\\\/\\\/www.purejewels.com\\\/product\\\/22ct-gold-pendant-with-cz-stones-41302\\\/#breadcrumb\",\"itemListElement\":[{\"@type\":\"ListItem\",\"position\":1,\"name\":\"Home\",\"item\":\"https:\\\/\\\/www.purejewels.com\\\/\"},{\"@type\":\"ListItem\",\"position\":2,\"name\":\"Shop\",\"item\":\"https:\\\/\\\/www.purejewels.com\\\/shop\\\/\"},{\"@type\":\"ListItem\",\"position\":3,\"name\":\"22ct Gold Pendant with CZ Stones\"}]},{\"@type\":\"WebSite\",\"@id\":\"https:\\\/\\\/www.purejewels.com\\\/#website\",\"url\":\"https:\\\/\\\/www.purejewels.com\\\/\",\"name\":\"PureJewels UK\",\"description\":\"Share the Love\",\"publisher\":{\"@id\":\"https:\\\/\\\/www.purejewels.com\\\/#organization\"},\"potentialAction\":[{\"@type\":\"SearchAction\",\"target\":{\"@type\":\"EntryPoint\",\"urlTemplate\":\"https:\\\/\\\/www.purejewels.com\\\/?s={search_term_string}\"},\"query-input\":{\"@type\":\"PropertyValueSpecification\",\"valueRequired\":true,\"valueName\":\"search_term_string\"}}],\"inLanguage\":\"de\"},{\"@type\":\"Organization\",\"@id\":\"https:\\\/\\\/www.purejewels.com\\\/#organization\",\"name\":\"PureJewels UK\",\"url\":\"https:\\\/\\\/www.purejewels.com\\\/\",\"logo\":{\"@type\":\"ImageObject\",\"inLanguage\":\"de\",\"@id\":\"https:\\\/\\\/www.purejewels.com\\\/#\\\/schema\\\/logo\\\/image\\\/\",\"url\":\"https:\\\/\\\/static.purejewels.com\\\/wp-content\\\/uploads\\\/2020\\\/11\\\/Logo-PJ-New-1.png\",\"contentUrl\":\"https:\\\/\\\/static.purejewels.com\\\/wp-content\\\/uploads\\\/2020\\\/11\\\/Logo-PJ-New-1.png\",\"width\":150,\"height\":80,\"caption\":\"PureJewels UK\"},\"image\":{\"@id\":\"https:\\\/\\\/www.purejewels.com\\\/#\\\/schema\\\/logo\\\/image\\\/\"}}]}<\/script>\n<!-- \/ Yoast SEO plugin. -->","yoast_head_json":{"title":"22 Karat Gold Anh\u00e4nger | Anh\u00e4nger erkunden | PureJewels UK","description":"Indische Goldanh\u00e4nger in UK | Entdecken Sie eine gro\u00dfe Auswahl an 22ct Goldanh\u00e4ngern. Hergestellt aus bester Qualit\u00e4t &amp; Hallmarked","robots":{"index":"index","follow":"follow","max-snippet":"max-snippet:-1","max-image-preview":"max-image-preview:large","max-video-preview":"max-video-preview:-1"},"canonical":"https:\/\/www.purejewels.com\/de\/produkt-2\/22-kt-gold-anhanger-mit-cz-steinen-41302\/","og_locale":"de_DE","og_type":"article","og_title":"22 Carat Gold Pendant | Explore Pendants | PureJewels UK","og_description":"Indian Gold Pendants in UK | Explore a wide range of 22ct gold pendants. Made of best quality & Hallmarked","og_url":"https:\/\/www.purejewels.com\/de\/produkt-2\/22-kt-gold-anhanger-mit-cz-steinen-41302\/","og_site_name":"PureJewels UK","article_modified_time":"2022-06-06T07:20:27+00:00","og_image":[{"width":1000,"height":1000,"url":"https:\/\/www.purejewels.com\/wp-content\/uploads\/2022\/01\/41302-1.jpg","type":"image\/jpeg"}],"twitter_card":"summary_large_image","twitter_misc":{"Gesch\u00e4tzte Lesezeit":"1\u00a0Minute"},"schema":{"@context":"https:\/\/schema.org","@graph":[{"@type":["WebPage","ItemPage"],"@id":"https:\/\/www.purejewels.com\/product\/22ct-gold-pendant-with-cz-stones-41302\/","url":"https:\/\/www.purejewels.com\/product\/22ct-gold-pendant-with-cz-stones-41302\/","name":"22 Karat Gold Anh\u00e4nger | Anh\u00e4nger erkunden | PureJewels UK","isPartOf":{"@id":"https:\/\/www.purejewels.com\/#website"},"primaryImageOfPage":{"@id":"https:\/\/www.purejewels.com\/product\/22ct-gold-pendant-with-cz-stones-41302\/#primaryimage"},"image":{"@id":"https:\/\/www.purejewels.com\/product\/22ct-gold-pendant-with-cz-stones-41302\/#primaryimage"},"thumbnailUrl":"https:\/\/static.purejewels.com\/wp-content\/uploads\/2022\/01\/41302-1.jpg","datePublished":"2022-01-21T13:05:24+00:00","dateModified":"2022-06-06T07:20:27+00:00","description":"Indische Goldanh\u00e4nger in UK | Entdecken Sie eine gro\u00dfe Auswahl an 22ct Goldanh\u00e4ngern. Hergestellt aus bester Qualit\u00e4t &amp; Hallmarked","breadcrumb":{"@id":"https:\/\/www.purejewels.com\/product\/22ct-gold-pendant-with-cz-stones-41302\/#breadcrumb"},"inLanguage":"de","potentialAction":[{"@type":"ReadAction","target":["https:\/\/www.purejewels.com\/product\/22ct-gold-pendant-with-cz-stones-41302\/"]}]},{"@type":"ImageObject","inLanguage":"de","@id":"https:\/\/www.purejewels.com\/product\/22ct-gold-pendant-with-cz-stones-41302\/#primaryimage","url":"https:\/\/static.purejewels.com\/wp-content\/uploads\/2022\/01\/41302-1.jpg","contentUrl":"https:\/\/static.purejewels.com\/wp-content\/uploads\/2022\/01\/41302-1.jpg","width":1000,"height":1000,"caption":"22ct Gold Pendant with CZ Stones"},{"@type":"BreadcrumbList","@id":"https:\/\/www.purejewels.com\/product\/22ct-gold-pendant-with-cz-stones-41302\/#breadcrumb","itemListElement":[{"@type":"ListItem","position":1,"name":"Home","item":"https:\/\/www.purejewels.com\/"},{"@type":"ListItem","position":2,"name":"Shop","item":"https:\/\/www.purejewels.com\/shop\/"},{"@type":"ListItem","position":3,"name":"22ct Gold Pendant with CZ Stones"}]},{"@type":"WebSite","@id":"https:\/\/www.purejewels.com\/#website","url":"https:\/\/www.purejewels.com\/","name":"PureJewels UK","description":"Teile die Liebe","publisher":{"@id":"https:\/\/www.purejewels.com\/#organization"},"potentialAction":[{"@type":"SearchAction","target":{"@type":"EntryPoint","urlTemplate":"https:\/\/www.purejewels.com\/?s={search_term_string}"},"query-input":{"@type":"PropertyValueSpecification","valueRequired":true,"valueName":"search_term_string"}}],"inLanguage":"de"},{"@type":"Organization","@id":"https:\/\/www.purejewels.com\/#organization","name":"PureJewels UK","url":"https:\/\/www.purejewels.com\/","logo":{"@type":"ImageObject","inLanguage":"de","@id":"https:\/\/www.purejewels.com\/#\/schema\/logo\/image\/","url":"https:\/\/static.purejewels.com\/wp-content\/uploads\/2020\/11\/Logo-PJ-New-1.png","contentUrl":"https:\/\/static.purejewels.com\/wp-content\/uploads\/2020\/11\/Logo-PJ-New-1.png","width":150,"height":80,"caption":"PureJewels UK"},"image":{"@id":"https:\/\/www.purejewels.com\/#\/schema\/logo\/image\/"}}]}},"_links":{"self":[{"href":"https:\/\/www.purejewels.com\/de\/wp-json\/wp\/v2\/product\/330922","targetHints":{"allow":["GET"]}}],"collection":[{"href":"https:\/\/www.purejewels.com\/de\/wp-json\/wp\/v2\/product"}],"about":[{"href":"https:\/\/www.purejewels.com\/de\/wp-json\/wp\/v2\/types\/product"}],"replies":[{"embeddable":true,"href":"https:\/\/www.purejewels.com\/de\/wp-json\/wp\/v2\/comments?post=330922"}],"version-history":[{"count":0,"href":"https:\/\/www.purejewels.com\/de\/wp-json\/wp\/v2\/product\/330922\/revisions"}],"wp:featuredmedia":[{"embeddable":true,"href":"https:\/\/www.purejewels.com\/de\/wp-json\/wp\/v2\/media\/335452"}],"wp:attachment":[{"href":"https:\/\/www.purejewels.com\/de\/wp-json\/wp\/v2\/media?parent=330922"}],"wp:term":[{"taxonomy":"product_brand","embeddable":true,"href":"https:\/\/www.purejewels.com\/de\/wp-json\/wp\/v2\/product_brand?post=330922"},{"taxonomy":"product_cat","embeddable":true,"href":"https:\/\/www.purejewels.com\/de\/wp-json\/wp\/v2\/product_cat?post=330922"},{"taxonomy":"product_tag","embeddable":true,"href":"https:\/\/www.purejewels.com\/de\/wp-json\/wp\/v2\/product_tag?post=330922"}],"curies":[{"name":"wp","href":"https:\/\/api.w.org\/{rel}","templated":true}]}}