{"id":330950,"date":"2022-01-05T06:57:59","date_gmt":"2022-01-05T06:57:59","guid":{"rendered":"https:\/\/www.purejewels.com\/?post_type=product&#038;p=330950"},"modified":"2025-09-23T05:48:17","modified_gmt":"2025-09-23T04:48:17","slug":"18ct-weisgold-spiga-kette-unisex-41338","status":"publish","type":"product","link":"https:\/\/www.purejewels.com\/de\/product\/18ct-white-gold-spiga-chain-unisex-41338\/","title":{"rendered":"18ct Wei\u00dfgold | Spiga Kette | 18 Zoll | 1mm dick"},"content":{"rendered":"<p data-start=\"446\" data-end=\"809\"><strong data-start=\"446\" data-end=\"465\">Designkonzept<\/strong><\/p>\n<p data-start=\"446\" data-end=\"809\">Abgeleitet von dem italienischen Wort f\u00fcr <em data-start=\"502\" data-end=\"509\">Weizen<\/em>Die Spiga (oder Weizen)-Kette zeichnet sich durch kunstvoll gewebte Glieder aus, die ein subtiles, seilartiges Muster bilden. Dieses Design symbolisiert Einheit, F\u00fclle und Widerstandsf\u00e4higkeit - es ist ebenso bedeutungsvoll wie sch\u00f6n. Mit ihrem symmetrischen Verlauf und ihrem sanften Schimmer eignet sie sich sowohl f\u00fcr minimalistisches Styling als auch f\u00fcr mehrschichtigen Luxus.<\/p>\n<hr data-start=\"811\" data-end=\"814\" \/>\n<p data-start=\"816\" data-end=\"1225\"><strong data-start=\"816\" data-end=\"834\">Handwerkliches K\u00f6nnen<\/strong><\/p>\n<p data-start=\"816\" data-end=\"1225\">Jedes einzelne Glied wird in fachm\u00e4nnischer Handarbeit aus 18 Karat Wei\u00dfgold gefertigt, laserpoliert und pr\u00e4zise verbunden, um eine nahtlose, flie\u00dfende Bewegung zu gew\u00e4hrleisten. Die 1 mm dicke Kette bietet ein elegantes Gleichgewicht zwischen Zartheit und Haltbarkeit, w\u00e4hrend die rhodinierte Oberfl\u00e4che ihren eisigen Glanz verst\u00e4rkt. Die vom London Assay Office gepunzte Kette erf\u00fcllt die h\u00f6chsten Anforderungen an Reinheit und Handwerkskunst.<\/p>\n<hr data-start=\"1227\" data-end=\"1230\" \/>\n<p data-start=\"1232\" data-end=\"1252\"><strong data-start=\"1232\" data-end=\"1250\">Styling-Ideen<\/strong><\/p>\n<ul data-start=\"1253\" data-end=\"1545\">\n<li data-start=\"1253\" data-end=\"1347\">\n<p data-start=\"1255\" data-end=\"1347\"><strong data-start=\"1255\" data-end=\"1278\">Minimalistische Eleganz<\/strong>: Tragen Sie es solo als feinen Akzent auf nackter Haut oder \u00fcber hochgeschlossenen Schichten.<\/p>\n<\/li>\n<li data-start=\"1348\" data-end=\"1451\">\n<p data-start=\"1350\" data-end=\"1451\"><strong data-start=\"1350\" data-end=\"1366\">Geschichtetes Luxe<\/strong>: Kombiniert mit einem mittellangen Anh\u00e4nger oder einer k\u00fcrzeren Halskette f\u00fcr ein dimensionales Styling.<\/p>\n<\/li>\n<li data-start=\"1452\" data-end=\"1545\">\n<p data-start=\"1454\" data-end=\"1545\"><strong data-start=\"1454\" data-end=\"1471\">Unisex-Anmutung<\/strong>: Eine vielseitige Wahl f\u00fcr M\u00e4nner und Frauen - raffiniert und doch unaufdringlich.<\/p>\n<\/li>\n<\/ul>\n<p data-start=\"1547\" data-end=\"1692\">Ob im Alltag getragen oder f\u00fcr besondere Momente reserviert, dieses <a href=\"https:\/\/www.purejewels.com\/de\/product\/22ct-gold-spiga-chain-41359\/\">Spiga-Kette<\/a> ist ein anmutiger Begleiter f\u00fcr jeden Anh\u00e4nger - oder perfekt f\u00fcr sich allein.<\/p>","protected":false},"excerpt":{"rendered":"<table class=\"sh_desc\">\n<tbody>\n<tr>\n<td>Typ der Kette<\/td>\n<td>Spiga-Kette<\/td>\n<\/tr>\n<tr>\n<td>SKU<\/td>\n<td>41338<\/td>\n<\/tr>\n<tr>\n<td>Gewicht<\/td>\n<td>2,5 Gramm<\/td>\n<\/tr>\n<tr>\n<td>Metall<\/td>\n<td>18ct Gold<\/td>\n<\/tr>\n<tr>\n<td>Dicke<\/td>\n<td>1mm<\/td>\n<\/tr>\n<tr>\n<td>L\u00e4nge<\/td>\n<td>18 Zoll<\/td>\n<\/tr>\n<tr>\n<td>Wahrzeichen<\/td>\n<td>18ct Gold gestempelt von London Assay Office<\/td>\n<\/tr>\n<tr>\n<td>Entgelte<\/td>\n<td>Lieferung und Mehrwertsteuer inbegriffen<\/td>\n<\/tr>\n<tr>\n<td>Verpackung<\/td>\n<td>Mit Pr\u00e4sentationsbox<\/td>\n<\/tr>\n<tr>\n<td>Mehr Informationen<\/td>\n<td>Live-Chat mit uns f\u00fcr Verf\u00fcgbarkeit und mehr Bilder<\/td>\n<\/tr>\n<\/tbody>\n<\/table>","protected":false},"featured_media":330951,"comment_status":"closed","ping_status":"closed","template":"","meta":{"_eb_attr":"","_crsspst_to_jayantr4sg-hostcom":false},"product_brand":[],"product_cat":[5021,5014,5017,5316,1475,5344,1772,1773,1774,5348],"product_tag":[65],"class_list":{"0":"post-330950","1":"product","2":"type-product","3":"status-publish","4":"has-post-thumbnail","6":"product_cat-18-inch-kids-chain","7":"product_cat-18-inch-ladies-chain","8":"product_cat-18-inch-mens-chain","9":"product_cat-18ct-white-gold-chain","10":"product_cat-gold-chains","11":"product_cat-jewellery-under-750","12":"product_cat-kids-chains","13":"product_cat-ladies-chains","14":"product_cat-mens-chains","15":"product_cat-white-gold-jewellery","16":"product_tag-chains","18":"first","19":"outofstock","20":"taxable","21":"shipping-taxable","22":"product-type-simple","23":"add-to-wishlist-before_image"},"yoast_head":"<!-- This site is optimized with the Yoast SEO plugin v27.3 - https:\/\/yoast.com\/product\/yoast-seo-wordpress\/ -->\n<title>white gold spiga chains | Shop designer chains | PureJewels UK<\/title>\n<meta name=\"description\" content=\"white gold spiga chain in 18ct | Shop latest white gold chains. Perfect for everyday wear. Fast delivery&amp; hassle-free returns.\" \/>\n<meta name=\"robots\" content=\"index, follow, max-snippet:-1, max-image-preview:large, max-video-preview:-1\" \/>\n<link rel=\"canonical\" href=\"https:\/\/www.purejewels.com\/de\/produkt-2\/18ct-weisgold-spiga-kette-unisex-41338\/\" \/>\n<meta property=\"og:locale\" content=\"de_DE\" \/>\n<meta property=\"og:type\" content=\"article\" \/>\n<meta property=\"og:title\" content=\"white gold spiga chains | Shop designer chains | PureJewels UK\" \/>\n<meta property=\"og:description\" content=\"white gold spiga chain in 18ct | Shop latest white gold chains. Perfect for everyday wear. Fast delivery&amp; hassle-free returns.\" \/>\n<meta property=\"og:url\" content=\"https:\/\/www.purejewels.com\/de\/produkt-2\/18ct-weisgold-spiga-kette-unisex-41338\/\" \/>\n<meta property=\"og:site_name\" content=\"PureJewels UK\" \/>\n<meta property=\"article:modified_time\" content=\"2025-09-23T04:48:17+00:00\" \/>\n<meta property=\"og:image\" content=\"https:\/\/www.purejewels.com\/wp-content\/uploads\/2022\/01\/41338-1.jpg\" \/>\n\t<meta property=\"og:image:width\" content=\"1000\" \/>\n\t<meta property=\"og:image:height\" content=\"1000\" \/>\n\t<meta property=\"og:image:type\" content=\"image\/jpeg\" \/>\n<meta name=\"twitter:card\" content=\"summary_large_image\" \/>\n<meta name=\"twitter:label1\" content=\"Gesch\u00e4tzte Lesezeit\" \/>\n\t<meta name=\"twitter:data1\" content=\"1\u00a0Minute\" \/>\n<script type=\"application\/ld+json\" class=\"yoast-schema-graph\">{\"@context\":\"https:\\\/\\\/schema.org\",\"@graph\":[{\"@type\":[\"WebPage\",\"ItemPage\"],\"@id\":\"https:\\\/\\\/www.purejewels.com\\\/product\\\/18ct-white-gold-spiga-chain-unisex-41338\\\/\",\"url\":\"https:\\\/\\\/www.purejewels.com\\\/product\\\/18ct-white-gold-spiga-chain-unisex-41338\\\/\",\"name\":\"white gold spiga chains | Shop designer chains | PureJewels UK\",\"isPartOf\":{\"@id\":\"https:\\\/\\\/www.purejewels.com\\\/#website\"},\"primaryImageOfPage\":{\"@id\":\"https:\\\/\\\/www.purejewels.com\\\/product\\\/18ct-white-gold-spiga-chain-unisex-41338\\\/#primaryimage\"},\"image\":{\"@id\":\"https:\\\/\\\/www.purejewels.com\\\/product\\\/18ct-white-gold-spiga-chain-unisex-41338\\\/#primaryimage\"},\"thumbnailUrl\":\"https:\\\/\\\/static.purejewels.com\\\/wp-content\\\/uploads\\\/2022\\\/01\\\/41338-1.jpg\",\"datePublished\":\"2022-01-05T06:57:59+00:00\",\"dateModified\":\"2025-09-23T04:48:17+00:00\",\"description\":\"white gold spiga chain in 18ct | Shop latest white gold chains. Perfect for everyday wear. Fast delivery& hassle-free returns.\",\"breadcrumb\":{\"@id\":\"https:\\\/\\\/www.purejewels.com\\\/product\\\/18ct-white-gold-spiga-chain-unisex-41338\\\/#breadcrumb\"},\"inLanguage\":\"de\",\"potentialAction\":[{\"@type\":\"ReadAction\",\"target\":[\"https:\\\/\\\/www.purejewels.com\\\/product\\\/18ct-white-gold-spiga-chain-unisex-41338\\\/\"]}]},{\"@type\":\"ImageObject\",\"inLanguage\":\"de\",\"@id\":\"https:\\\/\\\/www.purejewels.com\\\/product\\\/18ct-white-gold-spiga-chain-unisex-41338\\\/#primaryimage\",\"url\":\"https:\\\/\\\/static.purejewels.com\\\/wp-content\\\/uploads\\\/2022\\\/01\\\/41338-1.jpg\",\"contentUrl\":\"https:\\\/\\\/static.purejewels.com\\\/wp-content\\\/uploads\\\/2022\\\/01\\\/41338-1.jpg\",\"width\":1000,\"height\":1000,\"caption\":\"18ct White Gold Spiga Chain | Unisex\"},{\"@type\":\"BreadcrumbList\",\"@id\":\"https:\\\/\\\/www.purejewels.com\\\/product\\\/18ct-white-gold-spiga-chain-unisex-41338\\\/#breadcrumb\",\"itemListElement\":[{\"@type\":\"ListItem\",\"position\":1,\"name\":\"Home\",\"item\":\"https:\\\/\\\/www.purejewels.com\\\/\"},{\"@type\":\"ListItem\",\"position\":2,\"name\":\"Shop\",\"item\":\"https:\\\/\\\/www.purejewels.com\\\/shop\\\/\"},{\"@type\":\"ListItem\",\"position\":3,\"name\":\"18ct White Gold | Spiga Chain | 18 Inches | 1mm Thick\"}]},{\"@type\":\"WebSite\",\"@id\":\"https:\\\/\\\/www.purejewels.com\\\/#website\",\"url\":\"https:\\\/\\\/www.purejewels.com\\\/\",\"name\":\"PureJewels UK\",\"description\":\"Share the Love\",\"publisher\":{\"@id\":\"https:\\\/\\\/www.purejewels.com\\\/#organization\"},\"potentialAction\":[{\"@type\":\"SearchAction\",\"target\":{\"@type\":\"EntryPoint\",\"urlTemplate\":\"https:\\\/\\\/www.purejewels.com\\\/?s={search_term_string}\"},\"query-input\":{\"@type\":\"PropertyValueSpecification\",\"valueRequired\":true,\"valueName\":\"search_term_string\"}}],\"inLanguage\":\"de\"},{\"@type\":\"Organization\",\"@id\":\"https:\\\/\\\/www.purejewels.com\\\/#organization\",\"name\":\"PureJewels UK\",\"url\":\"https:\\\/\\\/www.purejewels.com\\\/\",\"logo\":{\"@type\":\"ImageObject\",\"inLanguage\":\"de\",\"@id\":\"https:\\\/\\\/www.purejewels.com\\\/#\\\/schema\\\/logo\\\/image\\\/\",\"url\":\"https:\\\/\\\/static.purejewels.com\\\/wp-content\\\/uploads\\\/2020\\\/11\\\/Logo-PJ-New-1.png\",\"contentUrl\":\"https:\\\/\\\/static.purejewels.com\\\/wp-content\\\/uploads\\\/2020\\\/11\\\/Logo-PJ-New-1.png\",\"width\":150,\"height\":80,\"caption\":\"PureJewels UK\"},\"image\":{\"@id\":\"https:\\\/\\\/www.purejewels.com\\\/#\\\/schema\\\/logo\\\/image\\\/\"}}]}<\/script>\n<!-- \/ Yoast SEO plugin. -->","yoast_head_json":{"title":"Wei\u00dfgold Spiga Ketten | Shop Designer Ketten | PureJewels UK","description":"Wei\u00dfgold Spiga Kette in 18ct | Shop neuesten Wei\u00dfgold Ketten. Perfekt f\u00fcr das t\u00e4gliche Tragen. Schnelle Lieferung &amp; problemlose R\u00fcckgabe.","robots":{"index":"index","follow":"follow","max-snippet":"max-snippet:-1","max-image-preview":"max-image-preview:large","max-video-preview":"max-video-preview:-1"},"canonical":"https:\/\/www.purejewels.com\/de\/produkt-2\/18ct-weisgold-spiga-kette-unisex-41338\/","og_locale":"de_DE","og_type":"article","og_title":"white gold spiga chains | Shop designer chains | PureJewels UK","og_description":"white gold spiga chain in 18ct | Shop latest white gold chains. Perfect for everyday wear. Fast delivery& hassle-free returns.","og_url":"https:\/\/www.purejewels.com\/de\/produkt-2\/18ct-weisgold-spiga-kette-unisex-41338\/","og_site_name":"PureJewels UK","article_modified_time":"2025-09-23T04:48:17+00:00","og_image":[{"width":1000,"height":1000,"url":"https:\/\/www.purejewels.com\/wp-content\/uploads\/2022\/01\/41338-1.jpg","type":"image\/jpeg"}],"twitter_card":"summary_large_image","twitter_misc":{"Gesch\u00e4tzte Lesezeit":"1\u00a0Minute"},"schema":{"@context":"https:\/\/schema.org","@graph":[{"@type":["WebPage","ItemPage"],"@id":"https:\/\/www.purejewels.com\/product\/18ct-white-gold-spiga-chain-unisex-41338\/","url":"https:\/\/www.purejewels.com\/product\/18ct-white-gold-spiga-chain-unisex-41338\/","name":"Wei\u00dfgold Spiga Ketten | Shop Designer Ketten | PureJewels UK","isPartOf":{"@id":"https:\/\/www.purejewels.com\/#website"},"primaryImageOfPage":{"@id":"https:\/\/www.purejewels.com\/product\/18ct-white-gold-spiga-chain-unisex-41338\/#primaryimage"},"image":{"@id":"https:\/\/www.purejewels.com\/product\/18ct-white-gold-spiga-chain-unisex-41338\/#primaryimage"},"thumbnailUrl":"https:\/\/static.purejewels.com\/wp-content\/uploads\/2022\/01\/41338-1.jpg","datePublished":"2022-01-05T06:57:59+00:00","dateModified":"2025-09-23T04:48:17+00:00","description":"Wei\u00dfgold Spiga Kette in 18ct | Shop neuesten Wei\u00dfgold Ketten. Perfekt f\u00fcr das t\u00e4gliche Tragen. Schnelle Lieferung &amp; problemlose R\u00fcckgabe.","breadcrumb":{"@id":"https:\/\/www.purejewels.com\/product\/18ct-white-gold-spiga-chain-unisex-41338\/#breadcrumb"},"inLanguage":"de","potentialAction":[{"@type":"ReadAction","target":["https:\/\/www.purejewels.com\/product\/18ct-white-gold-spiga-chain-unisex-41338\/"]}]},{"@type":"ImageObject","inLanguage":"de","@id":"https:\/\/www.purejewels.com\/product\/18ct-white-gold-spiga-chain-unisex-41338\/#primaryimage","url":"https:\/\/static.purejewels.com\/wp-content\/uploads\/2022\/01\/41338-1.jpg","contentUrl":"https:\/\/static.purejewels.com\/wp-content\/uploads\/2022\/01\/41338-1.jpg","width":1000,"height":1000,"caption":"18ct White Gold Spiga Chain | Unisex"},{"@type":"BreadcrumbList","@id":"https:\/\/www.purejewels.com\/product\/18ct-white-gold-spiga-chain-unisex-41338\/#breadcrumb","itemListElement":[{"@type":"ListItem","position":1,"name":"Home","item":"https:\/\/www.purejewels.com\/"},{"@type":"ListItem","position":2,"name":"Shop","item":"https:\/\/www.purejewels.com\/shop\/"},{"@type":"ListItem","position":3,"name":"18ct White Gold | Spiga Chain | 18 Inches | 1mm Thick"}]},{"@type":"WebSite","@id":"https:\/\/www.purejewels.com\/#website","url":"https:\/\/www.purejewels.com\/","name":"PureJewels UK","description":"Teile die Liebe","publisher":{"@id":"https:\/\/www.purejewels.com\/#organization"},"potentialAction":[{"@type":"SearchAction","target":{"@type":"EntryPoint","urlTemplate":"https:\/\/www.purejewels.com\/?s={search_term_string}"},"query-input":{"@type":"PropertyValueSpecification","valueRequired":true,"valueName":"search_term_string"}}],"inLanguage":"de"},{"@type":"Organization","@id":"https:\/\/www.purejewels.com\/#organization","name":"PureJewels UK","url":"https:\/\/www.purejewels.com\/","logo":{"@type":"ImageObject","inLanguage":"de","@id":"https:\/\/www.purejewels.com\/#\/schema\/logo\/image\/","url":"https:\/\/static.purejewels.com\/wp-content\/uploads\/2020\/11\/Logo-PJ-New-1.png","contentUrl":"https:\/\/static.purejewels.com\/wp-content\/uploads\/2020\/11\/Logo-PJ-New-1.png","width":150,"height":80,"caption":"PureJewels UK"},"image":{"@id":"https:\/\/www.purejewels.com\/#\/schema\/logo\/image\/"}}]}},"_links":{"self":[{"href":"https:\/\/www.purejewels.com\/de\/wp-json\/wp\/v2\/product\/330950","targetHints":{"allow":["GET"]}}],"collection":[{"href":"https:\/\/www.purejewels.com\/de\/wp-json\/wp\/v2\/product"}],"about":[{"href":"https:\/\/www.purejewels.com\/de\/wp-json\/wp\/v2\/types\/product"}],"replies":[{"embeddable":true,"href":"https:\/\/www.purejewels.com\/de\/wp-json\/wp\/v2\/comments?post=330950"}],"version-history":[{"count":2,"href":"https:\/\/www.purejewels.com\/de\/wp-json\/wp\/v2\/product\/330950\/revisions"}],"predecessor-version":[{"id":416410,"href":"https:\/\/www.purejewels.com\/de\/wp-json\/wp\/v2\/product\/330950\/revisions\/416410"}],"wp:featuredmedia":[{"embeddable":true,"href":"https:\/\/www.purejewels.com\/de\/wp-json\/wp\/v2\/media\/330951"}],"wp:attachment":[{"href":"https:\/\/www.purejewels.com\/de\/wp-json\/wp\/v2\/media?parent=330950"}],"wp:term":[{"taxonomy":"product_brand","embeddable":true,"href":"https:\/\/www.purejewels.com\/de\/wp-json\/wp\/v2\/product_brand?post=330950"},{"taxonomy":"product_cat","embeddable":true,"href":"https:\/\/www.purejewels.com\/de\/wp-json\/wp\/v2\/product_cat?post=330950"},{"taxonomy":"product_tag","embeddable":true,"href":"https:\/\/www.purejewels.com\/de\/wp-json\/wp\/v2\/product_tag?post=330950"}],"curies":[{"name":"wp","href":"https:\/\/api.w.org\/{rel}","templated":true}]}}