{"id":330964,"date":"2022-01-05T10:16:03","date_gmt":"2022-01-05T10:16:03","guid":{"rendered":"https:\/\/www.purejewels.com\/?post_type=product&#038;p=330964"},"modified":"2025-06-25T09:28:35","modified_gmt":"2025-06-25T08:28:35","slug":"18ct-weisgold-leichtes-gewicht-kandare-kette-unisex-41341","status":"publish","type":"product","link":"https:\/\/www.purejewels.com\/de\/product\/18ct-white-gold-light-weight-curb-chain-unisex-41341\/","title":{"rendered":"18ct Wei\u00dfgold | Curb Kette | 18 Zoll | 1,2mm dick"},"content":{"rendered":"<h3>Art<\/h3>\n<p>Nicht nur der glamour\u00f6se Glanz von luxuri\u00f6sem Wei\u00dfgold, sondern auch die Silhouette dieses dramatischen <a href=\"https:\/\/www.purejewels.com\/de\/product\/18-carat-white-gold-chain-20-inches\/\">Wei\u00dfgoldkette<\/a> f\u00fcr Frauen ist bezaubernd und hat die Macht, die Aufmerksamkeit aller mit dem verf\u00fchrerischen Charme seiner Handwerkskunst zu fesseln.<\/p>\n<h3>Gestaltung<\/h3>\n<p>Eine sinnvolle Erg\u00e4nzung f\u00fcr Ihr Schmuckk\u00e4stchen und unsere Sammlung ist dieses <a href=\"https:\/\/www.purejewels.com\/de\/product\/18ct-white-gold-diamond-ring-for-ladies-8775\/\">18 Karat Wei\u00dfgold<\/a> Die Panzerkette wird mit viel Liebe zum Detail und Design gefertigt. Jedes Glied unserer Panzerkette wird in feinster Handarbeit hergestellt, so dass jedes von ihnen unvollkommen perfekt ist, w\u00e4hrend die komplizierte Verflechtung dieser Glieder zusammen die Kette zu einem Kunstwerk macht. Die Kette ist 18 Zoll lang, 1 mm dick und wiegt 4 Gramm.<\/p>\n<h3>Stil<\/h3>\n<p>Das schlichte Design und die Vielseitigkeit des Schmuckst\u00fccks haben das Zeug dazu, sowohl bei formellen als auch bei legeren Anl\u00e4ssen zu \u00fcberzeugen. Unsere zarte Wei\u00dfgoldkette f\u00fcr M\u00e4nner und Frauen ist sehr dynamisch und verstellbar. Sie kann einzeln getragen oder mit anderen Ketten gestapelt werden. <a href=\"https:\/\/www.purejewels.com\/de\/product-category\/22ct-gold-jewellery\/gold-necklaces\/\">Halsketten<\/a> Oder Sie suchen sich einen sch\u00f6nen Anh\u00e4nger aus unserer atemberaubenden Schmuckkollektion aus, die sorgf\u00e4ltig entworfen wurde, damit Sie sich noch sch\u00f6ner f\u00fchlen, als Sie es ohnehin schon sind.<\/p>","protected":false},"excerpt":{"rendered":"<table class=\"sh_desc\">\n<tbody>\n<tr>\n<td>Art der Kette<\/td>\n<td>Bordsteinkette<\/td>\n<\/tr>\n<tr>\n<td>SKU<\/td>\n<td>41341<\/td>\n<\/tr>\n<tr>\n<td>Metall<\/td>\n<td>18ct Wei\u00dfgold<\/td>\n<\/tr>\n<tr>\n<td>Dicke<\/td>\n<td>1,2 mm<\/td>\n<\/tr>\n<tr>\n<td>L\u00e4nge<\/td>\n<td>18 Zoll<\/td>\n<\/tr>\n<tr>\n<td>Wahrzeichen<\/td>\n<td>18 Karat Wei\u00dfgold, gestempelt von London Assay Office<\/td>\n<\/tr>\n<tr>\n<td>Entgelte<\/td>\n<td>Lieferung und Mehrwertsteuer inbegriffen<\/td>\n<\/tr>\n<tr>\n<td>Verpackung<\/td>\n<td>Mit Pr\u00e4sentationsbox<\/td>\n<\/tr>\n<tr>\n<td>Mehr Informationen<\/td>\n<td>\n<ul>\n<li>Live-Chat mit uns f\u00fcr Verf\u00fcgbarkeit und mehr Bilder<\/li>\n<li>Sehen Sie sich unsere Sammlung von\u00a0<strong>Kinderketten<\/strong><\/li>\n<\/ul>\n<\/td>\n<\/tr>\n<\/tbody>\n<\/table>","protected":false},"featured_media":330966,"comment_status":"closed","ping_status":"closed","template":"","meta":{"_eb_attr":"","_crsspst_to_jayantr4sg-hostcom":false},"product_brand":[],"product_cat":[5316,5679,1794,5344,5597,5348],"product_tag":[65],"class_list":{"0":"post-330964","1":"product","2":"type-product","3":"status-publish","4":"has-post-thumbnail","6":"product_cat-18ct-white-gold-chain","7":"product_cat-18ct-gold-jewellery","8":"product_cat-christmas-gifts","9":"product_cat-jewellery-under-750","10":"product_cat-link-chain","11":"product_cat-white-gold-jewellery","12":"product_tag-chains","14":"first","15":"outofstock","16":"taxable","17":"shipping-taxable","18":"product-type-simple","19":"add-to-wishlist-before_image"},"yoast_head":"<!-- This site is optimized with the Yoast SEO plugin v27.3 - https:\/\/yoast.com\/product\/yoast-seo-wordpress\/ -->\n<title>18ct white gold Curb Chain | Designer Chains | PurejEwels UK<\/title>\n<meta name=\"description\" content=\"White Gold Curb chains in UK | 18 inch Link Chain in UK | Daily Wear unisex chains in white 18ct gold. Hurry up! Limited Stock only.\" \/>\n<meta name=\"robots\" content=\"index, follow, max-snippet:-1, max-image-preview:large, max-video-preview:-1\" \/>\n<link rel=\"canonical\" href=\"https:\/\/www.purejewels.com\/de\/produkt-2\/18ct-weisgold-leichtes-gewicht-kandare-kette-unisex-41341\/\" \/>\n<meta property=\"og:locale\" content=\"de_DE\" \/>\n<meta property=\"og:type\" content=\"article\" \/>\n<meta property=\"og:title\" content=\"18ct white gold Curb Chain | Designer Chains | PurejEwels UK\" \/>\n<meta property=\"og:description\" content=\"White Gold Curb chains in UK | 18 inch Link Chain in UK | Daily Wear unisex chains in white 18ct gold. Hurry up! Limited Stock only.\" \/>\n<meta property=\"og:url\" content=\"https:\/\/www.purejewels.com\/de\/produkt-2\/18ct-weisgold-leichtes-gewicht-kandare-kette-unisex-41341\/\" \/>\n<meta property=\"og:site_name\" content=\"PureJewels UK\" \/>\n<meta property=\"article:modified_time\" content=\"2025-06-25T08:28:35+00:00\" \/>\n<meta property=\"og:image\" content=\"https:\/\/www.purejewels.com\/wp-content\/uploads\/2022\/01\/41341-1.jpg\" \/>\n\t<meta property=\"og:image:width\" content=\"1000\" \/>\n\t<meta property=\"og:image:height\" content=\"1000\" \/>\n\t<meta property=\"og:image:type\" content=\"image\/jpeg\" \/>\n<meta name=\"twitter:card\" content=\"summary_large_image\" \/>\n<meta name=\"twitter:label1\" content=\"Gesch\u00e4tzte Lesezeit\" \/>\n\t<meta name=\"twitter:data1\" content=\"1\u00a0Minute\" \/>\n<script type=\"application\/ld+json\" class=\"yoast-schema-graph\">{\"@context\":\"https:\\\/\\\/schema.org\",\"@graph\":[{\"@type\":[\"WebPage\",\"ItemPage\"],\"@id\":\"https:\\\/\\\/www.purejewels.com\\\/product\\\/18ct-white-gold-light-weight-curb-chain-unisex-41341\\\/\",\"url\":\"https:\\\/\\\/www.purejewels.com\\\/product\\\/18ct-white-gold-light-weight-curb-chain-unisex-41341\\\/\",\"name\":\"18ct white gold Curb Chain | Designer Chains | PurejEwels UK\",\"isPartOf\":{\"@id\":\"https:\\\/\\\/www.purejewels.com\\\/#website\"},\"primaryImageOfPage\":{\"@id\":\"https:\\\/\\\/www.purejewels.com\\\/product\\\/18ct-white-gold-light-weight-curb-chain-unisex-41341\\\/#primaryimage\"},\"image\":{\"@id\":\"https:\\\/\\\/www.purejewels.com\\\/product\\\/18ct-white-gold-light-weight-curb-chain-unisex-41341\\\/#primaryimage\"},\"thumbnailUrl\":\"https:\\\/\\\/static.purejewels.com\\\/wp-content\\\/uploads\\\/2022\\\/01\\\/41341-1.jpg\",\"datePublished\":\"2022-01-05T10:16:03+00:00\",\"dateModified\":\"2025-06-25T08:28:35+00:00\",\"description\":\"White Gold Curb chains in UK | 18 inch Link Chain in UK | Daily Wear unisex chains in white 18ct gold. Hurry up! Limited Stock only.\",\"breadcrumb\":{\"@id\":\"https:\\\/\\\/www.purejewels.com\\\/product\\\/18ct-white-gold-light-weight-curb-chain-unisex-41341\\\/#breadcrumb\"},\"inLanguage\":\"de\",\"potentialAction\":[{\"@type\":\"ReadAction\",\"target\":[\"https:\\\/\\\/www.purejewels.com\\\/product\\\/18ct-white-gold-light-weight-curb-chain-unisex-41341\\\/\"]}]},{\"@type\":\"ImageObject\",\"inLanguage\":\"de\",\"@id\":\"https:\\\/\\\/www.purejewels.com\\\/product\\\/18ct-white-gold-light-weight-curb-chain-unisex-41341\\\/#primaryimage\",\"url\":\"https:\\\/\\\/static.purejewels.com\\\/wp-content\\\/uploads\\\/2022\\\/01\\\/41341-1.jpg\",\"contentUrl\":\"https:\\\/\\\/static.purejewels.com\\\/wp-content\\\/uploads\\\/2022\\\/01\\\/41341-1.jpg\",\"width\":1000,\"height\":1000,\"caption\":\"18ct White Gold Light Weight Curb Chain | Unisex\"},{\"@type\":\"BreadcrumbList\",\"@id\":\"https:\\\/\\\/www.purejewels.com\\\/product\\\/18ct-white-gold-light-weight-curb-chain-unisex-41341\\\/#breadcrumb\",\"itemListElement\":[{\"@type\":\"ListItem\",\"position\":1,\"name\":\"Home\",\"item\":\"https:\\\/\\\/www.purejewels.com\\\/\"},{\"@type\":\"ListItem\",\"position\":2,\"name\":\"Shop\",\"item\":\"https:\\\/\\\/www.purejewels.com\\\/shop\\\/\"},{\"@type\":\"ListItem\",\"position\":3,\"name\":\"18ct White Gold | Curb Chain | 18 Inches | 1.2mm Thick\"}]},{\"@type\":\"WebSite\",\"@id\":\"https:\\\/\\\/www.purejewels.com\\\/#website\",\"url\":\"https:\\\/\\\/www.purejewels.com\\\/\",\"name\":\"PureJewels UK\",\"description\":\"Share the Love\",\"publisher\":{\"@id\":\"https:\\\/\\\/www.purejewels.com\\\/#organization\"},\"potentialAction\":[{\"@type\":\"SearchAction\",\"target\":{\"@type\":\"EntryPoint\",\"urlTemplate\":\"https:\\\/\\\/www.purejewels.com\\\/?s={search_term_string}\"},\"query-input\":{\"@type\":\"PropertyValueSpecification\",\"valueRequired\":true,\"valueName\":\"search_term_string\"}}],\"inLanguage\":\"de\"},{\"@type\":\"Organization\",\"@id\":\"https:\\\/\\\/www.purejewels.com\\\/#organization\",\"name\":\"PureJewels UK\",\"url\":\"https:\\\/\\\/www.purejewels.com\\\/\",\"logo\":{\"@type\":\"ImageObject\",\"inLanguage\":\"de\",\"@id\":\"https:\\\/\\\/www.purejewels.com\\\/#\\\/schema\\\/logo\\\/image\\\/\",\"url\":\"https:\\\/\\\/static.purejewels.com\\\/wp-content\\\/uploads\\\/2020\\\/11\\\/Logo-PJ-New-1.png\",\"contentUrl\":\"https:\\\/\\\/static.purejewels.com\\\/wp-content\\\/uploads\\\/2020\\\/11\\\/Logo-PJ-New-1.png\",\"width\":150,\"height\":80,\"caption\":\"PureJewels UK\"},\"image\":{\"@id\":\"https:\\\/\\\/www.purejewels.com\\\/#\\\/schema\\\/logo\\\/image\\\/\"}}]}<\/script>\n<!-- \/ Yoast SEO plugin. -->","yoast_head_json":{"title":"18 Karat Wei\u00dfgold Curb Chain | Designer-Ketten | PurejEwels UK","description":"White Gold Curb Ketten in UK | 18 Zoll Link Chain in UK | Daily Wear unisex Ketten in wei\u00df 18ct Gold. Beeilen Sie sich! Nur begrenzter Vorrat.","robots":{"index":"index","follow":"follow","max-snippet":"max-snippet:-1","max-image-preview":"max-image-preview:large","max-video-preview":"max-video-preview:-1"},"canonical":"https:\/\/www.purejewels.com\/de\/produkt-2\/18ct-weisgold-leichtes-gewicht-kandare-kette-unisex-41341\/","og_locale":"de_DE","og_type":"article","og_title":"18ct white gold Curb Chain | Designer Chains | PurejEwels UK","og_description":"White Gold Curb chains in UK | 18 inch Link Chain in UK | Daily Wear unisex chains in white 18ct gold. Hurry up! Limited Stock only.","og_url":"https:\/\/www.purejewels.com\/de\/produkt-2\/18ct-weisgold-leichtes-gewicht-kandare-kette-unisex-41341\/","og_site_name":"PureJewels UK","article_modified_time":"2025-06-25T08:28:35+00:00","og_image":[{"width":1000,"height":1000,"url":"https:\/\/www.purejewels.com\/wp-content\/uploads\/2022\/01\/41341-1.jpg","type":"image\/jpeg"}],"twitter_card":"summary_large_image","twitter_misc":{"Gesch\u00e4tzte Lesezeit":"1\u00a0Minute"},"schema":{"@context":"https:\/\/schema.org","@graph":[{"@type":["WebPage","ItemPage"],"@id":"https:\/\/www.purejewels.com\/product\/18ct-white-gold-light-weight-curb-chain-unisex-41341\/","url":"https:\/\/www.purejewels.com\/product\/18ct-white-gold-light-weight-curb-chain-unisex-41341\/","name":"18 Karat Wei\u00dfgold Curb Chain | Designer-Ketten | PurejEwels UK","isPartOf":{"@id":"https:\/\/www.purejewels.com\/#website"},"primaryImageOfPage":{"@id":"https:\/\/www.purejewels.com\/product\/18ct-white-gold-light-weight-curb-chain-unisex-41341\/#primaryimage"},"image":{"@id":"https:\/\/www.purejewels.com\/product\/18ct-white-gold-light-weight-curb-chain-unisex-41341\/#primaryimage"},"thumbnailUrl":"https:\/\/static.purejewels.com\/wp-content\/uploads\/2022\/01\/41341-1.jpg","datePublished":"2022-01-05T10:16:03+00:00","dateModified":"2025-06-25T08:28:35+00:00","description":"White Gold Curb Ketten in UK | 18 Zoll Link Chain in UK | Daily Wear unisex Ketten in wei\u00df 18ct Gold. Beeilen Sie sich! Nur begrenzter Vorrat.","breadcrumb":{"@id":"https:\/\/www.purejewels.com\/product\/18ct-white-gold-light-weight-curb-chain-unisex-41341\/#breadcrumb"},"inLanguage":"de","potentialAction":[{"@type":"ReadAction","target":["https:\/\/www.purejewels.com\/product\/18ct-white-gold-light-weight-curb-chain-unisex-41341\/"]}]},{"@type":"ImageObject","inLanguage":"de","@id":"https:\/\/www.purejewels.com\/product\/18ct-white-gold-light-weight-curb-chain-unisex-41341\/#primaryimage","url":"https:\/\/static.purejewels.com\/wp-content\/uploads\/2022\/01\/41341-1.jpg","contentUrl":"https:\/\/static.purejewels.com\/wp-content\/uploads\/2022\/01\/41341-1.jpg","width":1000,"height":1000,"caption":"18ct White Gold Light Weight Curb Chain | Unisex"},{"@type":"BreadcrumbList","@id":"https:\/\/www.purejewels.com\/product\/18ct-white-gold-light-weight-curb-chain-unisex-41341\/#breadcrumb","itemListElement":[{"@type":"ListItem","position":1,"name":"Home","item":"https:\/\/www.purejewels.com\/"},{"@type":"ListItem","position":2,"name":"Shop","item":"https:\/\/www.purejewels.com\/shop\/"},{"@type":"ListItem","position":3,"name":"18ct White Gold | Curb Chain | 18 Inches | 1.2mm Thick"}]},{"@type":"WebSite","@id":"https:\/\/www.purejewels.com\/#website","url":"https:\/\/www.purejewels.com\/","name":"PureJewels UK","description":"Teile die Liebe","publisher":{"@id":"https:\/\/www.purejewels.com\/#organization"},"potentialAction":[{"@type":"SearchAction","target":{"@type":"EntryPoint","urlTemplate":"https:\/\/www.purejewels.com\/?s={search_term_string}"},"query-input":{"@type":"PropertyValueSpecification","valueRequired":true,"valueName":"search_term_string"}}],"inLanguage":"de"},{"@type":"Organization","@id":"https:\/\/www.purejewels.com\/#organization","name":"PureJewels UK","url":"https:\/\/www.purejewels.com\/","logo":{"@type":"ImageObject","inLanguage":"de","@id":"https:\/\/www.purejewels.com\/#\/schema\/logo\/image\/","url":"https:\/\/static.purejewels.com\/wp-content\/uploads\/2020\/11\/Logo-PJ-New-1.png","contentUrl":"https:\/\/static.purejewels.com\/wp-content\/uploads\/2020\/11\/Logo-PJ-New-1.png","width":150,"height":80,"caption":"PureJewels UK"},"image":{"@id":"https:\/\/www.purejewels.com\/#\/schema\/logo\/image\/"}}]}},"_links":{"self":[{"href":"https:\/\/www.purejewels.com\/de\/wp-json\/wp\/v2\/product\/330964","targetHints":{"allow":["GET"]}}],"collection":[{"href":"https:\/\/www.purejewels.com\/de\/wp-json\/wp\/v2\/product"}],"about":[{"href":"https:\/\/www.purejewels.com\/de\/wp-json\/wp\/v2\/types\/product"}],"replies":[{"embeddable":true,"href":"https:\/\/www.purejewels.com\/de\/wp-json\/wp\/v2\/comments?post=330964"}],"version-history":[{"count":2,"href":"https:\/\/www.purejewels.com\/de\/wp-json\/wp\/v2\/product\/330964\/revisions"}],"predecessor-version":[{"id":402397,"href":"https:\/\/www.purejewels.com\/de\/wp-json\/wp\/v2\/product\/330964\/revisions\/402397"}],"wp:featuredmedia":[{"embeddable":true,"href":"https:\/\/www.purejewels.com\/de\/wp-json\/wp\/v2\/media\/330966"}],"wp:attachment":[{"href":"https:\/\/www.purejewels.com\/de\/wp-json\/wp\/v2\/media?parent=330964"}],"wp:term":[{"taxonomy":"product_brand","embeddable":true,"href":"https:\/\/www.purejewels.com\/de\/wp-json\/wp\/v2\/product_brand?post=330964"},{"taxonomy":"product_cat","embeddable":true,"href":"https:\/\/www.purejewels.com\/de\/wp-json\/wp\/v2\/product_cat?post=330964"},{"taxonomy":"product_tag","embeddable":true,"href":"https:\/\/www.purejewels.com\/de\/wp-json\/wp\/v2\/product_tag?post=330964"}],"curies":[{"name":"wp","href":"https:\/\/api.w.org\/{rel}","templated":true}]}}