{"id":330969,"date":"2022-01-05T10:24:59","date_gmt":"2022-01-05T10:24:59","guid":{"rendered":"https:\/\/www.purejewels.com\/?post_type=product&#038;p=330969"},"modified":"2024-09-13T05:08:37","modified_gmt":"2024-09-13T04:08:37","slug":"18ct-weisgold-kabelkette-unisex-41342","status":"publish","type":"product","link":"https:\/\/www.purejewels.com\/de\/product\/18ct-white-gold-cable-chain-unisex-41342\/","title":{"rendered":"18ct Wei\u00dfgold | Kabelkette | 18 Zoll | 0,8mm dick"},"content":{"rendered":"<h3>Inspiration<\/h3>\n<p>Oft werden Elemente aus unserer Umgebung zu gro\u00dfartigen Inspirationsquellen. Diese besondere <a href=\"https:\/\/www.purejewels.com\/de\/product\/18-carat-white-gold-chain-20-inches\/\">18 Karat Wei\u00dfgold<\/a> Die Halskette wurde in Anlehnung an die rohen und sich wiederholenden Silhouetten entworfen, die wir \u00fcberall sehen. <a href=\"https:\/\/www.purejewels.com\/de\/product-category\/22ct-gold-jewellery\/gold-chains\/\">Ketten<\/a> gibt es heute in einer Vielzahl von Stilen und Designs, und hier bei Purejewels haben wir viele Optionen, die von Ihnen ausgew\u00e4hlt und gestaltet werden k\u00f6nnen.<\/p>\n<h3>Gestaltung<\/h3>\n<p>Diese <a href=\"https:\/\/www.purejewels.com\/de\/product\/18ct-white-gold-diamond-ring-for-ladies-8775\/\">18 Karat Wei\u00dfgold<\/a> Die Kabelkette ist von Anfang an von Hand gefertigt und wiegt 3 g. Diese schicke Kabelkette wurde so gefertigt, dass sie f\u00fcr jeden, der ein Auge darauf wirft, gewagt aussieht. Jedes Element wurde in Handarbeit gefertigt und so miteinander verbunden, dass die Kette wie ein Kabel aussieht. Die Verarbeitung und die hochwertige Beschaffenheit der Kette verleihen ihr eine erdige, aber luxuri\u00f6se Ausstrahlung.<\/p>\n<h3>Stil<\/h3>\n<p>Stylen Sie sie zu Ihren traditionellen Kurtas, setzen Sie ein Statement, indem Sie sie mit Ihren Hemden kombinieren, oder legen Sie sie an besonderen Tagen mit anderen Ketten aus unserer Kollektion zusammen. Diese herrlich schlichte und dennoch detailreiche Kabelkette kann auch mit einer Vielzahl von wundersch\u00f6nen Anh\u00e4ngern aus unserer Kollektion gestylt werden und wird mit Sicherheit die Aufmerksamkeit aller Anwesenden auf sich ziehen.<\/p>\n<p>Dar\u00fcber hinaus ist sie durch ihr Design vielseitig einsetzbar und kann von allen unabh\u00e4ngig von ihrem Geschlecht getragen werden.<\/p>","protected":false},"excerpt":{"rendered":"<table class=\"sh_desc\">\n<tbody>\n<tr>\n<td>Typ der Kette<\/td>\n<td>Kabelkette<\/td>\n<\/tr>\n<tr>\n<td>SKU<\/td>\n<td>41342<\/td>\n<\/tr>\n<tr>\n<td>Gewicht<\/td>\n<td>\u00a03 Gramm<\/td>\n<\/tr>\n<tr>\n<td>Metall<\/td>\n<td>18ct Wei\u00dfgold<\/td>\n<\/tr>\n<tr>\n<td>Dicke<\/td>\n<td>0,8 mm<\/td>\n<\/tr>\n<tr>\n<td>L\u00e4nge<\/td>\n<td>18 Zoll<\/td>\n<\/tr>\n<tr>\n<td>Wahrzeichen<\/td>\n<td>18 Karat Wei\u00dfgold, gestempelt von London Assay Office<\/td>\n<\/tr>\n<tr>\n<td>Entgelte<\/td>\n<td>Lieferung und Mehrwertsteuer inbegriffen<\/td>\n<\/tr>\n<tr>\n<td>Verpackung<\/td>\n<td>Mit Pr\u00e4sentationsbox<\/td>\n<\/tr>\n<tr>\n<td>Mehr Informationen<\/td>\n<td>Live-Chat mit uns f\u00fcr Verf\u00fcgbarkeit und mehr Bilder<\/td>\n<\/tr>\n<\/tbody>\n<\/table>","protected":false},"featured_media":330970,"comment_status":"closed","ping_status":"closed","template":"","meta":{"_eb_attr":"","_crsspst_to_jayantr4sg-hostcom":false},"product_brand":[],"product_cat":[5014,5017,5021,5316,5344,1772,1773,1774,5348],"product_tag":[65],"class_list":{"0":"post-330969","1":"product","2":"type-product","3":"status-publish","4":"has-post-thumbnail","6":"product_cat-18-inch-ladies-chain","7":"product_cat-18-inch-mens-chain","8":"product_cat-18-inch-kids-chain","9":"product_cat-18ct-white-gold-chain","10":"product_cat-jewellery-under-750","11":"product_cat-kids-chains","12":"product_cat-ladies-chains","13":"product_cat-mens-chains","14":"product_cat-white-gold-jewellery","15":"product_tag-chains","17":"first","18":"outofstock","19":"taxable","20":"shipping-taxable","21":"product-type-simple","22":"add-to-wishlist-before_image"},"yoast_head":"<!-- This site is optimized with the Yoast SEO plugin v27.3 - https:\/\/yoast.com\/product\/yoast-seo-wordpress\/ -->\n<title>Cable chain in UK | 18ct White Gold chain | Purejewels UK<\/title>\n<meta name=\"description\" content=\"18ct White Gold Jewelry in UK. Shop the latest collection of gold chains in the UK. Buy 18 inch white gold chain. Free delivery &amp; easy returns.\" \/>\n<meta name=\"robots\" content=\"index, follow, max-snippet:-1, max-image-preview:large, max-video-preview:-1\" \/>\n<link rel=\"canonical\" href=\"https:\/\/www.purejewels.com\/de\/produkt-2\/18ct-weisgold-kabelkette-unisex-41342\/\" \/>\n<meta property=\"og:locale\" content=\"de_DE\" \/>\n<meta property=\"og:type\" content=\"article\" \/>\n<meta property=\"og:title\" content=\"Cable chain in UK | 18ct White Gold chain | Purejewels UK\" \/>\n<meta property=\"og:description\" content=\"18ct White Gold Jewelry in UK. Shop the latest collection of gold chains in the UK. Buy 18 inch white gold chain. Free delivery &amp; easy returns.\" \/>\n<meta property=\"og:url\" content=\"https:\/\/www.purejewels.com\/de\/produkt-2\/18ct-weisgold-kabelkette-unisex-41342\/\" \/>\n<meta property=\"og:site_name\" content=\"PureJewels UK\" \/>\n<meta property=\"article:modified_time\" content=\"2024-09-13T04:08:37+00:00\" \/>\n<meta property=\"og:image\" content=\"https:\/\/www.purejewels.com\/wp-content\/uploads\/2022\/01\/41342-1.jpg\" \/>\n\t<meta property=\"og:image:width\" content=\"1000\" \/>\n\t<meta property=\"og:image:height\" content=\"1000\" \/>\n\t<meta property=\"og:image:type\" content=\"image\/jpeg\" \/>\n<meta name=\"twitter:card\" content=\"summary_large_image\" \/>\n<meta name=\"twitter:label1\" content=\"Gesch\u00e4tzte Lesezeit\" \/>\n\t<meta name=\"twitter:data1\" content=\"1\u00a0Minute\" \/>\n<script type=\"application\/ld+json\" class=\"yoast-schema-graph\">{\"@context\":\"https:\\\/\\\/schema.org\",\"@graph\":[{\"@type\":[\"WebPage\",\"ItemPage\"],\"@id\":\"https:\\\/\\\/www.purejewels.com\\\/product\\\/18ct-white-gold-cable-chain-unisex-41342\\\/\",\"url\":\"https:\\\/\\\/www.purejewels.com\\\/product\\\/18ct-white-gold-cable-chain-unisex-41342\\\/\",\"name\":\"Cable chain in UK | 18ct White Gold chain | Purejewels UK\",\"isPartOf\":{\"@id\":\"https:\\\/\\\/www.purejewels.com\\\/#website\"},\"primaryImageOfPage\":{\"@id\":\"https:\\\/\\\/www.purejewels.com\\\/product\\\/18ct-white-gold-cable-chain-unisex-41342\\\/#primaryimage\"},\"image\":{\"@id\":\"https:\\\/\\\/www.purejewels.com\\\/product\\\/18ct-white-gold-cable-chain-unisex-41342\\\/#primaryimage\"},\"thumbnailUrl\":\"https:\\\/\\\/static.purejewels.com\\\/wp-content\\\/uploads\\\/2022\\\/01\\\/41342-1.jpg\",\"datePublished\":\"2022-01-05T10:24:59+00:00\",\"dateModified\":\"2024-09-13T04:08:37+00:00\",\"description\":\"18ct White Gold Jewelry in UK. Shop the latest collection of gold chains in the UK. Buy 18 inch white gold chain. Free delivery & easy returns.\",\"breadcrumb\":{\"@id\":\"https:\\\/\\\/www.purejewels.com\\\/product\\\/18ct-white-gold-cable-chain-unisex-41342\\\/#breadcrumb\"},\"inLanguage\":\"de\",\"potentialAction\":[{\"@type\":\"ReadAction\",\"target\":[\"https:\\\/\\\/www.purejewels.com\\\/product\\\/18ct-white-gold-cable-chain-unisex-41342\\\/\"]}]},{\"@type\":\"ImageObject\",\"inLanguage\":\"de\",\"@id\":\"https:\\\/\\\/www.purejewels.com\\\/product\\\/18ct-white-gold-cable-chain-unisex-41342\\\/#primaryimage\",\"url\":\"https:\\\/\\\/static.purejewels.com\\\/wp-content\\\/uploads\\\/2022\\\/01\\\/41342-1.jpg\",\"contentUrl\":\"https:\\\/\\\/static.purejewels.com\\\/wp-content\\\/uploads\\\/2022\\\/01\\\/41342-1.jpg\",\"width\":1000,\"height\":1000,\"caption\":\"18ct White Gold Cable Chain | Unisex\"},{\"@type\":\"BreadcrumbList\",\"@id\":\"https:\\\/\\\/www.purejewels.com\\\/product\\\/18ct-white-gold-cable-chain-unisex-41342\\\/#breadcrumb\",\"itemListElement\":[{\"@type\":\"ListItem\",\"position\":1,\"name\":\"Home\",\"item\":\"https:\\\/\\\/www.purejewels.com\\\/\"},{\"@type\":\"ListItem\",\"position\":2,\"name\":\"Shop\",\"item\":\"https:\\\/\\\/www.purejewels.com\\\/shop\\\/\"},{\"@type\":\"ListItem\",\"position\":3,\"name\":\"18ct White Gold | Cable Chain | 18 Inches | 0.8mm Thick\"}]},{\"@type\":\"WebSite\",\"@id\":\"https:\\\/\\\/www.purejewels.com\\\/#website\",\"url\":\"https:\\\/\\\/www.purejewels.com\\\/\",\"name\":\"PureJewels UK\",\"description\":\"Share the Love\",\"publisher\":{\"@id\":\"https:\\\/\\\/www.purejewels.com\\\/#organization\"},\"potentialAction\":[{\"@type\":\"SearchAction\",\"target\":{\"@type\":\"EntryPoint\",\"urlTemplate\":\"https:\\\/\\\/www.purejewels.com\\\/?s={search_term_string}\"},\"query-input\":{\"@type\":\"PropertyValueSpecification\",\"valueRequired\":true,\"valueName\":\"search_term_string\"}}],\"inLanguage\":\"de\"},{\"@type\":\"Organization\",\"@id\":\"https:\\\/\\\/www.purejewels.com\\\/#organization\",\"name\":\"PureJewels UK\",\"url\":\"https:\\\/\\\/www.purejewels.com\\\/\",\"logo\":{\"@type\":\"ImageObject\",\"inLanguage\":\"de\",\"@id\":\"https:\\\/\\\/www.purejewels.com\\\/#\\\/schema\\\/logo\\\/image\\\/\",\"url\":\"https:\\\/\\\/static.purejewels.com\\\/wp-content\\\/uploads\\\/2020\\\/11\\\/Logo-PJ-New-1.png\",\"contentUrl\":\"https:\\\/\\\/static.purejewels.com\\\/wp-content\\\/uploads\\\/2020\\\/11\\\/Logo-PJ-New-1.png\",\"width\":150,\"height\":80,\"caption\":\"PureJewels UK\"},\"image\":{\"@id\":\"https:\\\/\\\/www.purejewels.com\\\/#\\\/schema\\\/logo\\\/image\\\/\"}}]}<\/script>\n<!-- \/ Yoast SEO plugin. -->","yoast_head_json":{"title":"Kabelkette in UK | 18ct White Gold Kette | Purejewels UK","description":"18ct White Gold Schmuck in UK. Kaufen Sie die neueste Kollektion von Goldketten in Gro\u00dfbritannien. Kaufen Sie eine 18-Zoll-Wei\u00dfgoldkette. Kostenlose Lieferung &amp; einfache R\u00fcckgabe.","robots":{"index":"index","follow":"follow","max-snippet":"max-snippet:-1","max-image-preview":"max-image-preview:large","max-video-preview":"max-video-preview:-1"},"canonical":"https:\/\/www.purejewels.com\/de\/produkt-2\/18ct-weisgold-kabelkette-unisex-41342\/","og_locale":"de_DE","og_type":"article","og_title":"Cable chain in UK | 18ct White Gold chain | Purejewels UK","og_description":"18ct White Gold Jewelry in UK. Shop the latest collection of gold chains in the UK. Buy 18 inch white gold chain. Free delivery & easy returns.","og_url":"https:\/\/www.purejewels.com\/de\/produkt-2\/18ct-weisgold-kabelkette-unisex-41342\/","og_site_name":"PureJewels UK","article_modified_time":"2024-09-13T04:08:37+00:00","og_image":[{"width":1000,"height":1000,"url":"https:\/\/www.purejewels.com\/wp-content\/uploads\/2022\/01\/41342-1.jpg","type":"image\/jpeg"}],"twitter_card":"summary_large_image","twitter_misc":{"Gesch\u00e4tzte Lesezeit":"1\u00a0Minute"},"schema":{"@context":"https:\/\/schema.org","@graph":[{"@type":["WebPage","ItemPage"],"@id":"https:\/\/www.purejewels.com\/product\/18ct-white-gold-cable-chain-unisex-41342\/","url":"https:\/\/www.purejewels.com\/product\/18ct-white-gold-cable-chain-unisex-41342\/","name":"Kabelkette in UK | 18ct White Gold Kette | Purejewels UK","isPartOf":{"@id":"https:\/\/www.purejewels.com\/#website"},"primaryImageOfPage":{"@id":"https:\/\/www.purejewels.com\/product\/18ct-white-gold-cable-chain-unisex-41342\/#primaryimage"},"image":{"@id":"https:\/\/www.purejewels.com\/product\/18ct-white-gold-cable-chain-unisex-41342\/#primaryimage"},"thumbnailUrl":"https:\/\/static.purejewels.com\/wp-content\/uploads\/2022\/01\/41342-1.jpg","datePublished":"2022-01-05T10:24:59+00:00","dateModified":"2024-09-13T04:08:37+00:00","description":"18ct White Gold Schmuck in UK. Kaufen Sie die neueste Kollektion von Goldketten in Gro\u00dfbritannien. Kaufen Sie eine 18-Zoll-Wei\u00dfgoldkette. Kostenlose Lieferung &amp; einfache R\u00fcckgabe.","breadcrumb":{"@id":"https:\/\/www.purejewels.com\/product\/18ct-white-gold-cable-chain-unisex-41342\/#breadcrumb"},"inLanguage":"de","potentialAction":[{"@type":"ReadAction","target":["https:\/\/www.purejewels.com\/product\/18ct-white-gold-cable-chain-unisex-41342\/"]}]},{"@type":"ImageObject","inLanguage":"de","@id":"https:\/\/www.purejewels.com\/product\/18ct-white-gold-cable-chain-unisex-41342\/#primaryimage","url":"https:\/\/static.purejewels.com\/wp-content\/uploads\/2022\/01\/41342-1.jpg","contentUrl":"https:\/\/static.purejewels.com\/wp-content\/uploads\/2022\/01\/41342-1.jpg","width":1000,"height":1000,"caption":"18ct White Gold Cable Chain | Unisex"},{"@type":"BreadcrumbList","@id":"https:\/\/www.purejewels.com\/product\/18ct-white-gold-cable-chain-unisex-41342\/#breadcrumb","itemListElement":[{"@type":"ListItem","position":1,"name":"Home","item":"https:\/\/www.purejewels.com\/"},{"@type":"ListItem","position":2,"name":"Shop","item":"https:\/\/www.purejewels.com\/shop\/"},{"@type":"ListItem","position":3,"name":"18ct White Gold | Cable Chain | 18 Inches | 0.8mm Thick"}]},{"@type":"WebSite","@id":"https:\/\/www.purejewels.com\/#website","url":"https:\/\/www.purejewels.com\/","name":"PureJewels UK","description":"Teile die Liebe","publisher":{"@id":"https:\/\/www.purejewels.com\/#organization"},"potentialAction":[{"@type":"SearchAction","target":{"@type":"EntryPoint","urlTemplate":"https:\/\/www.purejewels.com\/?s={search_term_string}"},"query-input":{"@type":"PropertyValueSpecification","valueRequired":true,"valueName":"search_term_string"}}],"inLanguage":"de"},{"@type":"Organization","@id":"https:\/\/www.purejewels.com\/#organization","name":"PureJewels UK","url":"https:\/\/www.purejewels.com\/","logo":{"@type":"ImageObject","inLanguage":"de","@id":"https:\/\/www.purejewels.com\/#\/schema\/logo\/image\/","url":"https:\/\/static.purejewels.com\/wp-content\/uploads\/2020\/11\/Logo-PJ-New-1.png","contentUrl":"https:\/\/static.purejewels.com\/wp-content\/uploads\/2020\/11\/Logo-PJ-New-1.png","width":150,"height":80,"caption":"PureJewels UK"},"image":{"@id":"https:\/\/www.purejewels.com\/#\/schema\/logo\/image\/"}}]}},"_links":{"self":[{"href":"https:\/\/www.purejewels.com\/de\/wp-json\/wp\/v2\/product\/330969","targetHints":{"allow":["GET"]}}],"collection":[{"href":"https:\/\/www.purejewels.com\/de\/wp-json\/wp\/v2\/product"}],"about":[{"href":"https:\/\/www.purejewels.com\/de\/wp-json\/wp\/v2\/types\/product"}],"replies":[{"embeddable":true,"href":"https:\/\/www.purejewels.com\/de\/wp-json\/wp\/v2\/comments?post=330969"}],"version-history":[{"count":1,"href":"https:\/\/www.purejewels.com\/de\/wp-json\/wp\/v2\/product\/330969\/revisions"}],"predecessor-version":[{"id":371902,"href":"https:\/\/www.purejewels.com\/de\/wp-json\/wp\/v2\/product\/330969\/revisions\/371902"}],"wp:featuredmedia":[{"embeddable":true,"href":"https:\/\/www.purejewels.com\/de\/wp-json\/wp\/v2\/media\/330970"}],"wp:attachment":[{"href":"https:\/\/www.purejewels.com\/de\/wp-json\/wp\/v2\/media?parent=330969"}],"wp:term":[{"taxonomy":"product_brand","embeddable":true,"href":"https:\/\/www.purejewels.com\/de\/wp-json\/wp\/v2\/product_brand?post=330969"},{"taxonomy":"product_cat","embeddable":true,"href":"https:\/\/www.purejewels.com\/de\/wp-json\/wp\/v2\/product_cat?post=330969"},{"taxonomy":"product_tag","embeddable":true,"href":"https:\/\/www.purejewels.com\/de\/wp-json\/wp\/v2\/product_tag?post=330969"}],"curies":[{"name":"wp","href":"https:\/\/api.w.org\/{rel}","templated":true}]}}