{"id":330973,"date":"2022-01-05T10:36:17","date_gmt":"2022-01-05T10:36:17","guid":{"rendered":"https:\/\/www.purejewels.com\/?post_type=product&#038;p=330973"},"modified":"2025-06-25T09:28:01","modified_gmt":"2025-06-25T08:28:01","slug":"18-karat-weisgold-gliederkette-unisex","status":"publish","type":"product","link":"https:\/\/www.purejewels.com\/de\/product\/18ct-white-gold-link-chain-unisex\/","title":{"rendered":"18ct Wei\u00dfgold | Gliederkette | 18 Zoll | 0,8mm dick"},"content":{"rendered":"<h3>Moment<\/h3>\n<p>Wenn Ihnen die Geschenkideen ausgehen oder Sie sp\u00e4t dran sind und dennoch etwas Elegantes, Pers\u00f6nliches und Besonderes verschenken m\u00f6chten, dann ist dies \"das perfekte Etwas\". Die elegante Kette ist gro\u00dfz\u00fcgig im Preis und wurde wundersch\u00f6n verarbeitet, um ein perfektes Geschenk f\u00fcr Sie und Ihre Lieben zu sein.<\/p>\n<h3>Gestaltung<\/h3>\n<p>Diese subtile und doch auff\u00e4llige Verbindung <strong>Kette<\/strong> w\u00e4re wirklich eine sinnvolle Erg\u00e4nzung f\u00fcr Ihr Schmuckk\u00e4stchen, so wie es eine wundersch\u00f6ne Erg\u00e4nzung f\u00fcr unseres ist. Unser <a href=\"https:\/\/www.purejewels.com\/de\/product\/18-carat-white-gold-chain-20-inches\/\">18 Karat Wei\u00dfgold<\/a> Halskette Kette ist mit gr\u00f6\u00dfter Liebe zum Detail &amp; Design gefertigt. Diese Sch\u00f6nheit ist 18 Zoll lang und hat eine Dicke von 0,8 mm. Jedes Glied unserer Wei\u00dfgold <a href=\"https:\/\/www.purejewels.com\/de\/product\/18ct-white-gold-link-chain-46414\/\">Gliederkette<\/a> wird in feinster Handarbeit hergestellt, so dass jedes einzelne Glied einzigartig perfekt ist. Die komplizierte Verflechtung dieser Glieder macht diese zarte indische Kette zu einem Kunstwerk.<\/p>\n<h3>Stil<\/h3>\n<p>Unser zartes <strong>Kette aus 18K Wei\u00dfgold<\/strong> ist super dynamisch und anpassungsf\u00e4hig, es kann unabh\u00e4ngig oder zusammen mit anderen getragen werden <a href=\"https:\/\/www.purejewels.com\/de\/product-category\/22ct-gold-jewellery\/gold-necklaces\/\">Halsketten<\/a> Oder Sie suchen sich einen sch\u00f6nen Anh\u00e4nger aus unserer atemberaubenden Schmuckkollektion aus, die sorgf\u00e4ltig entworfen wurde, damit Sie sich noch sch\u00f6ner f\u00fchlen, als Sie es ohnehin schon sind.<\/p>","protected":false},"excerpt":{"rendered":"<table class=\"sh_desc\" style=\"width: 100%; height: 280px;\">\n<tbody>\n<tr style=\"height: 28px;\">\n<td style=\"height: 28px;\">Typ der Kette<\/td>\n<td style=\"height: 28px;\">Gliederkette<\/td>\n<\/tr>\n<tr style=\"height: 28px;\">\n<td style=\"height: 28px;\">SKU<\/td>\n<td style=\"height: 28px;\">41325<\/td>\n<\/tr>\n<tr style=\"height: 28px;\">\n<td style=\"height: 28px;\">Metall<\/td>\n<td style=\"height: 28px;\">18ct Wei\u00dfgold<\/td>\n<\/tr>\n<tr style=\"height: 28px;\">\n<td style=\"height: 28px;\">Dicke<\/td>\n<td style=\"height: 28px;\">0,8 mm<\/td>\n<\/tr>\n<tr style=\"height: 28px;\">\n<td style=\"height: 28px;\">L\u00e4nge<\/td>\n<td style=\"height: 28px;\">18 Zoll<\/td>\n<\/tr>\n<tr style=\"height: 28px;\">\n<td style=\"height: 28px;\">Wahrzeichen<\/td>\n<td style=\"height: 28px;\">18 Karat Wei\u00dfgold, gestempelt von London Assay Office<\/td>\n<\/tr>\n<tr style=\"height: 28px;\">\n<td style=\"height: 28px;\">Entgelte<\/td>\n<td style=\"height: 28px;\">Lieferung und Mehrwertsteuer inbegriffen<\/td>\n<\/tr>\n<tr style=\"height: 28px;\">\n<td style=\"height: 28px;\">Verpackung<\/td>\n<td style=\"height: 28px;\">Mit Pr\u00e4sentationsbox<\/td>\n<\/tr>\n<tr style=\"height: 28px;\">\n<td style=\"height: 28px;\">Mehr Informationen<\/td>\n<td style=\"height: 28px;\">\n<ul>\n<li>Live-Chat mit uns f\u00fcr Verf\u00fcgbarkeit und mehr Bilder<\/li>\n<li>Entdecken Sie unsere M\u00e4nnerkette<\/li>\n<\/ul>\n<\/td>\n<\/tr>\n<\/tbody>\n<\/table>","protected":false},"featured_media":330974,"comment_status":"closed","ping_status":"closed","template":"","meta":{"_eb_attr":"","_crsspst_to_jayantr4sg-hostcom":false},"product_brand":[],"product_cat":[5316,5679,1794,5344,1772,5597,1569,5348],"product_tag":[65],"class_list":{"0":"post-330973","1":"product","2":"type-product","3":"status-publish","4":"has-post-thumbnail","6":"product_cat-18ct-white-gold-chain","7":"product_cat-18ct-gold-jewellery","8":"product_cat-christmas-gifts","9":"product_cat-jewellery-under-750","10":"product_cat-kids-chains","11":"product_cat-link-chain","12":"product_cat-valentine-day-gifts","13":"product_cat-white-gold-jewellery","14":"product_tag-chains","16":"first","17":"outofstock","18":"taxable","19":"shipping-taxable","20":"product-type-simple","21":"add-to-wishlist-before_image"},"yoast_head":"<!-- This site is optimized with the Yoast SEO plugin v27.3 - https:\/\/yoast.com\/product\/yoast-seo-wordpress\/ -->\n<title>18ct white gold Link Chain | Designer Chains | PurejEwels UK<\/title>\n<meta name=\"description\" content=\"white gold link chains in UK | 18 inch Link Chain in UK | Dailywear unisex chains in white 18ct gold. Hurry up! Limited Stock only.\" \/>\n<meta name=\"robots\" content=\"index, follow, max-snippet:-1, max-image-preview:large, max-video-preview:-1\" \/>\n<link rel=\"canonical\" href=\"https:\/\/www.purejewels.com\/de\/produkt-2\/18-karat-weisgold-gliederkette-unisex\/\" \/>\n<meta property=\"og:locale\" content=\"de_DE\" \/>\n<meta property=\"og:type\" content=\"article\" \/>\n<meta property=\"og:title\" content=\"18ct white gold Link Chain | Designer Chains | PurejEwels UK\" \/>\n<meta property=\"og:description\" content=\"white gold link chains in UK | 18 inch Link Chain in UK | Dailywear unisex chains in white 18ct gold. Hurry up! Limited Stock only.\" \/>\n<meta property=\"og:url\" content=\"https:\/\/www.purejewels.com\/de\/produkt-2\/18-karat-weisgold-gliederkette-unisex\/\" \/>\n<meta property=\"og:site_name\" content=\"PureJewels UK\" \/>\n<meta property=\"article:modified_time\" content=\"2025-06-25T08:28:01+00:00\" \/>\n<meta property=\"og:image\" content=\"https:\/\/www.purejewels.com\/wp-content\/uploads\/2022\/01\/41325-1.jpg\" \/>\n\t<meta property=\"og:image:width\" content=\"1000\" \/>\n\t<meta property=\"og:image:height\" content=\"1000\" \/>\n\t<meta property=\"og:image:type\" content=\"image\/jpeg\" \/>\n<meta name=\"twitter:card\" content=\"summary_large_image\" \/>\n<meta name=\"twitter:label1\" content=\"Gesch\u00e4tzte Lesezeit\" \/>\n\t<meta name=\"twitter:data1\" content=\"1\u00a0Minute\" \/>\n<script type=\"application\/ld+json\" class=\"yoast-schema-graph\">{\"@context\":\"https:\\\/\\\/schema.org\",\"@graph\":[{\"@type\":[\"WebPage\",\"ItemPage\"],\"@id\":\"https:\\\/\\\/www.purejewels.com\\\/product\\\/18ct-white-gold-link-chain-unisex\\\/\",\"url\":\"https:\\\/\\\/www.purejewels.com\\\/product\\\/18ct-white-gold-link-chain-unisex\\\/\",\"name\":\"18ct white gold Link Chain | Designer Chains | PurejEwels UK\",\"isPartOf\":{\"@id\":\"https:\\\/\\\/www.purejewels.com\\\/#website\"},\"primaryImageOfPage\":{\"@id\":\"https:\\\/\\\/www.purejewels.com\\\/product\\\/18ct-white-gold-link-chain-unisex\\\/#primaryimage\"},\"image\":{\"@id\":\"https:\\\/\\\/www.purejewels.com\\\/product\\\/18ct-white-gold-link-chain-unisex\\\/#primaryimage\"},\"thumbnailUrl\":\"https:\\\/\\\/static.purejewels.com\\\/wp-content\\\/uploads\\\/2022\\\/01\\\/41325-1.jpg\",\"datePublished\":\"2022-01-05T10:36:17+00:00\",\"dateModified\":\"2025-06-25T08:28:01+00:00\",\"description\":\"white gold link chains in UK | 18 inch Link Chain in UK | Dailywear unisex chains in white 18ct gold. Hurry up! Limited Stock only.\",\"breadcrumb\":{\"@id\":\"https:\\\/\\\/www.purejewels.com\\\/product\\\/18ct-white-gold-link-chain-unisex\\\/#breadcrumb\"},\"inLanguage\":\"de\",\"potentialAction\":[{\"@type\":\"ReadAction\",\"target\":[\"https:\\\/\\\/www.purejewels.com\\\/product\\\/18ct-white-gold-link-chain-unisex\\\/\"]}]},{\"@type\":\"ImageObject\",\"inLanguage\":\"de\",\"@id\":\"https:\\\/\\\/www.purejewels.com\\\/product\\\/18ct-white-gold-link-chain-unisex\\\/#primaryimage\",\"url\":\"https:\\\/\\\/static.purejewels.com\\\/wp-content\\\/uploads\\\/2022\\\/01\\\/41325-1.jpg\",\"contentUrl\":\"https:\\\/\\\/static.purejewels.com\\\/wp-content\\\/uploads\\\/2022\\\/01\\\/41325-1.jpg\",\"width\":1000,\"height\":1000,\"caption\":\"18ct White Gold Link Chain | Unisex\"},{\"@type\":\"BreadcrumbList\",\"@id\":\"https:\\\/\\\/www.purejewels.com\\\/product\\\/18ct-white-gold-link-chain-unisex\\\/#breadcrumb\",\"itemListElement\":[{\"@type\":\"ListItem\",\"position\":1,\"name\":\"Home\",\"item\":\"https:\\\/\\\/www.purejewels.com\\\/\"},{\"@type\":\"ListItem\",\"position\":2,\"name\":\"Shop\",\"item\":\"https:\\\/\\\/www.purejewels.com\\\/shop\\\/\"},{\"@type\":\"ListItem\",\"position\":3,\"name\":\"18ct White Gold | Link Chain | 18 Inches | 0.8mm Thick\"}]},{\"@type\":\"WebSite\",\"@id\":\"https:\\\/\\\/www.purejewels.com\\\/#website\",\"url\":\"https:\\\/\\\/www.purejewels.com\\\/\",\"name\":\"PureJewels UK\",\"description\":\"Share the Love\",\"publisher\":{\"@id\":\"https:\\\/\\\/www.purejewels.com\\\/#organization\"},\"potentialAction\":[{\"@type\":\"SearchAction\",\"target\":{\"@type\":\"EntryPoint\",\"urlTemplate\":\"https:\\\/\\\/www.purejewels.com\\\/?s={search_term_string}\"},\"query-input\":{\"@type\":\"PropertyValueSpecification\",\"valueRequired\":true,\"valueName\":\"search_term_string\"}}],\"inLanguage\":\"de\"},{\"@type\":\"Organization\",\"@id\":\"https:\\\/\\\/www.purejewels.com\\\/#organization\",\"name\":\"PureJewels UK\",\"url\":\"https:\\\/\\\/www.purejewels.com\\\/\",\"logo\":{\"@type\":\"ImageObject\",\"inLanguage\":\"de\",\"@id\":\"https:\\\/\\\/www.purejewels.com\\\/#\\\/schema\\\/logo\\\/image\\\/\",\"url\":\"https:\\\/\\\/static.purejewels.com\\\/wp-content\\\/uploads\\\/2020\\\/11\\\/Logo-PJ-New-1.png\",\"contentUrl\":\"https:\\\/\\\/static.purejewels.com\\\/wp-content\\\/uploads\\\/2020\\\/11\\\/Logo-PJ-New-1.png\",\"width\":150,\"height\":80,\"caption\":\"PureJewels UK\"},\"image\":{\"@id\":\"https:\\\/\\\/www.purejewels.com\\\/#\\\/schema\\\/logo\\\/image\\\/\"}}]}<\/script>\n<!-- \/ Yoast SEO plugin. -->","yoast_head_json":{"title":"18 Karat Wei\u00dfgold Gliederkette | Designer-Ketten | PurejEwels UK","description":"Wei\u00dfgold-Gliederketten in UK | 18 Zoll Gliederkette in UK | Dailywear Unisex-Ketten in Wei\u00df 18ct Gold. Beeilen Sie sich! Nur begrenzter Vorrat.","robots":{"index":"index","follow":"follow","max-snippet":"max-snippet:-1","max-image-preview":"max-image-preview:large","max-video-preview":"max-video-preview:-1"},"canonical":"https:\/\/www.purejewels.com\/de\/produkt-2\/18-karat-weisgold-gliederkette-unisex\/","og_locale":"de_DE","og_type":"article","og_title":"18ct white gold Link Chain | Designer Chains | PurejEwels UK","og_description":"white gold link chains in UK | 18 inch Link Chain in UK | Dailywear unisex chains in white 18ct gold. Hurry up! Limited Stock only.","og_url":"https:\/\/www.purejewels.com\/de\/produkt-2\/18-karat-weisgold-gliederkette-unisex\/","og_site_name":"PureJewels UK","article_modified_time":"2025-06-25T08:28:01+00:00","og_image":[{"width":1000,"height":1000,"url":"https:\/\/www.purejewels.com\/wp-content\/uploads\/2022\/01\/41325-1.jpg","type":"image\/jpeg"}],"twitter_card":"summary_large_image","twitter_misc":{"Gesch\u00e4tzte Lesezeit":"1\u00a0Minute"},"schema":{"@context":"https:\/\/schema.org","@graph":[{"@type":["WebPage","ItemPage"],"@id":"https:\/\/www.purejewels.com\/product\/18ct-white-gold-link-chain-unisex\/","url":"https:\/\/www.purejewels.com\/product\/18ct-white-gold-link-chain-unisex\/","name":"18 Karat Wei\u00dfgold Gliederkette | Designer-Ketten | PurejEwels UK","isPartOf":{"@id":"https:\/\/www.purejewels.com\/#website"},"primaryImageOfPage":{"@id":"https:\/\/www.purejewels.com\/product\/18ct-white-gold-link-chain-unisex\/#primaryimage"},"image":{"@id":"https:\/\/www.purejewels.com\/product\/18ct-white-gold-link-chain-unisex\/#primaryimage"},"thumbnailUrl":"https:\/\/static.purejewels.com\/wp-content\/uploads\/2022\/01\/41325-1.jpg","datePublished":"2022-01-05T10:36:17+00:00","dateModified":"2025-06-25T08:28:01+00:00","description":"Wei\u00dfgold-Gliederketten in UK | 18 Zoll Gliederkette in UK | Dailywear Unisex-Ketten in Wei\u00df 18ct Gold. Beeilen Sie sich! Nur begrenzter Vorrat.","breadcrumb":{"@id":"https:\/\/www.purejewels.com\/product\/18ct-white-gold-link-chain-unisex\/#breadcrumb"},"inLanguage":"de","potentialAction":[{"@type":"ReadAction","target":["https:\/\/www.purejewels.com\/product\/18ct-white-gold-link-chain-unisex\/"]}]},{"@type":"ImageObject","inLanguage":"de","@id":"https:\/\/www.purejewels.com\/product\/18ct-white-gold-link-chain-unisex\/#primaryimage","url":"https:\/\/static.purejewels.com\/wp-content\/uploads\/2022\/01\/41325-1.jpg","contentUrl":"https:\/\/static.purejewels.com\/wp-content\/uploads\/2022\/01\/41325-1.jpg","width":1000,"height":1000,"caption":"18ct White Gold Link Chain | Unisex"},{"@type":"BreadcrumbList","@id":"https:\/\/www.purejewels.com\/product\/18ct-white-gold-link-chain-unisex\/#breadcrumb","itemListElement":[{"@type":"ListItem","position":1,"name":"Home","item":"https:\/\/www.purejewels.com\/"},{"@type":"ListItem","position":2,"name":"Shop","item":"https:\/\/www.purejewels.com\/shop\/"},{"@type":"ListItem","position":3,"name":"18ct White Gold | Link Chain | 18 Inches | 0.8mm Thick"}]},{"@type":"WebSite","@id":"https:\/\/www.purejewels.com\/#website","url":"https:\/\/www.purejewels.com\/","name":"PureJewels UK","description":"Teile die Liebe","publisher":{"@id":"https:\/\/www.purejewels.com\/#organization"},"potentialAction":[{"@type":"SearchAction","target":{"@type":"EntryPoint","urlTemplate":"https:\/\/www.purejewels.com\/?s={search_term_string}"},"query-input":{"@type":"PropertyValueSpecification","valueRequired":true,"valueName":"search_term_string"}}],"inLanguage":"de"},{"@type":"Organization","@id":"https:\/\/www.purejewels.com\/#organization","name":"PureJewels UK","url":"https:\/\/www.purejewels.com\/","logo":{"@type":"ImageObject","inLanguage":"de","@id":"https:\/\/www.purejewels.com\/#\/schema\/logo\/image\/","url":"https:\/\/static.purejewels.com\/wp-content\/uploads\/2020\/11\/Logo-PJ-New-1.png","contentUrl":"https:\/\/static.purejewels.com\/wp-content\/uploads\/2020\/11\/Logo-PJ-New-1.png","width":150,"height":80,"caption":"PureJewels UK"},"image":{"@id":"https:\/\/www.purejewels.com\/#\/schema\/logo\/image\/"}}]}},"_links":{"self":[{"href":"https:\/\/www.purejewels.com\/de\/wp-json\/wp\/v2\/product\/330973","targetHints":{"allow":["GET"]}}],"collection":[{"href":"https:\/\/www.purejewels.com\/de\/wp-json\/wp\/v2\/product"}],"about":[{"href":"https:\/\/www.purejewels.com\/de\/wp-json\/wp\/v2\/types\/product"}],"replies":[{"embeddable":true,"href":"https:\/\/www.purejewels.com\/de\/wp-json\/wp\/v2\/comments?post=330973"}],"version-history":[{"count":2,"href":"https:\/\/www.purejewels.com\/de\/wp-json\/wp\/v2\/product\/330973\/revisions"}],"predecessor-version":[{"id":402396,"href":"https:\/\/www.purejewels.com\/de\/wp-json\/wp\/v2\/product\/330973\/revisions\/402396"}],"wp:featuredmedia":[{"embeddable":true,"href":"https:\/\/www.purejewels.com\/de\/wp-json\/wp\/v2\/media\/330974"}],"wp:attachment":[{"href":"https:\/\/www.purejewels.com\/de\/wp-json\/wp\/v2\/media?parent=330973"}],"wp:term":[{"taxonomy":"product_brand","embeddable":true,"href":"https:\/\/www.purejewels.com\/de\/wp-json\/wp\/v2\/product_brand?post=330973"},{"taxonomy":"product_cat","embeddable":true,"href":"https:\/\/www.purejewels.com\/de\/wp-json\/wp\/v2\/product_cat?post=330973"},{"taxonomy":"product_tag","embeddable":true,"href":"https:\/\/www.purejewels.com\/de\/wp-json\/wp\/v2\/product_tag?post=330973"}],"curies":[{"name":"wp","href":"https:\/\/api.w.org\/{rel}","templated":true}]}}