{"id":330980,"date":"2022-01-05T10:57:32","date_gmt":"2022-01-05T10:57:32","guid":{"rendered":"https:\/\/www.purejewels.com\/?post_type=product&#038;p=330980"},"modified":"2024-09-13T05:06:54","modified_gmt":"2024-09-13T04:06:54","slug":"18-karat-weisgold-gliederkette-unisex-41327","status":"publish","type":"product","link":"https:\/\/www.purejewels.com\/de\/product\/18-carat-white-gold-link-chain-unisex-41327\/","title":{"rendered":"18ct Wei\u00dfgold | Gliederkette | 18 Zoll | 0,9mm dick"},"content":{"rendered":"<h3 style=\"text-align: left;\">Moment<\/h3>\n<p style=\"text-align: left;\">Wenn Ihnen die Geschenkideen ausgehen oder Sie sp\u00e4t dran sind und dennoch etwas Elegantes, Pers\u00f6nliches und Besonderes verschenken m\u00f6chten, dann ist dies \"das perfekte Etwas\". Die elegante <strong>Kette<\/strong> ist gro\u00dfz\u00fcgig bemessen und wundersch\u00f6n gestaltet, um ein perfektes Geschenk f\u00fcr Sie und Ihre Liebsten zu sein.<\/p>\n<h3 style=\"text-align: left;\">Gestaltung<\/h3>\n<p style=\"text-align: left;\">Diese subtile und doch auff\u00e4llige <a href=\"https:\/\/www.purejewels.com\/de\/product\/18ct-white-gold-link-chain-46414\/\">Gliederkette<\/a> w\u00e4re wirklich eine sinnvolle Erg\u00e4nzung f\u00fcr Ihr Schmuckk\u00e4stchen, so wie es eine wundersch\u00f6ne Erg\u00e4nzung f\u00fcr unseres ist. Diese <strong>18ct <a href=\"https:\/\/www.purejewels.com\/de\/product\/18-carat-white-gold-chain-20-inches\/\">Wei\u00dfgoldkette<\/a><\/strong> wird mit viel Liebe zum Detail und Design gefertigt. Diese Sch\u00f6nheit ist 18 Zoll lang. Jedes Glied unserer wei\u00dfen <a href=\"https:\/\/www.purejewels.com\/de\/product-category\/22ct-gold-jewellery\/gold-chains\/link-chain\/\">Goldgliederkette<\/a> wird in feinster Handarbeit hergestellt, so dass jedes einzelne Glied einzigartig perfekt ist. Die komplizierte Verflechtung dieser Glieder macht diese zarte indische Kette zu einem Kunstwerk.<\/p>\n<h3 style=\"text-align: left;\">Stil<\/h3>\n<p style=\"text-align: left;\">Unsere zarte Kette aus 18 Karat Wei\u00dfgold ist super dynamisch und verstellbar, sie kann unabh\u00e4ngig getragen oder mit anderen Ketten gestapelt werden. <strong>Halsketten<\/strong> Oder Sie suchen sich einen sch\u00f6nen Anh\u00e4nger aus unserer atemberaubenden Schmuckkollektion aus, die sorgf\u00e4ltig entworfen wurde, damit Sie sich noch sch\u00f6ner f\u00fchlen, als Sie es ohnehin schon sind.<\/p>","protected":false},"excerpt":{"rendered":"<table class=\"sh_desc\">\n<tbody>\n<tr>\n<td>Typ der Kette<\/td>\n<td>Gliederkette<\/td>\n<\/tr>\n<tr>\n<td>SKU<\/td>\n<td>41327<\/td>\n<\/tr>\n<tr>\n<td>Gewicht<\/td>\n<td>4.3 Gms<\/td>\n<\/tr>\n<tr>\n<td>Metall<\/td>\n<td>18ct Wei\u00dfgold<\/td>\n<\/tr>\n<tr>\n<td>Dicke<\/td>\n<td>0,9 mm<\/td>\n<\/tr>\n<tr>\n<td>L\u00e4nge<\/td>\n<td>18 Zoll<\/td>\n<\/tr>\n<tr>\n<td>Wahrzeichen<\/td>\n<td>18 Karat Wei\u00dfgold, gestempelt von London Assay Office<\/td>\n<\/tr>\n<tr>\n<td>Entgelte<\/td>\n<td>Lieferung und Mehrwertsteuer inbegriffen<\/td>\n<\/tr>\n<tr>\n<td>Verpackung<\/td>\n<td>Mit Pr\u00e4sentationsbox<\/td>\n<\/tr>\n<tr>\n<td>Mehr Informationen<\/td>\n<td>Live-Chat mit uns f\u00fcr Verf\u00fcgbarkeit und mehr Bilder<\/td>\n<\/tr>\n<\/tbody>\n<\/table>","protected":false},"featured_media":330981,"comment_status":"closed","ping_status":"closed","template":"","meta":{"_eb_attr":"","_crsspst_to_jayantr4sg-hostcom":false},"product_brand":[],"product_cat":[5017,5014,5316,1773,1774,5348],"product_tag":[65],"class_list":{"0":"post-330980","1":"product","2":"type-product","3":"status-publish","4":"has-post-thumbnail","6":"product_cat-18-inch-mens-chain","7":"product_cat-18-inch-ladies-chain","8":"product_cat-18ct-white-gold-chain","9":"product_cat-ladies-chains","10":"product_cat-mens-chains","11":"product_cat-white-gold-jewellery","12":"product_tag-chains","14":"first","15":"outofstock","16":"taxable","17":"shipping-taxable","18":"product-type-simple","19":"add-to-wishlist-before_image"},"yoast_head":"<!-- This site is optimized with the Yoast SEO plugin v27.3 - https:\/\/yoast.com\/product\/yoast-seo-wordpress\/ -->\n<title>18ct white gold chains | Shop classic chains PureJewels UK<\/title>\n<meta name=\"description\" content=\"Reasonable White Gold Chains in UK | shop 18-inch white gold link chain in UK | Unisex Chains | Fast delivery &amp; Easy Returns.\" \/>\n<meta name=\"robots\" content=\"index, follow, max-snippet:-1, max-image-preview:large, max-video-preview:-1\" \/>\n<link rel=\"canonical\" href=\"https:\/\/www.purejewels.com\/de\/produkt-2\/18-karat-weisgold-gliederkette-unisex-41327\/\" \/>\n<meta property=\"og:locale\" content=\"de_DE\" \/>\n<meta property=\"og:type\" content=\"article\" \/>\n<meta property=\"og:title\" content=\"18ct white gold chains | Shop classic chains PureJewels UK\" \/>\n<meta property=\"og:description\" content=\"Reasonable White Gold Chains in UK | shop 18-inch white gold link chain in UK | Unisex Chains | Fast delivery &amp; Easy Returns.\" \/>\n<meta property=\"og:url\" content=\"https:\/\/www.purejewels.com\/de\/produkt-2\/18-karat-weisgold-gliederkette-unisex-41327\/\" \/>\n<meta property=\"og:site_name\" content=\"PureJewels UK\" \/>\n<meta property=\"article:modified_time\" content=\"2024-09-13T04:06:54+00:00\" \/>\n<meta property=\"og:image\" content=\"https:\/\/www.purejewels.com\/wp-content\/uploads\/2022\/01\/41327-1.jpg\" \/>\n\t<meta property=\"og:image:width\" content=\"1000\" \/>\n\t<meta property=\"og:image:height\" content=\"1000\" \/>\n\t<meta property=\"og:image:type\" content=\"image\/jpeg\" \/>\n<meta name=\"twitter:card\" content=\"summary_large_image\" \/>\n<meta name=\"twitter:label1\" content=\"Gesch\u00e4tzte Lesezeit\" \/>\n\t<meta name=\"twitter:data1\" content=\"1\u00a0Minute\" \/>\n<script type=\"application\/ld+json\" class=\"yoast-schema-graph\">{\"@context\":\"https:\\\/\\\/schema.org\",\"@graph\":[{\"@type\":[\"WebPage\",\"ItemPage\"],\"@id\":\"https:\\\/\\\/www.purejewels.com\\\/product\\\/18-carat-white-gold-link-chain-unisex-41327\\\/\",\"url\":\"https:\\\/\\\/www.purejewels.com\\\/product\\\/18-carat-white-gold-link-chain-unisex-41327\\\/\",\"name\":\"18ct white gold chains | Shop classic chains PureJewels UK\",\"isPartOf\":{\"@id\":\"https:\\\/\\\/www.purejewels.com\\\/#website\"},\"primaryImageOfPage\":{\"@id\":\"https:\\\/\\\/www.purejewels.com\\\/product\\\/18-carat-white-gold-link-chain-unisex-41327\\\/#primaryimage\"},\"image\":{\"@id\":\"https:\\\/\\\/www.purejewels.com\\\/product\\\/18-carat-white-gold-link-chain-unisex-41327\\\/#primaryimage\"},\"thumbnailUrl\":\"https:\\\/\\\/static.purejewels.com\\\/wp-content\\\/uploads\\\/2022\\\/01\\\/41327-1.jpg\",\"datePublished\":\"2022-01-05T10:57:32+00:00\",\"dateModified\":\"2024-09-13T04:06:54+00:00\",\"description\":\"Reasonable White Gold Chains in UK | shop 18-inch white gold link chain in UK | Unisex Chains | Fast delivery & Easy Returns.\",\"breadcrumb\":{\"@id\":\"https:\\\/\\\/www.purejewels.com\\\/product\\\/18-carat-white-gold-link-chain-unisex-41327\\\/#breadcrumb\"},\"inLanguage\":\"de\",\"potentialAction\":[{\"@type\":\"ReadAction\",\"target\":[\"https:\\\/\\\/www.purejewels.com\\\/product\\\/18-carat-white-gold-link-chain-unisex-41327\\\/\"]}]},{\"@type\":\"ImageObject\",\"inLanguage\":\"de\",\"@id\":\"https:\\\/\\\/www.purejewels.com\\\/product\\\/18-carat-white-gold-link-chain-unisex-41327\\\/#primaryimage\",\"url\":\"https:\\\/\\\/static.purejewels.com\\\/wp-content\\\/uploads\\\/2022\\\/01\\\/41327-1.jpg\",\"contentUrl\":\"https:\\\/\\\/static.purejewels.com\\\/wp-content\\\/uploads\\\/2022\\\/01\\\/41327-1.jpg\",\"width\":1000,\"height\":1000,\"caption\":\"18 Carat White Gold Link Chain | Unisex\"},{\"@type\":\"BreadcrumbList\",\"@id\":\"https:\\\/\\\/www.purejewels.com\\\/product\\\/18-carat-white-gold-link-chain-unisex-41327\\\/#breadcrumb\",\"itemListElement\":[{\"@type\":\"ListItem\",\"position\":1,\"name\":\"Home\",\"item\":\"https:\\\/\\\/www.purejewels.com\\\/\"},{\"@type\":\"ListItem\",\"position\":2,\"name\":\"Shop\",\"item\":\"https:\\\/\\\/www.purejewels.com\\\/shop\\\/\"},{\"@type\":\"ListItem\",\"position\":3,\"name\":\"18ct White Gold | Link Chain | 18 Inches | 0.9mm Thick\"}]},{\"@type\":\"WebSite\",\"@id\":\"https:\\\/\\\/www.purejewels.com\\\/#website\",\"url\":\"https:\\\/\\\/www.purejewels.com\\\/\",\"name\":\"PureJewels UK\",\"description\":\"Share the Love\",\"publisher\":{\"@id\":\"https:\\\/\\\/www.purejewels.com\\\/#organization\"},\"potentialAction\":[{\"@type\":\"SearchAction\",\"target\":{\"@type\":\"EntryPoint\",\"urlTemplate\":\"https:\\\/\\\/www.purejewels.com\\\/?s={search_term_string}\"},\"query-input\":{\"@type\":\"PropertyValueSpecification\",\"valueRequired\":true,\"valueName\":\"search_term_string\"}}],\"inLanguage\":\"de\"},{\"@type\":\"Organization\",\"@id\":\"https:\\\/\\\/www.purejewels.com\\\/#organization\",\"name\":\"PureJewels UK\",\"url\":\"https:\\\/\\\/www.purejewels.com\\\/\",\"logo\":{\"@type\":\"ImageObject\",\"inLanguage\":\"de\",\"@id\":\"https:\\\/\\\/www.purejewels.com\\\/#\\\/schema\\\/logo\\\/image\\\/\",\"url\":\"https:\\\/\\\/static.purejewels.com\\\/wp-content\\\/uploads\\\/2020\\\/11\\\/Logo-PJ-New-1.png\",\"contentUrl\":\"https:\\\/\\\/static.purejewels.com\\\/wp-content\\\/uploads\\\/2020\\\/11\\\/Logo-PJ-New-1.png\",\"width\":150,\"height\":80,\"caption\":\"PureJewels UK\"},\"image\":{\"@id\":\"https:\\\/\\\/www.purejewels.com\\\/#\\\/schema\\\/logo\\\/image\\\/\"}}]}<\/script>\n<!-- \/ Yoast SEO plugin. -->","yoast_head_json":{"title":"18ct Wei\u00dfgold Ketten | Shop klassische Ketten PureJewels UK","description":"G\u00fcnstige Wei\u00dfgold-Ketten in Gro\u00dfbritannien | Shop 18-Zoll-Wei\u00dfgold-Gliederkette in Gro\u00dfbritannien | Unisex-Ketten | Schnelle Lieferung &amp; einfache R\u00fcckgabe.","robots":{"index":"index","follow":"follow","max-snippet":"max-snippet:-1","max-image-preview":"max-image-preview:large","max-video-preview":"max-video-preview:-1"},"canonical":"https:\/\/www.purejewels.com\/de\/produkt-2\/18-karat-weisgold-gliederkette-unisex-41327\/","og_locale":"de_DE","og_type":"article","og_title":"18ct white gold chains | Shop classic chains PureJewels UK","og_description":"Reasonable White Gold Chains in UK | shop 18-inch white gold link chain in UK | Unisex Chains | Fast delivery & Easy Returns.","og_url":"https:\/\/www.purejewels.com\/de\/produkt-2\/18-karat-weisgold-gliederkette-unisex-41327\/","og_site_name":"PureJewels UK","article_modified_time":"2024-09-13T04:06:54+00:00","og_image":[{"width":1000,"height":1000,"url":"https:\/\/www.purejewels.com\/wp-content\/uploads\/2022\/01\/41327-1.jpg","type":"image\/jpeg"}],"twitter_card":"summary_large_image","twitter_misc":{"Gesch\u00e4tzte Lesezeit":"1\u00a0Minute"},"schema":{"@context":"https:\/\/schema.org","@graph":[{"@type":["WebPage","ItemPage"],"@id":"https:\/\/www.purejewels.com\/product\/18-carat-white-gold-link-chain-unisex-41327\/","url":"https:\/\/www.purejewels.com\/product\/18-carat-white-gold-link-chain-unisex-41327\/","name":"18ct Wei\u00dfgold Ketten | Shop klassische Ketten PureJewels UK","isPartOf":{"@id":"https:\/\/www.purejewels.com\/#website"},"primaryImageOfPage":{"@id":"https:\/\/www.purejewels.com\/product\/18-carat-white-gold-link-chain-unisex-41327\/#primaryimage"},"image":{"@id":"https:\/\/www.purejewels.com\/product\/18-carat-white-gold-link-chain-unisex-41327\/#primaryimage"},"thumbnailUrl":"https:\/\/static.purejewels.com\/wp-content\/uploads\/2022\/01\/41327-1.jpg","datePublished":"2022-01-05T10:57:32+00:00","dateModified":"2024-09-13T04:06:54+00:00","description":"G\u00fcnstige Wei\u00dfgold-Ketten in Gro\u00dfbritannien | Shop 18-Zoll-Wei\u00dfgold-Gliederkette in Gro\u00dfbritannien | Unisex-Ketten | Schnelle Lieferung &amp; einfache R\u00fcckgabe.","breadcrumb":{"@id":"https:\/\/www.purejewels.com\/product\/18-carat-white-gold-link-chain-unisex-41327\/#breadcrumb"},"inLanguage":"de","potentialAction":[{"@type":"ReadAction","target":["https:\/\/www.purejewels.com\/product\/18-carat-white-gold-link-chain-unisex-41327\/"]}]},{"@type":"ImageObject","inLanguage":"de","@id":"https:\/\/www.purejewels.com\/product\/18-carat-white-gold-link-chain-unisex-41327\/#primaryimage","url":"https:\/\/static.purejewels.com\/wp-content\/uploads\/2022\/01\/41327-1.jpg","contentUrl":"https:\/\/static.purejewels.com\/wp-content\/uploads\/2022\/01\/41327-1.jpg","width":1000,"height":1000,"caption":"18 Carat White Gold Link Chain | Unisex"},{"@type":"BreadcrumbList","@id":"https:\/\/www.purejewels.com\/product\/18-carat-white-gold-link-chain-unisex-41327\/#breadcrumb","itemListElement":[{"@type":"ListItem","position":1,"name":"Home","item":"https:\/\/www.purejewels.com\/"},{"@type":"ListItem","position":2,"name":"Shop","item":"https:\/\/www.purejewels.com\/shop\/"},{"@type":"ListItem","position":3,"name":"18ct White Gold | Link Chain | 18 Inches | 0.9mm Thick"}]},{"@type":"WebSite","@id":"https:\/\/www.purejewels.com\/#website","url":"https:\/\/www.purejewels.com\/","name":"PureJewels UK","description":"Teile die Liebe","publisher":{"@id":"https:\/\/www.purejewels.com\/#organization"},"potentialAction":[{"@type":"SearchAction","target":{"@type":"EntryPoint","urlTemplate":"https:\/\/www.purejewels.com\/?s={search_term_string}"},"query-input":{"@type":"PropertyValueSpecification","valueRequired":true,"valueName":"search_term_string"}}],"inLanguage":"de"},{"@type":"Organization","@id":"https:\/\/www.purejewels.com\/#organization","name":"PureJewels UK","url":"https:\/\/www.purejewels.com\/","logo":{"@type":"ImageObject","inLanguage":"de","@id":"https:\/\/www.purejewels.com\/#\/schema\/logo\/image\/","url":"https:\/\/static.purejewels.com\/wp-content\/uploads\/2020\/11\/Logo-PJ-New-1.png","contentUrl":"https:\/\/static.purejewels.com\/wp-content\/uploads\/2020\/11\/Logo-PJ-New-1.png","width":150,"height":80,"caption":"PureJewels UK"},"image":{"@id":"https:\/\/www.purejewels.com\/#\/schema\/logo\/image\/"}}]}},"_links":{"self":[{"href":"https:\/\/www.purejewels.com\/de\/wp-json\/wp\/v2\/product\/330980","targetHints":{"allow":["GET"]}}],"collection":[{"href":"https:\/\/www.purejewels.com\/de\/wp-json\/wp\/v2\/product"}],"about":[{"href":"https:\/\/www.purejewels.com\/de\/wp-json\/wp\/v2\/types\/product"}],"replies":[{"embeddable":true,"href":"https:\/\/www.purejewels.com\/de\/wp-json\/wp\/v2\/comments?post=330980"}],"version-history":[{"count":1,"href":"https:\/\/www.purejewels.com\/de\/wp-json\/wp\/v2\/product\/330980\/revisions"}],"predecessor-version":[{"id":371901,"href":"https:\/\/www.purejewels.com\/de\/wp-json\/wp\/v2\/product\/330980\/revisions\/371901"}],"wp:featuredmedia":[{"embeddable":true,"href":"https:\/\/www.purejewels.com\/de\/wp-json\/wp\/v2\/media\/330981"}],"wp:attachment":[{"href":"https:\/\/www.purejewels.com\/de\/wp-json\/wp\/v2\/media?parent=330980"}],"wp:term":[{"taxonomy":"product_brand","embeddable":true,"href":"https:\/\/www.purejewels.com\/de\/wp-json\/wp\/v2\/product_brand?post=330980"},{"taxonomy":"product_cat","embeddable":true,"href":"https:\/\/www.purejewels.com\/de\/wp-json\/wp\/v2\/product_cat?post=330980"},{"taxonomy":"product_tag","embeddable":true,"href":"https:\/\/www.purejewels.com\/de\/wp-json\/wp\/v2\/product_tag?post=330980"}],"curies":[{"name":"wp","href":"https:\/\/api.w.org\/{rel}","templated":true}]}}