{"id":330995,"date":"2022-01-05T11:27:28","date_gmt":"2022-01-05T11:27:28","guid":{"rendered":"https:\/\/www.purejewels.com\/?post_type=product&#038;p=330995"},"modified":"2026-03-05T13:03:24","modified_gmt":"2026-03-05T13:03:24","slug":"rosetten-22karatige-goldkette-48087","status":"publish","type":"product","link":"https:\/\/www.purejewels.com\/de\/product\/rosettes-22carat-gold-chain-48087\/","title":{"rendered":"Rosetten 22kar\u00e4tige Goldkette | 5mm | 20,5 Zentimeter"},"content":{"rendered":"<h2>Inspiration<\/h2>\n<p>Man muss nicht immer zu viel Schmuck tragen, um aufzufallen. Manchmal wirkt ein leichtes, minimalistisches Styling mit Schmuck und Accessoires wahre Wunder, finden Sie nicht auch? A <strong>goldene Phantasiekette<\/strong> braucht keinen Anh\u00e4nger oder gar andere <a href=\"https:\/\/www.purejewels.com\/de\/product-category\/22ct-gold-jewellery\/gold-chains\/\">Ketten<\/a> zum Mitstapeln, weil es ein k\u00fchnes und doch zartes Design hat, das f\u00fcr sich allein stehen kann und nichts anderes braucht.<\/p>\n<h2>Gestaltung<\/h2>\n<p>Diese <a href=\"https:\/\/www.purejewels.com\/de\/produkt-kategorie\/22-karatiger-goldschmuck\/goldketten\/\">Indische Goldkette<\/a> von Purejewels ist ein Teil der <strong>Kollektion Rosetten<\/strong>Es sieht k\u00fchn aus und jedes Mal, wenn es getragen wird, erweist es sich als ein Statement und f\u00e4llt wundersch\u00f6n um Ihren Hals. Das Design dieser <strong>edle Kette<\/strong> wurde von unserem Expertenteam aus Designern und Karigars mit viel Bedacht zum Leben erweckt. Unser <strong>22K Gelbgold Halskette<\/strong> ist eine perfekte Mischung aus verschiedenen Arten von Verbindungselementen, die auf wunderbare Weise miteinander verwoben sind und eine perfekte Harmonie bilden.<\/p>\n<h2>Stil<\/h2>\n<p>Kombinieren Sie es mit sch\u00f6nen <strong>22K Gold-Anh\u00e4nger<\/strong> Sie k\u00f6nnen sie auch mit anderen Ketten aus unserer Kollektion kombinieren, um eine sch\u00f6ne Silhouette zu kreieren. Stylen Sie sie l\u00e4ssig zu Western, Kurtas oder Saris an Festtagen oder kombinieren Sie sie mit <strong>traditionell schwer <a href=\"https:\/\/www.purejewels.com\/de\/product-category\/22ct-gold-jewellery\/gold-necklaces\/\">Halsketten<\/a><\/strong> bei Anl\u00e4ssen, w\u00e4hrend Sie sich sch\u00f6n in Ihrem traditionellen Kleid kleiden. Sie k\u00f6nnten mehr erkunden <strong><a href=\"https:\/\/www.purejewels.com\/de\/produkt-kategorie\/22-karatiger-goldschmuck\/goldketten\/\">Indische Goldkette<\/a> Entw\u00fcrfe<\/strong> f\u00fcr M\u00e4nner und Frauen auf unserer Website, bevor Sie Ihre Wahl treffen.<\/p>","protected":false},"excerpt":{"rendered":"<ul>\n<li>22ct Gold Kette aus der Rosetten Kollektion<\/li>\n<li>Wt. 18 gms<\/li>\n<li>L\u00e4nge: 20,5\u2033 Zoll<\/li>\n<li>SKU 48087<\/li>\n<li>Ausf\u00fchrung: Antike Mattierung<\/li>\n<li>Alle Preise inklusive Mehrwertsteuer<\/li>\n<li>22ct Gold gestempelt von London Assay Office<\/li>\n<li>Mit Pr\u00e4sentationsbox<\/li>\n<li>Lieferung inbegriffen<\/li>\n<li>Live-Chat mit uns f\u00fcr die Verf\u00fcgbarkeit und mehr Bilder von \u00e4hnlichen Designs derzeit auf Lager<\/li>\n<\/ul>","protected":false},"featured_media":365609,"comment_status":"closed","ping_status":"closed","template":"","meta":{"_eb_attr":"","_crsspst_to_jayantr4sg-hostcom":false},"product_brand":[],"product_cat":[1791,1559,6049,1475,1229,1656,5275,1574,5349],"product_tag":[],"class_list":{"0":"post-330995","1":"product","2":"type-product","3":"status-publish","4":"has-post-thumbnail","6":"product_cat-anniversary-gifts","7":"product_cat-birthday-gifts","8":"product_cat-fancy-chain","9":"product_cat-gold-chains","10":"product_cat-22ct-gold-jewellery","11":"product_cat-rosettes-collections","12":"product_cat-rosettes-necklace","13":"product_cat-womens-jewellery","14":"product_cat-yellow-gold-jewellery","16":"first","17":"instock","18":"taxable","19":"shipping-taxable","20":"purchasable","21":"product-type-simple","22":"add-to-wishlist-before_image"},"yoast_head":"<!-- This site is optimized with the Yoast SEO plugin v27.3 - https:\/\/yoast.com\/product\/yoast-seo-wordpress\/ -->\n<title>Buy 22ct Yellow Gold Chain with Antique Finish in London<\/title>\n<meta name=\"description\" content=\"This 22K gold neck chain is a perfect blend of different types of link elements that are beautifully woven together to strike the perfect harmony.\" \/>\n<meta name=\"robots\" content=\"index, follow, max-snippet:-1, max-image-preview:large, max-video-preview:-1\" \/>\n<link rel=\"canonical\" href=\"https:\/\/www.purejewels.com\/de\/produkt-2\/rosetten-22karatige-goldkette-48087\/\" \/>\n<meta property=\"og:locale\" content=\"de_DE\" \/>\n<meta property=\"og:type\" content=\"article\" \/>\n<meta property=\"og:title\" content=\"Buy 22ct Yellow Gold Chain with Antique Finish in London\" \/>\n<meta property=\"og:description\" content=\"This 22K gold neck chain is a perfect blend of different types of link elements that are beautifully woven together to strike the perfect harmony.\" \/>\n<meta property=\"og:url\" content=\"https:\/\/www.purejewels.com\/de\/produkt-2\/rosetten-22karatige-goldkette-48087\/\" \/>\n<meta property=\"og:site_name\" content=\"PureJewels UK\" \/>\n<meta property=\"article:modified_time\" content=\"2026-03-05T13:03:24+00:00\" \/>\n<meta property=\"og:image\" content=\"https:\/\/static.purejewels.com\/wp-content\/uploads\/2024\/02\/48090-2.png\" \/>\n\t<meta property=\"og:image:width\" content=\"1000\" \/>\n\t<meta property=\"og:image:height\" content=\"1000\" \/>\n\t<meta property=\"og:image:type\" content=\"image\/png\" \/>\n<meta name=\"twitter:card\" content=\"summary_large_image\" \/>\n<meta name=\"twitter:label1\" content=\"Gesch\u00e4tzte Lesezeit\" \/>\n\t<meta name=\"twitter:data1\" content=\"2\u00a0Minuten\" \/>\n<script type=\"application\/ld+json\" class=\"yoast-schema-graph\">{\"@context\":\"https:\\\/\\\/schema.org\",\"@graph\":[{\"@type\":[\"WebPage\",\"ItemPage\"],\"@id\":\"https:\\\/\\\/www.purejewels.com\\\/product\\\/rosettes-22carat-gold-chain-48087\\\/\",\"url\":\"https:\\\/\\\/www.purejewels.com\\\/product\\\/rosettes-22carat-gold-chain-48087\\\/\",\"name\":\"Buy 22ct Yellow Gold Chain with Antique Finish in London\",\"isPartOf\":{\"@id\":\"https:\\\/\\\/www.purejewels.com\\\/#website\"},\"primaryImageOfPage\":{\"@id\":\"https:\\\/\\\/www.purejewels.com\\\/product\\\/rosettes-22carat-gold-chain-48087\\\/#primaryimage\"},\"image\":{\"@id\":\"https:\\\/\\\/www.purejewels.com\\\/product\\\/rosettes-22carat-gold-chain-48087\\\/#primaryimage\"},\"thumbnailUrl\":\"https:\\\/\\\/static.purejewels.com\\\/wp-content\\\/uploads\\\/2024\\\/02\\\/48090-2.png\",\"datePublished\":\"2022-01-05T11:27:28+00:00\",\"dateModified\":\"2026-03-05T13:03:24+00:00\",\"description\":\"This 22K gold neck chain is a perfect blend of different types of link elements that are beautifully woven together to strike the perfect harmony.\",\"breadcrumb\":{\"@id\":\"https:\\\/\\\/www.purejewels.com\\\/product\\\/rosettes-22carat-gold-chain-48087\\\/#breadcrumb\"},\"inLanguage\":\"de\",\"potentialAction\":[{\"@type\":\"ReadAction\",\"target\":[\"https:\\\/\\\/www.purejewels.com\\\/product\\\/rosettes-22carat-gold-chain-48087\\\/\"]}]},{\"@type\":\"ImageObject\",\"inLanguage\":\"de\",\"@id\":\"https:\\\/\\\/www.purejewels.com\\\/product\\\/rosettes-22carat-gold-chain-48087\\\/#primaryimage\",\"url\":\"https:\\\/\\\/static.purejewels.com\\\/wp-content\\\/uploads\\\/2024\\\/02\\\/48090-2.png\",\"contentUrl\":\"https:\\\/\\\/static.purejewels.com\\\/wp-content\\\/uploads\\\/2024\\\/02\\\/48090-2.png\",\"width\":1000,\"height\":1000,\"caption\":\"22ct Gold Chain\"},{\"@type\":\"BreadcrumbList\",\"@id\":\"https:\\\/\\\/www.purejewels.com\\\/product\\\/rosettes-22carat-gold-chain-48087\\\/#breadcrumb\",\"itemListElement\":[{\"@type\":\"ListItem\",\"position\":1,\"name\":\"Home\",\"item\":\"https:\\\/\\\/www.purejewels.com\\\/\"},{\"@type\":\"ListItem\",\"position\":2,\"name\":\"Shop\",\"item\":\"https:\\\/\\\/www.purejewels.com\\\/shop\\\/\"},{\"@type\":\"ListItem\",\"position\":3,\"name\":\"Rosettes 22carat Gold Chain | 5mm | 20.5 Inches\"}]},{\"@type\":\"WebSite\",\"@id\":\"https:\\\/\\\/www.purejewels.com\\\/#website\",\"url\":\"https:\\\/\\\/www.purejewels.com\\\/\",\"name\":\"PureJewels UK\",\"description\":\"Share the Love\",\"publisher\":{\"@id\":\"https:\\\/\\\/www.purejewels.com\\\/#organization\"},\"potentialAction\":[{\"@type\":\"SearchAction\",\"target\":{\"@type\":\"EntryPoint\",\"urlTemplate\":\"https:\\\/\\\/www.purejewels.com\\\/?s={search_term_string}\"},\"query-input\":{\"@type\":\"PropertyValueSpecification\",\"valueRequired\":true,\"valueName\":\"search_term_string\"}}],\"inLanguage\":\"de\"},{\"@type\":\"Organization\",\"@id\":\"https:\\\/\\\/www.purejewels.com\\\/#organization\",\"name\":\"PureJewels UK\",\"url\":\"https:\\\/\\\/www.purejewels.com\\\/\",\"logo\":{\"@type\":\"ImageObject\",\"inLanguage\":\"de\",\"@id\":\"https:\\\/\\\/www.purejewels.com\\\/#\\\/schema\\\/logo\\\/image\\\/\",\"url\":\"https:\\\/\\\/static.purejewels.com\\\/wp-content\\\/uploads\\\/2020\\\/11\\\/Logo-PJ-New-1.png\",\"contentUrl\":\"https:\\\/\\\/static.purejewels.com\\\/wp-content\\\/uploads\\\/2020\\\/11\\\/Logo-PJ-New-1.png\",\"width\":150,\"height\":80,\"caption\":\"PureJewels UK\"},\"image\":{\"@id\":\"https:\\\/\\\/www.purejewels.com\\\/#\\\/schema\\\/logo\\\/image\\\/\"}}]}<\/script>\n<!-- \/ Yoast SEO plugin. -->","yoast_head_json":{"title":"Kette aus 22 Karat Gelbgold mit antikem Finish in London kaufen","description":"Diese Halskette aus 22-kar\u00e4tigem Gold ist eine perfekte Mischung aus verschiedenen Gliederelementen, die wundersch\u00f6n miteinander verwoben sind und eine perfekte Harmonie bilden.","robots":{"index":"index","follow":"follow","max-snippet":"max-snippet:-1","max-image-preview":"max-image-preview:large","max-video-preview":"max-video-preview:-1"},"canonical":"https:\/\/www.purejewels.com\/de\/produkt-2\/rosetten-22karatige-goldkette-48087\/","og_locale":"de_DE","og_type":"article","og_title":"Buy 22ct Yellow Gold Chain with Antique Finish in London","og_description":"This 22K gold neck chain is a perfect blend of different types of link elements that are beautifully woven together to strike the perfect harmony.","og_url":"https:\/\/www.purejewels.com\/de\/produkt-2\/rosetten-22karatige-goldkette-48087\/","og_site_name":"PureJewels UK","article_modified_time":"2026-03-05T13:03:24+00:00","og_image":[{"width":1000,"height":1000,"url":"https:\/\/static.purejewels.com\/wp-content\/uploads\/2024\/02\/48090-2.png","type":"image\/png"}],"twitter_card":"summary_large_image","twitter_misc":{"Gesch\u00e4tzte Lesezeit":"2\u00a0Minuten"},"schema":{"@context":"https:\/\/schema.org","@graph":[{"@type":["WebPage","ItemPage"],"@id":"https:\/\/www.purejewels.com\/product\/rosettes-22carat-gold-chain-48087\/","url":"https:\/\/www.purejewels.com\/product\/rosettes-22carat-gold-chain-48087\/","name":"Kette aus 22 Karat Gelbgold mit antikem Finish in London kaufen","isPartOf":{"@id":"https:\/\/www.purejewels.com\/#website"},"primaryImageOfPage":{"@id":"https:\/\/www.purejewels.com\/product\/rosettes-22carat-gold-chain-48087\/#primaryimage"},"image":{"@id":"https:\/\/www.purejewels.com\/product\/rosettes-22carat-gold-chain-48087\/#primaryimage"},"thumbnailUrl":"https:\/\/static.purejewels.com\/wp-content\/uploads\/2024\/02\/48090-2.png","datePublished":"2022-01-05T11:27:28+00:00","dateModified":"2026-03-05T13:03:24+00:00","description":"Diese Halskette aus 22-kar\u00e4tigem Gold ist eine perfekte Mischung aus verschiedenen Gliederelementen, die wundersch\u00f6n miteinander verwoben sind und eine perfekte Harmonie bilden.","breadcrumb":{"@id":"https:\/\/www.purejewels.com\/product\/rosettes-22carat-gold-chain-48087\/#breadcrumb"},"inLanguage":"de","potentialAction":[{"@type":"ReadAction","target":["https:\/\/www.purejewels.com\/product\/rosettes-22carat-gold-chain-48087\/"]}]},{"@type":"ImageObject","inLanguage":"de","@id":"https:\/\/www.purejewels.com\/product\/rosettes-22carat-gold-chain-48087\/#primaryimage","url":"https:\/\/static.purejewels.com\/wp-content\/uploads\/2024\/02\/48090-2.png","contentUrl":"https:\/\/static.purejewels.com\/wp-content\/uploads\/2024\/02\/48090-2.png","width":1000,"height":1000,"caption":"22ct Gold Chain"},{"@type":"BreadcrumbList","@id":"https:\/\/www.purejewels.com\/product\/rosettes-22carat-gold-chain-48087\/#breadcrumb","itemListElement":[{"@type":"ListItem","position":1,"name":"Home","item":"https:\/\/www.purejewels.com\/"},{"@type":"ListItem","position":2,"name":"Shop","item":"https:\/\/www.purejewels.com\/shop\/"},{"@type":"ListItem","position":3,"name":"Rosettes 22carat Gold Chain | 5mm | 20.5 Inches"}]},{"@type":"WebSite","@id":"https:\/\/www.purejewels.com\/#website","url":"https:\/\/www.purejewels.com\/","name":"PureJewels UK","description":"Teile die Liebe","publisher":{"@id":"https:\/\/www.purejewels.com\/#organization"},"potentialAction":[{"@type":"SearchAction","target":{"@type":"EntryPoint","urlTemplate":"https:\/\/www.purejewels.com\/?s={search_term_string}"},"query-input":{"@type":"PropertyValueSpecification","valueRequired":true,"valueName":"search_term_string"}}],"inLanguage":"de"},{"@type":"Organization","@id":"https:\/\/www.purejewels.com\/#organization","name":"PureJewels UK","url":"https:\/\/www.purejewels.com\/","logo":{"@type":"ImageObject","inLanguage":"de","@id":"https:\/\/www.purejewels.com\/#\/schema\/logo\/image\/","url":"https:\/\/static.purejewels.com\/wp-content\/uploads\/2020\/11\/Logo-PJ-New-1.png","contentUrl":"https:\/\/static.purejewels.com\/wp-content\/uploads\/2020\/11\/Logo-PJ-New-1.png","width":150,"height":80,"caption":"PureJewels UK"},"image":{"@id":"https:\/\/www.purejewels.com\/#\/schema\/logo\/image\/"}}]}},"_links":{"self":[{"href":"https:\/\/www.purejewels.com\/de\/wp-json\/wp\/v2\/product\/330995","targetHints":{"allow":["GET"]}}],"collection":[{"href":"https:\/\/www.purejewels.com\/de\/wp-json\/wp\/v2\/product"}],"about":[{"href":"https:\/\/www.purejewels.com\/de\/wp-json\/wp\/v2\/types\/product"}],"replies":[{"embeddable":true,"href":"https:\/\/www.purejewels.com\/de\/wp-json\/wp\/v2\/comments?post=330995"}],"version-history":[{"count":4,"href":"https:\/\/www.purejewels.com\/de\/wp-json\/wp\/v2\/product\/330995\/revisions"}],"predecessor-version":[{"id":426695,"href":"https:\/\/www.purejewels.com\/de\/wp-json\/wp\/v2\/product\/330995\/revisions\/426695"}],"wp:featuredmedia":[{"embeddable":true,"href":"https:\/\/www.purejewels.com\/de\/wp-json\/wp\/v2\/media\/365609"}],"wp:attachment":[{"href":"https:\/\/www.purejewels.com\/de\/wp-json\/wp\/v2\/media?parent=330995"}],"wp:term":[{"taxonomy":"product_brand","embeddable":true,"href":"https:\/\/www.purejewels.com\/de\/wp-json\/wp\/v2\/product_brand?post=330995"},{"taxonomy":"product_cat","embeddable":true,"href":"https:\/\/www.purejewels.com\/de\/wp-json\/wp\/v2\/product_cat?post=330995"},{"taxonomy":"product_tag","embeddable":true,"href":"https:\/\/www.purejewels.com\/de\/wp-json\/wp\/v2\/product_tag?post=330995"}],"curies":[{"name":"wp","href":"https:\/\/api.w.org\/{rel}","templated":true}]}}