{"id":331002,"date":"2022-01-05T11:39:37","date_gmt":"2022-01-05T11:39:37","guid":{"rendered":"https:\/\/www.purejewels.com\/?post_type=product&#038;p=331002"},"modified":"2026-04-01T13:51:55","modified_gmt":"2026-04-01T12:51:55","slug":"22ct-gold-kinderarmband-48184","status":"publish","type":"product","link":"https:\/\/www.purejewels.com\/de\/product\/22ct-gold-kids-bracelet-48184\/","title":{"rendered":"22ct Gold Kinderarmband | 5 Zoll"},"content":{"rendered":"<p><strong>Designkonzept<\/strong><\/p>\n<p>Dieses Armband ist in der Tradition und der durchdachten Symbolik verwurzelt. Es vereint die W\u00e4rme von 22-kar\u00e4tigem Gold mit der sch\u00fctzenden Essenz schwarzer Perlen und schafft ein harmonisches Design, das die Unschuld und F\u00fcrsorge der Kindheit feiert. Die sanft strukturierten Goldperlen verleihen dem Armband einen Hauch von Verspieltheit, w\u00e4hrend das rhythmische Muster das Gleichgewicht widerspiegelt und es sowohl bedeutungsvoll als auch visuell anmutig macht.<\/p>\n<p><strong>Handwerkliches K\u00f6nnen<\/strong><\/p>\n<p>Jede einzelne Perle wurde sorgf\u00e4ltig aus strahlendem 22-kar\u00e4tigem Gold gefertigt und mit einer feinen Textur versehen, um ihren Glanz und ihre Tiefe zu verst\u00e4rken. Dies spiegelt das Erbe der Pr\u00e4zision und Kunstfertigkeit von PureJewels wider. Das Armband ist sorgf\u00e4ltig mit glatten Gliedern und einem sicheren Verschluss zusammengesetzt, der f\u00fcr Langlebigkeit sorgt und gleichzeitig leicht und bequem f\u00fcr zarte Handgelenke ist.<\/p>\n<p><strong>Styling-Ideen<\/strong><\/p>\n<p>Dieses Armband eignet sich sowohl f\u00fcr den Alltag als auch f\u00fcr besondere Meilensteine. Es kann allein als dezentes, aber aussagekr\u00e4ftiges Schmuckst\u00fcck getragen werden oder mit erg\u00e4nzendem Schmuck f\u00fcr einen koordinierten Look kombiniert werden. Es ist ein sch\u00f6nes Geschenk f\u00fcr Geburtstage, Feste oder Segnungen und wird zu einem gesch\u00e4tzten Andenken, das sowohl Sch\u00f6nheit als auch Gef\u00fchle durch die ersten Jahre tr\u00e4gt.<\/p>","protected":false},"excerpt":{"rendered":"<p>Ein bezauberndes Kinderarmband aus 22-kar\u00e4tigem Gold mit aufw\u00e4ndig strukturierten Goldperlen und traditionellen schwarzen Perlen, das kleinen Handgelenken Schutz und zeitlose Eleganz bietet.<\/p>\n<ul>\n<li>22ct Gold mania Schmuck Armband f\u00fcr neugeborenes Baby.<\/li>\n<li>Geeignet f\u00fcr Kinder, Kinder, Kind, Kleinkind, Neugeborene.<\/li>\n<li>22 Karat Goldschmuck mit Punzierung f\u00fcr Kinder.<\/li>\n<li>\u00a0L\u00e4nge: 5 Zoll<\/li>\n<li>Wt: 1.8grms<\/li>\n<li>SKU 48183, 48184<\/li>\n<li>Alle Preise inklusive Mehrwertsteuer<\/li>\n<li>22ct Gold gestempelt von London Assay Office<\/li>\n<li>Mit Pr\u00e4sentationsbox<\/li>\n<li>Lieferung inbegriffen<\/li>\n<li>Live-Chat mit uns f\u00fcr die Verf\u00fcgbarkeit und mehr Bilder von \u00e4hnlichen Designs derzeit auf Lager<\/li>\n<\/ul>","protected":false},"featured_media":327608,"comment_status":"closed","ping_status":"closed","template":"","meta":{"_eb_attr":"","_crsspst_to_jayantr4sg-hostcom":true},"product_brand":[],"product_cat":[5672,1576,1790,1324,1229,5343,1436],"product_tag":[],"class_list":{"0":"post-331002","1":"product","2":"type-product","3":"status-publish","4":"has-post-thumbnail","6":"product_cat-baby-gold-bracelet","7":"product_cat-childrens-jewellery","8":"product_cat-for-whom-when","9":"product_cat-gold-bracelet","10":"product_cat-22ct-gold-jewellery","11":"product_cat-jewellery-under-550","12":"product_cat-kids-bracelet-kada","14":"first","15":"instock","16":"taxable","17":"shipping-taxable","18":"purchasable","19":"product-type-simple","20":"add-to-wishlist-before_image"},"yoast_head":"<!-- This site is optimized with the Yoast SEO plugin v27.3 - https:\/\/yoast.com\/product\/yoast-seo-wordpress\/ -->\n<title>22ct Gold mania Jewellery bracelet for new born baby<\/title>\n<meta name=\"description\" content=\"Elegant 22ct gold kids bracelet with black beads and intricately textured gold elements. Designed for comfort, protection, and timeless gifting. Length: 5 inches.\" \/>\n<meta name=\"robots\" content=\"index, follow, max-snippet:-1, max-image-preview:large, max-video-preview:-1\" \/>\n<link rel=\"canonical\" href=\"https:\/\/www.purejewels.com\/de\/produkt-2\/22ct-gold-kinderarmband-48184\/\" \/>\n<meta property=\"og:locale\" content=\"de_DE\" \/>\n<meta property=\"og:type\" content=\"article\" \/>\n<meta property=\"og:title\" content=\"22ct Gold mania Jewellery bracelet for new born baby\" \/>\n<meta property=\"og:description\" content=\"Elegant 22ct gold kids bracelet with black beads and intricately textured gold elements. Designed for comfort, protection, and timeless gifting. Length: 5 inches.\" \/>\n<meta property=\"og:url\" content=\"https:\/\/www.purejewels.com\/de\/produkt-2\/22ct-gold-kinderarmband-48184\/\" \/>\n<meta property=\"og:site_name\" content=\"PureJewels UK\" \/>\n<meta property=\"article:modified_time\" content=\"2026-04-01T12:51:55+00:00\" \/>\n<meta property=\"og:image\" content=\"https:\/\/static.purejewels.com\/wp-content\/uploads\/2018\/08\/27208-1.jpg\" \/>\n\t<meta property=\"og:image:width\" content=\"1000\" \/>\n\t<meta property=\"og:image:height\" content=\"1000\" \/>\n\t<meta property=\"og:image:type\" content=\"image\/jpeg\" \/>\n<meta name=\"twitter:card\" content=\"summary_large_image\" \/>\n<meta name=\"twitter:label1\" content=\"Gesch\u00e4tzte Lesezeit\" \/>\n\t<meta name=\"twitter:data1\" content=\"1\u00a0Minute\" \/>\n<script type=\"application\/ld+json\" class=\"yoast-schema-graph\">{\"@context\":\"https:\\\/\\\/schema.org\",\"@graph\":[{\"@type\":[\"WebPage\",\"ItemPage\"],\"@id\":\"https:\\\/\\\/www.purejewels.com\\\/product\\\/22ct-gold-kids-bracelet-48184\\\/\",\"url\":\"https:\\\/\\\/www.purejewels.com\\\/product\\\/22ct-gold-kids-bracelet-48184\\\/\",\"name\":\"22ct Gold mania Jewellery bracelet for new born baby\",\"isPartOf\":{\"@id\":\"https:\\\/\\\/www.purejewels.com\\\/#website\"},\"primaryImageOfPage\":{\"@id\":\"https:\\\/\\\/www.purejewels.com\\\/product\\\/22ct-gold-kids-bracelet-48184\\\/#primaryimage\"},\"image\":{\"@id\":\"https:\\\/\\\/www.purejewels.com\\\/product\\\/22ct-gold-kids-bracelet-48184\\\/#primaryimage\"},\"thumbnailUrl\":\"https:\\\/\\\/static.purejewels.com\\\/wp-content\\\/uploads\\\/2018\\\/08\\\/27208-1.jpg\",\"datePublished\":\"2022-01-05T11:39:37+00:00\",\"dateModified\":\"2026-04-01T12:51:55+00:00\",\"description\":\"Elegant 22ct gold kids bracelet with black beads and intricately textured gold elements. Designed for comfort, protection, and timeless gifting. Length: 5 inches.\",\"breadcrumb\":{\"@id\":\"https:\\\/\\\/www.purejewels.com\\\/product\\\/22ct-gold-kids-bracelet-48184\\\/#breadcrumb\"},\"inLanguage\":\"de\",\"potentialAction\":[{\"@type\":\"ReadAction\",\"target\":[\"https:\\\/\\\/www.purejewels.com\\\/product\\\/22ct-gold-kids-bracelet-48184\\\/\"]}]},{\"@type\":\"ImageObject\",\"inLanguage\":\"de\",\"@id\":\"https:\\\/\\\/www.purejewels.com\\\/product\\\/22ct-gold-kids-bracelet-48184\\\/#primaryimage\",\"url\":\"https:\\\/\\\/static.purejewels.com\\\/wp-content\\\/uploads\\\/2018\\\/08\\\/27208-1.jpg\",\"contentUrl\":\"https:\\\/\\\/static.purejewels.com\\\/wp-content\\\/uploads\\\/2018\\\/08\\\/27208-1.jpg\",\"width\":1000,\"height\":1000,\"caption\":\"22ct Gold Baby Bracelet 27208-1\"},{\"@type\":\"BreadcrumbList\",\"@id\":\"https:\\\/\\\/www.purejewels.com\\\/product\\\/22ct-gold-kids-bracelet-48184\\\/#breadcrumb\",\"itemListElement\":[{\"@type\":\"ListItem\",\"position\":1,\"name\":\"Home\",\"item\":\"https:\\\/\\\/www.purejewels.com\\\/\"},{\"@type\":\"ListItem\",\"position\":2,\"name\":\"Shop\",\"item\":\"https:\\\/\\\/www.purejewels.com\\\/shop\\\/\"},{\"@type\":\"ListItem\",\"position\":3,\"name\":\"22ct Gold Kids Bracelet | 5 Inches\"}]},{\"@type\":\"WebSite\",\"@id\":\"https:\\\/\\\/www.purejewels.com\\\/#website\",\"url\":\"https:\\\/\\\/www.purejewels.com\\\/\",\"name\":\"PureJewels UK\",\"description\":\"Share the Love\",\"publisher\":{\"@id\":\"https:\\\/\\\/www.purejewels.com\\\/#organization\"},\"potentialAction\":[{\"@type\":\"SearchAction\",\"target\":{\"@type\":\"EntryPoint\",\"urlTemplate\":\"https:\\\/\\\/www.purejewels.com\\\/?s={search_term_string}\"},\"query-input\":{\"@type\":\"PropertyValueSpecification\",\"valueRequired\":true,\"valueName\":\"search_term_string\"}}],\"inLanguage\":\"de\"},{\"@type\":\"Organization\",\"@id\":\"https:\\\/\\\/www.purejewels.com\\\/#organization\",\"name\":\"PureJewels UK\",\"url\":\"https:\\\/\\\/www.purejewels.com\\\/\",\"logo\":{\"@type\":\"ImageObject\",\"inLanguage\":\"de\",\"@id\":\"https:\\\/\\\/www.purejewels.com\\\/#\\\/schema\\\/logo\\\/image\\\/\",\"url\":\"https:\\\/\\\/static.purejewels.com\\\/wp-content\\\/uploads\\\/2020\\\/11\\\/Logo-PJ-New-1.png\",\"contentUrl\":\"https:\\\/\\\/static.purejewels.com\\\/wp-content\\\/uploads\\\/2020\\\/11\\\/Logo-PJ-New-1.png\",\"width\":150,\"height\":80,\"caption\":\"PureJewels UK\"},\"image\":{\"@id\":\"https:\\\/\\\/www.purejewels.com\\\/#\\\/schema\\\/logo\\\/image\\\/\"}}]}<\/script>\n<!-- \/ Yoast SEO plugin. -->","yoast_head_json":{"title":"22ct Gold mania Schmuckarmband f\u00fcr neugeborenes Baby","description":"Elegantes Kinderarmband aus 22 Karat Gold mit schwarzen Perlen und aufwendig strukturierten Goldelementen. Entworfen f\u00fcr Komfort, Schutz und zeitloses Verschenken. L\u00e4nge: 5 Zoll.","robots":{"index":"index","follow":"follow","max-snippet":"max-snippet:-1","max-image-preview":"max-image-preview:large","max-video-preview":"max-video-preview:-1"},"canonical":"https:\/\/www.purejewels.com\/de\/produkt-2\/22ct-gold-kinderarmband-48184\/","og_locale":"de_DE","og_type":"article","og_title":"22ct Gold mania Jewellery bracelet for new born baby","og_description":"Elegant 22ct gold kids bracelet with black beads and intricately textured gold elements. Designed for comfort, protection, and timeless gifting. Length: 5 inches.","og_url":"https:\/\/www.purejewels.com\/de\/produkt-2\/22ct-gold-kinderarmband-48184\/","og_site_name":"PureJewels UK","article_modified_time":"2026-04-01T12:51:55+00:00","og_image":[{"width":1000,"height":1000,"url":"https:\/\/static.purejewels.com\/wp-content\/uploads\/2018\/08\/27208-1.jpg","type":"image\/jpeg"}],"twitter_card":"summary_large_image","twitter_misc":{"Gesch\u00e4tzte Lesezeit":"1\u00a0Minute"},"schema":{"@context":"https:\/\/schema.org","@graph":[{"@type":["WebPage","ItemPage"],"@id":"https:\/\/www.purejewels.com\/product\/22ct-gold-kids-bracelet-48184\/","url":"https:\/\/www.purejewels.com\/product\/22ct-gold-kids-bracelet-48184\/","name":"22ct Gold mania Schmuckarmband f\u00fcr neugeborenes Baby","isPartOf":{"@id":"https:\/\/www.purejewels.com\/#website"},"primaryImageOfPage":{"@id":"https:\/\/www.purejewels.com\/product\/22ct-gold-kids-bracelet-48184\/#primaryimage"},"image":{"@id":"https:\/\/www.purejewels.com\/product\/22ct-gold-kids-bracelet-48184\/#primaryimage"},"thumbnailUrl":"https:\/\/static.purejewels.com\/wp-content\/uploads\/2018\/08\/27208-1.jpg","datePublished":"2022-01-05T11:39:37+00:00","dateModified":"2026-04-01T12:51:55+00:00","description":"Elegantes Kinderarmband aus 22 Karat Gold mit schwarzen Perlen und aufwendig strukturierten Goldelementen. Entworfen f\u00fcr Komfort, Schutz und zeitloses Verschenken. L\u00e4nge: 5 Zoll.","breadcrumb":{"@id":"https:\/\/www.purejewels.com\/product\/22ct-gold-kids-bracelet-48184\/#breadcrumb"},"inLanguage":"de","potentialAction":[{"@type":"ReadAction","target":["https:\/\/www.purejewels.com\/product\/22ct-gold-kids-bracelet-48184\/"]}]},{"@type":"ImageObject","inLanguage":"de","@id":"https:\/\/www.purejewels.com\/product\/22ct-gold-kids-bracelet-48184\/#primaryimage","url":"https:\/\/static.purejewels.com\/wp-content\/uploads\/2018\/08\/27208-1.jpg","contentUrl":"https:\/\/static.purejewels.com\/wp-content\/uploads\/2018\/08\/27208-1.jpg","width":1000,"height":1000,"caption":"22ct Gold Baby Bracelet 27208-1"},{"@type":"BreadcrumbList","@id":"https:\/\/www.purejewels.com\/product\/22ct-gold-kids-bracelet-48184\/#breadcrumb","itemListElement":[{"@type":"ListItem","position":1,"name":"Home","item":"https:\/\/www.purejewels.com\/"},{"@type":"ListItem","position":2,"name":"Shop","item":"https:\/\/www.purejewels.com\/shop\/"},{"@type":"ListItem","position":3,"name":"22ct Gold Kids Bracelet | 5 Inches"}]},{"@type":"WebSite","@id":"https:\/\/www.purejewels.com\/#website","url":"https:\/\/www.purejewels.com\/","name":"PureJewels UK","description":"Teile die Liebe","publisher":{"@id":"https:\/\/www.purejewels.com\/#organization"},"potentialAction":[{"@type":"SearchAction","target":{"@type":"EntryPoint","urlTemplate":"https:\/\/www.purejewels.com\/?s={search_term_string}"},"query-input":{"@type":"PropertyValueSpecification","valueRequired":true,"valueName":"search_term_string"}}],"inLanguage":"de"},{"@type":"Organization","@id":"https:\/\/www.purejewels.com\/#organization","name":"PureJewels UK","url":"https:\/\/www.purejewels.com\/","logo":{"@type":"ImageObject","inLanguage":"de","@id":"https:\/\/www.purejewels.com\/#\/schema\/logo\/image\/","url":"https:\/\/static.purejewels.com\/wp-content\/uploads\/2020\/11\/Logo-PJ-New-1.png","contentUrl":"https:\/\/static.purejewels.com\/wp-content\/uploads\/2020\/11\/Logo-PJ-New-1.png","width":150,"height":80,"caption":"PureJewels UK"},"image":{"@id":"https:\/\/www.purejewels.com\/#\/schema\/logo\/image\/"}}]}},"_links":{"self":[{"href":"https:\/\/www.purejewels.com\/de\/wp-json\/wp\/v2\/product\/331002","targetHints":{"allow":["GET"]}}],"collection":[{"href":"https:\/\/www.purejewels.com\/de\/wp-json\/wp\/v2\/product"}],"about":[{"href":"https:\/\/www.purejewels.com\/de\/wp-json\/wp\/v2\/types\/product"}],"replies":[{"embeddable":true,"href":"https:\/\/www.purejewels.com\/de\/wp-json\/wp\/v2\/comments?post=331002"}],"version-history":[{"count":5,"href":"https:\/\/www.purejewels.com\/de\/wp-json\/wp\/v2\/product\/331002\/revisions"}],"predecessor-version":[{"id":427856,"href":"https:\/\/www.purejewels.com\/de\/wp-json\/wp\/v2\/product\/331002\/revisions\/427856"}],"wp:featuredmedia":[{"embeddable":true,"href":"https:\/\/www.purejewels.com\/de\/wp-json\/wp\/v2\/media\/327608"}],"wp:attachment":[{"href":"https:\/\/www.purejewels.com\/de\/wp-json\/wp\/v2\/media?parent=331002"}],"wp:term":[{"taxonomy":"product_brand","embeddable":true,"href":"https:\/\/www.purejewels.com\/de\/wp-json\/wp\/v2\/product_brand?post=331002"},{"taxonomy":"product_cat","embeddable":true,"href":"https:\/\/www.purejewels.com\/de\/wp-json\/wp\/v2\/product_cat?post=331002"},{"taxonomy":"product_tag","embeddable":true,"href":"https:\/\/www.purejewels.com\/de\/wp-json\/wp\/v2\/product_tag?post=331002"}],"curies":[{"name":"wp","href":"https:\/\/api.w.org\/{rel}","templated":true}]}}