{"id":331013,"date":"2022-01-05T12:21:14","date_gmt":"2022-01-05T12:21:14","guid":{"rendered":"https:\/\/www.purejewels.com\/?post_type=product&#038;p=331013"},"modified":"2026-01-06T09:45:10","modified_gmt":"2026-01-06T09:45:10","slug":"mangalsutra-armband-de-41255","status":"publish","type":"product","link":"https:\/\/www.purejewels.com\/de\/product\/mangalsutra-bracelet-uk-41255\/","title":{"rendered":"Mangalsutra-Armband UK"},"content":{"rendered":"<ul>\n<li>Gewicht. 5 Gramm<\/li>\n<li>Sku 41255<\/li>\n<\/ul>","protected":false},"excerpt":{"rendered":"<ul>\n<li>22ct\u00a0<span id=\"urn:enhancement-6b5dda1b\" class=\"textannotation\">Gold<\/span>\u00a0Mangalsutra-Armband<\/li>\n<li>Mit rhodinierter Oberfl\u00e4che<\/li>\n<li>Gewicht. 5 Gramm<\/li>\n<li>Sku 41255<\/li>\n<li>L\u00e4nge 8 Zoll<\/li>\n<li>Alle Preise inklusive Mehrwertsteuer<\/li>\n<li>Alle 22\u00a0<span id=\"urn:enhancement-96f8acd8\" class=\"textannotation\">Karat<\/span>\u00a0<span id=\"urn:enhancement-475c5677\" class=\"textannotation\">Gold<\/span>\u00a0Armb\u00e4nder sind von London gestempelt\u00a0<span id=\"urn:enhancement-50f6b5fe\" class=\"textannotation\">Pr\u00fcfstelle<\/span><\/li>\n<li>Alle\u00a0<span id=\"urn:enhancement-a52000c\" class=\"textannotation\">Gold<\/span>\u00a0Armband f\u00fcr Frauen kommt mit Geschenkbox<\/li>\n<li>Lieferung inbegriffen<\/li>\n<li>Live-Chat mit uns f\u00fcr die Verf\u00fcgbarkeit und mehr Bilder von \u00e4hnlichen\u00a0<span id=\"urn:enhancement-bc77c438\" class=\"textannotation\">Entw\u00fcrfe<\/span>\u00a0derzeit in\u00a0<span id=\"urn:enhancement-973deb93\" class=\"textannotation\">Aktie<\/span><\/li>\n<\/ul>","protected":false},"featured_media":327321,"comment_status":"closed","ping_status":"closed","template":"","meta":{"_eb_attr":"","_crsspst_to_jayantr4sg-hostcom":false},"product_brand":[],"product_cat":[1791,1559,1793,1324,1627,1573,1574],"product_tag":[],"class_list":{"0":"post-331013","1":"product","2":"type-product","3":"status-publish","4":"has-post-thumbnail","6":"product_cat-anniversary-gifts","7":"product_cat-birthday-gifts","8":"product_cat-diwali-gifts","9":"product_cat-gold-bracelet","10":"product_cat-ladies-bracelet","11":"product_cat-wedding-gifts","12":"product_cat-womens-jewellery","14":"first","15":"outofstock","16":"taxable","17":"shipping-taxable","18":"product-type-simple","19":"add-to-wishlist-before_image"},"yoast_head":"<!-- This site is optimized with the Yoast SEO plugin v27.6 - https:\/\/yoast.com\/product\/yoast-seo-wordpress\/ -->\n<title>Mangalsutra Bracelet UK - PureJewels UK<\/title>\n<meta name=\"robots\" content=\"index, follow, max-snippet:-1, max-image-preview:large, max-video-preview:-1\" \/>\n<link rel=\"canonical\" href=\"https:\/\/www.purejewels.com\/de\/produkt-2\/mangalsutra-armband-de-41255\/\" \/>\n<meta property=\"og:locale\" content=\"de_DE\" \/>\n<meta property=\"og:type\" content=\"article\" \/>\n<meta property=\"og:title\" content=\"Mangalsutra Bracelet UK - PureJewels UK\" \/>\n<meta property=\"og:description\" content=\"22ct\u00a0Gold\u00a0Mangalsutra Bracelet  With rhodium finish  Weight. 5 gms  Sku 41255  Length 8 Inches  All prices include VAT  All 22\u00a0carat\u00a0gold\u00a0bracelets are hallmarked by London\u00a0Assay Office  All\u00a0Gold\u00a0Bracelet for Women Comes With Presentation Box  Delivery Included  Live chat with us for availability and more images of similar\u00a0designs\u00a0currently in\u00a0stock\" \/>\n<meta property=\"og:url\" content=\"https:\/\/www.purejewels.com\/de\/produkt-2\/mangalsutra-armband-de-41255\/\" \/>\n<meta property=\"og:site_name\" content=\"PureJewels UK\" \/>\n<meta property=\"article:modified_time\" content=\"2026-01-06T09:45:10+00:00\" \/>\n<meta property=\"og:image\" content=\"https:\/\/www.purejewels.com\/wp-content\/uploads\/2021\/10\/34683-2.jpg\" \/>\n\t<meta property=\"og:image:width\" content=\"1000\" \/>\n\t<meta property=\"og:image:height\" content=\"1000\" \/>\n\t<meta property=\"og:image:type\" content=\"image\/jpeg\" \/>\n<meta name=\"twitter:card\" content=\"summary_large_image\" \/>\n<script type=\"application\/ld+json\" class=\"yoast-schema-graph\">{\"@context\":\"https:\\\/\\\/schema.org\",\"@graph\":[{\"@type\":[\"WebPage\",\"ItemPage\"],\"@id\":\"https:\\\/\\\/www.purejewels.com\\\/product\\\/mangalsutra-bracelet-uk-41255\\\/\",\"url\":\"https:\\\/\\\/www.purejewels.com\\\/product\\\/mangalsutra-bracelet-uk-41255\\\/\",\"name\":\"Mangalsutra Bracelet UK - PureJewels UK\",\"isPartOf\":{\"@id\":\"https:\\\/\\\/www.purejewels.com\\\/#website\"},\"primaryImageOfPage\":{\"@id\":\"https:\\\/\\\/www.purejewels.com\\\/product\\\/mangalsutra-bracelet-uk-41255\\\/#primaryimage\"},\"image\":{\"@id\":\"https:\\\/\\\/www.purejewels.com\\\/product\\\/mangalsutra-bracelet-uk-41255\\\/#primaryimage\"},\"thumbnailUrl\":\"https:\\\/\\\/static.purejewels.com\\\/wp-content\\\/uploads\\\/2021\\\/10\\\/34683-2.jpg\",\"datePublished\":\"2022-01-05T12:21:14+00:00\",\"dateModified\":\"2026-01-06T09:45:10+00:00\",\"breadcrumb\":{\"@id\":\"https:\\\/\\\/www.purejewels.com\\\/product\\\/mangalsutra-bracelet-uk-41255\\\/#breadcrumb\"},\"inLanguage\":\"de\",\"potentialAction\":[{\"@type\":\"ReadAction\",\"target\":[\"https:\\\/\\\/www.purejewels.com\\\/product\\\/mangalsutra-bracelet-uk-41255\\\/\"]}]},{\"@type\":\"ImageObject\",\"inLanguage\":\"de\",\"@id\":\"https:\\\/\\\/www.purejewels.com\\\/product\\\/mangalsutra-bracelet-uk-41255\\\/#primaryimage\",\"url\":\"https:\\\/\\\/static.purejewels.com\\\/wp-content\\\/uploads\\\/2021\\\/10\\\/34683-2.jpg\",\"contentUrl\":\"https:\\\/\\\/static.purejewels.com\\\/wp-content\\\/uploads\\\/2021\\\/10\\\/34683-2.jpg\",\"width\":1000,\"height\":1000,\"caption\":\"22ct Gold Mangalsutra Bracelet 34683-2\"},{\"@type\":\"BreadcrumbList\",\"@id\":\"https:\\\/\\\/www.purejewels.com\\\/product\\\/mangalsutra-bracelet-uk-41255\\\/#breadcrumb\",\"itemListElement\":[{\"@type\":\"ListItem\",\"position\":1,\"name\":\"Home\",\"item\":\"https:\\\/\\\/www.purejewels.com\\\/\"},{\"@type\":\"ListItem\",\"position\":2,\"name\":\"Shop\",\"item\":\"https:\\\/\\\/www.purejewels.com\\\/shop\\\/\"},{\"@type\":\"ListItem\",\"position\":3,\"name\":\"Mangalsutra Bracelet UK\"}]},{\"@type\":\"WebSite\",\"@id\":\"https:\\\/\\\/www.purejewels.com\\\/#website\",\"url\":\"https:\\\/\\\/www.purejewels.com\\\/\",\"name\":\"PureJewels UK\",\"description\":\"Share the Love\",\"publisher\":{\"@id\":\"https:\\\/\\\/www.purejewels.com\\\/#organization\"},\"potentialAction\":[{\"@type\":\"SearchAction\",\"target\":{\"@type\":\"EntryPoint\",\"urlTemplate\":\"https:\\\/\\\/www.purejewels.com\\\/?s={search_term_string}\"},\"query-input\":{\"@type\":\"PropertyValueSpecification\",\"valueRequired\":true,\"valueName\":\"search_term_string\"}}],\"inLanguage\":\"de\"},{\"@type\":\"Organization\",\"@id\":\"https:\\\/\\\/www.purejewels.com\\\/#organization\",\"name\":\"PureJewels UK\",\"url\":\"https:\\\/\\\/www.purejewels.com\\\/\",\"logo\":{\"@type\":\"ImageObject\",\"inLanguage\":\"de\",\"@id\":\"https:\\\/\\\/www.purejewels.com\\\/#\\\/schema\\\/logo\\\/image\\\/\",\"url\":\"https:\\\/\\\/static.purejewels.com\\\/wp-content\\\/uploads\\\/2020\\\/11\\\/Logo-PJ-New-1.png\",\"contentUrl\":\"https:\\\/\\\/static.purejewels.com\\\/wp-content\\\/uploads\\\/2020\\\/11\\\/Logo-PJ-New-1.png\",\"width\":150,\"height\":80,\"caption\":\"PureJewels UK\"},\"image\":{\"@id\":\"https:\\\/\\\/www.purejewels.com\\\/#\\\/schema\\\/logo\\\/image\\\/\"}}]}<\/script>\n<!-- \/ Yoast SEO plugin. -->","yoast_head_json":{"title":"Mangalsutra-Armband UK - PureJewels UK","robots":{"index":"index","follow":"follow","max-snippet":"max-snippet:-1","max-image-preview":"max-image-preview:large","max-video-preview":"max-video-preview:-1"},"canonical":"https:\/\/www.purejewels.com\/de\/produkt-2\/mangalsutra-armband-de-41255\/","og_locale":"de_DE","og_type":"article","og_title":"Mangalsutra Bracelet UK - PureJewels UK","og_description":"22ct\u00a0Gold\u00a0Mangalsutra Bracelet  With rhodium finish  Weight. 5 gms  Sku 41255  Length 8 Inches  All prices include VAT  All 22\u00a0carat\u00a0gold\u00a0bracelets are hallmarked by London\u00a0Assay Office  All\u00a0Gold\u00a0Bracelet for Women Comes With Presentation Box  Delivery Included  Live chat with us for availability and more images of similar\u00a0designs\u00a0currently in\u00a0stock","og_url":"https:\/\/www.purejewels.com\/de\/produkt-2\/mangalsutra-armband-de-41255\/","og_site_name":"PureJewels UK","article_modified_time":"2026-01-06T09:45:10+00:00","og_image":[{"width":1000,"height":1000,"url":"https:\/\/www.purejewels.com\/wp-content\/uploads\/2021\/10\/34683-2.jpg","type":"image\/jpeg"}],"twitter_card":"summary_large_image","schema":{"@context":"https:\/\/schema.org","@graph":[{"@type":["WebPage","ItemPage"],"@id":"https:\/\/www.purejewels.com\/product\/mangalsutra-bracelet-uk-41255\/","url":"https:\/\/www.purejewels.com\/product\/mangalsutra-bracelet-uk-41255\/","name":"Mangalsutra-Armband UK - PureJewels UK","isPartOf":{"@id":"https:\/\/www.purejewels.com\/#website"},"primaryImageOfPage":{"@id":"https:\/\/www.purejewels.com\/product\/mangalsutra-bracelet-uk-41255\/#primaryimage"},"image":{"@id":"https:\/\/www.purejewels.com\/product\/mangalsutra-bracelet-uk-41255\/#primaryimage"},"thumbnailUrl":"https:\/\/static.purejewels.com\/wp-content\/uploads\/2021\/10\/34683-2.jpg","datePublished":"2022-01-05T12:21:14+00:00","dateModified":"2026-01-06T09:45:10+00:00","breadcrumb":{"@id":"https:\/\/www.purejewels.com\/product\/mangalsutra-bracelet-uk-41255\/#breadcrumb"},"inLanguage":"de","potentialAction":[{"@type":"ReadAction","target":["https:\/\/www.purejewels.com\/product\/mangalsutra-bracelet-uk-41255\/"]}]},{"@type":"ImageObject","inLanguage":"de","@id":"https:\/\/www.purejewels.com\/product\/mangalsutra-bracelet-uk-41255\/#primaryimage","url":"https:\/\/static.purejewels.com\/wp-content\/uploads\/2021\/10\/34683-2.jpg","contentUrl":"https:\/\/static.purejewels.com\/wp-content\/uploads\/2021\/10\/34683-2.jpg","width":1000,"height":1000,"caption":"22ct Gold Mangalsutra Bracelet 34683-2"},{"@type":"BreadcrumbList","@id":"https:\/\/www.purejewels.com\/product\/mangalsutra-bracelet-uk-41255\/#breadcrumb","itemListElement":[{"@type":"ListItem","position":1,"name":"Home","item":"https:\/\/www.purejewels.com\/"},{"@type":"ListItem","position":2,"name":"Shop","item":"https:\/\/www.purejewels.com\/shop\/"},{"@type":"ListItem","position":3,"name":"Mangalsutra Bracelet UK"}]},{"@type":"WebSite","@id":"https:\/\/www.purejewels.com\/#website","url":"https:\/\/www.purejewels.com\/","name":"PureJewels UK","description":"Teile die Liebe","publisher":{"@id":"https:\/\/www.purejewels.com\/#organization"},"potentialAction":[{"@type":"SearchAction","target":{"@type":"EntryPoint","urlTemplate":"https:\/\/www.purejewels.com\/?s={search_term_string}"},"query-input":{"@type":"PropertyValueSpecification","valueRequired":true,"valueName":"search_term_string"}}],"inLanguage":"de"},{"@type":"Organization","@id":"https:\/\/www.purejewels.com\/#organization","name":"PureJewels UK","url":"https:\/\/www.purejewels.com\/","logo":{"@type":"ImageObject","inLanguage":"de","@id":"https:\/\/www.purejewels.com\/#\/schema\/logo\/image\/","url":"https:\/\/static.purejewels.com\/wp-content\/uploads\/2020\/11\/Logo-PJ-New-1.png","contentUrl":"https:\/\/static.purejewels.com\/wp-content\/uploads\/2020\/11\/Logo-PJ-New-1.png","width":150,"height":80,"caption":"PureJewels UK"},"image":{"@id":"https:\/\/www.purejewels.com\/#\/schema\/logo\/image\/"}}]}},"_links":{"self":[{"href":"https:\/\/www.purejewels.com\/de\/wp-json\/wp\/v2\/product\/331013","targetHints":{"allow":["GET"]}}],"collection":[{"href":"https:\/\/www.purejewels.com\/de\/wp-json\/wp\/v2\/product"}],"about":[{"href":"https:\/\/www.purejewels.com\/de\/wp-json\/wp\/v2\/types\/product"}],"replies":[{"embeddable":true,"href":"https:\/\/www.purejewels.com\/de\/wp-json\/wp\/v2\/comments?post=331013"}],"version-history":[{"count":0,"href":"https:\/\/www.purejewels.com\/de\/wp-json\/wp\/v2\/product\/331013\/revisions"}],"wp:featuredmedia":[{"embeddable":true,"href":"https:\/\/www.purejewels.com\/de\/wp-json\/wp\/v2\/media\/327321"}],"wp:attachment":[{"href":"https:\/\/www.purejewels.com\/de\/wp-json\/wp\/v2\/media?parent=331013"}],"wp:term":[{"taxonomy":"product_brand","embeddable":true,"href":"https:\/\/www.purejewels.com\/de\/wp-json\/wp\/v2\/product_brand?post=331013"},{"taxonomy":"product_cat","embeddable":true,"href":"https:\/\/www.purejewels.com\/de\/wp-json\/wp\/v2\/product_cat?post=331013"},{"taxonomy":"product_tag","embeddable":true,"href":"https:\/\/www.purejewels.com\/de\/wp-json\/wp\/v2\/product_tag?post=331013"}],"curies":[{"name":"wp","href":"https:\/\/api.w.org\/{rel}","templated":true}]}}